{"id":1031,"date":"2019-12-12T09:48:13","date_gmt":"2019-12-12T09:48:13","guid":{"rendered":"https:\/\/integra-metering.com\/about-us\/"},"modified":"2026-04-20T11:39:24","modified_gmt":"2026-04-20T11:39:24","slug":"histoire-et-valeurs","status":"publish","type":"page","link":"https:\/\/ch.integra-metering.com\/fr\/histoire-et-valeurs\/","title":{"rendered":"Histoire et valeurs"},"content":{"rendered":"\n<p>L&rsquo;histoire d&rsquo;INTEGRA Metering remonte \u00e0 1928 lorsque la &lsquo;Wasserz\u00e4hlerfabrik&rsquo; (Fabrique de compteurs d&rsquo;eau) a \u00e9t\u00e9 fond\u00e9e \u00e0 B\u00e2le en Suisse sous le nom d&rsquo;Aquametro. Depuis, nous continuons d&rsquo;acqu\u00e9rir des connaissances, de l&rsquo;expertise et de l&rsquo;exp\u00e9rience dans le domaine de l&rsquo;eau et de l&rsquo;\u00e9nergie thermique tout en construisant notre r\u00e9putation \u00e0 l&rsquo;\u00e9chelle mondiale avec 5 bureaux internationaux en Europe, au Moyen-Orient et en Asie. <\/p>\n\n\n\n<p>Aquametro appartient au groupe INTEGRA Metering, qui appartient \u00e0 son tour \u00e0 INTEGRA Holding. INTEGRA Holding est une holding financi\u00e8re suisse qui d\u00e9tient des participations dans des entreprises ayant des orientations diff\u00e9rentes sur le march\u00e9 en Suisse et \u00e0 l&rsquo;\u00e9tranger.<\/p>\n\n\n\n<div style=\"height:80px\" aria-hidden=\"true\" class=\"wp-block-spacer\"><\/div>\n\n\n\n<h2 class=\"wp-block-heading\">Notre histoire<\/h2>\n\n\n\n<figure class=\"wp-block-table\"><table><tbody><tr><td>1928<\/td><td>Adolf Gutzwiller cr\u00e9e la Wasserz\u00e4hlerfabrik Basel, rebaptis\u00e9e peu apr\u00e8s Aquametro Ltd. <\/td><\/tr><tr><td>1928 &#8211; 1937<\/td><td>Localisation dans la Gasstrasse \u00e0 B\u00e2le<\/td><\/tr><tr><td>1938 &#8211; 1989<\/td><td>Localisation dans la Murbacherstrasse \u00e0 B\u00e2le <\/td><\/tr><tr><td>1964<\/td><td>Inauguration des nouveaux locaux de production \u00e0 Therwil (BL) <\/td><\/tr><tr><td>1972<\/td><td>Aquametro Belgium s.p.r.l., notre premi\u00e8re filiale \u00e0 l&rsquo;international, est fond\u00e9e \u00e0 Bruxelles <\/td><\/tr><tr><td>1986<\/td><td>Le centre de test d&rsquo;Aquametro est accr\u00e9dit\u00e9 en tant que laboratoire de v\u00e9rification suisse autoris\u00e9 <\/td><\/tr><tr><td>1988<\/td><td>Notre deuxi\u00e8me filiale, Aquametro Messtechnik GmbH, est fond\u00e9e en Allemagne<\/td><\/tr><tr><td>1993<\/td><td>ISO 9001 &#8211; Certification initiale pour Aquametro <\/td><\/tr><tr><td>1993<\/td><td>Cr\u00e9ation de la branche AQUAMETRO Messtechnik GmbH \u00e0 Br\u00eame<\/td><\/tr><tr><td>1997<\/td><td>Accr\u00e9ditation du centre de test selon la norme EN45000 (eau, chaleur, huile)<\/td><\/tr><tr><td>2004<\/td><td>Cr\u00e9ation du bureau de repr\u00e9sentation Aquametro \u00e0 Tokyo (Japon) <\/td><\/tr><tr><td>2007<\/td><td>Cr\u00e9ation d&rsquo;Aquametro Korea Ltd \u00e0 Busan (Cor\u00e9e)<\/td><\/tr><tr><td><\/td><td>Le bureau de repr\u00e9sentation Aquametro est fond\u00e9 \u00e0 Duba\u00ef (Emirats Arabes Unis) <\/td><\/tr><tr><td>2008<\/td><td>ISO 14001:2004 et OHSAS 18001:2007 &#8211; certification initiale<\/td><\/tr><tr><td>2009<\/td><td>Fondation d&rsquo;Aquametro (S.E.A.) Pte Ltd \u00e0 Singapour <\/td><\/tr><tr><td>2010<\/td><td>Fondation d&rsquo;Aquametro (China) Pte Ltd \u00e0 Shanghai <\/td><\/tr><tr><td>2012<\/td><td>Fondation d&rsquo;Aquametro ME JLT \u00e0 Duba\u00ef, aujourd&rsquo;hui INTEGRA Metering AG DMCC \u00e0 Duba\u00ef (Emirats Arabes Unis) <\/td><\/tr><tr><td>2013<\/td><td>Fondation d&rsquo;Aquametro Oil &amp; Marine GmbH \u00e0 Rostock, Allemagne <\/td><\/tr><tr><td>2016<\/td><td>Participation \u00e0 Yzatec SAS, une start-up fran\u00e7aise \u00e0 Toulouse <\/td><\/tr><tr><td>2017<\/td><td>S\u00e9paration des activit\u00e9s maritimes dans le nouveau groupe Aquametro Oil &amp; Marine <\/td><\/tr><tr><td><\/td><td>Fusion entre Aquametro Ltd. et Yzatec SAS pour devenir INTEGRA METERING AG <\/td><\/tr><tr><td><\/td><td>Cr\u00e9ation de la nouvelle filiale suisse Aquametro AG <\/td><\/tr><tr><td>2021<\/td><td>Transition de la certification OHSAS 18001 \u00e0 la certification ISO 45001<\/td><\/tr><tr><td>2023<\/td><td>Aquametro AG et bill24 AG deviennent INTEGRA Metering AG. <br>AQUAMETRO MESSTECHNIK GmbH devient INTEGRA Metering GmbH.<\/td><\/tr><tr><td>2024<\/td><td>Focus sur l&rsquo;\u00e9nergie thermique et le march\u00e9 de l&rsquo;eau dans la r\u00e9gion DACH, s\u00e9paration d&rsquo;IM Ultrasonic AG<\/td><\/tr><\/tbody><\/table><\/figure>\n\n\n\n<div style=\"height:80px\" aria-hidden=\"true\" class=\"wp-block-spacer\"><\/div>\n\n\n\n<div class=\"wp-block-columns is-layout-flex wp-container-core-columns-is-layout-1 wp-block-columns-is-layout-flex\">\n<div class=\"wp-block-column is-layout-flow wp-block-column-is-layout-flow\" style=\"flex-basis:20%\"><\/div>\n\n\n\n<div class=\"wp-block-column is-layout-flow wp-block-column-is-layout-flow\" style=\"flex-basis:60%\">\n<figure class=\"wp-block-embed is-type-video is-provider-youtube wp-block-embed-youtube wp-embed-aspect-16-9 wp-has-aspect-ratio\"><div class=\"wp-block-embed__wrapper\">\n<iframe loading=\"lazy\" title=\"Vid\u00e9o de pr\u00e9sentation | INTEGRA Metering\" width=\"500\" height=\"281\" src=\"https:\/\/www.youtube.com\/embed\/cqmQvWFuk1o?feature=oembed\" frameborder=\"0\" allow=\"accelerometer; autoplay; clipboard-write; encrypted-media; gyroscope; picture-in-picture; web-share\" referrerpolicy=\"strict-origin-when-cross-origin\" allowfullscreen><\/iframe>\n<\/div><\/figure>\n<\/div>\n\n\n\n<div class=\"wp-block-column is-layout-flow wp-block-column-is-layout-flow\" style=\"flex-basis:20%\"><\/div>\n<\/div>\n\n\n\n<!-- Block container# -->\n<section\n    id=\"air-block-media-multiblock_9399118c918f64e49702c7165f2826b8\"\n    class=\"air-block-media-multi air-block-media-multi--right\"\n    section-block-multi>\n    <!-- Description# -->\n    <div class=\"air-block-media-multi__description\">\n        <ul class=\"air-block-media-multi__description__list special\">\n                                            <li\n                    class='item special active theme-version-black'\n                                        block-multi-pick='0'\n                                        picked='0'\n                >\n                    Nos valeurs                <\/li>\n                                            <li\n                    class='item special  theme-version-black'\n                                        block-multi-pick='1'\n                                        picked='1'\n                >\n                    Mission                <\/li>\n                                            <li\n                    class='item special  theme-version-black'\n                                        block-multi-pick='2'\n                                        picked='2'\n                >\n                    Vision                <\/li>\n                    <\/ul>\n        <div class=\"air-block-media-multi__description__content\">\n                                            <div\n                    class='item active'\n                    picked='0'\n                >\n                                <p><strong>Int\u00e9grit\u00e9<\/strong> &#8211; Chez INTEGRA Metering, nous accordons une grande importance au respect, \u00e0 la loyaut\u00e9, \u00e0 l&rsquo;honn\u00eatet\u00e9 et \u00e0 la reconnaissance. Nous croyons au travail d&rsquo;\u00e9quipe caract\u00e9ris\u00e9 par la confiance, la solidarit\u00e9 et la fiabilit\u00e9.<\/p>\n<p><strong>Passion<\/strong> &#8211; Nous travaillons en \u00e9quipe avec nos partenaires commerciaux pour servir nos clients de la meilleure mani\u00e8re professionnelle. Nous nous engageons \u00e0 concentrer nos activit\u00e9s quotidiennes sur des objectifs communs avec joie, d\u00e9termination et d\u00e9termination.<\/p>\n<p><strong>Excellence<\/strong> &#8211; Nous accordons une attention particuli\u00e8re \u00e0 la qualit\u00e9, au succ\u00e8s et \u00e0 l&rsquo;am\u00e9lioration continue.<\/p>\n<p><strong>Inspiration<\/strong> &#8211; Nous valorisons la cr\u00e9ativit\u00e9, l&rsquo;innovation et l&rsquo;ouverture d&rsquo;esprit pour trouver des solutions intelligentes.<\/p>\n<p><strong>Esprit d&rsquo;entreprise<\/strong> &#8211; Nous privil\u00e9gions constamment l&rsquo;esprit de leadership, le courage, l&rsquo;agilit\u00e9, la responsabilit\u00e9, la conscience des risques et l&rsquo;humilit\u00e9.<\/p>\n                                <\/div>\n                                            <div\n                    class='item '\n                    picked='1'\n                >\n                                <p>Nous fournissons \u00e0 nos clients la technologie, les solutions et les services n\u00e9cessaires pour g\u00e9rer leurs syst\u00e8mes de comptage d&rsquo;eau et d&rsquo;\u00e9nergie thermique de mani\u00e8re fiable et rentable, accro\u00eetre leurs b\u00e9n\u00e9fices et assurer la conservation des ressources dans le contexte du d\u00e9veloppement durable.<\/p>\n                                <\/div>\n                                            <div\n                    class='item '\n                    picked='2'\n                >\n                                <p>Des solutions et des services sur mesure pour nos clients &#8211; \u00e0 l&rsquo;\u00e8re num\u00e9rique d&rsquo;aujourd&rsquo;hui et de demain &#8211; dans le domaine du comptage de l&rsquo;eau et de l&rsquo;\u00e9nergie thermique.<\/p>\n                                <\/div>\n                    <\/div>\n    <\/div>\n    <!-- #Description -->\n    <!-- Figure# -->\n    <div class=\"air-block-media-multi__figure-container\">\n                                            <figure class='air-block-media-multi__figure active'\n                    picked='0' >\n                    <img\n                        src='https:\/\/ch.integra-metering.com\/wp-content\/uploads\/sites\/4\/2020\/03\/Code-of-Conduct_FR_Page_03.png'\n                        data-object-fit=\"contain\"\n                        alt=\"\"\n                    \/>\n            <\/figure>\n                                            <figure class='air-block-media-multi__figure '\n                    picked='1' >\n                    <img\n                        src='https:\/\/ch.integra-metering.com\/wp-content\/uploads\/sites\/4\/2020\/03\/Websites-Hero-Format_Mission.png'\n                        data-object-fit=\"contain\"\n                        alt=\"\"\n                    \/>\n            <\/figure>\n                                            <figure class='air-block-media-multi__figure '\n                    picked='2' >\n                    <img\n                        src='https:\/\/ch.integra-metering.com\/wp-content\/uploads\/sites\/4\/2020\/03\/Websites_Environment.png'\n                        data-object-fit=\"contain\"\n                        alt=\"\"\n                    \/>\n            <\/figure>\n            <\/div>\n    <!-- #Figure -->\n<\/section>\n<!-- Block container# -->\n","protected":false},"excerpt":{"rendered":"<p>L&rsquo;histoire d&rsquo;INTEGRA Metering remonte \u00e0 1928 lorsque la &lsquo;Wasserz\u00e4hlerfabrik&rsquo; (Fabrique de compteurs d&rsquo;eau) a \u00e9t\u00e9 fond\u00e9e \u00e0 B\u00e2le en Suisse sous le nom d&rsquo;Aquametro. Depuis, nous continuons d&rsquo;acqu\u00e9rir des connaissances, de l&rsquo;expertise et de l&rsquo;exp\u00e9rience dans le domaine de l&rsquo;eau et de l&rsquo;\u00e9nergie thermique tout en construisant notre r\u00e9putation \u00e0 l&rsquo;\u00e9chelle mondiale avec 5 bureaux [&hellip;]<\/p>\n","protected":false},"author":1,"featured_media":0,"parent":0,"menu_order":0,"comment_status":"closed","ping_status":"closed","template":"","meta":{"_acf_changed":false,"_monsterinsights_skip_tracking":false,"_monsterinsights_sitenote_active":false,"_monsterinsights_sitenote_note":"","_monsterinsights_sitenote_category":0,"footnotes":""},"class_list":["post-1031","page","type-page","status-publish","hentry"],"acf":[],"yoast_head":"<!-- This site is optimized with the Yoast SEO plugin v24.5 - https:\/\/yoast.com\/wordpress\/plugins\/seo\/ -->\n<title>Histoire et valeurs | INTEGRA Metering AG<\/title>\n<meta name=\"robots\" content=\"index, follow, max-snippet:-1, max-image-preview:large, max-video-preview:-1\" \/>\n<link rel=\"canonical\" href=\"https:\/\/ch.integra-metering.com\/fr\/histoire-et-valeurs\/\" \/>\n<meta property=\"og:locale\" content=\"fr_FR\" \/>\n<meta property=\"og:type\" content=\"article\" \/>\n<meta property=\"og:title\" content=\"Histoire et valeurs | INTEGRA Metering AG\" \/>\n<meta property=\"og:description\" content=\"L&rsquo;histoire d&rsquo;INTEGRA Metering remonte \u00e0 1928 lorsque la &lsquo;Wasserz\u00e4hlerfabrik&rsquo; (Fabrique de compteurs d&rsquo;eau) a \u00e9t\u00e9 fond\u00e9e \u00e0 B\u00e2le en Suisse sous le nom d&rsquo;Aquametro. Depuis, nous continuons d&rsquo;acqu\u00e9rir des connaissances, de l&rsquo;expertise et de l&rsquo;exp\u00e9rience dans le domaine de l&rsquo;eau et de l&rsquo;\u00e9nergie thermique tout en construisant notre r\u00e9putation \u00e0 l&rsquo;\u00e9chelle mondiale avec 5 bureaux [&hellip;]\" \/>\n<meta property=\"og:url\" content=\"https:\/\/ch.integra-metering.com\/fr\/histoire-et-valeurs\/\" \/>\n<meta property=\"og:site_name\" content=\"INTEGRA Metering AG\" \/>\n<meta property=\"article:modified_time\" content=\"2026-04-20T11:39:24+00:00\" \/>\n<meta name=\"twitter:card\" content=\"summary_large_image\" \/>\n<meta name=\"twitter:label1\" content=\"Dur\u00e9e de lecture estim\u00e9e\" \/>\n\t<meta name=\"twitter:data1\" content=\"2 minutes\" \/>\n<script type=\"application\/ld+json\" class=\"yoast-schema-graph\">{\"@context\":\"https:\/\/schema.org\",\"@graph\":[{\"@type\":\"WebPage\",\"@id\":\"https:\/\/ch.integra-metering.com\/fr\/histoire-et-valeurs\/\",\"url\":\"https:\/\/ch.integra-metering.com\/fr\/histoire-et-valeurs\/\",\"name\":\"Histoire et valeurs | INTEGRA Metering AG\",\"isPartOf\":{\"@id\":\"https:\/\/ch.integra-metering.com\/#website\"},\"datePublished\":\"2019-12-12T09:48:13+00:00\",\"dateModified\":\"2026-04-20T11:39:24+00:00\",\"breadcrumb\":{\"@id\":\"https:\/\/ch.integra-metering.com\/fr\/histoire-et-valeurs\/#breadcrumb\"},\"inLanguage\":\"fr-FR\",\"potentialAction\":[{\"@type\":\"ReadAction\",\"target\":[\"https:\/\/ch.integra-metering.com\/fr\/histoire-et-valeurs\/\"]}]},{\"@type\":\"BreadcrumbList\",\"@id\":\"https:\/\/ch.integra-metering.com\/fr\/histoire-et-valeurs\/#breadcrumb\",\"itemListElement\":[{\"@type\":\"ListItem\",\"position\":1,\"name\":\"Home\",\"item\":\"https:\/\/ch.integra-metering.com\/fr\/\"},{\"@type\":\"ListItem\",\"position\":2,\"name\":\"Histoire et valeurs\"}]},{\"@type\":\"WebSite\",\"@id\":\"https:\/\/ch.integra-metering.com\/#website\",\"url\":\"https:\/\/ch.integra-metering.com\/\",\"name\":\"INTEGRA Metering AG\",\"description\":\"Herzlich willkommen auf der neuen Aquametro Homepage | Bienvenue sur le site Aquametro Suisse\",\"publisher\":{\"@id\":\"https:\/\/ch.integra-metering.com\/#organization\"},\"potentialAction\":[{\"@type\":\"SearchAction\",\"target\":{\"@type\":\"EntryPoint\",\"urlTemplate\":\"https:\/\/ch.integra-metering.com\/?s={search_term_string}\"},\"query-input\":{\"@type\":\"PropertyValueSpecification\",\"valueRequired\":true,\"valueName\":\"search_term_string\"}}],\"inLanguage\":\"fr-FR\"},{\"@type\":\"Organization\",\"@id\":\"https:\/\/ch.integra-metering.com\/#organization\",\"name\":\"INTEGRA Metering AG\",\"url\":\"https:\/\/ch.integra-metering.com\/\",\"logo\":{\"@type\":\"ImageObject\",\"inLanguage\":\"fr-FR\",\"@id\":\"https:\/\/ch.integra-metering.com\/#\/schema\/logo\/image\/\",\"url\":\"https:\/\/ch.integra-metering.com\/wp-content\/uploads\/sites\/4\/2019\/11\/integra-logo-dark.svg\",\"contentUrl\":\"https:\/\/ch.integra-metering.com\/wp-content\/uploads\/sites\/4\/2019\/11\/integra-logo-dark.svg\",\"width\":1,\"height\":1,\"caption\":\"INTEGRA Metering AG\"},\"image\":{\"@id\":\"https:\/\/ch.integra-metering.com\/#\/schema\/logo\/image\/\"},\"sameAs\":[\"https:\/\/ch.linkedin.com\/company\/aquametro-ag\"]}]}<\/script>\n<!-- \/ Yoast SEO plugin. -->","yoast_head_json":{"title":"Histoire et valeurs | INTEGRA Metering AG","robots":{"index":"index","follow":"follow","max-snippet":"max-snippet:-1","max-image-preview":"max-image-preview:large","max-video-preview":"max-video-preview:-1"},"canonical":"https:\/\/ch.integra-metering.com\/fr\/histoire-et-valeurs\/","og_locale":"fr_FR","og_type":"article","og_title":"Histoire et valeurs | INTEGRA Metering AG","og_description":"L&rsquo;histoire d&rsquo;INTEGRA Metering remonte \u00e0 1928 lorsque la &lsquo;Wasserz\u00e4hlerfabrik&rsquo; (Fabrique de compteurs d&rsquo;eau) a \u00e9t\u00e9 fond\u00e9e \u00e0 B\u00e2le en Suisse sous le nom d&rsquo;Aquametro. Depuis, nous continuons d&rsquo;acqu\u00e9rir des connaissances, de l&rsquo;expertise et de l&rsquo;exp\u00e9rience dans le domaine de l&rsquo;eau et de l&rsquo;\u00e9nergie thermique tout en construisant notre r\u00e9putation \u00e0 l&rsquo;\u00e9chelle mondiale avec 5 bureaux [&hellip;]","og_url":"https:\/\/ch.integra-metering.com\/fr\/histoire-et-valeurs\/","og_site_name":"INTEGRA Metering AG","article_modified_time":"2026-04-20T11:39:24+00:00","twitter_card":"summary_large_image","twitter_misc":{"Dur\u00e9e de lecture estim\u00e9e":"2 minutes"},"schema":{"@context":"https:\/\/schema.org","@graph":[{"@type":"WebPage","@id":"https:\/\/ch.integra-metering.com\/fr\/histoire-et-valeurs\/","url":"https:\/\/ch.integra-metering.com\/fr\/histoire-et-valeurs\/","name":"Histoire et valeurs | INTEGRA Metering AG","isPartOf":{"@id":"https:\/\/ch.integra-metering.com\/#website"},"datePublished":"2019-12-12T09:48:13+00:00","dateModified":"2026-04-20T11:39:24+00:00","breadcrumb":{"@id":"https:\/\/ch.integra-metering.com\/fr\/histoire-et-valeurs\/#breadcrumb"},"inLanguage":"fr-FR","potentialAction":[{"@type":"ReadAction","target":["https:\/\/ch.integra-metering.com\/fr\/histoire-et-valeurs\/"]}]},{"@type":"BreadcrumbList","@id":"https:\/\/ch.integra-metering.com\/fr\/histoire-et-valeurs\/#breadcrumb","itemListElement":[{"@type":"ListItem","position":1,"name":"Home","item":"https:\/\/ch.integra-metering.com\/fr\/"},{"@type":"ListItem","position":2,"name":"Histoire et valeurs"}]},{"@type":"WebSite","@id":"https:\/\/ch.integra-metering.com\/#website","url":"https:\/\/ch.integra-metering.com\/","name":"INTEGRA Metering AG","description":"Herzlich willkommen auf der neuen Aquametro Homepage | Bienvenue sur le site Aquametro Suisse","publisher":{"@id":"https:\/\/ch.integra-metering.com\/#organization"},"potentialAction":[{"@type":"SearchAction","target":{"@type":"EntryPoint","urlTemplate":"https:\/\/ch.integra-metering.com\/?s={search_term_string}"},"query-input":{"@type":"PropertyValueSpecification","valueRequired":true,"valueName":"search_term_string"}}],"inLanguage":"fr-FR"},{"@type":"Organization","@id":"https:\/\/ch.integra-metering.com\/#organization","name":"INTEGRA Metering AG","url":"https:\/\/ch.integra-metering.com\/","logo":{"@type":"ImageObject","inLanguage":"fr-FR","@id":"https:\/\/ch.integra-metering.com\/#\/schema\/logo\/image\/","url":"https:\/\/ch.integra-metering.com\/wp-content\/uploads\/sites\/4\/2019\/11\/integra-logo-dark.svg","contentUrl":"https:\/\/ch.integra-metering.com\/wp-content\/uploads\/sites\/4\/2019\/11\/integra-logo-dark.svg","width":1,"height":1,"caption":"INTEGRA Metering AG"},"image":{"@id":"https:\/\/ch.integra-metering.com\/#\/schema\/logo\/image\/"},"sameAs":["https:\/\/ch.linkedin.com\/company\/aquametro-ag"]}]}},"_links":{"self":[{"href":"https:\/\/ch.integra-metering.com\/fr\/wp-json\/wp\/v2\/pages\/1031","targetHints":{"allow":["GET"]}}],"collection":[{"href":"https:\/\/ch.integra-metering.com\/fr\/wp-json\/wp\/v2\/pages"}],"about":[{"href":"https:\/\/ch.integra-metering.com\/fr\/wp-json\/wp\/v2\/types\/page"}],"author":[{"embeddable":true,"href":"https:\/\/ch.integra-metering.com\/fr\/wp-json\/wp\/v2\/users\/1"}],"replies":[{"embeddable":true,"href":"https:\/\/ch.integra-metering.com\/fr\/wp-json\/wp\/v2\/comments?post=1031"}],"version-history":[{"count":43,"href":"https:\/\/ch.integra-metering.com\/fr\/wp-json\/wp\/v2\/pages\/1031\/revisions"}],"predecessor-version":[{"id":8391,"href":"https:\/\/ch.integra-metering.com\/fr\/wp-json\/wp\/v2\/pages\/1031\/revisions\/8391"}],"wp:attachment":[{"href":"https:\/\/ch.integra-metering.com\/fr\/wp-json\/wp\/v2\/media?parent=1031"}],"curies":[{"name":"wp","href":"https:\/\/api.w.org\/{rel}","templated":true}]}}