{"id":1087,"date":"2019-10-28T16:50:53","date_gmt":"2019-10-28T16:50:53","guid":{"rendered":"https:\/\/integra-metering.com\/hotline\/"},"modified":"2024-03-04T16:05:48","modified_gmt":"2024-03-04T16:05:48","slug":"support","status":"publish","type":"page","link":"https:\/\/ch.integra-metering.com\/fr\/support\/","title":{"rendered":"Support FR"},"content":{"rendered":"\n<h2 class=\"wp-block-heading\">Planification de service \u2013 021 926 77 75<\/h2>\n\n\n\n<div class=\"wp-block-columns has-2-columns is-layout-flex wp-container-core-columns-is-layout-1 wp-block-columns-is-layout-flex\">\n<div class=\"wp-block-column is-layout-flow wp-block-column-is-layout-flow\">\n<p>Par le biais de la planification de service \u00e0 Vevey, nous clarifions toutes les questions li\u00e9es \u00e0 l&rsquo;intervention de nos techniciens de service :<\/p>\n\n\n\n<p> \u2022    Planification des techniciens de service<\/p>\n\n\n\n<p> \u2022    Planification de la mise en service<\/p>\n\n\n\n<p> \u2022    Planification des v\u00e9rifications et des visites de contr\u00f4le<\/p>\n\n\n\n<p> \u2022    Reports de rendez-vous \/ annulations<\/p>\n<\/div>\n\n\n\n<div class=\"wp-block-column is-layout-flow wp-block-column-is-layout-flow\">\n<!-- Block container# -->\n<div\n    id=\"air-text-suffixblock_dcc9f9bc0a5e7c0acf2abda2b87f1b99\"\n    class=\"air-text-suffix\"\n>\n    <p class=\"air-text-suffix__text special\">service.vevey@integra-metering.com<\/p>\n    <p class=\"air-text-suffix__suffix special\">Email<\/p>\n<\/div>\n<!-- #Block container -->\n<\/div>\n<\/div>\n\n\n\n<h2 class=\"wp-block-heading\">Service technique<\/h2>\n\n\n\n<div class=\"wp-block-columns has-2-columns is-layout-flex wp-container-core-columns-is-layout-2 wp-block-columns-is-layout-flex\">\n<div class=\"wp-block-column is-layout-flow wp-block-column-is-layout-flow\">\n<p>Par le biais du support technique, nous r\u00e9pondons aux questions li\u00e9es \u00e0 l&rsquo;utilisation de nos produits :<\/p>\n\n\n\n<p> \u2022    R\u00e9glages des compteurs, des calculateurs, des d\u00e9bitm\u00e8tres et des sondes de temp\u00e9rature<\/p>\n\n\n\n<p> \u2022    Assistance au d\u00e9pannage<\/p>\n<\/div>\n\n\n\n<div class=\"wp-block-column is-layout-flow wp-block-column-is-layout-flow\">\n<!-- Block container# -->\n<div\n    id=\"air-text-suffixblock_ebaea2f4d4ff0514e3829458a292aa7f\"\n    class=\"air-text-suffix\"\n>\n    <p class=\"air-text-suffix__text special\">tess.support@integra-metering.com<\/p>\n    <p class=\"air-text-suffix__suffix special\">Email<\/p>\n<\/div>\n<!-- #Block container -->\n<\/div>\n<\/div>\n\n\n\n<h2 class=\"wp-block-heading\">Support gestion des donn\u00e9es \u2013 061 725 15 89<\/h2>\n\n\n\n<div class=\"wp-block-columns has-2-columns is-layout-flex wp-container-core-columns-is-layout-3 wp-block-columns-is-layout-flex\">\n<div class=\"wp-block-column is-layout-flow wp-block-column-is-layout-flow\">\n<p>Par le biais de la gestion des donn\u00e9es, nous clarifions les questions li\u00e9es aux applications de relev\u00e9 de compteurs et de gestion des donn\u00e9es :<\/p>\n\n\n\n<p> \u2022    Utilisation des appareils et applications de communication Derago, easy reader et de la plateforme IoT<\/p>\n\n\n\n<p> \u2022    Assistance \u00e0 distance via TeamViewer et Quicksupport<\/p>\n<\/div>\n\n\n\n<div class=\"wp-block-column is-layout-flow wp-block-column-is-layout-flow\">\n<!-- Block container# -->\n<div\n    id=\"air-text-suffixblock_bb15b8cb5d987032775bd8cebac8bd2c\"\n    class=\"air-text-suffix\"\n>\n    <p class=\"air-text-suffix__text special\">dama.support@integra-metering.com<\/p>\n    <p class=\"air-text-suffix__suffix special\">Email<\/p>\n<\/div>\n<!-- #Block container -->\n<\/div>\n<\/div>\n","protected":false},"excerpt":{"rendered":"<p>Planification de service \u2013 021 926 77 75 Par le biais de la planification de service \u00e0 Vevey, nous clarifions toutes les questions li\u00e9es \u00e0 l&rsquo;intervention de nos techniciens de service : \u2022 Planification des techniciens de service \u2022 Planification de la mise en service \u2022 Planification des v\u00e9rifications et des visites de contr\u00f4le \u2022 [&hellip;]<\/p>\n","protected":false},"author":1,"featured_media":0,"parent":0,"menu_order":0,"comment_status":"closed","ping_status":"closed","template":"","meta":{"_acf_changed":false,"_monsterinsights_skip_tracking":false,"_monsterinsights_sitenote_active":false,"_monsterinsights_sitenote_note":"","_monsterinsights_sitenote_category":0,"footnotes":""},"class_list":["post-1087","page","type-page","status-publish","hentry"],"acf":[],"yoast_head":"<!-- This site is optimized with the Yoast SEO plugin v24.5 - https:\/\/yoast.com\/wordpress\/plugins\/seo\/ -->\n<title>Support FR | INTEGRA Metering AG<\/title>\n<meta name=\"robots\" content=\"index, follow, max-snippet:-1, max-image-preview:large, max-video-preview:-1\" \/>\n<link rel=\"canonical\" href=\"https:\/\/ch.integra-metering.com\/fr\/support\/\" \/>\n<meta property=\"og:locale\" content=\"fr_FR\" \/>\n<meta property=\"og:type\" content=\"article\" \/>\n<meta property=\"og:title\" content=\"Support FR | INTEGRA Metering AG\" \/>\n<meta property=\"og:description\" content=\"Planification de service \u2013 021 926 77 75 Par le biais de la planification de service \u00e0 Vevey, nous clarifions toutes les questions li\u00e9es \u00e0 l&rsquo;intervention de nos techniciens de service : \u2022 Planification des techniciens de service \u2022 Planification de la mise en service \u2022 Planification des v\u00e9rifications et des visites de contr\u00f4le \u2022 [&hellip;]\" \/>\n<meta property=\"og:url\" content=\"https:\/\/ch.integra-metering.com\/fr\/support\/\" \/>\n<meta property=\"og:site_name\" content=\"INTEGRA Metering AG\" \/>\n<meta property=\"article:modified_time\" content=\"2024-03-04T16:05:48+00:00\" \/>\n<meta name=\"twitter:card\" content=\"summary_large_image\" \/>\n<meta name=\"twitter:label1\" content=\"Dur\u00e9e de lecture estim\u00e9e\" \/>\n\t<meta name=\"twitter:data1\" content=\"1 minute\" \/>\n<script type=\"application\/ld+json\" class=\"yoast-schema-graph\">{\"@context\":\"https:\/\/schema.org\",\"@graph\":[{\"@type\":\"WebPage\",\"@id\":\"https:\/\/ch.integra-metering.com\/fr\/support\/\",\"url\":\"https:\/\/ch.integra-metering.com\/fr\/support\/\",\"name\":\"Support FR | INTEGRA Metering AG\",\"isPartOf\":{\"@id\":\"https:\/\/ch.integra-metering.com\/#website\"},\"datePublished\":\"2019-10-28T16:50:53+00:00\",\"dateModified\":\"2024-03-04T16:05:48+00:00\",\"breadcrumb\":{\"@id\":\"https:\/\/ch.integra-metering.com\/fr\/support\/#breadcrumb\"},\"inLanguage\":\"fr-FR\",\"potentialAction\":[{\"@type\":\"ReadAction\",\"target\":[\"https:\/\/ch.integra-metering.com\/fr\/support\/\"]}]},{\"@type\":\"BreadcrumbList\",\"@id\":\"https:\/\/ch.integra-metering.com\/fr\/support\/#breadcrumb\",\"itemListElement\":[{\"@type\":\"ListItem\",\"position\":1,\"name\":\"Home\",\"item\":\"https:\/\/ch.integra-metering.com\/fr\/\"},{\"@type\":\"ListItem\",\"position\":2,\"name\":\"Support FR\"}]},{\"@type\":\"WebSite\",\"@id\":\"https:\/\/ch.integra-metering.com\/#website\",\"url\":\"https:\/\/ch.integra-metering.com\/\",\"name\":\"INTEGRA Metering AG\",\"description\":\"Herzlich willkommen auf der neuen Aquametro Homepage | Bienvenue sur le site Aquametro Suisse\",\"publisher\":{\"@id\":\"https:\/\/ch.integra-metering.com\/#organization\"},\"potentialAction\":[{\"@type\":\"SearchAction\",\"target\":{\"@type\":\"EntryPoint\",\"urlTemplate\":\"https:\/\/ch.integra-metering.com\/?s={search_term_string}\"},\"query-input\":{\"@type\":\"PropertyValueSpecification\",\"valueRequired\":true,\"valueName\":\"search_term_string\"}}],\"inLanguage\":\"fr-FR\"},{\"@type\":\"Organization\",\"@id\":\"https:\/\/ch.integra-metering.com\/#organization\",\"name\":\"INTEGRA Metering AG\",\"url\":\"https:\/\/ch.integra-metering.com\/\",\"logo\":{\"@type\":\"ImageObject\",\"inLanguage\":\"fr-FR\",\"@id\":\"https:\/\/ch.integra-metering.com\/#\/schema\/logo\/image\/\",\"url\":\"https:\/\/ch.integra-metering.com\/wp-content\/uploads\/sites\/4\/2019\/11\/integra-logo-dark.svg\",\"contentUrl\":\"https:\/\/ch.integra-metering.com\/wp-content\/uploads\/sites\/4\/2019\/11\/integra-logo-dark.svg\",\"width\":1,\"height\":1,\"caption\":\"INTEGRA Metering AG\"},\"image\":{\"@id\":\"https:\/\/ch.integra-metering.com\/#\/schema\/logo\/image\/\"},\"sameAs\":[\"https:\/\/ch.linkedin.com\/company\/aquametro-ag\"]}]}<\/script>\n<!-- \/ Yoast SEO plugin. -->","yoast_head_json":{"title":"Support FR | INTEGRA Metering AG","robots":{"index":"index","follow":"follow","max-snippet":"max-snippet:-1","max-image-preview":"max-image-preview:large","max-video-preview":"max-video-preview:-1"},"canonical":"https:\/\/ch.integra-metering.com\/fr\/support\/","og_locale":"fr_FR","og_type":"article","og_title":"Support FR | INTEGRA Metering AG","og_description":"Planification de service \u2013 021 926 77 75 Par le biais de la planification de service \u00e0 Vevey, nous clarifions toutes les questions li\u00e9es \u00e0 l&rsquo;intervention de nos techniciens de service : \u2022 Planification des techniciens de service \u2022 Planification de la mise en service \u2022 Planification des v\u00e9rifications et des visites de contr\u00f4le \u2022 [&hellip;]","og_url":"https:\/\/ch.integra-metering.com\/fr\/support\/","og_site_name":"INTEGRA Metering AG","article_modified_time":"2024-03-04T16:05:48+00:00","twitter_card":"summary_large_image","twitter_misc":{"Dur\u00e9e de lecture estim\u00e9e":"1 minute"},"schema":{"@context":"https:\/\/schema.org","@graph":[{"@type":"WebPage","@id":"https:\/\/ch.integra-metering.com\/fr\/support\/","url":"https:\/\/ch.integra-metering.com\/fr\/support\/","name":"Support FR | INTEGRA Metering AG","isPartOf":{"@id":"https:\/\/ch.integra-metering.com\/#website"},"datePublished":"2019-10-28T16:50:53+00:00","dateModified":"2024-03-04T16:05:48+00:00","breadcrumb":{"@id":"https:\/\/ch.integra-metering.com\/fr\/support\/#breadcrumb"},"inLanguage":"fr-FR","potentialAction":[{"@type":"ReadAction","target":["https:\/\/ch.integra-metering.com\/fr\/support\/"]}]},{"@type":"BreadcrumbList","@id":"https:\/\/ch.integra-metering.com\/fr\/support\/#breadcrumb","itemListElement":[{"@type":"ListItem","position":1,"name":"Home","item":"https:\/\/ch.integra-metering.com\/fr\/"},{"@type":"ListItem","position":2,"name":"Support FR"}]},{"@type":"WebSite","@id":"https:\/\/ch.integra-metering.com\/#website","url":"https:\/\/ch.integra-metering.com\/","name":"INTEGRA Metering AG","description":"Herzlich willkommen auf der neuen Aquametro Homepage | Bienvenue sur le site Aquametro Suisse","publisher":{"@id":"https:\/\/ch.integra-metering.com\/#organization"},"potentialAction":[{"@type":"SearchAction","target":{"@type":"EntryPoint","urlTemplate":"https:\/\/ch.integra-metering.com\/?s={search_term_string}"},"query-input":{"@type":"PropertyValueSpecification","valueRequired":true,"valueName":"search_term_string"}}],"inLanguage":"fr-FR"},{"@type":"Organization","@id":"https:\/\/ch.integra-metering.com\/#organization","name":"INTEGRA Metering AG","url":"https:\/\/ch.integra-metering.com\/","logo":{"@type":"ImageObject","inLanguage":"fr-FR","@id":"https:\/\/ch.integra-metering.com\/#\/schema\/logo\/image\/","url":"https:\/\/ch.integra-metering.com\/wp-content\/uploads\/sites\/4\/2019\/11\/integra-logo-dark.svg","contentUrl":"https:\/\/ch.integra-metering.com\/wp-content\/uploads\/sites\/4\/2019\/11\/integra-logo-dark.svg","width":1,"height":1,"caption":"INTEGRA Metering AG"},"image":{"@id":"https:\/\/ch.integra-metering.com\/#\/schema\/logo\/image\/"},"sameAs":["https:\/\/ch.linkedin.com\/company\/aquametro-ag"]}]}},"_links":{"self":[{"href":"https:\/\/ch.integra-metering.com\/fr\/wp-json\/wp\/v2\/pages\/1087","targetHints":{"allow":["GET"]}}],"collection":[{"href":"https:\/\/ch.integra-metering.com\/fr\/wp-json\/wp\/v2\/pages"}],"about":[{"href":"https:\/\/ch.integra-metering.com\/fr\/wp-json\/wp\/v2\/types\/page"}],"author":[{"embeddable":true,"href":"https:\/\/ch.integra-metering.com\/fr\/wp-json\/wp\/v2\/users\/1"}],"replies":[{"embeddable":true,"href":"https:\/\/ch.integra-metering.com\/fr\/wp-json\/wp\/v2\/comments?post=1087"}],"version-history":[{"count":60,"href":"https:\/\/ch.integra-metering.com\/fr\/wp-json\/wp\/v2\/pages\/1087\/revisions"}],"predecessor-version":[{"id":7322,"href":"https:\/\/ch.integra-metering.com\/fr\/wp-json\/wp\/v2\/pages\/1087\/revisions\/7322"}],"wp:attachment":[{"href":"https:\/\/ch.integra-metering.com\/fr\/wp-json\/wp\/v2\/media?parent=1087"}],"curies":[{"name":"wp","href":"https:\/\/api.w.org\/{rel}","templated":true}]}}