{"id":1526,"date":"2020-01-22T22:40:41","date_gmt":"2020-01-22T22:40:41","guid":{"rendered":"https:\/\/integra-metering.com\/?page_id=1526"},"modified":"2024-09-23T09:57:43","modified_gmt":"2024-09-23T09:57:43","slug":"impressum","status":"publish","type":"page","link":"https:\/\/ch.integra-metering.com\/fr\/impressum\/","title":{"rendered":"Impressum"},"content":{"rendered":"\n<h3 class=\"wp-block-heading\">INTEGRA Metering AG<br>Ringstrasse 75,<br>4106 Therwil, Schweiz<\/h3>\n\n\n\n<p>Contact<\/p>\n\n\n\n<p>Tel. +41 61 725 11 22<br>info.ch@integra-metering.com<br><a href=\"https:\/\/ch.integra-metering.com\/fr\">ch.integra-metering.com\/fr<br><\/a> <br> <\/p>\n\n\n\n<p>USt-IdNr\u200e: \u200e\u00a0\u00a0\u00a0\u00a0\u00a0\u00a0\u00a0\u00a0\u00a0\u00a0\u00a0\u00a0 \u00a0CHE-459.069.835<\/p>\n\n\n\n<p>Avis de droit d&rsquo;auteur<\/p>\n\n\n\n<p>Le contenu et la pr\u00e9sentation des pages Internet d&rsquo;INTEGRA Metering AG\/SA sont prot\u00e9g\u00e9s dans le monde entier. La duplication, la transmission ou l&rsquo;utilisation est interdite sans autorisation, m\u00eame sous forme d&rsquo;extraits. Les photos que nous utilisons ne peuvent pas \u00eatre utilis\u00e9es sans autorisation explicite. Tous les droits &#8211; y compris les demandes de droits de propri\u00e9t\u00e9 &#8211; sont r\u00e9serv\u00e9s.<\/p>\n\n\n\n<p>Note g\u00e9n\u00e9rale<\/p>\n\n\n\n<p>Nous ne sommes pas responsables du contenu, des dommages \u00e9ventuels ou des violations de la loi pour les adresses li\u00e9es sur notre site web. L&rsquo;utilisation de ces liens se fait aux risques et p\u00e9rils de l&rsquo;utilisateur.<\/p>\n\n\n\n<p>Copyright\nnotice<\/p>\n\n\n\n<p>The content and presentation of the web pages belonging to INTEGRA Metering AG\/SA are protected worldwide. Copying, issuing to other parties or any kind of use, in whole or in part, is prohibited without prior permission. Photos used by us may not be re-used without our explicit approval. All rights \u2013 including applications for industrial property rights \u2013 are reserved.<\/p>\n\n\n\n<p>General\nnotice<\/p>\n\n\n\n<p>We\nare not liable for the content of web pages for which links are provided on our\nwebsite, nor for any damage or legal infringements associated with these pages.\nThe use of these links is at the user\u2019s own risk.<\/p>\n","protected":false},"excerpt":{"rendered":"<p>INTEGRA Metering AGRingstrasse 75,4106 Therwil, Schweiz Contact Tel. +41 61 725 11 22info.ch@integra-metering.comch.integra-metering.com\/fr USt-IdNr\u200e: \u200e\u00a0\u00a0\u00a0\u00a0\u00a0\u00a0\u00a0\u00a0\u00a0\u00a0\u00a0\u00a0 \u00a0CHE-459.069.835 Avis de droit d&rsquo;auteur Le contenu et la pr\u00e9sentation des pages Internet d&rsquo;INTEGRA Metering AG\/SA sont prot\u00e9g\u00e9s dans le monde entier. La duplication, la transmission ou l&rsquo;utilisation est interdite sans autorisation, m\u00eame sous forme d&rsquo;extraits. Les photos que nous [&hellip;]<\/p>\n","protected":false},"author":16,"featured_media":0,"parent":0,"menu_order":0,"comment_status":"closed","ping_status":"closed","template":"","meta":{"_acf_changed":false,"_monsterinsights_skip_tracking":false,"_monsterinsights_sitenote_active":false,"_monsterinsights_sitenote_note":"","_monsterinsights_sitenote_category":0,"footnotes":""},"class_list":["post-1526","page","type-page","status-publish","hentry"],"acf":[],"yoast_head":"<!-- This site is optimized with the Yoast SEO plugin v24.5 - https:\/\/yoast.com\/wordpress\/plugins\/seo\/ -->\n<title>Impressum | INTEGRA Metering AG<\/title>\n<meta name=\"robots\" content=\"index, follow, max-snippet:-1, max-image-preview:large, max-video-preview:-1\" \/>\n<link rel=\"canonical\" href=\"https:\/\/ch.integra-metering.com\/fr\/impressum\/\" \/>\n<meta property=\"og:locale\" content=\"fr_FR\" \/>\n<meta property=\"og:type\" content=\"article\" \/>\n<meta property=\"og:title\" content=\"Impressum | INTEGRA Metering AG\" \/>\n<meta property=\"og:description\" content=\"INTEGRA Metering AGRingstrasse 75,4106 Therwil, Schweiz Contact Tel. +41 61 725 11 22info.ch@integra-metering.comch.integra-metering.com\/fr USt-IdNr\u200e: \u200e\u00a0\u00a0\u00a0\u00a0\u00a0\u00a0\u00a0\u00a0\u00a0\u00a0\u00a0\u00a0 \u00a0CHE-459.069.835 Avis de droit d&rsquo;auteur Le contenu et la pr\u00e9sentation des pages Internet d&rsquo;INTEGRA Metering AG\/SA sont prot\u00e9g\u00e9s dans le monde entier. La duplication, la transmission ou l&rsquo;utilisation est interdite sans autorisation, m\u00eame sous forme d&rsquo;extraits. Les photos que nous [&hellip;]\" \/>\n<meta property=\"og:url\" content=\"https:\/\/ch.integra-metering.com\/fr\/impressum\/\" \/>\n<meta property=\"og:site_name\" content=\"INTEGRA Metering AG\" \/>\n<meta property=\"article:modified_time\" content=\"2024-09-23T09:57:43+00:00\" \/>\n<meta name=\"twitter:card\" content=\"summary_large_image\" \/>\n<meta name=\"twitter:label1\" content=\"Dur\u00e9e de lecture estim\u00e9e\" \/>\n\t<meta name=\"twitter:data1\" content=\"1 minute\" \/>\n<script type=\"application\/ld+json\" class=\"yoast-schema-graph\">{\"@context\":\"https:\/\/schema.org\",\"@graph\":[{\"@type\":\"WebPage\",\"@id\":\"https:\/\/ch.integra-metering.com\/fr\/impressum\/\",\"url\":\"https:\/\/ch.integra-metering.com\/fr\/impressum\/\",\"name\":\"Impressum | INTEGRA Metering AG\",\"isPartOf\":{\"@id\":\"https:\/\/ch.integra-metering.com\/#website\"},\"datePublished\":\"2020-01-22T22:40:41+00:00\",\"dateModified\":\"2024-09-23T09:57:43+00:00\",\"breadcrumb\":{\"@id\":\"https:\/\/ch.integra-metering.com\/fr\/impressum\/#breadcrumb\"},\"inLanguage\":\"fr-FR\",\"potentialAction\":[{\"@type\":\"ReadAction\",\"target\":[\"https:\/\/ch.integra-metering.com\/fr\/impressum\/\"]}]},{\"@type\":\"BreadcrumbList\",\"@id\":\"https:\/\/ch.integra-metering.com\/fr\/impressum\/#breadcrumb\",\"itemListElement\":[{\"@type\":\"ListItem\",\"position\":1,\"name\":\"Home\",\"item\":\"https:\/\/ch.integra-metering.com\/fr\/\"},{\"@type\":\"ListItem\",\"position\":2,\"name\":\"Impressum\"}]},{\"@type\":\"WebSite\",\"@id\":\"https:\/\/ch.integra-metering.com\/#website\",\"url\":\"https:\/\/ch.integra-metering.com\/\",\"name\":\"INTEGRA Metering AG\",\"description\":\"Herzlich willkommen auf der neuen Aquametro Homepage | Bienvenue sur le site Aquametro Suisse\",\"publisher\":{\"@id\":\"https:\/\/ch.integra-metering.com\/#organization\"},\"potentialAction\":[{\"@type\":\"SearchAction\",\"target\":{\"@type\":\"EntryPoint\",\"urlTemplate\":\"https:\/\/ch.integra-metering.com\/?s={search_term_string}\"},\"query-input\":{\"@type\":\"PropertyValueSpecification\",\"valueRequired\":true,\"valueName\":\"search_term_string\"}}],\"inLanguage\":\"fr-FR\"},{\"@type\":\"Organization\",\"@id\":\"https:\/\/ch.integra-metering.com\/#organization\",\"name\":\"INTEGRA Metering AG\",\"url\":\"https:\/\/ch.integra-metering.com\/\",\"logo\":{\"@type\":\"ImageObject\",\"inLanguage\":\"fr-FR\",\"@id\":\"https:\/\/ch.integra-metering.com\/#\/schema\/logo\/image\/\",\"url\":\"https:\/\/ch.integra-metering.com\/wp-content\/uploads\/sites\/4\/2019\/11\/integra-logo-dark.svg\",\"contentUrl\":\"https:\/\/ch.integra-metering.com\/wp-content\/uploads\/sites\/4\/2019\/11\/integra-logo-dark.svg\",\"width\":1,\"height\":1,\"caption\":\"INTEGRA Metering AG\"},\"image\":{\"@id\":\"https:\/\/ch.integra-metering.com\/#\/schema\/logo\/image\/\"},\"sameAs\":[\"https:\/\/ch.linkedin.com\/company\/aquametro-ag\"]}]}<\/script>\n<!-- \/ Yoast SEO plugin. -->","yoast_head_json":{"title":"Impressum | INTEGRA Metering AG","robots":{"index":"index","follow":"follow","max-snippet":"max-snippet:-1","max-image-preview":"max-image-preview:large","max-video-preview":"max-video-preview:-1"},"canonical":"https:\/\/ch.integra-metering.com\/fr\/impressum\/","og_locale":"fr_FR","og_type":"article","og_title":"Impressum | INTEGRA Metering AG","og_description":"INTEGRA Metering AGRingstrasse 75,4106 Therwil, Schweiz Contact Tel. +41 61 725 11 22info.ch@integra-metering.comch.integra-metering.com\/fr USt-IdNr\u200e: \u200e\u00a0\u00a0\u00a0\u00a0\u00a0\u00a0\u00a0\u00a0\u00a0\u00a0\u00a0\u00a0 \u00a0CHE-459.069.835 Avis de droit d&rsquo;auteur Le contenu et la pr\u00e9sentation des pages Internet d&rsquo;INTEGRA Metering AG\/SA sont prot\u00e9g\u00e9s dans le monde entier. La duplication, la transmission ou l&rsquo;utilisation est interdite sans autorisation, m\u00eame sous forme d&rsquo;extraits. Les photos que nous [&hellip;]","og_url":"https:\/\/ch.integra-metering.com\/fr\/impressum\/","og_site_name":"INTEGRA Metering AG","article_modified_time":"2024-09-23T09:57:43+00:00","twitter_card":"summary_large_image","twitter_misc":{"Dur\u00e9e de lecture estim\u00e9e":"1 minute"},"schema":{"@context":"https:\/\/schema.org","@graph":[{"@type":"WebPage","@id":"https:\/\/ch.integra-metering.com\/fr\/impressum\/","url":"https:\/\/ch.integra-metering.com\/fr\/impressum\/","name":"Impressum | INTEGRA Metering AG","isPartOf":{"@id":"https:\/\/ch.integra-metering.com\/#website"},"datePublished":"2020-01-22T22:40:41+00:00","dateModified":"2024-09-23T09:57:43+00:00","breadcrumb":{"@id":"https:\/\/ch.integra-metering.com\/fr\/impressum\/#breadcrumb"},"inLanguage":"fr-FR","potentialAction":[{"@type":"ReadAction","target":["https:\/\/ch.integra-metering.com\/fr\/impressum\/"]}]},{"@type":"BreadcrumbList","@id":"https:\/\/ch.integra-metering.com\/fr\/impressum\/#breadcrumb","itemListElement":[{"@type":"ListItem","position":1,"name":"Home","item":"https:\/\/ch.integra-metering.com\/fr\/"},{"@type":"ListItem","position":2,"name":"Impressum"}]},{"@type":"WebSite","@id":"https:\/\/ch.integra-metering.com\/#website","url":"https:\/\/ch.integra-metering.com\/","name":"INTEGRA Metering AG","description":"Herzlich willkommen auf der neuen Aquametro Homepage | Bienvenue sur le site Aquametro Suisse","publisher":{"@id":"https:\/\/ch.integra-metering.com\/#organization"},"potentialAction":[{"@type":"SearchAction","target":{"@type":"EntryPoint","urlTemplate":"https:\/\/ch.integra-metering.com\/?s={search_term_string}"},"query-input":{"@type":"PropertyValueSpecification","valueRequired":true,"valueName":"search_term_string"}}],"inLanguage":"fr-FR"},{"@type":"Organization","@id":"https:\/\/ch.integra-metering.com\/#organization","name":"INTEGRA Metering AG","url":"https:\/\/ch.integra-metering.com\/","logo":{"@type":"ImageObject","inLanguage":"fr-FR","@id":"https:\/\/ch.integra-metering.com\/#\/schema\/logo\/image\/","url":"https:\/\/ch.integra-metering.com\/wp-content\/uploads\/sites\/4\/2019\/11\/integra-logo-dark.svg","contentUrl":"https:\/\/ch.integra-metering.com\/wp-content\/uploads\/sites\/4\/2019\/11\/integra-logo-dark.svg","width":1,"height":1,"caption":"INTEGRA Metering AG"},"image":{"@id":"https:\/\/ch.integra-metering.com\/#\/schema\/logo\/image\/"},"sameAs":["https:\/\/ch.linkedin.com\/company\/aquametro-ag"]}]}},"_links":{"self":[{"href":"https:\/\/ch.integra-metering.com\/fr\/wp-json\/wp\/v2\/pages\/1526","targetHints":{"allow":["GET"]}}],"collection":[{"href":"https:\/\/ch.integra-metering.com\/fr\/wp-json\/wp\/v2\/pages"}],"about":[{"href":"https:\/\/ch.integra-metering.com\/fr\/wp-json\/wp\/v2\/types\/page"}],"author":[{"embeddable":true,"href":"https:\/\/ch.integra-metering.com\/fr\/wp-json\/wp\/v2\/users\/16"}],"replies":[{"embeddable":true,"href":"https:\/\/ch.integra-metering.com\/fr\/wp-json\/wp\/v2\/comments?post=1526"}],"version-history":[{"count":10,"href":"https:\/\/ch.integra-metering.com\/fr\/wp-json\/wp\/v2\/pages\/1526\/revisions"}],"predecessor-version":[{"id":7679,"href":"https:\/\/ch.integra-metering.com\/fr\/wp-json\/wp\/v2\/pages\/1526\/revisions\/7679"}],"wp:attachment":[{"href":"https:\/\/ch.integra-metering.com\/fr\/wp-json\/wp\/v2\/media?parent=1526"}],"curies":[{"name":"wp","href":"https:\/\/api.w.org\/{rel}","templated":true}]}}