{"id":3101,"date":"2020-04-15T15:03:12","date_gmt":"2020-04-15T15:03:12","guid":{"rendered":"https:\/\/ch.integra-metering.com\/bill24-heizkostenabrechnung\/"},"modified":"2025-05-16T08:04:45","modified_gmt":"2025-05-16T08:04:45","slug":"service-decomptes-de-charge-et-releves","status":"publish","type":"page","link":"https:\/\/ch.integra-metering.com\/fr\/service-decomptes-de-charge-et-releves\/","title":{"rendered":"Service d\u00e9comptes de charge et relev\u00e9s"},"content":{"rendered":"\n<h2 class=\"wp-block-heading\">Evaluer &#8211; Mesurer &#8211; Monitorer &#8211; Exploiter &#8211; Facturer &#8211; Visualiser<\/h2>\n\n\n\n<div style=\"height:30px\" aria-hidden=\"true\" class=\"wp-block-spacer\"><\/div>\n\n\n\n<figure class=\"wp-block-image size-large\"><img decoding=\"async\" src=\"https:\/\/ch.integra-metering.com\/wp-content\/uploads\/sites\/4\/2019\/11\/integra-logo-dark.svg\" alt=\"\" class=\"wp-image-528\"\/><\/figure>\n\n\n\n<div style=\"height:10px\" aria-hidden=\"true\" class=\"wp-block-spacer\"><\/div>\n\n\n\n<p class=\"has-black-color has-text-color\">Ringstrasse 75<br>+41 61 725 12 27 (nouveau)<br>+41 43 495 57 63 (merci d&rsquo;utiliser le nouveau num\u00e9ro de t\u00e9l\u00e9phone, car l&rsquo;ancien num\u00e9ro sera hors service \u00e0 partir du 21.05.2025)<br>CH-4106 Therwil<\/p>\n\n\n\n<div class=\"wp-block-columns is-layout-flex wp-container-core-columns-is-layout-1 wp-block-columns-is-layout-flex\">\n<div class=\"wp-block-column is-layout-flow wp-block-column-is-layout-flow\">\n<p class=\"has-text-color has-medium-font-size\" style=\"color:#9e1a96\"><a href=\"mailto:heizkostenabrechnung@integra-metering.com\">heizkostenabrechnung@integra-metering.com<\/a><\/p>\n<\/div>\n\n\n\n<div class=\"wp-block-column is-layout-flow wp-block-column-is-layout-flow\">\n<p><strong>Le lien suivant vous permet d&rsquo;acc\u00e9der le portail des gestionnaires d&rsquo;INTEGRA Metering AG :<\/strong><\/p>\n\n\n\n<div class=\"wp-block-buttons is-layout-flex wp-block-buttons-is-layout-flex\">\n<div class=\"wp-block-button has-custom-width wp-block-button__width-50\"><a class=\"wp-block-button__link has-white-color has-text-color has-background has-link-color wp-element-button\" href=\"https:\/\/saas2.allpas.de\/bill\/Verwalterportal\/\" style=\"background-color:#9e1a96\"><strong>Cliquez ici<\/strong><\/a><\/div>\n<\/div>\n<\/div>\n<\/div>\n\n\n\n<div style=\"height:40px\" aria-hidden=\"true\" class=\"wp-block-spacer\"><\/div>\n\n\n\n<p>Un syst\u00e8me de gestion des donn\u00e9es d\u2019\u00e9nergie et de facturation des co\u00fbts d\u2019\u00e9nergie tourn\u00e9 vers l\u2019avenir doit r\u00e9unir toutes les op\u00e9rations complexes dans une solution globale.<\/p>\n\n\n\n<p>Concevoir une telle solution, qui ouvre une nouvelle \u00e8re, \u00e9tait notre objectif.<\/p>\n\n\n\n<p>Les solutions isol\u00e9es font partie du pass\u00e9. Par contre, les solutions globales homog\u00e8nes, accessibles \u00e0 tout moment et en tout lieu via Internet et d\u2019autres r\u00e9seaux par PC, ordinateur portable ou t\u00e9l\u00e9phone mobile, m\u00eame au-del\u00e0 des fronti\u00e8res, appartiennent \u00e0 l\u2019avenir !<\/p>\n\n\n\n<p>\u00c0 cet effet, il est important de permettre, au moyen d\u2019environnements de travail intelligents, un acc\u00e8s \u00e0 des informations \u00e0 la fois internes \u00e0 l\u2019entreprise et externe, que des applications classiques, par manque de structures et de liaisons ad\u00e9quates, ne peuvent pas repr\u00e9senter.\n\n<\/p>\n\n\n\n<p><\/p>\n","protected":false},"excerpt":{"rendered":"<p>Evaluer &#8211; Mesurer &#8211; Monitorer &#8211; Exploiter &#8211; Facturer &#8211; Visualiser Ringstrasse 75+41 61 725 12 27 (nouveau)+41 43 495 57 63 (merci d&rsquo;utiliser le nouveau num\u00e9ro de t\u00e9l\u00e9phone, car l&rsquo;ancien num\u00e9ro sera hors service \u00e0 partir du 21.05.2025)CH-4106 Therwil heizkostenabrechnung@integra-metering.com Le lien suivant vous permet d&rsquo;acc\u00e9der le portail des gestionnaires d&rsquo;INTEGRA Metering AG : [&hellip;]<\/p>\n","protected":false},"author":16,"featured_media":0,"parent":0,"menu_order":0,"comment_status":"closed","ping_status":"closed","template":"","meta":{"_acf_changed":false,"_monsterinsights_skip_tracking":false,"_monsterinsights_sitenote_active":false,"_monsterinsights_sitenote_note":"","_monsterinsights_sitenote_category":0,"footnotes":""},"class_list":["post-3101","page","type-page","status-publish","hentry"],"acf":[],"yoast_head":"<!-- This site is optimized with the Yoast SEO plugin v24.5 - https:\/\/yoast.com\/wordpress\/plugins\/seo\/ -->\n<title>Service d\u00e9comptes de charge et relev\u00e9s | INTEGRA Metering AG<\/title>\n<meta name=\"robots\" content=\"index, follow, max-snippet:-1, max-image-preview:large, max-video-preview:-1\" \/>\n<link rel=\"canonical\" href=\"https:\/\/ch.integra-metering.com\/fr\/service-decomptes-de-charge-et-releves\/\" \/>\n<meta property=\"og:locale\" content=\"fr_FR\" \/>\n<meta property=\"og:type\" content=\"article\" \/>\n<meta property=\"og:title\" content=\"Service d\u00e9comptes de charge et relev\u00e9s | INTEGRA Metering AG\" \/>\n<meta property=\"og:description\" content=\"Evaluer &#8211; Mesurer &#8211; Monitorer &#8211; Exploiter &#8211; Facturer &#8211; Visualiser Ringstrasse 75+41 61 725 12 27 (nouveau)+41 43 495 57 63 (merci d&rsquo;utiliser le nouveau num\u00e9ro de t\u00e9l\u00e9phone, car l&rsquo;ancien num\u00e9ro sera hors service \u00e0 partir du 21.05.2025)CH-4106 Therwil heizkostenabrechnung@integra-metering.com Le lien suivant vous permet d&rsquo;acc\u00e9der le portail des gestionnaires d&rsquo;INTEGRA Metering AG : [&hellip;]\" \/>\n<meta property=\"og:url\" content=\"https:\/\/ch.integra-metering.com\/fr\/service-decomptes-de-charge-et-releves\/\" \/>\n<meta property=\"og:site_name\" content=\"INTEGRA Metering AG\" \/>\n<meta property=\"article:modified_time\" content=\"2025-05-16T08:04:45+00:00\" \/>\n<meta name=\"twitter:card\" content=\"summary_large_image\" \/>\n<meta name=\"twitter:label1\" content=\"Dur\u00e9e de lecture estim\u00e9e\" \/>\n\t<meta name=\"twitter:data1\" content=\"1 minute\" \/>\n<script type=\"application\/ld+json\" class=\"yoast-schema-graph\">{\"@context\":\"https:\/\/schema.org\",\"@graph\":[{\"@type\":\"WebPage\",\"@id\":\"https:\/\/ch.integra-metering.com\/fr\/service-decomptes-de-charge-et-releves\/\",\"url\":\"https:\/\/ch.integra-metering.com\/fr\/service-decomptes-de-charge-et-releves\/\",\"name\":\"Service d\u00e9comptes de charge et relev\u00e9s | INTEGRA Metering AG\",\"isPartOf\":{\"@id\":\"https:\/\/ch.integra-metering.com\/#website\"},\"primaryImageOfPage\":{\"@id\":\"https:\/\/ch.integra-metering.com\/fr\/service-decomptes-de-charge-et-releves\/#primaryimage\"},\"image\":{\"@id\":\"https:\/\/ch.integra-metering.com\/fr\/service-decomptes-de-charge-et-releves\/#primaryimage\"},\"thumbnailUrl\":\"https:\/\/ch.integra-metering.com\/wp-content\/uploads\/sites\/4\/2019\/11\/integra-logo-dark.svg\",\"datePublished\":\"2020-04-15T15:03:12+00:00\",\"dateModified\":\"2025-05-16T08:04:45+00:00\",\"breadcrumb\":{\"@id\":\"https:\/\/ch.integra-metering.com\/fr\/service-decomptes-de-charge-et-releves\/#breadcrumb\"},\"inLanguage\":\"fr-FR\",\"potentialAction\":[{\"@type\":\"ReadAction\",\"target\":[\"https:\/\/ch.integra-metering.com\/fr\/service-decomptes-de-charge-et-releves\/\"]}]},{\"@type\":\"ImageObject\",\"inLanguage\":\"fr-FR\",\"@id\":\"https:\/\/ch.integra-metering.com\/fr\/service-decomptes-de-charge-et-releves\/#primaryimage\",\"url\":\"https:\/\/ch.integra-metering.com\/wp-content\/uploads\/sites\/4\/2019\/11\/integra-logo-dark.svg\",\"contentUrl\":\"https:\/\/ch.integra-metering.com\/wp-content\/uploads\/sites\/4\/2019\/11\/integra-logo-dark.svg\"},{\"@type\":\"BreadcrumbList\",\"@id\":\"https:\/\/ch.integra-metering.com\/fr\/service-decomptes-de-charge-et-releves\/#breadcrumb\",\"itemListElement\":[{\"@type\":\"ListItem\",\"position\":1,\"name\":\"Home\",\"item\":\"https:\/\/ch.integra-metering.com\/fr\/\"},{\"@type\":\"ListItem\",\"position\":2,\"name\":\"Service d\u00e9comptes de charge et relev\u00e9s\"}]},{\"@type\":\"WebSite\",\"@id\":\"https:\/\/ch.integra-metering.com\/#website\",\"url\":\"https:\/\/ch.integra-metering.com\/\",\"name\":\"INTEGRA Metering AG\",\"description\":\"Herzlich willkommen auf der neuen Aquametro Homepage | Bienvenue sur le site Aquametro Suisse\",\"publisher\":{\"@id\":\"https:\/\/ch.integra-metering.com\/#organization\"},\"potentialAction\":[{\"@type\":\"SearchAction\",\"target\":{\"@type\":\"EntryPoint\",\"urlTemplate\":\"https:\/\/ch.integra-metering.com\/?s={search_term_string}\"},\"query-input\":{\"@type\":\"PropertyValueSpecification\",\"valueRequired\":true,\"valueName\":\"search_term_string\"}}],\"inLanguage\":\"fr-FR\"},{\"@type\":\"Organization\",\"@id\":\"https:\/\/ch.integra-metering.com\/#organization\",\"name\":\"INTEGRA Metering AG\",\"url\":\"https:\/\/ch.integra-metering.com\/\",\"logo\":{\"@type\":\"ImageObject\",\"inLanguage\":\"fr-FR\",\"@id\":\"https:\/\/ch.integra-metering.com\/#\/schema\/logo\/image\/\",\"url\":\"https:\/\/ch.integra-metering.com\/wp-content\/uploads\/sites\/4\/2019\/11\/integra-logo-dark.svg\",\"contentUrl\":\"https:\/\/ch.integra-metering.com\/wp-content\/uploads\/sites\/4\/2019\/11\/integra-logo-dark.svg\",\"width\":1,\"height\":1,\"caption\":\"INTEGRA Metering AG\"},\"image\":{\"@id\":\"https:\/\/ch.integra-metering.com\/#\/schema\/logo\/image\/\"},\"sameAs\":[\"https:\/\/ch.linkedin.com\/company\/aquametro-ag\"]}]}<\/script>\n<!-- \/ Yoast SEO plugin. -->","yoast_head_json":{"title":"Service d\u00e9comptes de charge et relev\u00e9s | INTEGRA Metering AG","robots":{"index":"index","follow":"follow","max-snippet":"max-snippet:-1","max-image-preview":"max-image-preview:large","max-video-preview":"max-video-preview:-1"},"canonical":"https:\/\/ch.integra-metering.com\/fr\/service-decomptes-de-charge-et-releves\/","og_locale":"fr_FR","og_type":"article","og_title":"Service d\u00e9comptes de charge et relev\u00e9s | INTEGRA Metering AG","og_description":"Evaluer &#8211; Mesurer &#8211; Monitorer &#8211; Exploiter &#8211; Facturer &#8211; Visualiser Ringstrasse 75+41 61 725 12 27 (nouveau)+41 43 495 57 63 (merci d&rsquo;utiliser le nouveau num\u00e9ro de t\u00e9l\u00e9phone, car l&rsquo;ancien num\u00e9ro sera hors service \u00e0 partir du 21.05.2025)CH-4106 Therwil heizkostenabrechnung@integra-metering.com Le lien suivant vous permet d&rsquo;acc\u00e9der le portail des gestionnaires d&rsquo;INTEGRA Metering AG : [&hellip;]","og_url":"https:\/\/ch.integra-metering.com\/fr\/service-decomptes-de-charge-et-releves\/","og_site_name":"INTEGRA Metering AG","article_modified_time":"2025-05-16T08:04:45+00:00","twitter_card":"summary_large_image","twitter_misc":{"Dur\u00e9e de lecture estim\u00e9e":"1 minute"},"schema":{"@context":"https:\/\/schema.org","@graph":[{"@type":"WebPage","@id":"https:\/\/ch.integra-metering.com\/fr\/service-decomptes-de-charge-et-releves\/","url":"https:\/\/ch.integra-metering.com\/fr\/service-decomptes-de-charge-et-releves\/","name":"Service d\u00e9comptes de charge et relev\u00e9s | INTEGRA Metering AG","isPartOf":{"@id":"https:\/\/ch.integra-metering.com\/#website"},"primaryImageOfPage":{"@id":"https:\/\/ch.integra-metering.com\/fr\/service-decomptes-de-charge-et-releves\/#primaryimage"},"image":{"@id":"https:\/\/ch.integra-metering.com\/fr\/service-decomptes-de-charge-et-releves\/#primaryimage"},"thumbnailUrl":"https:\/\/ch.integra-metering.com\/wp-content\/uploads\/sites\/4\/2019\/11\/integra-logo-dark.svg","datePublished":"2020-04-15T15:03:12+00:00","dateModified":"2025-05-16T08:04:45+00:00","breadcrumb":{"@id":"https:\/\/ch.integra-metering.com\/fr\/service-decomptes-de-charge-et-releves\/#breadcrumb"},"inLanguage":"fr-FR","potentialAction":[{"@type":"ReadAction","target":["https:\/\/ch.integra-metering.com\/fr\/service-decomptes-de-charge-et-releves\/"]}]},{"@type":"ImageObject","inLanguage":"fr-FR","@id":"https:\/\/ch.integra-metering.com\/fr\/service-decomptes-de-charge-et-releves\/#primaryimage","url":"https:\/\/ch.integra-metering.com\/wp-content\/uploads\/sites\/4\/2019\/11\/integra-logo-dark.svg","contentUrl":"https:\/\/ch.integra-metering.com\/wp-content\/uploads\/sites\/4\/2019\/11\/integra-logo-dark.svg"},{"@type":"BreadcrumbList","@id":"https:\/\/ch.integra-metering.com\/fr\/service-decomptes-de-charge-et-releves\/#breadcrumb","itemListElement":[{"@type":"ListItem","position":1,"name":"Home","item":"https:\/\/ch.integra-metering.com\/fr\/"},{"@type":"ListItem","position":2,"name":"Service d\u00e9comptes de charge et relev\u00e9s"}]},{"@type":"WebSite","@id":"https:\/\/ch.integra-metering.com\/#website","url":"https:\/\/ch.integra-metering.com\/","name":"INTEGRA Metering AG","description":"Herzlich willkommen auf der neuen Aquametro Homepage | Bienvenue sur le site Aquametro Suisse","publisher":{"@id":"https:\/\/ch.integra-metering.com\/#organization"},"potentialAction":[{"@type":"SearchAction","target":{"@type":"EntryPoint","urlTemplate":"https:\/\/ch.integra-metering.com\/?s={search_term_string}"},"query-input":{"@type":"PropertyValueSpecification","valueRequired":true,"valueName":"search_term_string"}}],"inLanguage":"fr-FR"},{"@type":"Organization","@id":"https:\/\/ch.integra-metering.com\/#organization","name":"INTEGRA Metering AG","url":"https:\/\/ch.integra-metering.com\/","logo":{"@type":"ImageObject","inLanguage":"fr-FR","@id":"https:\/\/ch.integra-metering.com\/#\/schema\/logo\/image\/","url":"https:\/\/ch.integra-metering.com\/wp-content\/uploads\/sites\/4\/2019\/11\/integra-logo-dark.svg","contentUrl":"https:\/\/ch.integra-metering.com\/wp-content\/uploads\/sites\/4\/2019\/11\/integra-logo-dark.svg","width":1,"height":1,"caption":"INTEGRA Metering AG"},"image":{"@id":"https:\/\/ch.integra-metering.com\/#\/schema\/logo\/image\/"},"sameAs":["https:\/\/ch.linkedin.com\/company\/aquametro-ag"]}]}},"_links":{"self":[{"href":"https:\/\/ch.integra-metering.com\/fr\/wp-json\/wp\/v2\/pages\/3101","targetHints":{"allow":["GET"]}}],"collection":[{"href":"https:\/\/ch.integra-metering.com\/fr\/wp-json\/wp\/v2\/pages"}],"about":[{"href":"https:\/\/ch.integra-metering.com\/fr\/wp-json\/wp\/v2\/types\/page"}],"author":[{"embeddable":true,"href":"https:\/\/ch.integra-metering.com\/fr\/wp-json\/wp\/v2\/users\/16"}],"replies":[{"embeddable":true,"href":"https:\/\/ch.integra-metering.com\/fr\/wp-json\/wp\/v2\/comments?post=3101"}],"version-history":[{"count":23,"href":"https:\/\/ch.integra-metering.com\/fr\/wp-json\/wp\/v2\/pages\/3101\/revisions"}],"predecessor-version":[{"id":8080,"href":"https:\/\/ch.integra-metering.com\/fr\/wp-json\/wp\/v2\/pages\/3101\/revisions\/8080"}],"wp:attachment":[{"href":"https:\/\/ch.integra-metering.com\/fr\/wp-json\/wp\/v2\/media?parent=3101"}],"curies":[{"name":"wp","href":"https:\/\/api.w.org\/{rel}","templated":true}]}}