{"id":4628,"date":"2021-06-01T14:54:23","date_gmt":"2021-06-01T14:54:23","guid":{"rendered":"https:\/\/ch.integra-metering.com\/?page_id=4628"},"modified":"2025-07-17T09:23:39","modified_gmt":"2025-07-17T09:23:39","slug":"notre-garantie-de-qualite","status":"publish","type":"page","link":"https:\/\/ch.integra-metering.com\/fr\/notre-garantie-de-qualite\/","title":{"rendered":"Notre Garantie de Qualit\u00e9"},"content":{"rendered":"\n<!-- Block container# -->\n<section\n    id=\"air-block-media-multiblock_ce9fd3655ee61f3a919dd8048de00025\"\n    class=\"air-block-media-multi air-block-media-multi--right\"\n    section-block-multi>\n    <!-- Description# -->\n    <div class=\"air-block-media-multi__description\">\n        <ul class=\"air-block-media-multi__description__list special\">\n                                            <li\n                    class='item special active theme-version-black'\n                                        block-multi-pick='0'\n                                        picked='0'\n                >\n                    Qualit\u00e9                <\/li>\n                                            <li\n                    class='item special  theme-version-black'\n                                        block-multi-pick='1'\n                                        picked='1'\n                >\n                    Environnement                <\/li>\n                                            <li\n                    class='item special  theme-version-black'\n                                        block-multi-pick='2'\n                                        picked='2'\n                >\n                    S\u00e9curit\u00e9 au travail                <\/li>\n                    <\/ul>\n        <div class=\"air-block-media-multi__description__content\">\n                                            <div\n                    class='item active'\n                    picked='0'\n                >\n                                <p>Pour nous, la qualit\u00e9 signifie r\u00e9pondre &#8211; et si possible d\u00e9passer \u2013 toutes les attentes de nos clients. C\u2018est pourquoi la qualit\u00e9 est un crit\u00e8re d\u00e9cisif pour ces derniers lorsqu\u2018il s\u2018agit de prendre des d\u00e9cisions d\u2018achat, de passer des commandes et, en d\u00e9finitive, d\u2018\u00e9tablir une relation de confiance \u00e0 long terme avec INTEGRA Metering. Nous agissons toujours dans l\u2018int\u00e9r\u00eat de nos clients et sommes un partenaire fiable. Une autre caract\u00e9ristique de qualit\u00e9 importante \u00e0 nos yeux est la relation avec nos fournisseurs car ils font partie int\u00e9grante de nos services. Notre politique de qualit\u00e9 est d\u00e9termin\u00e9e par la direction, qui s\u2018est engag\u00e9e \u00e0 utiliser et am\u00e9liorer constamment le syst\u00e8me de gestion d\u2018entreprise. Notre politique qualit\u00e9 constitue le cadre dans lequel s\u2018inscrivent nos objectifs de qualit\u00e9, c\u2019est pourquoi nous sommes certifi\u00e9s selon la<strong> norme ISO 9001<\/strong> afin de la documenter et la v\u00e9rifier et y communiquer toutes les informations recueillies.<\/p>\n                                <\/div>\n                                            <div\n                    class='item '\n                    picked='1'\n                >\n                                <p>Nous sommes fiers de notre engagement pour l\u2018environnement. Nous nous conformons aux lois et directives environnementales applicables et mettons-en \u0153uvre des mesures suppl\u00e9mentaires pour le prot\u00e9ger. En \u00e9valuant r\u00e9guli\u00e8rement les param\u00e8tres \u00e9nerg\u00e9tiques d\u00e9finis, nous assurons une am\u00e9lioration \u00e0 long terme de notre performance \u00e9nerg\u00e9tique. Le d\u00e9veloppement continu de notre performance environnementale est \u00e9valu\u00e9 \u00e0 l\u2018aide d\u2018indicateurs tels que :<\/p>\n<blockquote><p>&nbsp;<\/p><\/blockquote>\n<p>\u203a\u00a0 \u00a0Optimisation de l\u2019utilisation des ressources (papier, eau, \u00e9lectricit\u00e9, etc.)<\/p>\n<p>\u203a\u00a0 Gestion rigoureuse et avanc\u00e9e des d\u00e9chets pour r\u00e9duire et recycler les d\u00e9chets, dans la mesure du possible<\/p>\n<p>\u203a\u00a0 Utilisation efficace de l\u2018\u00e9nergie<\/p>\n<p>\u203a\u00a0 \u00a0Audits<\/p>\n<blockquote><p>&nbsp;<\/p><\/blockquote>\n<p>Avec notre certification \u00e0 la norme <strong>ISO 14001<\/strong> reconnue au niveau international, nous attestons officiellement que notre syst\u00e8me de gestion environnementale est effectivement introduit dans toute l\u2018entreprise et mis en \u0153uvre dans la pratique quotidienne.<\/p>\n                                <\/div>\n                                            <div\n                    class='item '\n                    picked='2'\n                >\n                                <p>Nous veillons \u00e0 la protection de la sant\u00e9 et \u00e0 un \u00e9quipement de s\u00e9curit\u00e9 appropri\u00e9 pour nos employ\u00e9s. Nous nous engageons \u00e9galement \u00e0 respecter toutes les lois et r\u00e9glementations applicables \u00e0 notre industrie et \u00e0 nos activit\u00e9s. Tous les employ\u00e9s sont conscients de leur responsabilit\u00e9 en mati\u00e8re de s\u00e9curit\u00e9 et se conforment aux r\u00e8gles, directives et accords en vigueur. Ils jouent de plus un r\u00f4le actif en faisant des suggestions afin d\u2019am\u00e9liorer la s\u00e9curit\u00e9 au travail. Notre <strong>certification ISO 45001<\/strong> confirme que la protection de la sant\u00e9 et de la s\u00e9curit\u00e9 au travail est une priorit\u00e9 chez INTEGRA Metering.<\/p>\n                                <\/div>\n                    <\/div>\n    <\/div>\n    <!-- #Description -->\n    <!-- Figure# -->\n    <div class=\"air-block-media-multi__figure-container\">\n                                            <figure class='air-block-media-multi__figure active'\n                    picked='0' >\n                    <img\n                        src='https:\/\/ch.integra-metering.com\/wp-content\/uploads\/sites\/4\/2020\/03\/Websites_Quality02.png'\n                        data-object-fit=\"contain\"\n                        alt=\"\"\n                    \/>\n            <\/figure>\n                                            <figure class='air-block-media-multi__figure '\n                    picked='1' >\n                    <img\n                        src='https:\/\/ch.integra-metering.com\/wp-content\/uploads\/sites\/4\/2020\/02\/Untitled-design-7.png'\n                        data-object-fit=\"contain\"\n                        alt=\"\"\n                    \/>\n            <\/figure>\n                                            <figure class='air-block-media-multi__figure '\n                    picked='2' >\n                    <img\n                        src='https:\/\/ch.integra-metering.com\/wp-content\/uploads\/sites\/4\/2020\/03\/Websites_Occupational_Safety.png'\n                        data-object-fit=\"contain\"\n                        alt=\"\"\n                    \/>\n            <\/figure>\n            <\/div>\n    <!-- #Figure -->\n<\/section>\n<!-- Block container# -->\n\n\n\n<hr class=\"wp-block-separator has-css-opacity\"\/>\n\n\n\n<div class=\"wp-block-columns is-layout-flex wp-container-core-columns-is-layout-3 wp-block-columns-is-layout-flex\">\n<div class=\"wp-block-column is-layout-flow wp-block-column-is-layout-flow\">\n<div class=\"wp-block-columns is-layout-flex wp-container-core-columns-is-layout-1 wp-block-columns-is-layout-flex\">\n<div class=\"wp-block-column is-layout-flow wp-block-column-is-layout-flow\">\n<figure class=\"wp-block-image size-large is-resized\"><img loading=\"lazy\" decoding=\"async\" width=\"2480\" height=\"3508\" src=\"https:\/\/ch.integra-metering.com\/wp-content\/uploads\/sites\/4\/2021\/06\/SAS-Certificate-2019-FR.png\" alt=\"\" class=\"wp-image-4635\" style=\"width:160px;height:221px\"\/><\/figure>\n<\/div>\n\n\n\n<div class=\"wp-block-column is-layout-flow wp-block-column-is-layout-flow\">\n<h3 class=\"wp-block-heading\">ISO 17025 Certificat Laboratoire d&rsquo;\u00e9talonnage accr\u00e9dit\u00e9<\/h3>\n\n\n\n<p>Ouvrez le document en :<\/p>\n\n\n\n<ul class=\"wp-block-list\">\n<li><strong><a href=\"https:\/\/cdn.filestackcontent.com\/MRpnFNhuSOOafBQ0p3Bk?policy=eyJleHBpcnkiOjQwNzA5MDUyMDAsImNhbGwiOlsicmVhZCJdfQ==&amp;signature=95d016cd47d9a9ae17ec16253524118bd5e321495273df983cec710e98e8e2b4\" target=\"_blank\" rel=\"noreferrer noopener\">Deutsch<\/a><\/strong><\/li>\n\n\n\n<li><strong><a href=\"https:\/\/cdn.filestackcontent.com\/r2ors2NdR6Cikx8B7Ao9?policy=eyJleHBpcnkiOjQwNzA5MDUyMDAsImNhbGwiOlsicmVhZCJdfQ==&amp;signature=95d016cd47d9a9ae17ec16253524118bd5e321495273df983cec710e98e8e2b4\" target=\"_blank\" rel=\"noreferrer noopener\">Fran\u00e7ais<\/a><\/strong><\/li>\n\n\n\n<li><a href=\"https:\/\/cdn.filestackcontent.com\/LQN0WInNSbWIJ3e9KRvA?policy=eyJleHBpcnkiOjQwNzA5MDUyMDAsImNhbGwiOlsicmVhZCJdfQ==&amp;signature=95d016cd47d9a9ae17ec16253524118bd5e321495273df983cec710e98e8e2b4\" target=\"_blank\" rel=\"noreferrer noopener\"><strong>English<\/strong> <\/a><\/li>\n<\/ul>\n<\/div>\n<\/div>\n<\/div>\n\n\n\n<div class=\"wp-block-column is-layout-flow wp-block-column-is-layout-flow\">\n<div class=\"wp-block-columns is-layout-flex wp-container-core-columns-is-layout-2 wp-block-columns-is-layout-flex\">\n<div class=\"wp-block-column is-layout-flow wp-block-column-is-layout-flow\">\n<figure class=\"wp-block-image size-full is-resized\"><img loading=\"lazy\" decoding=\"async\" width=\"582\" height=\"829\" src=\"https:\/\/ch.integra-metering.com\/wp-content\/uploads\/sites\/4\/2023\/05\/IM_ISO-9001-14001-45001-Zertifikat_fr.png\" alt=\"\" class=\"wp-image-6596\" style=\"width:147px;height:208px\" srcset=\"https:\/\/ch.integra-metering.com\/wp-content\/uploads\/sites\/4\/2023\/05\/IM_ISO-9001-14001-45001-Zertifikat_fr.png 582w, https:\/\/ch.integra-metering.com\/wp-content\/uploads\/sites\/4\/2023\/05\/IM_ISO-9001-14001-45001-Zertifikat_fr-250x356.png 250w, https:\/\/ch.integra-metering.com\/wp-content\/uploads\/sites\/4\/2023\/05\/IM_ISO-9001-14001-45001-Zertifikat_fr-120x171.png 120w\" sizes=\"auto, (max-width: 582px) 100vw, 582px\" \/><\/figure>\n<\/div>\n\n\n\n<div class=\"wp-block-column is-layout-flow wp-block-column-is-layout-flow\">\n<h3 class=\"wp-block-heading\">ISO 9001, 14001 und 45001 <\/h3>\n\n\n\n<p>Ouvrez le document en : <\/p>\n\n\n\n<ul class=\"wp-block-list\">\n<li><strong><a href=\"https:\/\/cdn.filestackcontent.com\/EPo4P7yhSfeSnyylDkTS?policy=eyJleHBpcnkiOjQwNzA5MDUyMDAsImNhbGwiOlsicmVhZCJdfQ==&amp;signature=95d016cd47d9a9ae17ec16253524118bd5e321495273df983cec710e98e8e2b4\" target=\"_blank\" rel=\"noreferrer noopener\">Deutsch<\/a><\/strong><\/li>\n\n\n\n<li><strong><a href=\"https:\/\/cdn.filestackcontent.com\/1fi5nVbbSIypzeF66IYM?policy=eyJleHBpcnkiOjQwNzA5MDUyMDAsImNhbGwiOlsicmVhZCJdfQ==&amp;signature=95d016cd47d9a9ae17ec16253524118bd5e321495273df983cec710e98e8e2b4\" target=\"_blank\" rel=\"noreferrer noopener\">Fran\u00e7ais<\/a><\/strong><\/li>\n<\/ul>\n<\/div>\n<\/div>\n<\/div>\n<\/div>\n\n\n\n<div class=\"wp-block-columns is-layout-flex wp-container-core-columns-is-layout-6 wp-block-columns-is-layout-flex\">\n<div class=\"wp-block-column is-layout-flow wp-block-column-is-layout-flow\">\n<div class=\"wp-block-columns is-layout-flex wp-container-core-columns-is-layout-4 wp-block-columns-is-layout-flex\">\n<div class=\"wp-block-column is-layout-flow wp-block-column-is-layout-flow\">\n<figure class=\"wp-block-image size-large is-resized\"><img decoding=\"async\" src=\"https:\/\/integra-metering.com\/wp-content\/uploads\/2022\/11\/Module-MID-German-MessEV.png\" alt=\"\" class=\"wp-image-3716\" style=\"width:175px;height:221px\"\/><\/figure>\n<\/div>\n\n\n\n<div class=\"wp-block-column is-layout-flow wp-block-column-is-layout-flow\">\n<h3 class=\"wp-block-heading\">MID Module D<\/h3>\n\n\n\n<p>Ouvrez le document en :<\/p>\n\n\n\n<ul class=\"wp-block-list\">\n<li><strong><a href=\"https:\/\/cdn.filestackcontent.com\/StGyedZTrarTL3cUChrT?policy=eyJleHBpcnkiOjQwNzA5MDUyMDAsImNhbGwiOlsicmVhZCJdfQ==&amp;signature=95d016cd47d9a9ae17ec16253524118bd5e321495273df983cec710e98e8e2b4\" target=\"_blank\" rel=\"noreferrer noopener\">Therwil (Suisse)<\/a><\/strong> \u00e9galement applicable pour <strong>MessEV<\/strong><\/li>\n<\/ul>\n\n\n\n<ul class=\"wp-block-list\">\n<li><strong><a href=\"https:\/\/cdn.filestackcontent.com\/ns1rl3vRQUuqqHrwbI71?policy=eyJleHBpcnkiOjQwNzA5MDUyMDAsImNhbGwiOlsicmVhZCJdfQ==&amp;signature=95d016cd47d9a9ae17ec16253524118bd5e321495273df983cec710e98e8e2b4\" target=\"_blank\" rel=\"noreferrer noopener\">Blagnac (France)<\/a><\/strong><\/li>\n<\/ul>\n<\/div>\n<\/div>\n<\/div>\n\n\n\n<div class=\"wp-block-column is-layout-flow wp-block-column-is-layout-flow\">\n<div class=\"wp-block-columns is-layout-flex wp-container-core-columns-is-layout-5 wp-block-columns-is-layout-flex\">\n<div class=\"wp-block-column is-layout-flow wp-block-column-is-layout-flow\"><\/div>\n\n\n\n<div class=\"wp-block-column is-layout-flow wp-block-column-is-layout-flow\">\n<h3 class=\"wp-block-heading\"><\/h3>\n\n\n\n<p><\/p>\n<\/div>\n<\/div>\n<\/div>\n<\/div>\n","protected":false},"excerpt":{"rendered":"<p>ISO 17025 Certificat Laboratoire d&rsquo;\u00e9talonnage accr\u00e9dit\u00e9 Ouvrez le document en : ISO 9001, 14001 und 45001 Ouvrez le document en : MID Module D Ouvrez le document en :<\/p>\n","protected":false},"author":16,"featured_media":0,"parent":0,"menu_order":0,"comment_status":"closed","ping_status":"closed","template":"","meta":{"_acf_changed":false,"_monsterinsights_skip_tracking":false,"_monsterinsights_sitenote_active":false,"_monsterinsights_sitenote_note":"","_monsterinsights_sitenote_category":0,"footnotes":""},"class_list":["post-4628","page","type-page","status-publish","hentry"],"acf":[],"yoast_head":"<!-- This site is optimized with the Yoast SEO plugin v24.5 - https:\/\/yoast.com\/wordpress\/plugins\/seo\/ -->\n<title>Notre Garantie de Qualit\u00e9 | INTEGRA Metering AG<\/title>\n<meta name=\"robots\" content=\"index, follow, max-snippet:-1, max-image-preview:large, max-video-preview:-1\" \/>\n<link rel=\"canonical\" href=\"https:\/\/ch.integra-metering.com\/fr\/notre-garantie-de-qualite\/\" \/>\n<meta property=\"og:locale\" content=\"fr_FR\" \/>\n<meta property=\"og:type\" content=\"article\" \/>\n<meta property=\"og:title\" content=\"Notre Garantie de Qualit\u00e9 | INTEGRA Metering AG\" \/>\n<meta property=\"og:description\" content=\"ISO 17025 Certificat Laboratoire d&rsquo;\u00e9talonnage accr\u00e9dit\u00e9 Ouvrez le document en : ISO 9001, 14001 und 45001 Ouvrez le document en : MID Module D Ouvrez le document en :\" \/>\n<meta property=\"og:url\" content=\"https:\/\/ch.integra-metering.com\/fr\/notre-garantie-de-qualite\/\" \/>\n<meta property=\"og:site_name\" content=\"INTEGRA Metering AG\" \/>\n<meta property=\"article:modified_time\" content=\"2025-07-17T09:23:39+00:00\" \/>\n<meta property=\"og:image\" content=\"https:\/\/ch.integra-metering.com\/wp-content\/uploads\/sites\/4\/2021\/06\/SAS-Certificate-2019-FR.png\" \/>\n<meta name=\"twitter:card\" content=\"summary_large_image\" \/>\n<meta name=\"twitter:label1\" content=\"Dur\u00e9e de lecture estim\u00e9e\" \/>\n\t<meta name=\"twitter:data1\" content=\"1 minute\" \/>\n<script type=\"application\/ld+json\" class=\"yoast-schema-graph\">{\"@context\":\"https:\/\/schema.org\",\"@graph\":[{\"@type\":\"WebPage\",\"@id\":\"https:\/\/ch.integra-metering.com\/fr\/notre-garantie-de-qualite\/\",\"url\":\"https:\/\/ch.integra-metering.com\/fr\/notre-garantie-de-qualite\/\",\"name\":\"Notre Garantie de Qualit\u00e9 | INTEGRA Metering AG\",\"isPartOf\":{\"@id\":\"https:\/\/ch.integra-metering.com\/#website\"},\"primaryImageOfPage\":{\"@id\":\"https:\/\/ch.integra-metering.com\/fr\/notre-garantie-de-qualite\/#primaryimage\"},\"image\":{\"@id\":\"https:\/\/ch.integra-metering.com\/fr\/notre-garantie-de-qualite\/#primaryimage\"},\"thumbnailUrl\":\"https:\/\/ch.integra-metering.com\/wp-content\/uploads\/sites\/4\/2021\/06\/SAS-Certificate-2019-FR.png\",\"datePublished\":\"2021-06-01T14:54:23+00:00\",\"dateModified\":\"2025-07-17T09:23:39+00:00\",\"breadcrumb\":{\"@id\":\"https:\/\/ch.integra-metering.com\/fr\/notre-garantie-de-qualite\/#breadcrumb\"},\"inLanguage\":\"fr-FR\",\"potentialAction\":[{\"@type\":\"ReadAction\",\"target\":[\"https:\/\/ch.integra-metering.com\/fr\/notre-garantie-de-qualite\/\"]}]},{\"@type\":\"ImageObject\",\"inLanguage\":\"fr-FR\",\"@id\":\"https:\/\/ch.integra-metering.com\/fr\/notre-garantie-de-qualite\/#primaryimage\",\"url\":\"https:\/\/ch.integra-metering.com\/wp-content\/uploads\/sites\/4\/2021\/06\/SAS-Certificate-2019-FR.png\",\"contentUrl\":\"https:\/\/ch.integra-metering.com\/wp-content\/uploads\/sites\/4\/2021\/06\/SAS-Certificate-2019-FR.png\"},{\"@type\":\"BreadcrumbList\",\"@id\":\"https:\/\/ch.integra-metering.com\/fr\/notre-garantie-de-qualite\/#breadcrumb\",\"itemListElement\":[{\"@type\":\"ListItem\",\"position\":1,\"name\":\"Home\",\"item\":\"https:\/\/ch.integra-metering.com\/fr\/\"},{\"@type\":\"ListItem\",\"position\":2,\"name\":\"Notre Garantie de Qualit\u00e9\"}]},{\"@type\":\"WebSite\",\"@id\":\"https:\/\/ch.integra-metering.com\/#website\",\"url\":\"https:\/\/ch.integra-metering.com\/\",\"name\":\"INTEGRA Metering AG\",\"description\":\"Herzlich willkommen auf der neuen Aquametro Homepage | Bienvenue sur le site Aquametro Suisse\",\"publisher\":{\"@id\":\"https:\/\/ch.integra-metering.com\/#organization\"},\"potentialAction\":[{\"@type\":\"SearchAction\",\"target\":{\"@type\":\"EntryPoint\",\"urlTemplate\":\"https:\/\/ch.integra-metering.com\/?s={search_term_string}\"},\"query-input\":{\"@type\":\"PropertyValueSpecification\",\"valueRequired\":true,\"valueName\":\"search_term_string\"}}],\"inLanguage\":\"fr-FR\"},{\"@type\":\"Organization\",\"@id\":\"https:\/\/ch.integra-metering.com\/#organization\",\"name\":\"INTEGRA Metering AG\",\"url\":\"https:\/\/ch.integra-metering.com\/\",\"logo\":{\"@type\":\"ImageObject\",\"inLanguage\":\"fr-FR\",\"@id\":\"https:\/\/ch.integra-metering.com\/#\/schema\/logo\/image\/\",\"url\":\"https:\/\/ch.integra-metering.com\/wp-content\/uploads\/sites\/4\/2019\/11\/integra-logo-dark.svg\",\"contentUrl\":\"https:\/\/ch.integra-metering.com\/wp-content\/uploads\/sites\/4\/2019\/11\/integra-logo-dark.svg\",\"width\":1,\"height\":1,\"caption\":\"INTEGRA Metering AG\"},\"image\":{\"@id\":\"https:\/\/ch.integra-metering.com\/#\/schema\/logo\/image\/\"},\"sameAs\":[\"https:\/\/ch.linkedin.com\/company\/aquametro-ag\"]}]}<\/script>\n<!-- \/ Yoast SEO plugin. -->","yoast_head_json":{"title":"Notre Garantie de Qualit\u00e9 | INTEGRA Metering AG","robots":{"index":"index","follow":"follow","max-snippet":"max-snippet:-1","max-image-preview":"max-image-preview:large","max-video-preview":"max-video-preview:-1"},"canonical":"https:\/\/ch.integra-metering.com\/fr\/notre-garantie-de-qualite\/","og_locale":"fr_FR","og_type":"article","og_title":"Notre Garantie de Qualit\u00e9 | INTEGRA Metering AG","og_description":"ISO 17025 Certificat Laboratoire d&rsquo;\u00e9talonnage accr\u00e9dit\u00e9 Ouvrez le document en : ISO 9001, 14001 und 45001 Ouvrez le document en : MID Module D Ouvrez le document en :","og_url":"https:\/\/ch.integra-metering.com\/fr\/notre-garantie-de-qualite\/","og_site_name":"INTEGRA Metering AG","article_modified_time":"2025-07-17T09:23:39+00:00","og_image":[{"url":"https:\/\/ch.integra-metering.com\/wp-content\/uploads\/sites\/4\/2021\/06\/SAS-Certificate-2019-FR.png","type":"","width":"","height":""}],"twitter_card":"summary_large_image","twitter_misc":{"Dur\u00e9e de lecture estim\u00e9e":"1 minute"},"schema":{"@context":"https:\/\/schema.org","@graph":[{"@type":"WebPage","@id":"https:\/\/ch.integra-metering.com\/fr\/notre-garantie-de-qualite\/","url":"https:\/\/ch.integra-metering.com\/fr\/notre-garantie-de-qualite\/","name":"Notre Garantie de Qualit\u00e9 | INTEGRA Metering AG","isPartOf":{"@id":"https:\/\/ch.integra-metering.com\/#website"},"primaryImageOfPage":{"@id":"https:\/\/ch.integra-metering.com\/fr\/notre-garantie-de-qualite\/#primaryimage"},"image":{"@id":"https:\/\/ch.integra-metering.com\/fr\/notre-garantie-de-qualite\/#primaryimage"},"thumbnailUrl":"https:\/\/ch.integra-metering.com\/wp-content\/uploads\/sites\/4\/2021\/06\/SAS-Certificate-2019-FR.png","datePublished":"2021-06-01T14:54:23+00:00","dateModified":"2025-07-17T09:23:39+00:00","breadcrumb":{"@id":"https:\/\/ch.integra-metering.com\/fr\/notre-garantie-de-qualite\/#breadcrumb"},"inLanguage":"fr-FR","potentialAction":[{"@type":"ReadAction","target":["https:\/\/ch.integra-metering.com\/fr\/notre-garantie-de-qualite\/"]}]},{"@type":"ImageObject","inLanguage":"fr-FR","@id":"https:\/\/ch.integra-metering.com\/fr\/notre-garantie-de-qualite\/#primaryimage","url":"https:\/\/ch.integra-metering.com\/wp-content\/uploads\/sites\/4\/2021\/06\/SAS-Certificate-2019-FR.png","contentUrl":"https:\/\/ch.integra-metering.com\/wp-content\/uploads\/sites\/4\/2021\/06\/SAS-Certificate-2019-FR.png"},{"@type":"BreadcrumbList","@id":"https:\/\/ch.integra-metering.com\/fr\/notre-garantie-de-qualite\/#breadcrumb","itemListElement":[{"@type":"ListItem","position":1,"name":"Home","item":"https:\/\/ch.integra-metering.com\/fr\/"},{"@type":"ListItem","position":2,"name":"Notre Garantie de Qualit\u00e9"}]},{"@type":"WebSite","@id":"https:\/\/ch.integra-metering.com\/#website","url":"https:\/\/ch.integra-metering.com\/","name":"INTEGRA Metering AG","description":"Herzlich willkommen auf der neuen Aquametro Homepage | Bienvenue sur le site Aquametro Suisse","publisher":{"@id":"https:\/\/ch.integra-metering.com\/#organization"},"potentialAction":[{"@type":"SearchAction","target":{"@type":"EntryPoint","urlTemplate":"https:\/\/ch.integra-metering.com\/?s={search_term_string}"},"query-input":{"@type":"PropertyValueSpecification","valueRequired":true,"valueName":"search_term_string"}}],"inLanguage":"fr-FR"},{"@type":"Organization","@id":"https:\/\/ch.integra-metering.com\/#organization","name":"INTEGRA Metering AG","url":"https:\/\/ch.integra-metering.com\/","logo":{"@type":"ImageObject","inLanguage":"fr-FR","@id":"https:\/\/ch.integra-metering.com\/#\/schema\/logo\/image\/","url":"https:\/\/ch.integra-metering.com\/wp-content\/uploads\/sites\/4\/2019\/11\/integra-logo-dark.svg","contentUrl":"https:\/\/ch.integra-metering.com\/wp-content\/uploads\/sites\/4\/2019\/11\/integra-logo-dark.svg","width":1,"height":1,"caption":"INTEGRA Metering AG"},"image":{"@id":"https:\/\/ch.integra-metering.com\/#\/schema\/logo\/image\/"},"sameAs":["https:\/\/ch.linkedin.com\/company\/aquametro-ag"]}]}},"_links":{"self":[{"href":"https:\/\/ch.integra-metering.com\/fr\/wp-json\/wp\/v2\/pages\/4628","targetHints":{"allow":["GET"]}}],"collection":[{"href":"https:\/\/ch.integra-metering.com\/fr\/wp-json\/wp\/v2\/pages"}],"about":[{"href":"https:\/\/ch.integra-metering.com\/fr\/wp-json\/wp\/v2\/types\/page"}],"author":[{"embeddable":true,"href":"https:\/\/ch.integra-metering.com\/fr\/wp-json\/wp\/v2\/users\/16"}],"replies":[{"embeddable":true,"href":"https:\/\/ch.integra-metering.com\/fr\/wp-json\/wp\/v2\/comments?post=4628"}],"version-history":[{"count":39,"href":"https:\/\/ch.integra-metering.com\/fr\/wp-json\/wp\/v2\/pages\/4628\/revisions"}],"predecessor-version":[{"id":8137,"href":"https:\/\/ch.integra-metering.com\/fr\/wp-json\/wp\/v2\/pages\/4628\/revisions\/8137"}],"wp:attachment":[{"href":"https:\/\/ch.integra-metering.com\/fr\/wp-json\/wp\/v2\/media?parent=4628"}],"curies":[{"name":"wp","href":"https:\/\/api.w.org\/{rel}","templated":true}]}}