{"id":5172,"date":"2021-12-13T15:04:28","date_gmt":"2021-12-13T15:04:28","guid":{"rendered":"https:\/\/ch.integra-metering.com\/?page_id=5172"},"modified":"2024-10-28T13:38:25","modified_gmt":"2024-10-28T13:38:25","slug":"gestion-des-donnees","status":"publish","type":"page","link":"https:\/\/ch.integra-metering.com\/fr\/gestion-des-donnees\/","title":{"rendered":"Gestion des donn\u00e9es"},"content":{"rendered":"\n<div class=\"wp-block-columns is-layout-flex wp-container-core-columns-is-layout-1 wp-block-columns-is-layout-flex\">\n<div class=\"wp-block-column is-layout-flow wp-block-column-is-layout-flow\" style=\"flex-basis:33.33%\">\n<figure class=\"wp-block-image size-large is-resized\"><img loading=\"lazy\" decoding=\"async\" src=\"https:\/\/ch.integra-metering.com\/wp-content\/uploads\/sites\/4\/2023\/06\/AMBILL_derago-700x431.png\" alt=\"\" class=\"wp-image-6649\" width=\"244\" height=\"150\" srcset=\"https:\/\/ch.integra-metering.com\/wp-content\/uploads\/sites\/4\/2023\/06\/AMBILL_derago-700x431.png 700w, https:\/\/ch.integra-metering.com\/wp-content\/uploads\/sites\/4\/2023\/06\/AMBILL_derago-250x154.png 250w, https:\/\/ch.integra-metering.com\/wp-content\/uploads\/sites\/4\/2023\/06\/AMBILL_derago-768x473.png 768w, https:\/\/ch.integra-metering.com\/wp-content\/uploads\/sites\/4\/2023\/06\/AMBILL_derago-1536x946.png 1536w, https:\/\/ch.integra-metering.com\/wp-content\/uploads\/sites\/4\/2023\/06\/AMBILL_derago-120x74.png 120w, https:\/\/ch.integra-metering.com\/wp-content\/uploads\/sites\/4\/2023\/06\/AMBILL_derago.png 1752w\" sizes=\"auto, (max-width: 244px) 100vw, 244px\" \/><\/figure>\n<\/div>\n\n\n\n<div class=\"wp-block-column is-layout-flow wp-block-column-is-layout-flow\" style=\"flex-basis:66.66%\">\n<h3 class=\"wp-block-heading\">Relev\u00e9 mobile des compteurs AMBILL\u00ae derago<\/h3>\n\n\n\n<p>Le syst\u00e8me Ambill\u00ae derago simplifie le relev\u00e9 mobile de vos appareils dans les domaines du gaz, de l&rsquo;eau, de l&rsquo;\u00e9lectricit\u00e9 et du chauffage. En installant ce logiciel sur votre appareil mobile, vous pouvez relever vos donn\u00e9es manuellement, par infrarouge ou facilement par radio. Ensuite, vos donn\u00e9es sont transmises par Internet \u00e0 votre ordinateur, o\u00f9 vous pouvez les consulter via une application web. Ainsi, le syst\u00e8me Ambill\u00ae derago pr\u00e9pare vos donn\u00e9es pour vous et vous permet de les g\u00e9rer de mani\u00e8re simple et claire. Il vous permet \u00e9galement d&rsquo;ajouter vos propres notes, de prendre des photos et d&rsquo;utiliser une application de g\u00e9olocalisation des compteurs. Enfin, le syst\u00e8me est compatible avec tous les logiciels de facturation disponibles sur le march\u00e9.<\/p>\n\n\n\n<p>Vous trouverez plus d&rsquo;informations sur notre page de produits :<br><strong><a href=\"https:\/\/ch.integra-metering.com\/fr\/product\/ambill-derago\/\" target=\"_blank\" rel=\"noreferrer noopener\">Vers la page produit<\/a><\/strong><\/p>\n<\/div>\n<\/div>\n\n\n\n<div class=\"wp-block-columns is-layout-flex wp-container-core-columns-is-layout-2 wp-block-columns-is-layout-flex\">\n<div class=\"wp-block-column is-layout-flow wp-block-column-is-layout-flow\" style=\"flex-basis:66.66%\">\n<h3 class=\"wp-block-heading\"><strong>D\u00e9compte des frais de chauffage et des charges<\/strong><\/h3>\n\n\n\n<p class=\"has-text-align-left\">Nous sommes \u00e0 votre disposition en tant que partenaire pour la facturation du chauffage et des charges. En tant que tel, nous proposons des solutions globales d&rsquo;avenir pour la gestion des donn\u00e9es \u00e9nerg\u00e9tiques et les syst\u00e8mes de facturation des co\u00fbts \u00e9nerg\u00e9tiques et pouvons vous aider de mani\u00e8re comp\u00e9tente.<\/p>\n\n\n\n<p>Contactez-nous d\u00e8s maintenant :<br>T\u00e9l\u00e9phone : +41 43 495 57 63<br>Adresse e-mail : <a href=\"mailto:heizkostenabrechnung@integra-metering.com\"><\/a><strong><a href=\"mailto:heizkostenabrechnung@integra-metering.com\">heizkostenabrechnung@integra-metering.com<\/a><\/strong><\/p>\n<\/div>\n\n\n\n<div class=\"wp-block-column is-layout-flow wp-block-column-is-layout-flow\" style=\"flex-basis:33.33%\">\n<figure class=\"wp-block-image size-large is-resized\"><img loading=\"lazy\" decoding=\"async\" src=\"https:\/\/ch.integra-metering.com\/wp-content\/uploads\/sites\/4\/2021\/11\/Heiz_und_Nebenkostenabrechnung.png\" alt=\"\" class=\"wp-image-5138\" width=\"280\" height=\"245\"\/><\/figure>\n<\/div>\n<\/div>\n\n\n\n<div class=\"wp-block-columns is-layout-flex wp-container-core-columns-is-layout-3 wp-block-columns-is-layout-flex\">\n<div class=\"wp-block-column is-layout-flow wp-block-column-is-layout-flow\" style=\"flex-basis:33.33%\">\n<figure class=\"wp-block-image size-large is-resized is-style-default\"><img loading=\"lazy\" decoding=\"async\" src=\"https:\/\/ch.integra-metering.com\/wp-content\/uploads\/sites\/4\/2021\/11\/Ablesung_Auslesung.png\" alt=\"\" class=\"wp-image-5140\" width=\"280\" height=\"245\"\/><\/figure>\n<\/div>\n\n\n\n<div class=\"wp-block-column is-layout-flow wp-block-column-is-layout-flow\" style=\"flex-basis:66.66%\">\n<h3 class=\"wp-block-heading\">Relev\u00e9 \/ lecture<\/h3>\n\n\n\n<p>Nous relevons les donn\u00e9es de consommation de vos compteurs par lecture manuelle ou automatis\u00e9e. Nous nous concentrons sur les domaines des compteurs d&rsquo;\u00e9nergie thermique\/froide, des compteurs d&rsquo;eau chaude\/froide et des compteurs \u00e9lectriques. Ces donn\u00e9es permettent de d\u00e9terminer si vos compteurs \u00e9mettent encore et s&rsquo;ils fournissent des valeurs plausibles. Les donn\u00e9es obtenues sont ensuite utilis\u00e9es pour la facturation. Vous pouvez \u00e9galement lire ces donn\u00e9es vous-m\u00eame sans probl\u00e8me.<\/p>\n\n\n\n<p>Pour profiter de ce service, inscrivez-vous d\u00e8s maintenant par e-mail :<\/p>\n\n\n\n<p><a href=\"mailto:service@integra-metering.com\"><strong>service@integra-metering.com<\/strong><\/a><\/p>\n<\/div>\n<\/div>\n\n\n\n<div class=\"wp-block-columns is-layout-flex wp-container-core-columns-is-layout-4 wp-block-columns-is-layout-flex\">\n<div class=\"wp-block-column is-layout-flow wp-block-column-is-layout-flow\" style=\"flex-basis:66.66%\">\n<h3 class=\"wp-block-heading\">LoRaWAN<\/h3>\n\n\n\n<p class=\"has-text-align-left\">Gr\u00e2ce \u00e0 LoRaWAN, vous pouvez profiter d&rsquo;une collecte de donn\u00e9es enti\u00e8rement automatis\u00e9e, de la transmission de ces donn\u00e9es et de leur stockage dans votre syst\u00e8me cible. Cela minimise non seulement votre temps, mais aussi les erreurs manuelles lors du relev\u00e9 des compteurs.<\/p>\n\n\n\n<p>Vous trouverez plus d&rsquo;informations sur LoRaWAN et nos solutions de Smart Metering dans le d\u00e9pliant suivant :<\/p>\n\n\n\n<p><strong><a href=\"https:\/\/cdn.filestackcontent.com\/d2YVlWXwRaSFdpY5aPgg?policy=eyJleHBpcnkiOjQwNzA5MDUyMDAsImNhbGwiOlsicmVhZCJdfQ==&amp;signature=95d016cd47d9a9ae17ec16253524118bd5e321495273df983cec710e98e8e2b4\" target=\"_blank\" rel=\"noreferrer noopener\">T\u00e9l\u00e9charger d\u00e8s maintenant<\/a><\/strong><\/p>\n<\/div>\n\n\n\n<div class=\"wp-block-column is-layout-flow wp-block-column-is-layout-flow\" style=\"flex-basis:33.33%\">\n<figure class=\"wp-block-image size-large is-resized\"><img loading=\"lazy\" decoding=\"async\" src=\"https:\/\/ch.integra-metering.com\/wp-content\/uploads\/sites\/4\/2021\/11\/LoRaWAN.png\" alt=\"\" class=\"wp-image-5142\" width=\"280\" height=\"245\"\/><\/figure>\n<\/div>\n<\/div>\n","protected":false},"excerpt":{"rendered":"<p>Relev\u00e9 mobile des compteurs AMBILL\u00ae derago Le syst\u00e8me Ambill\u00ae derago simplifie le relev\u00e9 mobile de vos appareils dans les domaines du gaz, de l&rsquo;eau, de l&rsquo;\u00e9lectricit\u00e9 et du chauffage. En installant ce logiciel sur votre appareil mobile, vous pouvez relever vos donn\u00e9es manuellement, par infrarouge ou facilement par radio. Ensuite, vos donn\u00e9es sont transmises par [&hellip;]<\/p>\n","protected":false},"author":16,"featured_media":0,"parent":0,"menu_order":0,"comment_status":"closed","ping_status":"closed","template":"","meta":{"_acf_changed":false,"_monsterinsights_skip_tracking":false,"_monsterinsights_sitenote_active":false,"_monsterinsights_sitenote_note":"","_monsterinsights_sitenote_category":0,"footnotes":""},"class_list":["post-5172","page","type-page","status-publish","hentry"],"acf":[],"yoast_head":"<!-- This site is optimized with the Yoast SEO plugin v24.5 - https:\/\/yoast.com\/wordpress\/plugins\/seo\/ -->\n<title>Gestion des donn\u00e9es | INTEGRA Metering AG<\/title>\n<meta name=\"robots\" content=\"index, follow, max-snippet:-1, max-image-preview:large, max-video-preview:-1\" \/>\n<link rel=\"canonical\" href=\"https:\/\/ch.integra-metering.com\/fr\/gestion-des-donnees\/\" \/>\n<meta property=\"og:locale\" content=\"fr_FR\" \/>\n<meta property=\"og:type\" content=\"article\" \/>\n<meta property=\"og:title\" content=\"Gestion des donn\u00e9es | INTEGRA Metering AG\" \/>\n<meta property=\"og:description\" content=\"Relev\u00e9 mobile des compteurs AMBILL\u00ae derago Le syst\u00e8me Ambill\u00ae derago simplifie le relev\u00e9 mobile de vos appareils dans les domaines du gaz, de l&rsquo;eau, de l&rsquo;\u00e9lectricit\u00e9 et du chauffage. En installant ce logiciel sur votre appareil mobile, vous pouvez relever vos donn\u00e9es manuellement, par infrarouge ou facilement par radio. Ensuite, vos donn\u00e9es sont transmises par [&hellip;]\" \/>\n<meta property=\"og:url\" content=\"https:\/\/ch.integra-metering.com\/fr\/gestion-des-donnees\/\" \/>\n<meta property=\"og:site_name\" content=\"INTEGRA Metering AG\" \/>\n<meta property=\"article:modified_time\" content=\"2024-10-28T13:38:25+00:00\" \/>\n<meta property=\"og:image\" content=\"https:\/\/ch.integra-metering.com\/wp-content\/uploads\/sites\/4\/2023\/06\/AMBILL_derago-700x431.png\" \/>\n<meta name=\"twitter:card\" content=\"summary_large_image\" \/>\n<meta name=\"twitter:label1\" content=\"Dur\u00e9e de lecture estim\u00e9e\" \/>\n\t<meta name=\"twitter:data1\" content=\"3 minutes\" \/>\n<script type=\"application\/ld+json\" class=\"yoast-schema-graph\">{\"@context\":\"https:\/\/schema.org\",\"@graph\":[{\"@type\":\"WebPage\",\"@id\":\"https:\/\/ch.integra-metering.com\/fr\/gestion-des-donnees\/\",\"url\":\"https:\/\/ch.integra-metering.com\/fr\/gestion-des-donnees\/\",\"name\":\"Gestion des donn\u00e9es | INTEGRA Metering AG\",\"isPartOf\":{\"@id\":\"https:\/\/ch.integra-metering.com\/#website\"},\"primaryImageOfPage\":{\"@id\":\"https:\/\/ch.integra-metering.com\/fr\/gestion-des-donnees\/#primaryimage\"},\"image\":{\"@id\":\"https:\/\/ch.integra-metering.com\/fr\/gestion-des-donnees\/#primaryimage\"},\"thumbnailUrl\":\"https:\/\/ch.integra-metering.com\/wp-content\/uploads\/sites\/4\/2023\/06\/AMBILL_derago-700x431.png\",\"datePublished\":\"2021-12-13T15:04:28+00:00\",\"dateModified\":\"2024-10-28T13:38:25+00:00\",\"breadcrumb\":{\"@id\":\"https:\/\/ch.integra-metering.com\/fr\/gestion-des-donnees\/#breadcrumb\"},\"inLanguage\":\"fr-FR\",\"potentialAction\":[{\"@type\":\"ReadAction\",\"target\":[\"https:\/\/ch.integra-metering.com\/fr\/gestion-des-donnees\/\"]}]},{\"@type\":\"ImageObject\",\"inLanguage\":\"fr-FR\",\"@id\":\"https:\/\/ch.integra-metering.com\/fr\/gestion-des-donnees\/#primaryimage\",\"url\":\"https:\/\/ch.integra-metering.com\/wp-content\/uploads\/sites\/4\/2023\/06\/AMBILL_derago-700x431.png\",\"contentUrl\":\"https:\/\/ch.integra-metering.com\/wp-content\/uploads\/sites\/4\/2023\/06\/AMBILL_derago-700x431.png\"},{\"@type\":\"BreadcrumbList\",\"@id\":\"https:\/\/ch.integra-metering.com\/fr\/gestion-des-donnees\/#breadcrumb\",\"itemListElement\":[{\"@type\":\"ListItem\",\"position\":1,\"name\":\"Home\",\"item\":\"https:\/\/ch.integra-metering.com\/fr\/\"},{\"@type\":\"ListItem\",\"position\":2,\"name\":\"Gestion des donn\u00e9es\"}]},{\"@type\":\"WebSite\",\"@id\":\"https:\/\/ch.integra-metering.com\/#website\",\"url\":\"https:\/\/ch.integra-metering.com\/\",\"name\":\"INTEGRA Metering AG\",\"description\":\"Herzlich willkommen auf der neuen Aquametro Homepage | Bienvenue sur le site Aquametro Suisse\",\"publisher\":{\"@id\":\"https:\/\/ch.integra-metering.com\/#organization\"},\"potentialAction\":[{\"@type\":\"SearchAction\",\"target\":{\"@type\":\"EntryPoint\",\"urlTemplate\":\"https:\/\/ch.integra-metering.com\/?s={search_term_string}\"},\"query-input\":{\"@type\":\"PropertyValueSpecification\",\"valueRequired\":true,\"valueName\":\"search_term_string\"}}],\"inLanguage\":\"fr-FR\"},{\"@type\":\"Organization\",\"@id\":\"https:\/\/ch.integra-metering.com\/#organization\",\"name\":\"INTEGRA Metering AG\",\"url\":\"https:\/\/ch.integra-metering.com\/\",\"logo\":{\"@type\":\"ImageObject\",\"inLanguage\":\"fr-FR\",\"@id\":\"https:\/\/ch.integra-metering.com\/#\/schema\/logo\/image\/\",\"url\":\"https:\/\/ch.integra-metering.com\/wp-content\/uploads\/sites\/4\/2019\/11\/integra-logo-dark.svg\",\"contentUrl\":\"https:\/\/ch.integra-metering.com\/wp-content\/uploads\/sites\/4\/2019\/11\/integra-logo-dark.svg\",\"width\":1,\"height\":1,\"caption\":\"INTEGRA Metering AG\"},\"image\":{\"@id\":\"https:\/\/ch.integra-metering.com\/#\/schema\/logo\/image\/\"},\"sameAs\":[\"https:\/\/ch.linkedin.com\/company\/aquametro-ag\"]}]}<\/script>\n<!-- \/ Yoast SEO plugin. -->","yoast_head_json":{"title":"Gestion des donn\u00e9es | INTEGRA Metering AG","robots":{"index":"index","follow":"follow","max-snippet":"max-snippet:-1","max-image-preview":"max-image-preview:large","max-video-preview":"max-video-preview:-1"},"canonical":"https:\/\/ch.integra-metering.com\/fr\/gestion-des-donnees\/","og_locale":"fr_FR","og_type":"article","og_title":"Gestion des donn\u00e9es | INTEGRA Metering AG","og_description":"Relev\u00e9 mobile des compteurs AMBILL\u00ae derago Le syst\u00e8me Ambill\u00ae derago simplifie le relev\u00e9 mobile de vos appareils dans les domaines du gaz, de l&rsquo;eau, de l&rsquo;\u00e9lectricit\u00e9 et du chauffage. En installant ce logiciel sur votre appareil mobile, vous pouvez relever vos donn\u00e9es manuellement, par infrarouge ou facilement par radio. Ensuite, vos donn\u00e9es sont transmises par [&hellip;]","og_url":"https:\/\/ch.integra-metering.com\/fr\/gestion-des-donnees\/","og_site_name":"INTEGRA Metering AG","article_modified_time":"2024-10-28T13:38:25+00:00","og_image":[{"url":"https:\/\/ch.integra-metering.com\/wp-content\/uploads\/sites\/4\/2023\/06\/AMBILL_derago-700x431.png","type":"","width":"","height":""}],"twitter_card":"summary_large_image","twitter_misc":{"Dur\u00e9e de lecture estim\u00e9e":"3 minutes"},"schema":{"@context":"https:\/\/schema.org","@graph":[{"@type":"WebPage","@id":"https:\/\/ch.integra-metering.com\/fr\/gestion-des-donnees\/","url":"https:\/\/ch.integra-metering.com\/fr\/gestion-des-donnees\/","name":"Gestion des donn\u00e9es | INTEGRA Metering AG","isPartOf":{"@id":"https:\/\/ch.integra-metering.com\/#website"},"primaryImageOfPage":{"@id":"https:\/\/ch.integra-metering.com\/fr\/gestion-des-donnees\/#primaryimage"},"image":{"@id":"https:\/\/ch.integra-metering.com\/fr\/gestion-des-donnees\/#primaryimage"},"thumbnailUrl":"https:\/\/ch.integra-metering.com\/wp-content\/uploads\/sites\/4\/2023\/06\/AMBILL_derago-700x431.png","datePublished":"2021-12-13T15:04:28+00:00","dateModified":"2024-10-28T13:38:25+00:00","breadcrumb":{"@id":"https:\/\/ch.integra-metering.com\/fr\/gestion-des-donnees\/#breadcrumb"},"inLanguage":"fr-FR","potentialAction":[{"@type":"ReadAction","target":["https:\/\/ch.integra-metering.com\/fr\/gestion-des-donnees\/"]}]},{"@type":"ImageObject","inLanguage":"fr-FR","@id":"https:\/\/ch.integra-metering.com\/fr\/gestion-des-donnees\/#primaryimage","url":"https:\/\/ch.integra-metering.com\/wp-content\/uploads\/sites\/4\/2023\/06\/AMBILL_derago-700x431.png","contentUrl":"https:\/\/ch.integra-metering.com\/wp-content\/uploads\/sites\/4\/2023\/06\/AMBILL_derago-700x431.png"},{"@type":"BreadcrumbList","@id":"https:\/\/ch.integra-metering.com\/fr\/gestion-des-donnees\/#breadcrumb","itemListElement":[{"@type":"ListItem","position":1,"name":"Home","item":"https:\/\/ch.integra-metering.com\/fr\/"},{"@type":"ListItem","position":2,"name":"Gestion des donn\u00e9es"}]},{"@type":"WebSite","@id":"https:\/\/ch.integra-metering.com\/#website","url":"https:\/\/ch.integra-metering.com\/","name":"INTEGRA Metering AG","description":"Herzlich willkommen auf der neuen Aquametro Homepage | Bienvenue sur le site Aquametro Suisse","publisher":{"@id":"https:\/\/ch.integra-metering.com\/#organization"},"potentialAction":[{"@type":"SearchAction","target":{"@type":"EntryPoint","urlTemplate":"https:\/\/ch.integra-metering.com\/?s={search_term_string}"},"query-input":{"@type":"PropertyValueSpecification","valueRequired":true,"valueName":"search_term_string"}}],"inLanguage":"fr-FR"},{"@type":"Organization","@id":"https:\/\/ch.integra-metering.com\/#organization","name":"INTEGRA Metering AG","url":"https:\/\/ch.integra-metering.com\/","logo":{"@type":"ImageObject","inLanguage":"fr-FR","@id":"https:\/\/ch.integra-metering.com\/#\/schema\/logo\/image\/","url":"https:\/\/ch.integra-metering.com\/wp-content\/uploads\/sites\/4\/2019\/11\/integra-logo-dark.svg","contentUrl":"https:\/\/ch.integra-metering.com\/wp-content\/uploads\/sites\/4\/2019\/11\/integra-logo-dark.svg","width":1,"height":1,"caption":"INTEGRA Metering AG"},"image":{"@id":"https:\/\/ch.integra-metering.com\/#\/schema\/logo\/image\/"},"sameAs":["https:\/\/ch.linkedin.com\/company\/aquametro-ag"]}]}},"_links":{"self":[{"href":"https:\/\/ch.integra-metering.com\/fr\/wp-json\/wp\/v2\/pages\/5172","targetHints":{"allow":["GET"]}}],"collection":[{"href":"https:\/\/ch.integra-metering.com\/fr\/wp-json\/wp\/v2\/pages"}],"about":[{"href":"https:\/\/ch.integra-metering.com\/fr\/wp-json\/wp\/v2\/types\/page"}],"author":[{"embeddable":true,"href":"https:\/\/ch.integra-metering.com\/fr\/wp-json\/wp\/v2\/users\/16"}],"replies":[{"embeddable":true,"href":"https:\/\/ch.integra-metering.com\/fr\/wp-json\/wp\/v2\/comments?post=5172"}],"version-history":[{"count":17,"href":"https:\/\/ch.integra-metering.com\/fr\/wp-json\/wp\/v2\/pages\/5172\/revisions"}],"predecessor-version":[{"id":7754,"href":"https:\/\/ch.integra-metering.com\/fr\/wp-json\/wp\/v2\/pages\/5172\/revisions\/7754"}],"wp:attachment":[{"href":"https:\/\/ch.integra-metering.com\/fr\/wp-json\/wp\/v2\/media?parent=5172"}],"curies":[{"name":"wp","href":"https:\/\/api.w.org\/{rel}","templated":true}]}}