{"id":5181,"date":"2021-12-13T15:05:04","date_gmt":"2021-12-13T15:05:04","guid":{"rendered":"https:\/\/ch.integra-metering.com\/?page_id=5181"},"modified":"2024-10-28T13:29:34","modified_gmt":"2024-10-28T13:29:34","slug":"gestion-des-instruments","status":"publish","type":"page","link":"https:\/\/ch.integra-metering.com\/fr\/gestion-des-instruments\/","title":{"rendered":"Gestion des instruments"},"content":{"rendered":"\n<div class=\"wp-block-columns is-layout-flex wp-container-core-columns-is-layout-1 wp-block-columns-is-layout-flex\">\n<div class=\"wp-block-column is-layout-flow wp-block-column-is-layout-flow\" style=\"flex-basis:33.33%\">\n<figure class=\"wp-block-image size-large is-resized\"><img loading=\"lazy\" decoding=\"async\" src=\"https:\/\/ch.integra-metering.com\/wp-content\/uploads\/sites\/4\/2019\/11\/home-who-are-we.png\" alt=\"\" class=\"wp-image-430\" width=\"280\" height=\"139\"\/><\/figure>\n<\/div>\n\n\n\n<div class=\"wp-block-column is-layout-flow wp-block-column-is-layout-flow\" style=\"flex-basis:66.66%\">\n<h3 class=\"wp-block-heading\"><strong>Mise en service<\/strong><\/h3>\n\n\n\n<p>Gr\u00e2ce \u00e0 nos services, nous pouvons surmonter les difficult\u00e9s \u00e9ventuelles et veiller \u00e0 ce que vos appareils soient install\u00e9s correctement. Nous vous aidons \u00e0 concevoir les points de mesure sur la base de diagrammes de chauffage. Nous veillons \u00e0 ce que votre installation r\u00e9ponde \u00e0 vos besoins afin que vous puissiez en tirer le meilleur parti possible. Enfin, nous nous occupons \u00e9galement des protocoles n\u00e9cessaires.<\/p>\n\n\n\n<p>Pour b\u00e9n\u00e9ficier de ce service, contactez-nous d\u00e8s maintenant par e-mail :<br><strong><a href=\"mailto:service.vevey@integra-metering.com\">service.vevey@integra-metering.com<\/a><\/strong><\/p>\n<\/div>\n<\/div>\n\n\n\n<div class=\"wp-block-columns is-layout-flex wp-container-core-columns-is-layout-2 wp-block-columns-is-layout-flex\">\n<div class=\"wp-block-column is-layout-flow wp-block-column-is-layout-flow\" style=\"flex-basis:66.66%\">\n<h3 class=\"wp-block-heading\"><strong>Extension de garantie<\/strong><\/h3>\n\n\n\n<p class=\"has-text-align-left\">Nous vous offrons l&rsquo;option d&rsquo;une extension de garantie d&rsquo;un maximum de 5 ans. La garantie standard de 2 ans peut donc \u00eatre prolong\u00e9e de 3 ann\u00e9es suppl\u00e9mentaires au maximum. Profitez sans souci de la s\u00e9curit\u00e9 globale de votre investissement et soyez flexible pendant la dur\u00e9e de vie de votre appareil.<\/p>\n\n\n\n<p>Pour b\u00e9n\u00e9ficier de ce service, contactez-nous d\u00e8s maintenant par e-mail :<br><strong><strong><a href=\"mailto:service.vevey@integra-metering.com\">service.vevey@integra-metering.com<\/a><\/strong><\/strong><\/p>\n<\/div>\n\n\n\n<div class=\"wp-block-column is-layout-flow wp-block-column-is-layout-flow\" style=\"flex-basis:33.33%\">\n<figure class=\"wp-block-image size-large is-resized\"><img loading=\"lazy\" decoding=\"async\" src=\"https:\/\/ch.integra-metering.com\/wp-content\/uploads\/sites\/4\/2021\/11\/Garantieverlaengerung.png\" alt=\"\" class=\"wp-image-5097\" width=\"280\" height=\"245\"\/><\/figure>\n<\/div>\n<\/div>\n\n\n\n<div class=\"wp-block-columns is-layout-flex wp-container-core-columns-is-layout-3 wp-block-columns-is-layout-flex\">\n<div class=\"wp-block-column is-layout-flow wp-block-column-is-layout-flow\" style=\"flex-basis:33.33%\">\n<figure class=\"wp-block-image size-large is-resized is-style-default\"><img loading=\"lazy\" decoding=\"async\" src=\"https:\/\/ch.integra-metering.com\/wp-content\/uploads\/sites\/4\/2021\/11\/Zaehlerpackerneuerung.png\" alt=\"\" class=\"wp-image-5099\" width=\"280\" height=\"245\"\/><\/figure>\n<\/div>\n\n\n\n<div class=\"wp-block-column is-layout-flow wp-block-column-is-layout-flow\" style=\"flex-basis:66.66%\">\n<h3 class=\"wp-block-heading\"><strong>Renouvellement des compteurs<\/strong><\/h3>\n\n\n\n<p>Pour prot\u00e9ger votre investissement, nous vous proposons un renouvellement du parc de compteurs pour une p\u00e9riode de 5 \u00e0 12 ans. Pendant cette p\u00e9riode, nous garantissons le fonctionnement de vos compteurs et rempla\u00e7ons les appareils d\u00e9fectueux si n\u00e9cessaire.<\/p>\n\n\n\n<p>Pour b\u00e9n\u00e9ficier de ce service, contactez-nous d\u00e8s maintenant par e-mail :<br><strong><strong><a href=\"mailto:service.vevey@integra-metering.com\">service.vevey@integra-metering.com<\/a><\/strong><\/strong><\/p>\n<\/div>\n<\/div>\n\n\n\n<div class=\"wp-block-columns is-layout-flex wp-container-core-columns-is-layout-4 wp-block-columns-is-layout-flex\">\n<div class=\"wp-block-column is-layout-flow wp-block-column-is-layout-flow\" style=\"flex-basis:66.66%\">\n<h3 class=\"wp-block-heading\"><strong>Inspection p\u00e9riodique<\/strong><\/h3>\n\n\n\n<p class=\"has-text-align-left\">Nous assurons un contr\u00f4le fonctionnel professionnel et conforme aux normes de tous les compteurs d&rsquo;\u00e9nergie et d&rsquo;eau install\u00e9s dans les domaines de la climatisation et du chauffage. Afin d&rsquo;\u00e9viter les co\u00fbts de suivi de mesures incorrectes ou contestables, vous pouvez b\u00e9n\u00e9ficier de notre contr\u00f4le p\u00e9riodique.<\/p>\n\n\n\n<p>Pour b\u00e9n\u00e9ficier de ce service, contactez-nous d\u00e8s maintenant par e-mail :<br><strong><strong><a href=\"mailto:service.vevey@integra-metering.com\">service.vevey@integra-metering.com<\/a><\/strong><\/strong><\/p>\n<\/div>\n\n\n\n<div class=\"wp-block-column is-layout-flow wp-block-column-is-layout-flow\" style=\"flex-basis:33.33%\">\n<figure class=\"wp-block-image size-large is-resized\"><img loading=\"lazy\" decoding=\"async\" src=\"https:\/\/ch.integra-metering.com\/wp-content\/uploads\/sites\/4\/2021\/11\/Periodische_Kontrolle.png\" alt=\"\" class=\"wp-image-5101\" width=\"280\" height=\"245\"\/><\/figure>\n<\/div>\n<\/div>\n","protected":false},"excerpt":{"rendered":"<p>Mise en service Gr\u00e2ce \u00e0 nos services, nous pouvons surmonter les difficult\u00e9s \u00e9ventuelles et veiller \u00e0 ce que vos appareils soient install\u00e9s correctement. Nous vous aidons \u00e0 concevoir les points de mesure sur la base de diagrammes de chauffage. Nous veillons \u00e0 ce que votre installation r\u00e9ponde \u00e0 vos besoins afin que vous puissiez en [&hellip;]<\/p>\n","protected":false},"author":16,"featured_media":0,"parent":0,"menu_order":0,"comment_status":"closed","ping_status":"closed","template":"","meta":{"_acf_changed":false,"_monsterinsights_skip_tracking":false,"_monsterinsights_sitenote_active":false,"_monsterinsights_sitenote_note":"","_monsterinsights_sitenote_category":0,"footnotes":""},"class_list":["post-5181","page","type-page","status-publish","hentry"],"acf":[],"yoast_head":"<!-- This site is optimized with the Yoast SEO plugin v24.5 - https:\/\/yoast.com\/wordpress\/plugins\/seo\/ -->\n<title>Gestion des instruments | INTEGRA Metering AG<\/title>\n<meta name=\"robots\" content=\"index, follow, max-snippet:-1, max-image-preview:large, max-video-preview:-1\" \/>\n<link rel=\"canonical\" href=\"https:\/\/ch.integra-metering.com\/fr\/gestion-des-instruments\/\" \/>\n<meta property=\"og:locale\" content=\"fr_FR\" \/>\n<meta property=\"og:type\" content=\"article\" \/>\n<meta property=\"og:title\" content=\"Gestion des instruments | INTEGRA Metering AG\" \/>\n<meta property=\"og:description\" content=\"Mise en service Gr\u00e2ce \u00e0 nos services, nous pouvons surmonter les difficult\u00e9s \u00e9ventuelles et veiller \u00e0 ce que vos appareils soient install\u00e9s correctement. Nous vous aidons \u00e0 concevoir les points de mesure sur la base de diagrammes de chauffage. Nous veillons \u00e0 ce que votre installation r\u00e9ponde \u00e0 vos besoins afin que vous puissiez en [&hellip;]\" \/>\n<meta property=\"og:url\" content=\"https:\/\/ch.integra-metering.com\/fr\/gestion-des-instruments\/\" \/>\n<meta property=\"og:site_name\" content=\"INTEGRA Metering AG\" \/>\n<meta property=\"article:modified_time\" content=\"2024-10-28T13:29:34+00:00\" \/>\n<meta property=\"og:image\" content=\"https:\/\/ch.integra-metering.com\/wp-content\/uploads\/sites\/4\/2019\/11\/home-who-are-we.png\" \/>\n<meta name=\"twitter:card\" content=\"summary_large_image\" \/>\n<meta name=\"twitter:label1\" content=\"Dur\u00e9e de lecture estim\u00e9e\" \/>\n\t<meta name=\"twitter:data1\" content=\"2 minutes\" \/>\n<script type=\"application\/ld+json\" class=\"yoast-schema-graph\">{\"@context\":\"https:\/\/schema.org\",\"@graph\":[{\"@type\":\"WebPage\",\"@id\":\"https:\/\/ch.integra-metering.com\/fr\/gestion-des-instruments\/\",\"url\":\"https:\/\/ch.integra-metering.com\/fr\/gestion-des-instruments\/\",\"name\":\"Gestion des instruments | INTEGRA Metering AG\",\"isPartOf\":{\"@id\":\"https:\/\/ch.integra-metering.com\/#website\"},\"primaryImageOfPage\":{\"@id\":\"https:\/\/ch.integra-metering.com\/fr\/gestion-des-instruments\/#primaryimage\"},\"image\":{\"@id\":\"https:\/\/ch.integra-metering.com\/fr\/gestion-des-instruments\/#primaryimage\"},\"thumbnailUrl\":\"https:\/\/ch.integra-metering.com\/wp-content\/uploads\/sites\/4\/2019\/11\/home-who-are-we.png\",\"datePublished\":\"2021-12-13T15:05:04+00:00\",\"dateModified\":\"2024-10-28T13:29:34+00:00\",\"breadcrumb\":{\"@id\":\"https:\/\/ch.integra-metering.com\/fr\/gestion-des-instruments\/#breadcrumb\"},\"inLanguage\":\"fr-FR\",\"potentialAction\":[{\"@type\":\"ReadAction\",\"target\":[\"https:\/\/ch.integra-metering.com\/fr\/gestion-des-instruments\/\"]}]},{\"@type\":\"ImageObject\",\"inLanguage\":\"fr-FR\",\"@id\":\"https:\/\/ch.integra-metering.com\/fr\/gestion-des-instruments\/#primaryimage\",\"url\":\"https:\/\/ch.integra-metering.com\/wp-content\/uploads\/sites\/4\/2019\/11\/home-who-are-we.png\",\"contentUrl\":\"https:\/\/ch.integra-metering.com\/wp-content\/uploads\/sites\/4\/2019\/11\/home-who-are-we.png\"},{\"@type\":\"BreadcrumbList\",\"@id\":\"https:\/\/ch.integra-metering.com\/fr\/gestion-des-instruments\/#breadcrumb\",\"itemListElement\":[{\"@type\":\"ListItem\",\"position\":1,\"name\":\"Home\",\"item\":\"https:\/\/ch.integra-metering.com\/fr\/\"},{\"@type\":\"ListItem\",\"position\":2,\"name\":\"Gestion des instruments\"}]},{\"@type\":\"WebSite\",\"@id\":\"https:\/\/ch.integra-metering.com\/#website\",\"url\":\"https:\/\/ch.integra-metering.com\/\",\"name\":\"INTEGRA Metering AG\",\"description\":\"Herzlich willkommen auf der neuen Aquametro Homepage | Bienvenue sur le site Aquametro Suisse\",\"publisher\":{\"@id\":\"https:\/\/ch.integra-metering.com\/#organization\"},\"potentialAction\":[{\"@type\":\"SearchAction\",\"target\":{\"@type\":\"EntryPoint\",\"urlTemplate\":\"https:\/\/ch.integra-metering.com\/?s={search_term_string}\"},\"query-input\":{\"@type\":\"PropertyValueSpecification\",\"valueRequired\":true,\"valueName\":\"search_term_string\"}}],\"inLanguage\":\"fr-FR\"},{\"@type\":\"Organization\",\"@id\":\"https:\/\/ch.integra-metering.com\/#organization\",\"name\":\"INTEGRA Metering AG\",\"url\":\"https:\/\/ch.integra-metering.com\/\",\"logo\":{\"@type\":\"ImageObject\",\"inLanguage\":\"fr-FR\",\"@id\":\"https:\/\/ch.integra-metering.com\/#\/schema\/logo\/image\/\",\"url\":\"https:\/\/ch.integra-metering.com\/wp-content\/uploads\/sites\/4\/2019\/11\/integra-logo-dark.svg\",\"contentUrl\":\"https:\/\/ch.integra-metering.com\/wp-content\/uploads\/sites\/4\/2019\/11\/integra-logo-dark.svg\",\"width\":1,\"height\":1,\"caption\":\"INTEGRA Metering AG\"},\"image\":{\"@id\":\"https:\/\/ch.integra-metering.com\/#\/schema\/logo\/image\/\"},\"sameAs\":[\"https:\/\/ch.linkedin.com\/company\/aquametro-ag\"]}]}<\/script>\n<!-- \/ Yoast SEO plugin. -->","yoast_head_json":{"title":"Gestion des instruments | INTEGRA Metering AG","robots":{"index":"index","follow":"follow","max-snippet":"max-snippet:-1","max-image-preview":"max-image-preview:large","max-video-preview":"max-video-preview:-1"},"canonical":"https:\/\/ch.integra-metering.com\/fr\/gestion-des-instruments\/","og_locale":"fr_FR","og_type":"article","og_title":"Gestion des instruments | INTEGRA Metering AG","og_description":"Mise en service Gr\u00e2ce \u00e0 nos services, nous pouvons surmonter les difficult\u00e9s \u00e9ventuelles et veiller \u00e0 ce que vos appareils soient install\u00e9s correctement. Nous vous aidons \u00e0 concevoir les points de mesure sur la base de diagrammes de chauffage. Nous veillons \u00e0 ce que votre installation r\u00e9ponde \u00e0 vos besoins afin que vous puissiez en [&hellip;]","og_url":"https:\/\/ch.integra-metering.com\/fr\/gestion-des-instruments\/","og_site_name":"INTEGRA Metering AG","article_modified_time":"2024-10-28T13:29:34+00:00","og_image":[{"url":"https:\/\/ch.integra-metering.com\/wp-content\/uploads\/sites\/4\/2019\/11\/home-who-are-we.png","type":"","width":"","height":""}],"twitter_card":"summary_large_image","twitter_misc":{"Dur\u00e9e de lecture estim\u00e9e":"2 minutes"},"schema":{"@context":"https:\/\/schema.org","@graph":[{"@type":"WebPage","@id":"https:\/\/ch.integra-metering.com\/fr\/gestion-des-instruments\/","url":"https:\/\/ch.integra-metering.com\/fr\/gestion-des-instruments\/","name":"Gestion des instruments | INTEGRA Metering AG","isPartOf":{"@id":"https:\/\/ch.integra-metering.com\/#website"},"primaryImageOfPage":{"@id":"https:\/\/ch.integra-metering.com\/fr\/gestion-des-instruments\/#primaryimage"},"image":{"@id":"https:\/\/ch.integra-metering.com\/fr\/gestion-des-instruments\/#primaryimage"},"thumbnailUrl":"https:\/\/ch.integra-metering.com\/wp-content\/uploads\/sites\/4\/2019\/11\/home-who-are-we.png","datePublished":"2021-12-13T15:05:04+00:00","dateModified":"2024-10-28T13:29:34+00:00","breadcrumb":{"@id":"https:\/\/ch.integra-metering.com\/fr\/gestion-des-instruments\/#breadcrumb"},"inLanguage":"fr-FR","potentialAction":[{"@type":"ReadAction","target":["https:\/\/ch.integra-metering.com\/fr\/gestion-des-instruments\/"]}]},{"@type":"ImageObject","inLanguage":"fr-FR","@id":"https:\/\/ch.integra-metering.com\/fr\/gestion-des-instruments\/#primaryimage","url":"https:\/\/ch.integra-metering.com\/wp-content\/uploads\/sites\/4\/2019\/11\/home-who-are-we.png","contentUrl":"https:\/\/ch.integra-metering.com\/wp-content\/uploads\/sites\/4\/2019\/11\/home-who-are-we.png"},{"@type":"BreadcrumbList","@id":"https:\/\/ch.integra-metering.com\/fr\/gestion-des-instruments\/#breadcrumb","itemListElement":[{"@type":"ListItem","position":1,"name":"Home","item":"https:\/\/ch.integra-metering.com\/fr\/"},{"@type":"ListItem","position":2,"name":"Gestion des instruments"}]},{"@type":"WebSite","@id":"https:\/\/ch.integra-metering.com\/#website","url":"https:\/\/ch.integra-metering.com\/","name":"INTEGRA Metering AG","description":"Herzlich willkommen auf der neuen Aquametro Homepage | Bienvenue sur le site Aquametro Suisse","publisher":{"@id":"https:\/\/ch.integra-metering.com\/#organization"},"potentialAction":[{"@type":"SearchAction","target":{"@type":"EntryPoint","urlTemplate":"https:\/\/ch.integra-metering.com\/?s={search_term_string}"},"query-input":{"@type":"PropertyValueSpecification","valueRequired":true,"valueName":"search_term_string"}}],"inLanguage":"fr-FR"},{"@type":"Organization","@id":"https:\/\/ch.integra-metering.com\/#organization","name":"INTEGRA Metering AG","url":"https:\/\/ch.integra-metering.com\/","logo":{"@type":"ImageObject","inLanguage":"fr-FR","@id":"https:\/\/ch.integra-metering.com\/#\/schema\/logo\/image\/","url":"https:\/\/ch.integra-metering.com\/wp-content\/uploads\/sites\/4\/2019\/11\/integra-logo-dark.svg","contentUrl":"https:\/\/ch.integra-metering.com\/wp-content\/uploads\/sites\/4\/2019\/11\/integra-logo-dark.svg","width":1,"height":1,"caption":"INTEGRA Metering AG"},"image":{"@id":"https:\/\/ch.integra-metering.com\/#\/schema\/logo\/image\/"},"sameAs":["https:\/\/ch.linkedin.com\/company\/aquametro-ag"]}]}},"_links":{"self":[{"href":"https:\/\/ch.integra-metering.com\/fr\/wp-json\/wp\/v2\/pages\/5181","targetHints":{"allow":["GET"]}}],"collection":[{"href":"https:\/\/ch.integra-metering.com\/fr\/wp-json\/wp\/v2\/pages"}],"about":[{"href":"https:\/\/ch.integra-metering.com\/fr\/wp-json\/wp\/v2\/types\/page"}],"author":[{"embeddable":true,"href":"https:\/\/ch.integra-metering.com\/fr\/wp-json\/wp\/v2\/users\/16"}],"replies":[{"embeddable":true,"href":"https:\/\/ch.integra-metering.com\/fr\/wp-json\/wp\/v2\/comments?post=5181"}],"version-history":[{"count":7,"href":"https:\/\/ch.integra-metering.com\/fr\/wp-json\/wp\/v2\/pages\/5181\/revisions"}],"predecessor-version":[{"id":7751,"href":"https:\/\/ch.integra-metering.com\/fr\/wp-json\/wp\/v2\/pages\/5181\/revisions\/7751"}],"wp:attachment":[{"href":"https:\/\/ch.integra-metering.com\/fr\/wp-json\/wp\/v2\/media?parent=5181"}],"curies":[{"name":"wp","href":"https:\/\/api.w.org\/{rel}","templated":true}]}}