{"id":5189,"date":"2021-12-13T15:05:54","date_gmt":"2021-12-13T15:05:54","guid":{"rendered":"https:\/\/ch.integra-metering.com\/?page_id=5189"},"modified":"2023-01-04T11:48:51","modified_gmt":"2023-01-04T11:48:51","slug":"prestation","status":"publish","type":"page","link":"https:\/\/ch.integra-metering.com\/fr\/prestation\/","title":{"rendered":"Prestation"},"content":{"rendered":"\n<div class=\"wp-block-columns is-layout-flex wp-container-core-columns-is-layout-1 wp-block-columns-is-layout-flex\">\n<div class=\"wp-block-column is-layout-flow wp-block-column-is-layout-flow\" style=\"flex-basis:33.33%\">\n<figure class=\"wp-block-image size-large is-resized\"><img loading=\"lazy\" decoding=\"async\" src=\"https:\/\/ch.integra-metering.com\/wp-content\/uploads\/sites\/4\/2021\/11\/Geratemanagement.png\" alt=\"\" class=\"wp-image-5078\" width=\"280\" height=\"245\"\/><\/figure>\n<\/div>\n\n\n\n<div class=\"wp-block-column is-layout-flow wp-block-column-is-layout-flow\" style=\"flex-basis:66.66%\">\n<h3 class=\"wp-block-heading\"><strong>Gestion des instruments<\/strong><\/h3>\n\n\n\n<p>Vous trouverez en INTEGRA Metering un partenaire qui vous accompagnera pas \u00e0 pas et vous soutiendra dans l&rsquo;installation de votre syst\u00e8me. Gr\u00e2ce \u00e0 nos conseils professionnels, nous vous soutenons dans divers domaines, notamment : Extensions de garantie, renouvellement des parcs de compteurs et v\u00e9rifications p\u00e9riodiques.<\/p>\n\n\n\n<p><strong><strong><a href=\"https:\/\/ch.integra-metering.com\/fr\/gestion-des-instruments\/\">Nos offres de service<\/a><\/strong><\/strong><\/p>\n<\/div>\n<\/div>\n\n\n\n<div class=\"wp-block-columns is-layout-flex wp-container-core-columns-is-layout-2 wp-block-columns-is-layout-flex\">\n<div class=\"wp-block-column is-layout-flow wp-block-column-is-layout-flow\" style=\"flex-basis:66.66%\">\n<h3 class=\"wp-block-heading\"><strong>Mesures et \u00e9talonnages<\/strong><\/h3>\n\n\n\n<p class=\"has-text-align-left\">Les produits INTEGRA Metering se caract\u00e9risent par leur pr\u00e9cision et leur qualit\u00e9. Cela peut \u00eatre garanti par plusieurs services dans le domaine de la mesure et de l&rsquo;\u00e9talonnage. Nos services ici consistent \u00e0 : \u00c9talonnages SCS, mesures mobiles, \u00e9talonnages et \u00e9talonnages en usine.<\/p>\n\n\n\n<p><strong><strong><a href=\"https:\/\/ch.integra-metering.com\/fr\/mesures-et-etalonnages\/\">Nos offres de service<\/a><\/strong><\/strong><\/p>\n<\/div>\n\n\n\n<div class=\"wp-block-column is-layout-flow wp-block-column-is-layout-flow\" style=\"flex-basis:33.33%\">\n<figure class=\"wp-block-image size-large is-resized\"><img loading=\"lazy\" decoding=\"async\" src=\"https:\/\/ch.integra-metering.com\/wp-content\/uploads\/sites\/4\/2021\/11\/Messungen_und_Kalibrierungen.png\" alt=\"\" class=\"wp-image-5084\" width=\"280\" height=\"245\"\/><\/figure>\n<\/div>\n<\/div>\n\n\n\n<div class=\"wp-block-columns is-layout-flex wp-container-core-columns-is-layout-3 wp-block-columns-is-layout-flex\">\n<div class=\"wp-block-column is-layout-flow wp-block-column-is-layout-flow\" style=\"flex-basis:33.33%\">\n<figure class=\"wp-block-image size-large is-resized is-style-default\"><img loading=\"lazy\" decoding=\"async\" src=\"https:\/\/ch.integra-metering.com\/wp-content\/uploads\/sites\/4\/2021\/11\/Datenmanagement.png\" alt=\"\" class=\"wp-image-5071\" width=\"280\" height=\"245\"\/><\/figure>\n<\/div>\n\n\n\n<div class=\"wp-block-column is-layout-flow wp-block-column-is-layout-flow\" style=\"flex-basis:66.66%\">\n<h3 class=\"wp-block-heading\"><strong>Gestion des donn\u00e9es<\/strong><\/h3>\n\n\n\n<p>La num\u00e9risation de vos installations et le traitement de ces donn\u00e9es sont extr\u00eamement importants pour nous, c&rsquo;est pourquoi nous vous apportons un soutien polyvalent dans ce domaine. \u00c0 cet \u00e9gard, nous proposons \u00e9galement une assistance pour la facturation du chauffage et des frais annexes. Enfin, avec le relev\u00e9 mobile des compteurs AMBILL derago et LoRaWAN, nous veillons \u00e0 ce que votre syst\u00e8me soit parfaitement \u00e9quip\u00e9 pour visualiser et traiter vos donn\u00e9es.<\/p>\n\n\n\n<p><strong><strong><a href=\"https:\/\/ch.integra-metering.com\/fr\/gestion-des-donnees\/\">Nos offres de service<\/a><\/strong><\/strong><\/p>\n<\/div>\n<\/div>\n","protected":false},"excerpt":{"rendered":"<p>Gestion des instruments Vous trouverez en INTEGRA Metering un partenaire qui vous accompagnera pas \u00e0 pas et vous soutiendra dans l&rsquo;installation de votre syst\u00e8me. Gr\u00e2ce \u00e0 nos conseils professionnels, nous vous soutenons dans divers domaines, notamment : Extensions de garantie, renouvellement des parcs de compteurs et v\u00e9rifications p\u00e9riodiques. Nos offres de service Mesures et \u00e9talonnages [&hellip;]<\/p>\n","protected":false},"author":16,"featured_media":0,"parent":0,"menu_order":0,"comment_status":"closed","ping_status":"closed","template":"","meta":{"_acf_changed":false,"_monsterinsights_skip_tracking":false,"_monsterinsights_sitenote_active":false,"_monsterinsights_sitenote_note":"","_monsterinsights_sitenote_category":0,"footnotes":""},"class_list":["post-5189","page","type-page","status-publish","hentry"],"acf":[],"yoast_head":"<!-- This site is optimized with the Yoast SEO plugin v24.5 - https:\/\/yoast.com\/wordpress\/plugins\/seo\/ -->\n<title>Prestation | INTEGRA Metering AG<\/title>\n<meta name=\"robots\" content=\"index, follow, max-snippet:-1, max-image-preview:large, max-video-preview:-1\" \/>\n<link rel=\"canonical\" href=\"https:\/\/ch.integra-metering.com\/fr\/prestation\/\" \/>\n<meta property=\"og:locale\" content=\"fr_FR\" \/>\n<meta property=\"og:type\" content=\"article\" \/>\n<meta property=\"og:title\" content=\"Prestation | INTEGRA Metering AG\" \/>\n<meta property=\"og:description\" content=\"Gestion des instruments Vous trouverez en INTEGRA Metering un partenaire qui vous accompagnera pas \u00e0 pas et vous soutiendra dans l&rsquo;installation de votre syst\u00e8me. Gr\u00e2ce \u00e0 nos conseils professionnels, nous vous soutenons dans divers domaines, notamment : Extensions de garantie, renouvellement des parcs de compteurs et v\u00e9rifications p\u00e9riodiques. Nos offres de service Mesures et \u00e9talonnages [&hellip;]\" \/>\n<meta property=\"og:url\" content=\"https:\/\/ch.integra-metering.com\/fr\/prestation\/\" \/>\n<meta property=\"og:site_name\" content=\"INTEGRA Metering AG\" \/>\n<meta property=\"article:modified_time\" content=\"2023-01-04T11:48:51+00:00\" \/>\n<meta property=\"og:image\" content=\"https:\/\/ch.integra-metering.com\/wp-content\/uploads\/sites\/4\/2021\/11\/Geratemanagement.png\" \/>\n<meta name=\"twitter:card\" content=\"summary_large_image\" \/>\n<meta name=\"twitter:label1\" content=\"Dur\u00e9e de lecture estim\u00e9e\" \/>\n\t<meta name=\"twitter:data1\" content=\"2 minutes\" \/>\n<script type=\"application\/ld+json\" class=\"yoast-schema-graph\">{\"@context\":\"https:\/\/schema.org\",\"@graph\":[{\"@type\":\"WebPage\",\"@id\":\"https:\/\/ch.integra-metering.com\/fr\/prestation\/\",\"url\":\"https:\/\/ch.integra-metering.com\/fr\/prestation\/\",\"name\":\"Prestation | INTEGRA Metering AG\",\"isPartOf\":{\"@id\":\"https:\/\/ch.integra-metering.com\/#website\"},\"primaryImageOfPage\":{\"@id\":\"https:\/\/ch.integra-metering.com\/fr\/prestation\/#primaryimage\"},\"image\":{\"@id\":\"https:\/\/ch.integra-metering.com\/fr\/prestation\/#primaryimage\"},\"thumbnailUrl\":\"https:\/\/ch.integra-metering.com\/wp-content\/uploads\/sites\/4\/2021\/11\/Geratemanagement.png\",\"datePublished\":\"2021-12-13T15:05:54+00:00\",\"dateModified\":\"2023-01-04T11:48:51+00:00\",\"breadcrumb\":{\"@id\":\"https:\/\/ch.integra-metering.com\/fr\/prestation\/#breadcrumb\"},\"inLanguage\":\"fr-FR\",\"potentialAction\":[{\"@type\":\"ReadAction\",\"target\":[\"https:\/\/ch.integra-metering.com\/fr\/prestation\/\"]}]},{\"@type\":\"ImageObject\",\"inLanguage\":\"fr-FR\",\"@id\":\"https:\/\/ch.integra-metering.com\/fr\/prestation\/#primaryimage\",\"url\":\"https:\/\/ch.integra-metering.com\/wp-content\/uploads\/sites\/4\/2021\/11\/Geratemanagement.png\",\"contentUrl\":\"https:\/\/ch.integra-metering.com\/wp-content\/uploads\/sites\/4\/2021\/11\/Geratemanagement.png\"},{\"@type\":\"BreadcrumbList\",\"@id\":\"https:\/\/ch.integra-metering.com\/fr\/prestation\/#breadcrumb\",\"itemListElement\":[{\"@type\":\"ListItem\",\"position\":1,\"name\":\"Home\",\"item\":\"https:\/\/ch.integra-metering.com\/fr\/\"},{\"@type\":\"ListItem\",\"position\":2,\"name\":\"Prestation\"}]},{\"@type\":\"WebSite\",\"@id\":\"https:\/\/ch.integra-metering.com\/#website\",\"url\":\"https:\/\/ch.integra-metering.com\/\",\"name\":\"INTEGRA Metering AG\",\"description\":\"Herzlich willkommen auf der neuen Aquametro Homepage | Bienvenue sur le site Aquametro Suisse\",\"publisher\":{\"@id\":\"https:\/\/ch.integra-metering.com\/#organization\"},\"potentialAction\":[{\"@type\":\"SearchAction\",\"target\":{\"@type\":\"EntryPoint\",\"urlTemplate\":\"https:\/\/ch.integra-metering.com\/?s={search_term_string}\"},\"query-input\":{\"@type\":\"PropertyValueSpecification\",\"valueRequired\":true,\"valueName\":\"search_term_string\"}}],\"inLanguage\":\"fr-FR\"},{\"@type\":\"Organization\",\"@id\":\"https:\/\/ch.integra-metering.com\/#organization\",\"name\":\"INTEGRA Metering AG\",\"url\":\"https:\/\/ch.integra-metering.com\/\",\"logo\":{\"@type\":\"ImageObject\",\"inLanguage\":\"fr-FR\",\"@id\":\"https:\/\/ch.integra-metering.com\/#\/schema\/logo\/image\/\",\"url\":\"https:\/\/ch.integra-metering.com\/wp-content\/uploads\/sites\/4\/2019\/11\/integra-logo-dark.svg\",\"contentUrl\":\"https:\/\/ch.integra-metering.com\/wp-content\/uploads\/sites\/4\/2019\/11\/integra-logo-dark.svg\",\"width\":1,\"height\":1,\"caption\":\"INTEGRA Metering AG\"},\"image\":{\"@id\":\"https:\/\/ch.integra-metering.com\/#\/schema\/logo\/image\/\"},\"sameAs\":[\"https:\/\/ch.linkedin.com\/company\/aquametro-ag\"]}]}<\/script>\n<!-- \/ Yoast SEO plugin. -->","yoast_head_json":{"title":"Prestation | INTEGRA Metering AG","robots":{"index":"index","follow":"follow","max-snippet":"max-snippet:-1","max-image-preview":"max-image-preview:large","max-video-preview":"max-video-preview:-1"},"canonical":"https:\/\/ch.integra-metering.com\/fr\/prestation\/","og_locale":"fr_FR","og_type":"article","og_title":"Prestation | INTEGRA Metering AG","og_description":"Gestion des instruments Vous trouverez en INTEGRA Metering un partenaire qui vous accompagnera pas \u00e0 pas et vous soutiendra dans l&rsquo;installation de votre syst\u00e8me. Gr\u00e2ce \u00e0 nos conseils professionnels, nous vous soutenons dans divers domaines, notamment : Extensions de garantie, renouvellement des parcs de compteurs et v\u00e9rifications p\u00e9riodiques. Nos offres de service Mesures et \u00e9talonnages [&hellip;]","og_url":"https:\/\/ch.integra-metering.com\/fr\/prestation\/","og_site_name":"INTEGRA Metering AG","article_modified_time":"2023-01-04T11:48:51+00:00","og_image":[{"url":"https:\/\/ch.integra-metering.com\/wp-content\/uploads\/sites\/4\/2021\/11\/Geratemanagement.png","type":"","width":"","height":""}],"twitter_card":"summary_large_image","twitter_misc":{"Dur\u00e9e de lecture estim\u00e9e":"2 minutes"},"schema":{"@context":"https:\/\/schema.org","@graph":[{"@type":"WebPage","@id":"https:\/\/ch.integra-metering.com\/fr\/prestation\/","url":"https:\/\/ch.integra-metering.com\/fr\/prestation\/","name":"Prestation | INTEGRA Metering AG","isPartOf":{"@id":"https:\/\/ch.integra-metering.com\/#website"},"primaryImageOfPage":{"@id":"https:\/\/ch.integra-metering.com\/fr\/prestation\/#primaryimage"},"image":{"@id":"https:\/\/ch.integra-metering.com\/fr\/prestation\/#primaryimage"},"thumbnailUrl":"https:\/\/ch.integra-metering.com\/wp-content\/uploads\/sites\/4\/2021\/11\/Geratemanagement.png","datePublished":"2021-12-13T15:05:54+00:00","dateModified":"2023-01-04T11:48:51+00:00","breadcrumb":{"@id":"https:\/\/ch.integra-metering.com\/fr\/prestation\/#breadcrumb"},"inLanguage":"fr-FR","potentialAction":[{"@type":"ReadAction","target":["https:\/\/ch.integra-metering.com\/fr\/prestation\/"]}]},{"@type":"ImageObject","inLanguage":"fr-FR","@id":"https:\/\/ch.integra-metering.com\/fr\/prestation\/#primaryimage","url":"https:\/\/ch.integra-metering.com\/wp-content\/uploads\/sites\/4\/2021\/11\/Geratemanagement.png","contentUrl":"https:\/\/ch.integra-metering.com\/wp-content\/uploads\/sites\/4\/2021\/11\/Geratemanagement.png"},{"@type":"BreadcrumbList","@id":"https:\/\/ch.integra-metering.com\/fr\/prestation\/#breadcrumb","itemListElement":[{"@type":"ListItem","position":1,"name":"Home","item":"https:\/\/ch.integra-metering.com\/fr\/"},{"@type":"ListItem","position":2,"name":"Prestation"}]},{"@type":"WebSite","@id":"https:\/\/ch.integra-metering.com\/#website","url":"https:\/\/ch.integra-metering.com\/","name":"INTEGRA Metering AG","description":"Herzlich willkommen auf der neuen Aquametro Homepage | Bienvenue sur le site Aquametro Suisse","publisher":{"@id":"https:\/\/ch.integra-metering.com\/#organization"},"potentialAction":[{"@type":"SearchAction","target":{"@type":"EntryPoint","urlTemplate":"https:\/\/ch.integra-metering.com\/?s={search_term_string}"},"query-input":{"@type":"PropertyValueSpecification","valueRequired":true,"valueName":"search_term_string"}}],"inLanguage":"fr-FR"},{"@type":"Organization","@id":"https:\/\/ch.integra-metering.com\/#organization","name":"INTEGRA Metering AG","url":"https:\/\/ch.integra-metering.com\/","logo":{"@type":"ImageObject","inLanguage":"fr-FR","@id":"https:\/\/ch.integra-metering.com\/#\/schema\/logo\/image\/","url":"https:\/\/ch.integra-metering.com\/wp-content\/uploads\/sites\/4\/2019\/11\/integra-logo-dark.svg","contentUrl":"https:\/\/ch.integra-metering.com\/wp-content\/uploads\/sites\/4\/2019\/11\/integra-logo-dark.svg","width":1,"height":1,"caption":"INTEGRA Metering AG"},"image":{"@id":"https:\/\/ch.integra-metering.com\/#\/schema\/logo\/image\/"},"sameAs":["https:\/\/ch.linkedin.com\/company\/aquametro-ag"]}]}},"_links":{"self":[{"href":"https:\/\/ch.integra-metering.com\/fr\/wp-json\/wp\/v2\/pages\/5189","targetHints":{"allow":["GET"]}}],"collection":[{"href":"https:\/\/ch.integra-metering.com\/fr\/wp-json\/wp\/v2\/pages"}],"about":[{"href":"https:\/\/ch.integra-metering.com\/fr\/wp-json\/wp\/v2\/types\/page"}],"author":[{"embeddable":true,"href":"https:\/\/ch.integra-metering.com\/fr\/wp-json\/wp\/v2\/users\/16"}],"replies":[{"embeddable":true,"href":"https:\/\/ch.integra-metering.com\/fr\/wp-json\/wp\/v2\/comments?post=5189"}],"version-history":[{"count":8,"href":"https:\/\/ch.integra-metering.com\/fr\/wp-json\/wp\/v2\/pages\/5189\/revisions"}],"predecessor-version":[{"id":6035,"href":"https:\/\/ch.integra-metering.com\/fr\/wp-json\/wp\/v2\/pages\/5189\/revisions\/6035"}],"wp:attachment":[{"href":"https:\/\/ch.integra-metering.com\/fr\/wp-json\/wp\/v2\/media?parent=5189"}],"curies":[{"name":"wp","href":"https:\/\/api.w.org\/{rel}","templated":true}]}}