{"id":590,"date":"2019-12-11T14:56:39","date_gmt":"2019-12-11T14:56:39","guid":{"rendered":"https:\/\/integra-metering.com\/?page_id=590"},"modified":"2025-11-27T09:59:03","modified_gmt":"2025-11-27T09:59:03","slug":"home-page","status":"publish","type":"page","link":"https:\/\/ch.integra-metering.com\/fr\/","title":{"rendered":"Home Page"},"content":{"rendered":"\n<div style=\"height:50px\" aria-hidden=\"true\" class=\"wp-block-spacer\"><\/div>\n\n\n\n<h2 class=\"has-large-font-size wp-block-heading\"><strong>Firmeninformation<\/strong><\/h2>\n\n\n\n<div style=\"height:20px\" aria-hidden=\"true\" class=\"wp-block-spacer\"><\/div>\n\n\n\n<p class=\"has-medium-font-size\">Pour nos clients, nous organisons nos unit\u00e9s commerciales sur leur activit\u00e9 principale et op\u00e9rons d\u00e9sormais avec deux soci\u00e9t\u00e9s.<\/p>\n\n\n\n<div style=\"height:20px\" aria-hidden=\"true\" class=\"wp-block-spacer\"><\/div>\n\n\n\n<div class=\"wp-block-buttons is-layout-flex wp-block-buttons-is-layout-flex\">\n<div class=\"wp-block-button is-style-fill\"><a class=\"wp-block-button__link has-background wp-element-button\" href=\"https:\/\/ch.integra-metering.com\/fr\/notre-avenir-en-ligne-de-mire\/\" style=\"background-color:#9f1b96\" target=\"_blank\" rel=\"noreferrer noopener\"><strong>En savoir plus d\u00e8s maintenant<\/strong><\/a><\/div>\n<\/div>\n\n\n\n<!-- Block container# -->\n<div\n    id=\"air-followblock_f59c9cfb5daa27a0df773b11f73120d6\"\n    class=\"air-follow linkedin-follow\"\n>\n    <figure>\n        <img decoding=\"async\" src=\"https:\/\/ch.integra-metering.com\/wp-content\/uploads\/sites\/4\/2021\/08\/integra_linked.png\" data-object-fit=\"cover\" alt=\"\" \/>\n    <\/figure>\n    <a target=\"\" href=\"https:\/\/linkedin.com\/company\/integra-metering-ag-switzerland\" class=\"link\">Suivez-nous sur LinkedIn<\/a>\n<\/div>\n<!-- #Block container -->\n\n\n\n<div\n    id=\"air-media-text-block_16e09ede46f95e29523e3592c035b7cc\"\n    class=\"air-block-media-text air-block-media-text--right theme-version-black\"\n>\n            <figure>\n            <img decoding=\"async\" src=\"https:\/\/ch.integra-metering.com\/wp-content\/uploads\/sites\/4\/2019\/11\/home-who-are-we.png\" data-object-fit=\"cover\" alt=\"\" \/>\n        <\/figure>\n        <section>\n                <span class=\"air-block-media-text__label\">Notre entreprise<\/span>\n                <h2>Mesurer est notre \u00e9l\u00e9ment<\/h2>\n        <div class=\"air-block-media-text__description\">\n            <p>Nous sommes sp\u00e9cialis\u00e9s dans la distribution des syst\u00e8mes de mesure intelligents dans les domaines de l&rsquo;approvisionnement en eau et de l&rsquo;\u00e9nergie thermique. Nous utilisons des solutions innovantes et tourn\u00e9es vers l&rsquo;avenir pour aider nos clients dans la gestion et l&rsquo;int\u00e9gration de leurs donn\u00e9es dans des syst\u00e8mes de contr\u00f4le et d&rsquo;\u00e9valuation de pointe.<\/p>\n<blockquote><p>&nbsp;<\/p><\/blockquote>\n<p>&nbsp;<\/p>\n<p>&nbsp;<\/p>\n        <\/div>\n            <\/section>\n<\/div>\n\n\n\n<div\n    id=\"air-media-text-block_9d3adfd1996d044f794ffb8d156bbe92\"\n    class=\"air-block-media-text air-block-media-text--left theme-version-black\"\n>\n            <figure>\n            <img decoding=\"async\" src=\"https:\/\/ch.integra-metering.com\/wp-content\/uploads\/sites\/4\/2020\/03\/Websites-Hero-Format_Wasser.png\" data-object-fit=\"cover\" alt=\"\" \/>\n        <\/figure>\n        <section>\n                <span class=\"air-block-media-text__label\">Approvisionnement en eau<\/span>\n                <h2>Des compteurs d&rsquo;eau et des syst\u00e8mes de lecture intelligents  pour une facturation efficace<\/h2>\n        <div class=\"air-block-media-text__description\">\n            <p>INTEGRA Metering\u00a0 propose un portefeuille complet de solutions de comptage d&rsquo;eau intelligent ainsi que des compteurs d&rsquo;eau magn\u00e9tiques et m\u00e9caniques de haute qualit\u00e9 pour les applications de distribution d&rsquo;eau potable, r\u00e9sidentielles, de r\u00e9seau et d&rsquo;irrigation. Tous nos compteurs d&rsquo;eau sont certifi\u00e9s conform\u00e9ment aux directives relatives aux instruments de mesure (par exemple, MID) et aux r\u00e9glementations locales internationales sur l&rsquo;eau potable (par exemple, SVGW, KTW, WRAS, ACS).<\/p>\n<blockquote><p>&nbsp;<\/p><\/blockquote>\n<p><a href=\"https:\/\/ch.integra-metering.com\/solution\/water\/\">Nos solutions pour l&rsquo;eau<\/a><\/p>\n        <\/div>\n            <\/section>\n<\/div>\n\n\n\n<div\n    id=\"air-media-text-block_d7514cadcbd29a1924b08f316c167e21\"\n    class=\"air-block-media-text air-block-media-text--right theme-version-black\"\n>\n            <figure>\n            <img decoding=\"async\" src=\"https:\/\/ch.integra-metering.com\/wp-content\/uploads\/sites\/4\/2020\/03\/Websites-Hero-Format_Thermische-Energie.png\" data-object-fit=\"cover\" alt=\"\" \/>\n        <\/figure>\n        <section>\n                <span class=\"air-block-media-text__label\">\u00c9nergie thermique<\/span>\n                <h2>Des solutions globales de mesure de l&rsquo;\u00e9nergie thermique fond\u00e9es sur l&rsquo;exp\u00e9rience et l&rsquo;innovation<\/h2>\n        <div class=\"air-block-media-text__description\">\n            <p>Nous fournissons une large gamme de calculateurs, de d\u00e9bitm\u00e8tres et de sondes de temp\u00e9rature pour des applications en \u00e9nergie thermique, comprenant notamment le chauffage \u00e0 distance. INTEGRA Metering combine \u00e9galement son offre de produits haut de gamme avec les technologies de communication requises et des services d&rsquo;ing\u00e9nierie de pointe pour vous apporter les meilleures solutions de mesure et d&rsquo;int\u00e9gration de syst\u00e8mes.<\/p>\n<blockquote><p>&nbsp;<\/p><\/blockquote>\n<p><a href=\"https:\/\/ch.integra-metering.com\/fr\/solution\/thermal-energy\/\">Nos solutions pour l&rsquo;\u00e9nergie thermique<\/a><\/p>\n        <\/div>\n            <\/section>\n<\/div>\n\n\n\n<div\n    id=\"air-media-text-block_276aa2f1946deac021d86ddd167ff490\"\n    class=\"air-block-media-text air-block-media-text--left theme-version-black\"\n>\n            <figure>\n            <img decoding=\"async\" src=\"https:\/\/ch.integra-metering.com\/wp-content\/uploads\/sites\/4\/2020\/03\/System-integration.png\" data-object-fit=\"cover\" alt=\"\" \/>\n        <\/figure>\n        <section>\n                <span class=\"air-block-media-text__label\">Syst\u00e8mes et logiciels<\/span>\n                <h2>Int\u00e9gration simple de vos donn\u00e9es dans les syst\u00e8mes de collecte INTEGRA Metering<\/h2>\n        <div class=\"air-block-media-text__description\">\n            <p>Notre portefeuille de syst\u00e8mes et de logiciels vous offre une flexibilit\u00e9 maximale avec des solutions qui \u00e9voluent constamment pour r\u00e9pondre \u00e0 vos besoins et aux nouvelles technologies. Gr\u00e2ce \u00e0 nos solutions, vous disposez de la technologie pour enregistrer vos donn\u00e9es de consommation de mani\u00e8re enti\u00e8rement automatique et s\u00e9curis\u00e9e.<\/p>\n<blockquote><p>&nbsp;<\/p><\/blockquote>\n<p><a href=\"https:\/\/ch.integra-metering.com\/fr\/solution\/systems-software\/\">Nos solutions syst\u00e8mes et logiciels<\/a><\/p>\n        <\/div>\n            <\/section>\n<\/div>\n","protected":false},"excerpt":{"rendered":"<p>Firmeninformation Pour nos clients, nous organisons nos unit\u00e9s commerciales sur leur activit\u00e9 principale et op\u00e9rons d\u00e9sormais avec deux soci\u00e9t\u00e9s.<\/p>\n","protected":false},"author":1,"featured_media":0,"parent":0,"menu_order":0,"comment_status":"closed","ping_status":"closed","template":"","meta":{"_acf_changed":false,"_monsterinsights_skip_tracking":false,"_monsterinsights_sitenote_active":false,"_monsterinsights_sitenote_note":"","_monsterinsights_sitenote_category":0,"footnotes":""},"class_list":["post-590","page","type-page","status-publish","hentry"],"acf":[],"yoast_head":"<!-- This site is optimized with the Yoast SEO plugin v24.5 - https:\/\/yoast.com\/wordpress\/plugins\/seo\/ -->\n<title>Home Page | INTEGRA Metering AG<\/title>\n<meta name=\"robots\" content=\"index, follow, max-snippet:-1, max-image-preview:large, max-video-preview:-1\" \/>\n<link rel=\"canonical\" href=\"https:\/\/ch.integra-metering.com\/fr\/\" \/>\n<meta property=\"og:locale\" content=\"fr_FR\" \/>\n<meta property=\"og:type\" content=\"article\" \/>\n<meta property=\"og:title\" content=\"Home Page | INTEGRA Metering AG\" \/>\n<meta property=\"og:description\" content=\"Firmeninformation Pour nos clients, nous organisons nos unit\u00e9s commerciales sur leur activit\u00e9 principale et op\u00e9rons d\u00e9sormais avec deux soci\u00e9t\u00e9s.\" \/>\n<meta property=\"og:url\" content=\"https:\/\/ch.integra-metering.com\/fr\/\" \/>\n<meta property=\"og:site_name\" content=\"INTEGRA Metering AG\" \/>\n<meta property=\"article:modified_time\" content=\"2025-11-27T09:59:03+00:00\" \/>\n<meta name=\"twitter:card\" content=\"summary_large_image\" \/>\n<script type=\"application\/ld+json\" class=\"yoast-schema-graph\">{\"@context\":\"https:\/\/schema.org\",\"@graph\":[{\"@type\":\"WebPage\",\"@id\":\"https:\/\/ch.integra-metering.com\/fr\/\",\"url\":\"https:\/\/ch.integra-metering.com\/fr\/\",\"name\":\"Home Page | INTEGRA Metering AG\",\"isPartOf\":{\"@id\":\"https:\/\/ch.integra-metering.com\/#website\"},\"datePublished\":\"2019-12-11T14:56:39+00:00\",\"dateModified\":\"2025-11-27T09:59:03+00:00\",\"breadcrumb\":{\"@id\":\"https:\/\/ch.integra-metering.com\/fr\/#breadcrumb\"},\"inLanguage\":\"fr-FR\",\"potentialAction\":[{\"@type\":\"ReadAction\",\"target\":[\"https:\/\/ch.integra-metering.com\/fr\/\"]}]},{\"@type\":\"BreadcrumbList\",\"@id\":\"https:\/\/ch.integra-metering.com\/fr\/#breadcrumb\",\"itemListElement\":[{\"@type\":\"ListItem\",\"position\":1,\"name\":\"Home\",\"item\":\"https:\/\/ch.integra-metering.com\/fr\/\"},{\"@type\":\"ListItem\",\"position\":2,\"name\":\"Home Page\"}]},{\"@type\":\"WebSite\",\"@id\":\"https:\/\/ch.integra-metering.com\/#website\",\"url\":\"https:\/\/ch.integra-metering.com\/\",\"name\":\"INTEGRA Metering AG\",\"description\":\"Herzlich willkommen auf der neuen Aquametro Homepage | Bienvenue sur le site Aquametro Suisse\",\"publisher\":{\"@id\":\"https:\/\/ch.integra-metering.com\/#organization\"},\"potentialAction\":[{\"@type\":\"SearchAction\",\"target\":{\"@type\":\"EntryPoint\",\"urlTemplate\":\"https:\/\/ch.integra-metering.com\/?s={search_term_string}\"},\"query-input\":{\"@type\":\"PropertyValueSpecification\",\"valueRequired\":true,\"valueName\":\"search_term_string\"}}],\"inLanguage\":\"fr-FR\"},{\"@type\":\"Organization\",\"@id\":\"https:\/\/ch.integra-metering.com\/#organization\",\"name\":\"INTEGRA Metering AG\",\"url\":\"https:\/\/ch.integra-metering.com\/\",\"logo\":{\"@type\":\"ImageObject\",\"inLanguage\":\"fr-FR\",\"@id\":\"https:\/\/ch.integra-metering.com\/#\/schema\/logo\/image\/\",\"url\":\"https:\/\/ch.integra-metering.com\/wp-content\/uploads\/sites\/4\/2019\/11\/integra-logo-dark.svg\",\"contentUrl\":\"https:\/\/ch.integra-metering.com\/wp-content\/uploads\/sites\/4\/2019\/11\/integra-logo-dark.svg\",\"width\":1,\"height\":1,\"caption\":\"INTEGRA Metering AG\"},\"image\":{\"@id\":\"https:\/\/ch.integra-metering.com\/#\/schema\/logo\/image\/\"},\"sameAs\":[\"https:\/\/ch.linkedin.com\/company\/aquametro-ag\"]}]}<\/script>\n<!-- \/ Yoast SEO plugin. -->","yoast_head_json":{"title":"Home Page | INTEGRA Metering AG","robots":{"index":"index","follow":"follow","max-snippet":"max-snippet:-1","max-image-preview":"max-image-preview:large","max-video-preview":"max-video-preview:-1"},"canonical":"https:\/\/ch.integra-metering.com\/fr\/","og_locale":"fr_FR","og_type":"article","og_title":"Home Page | INTEGRA Metering AG","og_description":"Firmeninformation Pour nos clients, nous organisons nos unit\u00e9s commerciales sur leur activit\u00e9 principale et op\u00e9rons d\u00e9sormais avec deux soci\u00e9t\u00e9s.","og_url":"https:\/\/ch.integra-metering.com\/fr\/","og_site_name":"INTEGRA Metering AG","article_modified_time":"2025-11-27T09:59:03+00:00","twitter_card":"summary_large_image","schema":{"@context":"https:\/\/schema.org","@graph":[{"@type":"WebPage","@id":"https:\/\/ch.integra-metering.com\/fr\/","url":"https:\/\/ch.integra-metering.com\/fr\/","name":"Home Page | INTEGRA Metering AG","isPartOf":{"@id":"https:\/\/ch.integra-metering.com\/#website"},"datePublished":"2019-12-11T14:56:39+00:00","dateModified":"2025-11-27T09:59:03+00:00","breadcrumb":{"@id":"https:\/\/ch.integra-metering.com\/fr\/#breadcrumb"},"inLanguage":"fr-FR","potentialAction":[{"@type":"ReadAction","target":["https:\/\/ch.integra-metering.com\/fr\/"]}]},{"@type":"BreadcrumbList","@id":"https:\/\/ch.integra-metering.com\/fr\/#breadcrumb","itemListElement":[{"@type":"ListItem","position":1,"name":"Home","item":"https:\/\/ch.integra-metering.com\/fr\/"},{"@type":"ListItem","position":2,"name":"Home Page"}]},{"@type":"WebSite","@id":"https:\/\/ch.integra-metering.com\/#website","url":"https:\/\/ch.integra-metering.com\/","name":"INTEGRA Metering AG","description":"Herzlich willkommen auf der neuen Aquametro Homepage | Bienvenue sur le site Aquametro Suisse","publisher":{"@id":"https:\/\/ch.integra-metering.com\/#organization"},"potentialAction":[{"@type":"SearchAction","target":{"@type":"EntryPoint","urlTemplate":"https:\/\/ch.integra-metering.com\/?s={search_term_string}"},"query-input":{"@type":"PropertyValueSpecification","valueRequired":true,"valueName":"search_term_string"}}],"inLanguage":"fr-FR"},{"@type":"Organization","@id":"https:\/\/ch.integra-metering.com\/#organization","name":"INTEGRA Metering AG","url":"https:\/\/ch.integra-metering.com\/","logo":{"@type":"ImageObject","inLanguage":"fr-FR","@id":"https:\/\/ch.integra-metering.com\/#\/schema\/logo\/image\/","url":"https:\/\/ch.integra-metering.com\/wp-content\/uploads\/sites\/4\/2019\/11\/integra-logo-dark.svg","contentUrl":"https:\/\/ch.integra-metering.com\/wp-content\/uploads\/sites\/4\/2019\/11\/integra-logo-dark.svg","width":1,"height":1,"caption":"INTEGRA Metering AG"},"image":{"@id":"https:\/\/ch.integra-metering.com\/#\/schema\/logo\/image\/"},"sameAs":["https:\/\/ch.linkedin.com\/company\/aquametro-ag"]}]}},"_links":{"self":[{"href":"https:\/\/ch.integra-metering.com\/fr\/wp-json\/wp\/v2\/pages\/590","targetHints":{"allow":["GET"]}}],"collection":[{"href":"https:\/\/ch.integra-metering.com\/fr\/wp-json\/wp\/v2\/pages"}],"about":[{"href":"https:\/\/ch.integra-metering.com\/fr\/wp-json\/wp\/v2\/types\/page"}],"author":[{"embeddable":true,"href":"https:\/\/ch.integra-metering.com\/fr\/wp-json\/wp\/v2\/users\/1"}],"replies":[{"embeddable":true,"href":"https:\/\/ch.integra-metering.com\/fr\/wp-json\/wp\/v2\/comments?post=590"}],"version-history":[{"count":84,"href":"https:\/\/ch.integra-metering.com\/fr\/wp-json\/wp\/v2\/pages\/590\/revisions"}],"predecessor-version":[{"id":8337,"href":"https:\/\/ch.integra-metering.com\/fr\/wp-json\/wp\/v2\/pages\/590\/revisions\/8337"}],"wp:attachment":[{"href":"https:\/\/ch.integra-metering.com\/fr\/wp-json\/wp\/v2\/media?parent=590"}],"curies":[{"name":"wp","href":"https:\/\/api.w.org\/{rel}","templated":true}]}}