{"id":8183,"date":"2025-08-04T13:24:26","date_gmt":"2025-08-04T13:24:26","guid":{"rendered":"https:\/\/ch.integra-metering.com\/?page_id=8183"},"modified":"2025-08-05T13:48:06","modified_gmt":"2025-08-05T13:48:06","slug":"avantages-en-suisse","status":"publish","type":"page","link":"https:\/\/ch.integra-metering.com\/fr\/avantages-en-suisse\/","title":{"rendered":"Avantages en Suisse"},"content":{"rendered":"\n<div class=\"wp-block-media-text is-stacked-on-mobile\" style=\"grid-template-columns:35% auto\"><figure class=\"wp-block-media-text__media\"><img decoding=\"async\" src=\"https:\/\/integra-metering.com\/wp-content\/uploads\/2025\/08\/Freetime-CH.png\" alt=\"\" class=\"wp-image-5052 size-full\"\/><\/figure><div class=\"wp-block-media-text__content\">\n<h2 class=\"wp-block-heading has-text-color has-link-color wp-elements-993b3b6f1251537c0846938862fe997c\" style=\"color:#9e1a96\">Temps libre<\/h2>\n\n\n\n<p><strong>Pour les sites de Therwil &amp; Vevey :<\/strong><\/p>\n\n\n\n<ul class=\"wp-block-list\">\n<li>R\u00e9duction pour un abonnement annuel chez Update Fitness<\/li>\n\n\n\n<li>Abonnements de t\u00e9l\u00e9phonie mobile \u00e0 prix r\u00e9duit<\/li>\n\n\n\n<li>R\u00e9glementation g\u00e9n\u00e9reuse des jours f\u00e9ri\u00e9s<\/li>\n\n\n\n<li>R\u00e9duction pour un abonnement automobile chez ARVAL<\/li>\n\n\n\n<li>Conditions avantageuses pour l&rsquo;achat d&rsquo;une voiture personnelle ou en leasing<\/li>\n\n\n\n<li>Offres attrayantes via Reka<\/li>\n<\/ul>\n<\/div><\/div>\n\n\n\n<div class=\"wp-block-media-text is-stacked-on-mobile\" style=\"grid-template-columns:35% auto\"><figure class=\"wp-block-media-text__media\"><img decoding=\"async\" src=\"https:\/\/integra-metering.com\/wp-content\/uploads\/2025\/08\/Workplace-CH.png\" alt=\"\" class=\"wp-image-5053 size-full\"\/><\/figure><div class=\"wp-block-media-text__content\">\n<h2 class=\"wp-block-heading has-text-color has-link-color wp-elements-4ee49e262fccd823afdb77cae0479082\" style=\"color:#9e1a96\">Poste de travail<\/h2>\n\n\n\n<p><strong>Pour les sites de Therwil &amp; Vevey :<\/strong><\/p>\n\n\n\n<ul class=\"wp-block-list\">\n<li>Am\u00e9nagement moderne du poste de travail<\/li>\n\n\n\n<li>Possibilit\u00e9 de t\u00e9l\u00e9travail<\/li>\n\n\n\n<li>Diverses manifestations d&rsquo;entreprise telles que l&rsquo;ap\u00e9ritif de printemps, le BBQ d&rsquo;\u00e9t\u00e9 et la f\u00eate de fin d&rsquo;ann\u00e9e<\/li>\n\n\n\n<li>R\u00e9duction dans certains restaurants Coop<\/li>\n<\/ul>\n\n\n\n<div style=\"height:20px\" aria-hidden=\"true\" class=\"wp-block-spacer\"><\/div>\n\n\n\n<p><strong>Pour le site de Therwil :<\/strong><\/p>\n\n\n\n<ul class=\"wp-block-list\">\n<li>Bien desservi par les transports publics (\u00e0 15 minutes de B\u00e2le)<\/li>\n\n\n\n<li>Places de parking gratuites pour v\u00e9los, cyclomoteurs et voitures<\/li>\n\n\n\n<li>Situation centrale avec de nombreuses possibilit\u00e9s d&rsquo;achats \u00e0 proximit\u00e9 (Coop, Jumbo, Migros, Denner)<\/li>\n\n\n\n<li>Possibilit\u00e9 de faire des pauses dans la vaste zone verte adjacente<\/li>\n\n\n\n<li>Diverses possibilit\u00e9s de restauration (restaurant Coop, snack-bar tha\u00eflandais, Mr. Wong, McDonald&rsquo;s et divers restaurants dans les environs)<\/li>\n\n\n\n<li>Caf\u00e9, eau, th\u00e9 et diverses soupes pr\u00eates \u00e0 l&#8217;emploi gratuits<\/li>\n<\/ul>\n\n\n\n<div style=\"height:20px\" aria-hidden=\"true\" class=\"wp-block-spacer\"><\/div>\n\n\n\n<p><strong>Pour le site de Vevey :<\/strong><\/p>\n\n\n\n<ul class=\"wp-block-list\">\n<li>Postes de travail modernes et vue magnifique sur le lac L\u00e9man<\/li>\n\n\n\n<li>Caf\u00e9 et th\u00e9 gratuits<\/li>\n<\/ul>\n<\/div><\/div>\n\n\n\n<div class=\"wp-block-media-text is-stacked-on-mobile\" style=\"grid-template-columns:35% auto\"><figure class=\"wp-block-media-text__media\"><img decoding=\"async\" src=\"https:\/\/integra-metering.com\/wp-content\/uploads\/2025\/08\/Consulting-CH.png\" alt=\"\" class=\"wp-image-5054 size-full\"\/><\/figure><div class=\"wp-block-media-text__content\">\n<h2 class=\"wp-block-heading has-text-color has-link-color wp-elements-280452da49a7dbf9ab836cb76bd05854\" style=\"color:#9e1a96\">Consultation<\/h2>\n\n\n\n<p><strong>Pour les sites de Therwil &amp; Vevey :<\/strong><\/p>\n\n\n\n<ul class=\"wp-block-list\">\n<li>Conseil anonyme pour les probl\u00e8mes ou th\u00e8mes sp\u00e9cifiques \u00e0 l&rsquo;entreprise, personnels, de sant\u00e9, financiers et de r\u00e9insertion aupr\u00e8s de MOVIS<\/li>\n\n\n\n<li>Les collaborateurs \u00e2g\u00e9s b\u00e9n\u00e9ficient d&rsquo;une formation de deux jours pour se pr\u00e9parer \u00e0 la retraite<\/li>\n<\/ul>\n<\/div><\/div>\n","protected":false},"excerpt":{"rendered":"","protected":false},"author":16,"featured_media":0,"parent":0,"menu_order":0,"comment_status":"closed","ping_status":"closed","template":"page-template-compact.php","meta":{"_acf_changed":false,"_monsterinsights_skip_tracking":false,"_monsterinsights_sitenote_active":false,"_monsterinsights_sitenote_note":"","_monsterinsights_sitenote_category":0,"footnotes":""},"class_list":["post-8183","page","type-page","status-publish","hentry"],"acf":[],"yoast_head":"<!-- This site is optimized with the Yoast SEO plugin v24.5 - https:\/\/yoast.com\/wordpress\/plugins\/seo\/ -->\n<title>Avantages en Suisse | INTEGRA Metering AG<\/title>\n<meta name=\"robots\" content=\"index, follow, max-snippet:-1, max-image-preview:large, max-video-preview:-1\" \/>\n<link rel=\"canonical\" href=\"https:\/\/ch.integra-metering.com\/fr\/avantages-en-suisse\/\" \/>\n<meta property=\"og:locale\" content=\"fr_FR\" \/>\n<meta property=\"og:type\" content=\"article\" \/>\n<meta property=\"og:title\" content=\"Avantages en Suisse | INTEGRA Metering AG\" \/>\n<meta property=\"og:url\" content=\"https:\/\/ch.integra-metering.com\/fr\/avantages-en-suisse\/\" \/>\n<meta property=\"og:site_name\" content=\"INTEGRA Metering AG\" \/>\n<meta property=\"article:modified_time\" content=\"2025-08-05T13:48:06+00:00\" \/>\n<meta name=\"twitter:card\" content=\"summary_large_image\" \/>\n<meta name=\"twitter:label1\" content=\"Dur\u00e9e de lecture estim\u00e9e\" \/>\n\t<meta name=\"twitter:data1\" content=\"1 minute\" \/>\n<script type=\"application\/ld+json\" class=\"yoast-schema-graph\">{\"@context\":\"https:\/\/schema.org\",\"@graph\":[{\"@type\":\"WebPage\",\"@id\":\"https:\/\/ch.integra-metering.com\/fr\/avantages-en-suisse\/\",\"url\":\"https:\/\/ch.integra-metering.com\/fr\/avantages-en-suisse\/\",\"name\":\"Avantages en Suisse | INTEGRA Metering AG\",\"isPartOf\":{\"@id\":\"https:\/\/ch.integra-metering.com\/#website\"},\"primaryImageOfPage\":{\"@id\":\"https:\/\/ch.integra-metering.com\/fr\/avantages-en-suisse\/#primaryimage\"},\"image\":{\"@id\":\"https:\/\/ch.integra-metering.com\/fr\/avantages-en-suisse\/#primaryimage\"},\"thumbnailUrl\":\"https:\/\/integra-metering.com\/wp-content\/uploads\/2025\/08\/Freetime-CH.png\",\"datePublished\":\"2025-08-04T13:24:26+00:00\",\"dateModified\":\"2025-08-05T13:48:06+00:00\",\"breadcrumb\":{\"@id\":\"https:\/\/ch.integra-metering.com\/fr\/avantages-en-suisse\/#breadcrumb\"},\"inLanguage\":\"fr-FR\",\"potentialAction\":[{\"@type\":\"ReadAction\",\"target\":[\"https:\/\/ch.integra-metering.com\/fr\/avantages-en-suisse\/\"]}]},{\"@type\":\"ImageObject\",\"inLanguage\":\"fr-FR\",\"@id\":\"https:\/\/ch.integra-metering.com\/fr\/avantages-en-suisse\/#primaryimage\",\"url\":\"https:\/\/integra-metering.com\/wp-content\/uploads\/2025\/08\/Freetime-CH.png\",\"contentUrl\":\"https:\/\/integra-metering.com\/wp-content\/uploads\/2025\/08\/Freetime-CH.png\"},{\"@type\":\"BreadcrumbList\",\"@id\":\"https:\/\/ch.integra-metering.com\/fr\/avantages-en-suisse\/#breadcrumb\",\"itemListElement\":[{\"@type\":\"ListItem\",\"position\":1,\"name\":\"Home\",\"item\":\"https:\/\/ch.integra-metering.com\/fr\/\"},{\"@type\":\"ListItem\",\"position\":2,\"name\":\"Avantages en Suisse\"}]},{\"@type\":\"WebSite\",\"@id\":\"https:\/\/ch.integra-metering.com\/#website\",\"url\":\"https:\/\/ch.integra-metering.com\/\",\"name\":\"INTEGRA Metering AG\",\"description\":\"Herzlich willkommen auf der neuen Aquametro Homepage | Bienvenue sur le site Aquametro Suisse\",\"publisher\":{\"@id\":\"https:\/\/ch.integra-metering.com\/#organization\"},\"potentialAction\":[{\"@type\":\"SearchAction\",\"target\":{\"@type\":\"EntryPoint\",\"urlTemplate\":\"https:\/\/ch.integra-metering.com\/?s={search_term_string}\"},\"query-input\":{\"@type\":\"PropertyValueSpecification\",\"valueRequired\":true,\"valueName\":\"search_term_string\"}}],\"inLanguage\":\"fr-FR\"},{\"@type\":\"Organization\",\"@id\":\"https:\/\/ch.integra-metering.com\/#organization\",\"name\":\"INTEGRA Metering AG\",\"url\":\"https:\/\/ch.integra-metering.com\/\",\"logo\":{\"@type\":\"ImageObject\",\"inLanguage\":\"fr-FR\",\"@id\":\"https:\/\/ch.integra-metering.com\/#\/schema\/logo\/image\/\",\"url\":\"https:\/\/ch.integra-metering.com\/wp-content\/uploads\/sites\/4\/2019\/11\/integra-logo-dark.svg\",\"contentUrl\":\"https:\/\/ch.integra-metering.com\/wp-content\/uploads\/sites\/4\/2019\/11\/integra-logo-dark.svg\",\"width\":1,\"height\":1,\"caption\":\"INTEGRA Metering AG\"},\"image\":{\"@id\":\"https:\/\/ch.integra-metering.com\/#\/schema\/logo\/image\/\"},\"sameAs\":[\"https:\/\/ch.linkedin.com\/company\/aquametro-ag\"]}]}<\/script>\n<!-- \/ Yoast SEO plugin. -->","yoast_head_json":{"title":"Avantages en Suisse | INTEGRA Metering AG","robots":{"index":"index","follow":"follow","max-snippet":"max-snippet:-1","max-image-preview":"max-image-preview:large","max-video-preview":"max-video-preview:-1"},"canonical":"https:\/\/ch.integra-metering.com\/fr\/avantages-en-suisse\/","og_locale":"fr_FR","og_type":"article","og_title":"Avantages en Suisse | INTEGRA Metering AG","og_url":"https:\/\/ch.integra-metering.com\/fr\/avantages-en-suisse\/","og_site_name":"INTEGRA Metering AG","article_modified_time":"2025-08-05T13:48:06+00:00","twitter_card":"summary_large_image","twitter_misc":{"Dur\u00e9e de lecture estim\u00e9e":"1 minute"},"schema":{"@context":"https:\/\/schema.org","@graph":[{"@type":"WebPage","@id":"https:\/\/ch.integra-metering.com\/fr\/avantages-en-suisse\/","url":"https:\/\/ch.integra-metering.com\/fr\/avantages-en-suisse\/","name":"Avantages en Suisse | INTEGRA Metering AG","isPartOf":{"@id":"https:\/\/ch.integra-metering.com\/#website"},"primaryImageOfPage":{"@id":"https:\/\/ch.integra-metering.com\/fr\/avantages-en-suisse\/#primaryimage"},"image":{"@id":"https:\/\/ch.integra-metering.com\/fr\/avantages-en-suisse\/#primaryimage"},"thumbnailUrl":"https:\/\/integra-metering.com\/wp-content\/uploads\/2025\/08\/Freetime-CH.png","datePublished":"2025-08-04T13:24:26+00:00","dateModified":"2025-08-05T13:48:06+00:00","breadcrumb":{"@id":"https:\/\/ch.integra-metering.com\/fr\/avantages-en-suisse\/#breadcrumb"},"inLanguage":"fr-FR","potentialAction":[{"@type":"ReadAction","target":["https:\/\/ch.integra-metering.com\/fr\/avantages-en-suisse\/"]}]},{"@type":"ImageObject","inLanguage":"fr-FR","@id":"https:\/\/ch.integra-metering.com\/fr\/avantages-en-suisse\/#primaryimage","url":"https:\/\/integra-metering.com\/wp-content\/uploads\/2025\/08\/Freetime-CH.png","contentUrl":"https:\/\/integra-metering.com\/wp-content\/uploads\/2025\/08\/Freetime-CH.png"},{"@type":"BreadcrumbList","@id":"https:\/\/ch.integra-metering.com\/fr\/avantages-en-suisse\/#breadcrumb","itemListElement":[{"@type":"ListItem","position":1,"name":"Home","item":"https:\/\/ch.integra-metering.com\/fr\/"},{"@type":"ListItem","position":2,"name":"Avantages en Suisse"}]},{"@type":"WebSite","@id":"https:\/\/ch.integra-metering.com\/#website","url":"https:\/\/ch.integra-metering.com\/","name":"INTEGRA Metering AG","description":"Herzlich willkommen auf der neuen Aquametro Homepage | Bienvenue sur le site Aquametro Suisse","publisher":{"@id":"https:\/\/ch.integra-metering.com\/#organization"},"potentialAction":[{"@type":"SearchAction","target":{"@type":"EntryPoint","urlTemplate":"https:\/\/ch.integra-metering.com\/?s={search_term_string}"},"query-input":{"@type":"PropertyValueSpecification","valueRequired":true,"valueName":"search_term_string"}}],"inLanguage":"fr-FR"},{"@type":"Organization","@id":"https:\/\/ch.integra-metering.com\/#organization","name":"INTEGRA Metering AG","url":"https:\/\/ch.integra-metering.com\/","logo":{"@type":"ImageObject","inLanguage":"fr-FR","@id":"https:\/\/ch.integra-metering.com\/#\/schema\/logo\/image\/","url":"https:\/\/ch.integra-metering.com\/wp-content\/uploads\/sites\/4\/2019\/11\/integra-logo-dark.svg","contentUrl":"https:\/\/ch.integra-metering.com\/wp-content\/uploads\/sites\/4\/2019\/11\/integra-logo-dark.svg","width":1,"height":1,"caption":"INTEGRA Metering AG"},"image":{"@id":"https:\/\/ch.integra-metering.com\/#\/schema\/logo\/image\/"},"sameAs":["https:\/\/ch.linkedin.com\/company\/aquametro-ag"]}]}},"_links":{"self":[{"href":"https:\/\/ch.integra-metering.com\/fr\/wp-json\/wp\/v2\/pages\/8183","targetHints":{"allow":["GET"]}}],"collection":[{"href":"https:\/\/ch.integra-metering.com\/fr\/wp-json\/wp\/v2\/pages"}],"about":[{"href":"https:\/\/ch.integra-metering.com\/fr\/wp-json\/wp\/v2\/types\/page"}],"author":[{"embeddable":true,"href":"https:\/\/ch.integra-metering.com\/fr\/wp-json\/wp\/v2\/users\/16"}],"replies":[{"embeddable":true,"href":"https:\/\/ch.integra-metering.com\/fr\/wp-json\/wp\/v2\/comments?post=8183"}],"version-history":[{"count":3,"href":"https:\/\/ch.integra-metering.com\/fr\/wp-json\/wp\/v2\/pages\/8183\/revisions"}],"predecessor-version":[{"id":8216,"href":"https:\/\/ch.integra-metering.com\/fr\/wp-json\/wp\/v2\/pages\/8183\/revisions\/8216"}],"wp:attachment":[{"href":"https:\/\/ch.integra-metering.com\/fr\/wp-json\/wp\/v2\/media?parent=8183"}],"curies":[{"name":"wp","href":"https:\/\/api.w.org\/{rel}","templated":true}]}}