{"id":8185,"date":"2025-08-04T13:26:15","date_gmt":"2025-08-04T13:26:15","guid":{"rendered":"https:\/\/ch.integra-metering.com\/?page_id=8185"},"modified":"2025-08-04T13:47:47","modified_gmt":"2025-08-04T13:47:47","slug":"avantages-en-allemagne","status":"publish","type":"page","link":"https:\/\/ch.integra-metering.com\/fr\/avantages-en-allemagne\/","title":{"rendered":"Avantages en Allemagne"},"content":{"rendered":"\n<div class=\"wp-block-media-text is-stacked-on-mobile\" style=\"grid-template-columns:35% auto\"><figure class=\"wp-block-media-text__media\"><img decoding=\"async\" src=\"https:\/\/integra-metering.com\/wp-content\/uploads\/2025\/08\/Freetime-DE.png\" alt=\"\" class=\"wp-image-5062 size-full\"\/><\/figure><div class=\"wp-block-media-text__content\">\n<h2 class=\"wp-block-heading has-text-color has-link-color wp-elements-993b3b6f1251537c0846938862fe997c\" style=\"color:#9e1a96\">Temps libre<\/h2>\n\n\n\n<ul class=\"wp-block-list\">\n<li>Collaboration avec Jobrad pour le leasing de v\u00e9los \u00e9lectriques<\/li>\n\n\n\n<li>Cartes de carburant pour l&rsquo;usage priv\u00e9<\/li>\n\n\n\n<li>R\u00e9glementation g\u00e9n\u00e9reuse des jours f\u00e9ri\u00e9s<\/li>\n<\/ul>\n<\/div><\/div>\n\n\n\n<div class=\"wp-block-media-text is-stacked-on-mobile\" style=\"grid-template-columns:35% auto\"><figure class=\"wp-block-media-text__media\"><img decoding=\"async\" src=\"https:\/\/integra-metering.com\/wp-content\/uploads\/2025\/08\/Workplace-CH.png\" alt=\"\" class=\"wp-image-5053 size-full\"\/><\/figure><div class=\"wp-block-media-text__content\">\n<h2 class=\"wp-block-heading has-text-color has-link-color wp-elements-4ee49e262fccd823afdb77cae0479082\" style=\"color:#9e1a96\">Poste de travail<\/h2>\n\n\n\n<ul class=\"wp-block-list\">\n<li>Possibilit\u00e9 de t\u00e9l\u00e9travail<\/li>\n\n\n\n<li>Places de parking gratuites pour les voitures<\/li>\n\n\n\n<li>Caf\u00e9, eau et th\u00e9 gratuits<\/li>\n\n\n\n<li>Atmosph\u00e8re familiale et divers \u00e9v\u00e9nements d&rsquo;entreprise, comme par exemple le repas de No\u00ebl<\/li>\n<\/ul>\n<\/div><\/div>\n\n\n\n<div class=\"wp-block-media-text is-stacked-on-mobile\" style=\"grid-template-columns:35% auto\"><figure class=\"wp-block-media-text__media\"><img decoding=\"async\" src=\"https:\/\/integra-metering.com\/wp-content\/uploads\/2025\/08\/Finances-INTEGRA-Metering.png\" alt=\"\" class=\"wp-image-5063 size-full\"\/><\/figure><div class=\"wp-block-media-text__content\">\n<h2 class=\"wp-block-heading has-text-color has-link-color wp-elements-a586ba7d916af0cfedff33c67a1d6430\" style=\"color:#9e1a96\">Finances<\/h2>\n\n\n\n<ul class=\"wp-block-list\">\n<li>Subvention pour la pr\u00e9voyance vieillesse de l&rsquo;entreprise<\/li>\n\n\n\n<li>Plans d&rsquo;\u00e9pargne attrayants aupr\u00e8s de banques et d&rsquo;assurances s\u00e9lectionn\u00e9es<\/li>\n<\/ul>\n<\/div><\/div>\n","protected":false},"excerpt":{"rendered":"","protected":false},"author":16,"featured_media":0,"parent":0,"menu_order":0,"comment_status":"closed","ping_status":"closed","template":"page-template-compact.php","meta":{"_acf_changed":false,"_monsterinsights_skip_tracking":false,"_monsterinsights_sitenote_active":false,"_monsterinsights_sitenote_note":"","_monsterinsights_sitenote_category":0,"footnotes":""},"class_list":["post-8185","page","type-page","status-publish","hentry"],"acf":[],"yoast_head":"<!-- This site is optimized with the Yoast SEO plugin v24.5 - https:\/\/yoast.com\/wordpress\/plugins\/seo\/ -->\n<title>Avantages en Allemagne | INTEGRA Metering AG<\/title>\n<meta name=\"robots\" content=\"index, follow, max-snippet:-1, max-image-preview:large, max-video-preview:-1\" \/>\n<link rel=\"canonical\" href=\"https:\/\/ch.integra-metering.com\/fr\/avantages-en-allemagne\/\" \/>\n<meta property=\"og:locale\" content=\"fr_FR\" \/>\n<meta property=\"og:type\" content=\"article\" \/>\n<meta property=\"og:title\" content=\"Avantages en Allemagne | INTEGRA Metering AG\" \/>\n<meta property=\"og:url\" content=\"https:\/\/ch.integra-metering.com\/fr\/avantages-en-allemagne\/\" \/>\n<meta property=\"og:site_name\" content=\"INTEGRA Metering AG\" \/>\n<meta property=\"article:modified_time\" content=\"2025-08-04T13:47:47+00:00\" \/>\n<meta property=\"og:image\" content=\"https:\/\/ch.integra-metering.com\/wp-content\/uploads\/sites\/4\/2021\/11\/Services_Geratemanagement.jpg\" \/>\n\t<meta property=\"og:image:width\" content=\"1200\" \/>\n\t<meta property=\"og:image:height\" content=\"800\" \/>\n\t<meta property=\"og:image:type\" content=\"image\/jpeg\" \/>\n<meta name=\"twitter:card\" content=\"summary_large_image\" \/>\n<script type=\"application\/ld+json\" class=\"yoast-schema-graph\">{\"@context\":\"https:\/\/schema.org\",\"@graph\":[{\"@type\":\"WebPage\",\"@id\":\"https:\/\/ch.integra-metering.com\/fr\/avantages-en-allemagne\/\",\"url\":\"https:\/\/ch.integra-metering.com\/fr\/avantages-en-allemagne\/\",\"name\":\"Avantages en Allemagne | INTEGRA Metering AG\",\"isPartOf\":{\"@id\":\"https:\/\/ch.integra-metering.com\/#website\"},\"primaryImageOfPage\":{\"@id\":\"https:\/\/ch.integra-metering.com\/fr\/avantages-en-allemagne\/#primaryimage\"},\"image\":{\"@id\":\"https:\/\/ch.integra-metering.com\/fr\/avantages-en-allemagne\/#primaryimage\"},\"thumbnailUrl\":\"https:\/\/integra-metering.com\/wp-content\/uploads\/2025\/08\/Freetime-DE.png\",\"datePublished\":\"2025-08-04T13:26:15+00:00\",\"dateModified\":\"2025-08-04T13:47:47+00:00\",\"breadcrumb\":{\"@id\":\"https:\/\/ch.integra-metering.com\/fr\/avantages-en-allemagne\/#breadcrumb\"},\"inLanguage\":\"fr-FR\",\"potentialAction\":[{\"@type\":\"ReadAction\",\"target\":[\"https:\/\/ch.integra-metering.com\/fr\/avantages-en-allemagne\/\"]}]},{\"@type\":\"ImageObject\",\"inLanguage\":\"fr-FR\",\"@id\":\"https:\/\/ch.integra-metering.com\/fr\/avantages-en-allemagne\/#primaryimage\",\"url\":\"https:\/\/integra-metering.com\/wp-content\/uploads\/2025\/08\/Freetime-DE.png\",\"contentUrl\":\"https:\/\/integra-metering.com\/wp-content\/uploads\/2025\/08\/Freetime-DE.png\"},{\"@type\":\"BreadcrumbList\",\"@id\":\"https:\/\/ch.integra-metering.com\/fr\/avantages-en-allemagne\/#breadcrumb\",\"itemListElement\":[{\"@type\":\"ListItem\",\"position\":1,\"name\":\"Home\",\"item\":\"https:\/\/ch.integra-metering.com\/fr\/\"},{\"@type\":\"ListItem\",\"position\":2,\"name\":\"Avantages en Allemagne\"}]},{\"@type\":\"WebSite\",\"@id\":\"https:\/\/ch.integra-metering.com\/#website\",\"url\":\"https:\/\/ch.integra-metering.com\/\",\"name\":\"INTEGRA Metering AG\",\"description\":\"Herzlich willkommen auf der neuen Aquametro Homepage | Bienvenue sur le site Aquametro Suisse\",\"publisher\":{\"@id\":\"https:\/\/ch.integra-metering.com\/#organization\"},\"potentialAction\":[{\"@type\":\"SearchAction\",\"target\":{\"@type\":\"EntryPoint\",\"urlTemplate\":\"https:\/\/ch.integra-metering.com\/?s={search_term_string}\"},\"query-input\":{\"@type\":\"PropertyValueSpecification\",\"valueRequired\":true,\"valueName\":\"search_term_string\"}}],\"inLanguage\":\"fr-FR\"},{\"@type\":\"Organization\",\"@id\":\"https:\/\/ch.integra-metering.com\/#organization\",\"name\":\"INTEGRA Metering AG\",\"url\":\"https:\/\/ch.integra-metering.com\/\",\"logo\":{\"@type\":\"ImageObject\",\"inLanguage\":\"fr-FR\",\"@id\":\"https:\/\/ch.integra-metering.com\/#\/schema\/logo\/image\/\",\"url\":\"https:\/\/ch.integra-metering.com\/wp-content\/uploads\/sites\/4\/2019\/11\/integra-logo-dark.svg\",\"contentUrl\":\"https:\/\/ch.integra-metering.com\/wp-content\/uploads\/sites\/4\/2019\/11\/integra-logo-dark.svg\",\"width\":1,\"height\":1,\"caption\":\"INTEGRA Metering AG\"},\"image\":{\"@id\":\"https:\/\/ch.integra-metering.com\/#\/schema\/logo\/image\/\"},\"sameAs\":[\"https:\/\/ch.linkedin.com\/company\/aquametro-ag\"]}]}<\/script>\n<!-- \/ Yoast SEO plugin. -->","yoast_head_json":{"title":"Avantages en Allemagne | INTEGRA Metering AG","robots":{"index":"index","follow":"follow","max-snippet":"max-snippet:-1","max-image-preview":"max-image-preview:large","max-video-preview":"max-video-preview:-1"},"canonical":"https:\/\/ch.integra-metering.com\/fr\/avantages-en-allemagne\/","og_locale":"fr_FR","og_type":"article","og_title":"Avantages en Allemagne | INTEGRA Metering AG","og_url":"https:\/\/ch.integra-metering.com\/fr\/avantages-en-allemagne\/","og_site_name":"INTEGRA Metering AG","article_modified_time":"2025-08-04T13:47:47+00:00","og_image":[{"width":1200,"height":800,"url":"https:\/\/ch.integra-metering.com\/wp-content\/uploads\/sites\/4\/2021\/11\/Services_Geratemanagement.jpg","type":"image\/jpeg"}],"twitter_card":"summary_large_image","schema":{"@context":"https:\/\/schema.org","@graph":[{"@type":"WebPage","@id":"https:\/\/ch.integra-metering.com\/fr\/avantages-en-allemagne\/","url":"https:\/\/ch.integra-metering.com\/fr\/avantages-en-allemagne\/","name":"Avantages en Allemagne | INTEGRA Metering AG","isPartOf":{"@id":"https:\/\/ch.integra-metering.com\/#website"},"primaryImageOfPage":{"@id":"https:\/\/ch.integra-metering.com\/fr\/avantages-en-allemagne\/#primaryimage"},"image":{"@id":"https:\/\/ch.integra-metering.com\/fr\/avantages-en-allemagne\/#primaryimage"},"thumbnailUrl":"https:\/\/integra-metering.com\/wp-content\/uploads\/2025\/08\/Freetime-DE.png","datePublished":"2025-08-04T13:26:15+00:00","dateModified":"2025-08-04T13:47:47+00:00","breadcrumb":{"@id":"https:\/\/ch.integra-metering.com\/fr\/avantages-en-allemagne\/#breadcrumb"},"inLanguage":"fr-FR","potentialAction":[{"@type":"ReadAction","target":["https:\/\/ch.integra-metering.com\/fr\/avantages-en-allemagne\/"]}]},{"@type":"ImageObject","inLanguage":"fr-FR","@id":"https:\/\/ch.integra-metering.com\/fr\/avantages-en-allemagne\/#primaryimage","url":"https:\/\/integra-metering.com\/wp-content\/uploads\/2025\/08\/Freetime-DE.png","contentUrl":"https:\/\/integra-metering.com\/wp-content\/uploads\/2025\/08\/Freetime-DE.png"},{"@type":"BreadcrumbList","@id":"https:\/\/ch.integra-metering.com\/fr\/avantages-en-allemagne\/#breadcrumb","itemListElement":[{"@type":"ListItem","position":1,"name":"Home","item":"https:\/\/ch.integra-metering.com\/fr\/"},{"@type":"ListItem","position":2,"name":"Avantages en Allemagne"}]},{"@type":"WebSite","@id":"https:\/\/ch.integra-metering.com\/#website","url":"https:\/\/ch.integra-metering.com\/","name":"INTEGRA Metering AG","description":"Herzlich willkommen auf der neuen Aquametro Homepage | Bienvenue sur le site Aquametro Suisse","publisher":{"@id":"https:\/\/ch.integra-metering.com\/#organization"},"potentialAction":[{"@type":"SearchAction","target":{"@type":"EntryPoint","urlTemplate":"https:\/\/ch.integra-metering.com\/?s={search_term_string}"},"query-input":{"@type":"PropertyValueSpecification","valueRequired":true,"valueName":"search_term_string"}}],"inLanguage":"fr-FR"},{"@type":"Organization","@id":"https:\/\/ch.integra-metering.com\/#organization","name":"INTEGRA Metering AG","url":"https:\/\/ch.integra-metering.com\/","logo":{"@type":"ImageObject","inLanguage":"fr-FR","@id":"https:\/\/ch.integra-metering.com\/#\/schema\/logo\/image\/","url":"https:\/\/ch.integra-metering.com\/wp-content\/uploads\/sites\/4\/2019\/11\/integra-logo-dark.svg","contentUrl":"https:\/\/ch.integra-metering.com\/wp-content\/uploads\/sites\/4\/2019\/11\/integra-logo-dark.svg","width":1,"height":1,"caption":"INTEGRA Metering AG"},"image":{"@id":"https:\/\/ch.integra-metering.com\/#\/schema\/logo\/image\/"},"sameAs":["https:\/\/ch.linkedin.com\/company\/aquametro-ag"]}]}},"_links":{"self":[{"href":"https:\/\/ch.integra-metering.com\/fr\/wp-json\/wp\/v2\/pages\/8185","targetHints":{"allow":["GET"]}}],"collection":[{"href":"https:\/\/ch.integra-metering.com\/fr\/wp-json\/wp\/v2\/pages"}],"about":[{"href":"https:\/\/ch.integra-metering.com\/fr\/wp-json\/wp\/v2\/types\/page"}],"author":[{"embeddable":true,"href":"https:\/\/ch.integra-metering.com\/fr\/wp-json\/wp\/v2\/users\/16"}],"replies":[{"embeddable":true,"href":"https:\/\/ch.integra-metering.com\/fr\/wp-json\/wp\/v2\/comments?post=8185"}],"version-history":[{"count":2,"href":"https:\/\/ch.integra-metering.com\/fr\/wp-json\/wp\/v2\/pages\/8185\/revisions"}],"predecessor-version":[{"id":8202,"href":"https:\/\/ch.integra-metering.com\/fr\/wp-json\/wp\/v2\/pages\/8185\/revisions\/8202"}],"wp:attachment":[{"href":"https:\/\/ch.integra-metering.com\/fr\/wp-json\/wp\/v2\/media?parent=8185"}],"curies":[{"name":"wp","href":"https:\/\/api.w.org\/{rel}","templated":true}]}}