{"id":1269,"date":"2020-03-15T12:52:00","date_gmt":"2020-03-15T12:52:00","guid":{"rendered":"https:\/\/integra-metering.com\/?post_type=product&#038;p=1269"},"modified":"2024-09-02T14:16:21","modified_gmt":"2024-09-02T14:16:21","slug":"rubin-ktw-ktw","status":"publish","type":"product","link":"https:\/\/ch.integra-metering.com\/fr\/product\/rubin-ktw-ktw\/","title":{"rendered":"RUBIN KTW \/ KTW+"},"content":{"rendered":"\n<!-- Block container# -->\n<div\n    id=\"air-tabsblock_07f702aa0d908ab6630b059d33a07756\"\n    class=\"air-tabs tabs\"\n>\n\n<div class=\"tab-controls__container\"  airTargetDropdown>\n    <!-- Tabs controls# -->\n        <div class=\"tab-controls\"  airTargetDropdown>\n                                    <button class=\"tab-button js-tab-button--active theme-version-black\"  airTargetDropdown>\n                Caract\u00e9ristiques &amp; Avantages clients            <\/button>\n                                    <button class=\"tab-button  theme-version-black\"  airTargetDropdown>\n                Donn\u00e9es techniques            <\/button>\n                    <\/div>\n    <!-- #Tabs controls# -->\n<\/div>\n\n    <!-- #Tab content -->\n                <div class=\"tab-content active theme-version-black\">\n                <p>\u2022\u00a0 \u00a0Compteur d&rsquo;eau froide pour des mesures de d\u00e9bit pr\u00e9cises<br \/>\n\u2022\u00a0 \u00a0Dynamique de mesure \u00e9lev\u00e9e<br \/>\n\u2022\u00a0 \u00a0Redresseur d\u2019\u00e9coulement int\u00e9gr\u00e9<br \/>\n\u2022\u00a0 \u00a0Rentabilit\u00e9 et rapidit\u00e9 de l\u2019\u00e9quipement ult\u00e9rieur des modules du syst\u00e8me<br \/>\n\u2022\u00a0 \u00a0Remplacement rapide et \u00e9conomique des inserts de mesure<br \/>\n\u2022\u00a0 \u00a0Mesure de d\u00e9bits \u00e9lev\u00e9s et fortement fluctuants<br \/>\n\u2022\u00a0 \u00a0Aucune section d\u2019entr\u00e9e et de sortie requise<br \/>\n\u2022\u00a0 \u00a0Avec d\u00e9tection des fuites<\/p>\n            <\/div>\n    <!-- #Tab content -->\n                <div class=\"tab-content  theme-version-black\">\n                <p>\u2022\u00a0 \u00a0Pour montage horizontal et vertical de diam\u00e8tre nominal DN 50 \u00e0 DN 100<br \/>\n\u2022\u00a0 \u00a0Pression nominal PN 16 bar<br \/>\n\u2022\u00a0 \u00a0Plage de temp\u00e9rature de 0 \u00b0C \u00e0 50 \u00b0C<br \/>\n\u2022\u00a0 \u00a0Indice de protection IP 68<br \/>\n\u2022\u00a0 \u00a0Plage de mesure jusqu\u2019\u00e0 R6300, selon le diam\u00e8tre nominal<br \/>\n\u2022\u00a0 \u00a0Classe de pr\u00e9cision 2 \/ T30<br \/>\n\u2022\u00a0 \u00a0Approbation de l\u2019eau potable (SVGW)<br \/>\n\u2022\u00a0 \u00a0Approbation selon MI004 et PTB cold K 7.2<br \/>\n\u2022\u00a0 \u00a0Compteur principal et compteur bypass en s\u00e9rie jusqu\u2019\u00e0 diam\u00e8tre nominal DN 100<br \/>\n\u2022\u00a0 \u00a0Compteur principal et compteur bypass c\u00f4te \u00e0 c\u00f4te pour diam\u00e8tre nominal DN 150<br \/>\n\u2022\u00a0 \u00a0Pas de diff\u00e9renciation de la conception entre le compteur bypass gauche ou droit jusqu\u2019\u00e0 diam\u00e8tre nominal DN 100<\/p>\n            <\/div>\n    <!-- #Tab content -->\n    <\/div>\n<!-- #Block container -->\n\n\n\n<p> <\/p>\n\n\n\n<div style=\"height:50px\" aria-hidden=\"true\" class=\"wp-block-spacer\"><\/div>\n\n\n\n<p><strong>Disponible \u00e9galement comme fichier BIM (IFC) :<\/strong> <\/p>\n\n\n\n<div style=\"height:30px\" aria-hidden=\"true\" class=\"wp-block-spacer\"><\/div>\n\n\n\n<div class=\"wp-block-buttons is-layout-flex wp-block-buttons-is-layout-flex\">\n<div class=\"wp-block-button has-custom-font-size has-medium-font-size\"><a class=\"wp-block-button__link wp-element-button\" href=\"https:\/\/ch.buildup.group\/fr\/orga\/INTEGRA_Metering_AG?line=RUBIN%C2%AE\" style=\"border-radius:3px\" target=\"_blank\" rel=\"noreferrer noopener\">Continuer sur buildup.ch<\/a><\/div>\n<\/div>\n","protected":false},"excerpt":{"rendered":"<p>Compteur d\u2019eau froide compos\u00e9 Woltman<\/p>\n","protected":false},"featured_media":1813,"parent":0,"comment_status":"open","ping_status":"closed","template":"","product-applications":[255],"product-medium":[67],"product-process":[115],"class_list":["post-1269","product","type-product","status-publish","has-post-thumbnail","hentry","product-applications-gestion-technique-centralisee","product-medium-eau","product-process-mesurer"],"acf":[],"yoast_head":"<!-- This site is optimized with the Yoast SEO plugin v24.5 - https:\/\/yoast.com\/wordpress\/plugins\/seo\/ -->\n<title>RUBIN KTW \/ KTW+ | INTEGRA Metering AG<\/title>\n<meta name=\"robots\" content=\"index, follow, max-snippet:-1, max-image-preview:large, max-video-preview:-1\" \/>\n<link rel=\"canonical\" href=\"https:\/\/ch.integra-metering.com\/fr\/product\/rubin-ktw-ktw\/\" \/>\n<meta property=\"og:locale\" content=\"fr_FR\" \/>\n<meta property=\"og:type\" content=\"article\" \/>\n<meta property=\"og:title\" content=\"RUBIN KTW \/ KTW+ | INTEGRA Metering AG\" \/>\n<meta property=\"og:description\" content=\"Compteur d\u2019eau froide compos\u00e9 Woltman\" \/>\n<meta property=\"og:url\" content=\"https:\/\/ch.integra-metering.com\/fr\/product\/rubin-ktw-ktw\/\" \/>\n<meta property=\"og:site_name\" content=\"INTEGRA Metering AG\" \/>\n<meta property=\"article:modified_time\" content=\"2024-09-02T14:16:21+00:00\" \/>\n<meta property=\"og:image\" content=\"https:\/\/ch.integra-metering.com\/wp-content\/uploads\/sites\/4\/2020\/02\/RUBIN-KTW-KTW.png\" \/>\n\t<meta property=\"og:image:width\" content=\"500\" \/>\n\t<meta property=\"og:image:height\" content=\"500\" \/>\n\t<meta property=\"og:image:type\" content=\"image\/png\" \/>\n<meta name=\"twitter:card\" content=\"summary_large_image\" \/>\n<script type=\"application\/ld+json\" class=\"yoast-schema-graph\">{\"@context\":\"https:\/\/schema.org\",\"@graph\":[{\"@type\":\"WebPage\",\"@id\":\"https:\/\/ch.integra-metering.com\/fr\/product\/rubin-ktw-ktw\/\",\"url\":\"https:\/\/ch.integra-metering.com\/fr\/product\/rubin-ktw-ktw\/\",\"name\":\"RUBIN KTW \/ KTW+ | INTEGRA Metering AG\",\"isPartOf\":{\"@id\":\"https:\/\/ch.integra-metering.com\/#website\"},\"primaryImageOfPage\":{\"@id\":\"https:\/\/ch.integra-metering.com\/fr\/product\/rubin-ktw-ktw\/#primaryimage\"},\"image\":{\"@id\":\"https:\/\/ch.integra-metering.com\/fr\/product\/rubin-ktw-ktw\/#primaryimage\"},\"thumbnailUrl\":\"https:\/\/ch.integra-metering.com\/wp-content\/uploads\/sites\/4\/2020\/02\/RUBIN-KTW-KTW.png\",\"datePublished\":\"2020-03-15T12:52:00+00:00\",\"dateModified\":\"2024-09-02T14:16:21+00:00\",\"breadcrumb\":{\"@id\":\"https:\/\/ch.integra-metering.com\/fr\/product\/rubin-ktw-ktw\/#breadcrumb\"},\"inLanguage\":\"fr-FR\",\"potentialAction\":[{\"@type\":\"ReadAction\",\"target\":[\"https:\/\/ch.integra-metering.com\/fr\/product\/rubin-ktw-ktw\/\"]}]},{\"@type\":\"ImageObject\",\"inLanguage\":\"fr-FR\",\"@id\":\"https:\/\/ch.integra-metering.com\/fr\/product\/rubin-ktw-ktw\/#primaryimage\",\"url\":\"https:\/\/ch.integra-metering.com\/wp-content\/uploads\/sites\/4\/2020\/02\/RUBIN-KTW-KTW.png\",\"contentUrl\":\"https:\/\/ch.integra-metering.com\/wp-content\/uploads\/sites\/4\/2020\/02\/RUBIN-KTW-KTW.png\",\"width\":500,\"height\":500},{\"@type\":\"BreadcrumbList\",\"@id\":\"https:\/\/ch.integra-metering.com\/fr\/product\/rubin-ktw-ktw\/#breadcrumb\",\"itemListElement\":[{\"@type\":\"ListItem\",\"position\":1,\"name\":\"Home\",\"item\":\"https:\/\/ch.integra-metering.com\/fr\/\"},{\"@type\":\"ListItem\",\"position\":2,\"name\":\"Products\",\"item\":\"https:\/\/ch.integra-metering.com\/fr\/catalogue\/\"},{\"@type\":\"ListItem\",\"position\":3,\"name\":\"RUBIN KTW \/ KTW+\"}]},{\"@type\":\"WebSite\",\"@id\":\"https:\/\/ch.integra-metering.com\/#website\",\"url\":\"https:\/\/ch.integra-metering.com\/\",\"name\":\"INTEGRA Metering AG\",\"description\":\"Herzlich willkommen auf der neuen Aquametro Homepage | Bienvenue sur le site Aquametro Suisse\",\"publisher\":{\"@id\":\"https:\/\/ch.integra-metering.com\/#organization\"},\"potentialAction\":[{\"@type\":\"SearchAction\",\"target\":{\"@type\":\"EntryPoint\",\"urlTemplate\":\"https:\/\/ch.integra-metering.com\/?s={search_term_string}\"},\"query-input\":{\"@type\":\"PropertyValueSpecification\",\"valueRequired\":true,\"valueName\":\"search_term_string\"}}],\"inLanguage\":\"fr-FR\"},{\"@type\":\"Organization\",\"@id\":\"https:\/\/ch.integra-metering.com\/#organization\",\"name\":\"INTEGRA Metering AG\",\"url\":\"https:\/\/ch.integra-metering.com\/\",\"logo\":{\"@type\":\"ImageObject\",\"inLanguage\":\"fr-FR\",\"@id\":\"https:\/\/ch.integra-metering.com\/#\/schema\/logo\/image\/\",\"url\":\"https:\/\/ch.integra-metering.com\/wp-content\/uploads\/sites\/4\/2019\/11\/integra-logo-dark.svg\",\"contentUrl\":\"https:\/\/ch.integra-metering.com\/wp-content\/uploads\/sites\/4\/2019\/11\/integra-logo-dark.svg\",\"width\":1,\"height\":1,\"caption\":\"INTEGRA Metering AG\"},\"image\":{\"@id\":\"https:\/\/ch.integra-metering.com\/#\/schema\/logo\/image\/\"},\"sameAs\":[\"https:\/\/ch.linkedin.com\/company\/aquametro-ag\"]}]}<\/script>\n<!-- \/ Yoast SEO plugin. -->","yoast_head_json":{"title":"RUBIN KTW \/ KTW+ | INTEGRA Metering AG","robots":{"index":"index","follow":"follow","max-snippet":"max-snippet:-1","max-image-preview":"max-image-preview:large","max-video-preview":"max-video-preview:-1"},"canonical":"https:\/\/ch.integra-metering.com\/fr\/product\/rubin-ktw-ktw\/","og_locale":"fr_FR","og_type":"article","og_title":"RUBIN KTW \/ KTW+ | INTEGRA Metering AG","og_description":"Compteur d\u2019eau froide compos\u00e9 Woltman","og_url":"https:\/\/ch.integra-metering.com\/fr\/product\/rubin-ktw-ktw\/","og_site_name":"INTEGRA Metering AG","article_modified_time":"2024-09-02T14:16:21+00:00","og_image":[{"width":500,"height":500,"url":"https:\/\/ch.integra-metering.com\/wp-content\/uploads\/sites\/4\/2020\/02\/RUBIN-KTW-KTW.png","type":"image\/png"}],"twitter_card":"summary_large_image","schema":{"@context":"https:\/\/schema.org","@graph":[{"@type":"WebPage","@id":"https:\/\/ch.integra-metering.com\/fr\/product\/rubin-ktw-ktw\/","url":"https:\/\/ch.integra-metering.com\/fr\/product\/rubin-ktw-ktw\/","name":"RUBIN KTW \/ KTW+ | INTEGRA Metering AG","isPartOf":{"@id":"https:\/\/ch.integra-metering.com\/#website"},"primaryImageOfPage":{"@id":"https:\/\/ch.integra-metering.com\/fr\/product\/rubin-ktw-ktw\/#primaryimage"},"image":{"@id":"https:\/\/ch.integra-metering.com\/fr\/product\/rubin-ktw-ktw\/#primaryimage"},"thumbnailUrl":"https:\/\/ch.integra-metering.com\/wp-content\/uploads\/sites\/4\/2020\/02\/RUBIN-KTW-KTW.png","datePublished":"2020-03-15T12:52:00+00:00","dateModified":"2024-09-02T14:16:21+00:00","breadcrumb":{"@id":"https:\/\/ch.integra-metering.com\/fr\/product\/rubin-ktw-ktw\/#breadcrumb"},"inLanguage":"fr-FR","potentialAction":[{"@type":"ReadAction","target":["https:\/\/ch.integra-metering.com\/fr\/product\/rubin-ktw-ktw\/"]}]},{"@type":"ImageObject","inLanguage":"fr-FR","@id":"https:\/\/ch.integra-metering.com\/fr\/product\/rubin-ktw-ktw\/#primaryimage","url":"https:\/\/ch.integra-metering.com\/wp-content\/uploads\/sites\/4\/2020\/02\/RUBIN-KTW-KTW.png","contentUrl":"https:\/\/ch.integra-metering.com\/wp-content\/uploads\/sites\/4\/2020\/02\/RUBIN-KTW-KTW.png","width":500,"height":500},{"@type":"BreadcrumbList","@id":"https:\/\/ch.integra-metering.com\/fr\/product\/rubin-ktw-ktw\/#breadcrumb","itemListElement":[{"@type":"ListItem","position":1,"name":"Home","item":"https:\/\/ch.integra-metering.com\/fr\/"},{"@type":"ListItem","position":2,"name":"Products","item":"https:\/\/ch.integra-metering.com\/fr\/catalogue\/"},{"@type":"ListItem","position":3,"name":"RUBIN KTW \/ KTW+"}]},{"@type":"WebSite","@id":"https:\/\/ch.integra-metering.com\/#website","url":"https:\/\/ch.integra-metering.com\/","name":"INTEGRA Metering AG","description":"Herzlich willkommen auf der neuen Aquametro Homepage | Bienvenue sur le site Aquametro Suisse","publisher":{"@id":"https:\/\/ch.integra-metering.com\/#organization"},"potentialAction":[{"@type":"SearchAction","target":{"@type":"EntryPoint","urlTemplate":"https:\/\/ch.integra-metering.com\/?s={search_term_string}"},"query-input":{"@type":"PropertyValueSpecification","valueRequired":true,"valueName":"search_term_string"}}],"inLanguage":"fr-FR"},{"@type":"Organization","@id":"https:\/\/ch.integra-metering.com\/#organization","name":"INTEGRA Metering AG","url":"https:\/\/ch.integra-metering.com\/","logo":{"@type":"ImageObject","inLanguage":"fr-FR","@id":"https:\/\/ch.integra-metering.com\/#\/schema\/logo\/image\/","url":"https:\/\/ch.integra-metering.com\/wp-content\/uploads\/sites\/4\/2019\/11\/integra-logo-dark.svg","contentUrl":"https:\/\/ch.integra-metering.com\/wp-content\/uploads\/sites\/4\/2019\/11\/integra-logo-dark.svg","width":1,"height":1,"caption":"INTEGRA Metering AG"},"image":{"@id":"https:\/\/ch.integra-metering.com\/#\/schema\/logo\/image\/"},"sameAs":["https:\/\/ch.linkedin.com\/company\/aquametro-ag"]}]}},"_links":{"self":[{"href":"https:\/\/ch.integra-metering.com\/fr\/wp-json\/wp\/v2\/product\/1269","targetHints":{"allow":["GET"]}}],"collection":[{"href":"https:\/\/ch.integra-metering.com\/fr\/wp-json\/wp\/v2\/product"}],"about":[{"href":"https:\/\/ch.integra-metering.com\/fr\/wp-json\/wp\/v2\/types\/product"}],"replies":[{"embeddable":true,"href":"https:\/\/ch.integra-metering.com\/fr\/wp-json\/wp\/v2\/comments?post=1269"}],"wp:featuredmedia":[{"embeddable":true,"href":"https:\/\/ch.integra-metering.com\/fr\/wp-json\/wp\/v2\/media\/1813"}],"wp:attachment":[{"href":"https:\/\/ch.integra-metering.com\/fr\/wp-json\/wp\/v2\/media?parent=1269"}],"wp:term":[{"taxonomy":"product-applications","embeddable":true,"href":"https:\/\/ch.integra-metering.com\/fr\/wp-json\/wp\/v2\/product-applications?post=1269"},{"taxonomy":"product-medium","embeddable":true,"href":"https:\/\/ch.integra-metering.com\/fr\/wp-json\/wp\/v2\/product-medium?post=1269"},{"taxonomy":"product-process","embeddable":true,"href":"https:\/\/ch.integra-metering.com\/fr\/wp-json\/wp\/v2\/product-process?post=1269"}],"curies":[{"name":"wp","href":"https:\/\/api.w.org\/{rel}","templated":true}]}}