{"id":3731,"date":"2020-10-22T14:20:46","date_gmt":"2020-10-22T14:20:46","guid":{"rendered":"https:\/\/ch.integra-metering.com\/?post_type=product&#038;p=3731"},"modified":"2024-09-02T14:22:47","modified_gmt":"2024-09-02T14:22:47","slug":"topas-eskmp-2","status":"publish","type":"product","link":"https:\/\/ch.integra-metering.com\/fr\/product\/topas-eskmp-2\/","title":{"rendered":"TOPAS ESKMP 2"},"content":{"rendered":"\n<!-- Block container# -->\n<div\n    id=\"air-tabsblock_ff0eda9febf838b967fe707dd787a079\"\n    class=\"air-tabs tabs\"\n>\n\n<div class=\"tab-controls__container\"  airTargetDropdown>\n    <!-- Tabs controls# -->\n        <div class=\"tab-controls\"  airTargetDropdown>\n                                    <button class=\"tab-button js-tab-button--active theme-version-black\"  airTargetDropdown>\n                Caract\u00e9ristiques &amp; Avantages clients            <\/button>\n                                    <button class=\"tab-button  theme-version-black\"  airTargetDropdown>\n                Donn\u00e9es techniques            <\/button>\n                    <\/div>\n    <!-- #Tabs controls# -->\n<\/div>\n\n    <!-- #Tab content -->\n                <div class=\"tab-content active theme-version-black\">\n                <p>\u2022\u00a0 \u00a0Compteur d&rsquo;eau \u00e0 ultrasons robuste et statique avec interface int\u00e9gr\u00e9e pour les applications intelligent avec communication de donn\u00e9es r\u00e9elles<br \/>\n\u2022\u00a0 \u00a0Solution de Smart Metering compacte : transmission de donn\u00e9es par wM-Bus et OMS<br \/>\n\u2022\u00a0 \u00a0Communication de donn\u00e9es r\u00e9elles<br \/>\n\u2022\u00a0 \u00a0Mesures ultrasoniques pr\u00e9cises de l&rsquo;eau froide<br \/>\n\u2022\u00a0 \u00a0MID approuv\u00e9e avec une gamme dynamique jusqu\u2019\u00e0 R800<br \/>\n\u2022\u00a0 \u00a0R\u00e9duction de la proportion d\u2019eau non facturable gr\u00e2ce \u00e0 la faible valeur de d\u00e9marrage (1,4 l\/h pour le DN 15)<br \/>\n\u2022\u00a0 \u00a0Radio OMS\u00ae sans fil (OMS G\u00e9n\u00e9ration 3)<br \/>\n\u2022\u00a0 \u00a0Affichage sur l\u2019\u00e9cran des messages d\u2019erreur et des alarmes (ex. d\u00e9tection des fuites)<br \/>\n\u2022\u00a0 \u00a0D\u00e9tection des manipulations<br \/>\n\u2022\u00a0 \u00a0Technologie moderne \u00e0 ultrasons<br \/>\n\u2022\u00a0 \u00a0Bo\u00eetier robuste en laiton sans plomb<br \/>\n\u2022\u00a0 \u00a0Applicable dans les zones ext\u00e9rieures<\/p>\n            <\/div>\n    <!-- #Tab content -->\n                <div class=\"tab-content  theme-version-black\">\n                <p>\u2022\u00a0 \u00a0Avec M-Bus<br \/>\n\u2022\u00a0 \u00a0Avec certification SSIGE<br \/>\n\u2022\u00a0 \u00a0Avec certification MID, plages de mesure selon OIML R49, EN 14154<br \/>\n\u2022\u00a0 \u00a0Param\u00e9tr\u00e9 en usine<br \/>\n\u2022\u00a0 \u00a0Montage possible dans toutes les positions<br \/>\n\u2022\u00a0 \u00a0Corps en laiton avec raccord filet\u00e9<br \/>\n\u2022\u00a0 \u00a0Pression nominale 16 bar<br \/>\n\u2022\u00a0 \u00a0Pas de section d\u2019entr\u00e9e et de sortie requise<br \/>\n\u2022\u00a0 \u00a0Insensible aux d\u00e9p\u00f4ts et solides en suspension dans l\u2019eau<br \/>\n\u2022\u00a0 \u00a0Indice de protection IP 68<br \/>\n\u2022\u00a0 \u00a0Dur\u00e9e de vie de la batterie : ESKM 16 ans<br \/>\n\u2022\u00a0 \u00a0Temp\u00e9rature du milieu : 0,1 \u00b0C \u00e0 50 \u00b0C<br \/>\n\u2022\u00a0 \u00a0Temp\u00e9rature ambiante : 1 \u00b0C \u00e0 70 \u00b0C<br \/>\n\u2022\u00a0 \u00a0Temp\u00e9rature de transport et de stockage :-10 \u00b0C \u00e0 70 \u00b0C (> 35\u00b0C max. 4 semaines)<br \/>\n\u2022\u00a0 \u00a0S\u00e9rie (diam\u00e8tre nominale) DN15 \u2013 DN50 avec toutes les longueurs de corps courantes<\/p>\n            <\/div>\n    <!-- #Tab content -->\n    <\/div>\n<!-- #Block container -->\n\n\n\n<div style=\"height:50px\" aria-hidden=\"true\" class=\"wp-block-spacer\"><\/div>\n\n\n\n<p><strong>Disponible \u00e9galement comme fichier BIM (IFC) :<\/strong> <\/p>\n\n\n\n<div style=\"height:30px\" aria-hidden=\"true\" class=\"wp-block-spacer\"><\/div>\n\n\n\n<div class=\"wp-block-buttons is-layout-flex wp-block-buttons-is-layout-flex\">\n<div class=\"wp-block-button has-custom-font-size has-medium-font-size\"><a class=\"wp-block-button__link wp-element-button\" href=\"https:\/\/ch.buildup.group\/fr\/orga\/INTEGRA_Metering_AG?line=TOPAS%C2%AE%20ESK2\" style=\"border-radius:3px\" target=\"_blank\" rel=\"noreferrer noopener\">Continuer sur buildup.ch<\/a><\/div>\n<\/div>\n","protected":false},"excerpt":{"rendered":"<p>Compteur \u00e0 ultrasons pour eau froide avec M-Bus int\u00e9gr\u00e9<\/p>\n","protected":false},"featured_media":5530,"parent":0,"comment_status":"open","ping_status":"closed","template":"","product-applications":[254,110],"product-medium":[75],"product-process":[117],"class_list":["post-3731","product","type-product","status-publish","has-post-thumbnail","hentry","product-applications-gebaeudetechnik","product-applications-wohnungsbau","product-medium-wasser","product-process-messen"],"acf":[],"yoast_head":"<!-- This site is optimized with the Yoast SEO plugin v24.5 - https:\/\/yoast.com\/wordpress\/plugins\/seo\/ -->\n<title>TOPAS ESKMP 2 | INTEGRA Metering AG<\/title>\n<meta name=\"robots\" content=\"index, follow, max-snippet:-1, max-image-preview:large, max-video-preview:-1\" \/>\n<link rel=\"canonical\" href=\"https:\/\/ch.integra-metering.com\/fr\/product\/topas-eskmp-2\/\" \/>\n<meta property=\"og:locale\" content=\"fr_FR\" \/>\n<meta property=\"og:type\" content=\"article\" \/>\n<meta property=\"og:title\" content=\"TOPAS ESKMP 2 | INTEGRA Metering AG\" \/>\n<meta property=\"og:description\" content=\"Compteur \u00e0 ultrasons pour eau froide avec M-Bus int\u00e9gr\u00e9\" \/>\n<meta property=\"og:url\" content=\"https:\/\/ch.integra-metering.com\/fr\/product\/topas-eskmp-2\/\" \/>\n<meta property=\"og:site_name\" content=\"INTEGRA Metering AG\" \/>\n<meta property=\"article:modified_time\" content=\"2024-09-02T14:22:47+00:00\" \/>\n<meta property=\"og:image\" content=\"https:\/\/ch.integra-metering.com\/wp-content\/uploads\/sites\/4\/2020\/10\/TOPAS_ESKM_2.png\" \/>\n\t<meta property=\"og:image:width\" content=\"500\" \/>\n\t<meta property=\"og:image:height\" content=\"500\" \/>\n\t<meta property=\"og:image:type\" content=\"image\/png\" \/>\n<meta name=\"twitter:card\" content=\"summary_large_image\" \/>\n<script type=\"application\/ld+json\" class=\"yoast-schema-graph\">{\"@context\":\"https:\/\/schema.org\",\"@graph\":[{\"@type\":\"WebPage\",\"@id\":\"https:\/\/ch.integra-metering.com\/fr\/product\/topas-eskmp-2\/\",\"url\":\"https:\/\/ch.integra-metering.com\/fr\/product\/topas-eskmp-2\/\",\"name\":\"TOPAS ESKMP 2 | INTEGRA Metering AG\",\"isPartOf\":{\"@id\":\"https:\/\/ch.integra-metering.com\/#website\"},\"primaryImageOfPage\":{\"@id\":\"https:\/\/ch.integra-metering.com\/fr\/product\/topas-eskmp-2\/#primaryimage\"},\"image\":{\"@id\":\"https:\/\/ch.integra-metering.com\/fr\/product\/topas-eskmp-2\/#primaryimage\"},\"thumbnailUrl\":\"https:\/\/ch.integra-metering.com\/wp-content\/uploads\/sites\/4\/2020\/10\/TOPAS_ESKM_2.png\",\"datePublished\":\"2020-10-22T14:20:46+00:00\",\"dateModified\":\"2024-09-02T14:22:47+00:00\",\"breadcrumb\":{\"@id\":\"https:\/\/ch.integra-metering.com\/fr\/product\/topas-eskmp-2\/#breadcrumb\"},\"inLanguage\":\"fr-FR\",\"potentialAction\":[{\"@type\":\"ReadAction\",\"target\":[\"https:\/\/ch.integra-metering.com\/fr\/product\/topas-eskmp-2\/\"]}]},{\"@type\":\"ImageObject\",\"inLanguage\":\"fr-FR\",\"@id\":\"https:\/\/ch.integra-metering.com\/fr\/product\/topas-eskmp-2\/#primaryimage\",\"url\":\"https:\/\/ch.integra-metering.com\/wp-content\/uploads\/sites\/4\/2020\/10\/TOPAS_ESKM_2.png\",\"contentUrl\":\"https:\/\/ch.integra-metering.com\/wp-content\/uploads\/sites\/4\/2020\/10\/TOPAS_ESKM_2.png\",\"width\":500,\"height\":500},{\"@type\":\"BreadcrumbList\",\"@id\":\"https:\/\/ch.integra-metering.com\/fr\/product\/topas-eskmp-2\/#breadcrumb\",\"itemListElement\":[{\"@type\":\"ListItem\",\"position\":1,\"name\":\"Home\",\"item\":\"https:\/\/ch.integra-metering.com\/fr\/\"},{\"@type\":\"ListItem\",\"position\":2,\"name\":\"Products\",\"item\":\"https:\/\/ch.integra-metering.com\/fr\/catalogue\/\"},{\"@type\":\"ListItem\",\"position\":3,\"name\":\"TOPAS ESKMP 2\"}]},{\"@type\":\"WebSite\",\"@id\":\"https:\/\/ch.integra-metering.com\/#website\",\"url\":\"https:\/\/ch.integra-metering.com\/\",\"name\":\"INTEGRA Metering AG\",\"description\":\"Herzlich willkommen auf der neuen Aquametro Homepage | Bienvenue sur le site Aquametro Suisse\",\"publisher\":{\"@id\":\"https:\/\/ch.integra-metering.com\/#organization\"},\"potentialAction\":[{\"@type\":\"SearchAction\",\"target\":{\"@type\":\"EntryPoint\",\"urlTemplate\":\"https:\/\/ch.integra-metering.com\/?s={search_term_string}\"},\"query-input\":{\"@type\":\"PropertyValueSpecification\",\"valueRequired\":true,\"valueName\":\"search_term_string\"}}],\"inLanguage\":\"fr-FR\"},{\"@type\":\"Organization\",\"@id\":\"https:\/\/ch.integra-metering.com\/#organization\",\"name\":\"INTEGRA Metering AG\",\"url\":\"https:\/\/ch.integra-metering.com\/\",\"logo\":{\"@type\":\"ImageObject\",\"inLanguage\":\"fr-FR\",\"@id\":\"https:\/\/ch.integra-metering.com\/#\/schema\/logo\/image\/\",\"url\":\"https:\/\/ch.integra-metering.com\/wp-content\/uploads\/sites\/4\/2019\/11\/integra-logo-dark.svg\",\"contentUrl\":\"https:\/\/ch.integra-metering.com\/wp-content\/uploads\/sites\/4\/2019\/11\/integra-logo-dark.svg\",\"width\":1,\"height\":1,\"caption\":\"INTEGRA Metering AG\"},\"image\":{\"@id\":\"https:\/\/ch.integra-metering.com\/#\/schema\/logo\/image\/\"},\"sameAs\":[\"https:\/\/ch.linkedin.com\/company\/aquametro-ag\"]}]}<\/script>\n<!-- \/ Yoast SEO plugin. -->","yoast_head_json":{"title":"TOPAS ESKMP 2 | INTEGRA Metering AG","robots":{"index":"index","follow":"follow","max-snippet":"max-snippet:-1","max-image-preview":"max-image-preview:large","max-video-preview":"max-video-preview:-1"},"canonical":"https:\/\/ch.integra-metering.com\/fr\/product\/topas-eskmp-2\/","og_locale":"fr_FR","og_type":"article","og_title":"TOPAS ESKMP 2 | INTEGRA Metering AG","og_description":"Compteur \u00e0 ultrasons pour eau froide avec M-Bus int\u00e9gr\u00e9","og_url":"https:\/\/ch.integra-metering.com\/fr\/product\/topas-eskmp-2\/","og_site_name":"INTEGRA Metering AG","article_modified_time":"2024-09-02T14:22:47+00:00","og_image":[{"width":500,"height":500,"url":"https:\/\/ch.integra-metering.com\/wp-content\/uploads\/sites\/4\/2020\/10\/TOPAS_ESKM_2.png","type":"image\/png"}],"twitter_card":"summary_large_image","schema":{"@context":"https:\/\/schema.org","@graph":[{"@type":"WebPage","@id":"https:\/\/ch.integra-metering.com\/fr\/product\/topas-eskmp-2\/","url":"https:\/\/ch.integra-metering.com\/fr\/product\/topas-eskmp-2\/","name":"TOPAS ESKMP 2 | INTEGRA Metering AG","isPartOf":{"@id":"https:\/\/ch.integra-metering.com\/#website"},"primaryImageOfPage":{"@id":"https:\/\/ch.integra-metering.com\/fr\/product\/topas-eskmp-2\/#primaryimage"},"image":{"@id":"https:\/\/ch.integra-metering.com\/fr\/product\/topas-eskmp-2\/#primaryimage"},"thumbnailUrl":"https:\/\/ch.integra-metering.com\/wp-content\/uploads\/sites\/4\/2020\/10\/TOPAS_ESKM_2.png","datePublished":"2020-10-22T14:20:46+00:00","dateModified":"2024-09-02T14:22:47+00:00","breadcrumb":{"@id":"https:\/\/ch.integra-metering.com\/fr\/product\/topas-eskmp-2\/#breadcrumb"},"inLanguage":"fr-FR","potentialAction":[{"@type":"ReadAction","target":["https:\/\/ch.integra-metering.com\/fr\/product\/topas-eskmp-2\/"]}]},{"@type":"ImageObject","inLanguage":"fr-FR","@id":"https:\/\/ch.integra-metering.com\/fr\/product\/topas-eskmp-2\/#primaryimage","url":"https:\/\/ch.integra-metering.com\/wp-content\/uploads\/sites\/4\/2020\/10\/TOPAS_ESKM_2.png","contentUrl":"https:\/\/ch.integra-metering.com\/wp-content\/uploads\/sites\/4\/2020\/10\/TOPAS_ESKM_2.png","width":500,"height":500},{"@type":"BreadcrumbList","@id":"https:\/\/ch.integra-metering.com\/fr\/product\/topas-eskmp-2\/#breadcrumb","itemListElement":[{"@type":"ListItem","position":1,"name":"Home","item":"https:\/\/ch.integra-metering.com\/fr\/"},{"@type":"ListItem","position":2,"name":"Products","item":"https:\/\/ch.integra-metering.com\/fr\/catalogue\/"},{"@type":"ListItem","position":3,"name":"TOPAS ESKMP 2"}]},{"@type":"WebSite","@id":"https:\/\/ch.integra-metering.com\/#website","url":"https:\/\/ch.integra-metering.com\/","name":"INTEGRA Metering AG","description":"Herzlich willkommen auf der neuen Aquametro Homepage | Bienvenue sur le site Aquametro Suisse","publisher":{"@id":"https:\/\/ch.integra-metering.com\/#organization"},"potentialAction":[{"@type":"SearchAction","target":{"@type":"EntryPoint","urlTemplate":"https:\/\/ch.integra-metering.com\/?s={search_term_string}"},"query-input":{"@type":"PropertyValueSpecification","valueRequired":true,"valueName":"search_term_string"}}],"inLanguage":"fr-FR"},{"@type":"Organization","@id":"https:\/\/ch.integra-metering.com\/#organization","name":"INTEGRA Metering AG","url":"https:\/\/ch.integra-metering.com\/","logo":{"@type":"ImageObject","inLanguage":"fr-FR","@id":"https:\/\/ch.integra-metering.com\/#\/schema\/logo\/image\/","url":"https:\/\/ch.integra-metering.com\/wp-content\/uploads\/sites\/4\/2019\/11\/integra-logo-dark.svg","contentUrl":"https:\/\/ch.integra-metering.com\/wp-content\/uploads\/sites\/4\/2019\/11\/integra-logo-dark.svg","width":1,"height":1,"caption":"INTEGRA Metering AG"},"image":{"@id":"https:\/\/ch.integra-metering.com\/#\/schema\/logo\/image\/"},"sameAs":["https:\/\/ch.linkedin.com\/company\/aquametro-ag"]}]}},"_links":{"self":[{"href":"https:\/\/ch.integra-metering.com\/fr\/wp-json\/wp\/v2\/product\/3731","targetHints":{"allow":["GET"]}}],"collection":[{"href":"https:\/\/ch.integra-metering.com\/fr\/wp-json\/wp\/v2\/product"}],"about":[{"href":"https:\/\/ch.integra-metering.com\/fr\/wp-json\/wp\/v2\/types\/product"}],"replies":[{"embeddable":true,"href":"https:\/\/ch.integra-metering.com\/fr\/wp-json\/wp\/v2\/comments?post=3731"}],"wp:featuredmedia":[{"embeddable":true,"href":"https:\/\/ch.integra-metering.com\/fr\/wp-json\/wp\/v2\/media\/5530"}],"wp:attachment":[{"href":"https:\/\/ch.integra-metering.com\/fr\/wp-json\/wp\/v2\/media?parent=3731"}],"wp:term":[{"taxonomy":"product-applications","embeddable":true,"href":"https:\/\/ch.integra-metering.com\/fr\/wp-json\/wp\/v2\/product-applications?post=3731"},{"taxonomy":"product-medium","embeddable":true,"href":"https:\/\/ch.integra-metering.com\/fr\/wp-json\/wp\/v2\/product-medium?post=3731"},{"taxonomy":"product-process","embeddable":true,"href":"https:\/\/ch.integra-metering.com\/fr\/wp-json\/wp\/v2\/product-process?post=3731"}],"curies":[{"name":"wp","href":"https:\/\/api.w.org\/{rel}","templated":true}]}}