{"id":3753,"date":"2020-11-06T12:53:07","date_gmt":"2020-11-06T12:53:07","guid":{"rendered":"https:\/\/ch.integra-metering.com\/product\/temperaturfuehler-psc\/"},"modified":"2025-05-21T11:25:15","modified_gmt":"2025-05-21T11:25:15","slug":"temperaturfuehler-psc","status":"publish","type":"product","link":"https:\/\/ch.integra-metering.com\/fr\/product\/temperaturfuehler-psc\/","title":{"rendered":"Sondes de temp\u00e9rature PSC"},"content":{"rendered":"\n<!-- Block container# -->\n<div\n    id=\"air-tabsblock_f83b5728a2355ebc0a29360c63bab73d\"\n    class=\"air-tabs tabs\"\n>\n\n<div class=\"tab-controls__container\"  airTargetDropdown>\n    <!-- Tabs controls# -->\n        <div class=\"tab-controls\"  airTargetDropdown>\n                                    <button class=\"tab-button js-tab-button--active theme-version-black\"  airTargetDropdown>\n                Caract\u00e9ristiques &amp; Avantages clients            <\/button>\n                                    <button class=\"tab-button  theme-version-black\"  airTargetDropdown>\n                Donn\u00e9es techniques            <\/button>\n                    <\/div>\n    <!-- #Tabs controls# -->\n<\/div>\n\n    <!-- #Tab content -->\n                <div class=\"tab-content active theme-version-black\">\n                <p>\u2022\u00a0 \u00a0Capteur de temp\u00e9rature \u00e0 r\u00e9sistance de platine pour installation en fourreau<br \/>\n\u2022\u00a0 \u00a0Mod\u00e8les en Pt 100 et Pt 500<br \/>\n\u2022\u00a0 \u00a0Versions en variantes \u00e0 2 et 4 fils<br \/>\n\u2022\u00a0 \u00a0Manchons d&rsquo;immersion appropri\u00e9s de diff\u00e9rentes longueurs<br \/>\n\u2022\u00a0 \u00a0Pr\u00e9cision stable \u00e0 long terme de la mesure du chaud\/froid<\/p>\n            <\/div>\n    <!-- #Tab content -->\n                <div class=\"tab-content  theme-version-black\">\n                <p>\u2022\u00a0 \u00a0Paire de capteurs \u00e0 c\u00e2ble comme Pt100 ou Pt500<br \/>\n\u2022\u00a0 \u00a0Diam\u00e8tre : 6 mm<br \/>\n\u2022\u00a0 \u00a0Longueur de la sonde : 50 mm<br \/>\n\u2022\u00a0 \u00a0Plage de mesure : 0 \u00b0C \u00e0 150 \u00b0C<br \/>\n\u2022\u00a0 \u00a0Plage d&rsquo;approbation pour \u0394T 2 K \u00e0 150 K<br \/>\n\u2022\u00a0 \u00a0C\u00e2ble \u00e0 2 fils de 2,5 m de long ou c\u00e2ble \u00e0 4 fils de 10 m de long<br \/>\n\u2022\u00a0 \u00a0Installation dans le manchon d&rsquo;immersion SP-E \/ EV \/ EVS 85 mm &#8211; 210 mm<br \/>\n\u2022\u00a0 \u00a0Agr\u00e9ments de type selon EN 1434, 2004\/22\/EG<br \/>\n\u2022\u00a0 \u00a0Approbation 2004\/22\/CE (MID mesure du chaleur) et PTB K 7.2 (MID mesure du froid)<\/p>\n            <\/div>\n    <!-- #Tab content -->\n    <\/div>\n<!-- #Block container -->\n\n\n\n<div style=\"height:50px\" aria-hidden=\"true\" class=\"wp-block-spacer\"><\/div>\n\n\n\n<p> <strong>Disponible \u00e9galement comme fichier BIM (IFC) :<\/strong> <\/p>\n\n\n\n<div style=\"height:30px\" aria-hidden=\"true\" class=\"wp-block-spacer\"><\/div>\n\n\n\n<div class=\"wp-block-buttons is-horizontal is-content-justification-center is-layout-flex wp-container-core-buttons-is-layout-1 wp-block-buttons-is-layout-flex\">\n<div class=\"wp-block-button aligncenter\"><a class=\"wp-block-button__link has-white-color has-text-color wp-element-button\" href=\"https:\/\/ch.buildup.group\/fr\/orga\/INTEGRA_Metering_AG?group=Sonde%20de%20temp%C3%A9rature\" style=\"border-radius:3px\" target=\"_blank\" rel=\"noreferrer noopener\">Continuer sur buildup.ch<\/a><\/div>\n<\/div>\n\n\n\n<p><\/p>\n","protected":false},"excerpt":{"rendered":"<p>Capteurs \u00e0 c\u00e2ble Pt100\/Pt500 en technologie 2 ou 4 fils pour installation dans des puits thermom\u00e9triques<\/p>\n","protected":false},"featured_media":5527,"parent":0,"comment_status":"open","ping_status":"closed","template":"","product-applications":[254,256,198],"product-medium":[74,75],"product-process":[115],"class_list":["post-3753","product","type-product","status-publish","has-post-thumbnail","hentry","product-applications-gebaeudetechnik","product-applications-nah-und-fernwaerme-fernkaelte","product-applications-temperaturfuehler","product-medium-thermische-energie","product-medium-wasser","product-process-mesurer"],"acf":[],"yoast_head":"<!-- This site is optimized with the Yoast SEO plugin v24.5 - https:\/\/yoast.com\/wordpress\/plugins\/seo\/ -->\n<title>Sondes de temp\u00e9rature PSC | INTEGRA Metering AG<\/title>\n<meta name=\"robots\" content=\"index, follow, max-snippet:-1, max-image-preview:large, max-video-preview:-1\" \/>\n<link rel=\"canonical\" href=\"https:\/\/ch.integra-metering.com\/fr\/product\/temperaturfuehler-psc\/\" \/>\n<meta property=\"og:locale\" content=\"fr_FR\" \/>\n<meta property=\"og:type\" content=\"article\" \/>\n<meta property=\"og:title\" content=\"Sondes de temp\u00e9rature PSC | INTEGRA Metering AG\" \/>\n<meta property=\"og:description\" content=\"Capteurs \u00e0 c\u00e2ble Pt100\/Pt500 en technologie 2 ou 4 fils pour installation dans des puits thermom\u00e9triques\" \/>\n<meta property=\"og:url\" content=\"https:\/\/ch.integra-metering.com\/fr\/product\/temperaturfuehler-psc\/\" \/>\n<meta property=\"og:site_name\" content=\"INTEGRA Metering AG\" \/>\n<meta property=\"article:modified_time\" content=\"2025-05-21T11:25:15+00:00\" \/>\n<meta property=\"og:image\" content=\"https:\/\/ch.integra-metering.com\/wp-content\/uploads\/sites\/4\/2020\/11\/PSC.png\" \/>\n\t<meta property=\"og:image:width\" content=\"500\" \/>\n\t<meta property=\"og:image:height\" content=\"500\" \/>\n\t<meta property=\"og:image:type\" content=\"image\/png\" \/>\n<meta name=\"twitter:card\" content=\"summary_large_image\" \/>\n<script type=\"application\/ld+json\" class=\"yoast-schema-graph\">{\"@context\":\"https:\/\/schema.org\",\"@graph\":[{\"@type\":\"WebPage\",\"@id\":\"https:\/\/ch.integra-metering.com\/fr\/product\/temperaturfuehler-psc\/\",\"url\":\"https:\/\/ch.integra-metering.com\/fr\/product\/temperaturfuehler-psc\/\",\"name\":\"Sondes de temp\u00e9rature PSC | INTEGRA Metering AG\",\"isPartOf\":{\"@id\":\"https:\/\/ch.integra-metering.com\/#website\"},\"primaryImageOfPage\":{\"@id\":\"https:\/\/ch.integra-metering.com\/fr\/product\/temperaturfuehler-psc\/#primaryimage\"},\"image\":{\"@id\":\"https:\/\/ch.integra-metering.com\/fr\/product\/temperaturfuehler-psc\/#primaryimage\"},\"thumbnailUrl\":\"https:\/\/ch.integra-metering.com\/wp-content\/uploads\/sites\/4\/2020\/11\/PSC.png\",\"datePublished\":\"2020-11-06T12:53:07+00:00\",\"dateModified\":\"2025-05-21T11:25:15+00:00\",\"breadcrumb\":{\"@id\":\"https:\/\/ch.integra-metering.com\/fr\/product\/temperaturfuehler-psc\/#breadcrumb\"},\"inLanguage\":\"fr-FR\",\"potentialAction\":[{\"@type\":\"ReadAction\",\"target\":[\"https:\/\/ch.integra-metering.com\/fr\/product\/temperaturfuehler-psc\/\"]}]},{\"@type\":\"ImageObject\",\"inLanguage\":\"fr-FR\",\"@id\":\"https:\/\/ch.integra-metering.com\/fr\/product\/temperaturfuehler-psc\/#primaryimage\",\"url\":\"https:\/\/ch.integra-metering.com\/wp-content\/uploads\/sites\/4\/2020\/11\/PSC.png\",\"contentUrl\":\"https:\/\/ch.integra-metering.com\/wp-content\/uploads\/sites\/4\/2020\/11\/PSC.png\",\"width\":500,\"height\":500},{\"@type\":\"BreadcrumbList\",\"@id\":\"https:\/\/ch.integra-metering.com\/fr\/product\/temperaturfuehler-psc\/#breadcrumb\",\"itemListElement\":[{\"@type\":\"ListItem\",\"position\":1,\"name\":\"Home\",\"item\":\"https:\/\/ch.integra-metering.com\/fr\/\"},{\"@type\":\"ListItem\",\"position\":2,\"name\":\"Products\",\"item\":\"https:\/\/ch.integra-metering.com\/fr\/catalogue\/\"},{\"@type\":\"ListItem\",\"position\":3,\"name\":\"Sondes de temp\u00e9rature PSC\"}]},{\"@type\":\"WebSite\",\"@id\":\"https:\/\/ch.integra-metering.com\/#website\",\"url\":\"https:\/\/ch.integra-metering.com\/\",\"name\":\"INTEGRA Metering AG\",\"description\":\"Herzlich willkommen auf der neuen Aquametro Homepage | Bienvenue sur le site Aquametro Suisse\",\"publisher\":{\"@id\":\"https:\/\/ch.integra-metering.com\/#organization\"},\"potentialAction\":[{\"@type\":\"SearchAction\",\"target\":{\"@type\":\"EntryPoint\",\"urlTemplate\":\"https:\/\/ch.integra-metering.com\/?s={search_term_string}\"},\"query-input\":{\"@type\":\"PropertyValueSpecification\",\"valueRequired\":true,\"valueName\":\"search_term_string\"}}],\"inLanguage\":\"fr-FR\"},{\"@type\":\"Organization\",\"@id\":\"https:\/\/ch.integra-metering.com\/#organization\",\"name\":\"INTEGRA Metering AG\",\"url\":\"https:\/\/ch.integra-metering.com\/\",\"logo\":{\"@type\":\"ImageObject\",\"inLanguage\":\"fr-FR\",\"@id\":\"https:\/\/ch.integra-metering.com\/#\/schema\/logo\/image\/\",\"url\":\"https:\/\/ch.integra-metering.com\/wp-content\/uploads\/sites\/4\/2019\/11\/integra-logo-dark.svg\",\"contentUrl\":\"https:\/\/ch.integra-metering.com\/wp-content\/uploads\/sites\/4\/2019\/11\/integra-logo-dark.svg\",\"width\":1,\"height\":1,\"caption\":\"INTEGRA Metering AG\"},\"image\":{\"@id\":\"https:\/\/ch.integra-metering.com\/#\/schema\/logo\/image\/\"},\"sameAs\":[\"https:\/\/ch.linkedin.com\/company\/aquametro-ag\"]}]}<\/script>\n<!-- \/ Yoast SEO plugin. -->","yoast_head_json":{"title":"Sondes de temp\u00e9rature PSC | INTEGRA Metering AG","robots":{"index":"index","follow":"follow","max-snippet":"max-snippet:-1","max-image-preview":"max-image-preview:large","max-video-preview":"max-video-preview:-1"},"canonical":"https:\/\/ch.integra-metering.com\/fr\/product\/temperaturfuehler-psc\/","og_locale":"fr_FR","og_type":"article","og_title":"Sondes de temp\u00e9rature PSC | INTEGRA Metering AG","og_description":"Capteurs \u00e0 c\u00e2ble Pt100\/Pt500 en technologie 2 ou 4 fils pour installation dans des puits thermom\u00e9triques","og_url":"https:\/\/ch.integra-metering.com\/fr\/product\/temperaturfuehler-psc\/","og_site_name":"INTEGRA Metering AG","article_modified_time":"2025-05-21T11:25:15+00:00","og_image":[{"width":500,"height":500,"url":"https:\/\/ch.integra-metering.com\/wp-content\/uploads\/sites\/4\/2020\/11\/PSC.png","type":"image\/png"}],"twitter_card":"summary_large_image","schema":{"@context":"https:\/\/schema.org","@graph":[{"@type":"WebPage","@id":"https:\/\/ch.integra-metering.com\/fr\/product\/temperaturfuehler-psc\/","url":"https:\/\/ch.integra-metering.com\/fr\/product\/temperaturfuehler-psc\/","name":"Sondes de temp\u00e9rature PSC | INTEGRA Metering AG","isPartOf":{"@id":"https:\/\/ch.integra-metering.com\/#website"},"primaryImageOfPage":{"@id":"https:\/\/ch.integra-metering.com\/fr\/product\/temperaturfuehler-psc\/#primaryimage"},"image":{"@id":"https:\/\/ch.integra-metering.com\/fr\/product\/temperaturfuehler-psc\/#primaryimage"},"thumbnailUrl":"https:\/\/ch.integra-metering.com\/wp-content\/uploads\/sites\/4\/2020\/11\/PSC.png","datePublished":"2020-11-06T12:53:07+00:00","dateModified":"2025-05-21T11:25:15+00:00","breadcrumb":{"@id":"https:\/\/ch.integra-metering.com\/fr\/product\/temperaturfuehler-psc\/#breadcrumb"},"inLanguage":"fr-FR","potentialAction":[{"@type":"ReadAction","target":["https:\/\/ch.integra-metering.com\/fr\/product\/temperaturfuehler-psc\/"]}]},{"@type":"ImageObject","inLanguage":"fr-FR","@id":"https:\/\/ch.integra-metering.com\/fr\/product\/temperaturfuehler-psc\/#primaryimage","url":"https:\/\/ch.integra-metering.com\/wp-content\/uploads\/sites\/4\/2020\/11\/PSC.png","contentUrl":"https:\/\/ch.integra-metering.com\/wp-content\/uploads\/sites\/4\/2020\/11\/PSC.png","width":500,"height":500},{"@type":"BreadcrumbList","@id":"https:\/\/ch.integra-metering.com\/fr\/product\/temperaturfuehler-psc\/#breadcrumb","itemListElement":[{"@type":"ListItem","position":1,"name":"Home","item":"https:\/\/ch.integra-metering.com\/fr\/"},{"@type":"ListItem","position":2,"name":"Products","item":"https:\/\/ch.integra-metering.com\/fr\/catalogue\/"},{"@type":"ListItem","position":3,"name":"Sondes de temp\u00e9rature PSC"}]},{"@type":"WebSite","@id":"https:\/\/ch.integra-metering.com\/#website","url":"https:\/\/ch.integra-metering.com\/","name":"INTEGRA Metering AG","description":"Herzlich willkommen auf der neuen Aquametro Homepage | Bienvenue sur le site Aquametro Suisse","publisher":{"@id":"https:\/\/ch.integra-metering.com\/#organization"},"potentialAction":[{"@type":"SearchAction","target":{"@type":"EntryPoint","urlTemplate":"https:\/\/ch.integra-metering.com\/?s={search_term_string}"},"query-input":{"@type":"PropertyValueSpecification","valueRequired":true,"valueName":"search_term_string"}}],"inLanguage":"fr-FR"},{"@type":"Organization","@id":"https:\/\/ch.integra-metering.com\/#organization","name":"INTEGRA Metering AG","url":"https:\/\/ch.integra-metering.com\/","logo":{"@type":"ImageObject","inLanguage":"fr-FR","@id":"https:\/\/ch.integra-metering.com\/#\/schema\/logo\/image\/","url":"https:\/\/ch.integra-metering.com\/wp-content\/uploads\/sites\/4\/2019\/11\/integra-logo-dark.svg","contentUrl":"https:\/\/ch.integra-metering.com\/wp-content\/uploads\/sites\/4\/2019\/11\/integra-logo-dark.svg","width":1,"height":1,"caption":"INTEGRA Metering AG"},"image":{"@id":"https:\/\/ch.integra-metering.com\/#\/schema\/logo\/image\/"},"sameAs":["https:\/\/ch.linkedin.com\/company\/aquametro-ag"]}]}},"_links":{"self":[{"href":"https:\/\/ch.integra-metering.com\/fr\/wp-json\/wp\/v2\/product\/3753","targetHints":{"allow":["GET"]}}],"collection":[{"href":"https:\/\/ch.integra-metering.com\/fr\/wp-json\/wp\/v2\/product"}],"about":[{"href":"https:\/\/ch.integra-metering.com\/fr\/wp-json\/wp\/v2\/types\/product"}],"replies":[{"embeddable":true,"href":"https:\/\/ch.integra-metering.com\/fr\/wp-json\/wp\/v2\/comments?post=3753"}],"wp:featuredmedia":[{"embeddable":true,"href":"https:\/\/ch.integra-metering.com\/fr\/wp-json\/wp\/v2\/media\/5527"}],"wp:attachment":[{"href":"https:\/\/ch.integra-metering.com\/fr\/wp-json\/wp\/v2\/media?parent=3753"}],"wp:term":[{"taxonomy":"product-applications","embeddable":true,"href":"https:\/\/ch.integra-metering.com\/fr\/wp-json\/wp\/v2\/product-applications?post=3753"},{"taxonomy":"product-medium","embeddable":true,"href":"https:\/\/ch.integra-metering.com\/fr\/wp-json\/wp\/v2\/product-medium?post=3753"},{"taxonomy":"product-process","embeddable":true,"href":"https:\/\/ch.integra-metering.com\/fr\/wp-json\/wp\/v2\/product-process?post=3753"}],"curies":[{"name":"wp","href":"https:\/\/api.w.org\/{rel}","templated":true}]}}