{"id":4755,"date":"2024-04-25T08:08:05","date_gmt":"2024-04-25T08:08:05","guid":{"rendered":"https:\/\/ch.integra-metering.com\/?post_type=product&#038;p=4755"},"modified":"2025-07-28T14:03:36","modified_gmt":"2025-07-28T14:03:36","slug":"aquaradio-multicom","status":"publish","type":"product","link":"https:\/\/ch.integra-metering.com\/fr\/product\/aquaradio-multicom\/","title":{"rendered":"aquaradio\u00ae MultiCom"},"content":{"rendered":"\n<!-- Block container# -->\n<div\n    id=\"air-tabsblock_6e68f2fa30577d598c0283d45eea772f\"\n    class=\"air-tabs tabs\"\n>\n\n<div class=\"tab-controls__container\"  airTargetDropdown>\n    <!-- Tabs controls# -->\n        <div class=\"tab-controls\"  airTargetDropdown>\n                                    <button class=\"tab-button js-tab-button--active theme-version-black\"  airTargetDropdown>\n                Caract\u00e9ristiques &amp; Avantages clients            <\/button>\n                                    <button class=\"tab-button  theme-version-black\"  airTargetDropdown>\n                Donn\u00e9es techniques            <\/button>\n                    <\/div>\n    <!-- #Tabs controls# -->\n<\/div>\n\n    <!-- #Tab content -->\n                <div class=\"tab-content active theme-version-black\">\n                <p>\u2022\u00a0 \u00a0Alimentation \u00e9lectrique via M-Bus<br \/>\n\u2022\u00a0 \u00a0Module externe universel multi-protocoles<br \/>\n\u2022\u00a0 \u00a0Parfaitement adapt\u00e9 \u00e0 la lecture automatique, aux compteurs intelligents, aux b\u00e2timents intelligents et aux applications de l&rsquo;Internet des objets \u00ab\u00a0IoT\u00a0\u00bb.<br \/>\n\u2022\u00a0 \u00a0D\u00e9di\u00e9 \u00e0 l&rsquo;eau, \u00e0 l&rsquo;\u00e9nergie thermique et \u00e0 tout type de compteurs.<br \/>\n\u2022\u00a0 \u00a0Adapt\u00e9 aux environnements difficiles<br \/>\n\u2022\u00a0 \u00a0Installation en r\u00e9tro fit pour \u00e9tendre votre syst\u00e8me radio<br \/>\n\u2022\u00a0 \u00a0Transforme tous vos compteurs existants intelligents<br \/>\n\u2022\u00a0 \u00a0Composant d&rsquo;int\u00e9gration syst\u00e8me pour une solution facile<\/p>\n            <\/div>\n    <!-- #Tab content -->\n                <div class=\"tab-content  theme-version-black\">\n                <p>\u2022\u00a0 \u00a0Compatible pour les compteurs d&rsquo;eau, d&rsquo;energie, de gaz et d&rsquo;\u00e9l\u00e9crticit\u00e9<br \/>\n\u2022\u00a0 \u00a0Protocole wM-Bus conforme EN 13757-4<br \/>\n\u2022\u00a0 \u00a0OMS V4.x.x (Conforme OMS 3.0) &#8211; Fr\u00e9quence 868MHz<br \/>\n\u2022\u00a0 \u00a0Intervalle de transmission (OMS) : toutes les 16 secondes<br \/>\n\u2022\u00a0 \u00a0Protocole conforme LoRaWAN\u00ae<br \/>\n\u2022\u00a0 \u00a0Mode support\u00e9 : OTAA et ABP<br \/>\n\u2022\u00a0 \u00a0Intervalle de transmission (LoRaWAN) : 2 fois par jour &#8211; Enti\u00e8rement configurable<br \/>\n\u2022\u00a0 \u00a0Information: Valeur actuelle du compteur \/ Volume retour d\u2019eau \/ Date et Heure \/ Volume Historique \/ Date Historique \/ Statut info \/ Autonomie de la batterie \/ Statut info \/ Autonomie de la batterie<br \/>\n\u2022\u00a0 \u00a0Classe de protection : IP68 ou IP68 renforc\u00e9<br \/>\n\u2022\u00a0 \u00a0Alimentation par piles : 1 ou 2x 3,6VDC &#8211; Piles remplacables sur site<br \/>\n\u2022\u00a0 \u00a0Dur\u00e9e de vie de la batterie : Jusqu\u2019\u00e0 16 ans (d\u00e9pend de l&rsquo;environnement et des conditions de r\u00e9glage)<br \/>\n\u2022\u00a0 \u00a0Entr\u00e9e impulsion configurable : 2,3 ou 4 fils<br \/>\n\u2022\u00a0 \u00a0Entr\u00e9e M-Bus filaire : 2 fils non polaris\u00e9s<br \/>\n\u2022\u00a0 \u00a0Temp\u00e9rature de fonctionnement : 0 \u00b0C \u00e0 +55 \u00b0C<br \/>\n\u2022\u00a0 \u00a0Temp\u00e9rature de stockage : -20 \u00b0C \u00e0 +70 \u00b0C<br \/>\n\u2022\u00a0 \u00a0Taux d\u2019humidit\u00e9 : Jusqu\u2019\u00e0 98 %<br \/>\n\u2022\u00a0 \u00a0Installation : sur mat \/ murale \/ directement sur nos RUBIN SONIC compteurs<br \/>\n\u2022\u00a0 \u00a0Dimension : 254 x 133 x 122 mm<br \/>\n\u2022\u00a0 \u00a0Interface de programmation : NFC &amp; BLE (Bluetooth Low Energy)<br \/>\n\u2022\u00a0 \u00a0Logiciel de programmation : IM Connect+\u00ae \/ compatible avec Android \/ Disponible via Google Play<\/p>\n            <\/div>\n    <!-- #Tab content -->\n    <\/div>\n<!-- #Block container -->\n\n\n\n<div style=\"height:50px\" aria-hidden=\"true\" class=\"wp-block-spacer\"><\/div>\n\n\n\n<figure class=\"wp-block-embed is-type-video is-provider-youtube wp-block-embed-youtube wp-embed-aspect-16-9 wp-has-aspect-ratio\"><div class=\"wp-block-embed__wrapper\">\n<iframe loading=\"lazy\" title=\"aquaradio\u00ae MultiCom | Vid\u00e9o de pr\u00e9sentation\" width=\"500\" height=\"281\" src=\"https:\/\/www.youtube.com\/embed\/T3LZTrB-IbE?feature=oembed\" frameborder=\"0\" allow=\"accelerometer; autoplay; clipboard-write; encrypted-media; gyroscope; picture-in-picture; web-share\" referrerpolicy=\"strict-origin-when-cross-origin\" allowfullscreen><\/iframe>\n<\/div><\/figure>\n","protected":false},"excerpt":{"rendered":"<p>Module radio externe Multi-protocole<\/p>\n","protected":false},"featured_media":8060,"parent":0,"comment_status":"open","ping_status":"closed","template":"","product-applications":[254,255,197],"product-medium":[78,80,74,75],"product-process":[172,116,166],"class_list":["post-4755","product","type-product","status-publish","has-post-thumbnail","hentry","product-applications-gebaeudetechnik","product-applications-gestion-technique-centralisee","product-applications-kommunikationsgeraete","product-medium-systemes-et-logiciels","product-medium-systemtechnik-software","product-medium-thermische-energie","product-medium-wasser","product-process-auslesen-uebertragen","product-process-auswerten-verarbeiten","product-process-lecture-transmission"],"acf":[],"yoast_head":"<!-- This site is optimized with the Yoast SEO plugin v24.5 - https:\/\/yoast.com\/wordpress\/plugins\/seo\/ -->\n<title>aquaradio\u00ae MultiCom | INTEGRA Metering AG<\/title>\n<meta name=\"robots\" content=\"index, follow, max-snippet:-1, max-image-preview:large, max-video-preview:-1\" \/>\n<link rel=\"canonical\" href=\"https:\/\/ch.integra-metering.com\/fr\/product\/aquaradio-multicom\/\" \/>\n<meta property=\"og:locale\" content=\"fr_FR\" \/>\n<meta property=\"og:type\" content=\"article\" \/>\n<meta property=\"og:title\" content=\"aquaradio\u00ae MultiCom | INTEGRA Metering AG\" \/>\n<meta property=\"og:description\" content=\"Module radio externe Multi-protocole\" \/>\n<meta property=\"og:url\" content=\"https:\/\/ch.integra-metering.com\/fr\/product\/aquaradio-multicom\/\" \/>\n<meta property=\"og:site_name\" content=\"INTEGRA Metering AG\" \/>\n<meta property=\"article:modified_time\" content=\"2025-07-28T14:03:36+00:00\" \/>\n<meta property=\"og:image\" content=\"https:\/\/ch.integra-metering.com\/wp-content\/uploads\/sites\/4\/2024\/04\/aquaradio-MultiCom.png\" \/>\n\t<meta property=\"og:image:width\" content=\"500\" \/>\n\t<meta property=\"og:image:height\" content=\"500\" \/>\n\t<meta property=\"og:image:type\" content=\"image\/png\" \/>\n<meta name=\"twitter:card\" content=\"summary_large_image\" \/>\n<script type=\"application\/ld+json\" class=\"yoast-schema-graph\">{\"@context\":\"https:\/\/schema.org\",\"@graph\":[{\"@type\":\"WebPage\",\"@id\":\"https:\/\/ch.integra-metering.com\/fr\/product\/aquaradio-multicom\/\",\"url\":\"https:\/\/ch.integra-metering.com\/fr\/product\/aquaradio-multicom\/\",\"name\":\"aquaradio\u00ae MultiCom | INTEGRA Metering AG\",\"isPartOf\":{\"@id\":\"https:\/\/ch.integra-metering.com\/#website\"},\"primaryImageOfPage\":{\"@id\":\"https:\/\/ch.integra-metering.com\/fr\/product\/aquaradio-multicom\/#primaryimage\"},\"image\":{\"@id\":\"https:\/\/ch.integra-metering.com\/fr\/product\/aquaradio-multicom\/#primaryimage\"},\"thumbnailUrl\":\"https:\/\/ch.integra-metering.com\/wp-content\/uploads\/sites\/4\/2024\/04\/aquaradio-MultiCom.png\",\"datePublished\":\"2024-04-25T08:08:05+00:00\",\"dateModified\":\"2025-07-28T14:03:36+00:00\",\"breadcrumb\":{\"@id\":\"https:\/\/ch.integra-metering.com\/fr\/product\/aquaradio-multicom\/#breadcrumb\"},\"inLanguage\":\"fr-FR\",\"potentialAction\":[{\"@type\":\"ReadAction\",\"target\":[\"https:\/\/ch.integra-metering.com\/fr\/product\/aquaradio-multicom\/\"]}]},{\"@type\":\"ImageObject\",\"inLanguage\":\"fr-FR\",\"@id\":\"https:\/\/ch.integra-metering.com\/fr\/product\/aquaradio-multicom\/#primaryimage\",\"url\":\"https:\/\/ch.integra-metering.com\/wp-content\/uploads\/sites\/4\/2024\/04\/aquaradio-MultiCom.png\",\"contentUrl\":\"https:\/\/ch.integra-metering.com\/wp-content\/uploads\/sites\/4\/2024\/04\/aquaradio-MultiCom.png\",\"width\":500,\"height\":500},{\"@type\":\"BreadcrumbList\",\"@id\":\"https:\/\/ch.integra-metering.com\/fr\/product\/aquaradio-multicom\/#breadcrumb\",\"itemListElement\":[{\"@type\":\"ListItem\",\"position\":1,\"name\":\"Home\",\"item\":\"https:\/\/ch.integra-metering.com\/fr\/\"},{\"@type\":\"ListItem\",\"position\":2,\"name\":\"Products\",\"item\":\"https:\/\/ch.integra-metering.com\/fr\/catalogue\/\"},{\"@type\":\"ListItem\",\"position\":3,\"name\":\"aquaradio\u00ae MultiCom\"}]},{\"@type\":\"WebSite\",\"@id\":\"https:\/\/ch.integra-metering.com\/#website\",\"url\":\"https:\/\/ch.integra-metering.com\/\",\"name\":\"INTEGRA Metering AG\",\"description\":\"Herzlich willkommen auf der neuen Aquametro Homepage | Bienvenue sur le site Aquametro Suisse\",\"publisher\":{\"@id\":\"https:\/\/ch.integra-metering.com\/#organization\"},\"potentialAction\":[{\"@type\":\"SearchAction\",\"target\":{\"@type\":\"EntryPoint\",\"urlTemplate\":\"https:\/\/ch.integra-metering.com\/?s={search_term_string}\"},\"query-input\":{\"@type\":\"PropertyValueSpecification\",\"valueRequired\":true,\"valueName\":\"search_term_string\"}}],\"inLanguage\":\"fr-FR\"},{\"@type\":\"Organization\",\"@id\":\"https:\/\/ch.integra-metering.com\/#organization\",\"name\":\"INTEGRA Metering AG\",\"url\":\"https:\/\/ch.integra-metering.com\/\",\"logo\":{\"@type\":\"ImageObject\",\"inLanguage\":\"fr-FR\",\"@id\":\"https:\/\/ch.integra-metering.com\/#\/schema\/logo\/image\/\",\"url\":\"https:\/\/ch.integra-metering.com\/wp-content\/uploads\/sites\/4\/2019\/11\/integra-logo-dark.svg\",\"contentUrl\":\"https:\/\/ch.integra-metering.com\/wp-content\/uploads\/sites\/4\/2019\/11\/integra-logo-dark.svg\",\"width\":1,\"height\":1,\"caption\":\"INTEGRA Metering AG\"},\"image\":{\"@id\":\"https:\/\/ch.integra-metering.com\/#\/schema\/logo\/image\/\"},\"sameAs\":[\"https:\/\/ch.linkedin.com\/company\/aquametro-ag\"]}]}<\/script>\n<!-- \/ Yoast SEO plugin. -->","yoast_head_json":{"title":"aquaradio\u00ae MultiCom | INTEGRA Metering AG","robots":{"index":"index","follow":"follow","max-snippet":"max-snippet:-1","max-image-preview":"max-image-preview:large","max-video-preview":"max-video-preview:-1"},"canonical":"https:\/\/ch.integra-metering.com\/fr\/product\/aquaradio-multicom\/","og_locale":"fr_FR","og_type":"article","og_title":"aquaradio\u00ae MultiCom | INTEGRA Metering AG","og_description":"Module radio externe Multi-protocole","og_url":"https:\/\/ch.integra-metering.com\/fr\/product\/aquaradio-multicom\/","og_site_name":"INTEGRA Metering AG","article_modified_time":"2025-07-28T14:03:36+00:00","og_image":[{"width":500,"height":500,"url":"https:\/\/ch.integra-metering.com\/wp-content\/uploads\/sites\/4\/2024\/04\/aquaradio-MultiCom.png","type":"image\/png"}],"twitter_card":"summary_large_image","schema":{"@context":"https:\/\/schema.org","@graph":[{"@type":"WebPage","@id":"https:\/\/ch.integra-metering.com\/fr\/product\/aquaradio-multicom\/","url":"https:\/\/ch.integra-metering.com\/fr\/product\/aquaradio-multicom\/","name":"aquaradio\u00ae MultiCom | INTEGRA Metering AG","isPartOf":{"@id":"https:\/\/ch.integra-metering.com\/#website"},"primaryImageOfPage":{"@id":"https:\/\/ch.integra-metering.com\/fr\/product\/aquaradio-multicom\/#primaryimage"},"image":{"@id":"https:\/\/ch.integra-metering.com\/fr\/product\/aquaradio-multicom\/#primaryimage"},"thumbnailUrl":"https:\/\/ch.integra-metering.com\/wp-content\/uploads\/sites\/4\/2024\/04\/aquaradio-MultiCom.png","datePublished":"2024-04-25T08:08:05+00:00","dateModified":"2025-07-28T14:03:36+00:00","breadcrumb":{"@id":"https:\/\/ch.integra-metering.com\/fr\/product\/aquaradio-multicom\/#breadcrumb"},"inLanguage":"fr-FR","potentialAction":[{"@type":"ReadAction","target":["https:\/\/ch.integra-metering.com\/fr\/product\/aquaradio-multicom\/"]}]},{"@type":"ImageObject","inLanguage":"fr-FR","@id":"https:\/\/ch.integra-metering.com\/fr\/product\/aquaradio-multicom\/#primaryimage","url":"https:\/\/ch.integra-metering.com\/wp-content\/uploads\/sites\/4\/2024\/04\/aquaradio-MultiCom.png","contentUrl":"https:\/\/ch.integra-metering.com\/wp-content\/uploads\/sites\/4\/2024\/04\/aquaradio-MultiCom.png","width":500,"height":500},{"@type":"BreadcrumbList","@id":"https:\/\/ch.integra-metering.com\/fr\/product\/aquaradio-multicom\/#breadcrumb","itemListElement":[{"@type":"ListItem","position":1,"name":"Home","item":"https:\/\/ch.integra-metering.com\/fr\/"},{"@type":"ListItem","position":2,"name":"Products","item":"https:\/\/ch.integra-metering.com\/fr\/catalogue\/"},{"@type":"ListItem","position":3,"name":"aquaradio\u00ae MultiCom"}]},{"@type":"WebSite","@id":"https:\/\/ch.integra-metering.com\/#website","url":"https:\/\/ch.integra-metering.com\/","name":"INTEGRA Metering AG","description":"Herzlich willkommen auf der neuen Aquametro Homepage | Bienvenue sur le site Aquametro Suisse","publisher":{"@id":"https:\/\/ch.integra-metering.com\/#organization"},"potentialAction":[{"@type":"SearchAction","target":{"@type":"EntryPoint","urlTemplate":"https:\/\/ch.integra-metering.com\/?s={search_term_string}"},"query-input":{"@type":"PropertyValueSpecification","valueRequired":true,"valueName":"search_term_string"}}],"inLanguage":"fr-FR"},{"@type":"Organization","@id":"https:\/\/ch.integra-metering.com\/#organization","name":"INTEGRA Metering AG","url":"https:\/\/ch.integra-metering.com\/","logo":{"@type":"ImageObject","inLanguage":"fr-FR","@id":"https:\/\/ch.integra-metering.com\/#\/schema\/logo\/image\/","url":"https:\/\/ch.integra-metering.com\/wp-content\/uploads\/sites\/4\/2019\/11\/integra-logo-dark.svg","contentUrl":"https:\/\/ch.integra-metering.com\/wp-content\/uploads\/sites\/4\/2019\/11\/integra-logo-dark.svg","width":1,"height":1,"caption":"INTEGRA Metering AG"},"image":{"@id":"https:\/\/ch.integra-metering.com\/#\/schema\/logo\/image\/"},"sameAs":["https:\/\/ch.linkedin.com\/company\/aquametro-ag"]}]}},"_links":{"self":[{"href":"https:\/\/ch.integra-metering.com\/fr\/wp-json\/wp\/v2\/product\/4755","targetHints":{"allow":["GET"]}}],"collection":[{"href":"https:\/\/ch.integra-metering.com\/fr\/wp-json\/wp\/v2\/product"}],"about":[{"href":"https:\/\/ch.integra-metering.com\/fr\/wp-json\/wp\/v2\/types\/product"}],"replies":[{"embeddable":true,"href":"https:\/\/ch.integra-metering.com\/fr\/wp-json\/wp\/v2\/comments?post=4755"}],"wp:featuredmedia":[{"embeddable":true,"href":"https:\/\/ch.integra-metering.com\/fr\/wp-json\/wp\/v2\/media\/8060"}],"wp:attachment":[{"href":"https:\/\/ch.integra-metering.com\/fr\/wp-json\/wp\/v2\/media?parent=4755"}],"wp:term":[{"taxonomy":"product-applications","embeddable":true,"href":"https:\/\/ch.integra-metering.com\/fr\/wp-json\/wp\/v2\/product-applications?post=4755"},{"taxonomy":"product-medium","embeddable":true,"href":"https:\/\/ch.integra-metering.com\/fr\/wp-json\/wp\/v2\/product-medium?post=4755"},{"taxonomy":"product-process","embeddable":true,"href":"https:\/\/ch.integra-metering.com\/fr\/wp-json\/wp\/v2\/product-process?post=4755"}],"curies":[{"name":"wp","href":"https:\/\/api.w.org\/{rel}","templated":true}]}}