{"id":5211,"date":"2022-01-31T12:41:56","date_gmt":"2022-01-31T12:41:56","guid":{"rendered":"https:\/\/ch.integra-metering.com\/?post_type=product&#038;p=5211"},"modified":"2022-07-28T11:52:25","modified_gmt":"2022-07-28T11:52:25","slug":"ambus-cmibox","status":"publish","type":"product","link":"https:\/\/ch.integra-metering.com\/fr\/product\/ambus-cmibox\/","title":{"rendered":"AMBUS\u00ae CMiBOX"},"content":{"rendered":"\n<!-- Block container# -->\n<div\n    id=\"air-tabsblock_5e9dac2b5826e\"\n    class=\"air-tabs tabs\"\n>\n\n<div class=\"tab-controls__container\"  airTargetDropdown>\n    <!-- Tabs controls# -->\n        <div class=\"tab-controls\"  airTargetDropdown>\n                                    <button class=\"tab-button js-tab-button--active theme-version-black\"  airTargetDropdown>\n                Caract\u00e9ristiques &amp; Avantages clients            <\/button>\n                                    <button class=\"tab-button  theme-version-black\"  airTargetDropdown>\n                Donn\u00e9es techniques            <\/button>\n                    <\/div>\n    <!-- #Tabs controls# -->\n<\/div>\n\n    <!-- #Tab content -->\n                <div class=\"tab-content active theme-version-black\">\n                <p>\u2022\u00a0\u00a0 R\u00e9cepteur M-Bus sans fil int\u00e9gr\u00e9 vers M-Bus filaire<br \/>\n\u2022\u00a0\u00a0 Int\u00e9gration facile dans une solution M-Bus existante<br \/>\n\u2022\u00a0\u00a0 Communique avec un maximum de 800 compteurs M-Bus sans fil<br \/>\n\u2022\u00a0\u00a0 Facile \u00e0 monter et \u00e0 installer, avec une grande flexibilit\u00e9<br \/>\n\u2022\u00a0\u00a0 Pr\u00eat \u00e0 \u00eatre utilis\u00e9 avec n&rsquo;importe quel compteur suivant le protocole standard M-Bus<br \/>\n\u2022\u00a0\u00a0 Offre une bonne protection et peut \u00eatre scell\u00e9 pour plus de s\u00e9curit\u00e9<\/p>\n            <\/div>\n    <!-- #Tab content -->\n                <div class=\"tab-content  theme-version-black\">\n                <p>\u2022\u00a0\u00a0 Norme M-Bus : EN 13757 et EN 13757-4<br \/>\n\u2022\u00a0\u00a0 Interfaces : R\u00e9cepteur M-Bus sans fil, esclave M-Bus<br \/>\n\u2022\u00a0\u00a0 D\u00e9cryptage : Oui<br \/>\n\u2022\u00a0\u00a0 Modes du r\u00e9cepteur M-Bus sans fil : S1, T1, C1<br \/>\n\u2022\u00a0\u00a0 Cryptage, M-Bus sans fil : AES-128<br \/>\n\u2022\u00a0\u00a0 Conforme \u00e0 l&rsquo;OMS : Oui<br \/>\n\u2022\u00a0\u00a0 Nombre maximal de dispositifs M-Bus sans fil : 800<br \/>\n\u2022\u00a0\u00a0 Bande de fr\u00e9quence radio : 868 MHz<br \/>\n\u2022\u00a0\u00a0 Vitesse de transmission M-Bus, port esclave : 300 et 2400 bit\/s<br \/>\n\u2022\u00a0\u00a0 Mat\u00e9riau du bo\u00eetier : Polycarbonate<br \/>\n\u2022\u00a0\u00a0 Classe de protection : IP54<br \/>\n\u2022\u00a0\u00a0 Dimensions (l x h x p) : 141 x 157 x 44 mm<br \/>\n\u2022\u00a0\u00a0 Montage : Montage mural avec supports<br \/>\n\u2022\u00a0\u00a0 Poids : 445 g<br \/>\n\u2022\u00a0\u00a0 Tension nominale : Alimentation 230 V : 100-240 VAC, alimentation 24 V : 12-35 VAC ou 12-48 VDC -max 0.2W<br \/>\n\u2022\u00a0\u00a0 Temp\u00e9rature de fonctionnement : -30 \u00b0C \u00e0 +55 \u00b0C<br \/>\n\u2022\u00a0\u00a0 Humidit\u00e9 de fonctionnement : 5 % \u00e0 90 %, sans condensation<br \/>\n\u2022\u00a0\u00a0 Temp\u00e9rature de stockage : -40 \u00b0C \u00e0 +85 \u00b0C<\/p>\n            <\/div>\n    <!-- #Tab content -->\n    <\/div>\n<!-- #Block container -->\n","protected":false},"excerpt":{"rendered":"<p>R\u00e9cepteur M-Bus sans fil<\/p>\n","protected":false},"featured_media":5867,"parent":0,"comment_status":"open","ping_status":"closed","template":"","product-applications":[189,192,255],"product-medium":[67,66,78],"product-process":[249,166],"class_list":["post-5211","product","type-product","status-publish","has-post-thumbnail","hentry","product-applications-appareils-de-communication","product-applications-concentrateurs","product-applications-gestion-technique-centralisee","product-medium-eau","product-medium-energie-thermique","product-medium-systemes-et-logiciels","product-process-evaluation-traitement","product-process-lecture-transmission"],"acf":[],"yoast_head":"<!-- This site is optimized with the Yoast SEO plugin v24.5 - https:\/\/yoast.com\/wordpress\/plugins\/seo\/ -->\n<title>AMBUS\u00ae CMiBOX | INTEGRA Metering AG<\/title>\n<meta name=\"robots\" content=\"index, follow, max-snippet:-1, max-image-preview:large, max-video-preview:-1\" \/>\n<link rel=\"canonical\" href=\"https:\/\/ch.integra-metering.com\/fr\/product\/ambus-cmibox\/\" \/>\n<meta property=\"og:locale\" content=\"fr_FR\" \/>\n<meta property=\"og:type\" content=\"article\" \/>\n<meta property=\"og:title\" content=\"AMBUS\u00ae CMiBOX | INTEGRA Metering AG\" \/>\n<meta property=\"og:description\" content=\"R\u00e9cepteur M-Bus sans fil\" \/>\n<meta property=\"og:url\" content=\"https:\/\/ch.integra-metering.com\/fr\/product\/ambus-cmibox\/\" \/>\n<meta property=\"og:site_name\" content=\"INTEGRA Metering AG\" \/>\n<meta property=\"article:modified_time\" content=\"2022-07-28T11:52:25+00:00\" \/>\n<meta property=\"og:image\" content=\"https:\/\/ch.integra-metering.com\/wp-content\/uploads\/sites\/4\/2022\/01\/AMBUS\u00ae_CMi_Box_Receiver.png\" \/>\n\t<meta property=\"og:image:width\" content=\"500\" \/>\n\t<meta property=\"og:image:height\" content=\"500\" \/>\n\t<meta property=\"og:image:type\" content=\"image\/png\" \/>\n<meta name=\"twitter:card\" content=\"summary_large_image\" \/>\n<script type=\"application\/ld+json\" class=\"yoast-schema-graph\">{\"@context\":\"https:\/\/schema.org\",\"@graph\":[{\"@type\":\"WebPage\",\"@id\":\"https:\/\/ch.integra-metering.com\/fr\/product\/ambus-cmibox\/\",\"url\":\"https:\/\/ch.integra-metering.com\/fr\/product\/ambus-cmibox\/\",\"name\":\"AMBUS\u00ae CMiBOX | INTEGRA Metering AG\",\"isPartOf\":{\"@id\":\"https:\/\/ch.integra-metering.com\/#website\"},\"primaryImageOfPage\":{\"@id\":\"https:\/\/ch.integra-metering.com\/fr\/product\/ambus-cmibox\/#primaryimage\"},\"image\":{\"@id\":\"https:\/\/ch.integra-metering.com\/fr\/product\/ambus-cmibox\/#primaryimage\"},\"thumbnailUrl\":\"https:\/\/ch.integra-metering.com\/wp-content\/uploads\/sites\/4\/2022\/01\/AMBUS\u00ae_CMi_Box_Receiver.png\",\"datePublished\":\"2022-01-31T12:41:56+00:00\",\"dateModified\":\"2022-07-28T11:52:25+00:00\",\"breadcrumb\":{\"@id\":\"https:\/\/ch.integra-metering.com\/fr\/product\/ambus-cmibox\/#breadcrumb\"},\"inLanguage\":\"fr-FR\",\"potentialAction\":[{\"@type\":\"ReadAction\",\"target\":[\"https:\/\/ch.integra-metering.com\/fr\/product\/ambus-cmibox\/\"]}]},{\"@type\":\"ImageObject\",\"inLanguage\":\"fr-FR\",\"@id\":\"https:\/\/ch.integra-metering.com\/fr\/product\/ambus-cmibox\/#primaryimage\",\"url\":\"https:\/\/ch.integra-metering.com\/wp-content\/uploads\/sites\/4\/2022\/01\/AMBUS\u00ae_CMi_Box_Receiver.png\",\"contentUrl\":\"https:\/\/ch.integra-metering.com\/wp-content\/uploads\/sites\/4\/2022\/01\/AMBUS\u00ae_CMi_Box_Receiver.png\",\"width\":500,\"height\":500},{\"@type\":\"BreadcrumbList\",\"@id\":\"https:\/\/ch.integra-metering.com\/fr\/product\/ambus-cmibox\/#breadcrumb\",\"itemListElement\":[{\"@type\":\"ListItem\",\"position\":1,\"name\":\"Home\",\"item\":\"https:\/\/ch.integra-metering.com\/fr\/\"},{\"@type\":\"ListItem\",\"position\":2,\"name\":\"Products\",\"item\":\"https:\/\/ch.integra-metering.com\/fr\/catalogue\/\"},{\"@type\":\"ListItem\",\"position\":3,\"name\":\"AMBUS\u00ae CMiBOX\"}]},{\"@type\":\"WebSite\",\"@id\":\"https:\/\/ch.integra-metering.com\/#website\",\"url\":\"https:\/\/ch.integra-metering.com\/\",\"name\":\"INTEGRA Metering AG\",\"description\":\"Herzlich willkommen auf der neuen Aquametro Homepage | Bienvenue sur le site Aquametro Suisse\",\"publisher\":{\"@id\":\"https:\/\/ch.integra-metering.com\/#organization\"},\"potentialAction\":[{\"@type\":\"SearchAction\",\"target\":{\"@type\":\"EntryPoint\",\"urlTemplate\":\"https:\/\/ch.integra-metering.com\/?s={search_term_string}\"},\"query-input\":{\"@type\":\"PropertyValueSpecification\",\"valueRequired\":true,\"valueName\":\"search_term_string\"}}],\"inLanguage\":\"fr-FR\"},{\"@type\":\"Organization\",\"@id\":\"https:\/\/ch.integra-metering.com\/#organization\",\"name\":\"INTEGRA Metering AG\",\"url\":\"https:\/\/ch.integra-metering.com\/\",\"logo\":{\"@type\":\"ImageObject\",\"inLanguage\":\"fr-FR\",\"@id\":\"https:\/\/ch.integra-metering.com\/#\/schema\/logo\/image\/\",\"url\":\"https:\/\/ch.integra-metering.com\/wp-content\/uploads\/sites\/4\/2019\/11\/integra-logo-dark.svg\",\"contentUrl\":\"https:\/\/ch.integra-metering.com\/wp-content\/uploads\/sites\/4\/2019\/11\/integra-logo-dark.svg\",\"width\":1,\"height\":1,\"caption\":\"INTEGRA Metering AG\"},\"image\":{\"@id\":\"https:\/\/ch.integra-metering.com\/#\/schema\/logo\/image\/\"},\"sameAs\":[\"https:\/\/ch.linkedin.com\/company\/aquametro-ag\"]}]}<\/script>\n<!-- \/ Yoast SEO plugin. -->","yoast_head_json":{"title":"AMBUS\u00ae CMiBOX | INTEGRA Metering AG","robots":{"index":"index","follow":"follow","max-snippet":"max-snippet:-1","max-image-preview":"max-image-preview:large","max-video-preview":"max-video-preview:-1"},"canonical":"https:\/\/ch.integra-metering.com\/fr\/product\/ambus-cmibox\/","og_locale":"fr_FR","og_type":"article","og_title":"AMBUS\u00ae CMiBOX | INTEGRA Metering AG","og_description":"R\u00e9cepteur M-Bus sans fil","og_url":"https:\/\/ch.integra-metering.com\/fr\/product\/ambus-cmibox\/","og_site_name":"INTEGRA Metering AG","article_modified_time":"2022-07-28T11:52:25+00:00","og_image":[{"width":500,"height":500,"url":"https:\/\/ch.integra-metering.com\/wp-content\/uploads\/sites\/4\/2022\/01\/AMBUS\u00ae_CMi_Box_Receiver.png","type":"image\/png"}],"twitter_card":"summary_large_image","schema":{"@context":"https:\/\/schema.org","@graph":[{"@type":"WebPage","@id":"https:\/\/ch.integra-metering.com\/fr\/product\/ambus-cmibox\/","url":"https:\/\/ch.integra-metering.com\/fr\/product\/ambus-cmibox\/","name":"AMBUS\u00ae CMiBOX | INTEGRA Metering AG","isPartOf":{"@id":"https:\/\/ch.integra-metering.com\/#website"},"primaryImageOfPage":{"@id":"https:\/\/ch.integra-metering.com\/fr\/product\/ambus-cmibox\/#primaryimage"},"image":{"@id":"https:\/\/ch.integra-metering.com\/fr\/product\/ambus-cmibox\/#primaryimage"},"thumbnailUrl":"https:\/\/ch.integra-metering.com\/wp-content\/uploads\/sites\/4\/2022\/01\/AMBUS\u00ae_CMi_Box_Receiver.png","datePublished":"2022-01-31T12:41:56+00:00","dateModified":"2022-07-28T11:52:25+00:00","breadcrumb":{"@id":"https:\/\/ch.integra-metering.com\/fr\/product\/ambus-cmibox\/#breadcrumb"},"inLanguage":"fr-FR","potentialAction":[{"@type":"ReadAction","target":["https:\/\/ch.integra-metering.com\/fr\/product\/ambus-cmibox\/"]}]},{"@type":"ImageObject","inLanguage":"fr-FR","@id":"https:\/\/ch.integra-metering.com\/fr\/product\/ambus-cmibox\/#primaryimage","url":"https:\/\/ch.integra-metering.com\/wp-content\/uploads\/sites\/4\/2022\/01\/AMBUS\u00ae_CMi_Box_Receiver.png","contentUrl":"https:\/\/ch.integra-metering.com\/wp-content\/uploads\/sites\/4\/2022\/01\/AMBUS\u00ae_CMi_Box_Receiver.png","width":500,"height":500},{"@type":"BreadcrumbList","@id":"https:\/\/ch.integra-metering.com\/fr\/product\/ambus-cmibox\/#breadcrumb","itemListElement":[{"@type":"ListItem","position":1,"name":"Home","item":"https:\/\/ch.integra-metering.com\/fr\/"},{"@type":"ListItem","position":2,"name":"Products","item":"https:\/\/ch.integra-metering.com\/fr\/catalogue\/"},{"@type":"ListItem","position":3,"name":"AMBUS\u00ae CMiBOX"}]},{"@type":"WebSite","@id":"https:\/\/ch.integra-metering.com\/#website","url":"https:\/\/ch.integra-metering.com\/","name":"INTEGRA Metering AG","description":"Herzlich willkommen auf der neuen Aquametro Homepage | Bienvenue sur le site Aquametro Suisse","publisher":{"@id":"https:\/\/ch.integra-metering.com\/#organization"},"potentialAction":[{"@type":"SearchAction","target":{"@type":"EntryPoint","urlTemplate":"https:\/\/ch.integra-metering.com\/?s={search_term_string}"},"query-input":{"@type":"PropertyValueSpecification","valueRequired":true,"valueName":"search_term_string"}}],"inLanguage":"fr-FR"},{"@type":"Organization","@id":"https:\/\/ch.integra-metering.com\/#organization","name":"INTEGRA Metering AG","url":"https:\/\/ch.integra-metering.com\/","logo":{"@type":"ImageObject","inLanguage":"fr-FR","@id":"https:\/\/ch.integra-metering.com\/#\/schema\/logo\/image\/","url":"https:\/\/ch.integra-metering.com\/wp-content\/uploads\/sites\/4\/2019\/11\/integra-logo-dark.svg","contentUrl":"https:\/\/ch.integra-metering.com\/wp-content\/uploads\/sites\/4\/2019\/11\/integra-logo-dark.svg","width":1,"height":1,"caption":"INTEGRA Metering AG"},"image":{"@id":"https:\/\/ch.integra-metering.com\/#\/schema\/logo\/image\/"},"sameAs":["https:\/\/ch.linkedin.com\/company\/aquametro-ag"]}]}},"_links":{"self":[{"href":"https:\/\/ch.integra-metering.com\/fr\/wp-json\/wp\/v2\/product\/5211","targetHints":{"allow":["GET"]}}],"collection":[{"href":"https:\/\/ch.integra-metering.com\/fr\/wp-json\/wp\/v2\/product"}],"about":[{"href":"https:\/\/ch.integra-metering.com\/fr\/wp-json\/wp\/v2\/types\/product"}],"replies":[{"embeddable":true,"href":"https:\/\/ch.integra-metering.com\/fr\/wp-json\/wp\/v2\/comments?post=5211"}],"wp:featuredmedia":[{"embeddable":true,"href":"https:\/\/ch.integra-metering.com\/fr\/wp-json\/wp\/v2\/media\/5867"}],"wp:attachment":[{"href":"https:\/\/ch.integra-metering.com\/fr\/wp-json\/wp\/v2\/media?parent=5211"}],"wp:term":[{"taxonomy":"product-applications","embeddable":true,"href":"https:\/\/ch.integra-metering.com\/fr\/wp-json\/wp\/v2\/product-applications?post=5211"},{"taxonomy":"product-medium","embeddable":true,"href":"https:\/\/ch.integra-metering.com\/fr\/wp-json\/wp\/v2\/product-medium?post=5211"},{"taxonomy":"product-process","embeddable":true,"href":"https:\/\/ch.integra-metering.com\/fr\/wp-json\/wp\/v2\/product-process?post=5211"}],"curies":[{"name":"wp","href":"https:\/\/api.w.org\/{rel}","templated":true}]}}