{"id":5212,"date":"2022-01-31T12:41:56","date_gmt":"2022-01-31T12:41:56","guid":{"rendered":"https:\/\/ch.integra-metering.com\/?post_type=product&#038;p=5212"},"modified":"2023-01-10T15:24:50","modified_gmt":"2023-01-10T15:24:50","slug":"ambus-cmex50","status":"publish","type":"product","link":"https:\/\/ch.integra-metering.com\/fr\/product\/ambus-cmex50\/","title":{"rendered":"AMBUS\u00ae CMeX50"},"content":{"rendered":"\n<!-- Block container# -->\n<div\n    id=\"air-tabsblock_5e9dac2b5826e\"\n    class=\"air-tabs tabs\"\n>\n\n<div class=\"tab-controls__container\"  airTargetDropdown>\n    <!-- Tabs controls# -->\n        <div class=\"tab-controls\"  airTargetDropdown>\n                                    <button class=\"tab-button js-tab-button--active theme-version-black\"  airTargetDropdown>\n                Caract\u00e9ristiques &amp; Avantages clients            <\/button>\n                                    <button class=\"tab-button  theme-version-black\"  airTargetDropdown>\n                Donn\u00e9es techniques            <\/button>\n                    <\/div>\n    <!-- #Tabs controls# -->\n<\/div>\n\n    <!-- #Tab content -->\n                <div class=\"tab-content active theme-version-black\">\n                <p>\u2022\u00a0\u00a0 R\u00e9cepteur M-Bus sans fil<br \/>\n\u2022\u00a0\u00a0 Int\u00e9gration facile dans une solution M-Bus existante<br \/>\n\u2022\u00a0\u00a0 Communique avec jusqu&rsquo;\u00e0 800 compteurs M-Bus sans fil<br \/>\n\u2022\u00a0\u00a0 Gestion des cl\u00e9s de cryptage individuelles<br \/>\n\u2022\u00a0\u00a0 Int\u00e9gration au M-Bus Master permet de piloter jusqu&rsquo;\u00e0 32 compteurs M-Bus<br \/>\n\u2022\u00a0\u00a0 Extension possible en utilisant la s\u00e9rie AMBUS\u00ae CMeX10-13S<\/p>\n            <\/div>\n    <!-- #Tab content -->\n                <div class=\"tab-content  theme-version-black\">\n                <p>\u2022\u00a0\u00a0 Norme M-Bus : EN 13757-4<br \/>\n\u2022\u00a0\u00a0 Vitesse de transmission : M-Bus 300 et 2400 bit\/s<br \/>\n\u2022\u00a0\u00a0 Modes M-Bus sans fil : S1, T1, C1<br \/>\n\u2022\u00a0\u00a0 Nombre maximal de dispositifs M-Bus sans fil : 800<br \/>\n\u2022\u00a0\u00a0 Bande de fr\u00e9quence radio : 868 MHz<br \/>\n\u2022\u00a0\u00a0 Cryptage : AES-128<br \/>\n\u2022\u00a0\u00a0 Sensibilit\u00e9 RF -105 dBm<br \/>\n\u2022\u00a0\u00a0 Conformit\u00e9 OMS : Oui<br \/>\n\u2022\u00a0\u00a0 D\u00e9cryptage : Oui<br \/>\n\u2022\u00a0\u00a0 Classe de protection : IP20<br \/>\n\u2022\u00a0\u00a0 Dimensions (l x h x p) : 105 x 90 x 65 mm (6 modules DIN)<br \/>\n\u2022\u00a0\u00a0 Poids : 220 g<br \/>\n\u2022\u00a0\u00a0 Montage Mont\u00e9 sur rail DIN (DIN 50022) : 35 mm<br \/>\n\u2022\u00a0\u00a0 Interfaces RJ45 8\/8, Antenne SMA-f, RS232 RJ45 8\/8 et port USB Mini USB type B<br \/>\n\u2022\u00a0\u00a0 Tension nominale : 100-240 VAC (+\/- 10%) &#8211; max 6W<br \/>\n\u2022\u00a0\u00a0 Temp\u00e9rature de fonctionnement : -25 \u00b0C \u00e0 +55 \u00b0C<br \/>\n\u2022\u00a0\u00a0 Humidit\u00e9 de fonctionnement max 5 % \u00e0 90 %, sans condensation<br \/>\n\u2022\u00a0\u00a0 Environnement d&rsquo;utilisation \u00e0 l&rsquo;int\u00e9rieur, peut \u00eatre \u00e9tendu avec un bo\u00eetier IP6x pour une utilisation en ext\u00e9rieur<br \/>\n\u2022\u00a0\u00a0 Temp\u00e9rature de stockage : -40 \u00b0C \u00e0 +85 \u00b0C<br \/>\n\u2022\u00a0\u00a0 \u00c9cran LCD Graphique monochrome 128 x 64 pixels<br \/>\n\u2022\u00a0\u00a0 Clavier 7 touches \u00e9clair\u00e9es<\/p>\n            <\/div>\n    <!-- #Tab content -->\n    <\/div>\n<!-- #Block container -->\n","protected":false},"excerpt":{"rendered":"<p>R\u00e9cepteur M-Bus sans fil<\/p>\n","protected":false},"featured_media":5865,"parent":0,"comment_status":"open","ping_status":"closed","template":"","product-applications":[254,197,196],"product-medium":[80,74,75],"product-process":[172,116],"class_list":["post-5212","product","type-product","status-publish","has-post-thumbnail","hentry","product-applications-gebaeudetechnik","product-applications-kommunikationsgeraete","product-applications-konzentratoren","product-medium-systemtechnik-software","product-medium-thermische-energie","product-medium-wasser","product-process-auslesen-uebertragen","product-process-auswerten-verarbeiten"],"acf":[],"yoast_head":"<!-- This site is optimized with the Yoast SEO plugin v24.5 - https:\/\/yoast.com\/wordpress\/plugins\/seo\/ -->\n<title>AMBUS\u00ae CMeX50 | INTEGRA Metering AG<\/title>\n<meta name=\"robots\" content=\"index, follow, max-snippet:-1, max-image-preview:large, max-video-preview:-1\" \/>\n<link rel=\"canonical\" href=\"https:\/\/ch.integra-metering.com\/fr\/product\/ambus-cmex50\/\" \/>\n<meta property=\"og:locale\" content=\"fr_FR\" \/>\n<meta property=\"og:type\" content=\"article\" \/>\n<meta property=\"og:title\" content=\"AMBUS\u00ae CMeX50 | INTEGRA Metering AG\" \/>\n<meta property=\"og:description\" content=\"R\u00e9cepteur M-Bus sans fil\" \/>\n<meta property=\"og:url\" content=\"https:\/\/ch.integra-metering.com\/fr\/product\/ambus-cmex50\/\" \/>\n<meta property=\"og:site_name\" content=\"INTEGRA Metering AG\" \/>\n<meta property=\"article:modified_time\" content=\"2023-01-10T15:24:50+00:00\" \/>\n<meta property=\"og:image\" content=\"https:\/\/ch.integra-metering.com\/wp-content\/uploads\/sites\/4\/2022\/01\/AMBUS\u00ae_CMeX_50.png\" \/>\n\t<meta property=\"og:image:width\" content=\"500\" \/>\n\t<meta property=\"og:image:height\" content=\"500\" \/>\n\t<meta property=\"og:image:type\" content=\"image\/png\" \/>\n<meta name=\"twitter:card\" content=\"summary_large_image\" \/>\n<script type=\"application\/ld+json\" class=\"yoast-schema-graph\">{\"@context\":\"https:\/\/schema.org\",\"@graph\":[{\"@type\":\"WebPage\",\"@id\":\"https:\/\/ch.integra-metering.com\/fr\/product\/ambus-cmex50\/\",\"url\":\"https:\/\/ch.integra-metering.com\/fr\/product\/ambus-cmex50\/\",\"name\":\"AMBUS\u00ae CMeX50 | INTEGRA Metering AG\",\"isPartOf\":{\"@id\":\"https:\/\/ch.integra-metering.com\/#website\"},\"primaryImageOfPage\":{\"@id\":\"https:\/\/ch.integra-metering.com\/fr\/product\/ambus-cmex50\/#primaryimage\"},\"image\":{\"@id\":\"https:\/\/ch.integra-metering.com\/fr\/product\/ambus-cmex50\/#primaryimage\"},\"thumbnailUrl\":\"https:\/\/ch.integra-metering.com\/wp-content\/uploads\/sites\/4\/2022\/01\/AMBUS\u00ae_CMeX_50.png\",\"datePublished\":\"2022-01-31T12:41:56+00:00\",\"dateModified\":\"2023-01-10T15:24:50+00:00\",\"breadcrumb\":{\"@id\":\"https:\/\/ch.integra-metering.com\/fr\/product\/ambus-cmex50\/#breadcrumb\"},\"inLanguage\":\"fr-FR\",\"potentialAction\":[{\"@type\":\"ReadAction\",\"target\":[\"https:\/\/ch.integra-metering.com\/fr\/product\/ambus-cmex50\/\"]}]},{\"@type\":\"ImageObject\",\"inLanguage\":\"fr-FR\",\"@id\":\"https:\/\/ch.integra-metering.com\/fr\/product\/ambus-cmex50\/#primaryimage\",\"url\":\"https:\/\/ch.integra-metering.com\/wp-content\/uploads\/sites\/4\/2022\/01\/AMBUS\u00ae_CMeX_50.png\",\"contentUrl\":\"https:\/\/ch.integra-metering.com\/wp-content\/uploads\/sites\/4\/2022\/01\/AMBUS\u00ae_CMeX_50.png\",\"width\":500,\"height\":500},{\"@type\":\"BreadcrumbList\",\"@id\":\"https:\/\/ch.integra-metering.com\/fr\/product\/ambus-cmex50\/#breadcrumb\",\"itemListElement\":[{\"@type\":\"ListItem\",\"position\":1,\"name\":\"Home\",\"item\":\"https:\/\/ch.integra-metering.com\/fr\/\"},{\"@type\":\"ListItem\",\"position\":2,\"name\":\"Products\",\"item\":\"https:\/\/ch.integra-metering.com\/fr\/catalogue\/\"},{\"@type\":\"ListItem\",\"position\":3,\"name\":\"AMBUS\u00ae CMeX50\"}]},{\"@type\":\"WebSite\",\"@id\":\"https:\/\/ch.integra-metering.com\/#website\",\"url\":\"https:\/\/ch.integra-metering.com\/\",\"name\":\"INTEGRA Metering AG\",\"description\":\"Herzlich willkommen auf der neuen Aquametro Homepage | Bienvenue sur le site Aquametro Suisse\",\"publisher\":{\"@id\":\"https:\/\/ch.integra-metering.com\/#organization\"},\"potentialAction\":[{\"@type\":\"SearchAction\",\"target\":{\"@type\":\"EntryPoint\",\"urlTemplate\":\"https:\/\/ch.integra-metering.com\/?s={search_term_string}\"},\"query-input\":{\"@type\":\"PropertyValueSpecification\",\"valueRequired\":true,\"valueName\":\"search_term_string\"}}],\"inLanguage\":\"fr-FR\"},{\"@type\":\"Organization\",\"@id\":\"https:\/\/ch.integra-metering.com\/#organization\",\"name\":\"INTEGRA Metering AG\",\"url\":\"https:\/\/ch.integra-metering.com\/\",\"logo\":{\"@type\":\"ImageObject\",\"inLanguage\":\"fr-FR\",\"@id\":\"https:\/\/ch.integra-metering.com\/#\/schema\/logo\/image\/\",\"url\":\"https:\/\/ch.integra-metering.com\/wp-content\/uploads\/sites\/4\/2019\/11\/integra-logo-dark.svg\",\"contentUrl\":\"https:\/\/ch.integra-metering.com\/wp-content\/uploads\/sites\/4\/2019\/11\/integra-logo-dark.svg\",\"width\":1,\"height\":1,\"caption\":\"INTEGRA Metering AG\"},\"image\":{\"@id\":\"https:\/\/ch.integra-metering.com\/#\/schema\/logo\/image\/\"},\"sameAs\":[\"https:\/\/ch.linkedin.com\/company\/aquametro-ag\"]}]}<\/script>\n<!-- \/ Yoast SEO plugin. -->","yoast_head_json":{"title":"AMBUS\u00ae CMeX50 | INTEGRA Metering AG","robots":{"index":"index","follow":"follow","max-snippet":"max-snippet:-1","max-image-preview":"max-image-preview:large","max-video-preview":"max-video-preview:-1"},"canonical":"https:\/\/ch.integra-metering.com\/fr\/product\/ambus-cmex50\/","og_locale":"fr_FR","og_type":"article","og_title":"AMBUS\u00ae CMeX50 | INTEGRA Metering AG","og_description":"R\u00e9cepteur M-Bus sans fil","og_url":"https:\/\/ch.integra-metering.com\/fr\/product\/ambus-cmex50\/","og_site_name":"INTEGRA Metering AG","article_modified_time":"2023-01-10T15:24:50+00:00","og_image":[{"width":500,"height":500,"url":"https:\/\/ch.integra-metering.com\/wp-content\/uploads\/sites\/4\/2022\/01\/AMBUS\u00ae_CMeX_50.png","type":"image\/png"}],"twitter_card":"summary_large_image","schema":{"@context":"https:\/\/schema.org","@graph":[{"@type":"WebPage","@id":"https:\/\/ch.integra-metering.com\/fr\/product\/ambus-cmex50\/","url":"https:\/\/ch.integra-metering.com\/fr\/product\/ambus-cmex50\/","name":"AMBUS\u00ae CMeX50 | INTEGRA Metering AG","isPartOf":{"@id":"https:\/\/ch.integra-metering.com\/#website"},"primaryImageOfPage":{"@id":"https:\/\/ch.integra-metering.com\/fr\/product\/ambus-cmex50\/#primaryimage"},"image":{"@id":"https:\/\/ch.integra-metering.com\/fr\/product\/ambus-cmex50\/#primaryimage"},"thumbnailUrl":"https:\/\/ch.integra-metering.com\/wp-content\/uploads\/sites\/4\/2022\/01\/AMBUS\u00ae_CMeX_50.png","datePublished":"2022-01-31T12:41:56+00:00","dateModified":"2023-01-10T15:24:50+00:00","breadcrumb":{"@id":"https:\/\/ch.integra-metering.com\/fr\/product\/ambus-cmex50\/#breadcrumb"},"inLanguage":"fr-FR","potentialAction":[{"@type":"ReadAction","target":["https:\/\/ch.integra-metering.com\/fr\/product\/ambus-cmex50\/"]}]},{"@type":"ImageObject","inLanguage":"fr-FR","@id":"https:\/\/ch.integra-metering.com\/fr\/product\/ambus-cmex50\/#primaryimage","url":"https:\/\/ch.integra-metering.com\/wp-content\/uploads\/sites\/4\/2022\/01\/AMBUS\u00ae_CMeX_50.png","contentUrl":"https:\/\/ch.integra-metering.com\/wp-content\/uploads\/sites\/4\/2022\/01\/AMBUS\u00ae_CMeX_50.png","width":500,"height":500},{"@type":"BreadcrumbList","@id":"https:\/\/ch.integra-metering.com\/fr\/product\/ambus-cmex50\/#breadcrumb","itemListElement":[{"@type":"ListItem","position":1,"name":"Home","item":"https:\/\/ch.integra-metering.com\/fr\/"},{"@type":"ListItem","position":2,"name":"Products","item":"https:\/\/ch.integra-metering.com\/fr\/catalogue\/"},{"@type":"ListItem","position":3,"name":"AMBUS\u00ae CMeX50"}]},{"@type":"WebSite","@id":"https:\/\/ch.integra-metering.com\/#website","url":"https:\/\/ch.integra-metering.com\/","name":"INTEGRA Metering AG","description":"Herzlich willkommen auf der neuen Aquametro Homepage | Bienvenue sur le site Aquametro Suisse","publisher":{"@id":"https:\/\/ch.integra-metering.com\/#organization"},"potentialAction":[{"@type":"SearchAction","target":{"@type":"EntryPoint","urlTemplate":"https:\/\/ch.integra-metering.com\/?s={search_term_string}"},"query-input":{"@type":"PropertyValueSpecification","valueRequired":true,"valueName":"search_term_string"}}],"inLanguage":"fr-FR"},{"@type":"Organization","@id":"https:\/\/ch.integra-metering.com\/#organization","name":"INTEGRA Metering AG","url":"https:\/\/ch.integra-metering.com\/","logo":{"@type":"ImageObject","inLanguage":"fr-FR","@id":"https:\/\/ch.integra-metering.com\/#\/schema\/logo\/image\/","url":"https:\/\/ch.integra-metering.com\/wp-content\/uploads\/sites\/4\/2019\/11\/integra-logo-dark.svg","contentUrl":"https:\/\/ch.integra-metering.com\/wp-content\/uploads\/sites\/4\/2019\/11\/integra-logo-dark.svg","width":1,"height":1,"caption":"INTEGRA Metering AG"},"image":{"@id":"https:\/\/ch.integra-metering.com\/#\/schema\/logo\/image\/"},"sameAs":["https:\/\/ch.linkedin.com\/company\/aquametro-ag"]}]}},"_links":{"self":[{"href":"https:\/\/ch.integra-metering.com\/fr\/wp-json\/wp\/v2\/product\/5212","targetHints":{"allow":["GET"]}}],"collection":[{"href":"https:\/\/ch.integra-metering.com\/fr\/wp-json\/wp\/v2\/product"}],"about":[{"href":"https:\/\/ch.integra-metering.com\/fr\/wp-json\/wp\/v2\/types\/product"}],"replies":[{"embeddable":true,"href":"https:\/\/ch.integra-metering.com\/fr\/wp-json\/wp\/v2\/comments?post=5212"}],"wp:featuredmedia":[{"embeddable":true,"href":"https:\/\/ch.integra-metering.com\/fr\/wp-json\/wp\/v2\/media\/5865"}],"wp:attachment":[{"href":"https:\/\/ch.integra-metering.com\/fr\/wp-json\/wp\/v2\/media?parent=5212"}],"wp:term":[{"taxonomy":"product-applications","embeddable":true,"href":"https:\/\/ch.integra-metering.com\/fr\/wp-json\/wp\/v2\/product-applications?post=5212"},{"taxonomy":"product-medium","embeddable":true,"href":"https:\/\/ch.integra-metering.com\/fr\/wp-json\/wp\/v2\/product-medium?post=5212"},{"taxonomy":"product-process","embeddable":true,"href":"https:\/\/ch.integra-metering.com\/fr\/wp-json\/wp\/v2\/product-process?post=5212"}],"curies":[{"name":"wp","href":"https:\/\/api.w.org\/{rel}","templated":true}]}}