{"id":5213,"date":"2022-01-31T12:41:54","date_gmt":"2022-01-31T12:41:54","guid":{"rendered":"https:\/\/ch.integra-metering.com\/?post_type=product&#038;p=5213"},"modified":"2023-01-10T15:22:45","modified_gmt":"2023-01-10T15:22:45","slug":"ambus-cmex10-11-10s-11s-12s-13s","status":"publish","type":"product","link":"https:\/\/ch.integra-metering.com\/fr\/product\/ambus-cmex10-11-10s-11s-12s-13s\/","title":{"rendered":"AMBUS\u00ae CMeX10\/11\/10S\/11S\/12S\/13S"},"content":{"rendered":"\n<!-- Block container# -->\n<div\n    id=\"air-tabsblock_5e9dac2b5826e\"\n    class=\"air-tabs tabs\"\n>\n\n<div class=\"tab-controls__container\"  airTargetDropdown>\n    <!-- Tabs controls# -->\n        <div class=\"tab-controls\"  airTargetDropdown>\n                                    <button class=\"tab-button js-tab-button--active theme-version-black\"  airTargetDropdown>\n                Caract\u00e9ristiques &amp; Avantages clients            <\/button>\n                                    <button class=\"tab-button  theme-version-black\"  airTargetDropdown>\n                Donn\u00e9es techniques            <\/button>\n                    <\/div>\n    <!-- #Tabs controls# -->\n<\/div>\n\n    <!-- #Tab content -->\n                <div class=\"tab-content active theme-version-black\">\n                <p>\u2022\u00a0\u00a0 M-Bus Master pour les extensions d&rsquo;installation M-Bus<br \/>\n\u2022\u00a0\u00a0 Fournit une force d&rsquo;entra\u00eenement suppl\u00e9mentaire et \u00e9tend le nombre de compteurs<br \/>\n\u2022\u00a0\u00a0 Extension de capacit\u00e9 diff\u00e9rente 32\/64\/128\/256<br \/>\n\u2022\u00a0\u00a0 Jusqu&rsquo;\u00e0 quatre appareils de la s\u00e9rie AMBUS\u00ae CMe\/CMeX pour communiquer par IR, en les empilant c\u00f4te \u00e0 c\u00f4te.<br \/>\n\u2022\u00a0\u00a0 Supporte l&rsquo;int\u00e9gration avec les syst\u00e8mes M-Bus existants via RS232<\/p>\n            <\/div>\n    <!-- #Tab content -->\n                <div class=\"tab-content  theme-version-black\">\n                <p>\u2022\u00a0\u00a0 Norme M-Bus : EN 13757<br \/>\n\u2022\u00a0\u00a0 Vitesse de transmission M-Bus : 300 ou 2400 bit\/s<br \/>\n\u2022\u00a0\u00a0 Nombre maximal de dispositifs M-Bus CMeX10-10S : 32 \/ CMeX11-11S : 64 \/ CMeX12S : 128 \/ CMeX13S : 256<br \/>\n\u2022\u00a0\u00a0 Longueur maximale du c\u00e2ble : 5000 m (100 nF\/km, maximum 90 ohm)<br \/>\n\u2022\u00a0\u00a0 Compatible avec tous les compteurs M-Bus<br \/>\n\u2022\u00a0\u00a0 Interface avec la s\u00e9rie AMBUS\u00ae CMe\/CMeX<br \/>\n\u2022\u00a0\u00a0 RS232 RJ45 8\/8 uniquement version S<br \/>\n\u2022\u00a0\u00a0 Tension nominale : 100-240 VAC (\u00b110%) &#8211; Max 25W<br \/>\n\u2022\u00a0\u00a0 LED de l&rsquo;interface utilisateur (alimentation, erreur, transmission de donn\u00e9es)<br \/>\n\u2022\u00a0\u00a0 Classe de protection : IP20<br \/>\n\u2022\u00a0\u00a0 Dimensions (l x h x p) : 108 x 90 x 65 mm<br \/>\n\u2022\u00a0\u00a0 Montage sur rail DIN (DIN 50022) : 35 mm<br \/>\n\u2022\u00a0\u00a0 Poids : 220 g<br \/>\n\u2022\u00a0\u00a0 Temp\u00e9rature de fonctionnement : -30 \u00b0C \u00e0 +55 \u00b0C<br \/>\n\u2022\u00a0\u00a0 Humidit\u00e9 de fonctionnement 5 % \u00e0 90 %, sans condensation<br \/>\n\u2022\u00a0\u00a0 Environnement d&rsquo;utilisation \u00e0 l&rsquo;int\u00e9rieur, peut \u00eatre \u00e9tendu avec un bo\u00eetier IP67 pour une utilisation en ext\u00e9rieur<br \/>\n\u2022\u00a0\u00a0 Temp\u00e9rature de stockage : -40 \u00b0C \u00e0 +85 \u00b0C<\/p>\n            <\/div>\n    <!-- #Tab content -->\n    <\/div>\n<!-- #Block container -->\n","protected":false},"excerpt":{"rendered":"<p>M-Bus Master pour les extensions d&rsquo;installation M-Bus<\/p>\n","protected":false},"featured_media":5863,"parent":0,"comment_status":"open","ping_status":"closed","template":"","product-applications":[254,197,196],"product-medium":[80,74,75],"product-process":[172,116],"class_list":["post-5213","product","type-product","status-publish","has-post-thumbnail","hentry","product-applications-gebaeudetechnik","product-applications-kommunikationsgeraete","product-applications-konzentratoren","product-medium-systemtechnik-software","product-medium-thermische-energie","product-medium-wasser","product-process-auslesen-uebertragen","product-process-auswerten-verarbeiten"],"acf":[],"yoast_head":"<!-- This site is optimized with the Yoast SEO plugin v24.5 - https:\/\/yoast.com\/wordpress\/plugins\/seo\/ -->\n<title>AMBUS\u00ae CMeX10\/11\/10S\/11S\/12S\/13S | INTEGRA Metering AG<\/title>\n<meta name=\"robots\" content=\"index, follow, max-snippet:-1, max-image-preview:large, max-video-preview:-1\" \/>\n<link rel=\"canonical\" href=\"https:\/\/ch.integra-metering.com\/fr\/product\/ambus-cmex10-11-10s-11s-12s-13s\/\" \/>\n<meta property=\"og:locale\" content=\"fr_FR\" \/>\n<meta property=\"og:type\" content=\"article\" \/>\n<meta property=\"og:title\" content=\"AMBUS\u00ae CMeX10\/11\/10S\/11S\/12S\/13S | INTEGRA Metering AG\" \/>\n<meta property=\"og:description\" content=\"M-Bus Master pour les extensions d&#039;installation M-Bus\" \/>\n<meta property=\"og:url\" content=\"https:\/\/ch.integra-metering.com\/fr\/product\/ambus-cmex10-11-10s-11s-12s-13s\/\" \/>\n<meta property=\"og:site_name\" content=\"INTEGRA Metering AG\" \/>\n<meta property=\"article:modified_time\" content=\"2023-01-10T15:22:45+00:00\" \/>\n<meta property=\"og:image\" content=\"https:\/\/ch.integra-metering.com\/wp-content\/uploads\/sites\/4\/2022\/01\/AMBUS\u00ae_CMeX_10.png\" \/>\n\t<meta property=\"og:image:width\" content=\"500\" \/>\n\t<meta property=\"og:image:height\" content=\"500\" \/>\n\t<meta property=\"og:image:type\" content=\"image\/png\" \/>\n<meta name=\"twitter:card\" content=\"summary_large_image\" \/>\n<script type=\"application\/ld+json\" class=\"yoast-schema-graph\">{\"@context\":\"https:\/\/schema.org\",\"@graph\":[{\"@type\":\"WebPage\",\"@id\":\"https:\/\/ch.integra-metering.com\/fr\/product\/ambus-cmex10-11-10s-11s-12s-13s\/\",\"url\":\"https:\/\/ch.integra-metering.com\/fr\/product\/ambus-cmex10-11-10s-11s-12s-13s\/\",\"name\":\"AMBUS\u00ae CMeX10\/11\/10S\/11S\/12S\/13S | INTEGRA Metering AG\",\"isPartOf\":{\"@id\":\"https:\/\/ch.integra-metering.com\/#website\"},\"primaryImageOfPage\":{\"@id\":\"https:\/\/ch.integra-metering.com\/fr\/product\/ambus-cmex10-11-10s-11s-12s-13s\/#primaryimage\"},\"image\":{\"@id\":\"https:\/\/ch.integra-metering.com\/fr\/product\/ambus-cmex10-11-10s-11s-12s-13s\/#primaryimage\"},\"thumbnailUrl\":\"https:\/\/ch.integra-metering.com\/wp-content\/uploads\/sites\/4\/2022\/01\/AMBUS\u00ae_CMeX_10.png\",\"datePublished\":\"2022-01-31T12:41:54+00:00\",\"dateModified\":\"2023-01-10T15:22:45+00:00\",\"breadcrumb\":{\"@id\":\"https:\/\/ch.integra-metering.com\/fr\/product\/ambus-cmex10-11-10s-11s-12s-13s\/#breadcrumb\"},\"inLanguage\":\"fr-FR\",\"potentialAction\":[{\"@type\":\"ReadAction\",\"target\":[\"https:\/\/ch.integra-metering.com\/fr\/product\/ambus-cmex10-11-10s-11s-12s-13s\/\"]}]},{\"@type\":\"ImageObject\",\"inLanguage\":\"fr-FR\",\"@id\":\"https:\/\/ch.integra-metering.com\/fr\/product\/ambus-cmex10-11-10s-11s-12s-13s\/#primaryimage\",\"url\":\"https:\/\/ch.integra-metering.com\/wp-content\/uploads\/sites\/4\/2022\/01\/AMBUS\u00ae_CMeX_10.png\",\"contentUrl\":\"https:\/\/ch.integra-metering.com\/wp-content\/uploads\/sites\/4\/2022\/01\/AMBUS\u00ae_CMeX_10.png\",\"width\":500,\"height\":500},{\"@type\":\"BreadcrumbList\",\"@id\":\"https:\/\/ch.integra-metering.com\/fr\/product\/ambus-cmex10-11-10s-11s-12s-13s\/#breadcrumb\",\"itemListElement\":[{\"@type\":\"ListItem\",\"position\":1,\"name\":\"Home\",\"item\":\"https:\/\/ch.integra-metering.com\/fr\/\"},{\"@type\":\"ListItem\",\"position\":2,\"name\":\"Products\",\"item\":\"https:\/\/ch.integra-metering.com\/fr\/catalogue\/\"},{\"@type\":\"ListItem\",\"position\":3,\"name\":\"AMBUS\u00ae CMeX10\/11\/10S\/11S\/12S\/13S\"}]},{\"@type\":\"WebSite\",\"@id\":\"https:\/\/ch.integra-metering.com\/#website\",\"url\":\"https:\/\/ch.integra-metering.com\/\",\"name\":\"INTEGRA Metering AG\",\"description\":\"Herzlich willkommen auf der neuen Aquametro Homepage | Bienvenue sur le site Aquametro Suisse\",\"publisher\":{\"@id\":\"https:\/\/ch.integra-metering.com\/#organization\"},\"potentialAction\":[{\"@type\":\"SearchAction\",\"target\":{\"@type\":\"EntryPoint\",\"urlTemplate\":\"https:\/\/ch.integra-metering.com\/?s={search_term_string}\"},\"query-input\":{\"@type\":\"PropertyValueSpecification\",\"valueRequired\":true,\"valueName\":\"search_term_string\"}}],\"inLanguage\":\"fr-FR\"},{\"@type\":\"Organization\",\"@id\":\"https:\/\/ch.integra-metering.com\/#organization\",\"name\":\"INTEGRA Metering AG\",\"url\":\"https:\/\/ch.integra-metering.com\/\",\"logo\":{\"@type\":\"ImageObject\",\"inLanguage\":\"fr-FR\",\"@id\":\"https:\/\/ch.integra-metering.com\/#\/schema\/logo\/image\/\",\"url\":\"https:\/\/ch.integra-metering.com\/wp-content\/uploads\/sites\/4\/2019\/11\/integra-logo-dark.svg\",\"contentUrl\":\"https:\/\/ch.integra-metering.com\/wp-content\/uploads\/sites\/4\/2019\/11\/integra-logo-dark.svg\",\"width\":1,\"height\":1,\"caption\":\"INTEGRA Metering AG\"},\"image\":{\"@id\":\"https:\/\/ch.integra-metering.com\/#\/schema\/logo\/image\/\"},\"sameAs\":[\"https:\/\/ch.linkedin.com\/company\/aquametro-ag\"]}]}<\/script>\n<!-- \/ Yoast SEO plugin. -->","yoast_head_json":{"title":"AMBUS\u00ae CMeX10\/11\/10S\/11S\/12S\/13S | INTEGRA Metering AG","robots":{"index":"index","follow":"follow","max-snippet":"max-snippet:-1","max-image-preview":"max-image-preview:large","max-video-preview":"max-video-preview:-1"},"canonical":"https:\/\/ch.integra-metering.com\/fr\/product\/ambus-cmex10-11-10s-11s-12s-13s\/","og_locale":"fr_FR","og_type":"article","og_title":"AMBUS\u00ae CMeX10\/11\/10S\/11S\/12S\/13S | INTEGRA Metering AG","og_description":"M-Bus Master pour les extensions d'installation M-Bus","og_url":"https:\/\/ch.integra-metering.com\/fr\/product\/ambus-cmex10-11-10s-11s-12s-13s\/","og_site_name":"INTEGRA Metering AG","article_modified_time":"2023-01-10T15:22:45+00:00","og_image":[{"width":500,"height":500,"url":"https:\/\/ch.integra-metering.com\/wp-content\/uploads\/sites\/4\/2022\/01\/AMBUS\u00ae_CMeX_10.png","type":"image\/png"}],"twitter_card":"summary_large_image","schema":{"@context":"https:\/\/schema.org","@graph":[{"@type":"WebPage","@id":"https:\/\/ch.integra-metering.com\/fr\/product\/ambus-cmex10-11-10s-11s-12s-13s\/","url":"https:\/\/ch.integra-metering.com\/fr\/product\/ambus-cmex10-11-10s-11s-12s-13s\/","name":"AMBUS\u00ae CMeX10\/11\/10S\/11S\/12S\/13S | INTEGRA Metering AG","isPartOf":{"@id":"https:\/\/ch.integra-metering.com\/#website"},"primaryImageOfPage":{"@id":"https:\/\/ch.integra-metering.com\/fr\/product\/ambus-cmex10-11-10s-11s-12s-13s\/#primaryimage"},"image":{"@id":"https:\/\/ch.integra-metering.com\/fr\/product\/ambus-cmex10-11-10s-11s-12s-13s\/#primaryimage"},"thumbnailUrl":"https:\/\/ch.integra-metering.com\/wp-content\/uploads\/sites\/4\/2022\/01\/AMBUS\u00ae_CMeX_10.png","datePublished":"2022-01-31T12:41:54+00:00","dateModified":"2023-01-10T15:22:45+00:00","breadcrumb":{"@id":"https:\/\/ch.integra-metering.com\/fr\/product\/ambus-cmex10-11-10s-11s-12s-13s\/#breadcrumb"},"inLanguage":"fr-FR","potentialAction":[{"@type":"ReadAction","target":["https:\/\/ch.integra-metering.com\/fr\/product\/ambus-cmex10-11-10s-11s-12s-13s\/"]}]},{"@type":"ImageObject","inLanguage":"fr-FR","@id":"https:\/\/ch.integra-metering.com\/fr\/product\/ambus-cmex10-11-10s-11s-12s-13s\/#primaryimage","url":"https:\/\/ch.integra-metering.com\/wp-content\/uploads\/sites\/4\/2022\/01\/AMBUS\u00ae_CMeX_10.png","contentUrl":"https:\/\/ch.integra-metering.com\/wp-content\/uploads\/sites\/4\/2022\/01\/AMBUS\u00ae_CMeX_10.png","width":500,"height":500},{"@type":"BreadcrumbList","@id":"https:\/\/ch.integra-metering.com\/fr\/product\/ambus-cmex10-11-10s-11s-12s-13s\/#breadcrumb","itemListElement":[{"@type":"ListItem","position":1,"name":"Home","item":"https:\/\/ch.integra-metering.com\/fr\/"},{"@type":"ListItem","position":2,"name":"Products","item":"https:\/\/ch.integra-metering.com\/fr\/catalogue\/"},{"@type":"ListItem","position":3,"name":"AMBUS\u00ae CMeX10\/11\/10S\/11S\/12S\/13S"}]},{"@type":"WebSite","@id":"https:\/\/ch.integra-metering.com\/#website","url":"https:\/\/ch.integra-metering.com\/","name":"INTEGRA Metering AG","description":"Herzlich willkommen auf der neuen Aquametro Homepage | Bienvenue sur le site Aquametro Suisse","publisher":{"@id":"https:\/\/ch.integra-metering.com\/#organization"},"potentialAction":[{"@type":"SearchAction","target":{"@type":"EntryPoint","urlTemplate":"https:\/\/ch.integra-metering.com\/?s={search_term_string}"},"query-input":{"@type":"PropertyValueSpecification","valueRequired":true,"valueName":"search_term_string"}}],"inLanguage":"fr-FR"},{"@type":"Organization","@id":"https:\/\/ch.integra-metering.com\/#organization","name":"INTEGRA Metering AG","url":"https:\/\/ch.integra-metering.com\/","logo":{"@type":"ImageObject","inLanguage":"fr-FR","@id":"https:\/\/ch.integra-metering.com\/#\/schema\/logo\/image\/","url":"https:\/\/ch.integra-metering.com\/wp-content\/uploads\/sites\/4\/2019\/11\/integra-logo-dark.svg","contentUrl":"https:\/\/ch.integra-metering.com\/wp-content\/uploads\/sites\/4\/2019\/11\/integra-logo-dark.svg","width":1,"height":1,"caption":"INTEGRA Metering AG"},"image":{"@id":"https:\/\/ch.integra-metering.com\/#\/schema\/logo\/image\/"},"sameAs":["https:\/\/ch.linkedin.com\/company\/aquametro-ag"]}]}},"_links":{"self":[{"href":"https:\/\/ch.integra-metering.com\/fr\/wp-json\/wp\/v2\/product\/5213","targetHints":{"allow":["GET"]}}],"collection":[{"href":"https:\/\/ch.integra-metering.com\/fr\/wp-json\/wp\/v2\/product"}],"about":[{"href":"https:\/\/ch.integra-metering.com\/fr\/wp-json\/wp\/v2\/types\/product"}],"replies":[{"embeddable":true,"href":"https:\/\/ch.integra-metering.com\/fr\/wp-json\/wp\/v2\/comments?post=5213"}],"wp:featuredmedia":[{"embeddable":true,"href":"https:\/\/ch.integra-metering.com\/fr\/wp-json\/wp\/v2\/media\/5863"}],"wp:attachment":[{"href":"https:\/\/ch.integra-metering.com\/fr\/wp-json\/wp\/v2\/media?parent=5213"}],"wp:term":[{"taxonomy":"product-applications","embeddable":true,"href":"https:\/\/ch.integra-metering.com\/fr\/wp-json\/wp\/v2\/product-applications?post=5213"},{"taxonomy":"product-medium","embeddable":true,"href":"https:\/\/ch.integra-metering.com\/fr\/wp-json\/wp\/v2\/product-medium?post=5213"},{"taxonomy":"product-process","embeddable":true,"href":"https:\/\/ch.integra-metering.com\/fr\/wp-json\/wp\/v2\/product-process?post=5213"}],"curies":[{"name":"wp","href":"https:\/\/api.w.org\/{rel}","templated":true}]}}