{"id":5215,"date":"2022-01-31T12:41:48","date_gmt":"2022-01-31T12:41:48","guid":{"rendered":"https:\/\/ch.integra-metering.com\/?post_type=product&#038;p=5215"},"modified":"2023-01-10T15:27:23","modified_gmt":"2023-01-10T15:27:23","slug":"ambus-cme3000","status":"publish","type":"product","link":"https:\/\/ch.integra-metering.com\/fr\/product\/ambus-cme3000\/","title":{"rendered":"AMBUS\u00ae CMe3000"},"content":{"rendered":"\n<!-- Block container# -->\n<div\n    id=\"air-tabsblock_5e9dac2b5826e\"\n    class=\"air-tabs tabs\"\n>\n\n<div class=\"tab-controls__container\"  airTargetDropdown>\n    <!-- Tabs controls# -->\n        <div class=\"tab-controls\"  airTargetDropdown>\n                                    <button class=\"tab-button js-tab-button--active theme-version-black\"  airTargetDropdown>\n                Caract\u00e9ristiques &amp; Avantages clients            <\/button>\n                                    <button class=\"tab-button  theme-version-black\"  airTargetDropdown>\n                Donn\u00e9es techniques            <\/button>\n                    <\/div>\n    <!-- #Tabs controls# -->\n<\/div>\n\n    <!-- #Tab content -->\n                <div class=\"tab-content active theme-version-black\">\n                <p>\u2022\u00a0\u00a0 Passerelle M-Bus flexible et rentable pour le r\u00e9seau fixe<br \/>\n\u2022\u00a0\u00a0 Pour une installation M-Bus jusqu&rsquo;\u00e0 256 appareils M-Bus.<br \/>\n\u2022\u00a0\u00a0 Compatible avec tous les compteurs M-Bus suivant la norme M-Bus<br \/>\n\u2022\u00a0\u00a0 Interface web interne qui permet de la mettre \u00e0 jour \u00e0 distance<br \/>\n\u2022\u00a0\u00a0 Puissant ma\u00eetre M-Bus TCP\/IP<\/p>\n            <\/div>\n    <!-- #Tab content -->\n                <div class=\"tab-content  theme-version-black\">\n                <p>\u2022\u00a0\u00a0 Interface Web de configuration (HTTP)<br \/>\n\u2022\u00a0\u00a0 Nombre maximum de dispositifs M-Bus : 256<br \/>\n\u2022\u00a0\u00a0 M-Bus transparent TCP\/IP<br \/>\n\u2022\u00a0\u00a0 Norme M-Bus : EN 13757<br \/>\n\u2022\u00a0\u00a0 Vitesse de transmission M-Bus : 300 et 2400 bit\/s<br \/>\n\u2022\u00a0\u00a0 Longueur maximale du c\u00e2ble : 1000 m (100 nF\/km, maximum 90 \u03a9)<br \/>\n\u2022\u00a0\u00a0 Mise \u00e0 jour du logiciel\/micrologiciel Interface Web<br \/>\n\u2022\u00a0\u00a0 R\u00e9seau fixe (Ethernet) RJ45<br \/>\n\u2022\u00a0\u00a0 Mat\u00e9riau du bo\u00eetier : Polyamide<br \/>\n\u2022\u00a0\u00a0 Classe de protection : IP20<br \/>\n\u2022\u00a0\u00a0 Dimensions (l x h x p) : 35 x 90 x 65 mm (2 modules DIN)<br \/>\n\u2022\u00a0\u00a0 Poids : 100 g<br \/>\n\u2022\u00a0\u00a0 Montage sur rail DIN (DIN 50022) : 35 mm<br \/>\n\u2022\u00a0\u00a0 Tension nominale : 100-240 VAC (+\/- 10%) &#8211; max 2,5W<br \/>\n\u2022\u00a0\u00a0 Cat\u00e9gorie d&rsquo;installation CAT 3<br \/>\n\u2022\u00a0\u00a0 Plage de temp\u00e9rature de fonctionnement : -20 \u00b0C \u00e0 +55 \u00b0C<br \/>\n\u2022\u00a0\u00a0 Humidit\u00e9 de fonctionnement max 80 % HR \u00e0 des temp\u00e9ratures allant jusqu&rsquo;\u00e0 31 \u00b0C, diminuant lin\u00e9airement \u00e0 50 % HR \u00e0 40 \u00b0C<br \/>\n\u2022\u00a0\u00a0 Environnement d&rsquo;utilisation \u00e0 l&rsquo;int\u00e9rieur, peut \u00eatre \u00e9tendu avec un bo\u00eetier IP67 pour une utilisation en ext\u00e9rieur<br \/>\n\u2022\u00a0\u00a0 Plage de temp\u00e9rature de stockage : -40 \u00b0C \u00e0 +85 \u00b0C<br \/>\n\u2022\u00a0\u00a0 Statut LED (alimentation, erreur, statut Ethernet)<\/p>\n            <\/div>\n    <!-- #Tab content -->\n    <\/div>\n<!-- #Block container -->\n","protected":false},"excerpt":{"rendered":"<p>Passerelle M-Bus pour r\u00e9seau fixe<\/p>\n","protected":false},"featured_media":5861,"parent":0,"comment_status":"open","ping_status":"closed","template":"","product-applications":[189,192,255],"product-medium":[67,66,78],"product-process":[249,166],"class_list":["post-5215","product","type-product","status-publish","has-post-thumbnail","hentry","product-applications-appareils-de-communication","product-applications-concentrateurs","product-applications-gestion-technique-centralisee","product-medium-eau","product-medium-energie-thermique","product-medium-systemes-et-logiciels","product-process-evaluation-traitement","product-process-lecture-transmission"],"acf":[],"yoast_head":"<!-- This site is optimized with the Yoast SEO plugin v24.5 - https:\/\/yoast.com\/wordpress\/plugins\/seo\/ -->\n<title>AMBUS\u00ae CMe3000 | INTEGRA Metering AG<\/title>\n<meta name=\"robots\" content=\"index, follow, max-snippet:-1, max-image-preview:large, max-video-preview:-1\" \/>\n<link rel=\"canonical\" href=\"https:\/\/ch.integra-metering.com\/fr\/product\/ambus-cme3000\/\" \/>\n<meta property=\"og:locale\" content=\"fr_FR\" \/>\n<meta property=\"og:type\" content=\"article\" \/>\n<meta property=\"og:title\" content=\"AMBUS\u00ae CMe3000 | INTEGRA Metering AG\" \/>\n<meta property=\"og:description\" content=\"Passerelle M-Bus pour r\u00e9seau fixe\" \/>\n<meta property=\"og:url\" content=\"https:\/\/ch.integra-metering.com\/fr\/product\/ambus-cme3000\/\" \/>\n<meta property=\"og:site_name\" content=\"INTEGRA Metering AG\" \/>\n<meta property=\"article:modified_time\" content=\"2023-01-10T15:27:23+00:00\" \/>\n<meta property=\"og:image\" content=\"https:\/\/ch.integra-metering.com\/wp-content\/uploads\/sites\/4\/2022\/01\/AMBUS\u00ae_CMe_3000.png\" \/>\n\t<meta property=\"og:image:width\" content=\"500\" \/>\n\t<meta property=\"og:image:height\" content=\"500\" \/>\n\t<meta property=\"og:image:type\" content=\"image\/png\" \/>\n<meta name=\"twitter:card\" content=\"summary_large_image\" \/>\n<script type=\"application\/ld+json\" class=\"yoast-schema-graph\">{\"@context\":\"https:\/\/schema.org\",\"@graph\":[{\"@type\":\"WebPage\",\"@id\":\"https:\/\/ch.integra-metering.com\/fr\/product\/ambus-cme3000\/\",\"url\":\"https:\/\/ch.integra-metering.com\/fr\/product\/ambus-cme3000\/\",\"name\":\"AMBUS\u00ae CMe3000 | INTEGRA Metering AG\",\"isPartOf\":{\"@id\":\"https:\/\/ch.integra-metering.com\/#website\"},\"primaryImageOfPage\":{\"@id\":\"https:\/\/ch.integra-metering.com\/fr\/product\/ambus-cme3000\/#primaryimage\"},\"image\":{\"@id\":\"https:\/\/ch.integra-metering.com\/fr\/product\/ambus-cme3000\/#primaryimage\"},\"thumbnailUrl\":\"https:\/\/ch.integra-metering.com\/wp-content\/uploads\/sites\/4\/2022\/01\/AMBUS\u00ae_CMe_3000.png\",\"datePublished\":\"2022-01-31T12:41:48+00:00\",\"dateModified\":\"2023-01-10T15:27:23+00:00\",\"breadcrumb\":{\"@id\":\"https:\/\/ch.integra-metering.com\/fr\/product\/ambus-cme3000\/#breadcrumb\"},\"inLanguage\":\"fr-FR\",\"potentialAction\":[{\"@type\":\"ReadAction\",\"target\":[\"https:\/\/ch.integra-metering.com\/fr\/product\/ambus-cme3000\/\"]}]},{\"@type\":\"ImageObject\",\"inLanguage\":\"fr-FR\",\"@id\":\"https:\/\/ch.integra-metering.com\/fr\/product\/ambus-cme3000\/#primaryimage\",\"url\":\"https:\/\/ch.integra-metering.com\/wp-content\/uploads\/sites\/4\/2022\/01\/AMBUS\u00ae_CMe_3000.png\",\"contentUrl\":\"https:\/\/ch.integra-metering.com\/wp-content\/uploads\/sites\/4\/2022\/01\/AMBUS\u00ae_CMe_3000.png\",\"width\":500,\"height\":500},{\"@type\":\"BreadcrumbList\",\"@id\":\"https:\/\/ch.integra-metering.com\/fr\/product\/ambus-cme3000\/#breadcrumb\",\"itemListElement\":[{\"@type\":\"ListItem\",\"position\":1,\"name\":\"Home\",\"item\":\"https:\/\/ch.integra-metering.com\/fr\/\"},{\"@type\":\"ListItem\",\"position\":2,\"name\":\"Products\",\"item\":\"https:\/\/ch.integra-metering.com\/fr\/catalogue\/\"},{\"@type\":\"ListItem\",\"position\":3,\"name\":\"AMBUS\u00ae CMe3000\"}]},{\"@type\":\"WebSite\",\"@id\":\"https:\/\/ch.integra-metering.com\/#website\",\"url\":\"https:\/\/ch.integra-metering.com\/\",\"name\":\"INTEGRA Metering AG\",\"description\":\"Herzlich willkommen auf der neuen Aquametro Homepage | Bienvenue sur le site Aquametro Suisse\",\"publisher\":{\"@id\":\"https:\/\/ch.integra-metering.com\/#organization\"},\"potentialAction\":[{\"@type\":\"SearchAction\",\"target\":{\"@type\":\"EntryPoint\",\"urlTemplate\":\"https:\/\/ch.integra-metering.com\/?s={search_term_string}\"},\"query-input\":{\"@type\":\"PropertyValueSpecification\",\"valueRequired\":true,\"valueName\":\"search_term_string\"}}],\"inLanguage\":\"fr-FR\"},{\"@type\":\"Organization\",\"@id\":\"https:\/\/ch.integra-metering.com\/#organization\",\"name\":\"INTEGRA Metering AG\",\"url\":\"https:\/\/ch.integra-metering.com\/\",\"logo\":{\"@type\":\"ImageObject\",\"inLanguage\":\"fr-FR\",\"@id\":\"https:\/\/ch.integra-metering.com\/#\/schema\/logo\/image\/\",\"url\":\"https:\/\/ch.integra-metering.com\/wp-content\/uploads\/sites\/4\/2019\/11\/integra-logo-dark.svg\",\"contentUrl\":\"https:\/\/ch.integra-metering.com\/wp-content\/uploads\/sites\/4\/2019\/11\/integra-logo-dark.svg\",\"width\":1,\"height\":1,\"caption\":\"INTEGRA Metering AG\"},\"image\":{\"@id\":\"https:\/\/ch.integra-metering.com\/#\/schema\/logo\/image\/\"},\"sameAs\":[\"https:\/\/ch.linkedin.com\/company\/aquametro-ag\"]}]}<\/script>\n<!-- \/ Yoast SEO plugin. -->","yoast_head_json":{"title":"AMBUS\u00ae CMe3000 | INTEGRA Metering AG","robots":{"index":"index","follow":"follow","max-snippet":"max-snippet:-1","max-image-preview":"max-image-preview:large","max-video-preview":"max-video-preview:-1"},"canonical":"https:\/\/ch.integra-metering.com\/fr\/product\/ambus-cme3000\/","og_locale":"fr_FR","og_type":"article","og_title":"AMBUS\u00ae CMe3000 | INTEGRA Metering AG","og_description":"Passerelle M-Bus pour r\u00e9seau fixe","og_url":"https:\/\/ch.integra-metering.com\/fr\/product\/ambus-cme3000\/","og_site_name":"INTEGRA Metering AG","article_modified_time":"2023-01-10T15:27:23+00:00","og_image":[{"width":500,"height":500,"url":"https:\/\/ch.integra-metering.com\/wp-content\/uploads\/sites\/4\/2022\/01\/AMBUS\u00ae_CMe_3000.png","type":"image\/png"}],"twitter_card":"summary_large_image","schema":{"@context":"https:\/\/schema.org","@graph":[{"@type":"WebPage","@id":"https:\/\/ch.integra-metering.com\/fr\/product\/ambus-cme3000\/","url":"https:\/\/ch.integra-metering.com\/fr\/product\/ambus-cme3000\/","name":"AMBUS\u00ae CMe3000 | INTEGRA Metering AG","isPartOf":{"@id":"https:\/\/ch.integra-metering.com\/#website"},"primaryImageOfPage":{"@id":"https:\/\/ch.integra-metering.com\/fr\/product\/ambus-cme3000\/#primaryimage"},"image":{"@id":"https:\/\/ch.integra-metering.com\/fr\/product\/ambus-cme3000\/#primaryimage"},"thumbnailUrl":"https:\/\/ch.integra-metering.com\/wp-content\/uploads\/sites\/4\/2022\/01\/AMBUS\u00ae_CMe_3000.png","datePublished":"2022-01-31T12:41:48+00:00","dateModified":"2023-01-10T15:27:23+00:00","breadcrumb":{"@id":"https:\/\/ch.integra-metering.com\/fr\/product\/ambus-cme3000\/#breadcrumb"},"inLanguage":"fr-FR","potentialAction":[{"@type":"ReadAction","target":["https:\/\/ch.integra-metering.com\/fr\/product\/ambus-cme3000\/"]}]},{"@type":"ImageObject","inLanguage":"fr-FR","@id":"https:\/\/ch.integra-metering.com\/fr\/product\/ambus-cme3000\/#primaryimage","url":"https:\/\/ch.integra-metering.com\/wp-content\/uploads\/sites\/4\/2022\/01\/AMBUS\u00ae_CMe_3000.png","contentUrl":"https:\/\/ch.integra-metering.com\/wp-content\/uploads\/sites\/4\/2022\/01\/AMBUS\u00ae_CMe_3000.png","width":500,"height":500},{"@type":"BreadcrumbList","@id":"https:\/\/ch.integra-metering.com\/fr\/product\/ambus-cme3000\/#breadcrumb","itemListElement":[{"@type":"ListItem","position":1,"name":"Home","item":"https:\/\/ch.integra-metering.com\/fr\/"},{"@type":"ListItem","position":2,"name":"Products","item":"https:\/\/ch.integra-metering.com\/fr\/catalogue\/"},{"@type":"ListItem","position":3,"name":"AMBUS\u00ae CMe3000"}]},{"@type":"WebSite","@id":"https:\/\/ch.integra-metering.com\/#website","url":"https:\/\/ch.integra-metering.com\/","name":"INTEGRA Metering AG","description":"Herzlich willkommen auf der neuen Aquametro Homepage | Bienvenue sur le site Aquametro Suisse","publisher":{"@id":"https:\/\/ch.integra-metering.com\/#organization"},"potentialAction":[{"@type":"SearchAction","target":{"@type":"EntryPoint","urlTemplate":"https:\/\/ch.integra-metering.com\/?s={search_term_string}"},"query-input":{"@type":"PropertyValueSpecification","valueRequired":true,"valueName":"search_term_string"}}],"inLanguage":"fr-FR"},{"@type":"Organization","@id":"https:\/\/ch.integra-metering.com\/#organization","name":"INTEGRA Metering AG","url":"https:\/\/ch.integra-metering.com\/","logo":{"@type":"ImageObject","inLanguage":"fr-FR","@id":"https:\/\/ch.integra-metering.com\/#\/schema\/logo\/image\/","url":"https:\/\/ch.integra-metering.com\/wp-content\/uploads\/sites\/4\/2019\/11\/integra-logo-dark.svg","contentUrl":"https:\/\/ch.integra-metering.com\/wp-content\/uploads\/sites\/4\/2019\/11\/integra-logo-dark.svg","width":1,"height":1,"caption":"INTEGRA Metering AG"},"image":{"@id":"https:\/\/ch.integra-metering.com\/#\/schema\/logo\/image\/"},"sameAs":["https:\/\/ch.linkedin.com\/company\/aquametro-ag"]}]}},"_links":{"self":[{"href":"https:\/\/ch.integra-metering.com\/fr\/wp-json\/wp\/v2\/product\/5215","targetHints":{"allow":["GET"]}}],"collection":[{"href":"https:\/\/ch.integra-metering.com\/fr\/wp-json\/wp\/v2\/product"}],"about":[{"href":"https:\/\/ch.integra-metering.com\/fr\/wp-json\/wp\/v2\/types\/product"}],"replies":[{"embeddable":true,"href":"https:\/\/ch.integra-metering.com\/fr\/wp-json\/wp\/v2\/comments?post=5215"}],"wp:featuredmedia":[{"embeddable":true,"href":"https:\/\/ch.integra-metering.com\/fr\/wp-json\/wp\/v2\/media\/5861"}],"wp:attachment":[{"href":"https:\/\/ch.integra-metering.com\/fr\/wp-json\/wp\/v2\/media?parent=5215"}],"wp:term":[{"taxonomy":"product-applications","embeddable":true,"href":"https:\/\/ch.integra-metering.com\/fr\/wp-json\/wp\/v2\/product-applications?post=5215"},{"taxonomy":"product-medium","embeddable":true,"href":"https:\/\/ch.integra-metering.com\/fr\/wp-json\/wp\/v2\/product-medium?post=5215"},{"taxonomy":"product-process","embeddable":true,"href":"https:\/\/ch.integra-metering.com\/fr\/wp-json\/wp\/v2\/product-process?post=5215"}],"curies":[{"name":"wp","href":"https:\/\/api.w.org\/{rel}","templated":true}]}}