{"id":5282,"date":"2022-02-05T13:04:00","date_gmt":"2022-02-05T13:04:00","guid":{"rendered":"https:\/\/ch.integra-metering.com\/?post_type=product&#038;p=5282"},"modified":"2024-09-02T14:18:20","modified_gmt":"2024-09-02T14:18:20","slug":"rubin-sonic","status":"publish","type":"product","link":"https:\/\/ch.integra-metering.com\/fr\/product\/rubin-sonic\/","title":{"rendered":"RUBIN\u00ae SONIC"},"content":{"rendered":"\n<!-- Block container# -->\n<div\n    id=\"air-tabsblock_678fb18150a2123a6d0e311675293f2b\"\n    class=\"air-tabs tabs\"\n>\n\n<div class=\"tab-controls__container\"  airTargetDropdown>\n    <!-- Tabs controls# -->\n        <div class=\"tab-controls\"  airTargetDropdown>\n                                    <button class=\"tab-button js-tab-button--active theme-version-black\"  airTargetDropdown>\n                Caract\u00e9ristiques &amp; Avantages clients            <\/button>\n                                    <button class=\"tab-button  theme-version-black\"  airTargetDropdown>\n                Donn\u00e9es techniques            <\/button>\n                    <\/div>\n    <!-- #Tabs controls# -->\n<\/div>\n\n    <!-- #Tab content -->\n                <div class=\"tab-content active theme-version-black\">\n                <p><strong>Compteur \u00e0 ultrasons <\/strong>(statique, sans pi\u00e8ces mobiles) pour les applications de comptage intelligent<\/p>\n<p>&nbsp;<\/p>\n<p><strong>Technologie free flow <\/strong>: pas de r\u00e9flecteurs dans le tuyau<br \/>\nPas d&rsquo;adh\u00e9rence de la salet\u00e9, plus pr\u00e9cis, faible chute de pression<\/p>\n<p>&nbsp;<\/p>\n<p><strong>Compatible avec plusieurs r\u00e9seaux<\/strong><br \/>\n\u2022\u00a0 \u00a0LoRaWAN (certifi\u00e9 par l&rsquo;Alliance LoRa), M-Bus sans fil (OMS), M-Bus, impulsions<br \/>\n\u2022\u00a0 \u00a0MultiCom activ\u00e9 (LoRaWAN et w-MBus simultan\u00e9s) pour des \u00e9volutions flexibles<br \/>\n\u2022\u00a0 \u00a0Sortie impulsionnelle toujours disponible sur connecteur, quelle que soit la communication num\u00e9rique choisie<br \/>\nCompatible avec l&rsquo;application ParamApp<br \/>\n\u2022\u00a0 \u00a0Configuration\/diagnostic facile sur le terrain avec l&rsquo;application conviviale ParamApp<\/p>\n<p>&nbsp;<\/p>\n<p><strong>Compteur intelligent<\/strong><br \/>\n\u2022\u00a0 \u00a0Beaucoup d&rsquo;informations disponibles, et un panel complet de d\u00e9tections d&rsquo;\u00e9v\u00e9nements pour g\u00e9rer le r\u00e9seau (fuite, \u00e9clatement, surcharge, temp\u00e9rature de l&rsquo;eau, inversion de flux)<\/p>\n<p>&nbsp;<\/p>\n<p><strong>Robuste <\/strong>: IP68, dur\u00e9e de vie jusqu&rsquo;\u00e0 16 ans, inviolable par conception<\/p>\n            <\/div>\n    <!-- #Tab content -->\n                <div class=\"tab-content  theme-version-black\">\n                <p>\u2022\u00a0 \u00a0Diam\u00e8tre nominale : DN 50 &#8211; 200<br \/>\n\u2022\u00a0 \u00a0Pression nominale : PN 16 bar<br \/>\n\u2022\u00a0 \u00a0Temp\u00e9rature du fluide : 0,1\u00b0C \u00e0 + 50\u00b0C<br \/>\n\u2022\u00a0 \u00a0Temp\u00e9rature ambiante : 1\u00b0C \u00e0 + 70\u00b0C<br \/>\n\u2022\u00a0 \u00a0Temp\u00e9rature de stockage : -20\u00b0C \u00e0 + 70\u00b0C<br \/>\n\u2022\u00a0 \u00a0Haute dynamique de mesure R500<br \/>\n\u2022\u00a0 \u00a0Classe de protection IP 68<br \/>\n\u2022\u00a0 \u00a0Types de brides : ISO<br \/>\n\u2022\u00a0 \u00a0Alimentation M-Bus filaire par batterie int\u00e9gr\u00e9e<br \/>\n\u2022\u00a0 \u00a0Mode MultiCom dipsonible (LoRaWAN et wM-Bus 868 MHz simultan\u00e9s)<br \/>\n\u2022\u00a0 \u00a0Interface \u00e0 collecteur ouvert (OC) : Connecteur M12 int\u00e9gr\u00e9 \u00e0 5 contacts<br \/>\n\u2022\u00a0 \u00a0Interface NFC pour la configuration avec l&rsquo;application \u00ab\u00a0ParamApp\u00a0\u00bb (pour les appareils Android sur Google PlayStore)<br \/>\n\u2022\u00a0 \u00a0Puissant enregistreur de donn\u00e9es et d&rsquo;\u00e9v\u00e9nements<br \/>\n\u2022\u00a0 \u00a0Certifi\u00e9 MID 2014\/32\/UE et homologu\u00e9 pour l&rsquo;eau potable (SVGW, KTW W270)<\/p>\n            <\/div>\n    <!-- #Tab content -->\n    <\/div>\n<!-- #Block container -->\n\n\n\n<div style=\"height:50px\" aria-hidden=\"true\" class=\"wp-block-spacer\"><\/div>\n\n\n\n<p><strong>Disponible \u00e9galement comme fichier BIM (IFC) :<\/strong> <\/p>\n\n\n\n<div style=\"height:30px\" aria-hidden=\"true\" class=\"wp-block-spacer\"><\/div>\n\n\n\n<div class=\"wp-block-buttons is-layout-flex wp-block-buttons-is-layout-flex\">\n<div class=\"wp-block-button has-custom-font-size has-medium-font-size\"><a class=\"wp-block-button__link wp-element-button\" href=\"https:\/\/ch.buildup.group\/fr\/orga\/INTEGRA_Metering_AG?line=RUBIN%C2%AE%20SONIC\" style=\"border-radius:3px\" target=\"_blank\" rel=\"noreferrer noopener\">Continuer sur buildup.ch<\/a><\/div>\n<\/div>\n\n\n\n<div style=\"height:60px\" aria-hidden=\"true\" class=\"wp-block-spacer\"><\/div>\n\n\n\n<figure class=\"wp-block-embed is-type-video is-provider-youtube wp-block-embed-youtube wp-embed-aspect-16-9 wp-has-aspect-ratio\"><div class=\"wp-block-embed__wrapper\">\n<iframe loading=\"lazy\" title=\"RUBIN\u00ae SONIC | Vid\u00e9o de pr\u00e9sentation\" width=\"500\" height=\"281\" src=\"https:\/\/www.youtube.com\/embed\/ESHjAWTXzWg?feature=oembed\" frameborder=\"0\" allow=\"accelerometer; autoplay; clipboard-write; encrypted-media; gyroscope; picture-in-picture; web-share\" referrerpolicy=\"strict-origin-when-cross-origin\" allowfullscreen><\/iframe>\n<\/div><\/figure>\n","protected":false},"excerpt":{"rendered":"<p>Compteur volum\u00e9trique \u00e0 ultrasons pour les r\u00e9seaux d&rsquo;eau froide<\/p>\n","protected":false},"featured_media":6477,"parent":0,"comment_status":"open","ping_status":"closed","template":"","product-applications":[187,255,106],"product-medium":[67],"product-process":[166,115],"class_list":["post-5282","product","type-product","status-publish","has-post-thumbnail","hentry","product-applications-debitmetres","product-applications-gestion-technique-centralisee","product-applications-reseau","product-medium-eau","product-process-lecture-transmission","product-process-mesurer"],"acf":[],"yoast_head":"<!-- This site is optimized with the Yoast SEO plugin v24.5 - https:\/\/yoast.com\/wordpress\/plugins\/seo\/ -->\n<title>RUBIN\u00ae SONIC | INTEGRA Metering AG<\/title>\n<meta name=\"robots\" content=\"index, follow, max-snippet:-1, max-image-preview:large, max-video-preview:-1\" \/>\n<link rel=\"canonical\" href=\"https:\/\/ch.integra-metering.com\/fr\/product\/rubin-sonic\/\" \/>\n<meta property=\"og:locale\" content=\"fr_FR\" \/>\n<meta property=\"og:type\" content=\"article\" \/>\n<meta property=\"og:title\" content=\"RUBIN\u00ae SONIC | INTEGRA Metering AG\" \/>\n<meta property=\"og:description\" content=\"Compteur volum\u00e9trique \u00e0 ultrasons pour les r\u00e9seaux d&#039;eau froide\" \/>\n<meta property=\"og:url\" content=\"https:\/\/ch.integra-metering.com\/fr\/product\/rubin-sonic\/\" \/>\n<meta property=\"og:site_name\" content=\"INTEGRA Metering AG\" \/>\n<meta property=\"article:modified_time\" content=\"2024-09-02T14:18:20+00:00\" \/>\n<meta property=\"og:image\" content=\"https:\/\/ch.integra-metering.com\/wp-content\/uploads\/sites\/4\/2022\/02\/RUBIN-SONIC-1.png\" \/>\n\t<meta property=\"og:image:width\" content=\"500\" \/>\n\t<meta property=\"og:image:height\" content=\"500\" \/>\n\t<meta property=\"og:image:type\" content=\"image\/png\" \/>\n<meta name=\"twitter:card\" content=\"summary_large_image\" \/>\n<script type=\"application\/ld+json\" class=\"yoast-schema-graph\">{\"@context\":\"https:\/\/schema.org\",\"@graph\":[{\"@type\":\"WebPage\",\"@id\":\"https:\/\/ch.integra-metering.com\/fr\/product\/rubin-sonic\/\",\"url\":\"https:\/\/ch.integra-metering.com\/fr\/product\/rubin-sonic\/\",\"name\":\"RUBIN\u00ae SONIC | INTEGRA Metering AG\",\"isPartOf\":{\"@id\":\"https:\/\/ch.integra-metering.com\/#website\"},\"primaryImageOfPage\":{\"@id\":\"https:\/\/ch.integra-metering.com\/fr\/product\/rubin-sonic\/#primaryimage\"},\"image\":{\"@id\":\"https:\/\/ch.integra-metering.com\/fr\/product\/rubin-sonic\/#primaryimage\"},\"thumbnailUrl\":\"https:\/\/ch.integra-metering.com\/wp-content\/uploads\/sites\/4\/2022\/02\/RUBIN-SONIC-1.png\",\"datePublished\":\"2022-02-05T13:04:00+00:00\",\"dateModified\":\"2024-09-02T14:18:20+00:00\",\"breadcrumb\":{\"@id\":\"https:\/\/ch.integra-metering.com\/fr\/product\/rubin-sonic\/#breadcrumb\"},\"inLanguage\":\"fr-FR\",\"potentialAction\":[{\"@type\":\"ReadAction\",\"target\":[\"https:\/\/ch.integra-metering.com\/fr\/product\/rubin-sonic\/\"]}]},{\"@type\":\"ImageObject\",\"inLanguage\":\"fr-FR\",\"@id\":\"https:\/\/ch.integra-metering.com\/fr\/product\/rubin-sonic\/#primaryimage\",\"url\":\"https:\/\/ch.integra-metering.com\/wp-content\/uploads\/sites\/4\/2022\/02\/RUBIN-SONIC-1.png\",\"contentUrl\":\"https:\/\/ch.integra-metering.com\/wp-content\/uploads\/sites\/4\/2022\/02\/RUBIN-SONIC-1.png\",\"width\":500,\"height\":500},{\"@type\":\"BreadcrumbList\",\"@id\":\"https:\/\/ch.integra-metering.com\/fr\/product\/rubin-sonic\/#breadcrumb\",\"itemListElement\":[{\"@type\":\"ListItem\",\"position\":1,\"name\":\"Home\",\"item\":\"https:\/\/ch.integra-metering.com\/fr\/\"},{\"@type\":\"ListItem\",\"position\":2,\"name\":\"Products\",\"item\":\"https:\/\/ch.integra-metering.com\/fr\/catalogue\/\"},{\"@type\":\"ListItem\",\"position\":3,\"name\":\"RUBIN\u00ae SONIC\"}]},{\"@type\":\"WebSite\",\"@id\":\"https:\/\/ch.integra-metering.com\/#website\",\"url\":\"https:\/\/ch.integra-metering.com\/\",\"name\":\"INTEGRA Metering AG\",\"description\":\"Herzlich willkommen auf der neuen Aquametro Homepage | Bienvenue sur le site Aquametro Suisse\",\"publisher\":{\"@id\":\"https:\/\/ch.integra-metering.com\/#organization\"},\"potentialAction\":[{\"@type\":\"SearchAction\",\"target\":{\"@type\":\"EntryPoint\",\"urlTemplate\":\"https:\/\/ch.integra-metering.com\/?s={search_term_string}\"},\"query-input\":{\"@type\":\"PropertyValueSpecification\",\"valueRequired\":true,\"valueName\":\"search_term_string\"}}],\"inLanguage\":\"fr-FR\"},{\"@type\":\"Organization\",\"@id\":\"https:\/\/ch.integra-metering.com\/#organization\",\"name\":\"INTEGRA Metering AG\",\"url\":\"https:\/\/ch.integra-metering.com\/\",\"logo\":{\"@type\":\"ImageObject\",\"inLanguage\":\"fr-FR\",\"@id\":\"https:\/\/ch.integra-metering.com\/#\/schema\/logo\/image\/\",\"url\":\"https:\/\/ch.integra-metering.com\/wp-content\/uploads\/sites\/4\/2019\/11\/integra-logo-dark.svg\",\"contentUrl\":\"https:\/\/ch.integra-metering.com\/wp-content\/uploads\/sites\/4\/2019\/11\/integra-logo-dark.svg\",\"width\":1,\"height\":1,\"caption\":\"INTEGRA Metering AG\"},\"image\":{\"@id\":\"https:\/\/ch.integra-metering.com\/#\/schema\/logo\/image\/\"},\"sameAs\":[\"https:\/\/ch.linkedin.com\/company\/aquametro-ag\"]}]}<\/script>\n<!-- \/ Yoast SEO plugin. -->","yoast_head_json":{"title":"RUBIN\u00ae SONIC | INTEGRA Metering AG","robots":{"index":"index","follow":"follow","max-snippet":"max-snippet:-1","max-image-preview":"max-image-preview:large","max-video-preview":"max-video-preview:-1"},"canonical":"https:\/\/ch.integra-metering.com\/fr\/product\/rubin-sonic\/","og_locale":"fr_FR","og_type":"article","og_title":"RUBIN\u00ae SONIC | INTEGRA Metering AG","og_description":"Compteur volum\u00e9trique \u00e0 ultrasons pour les r\u00e9seaux d'eau froide","og_url":"https:\/\/ch.integra-metering.com\/fr\/product\/rubin-sonic\/","og_site_name":"INTEGRA Metering AG","article_modified_time":"2024-09-02T14:18:20+00:00","og_image":[{"width":500,"height":500,"url":"https:\/\/ch.integra-metering.com\/wp-content\/uploads\/sites\/4\/2022\/02\/RUBIN-SONIC-1.png","type":"image\/png"}],"twitter_card":"summary_large_image","schema":{"@context":"https:\/\/schema.org","@graph":[{"@type":"WebPage","@id":"https:\/\/ch.integra-metering.com\/fr\/product\/rubin-sonic\/","url":"https:\/\/ch.integra-metering.com\/fr\/product\/rubin-sonic\/","name":"RUBIN\u00ae SONIC | INTEGRA Metering AG","isPartOf":{"@id":"https:\/\/ch.integra-metering.com\/#website"},"primaryImageOfPage":{"@id":"https:\/\/ch.integra-metering.com\/fr\/product\/rubin-sonic\/#primaryimage"},"image":{"@id":"https:\/\/ch.integra-metering.com\/fr\/product\/rubin-sonic\/#primaryimage"},"thumbnailUrl":"https:\/\/ch.integra-metering.com\/wp-content\/uploads\/sites\/4\/2022\/02\/RUBIN-SONIC-1.png","datePublished":"2022-02-05T13:04:00+00:00","dateModified":"2024-09-02T14:18:20+00:00","breadcrumb":{"@id":"https:\/\/ch.integra-metering.com\/fr\/product\/rubin-sonic\/#breadcrumb"},"inLanguage":"fr-FR","potentialAction":[{"@type":"ReadAction","target":["https:\/\/ch.integra-metering.com\/fr\/product\/rubin-sonic\/"]}]},{"@type":"ImageObject","inLanguage":"fr-FR","@id":"https:\/\/ch.integra-metering.com\/fr\/product\/rubin-sonic\/#primaryimage","url":"https:\/\/ch.integra-metering.com\/wp-content\/uploads\/sites\/4\/2022\/02\/RUBIN-SONIC-1.png","contentUrl":"https:\/\/ch.integra-metering.com\/wp-content\/uploads\/sites\/4\/2022\/02\/RUBIN-SONIC-1.png","width":500,"height":500},{"@type":"BreadcrumbList","@id":"https:\/\/ch.integra-metering.com\/fr\/product\/rubin-sonic\/#breadcrumb","itemListElement":[{"@type":"ListItem","position":1,"name":"Home","item":"https:\/\/ch.integra-metering.com\/fr\/"},{"@type":"ListItem","position":2,"name":"Products","item":"https:\/\/ch.integra-metering.com\/fr\/catalogue\/"},{"@type":"ListItem","position":3,"name":"RUBIN\u00ae SONIC"}]},{"@type":"WebSite","@id":"https:\/\/ch.integra-metering.com\/#website","url":"https:\/\/ch.integra-metering.com\/","name":"INTEGRA Metering AG","description":"Herzlich willkommen auf der neuen Aquametro Homepage | Bienvenue sur le site Aquametro Suisse","publisher":{"@id":"https:\/\/ch.integra-metering.com\/#organization"},"potentialAction":[{"@type":"SearchAction","target":{"@type":"EntryPoint","urlTemplate":"https:\/\/ch.integra-metering.com\/?s={search_term_string}"},"query-input":{"@type":"PropertyValueSpecification","valueRequired":true,"valueName":"search_term_string"}}],"inLanguage":"fr-FR"},{"@type":"Organization","@id":"https:\/\/ch.integra-metering.com\/#organization","name":"INTEGRA Metering AG","url":"https:\/\/ch.integra-metering.com\/","logo":{"@type":"ImageObject","inLanguage":"fr-FR","@id":"https:\/\/ch.integra-metering.com\/#\/schema\/logo\/image\/","url":"https:\/\/ch.integra-metering.com\/wp-content\/uploads\/sites\/4\/2019\/11\/integra-logo-dark.svg","contentUrl":"https:\/\/ch.integra-metering.com\/wp-content\/uploads\/sites\/4\/2019\/11\/integra-logo-dark.svg","width":1,"height":1,"caption":"INTEGRA Metering AG"},"image":{"@id":"https:\/\/ch.integra-metering.com\/#\/schema\/logo\/image\/"},"sameAs":["https:\/\/ch.linkedin.com\/company\/aquametro-ag"]}]}},"_links":{"self":[{"href":"https:\/\/ch.integra-metering.com\/fr\/wp-json\/wp\/v2\/product\/5282","targetHints":{"allow":["GET"]}}],"collection":[{"href":"https:\/\/ch.integra-metering.com\/fr\/wp-json\/wp\/v2\/product"}],"about":[{"href":"https:\/\/ch.integra-metering.com\/fr\/wp-json\/wp\/v2\/types\/product"}],"replies":[{"embeddable":true,"href":"https:\/\/ch.integra-metering.com\/fr\/wp-json\/wp\/v2\/comments?post=5282"}],"wp:featuredmedia":[{"embeddable":true,"href":"https:\/\/ch.integra-metering.com\/fr\/wp-json\/wp\/v2\/media\/6477"}],"wp:attachment":[{"href":"https:\/\/ch.integra-metering.com\/fr\/wp-json\/wp\/v2\/media?parent=5282"}],"wp:term":[{"taxonomy":"product-applications","embeddable":true,"href":"https:\/\/ch.integra-metering.com\/fr\/wp-json\/wp\/v2\/product-applications?post=5282"},{"taxonomy":"product-medium","embeddable":true,"href":"https:\/\/ch.integra-metering.com\/fr\/wp-json\/wp\/v2\/product-medium?post=5282"},{"taxonomy":"product-process","embeddable":true,"href":"https:\/\/ch.integra-metering.com\/fr\/wp-json\/wp\/v2\/product-process?post=5282"}],"curies":[{"name":"wp","href":"https:\/\/api.w.org\/{rel}","templated":true}]}}