{"id":6467,"date":"2024-08-12T08:07:08","date_gmt":"2024-08-12T08:07:08","guid":{"rendered":"https:\/\/ch.integra-metering.com\/?post_type=product&#038;p=6467"},"modified":"2025-06-20T09:43:42","modified_gmt":"2025-06-20T09:43:42","slug":"ambill-plateforme-iot","status":"publish","type":"product","link":"https:\/\/ch.integra-metering.com\/fr\/product\/ambill-plateforme-iot\/","title":{"rendered":"AMBILL\u00ae Plateforme IoT"},"content":{"rendered":"\n<!-- Block container# -->\n<div\n    id=\"air-tabsblock_8d80f95cc6b2b2482d3174415e2b41a0\"\n    class=\"air-tabs tabs\"\n>\n\n<div class=\"tab-controls__container\"  airTargetDropdown>\n    <!-- Tabs controls# -->\n        <div class=\"tab-controls\"  airTargetDropdown>\n                                    <button class=\"tab-button js-tab-button--active theme-version-black\"  airTargetDropdown>\n                Caract\u00e9ristiques &amp; Avantages clients            <\/button>\n                                    <button class=\"tab-button  theme-version-black\"  airTargetDropdown>\n                Donn\u00e9es techniques            <\/button>\n                    <\/div>\n    <!-- #Tabs controls# -->\n<\/div>\n\n    <!-- #Tab content -->\n                <div class=\"tab-content active theme-version-black\">\n                <p>Id\u00e9al pour la gestion des compteurs connect\u00e9s pour:<br \/>\n\u2022\u00a0 \u00a0la lecture \u00e0 distance des donn\u00e9es journali\u00e8res de consommations<br \/>\n\u2022\u00a0 \u00a0le traitement des alarmes compteur et de consommation (seuil d&rsquo;alerte configurable)<br \/>\n\u2022\u00a0 \u00a0la surveillance de la distribution d&rsquo;eau et d&rsquo;energie<br \/>\n\u2022\u00a0 \u00a0interface d&rsquo;import\/export<\/p>\n<p>&nbsp;<\/p>\n<p>Gamme compl\u00e8te de possibilit\u00e9s pour la gestion des donn\u00e9es (eau, \u00e9nergie thermique, gaz):<br \/>\n\u2022\u00a0 \u00a0Vue cartographique avec aper\u00e7u donn\u00e9es compteurs et code couleur pour les alarmes<br \/>\n\u2022\u00a0 \u00a0Visualisation\/suivi graphique et comparaison des consommations (bas\u00e9e sur une p\u00e9riode de consommation personnalisable ou selon le volume produit et le volume consomm\u00e9)<br \/>\n\u2022\u00a0 \u00a0Notification alarmes par SMS ou mail avec gestion par acquittement des \u00e9v\u00e8nements (fuite, manipulation, batterie faible, surcharge, retour d&rsquo;eau\u2026etc.)<br \/>\n\u2022\u00a0 \u00a0Gestion des inventaires par zone ou b\u00e2timents avec historisation des donn\u00e9es sur 10 ans<\/p>\n            <\/div>\n    <!-- #Tab content -->\n                <div class=\"tab-content  theme-version-black\">\n                <p>\u2022\u00a0 \u00a0D\u00e9codeurs int\u00e9gr\u00e9s pour les produits IoT INTEGRA Metering (protocoles LoRa\/LoRaWAN)<br \/>\n\u2022\u00a0 \u00a0D\u00e9codeur int\u00e9gr\u00e9 de la centrale de communication AMBUS\u00ae Cme3100 (protocole FTP)<br \/>\n\u2022\u00a0 \u00a0utilisation du r\u00e9seau LPN Swisscom<br \/>\n\u2022\u00a0 \u00a0Int\u00e9gration via ThingPark<br \/>\n\u2022\u00a0 \u00a0Plateforme h\u00e9berg\u00e9e en Suisse sur un cloud Azure<br \/>\n\u2022\u00a0 \u00a0Navigateurs Web: Google Chrome, Mozilla Firefox, Microsoft Edge et Safari<br \/>\n\u2022\u00a0 \u00a0Interface Web responsive adapt\u00e9e \u00e0 l&rsquo;utilisation sur ordinateur\/portable, tablette et smartphone<br \/>\n\u2022\u00a0 \u00a02 niveaux de droits d&rsquo;acc\u00e8s \u00e0 la plateforme (administrateur, utilisateur)<br \/>\n\u2022\u00a0 \u00a0Importation\/onboarding de compteurs en masse au format CSV<br \/>\n\u2022\u00a0 \u00a0Exportation des donn\u00e9es, graphiques et historique de lecture aux formats CSV, Excel et PDF<\/p>\n            <\/div>\n    <!-- #Tab content -->\n    <\/div>\n<!-- #Block container -->\n\n\n\n<div style=\"height:50px\" aria-hidden=\"true\" class=\"wp-block-spacer\"><\/div>\n\n\n\n<figure class=\"wp-block-embed is-type-video is-provider-youtube wp-block-embed-youtube wp-embed-aspect-16-9 wp-has-aspect-ratio\"><div class=\"wp-block-embed__wrapper\">\n<iframe loading=\"lazy\" title=\"AMBILL\u00ae plateforme IoT | Vid\u00e9o de pr\u00e9sentation\" width=\"500\" height=\"281\" src=\"https:\/\/www.youtube.com\/embed\/naIniPAJvDI?feature=oembed\" frameborder=\"0\" allow=\"accelerometer; autoplay; clipboard-write; encrypted-media; gyroscope; picture-in-picture; web-share\" referrerpolicy=\"strict-origin-when-cross-origin\" allowfullscreen><\/iframe>\n<\/div><\/figure>\n","protected":false},"excerpt":{"rendered":"<p>Solution pour la gestion de l&rsquo;eau, de l&rsquo;\u00e9nergie thermique et des b\u00e2timents<\/p>\n","protected":false},"featured_media":6633,"parent":0,"comment_status":"open","ping_status":"closed","template":"","product-applications":[189,255,185],"product-medium":[67,66,78],"product-process":[249,166],"class_list":["post-6467","product","type-product","status-publish","has-post-thumbnail","hentry","product-applications-appareils-de-communication","product-applications-gestion-technique-centralisee","product-applications-logiciels","product-medium-eau","product-medium-energie-thermique","product-medium-systemes-et-logiciels","product-process-evaluation-traitement","product-process-lecture-transmission"],"acf":[],"yoast_head":"<!-- This site is optimized with the Yoast SEO plugin v24.5 - https:\/\/yoast.com\/wordpress\/plugins\/seo\/ -->\n<title>AMBILL\u00ae Plateforme IoT | INTEGRA Metering AG<\/title>\n<meta name=\"robots\" content=\"index, follow, max-snippet:-1, max-image-preview:large, max-video-preview:-1\" \/>\n<link rel=\"canonical\" href=\"https:\/\/ch.integra-metering.com\/fr\/product\/ambill-plateforme-iot\/\" \/>\n<meta property=\"og:locale\" content=\"fr_FR\" \/>\n<meta property=\"og:type\" content=\"article\" \/>\n<meta property=\"og:title\" content=\"AMBILL\u00ae Plateforme IoT | INTEGRA Metering AG\" \/>\n<meta property=\"og:description\" content=\"Solution pour la gestion de l&#039;eau, de l&#039;\u00e9nergie thermique et des b\u00e2timents\" \/>\n<meta property=\"og:url\" content=\"https:\/\/ch.integra-metering.com\/fr\/product\/ambill-plateforme-iot\/\" \/>\n<meta property=\"og:site_name\" content=\"INTEGRA Metering AG\" \/>\n<meta property=\"article:modified_time\" content=\"2025-06-20T09:43:42+00:00\" \/>\n<meta property=\"og:image\" content=\"https:\/\/ch.integra-metering.com\/wp-content\/uploads\/sites\/4\/2023\/05\/IoT_platform.png\" \/>\n\t<meta property=\"og:image:width\" content=\"500\" \/>\n\t<meta property=\"og:image:height\" content=\"500\" \/>\n\t<meta property=\"og:image:type\" content=\"image\/png\" \/>\n<meta name=\"twitter:card\" content=\"summary_large_image\" \/>\n<script type=\"application\/ld+json\" class=\"yoast-schema-graph\">{\"@context\":\"https:\/\/schema.org\",\"@graph\":[{\"@type\":\"WebPage\",\"@id\":\"https:\/\/ch.integra-metering.com\/fr\/product\/ambill-plateforme-iot\/\",\"url\":\"https:\/\/ch.integra-metering.com\/fr\/product\/ambill-plateforme-iot\/\",\"name\":\"AMBILL\u00ae Plateforme IoT | INTEGRA Metering AG\",\"isPartOf\":{\"@id\":\"https:\/\/ch.integra-metering.com\/#website\"},\"primaryImageOfPage\":{\"@id\":\"https:\/\/ch.integra-metering.com\/fr\/product\/ambill-plateforme-iot\/#primaryimage\"},\"image\":{\"@id\":\"https:\/\/ch.integra-metering.com\/fr\/product\/ambill-plateforme-iot\/#primaryimage\"},\"thumbnailUrl\":\"https:\/\/ch.integra-metering.com\/wp-content\/uploads\/sites\/4\/2023\/05\/IoT_platform.png\",\"datePublished\":\"2024-08-12T08:07:08+00:00\",\"dateModified\":\"2025-06-20T09:43:42+00:00\",\"breadcrumb\":{\"@id\":\"https:\/\/ch.integra-metering.com\/fr\/product\/ambill-plateforme-iot\/#breadcrumb\"},\"inLanguage\":\"fr-FR\",\"potentialAction\":[{\"@type\":\"ReadAction\",\"target\":[\"https:\/\/ch.integra-metering.com\/fr\/product\/ambill-plateforme-iot\/\"]}]},{\"@type\":\"ImageObject\",\"inLanguage\":\"fr-FR\",\"@id\":\"https:\/\/ch.integra-metering.com\/fr\/product\/ambill-plateforme-iot\/#primaryimage\",\"url\":\"https:\/\/ch.integra-metering.com\/wp-content\/uploads\/sites\/4\/2023\/05\/IoT_platform.png\",\"contentUrl\":\"https:\/\/ch.integra-metering.com\/wp-content\/uploads\/sites\/4\/2023\/05\/IoT_platform.png\",\"width\":500,\"height\":500},{\"@type\":\"BreadcrumbList\",\"@id\":\"https:\/\/ch.integra-metering.com\/fr\/product\/ambill-plateforme-iot\/#breadcrumb\",\"itemListElement\":[{\"@type\":\"ListItem\",\"position\":1,\"name\":\"Home\",\"item\":\"https:\/\/ch.integra-metering.com\/fr\/\"},{\"@type\":\"ListItem\",\"position\":2,\"name\":\"Products\",\"item\":\"https:\/\/ch.integra-metering.com\/fr\/catalogue\/\"},{\"@type\":\"ListItem\",\"position\":3,\"name\":\"AMBILL\u00ae Plateforme IoT\"}]},{\"@type\":\"WebSite\",\"@id\":\"https:\/\/ch.integra-metering.com\/#website\",\"url\":\"https:\/\/ch.integra-metering.com\/\",\"name\":\"INTEGRA Metering AG\",\"description\":\"Herzlich willkommen auf der neuen Aquametro Homepage | Bienvenue sur le site Aquametro Suisse\",\"publisher\":{\"@id\":\"https:\/\/ch.integra-metering.com\/#organization\"},\"potentialAction\":[{\"@type\":\"SearchAction\",\"target\":{\"@type\":\"EntryPoint\",\"urlTemplate\":\"https:\/\/ch.integra-metering.com\/?s={search_term_string}\"},\"query-input\":{\"@type\":\"PropertyValueSpecification\",\"valueRequired\":true,\"valueName\":\"search_term_string\"}}],\"inLanguage\":\"fr-FR\"},{\"@type\":\"Organization\",\"@id\":\"https:\/\/ch.integra-metering.com\/#organization\",\"name\":\"INTEGRA Metering AG\",\"url\":\"https:\/\/ch.integra-metering.com\/\",\"logo\":{\"@type\":\"ImageObject\",\"inLanguage\":\"fr-FR\",\"@id\":\"https:\/\/ch.integra-metering.com\/#\/schema\/logo\/image\/\",\"url\":\"https:\/\/ch.integra-metering.com\/wp-content\/uploads\/sites\/4\/2019\/11\/integra-logo-dark.svg\",\"contentUrl\":\"https:\/\/ch.integra-metering.com\/wp-content\/uploads\/sites\/4\/2019\/11\/integra-logo-dark.svg\",\"width\":1,\"height\":1,\"caption\":\"INTEGRA Metering AG\"},\"image\":{\"@id\":\"https:\/\/ch.integra-metering.com\/#\/schema\/logo\/image\/\"},\"sameAs\":[\"https:\/\/ch.linkedin.com\/company\/aquametro-ag\"]}]}<\/script>\n<!-- \/ Yoast SEO plugin. -->","yoast_head_json":{"title":"AMBILL\u00ae Plateforme IoT | INTEGRA Metering AG","robots":{"index":"index","follow":"follow","max-snippet":"max-snippet:-1","max-image-preview":"max-image-preview:large","max-video-preview":"max-video-preview:-1"},"canonical":"https:\/\/ch.integra-metering.com\/fr\/product\/ambill-plateforme-iot\/","og_locale":"fr_FR","og_type":"article","og_title":"AMBILL\u00ae Plateforme IoT | INTEGRA Metering AG","og_description":"Solution pour la gestion de l'eau, de l'\u00e9nergie thermique et des b\u00e2timents","og_url":"https:\/\/ch.integra-metering.com\/fr\/product\/ambill-plateforme-iot\/","og_site_name":"INTEGRA Metering AG","article_modified_time":"2025-06-20T09:43:42+00:00","og_image":[{"width":500,"height":500,"url":"https:\/\/ch.integra-metering.com\/wp-content\/uploads\/sites\/4\/2023\/05\/IoT_platform.png","type":"image\/png"}],"twitter_card":"summary_large_image","schema":{"@context":"https:\/\/schema.org","@graph":[{"@type":"WebPage","@id":"https:\/\/ch.integra-metering.com\/fr\/product\/ambill-plateforme-iot\/","url":"https:\/\/ch.integra-metering.com\/fr\/product\/ambill-plateforme-iot\/","name":"AMBILL\u00ae Plateforme IoT | INTEGRA Metering AG","isPartOf":{"@id":"https:\/\/ch.integra-metering.com\/#website"},"primaryImageOfPage":{"@id":"https:\/\/ch.integra-metering.com\/fr\/product\/ambill-plateforme-iot\/#primaryimage"},"image":{"@id":"https:\/\/ch.integra-metering.com\/fr\/product\/ambill-plateforme-iot\/#primaryimage"},"thumbnailUrl":"https:\/\/ch.integra-metering.com\/wp-content\/uploads\/sites\/4\/2023\/05\/IoT_platform.png","datePublished":"2024-08-12T08:07:08+00:00","dateModified":"2025-06-20T09:43:42+00:00","breadcrumb":{"@id":"https:\/\/ch.integra-metering.com\/fr\/product\/ambill-plateforme-iot\/#breadcrumb"},"inLanguage":"fr-FR","potentialAction":[{"@type":"ReadAction","target":["https:\/\/ch.integra-metering.com\/fr\/product\/ambill-plateforme-iot\/"]}]},{"@type":"ImageObject","inLanguage":"fr-FR","@id":"https:\/\/ch.integra-metering.com\/fr\/product\/ambill-plateforme-iot\/#primaryimage","url":"https:\/\/ch.integra-metering.com\/wp-content\/uploads\/sites\/4\/2023\/05\/IoT_platform.png","contentUrl":"https:\/\/ch.integra-metering.com\/wp-content\/uploads\/sites\/4\/2023\/05\/IoT_platform.png","width":500,"height":500},{"@type":"BreadcrumbList","@id":"https:\/\/ch.integra-metering.com\/fr\/product\/ambill-plateforme-iot\/#breadcrumb","itemListElement":[{"@type":"ListItem","position":1,"name":"Home","item":"https:\/\/ch.integra-metering.com\/fr\/"},{"@type":"ListItem","position":2,"name":"Products","item":"https:\/\/ch.integra-metering.com\/fr\/catalogue\/"},{"@type":"ListItem","position":3,"name":"AMBILL\u00ae Plateforme IoT"}]},{"@type":"WebSite","@id":"https:\/\/ch.integra-metering.com\/#website","url":"https:\/\/ch.integra-metering.com\/","name":"INTEGRA Metering AG","description":"Herzlich willkommen auf der neuen Aquametro Homepage | Bienvenue sur le site Aquametro Suisse","publisher":{"@id":"https:\/\/ch.integra-metering.com\/#organization"},"potentialAction":[{"@type":"SearchAction","target":{"@type":"EntryPoint","urlTemplate":"https:\/\/ch.integra-metering.com\/?s={search_term_string}"},"query-input":{"@type":"PropertyValueSpecification","valueRequired":true,"valueName":"search_term_string"}}],"inLanguage":"fr-FR"},{"@type":"Organization","@id":"https:\/\/ch.integra-metering.com\/#organization","name":"INTEGRA Metering AG","url":"https:\/\/ch.integra-metering.com\/","logo":{"@type":"ImageObject","inLanguage":"fr-FR","@id":"https:\/\/ch.integra-metering.com\/#\/schema\/logo\/image\/","url":"https:\/\/ch.integra-metering.com\/wp-content\/uploads\/sites\/4\/2019\/11\/integra-logo-dark.svg","contentUrl":"https:\/\/ch.integra-metering.com\/wp-content\/uploads\/sites\/4\/2019\/11\/integra-logo-dark.svg","width":1,"height":1,"caption":"INTEGRA Metering AG"},"image":{"@id":"https:\/\/ch.integra-metering.com\/#\/schema\/logo\/image\/"},"sameAs":["https:\/\/ch.linkedin.com\/company\/aquametro-ag"]}]}},"_links":{"self":[{"href":"https:\/\/ch.integra-metering.com\/fr\/wp-json\/wp\/v2\/product\/6467","targetHints":{"allow":["GET"]}}],"collection":[{"href":"https:\/\/ch.integra-metering.com\/fr\/wp-json\/wp\/v2\/product"}],"about":[{"href":"https:\/\/ch.integra-metering.com\/fr\/wp-json\/wp\/v2\/types\/product"}],"replies":[{"embeddable":true,"href":"https:\/\/ch.integra-metering.com\/fr\/wp-json\/wp\/v2\/comments?post=6467"}],"wp:featuredmedia":[{"embeddable":true,"href":"https:\/\/ch.integra-metering.com\/fr\/wp-json\/wp\/v2\/media\/6633"}],"wp:attachment":[{"href":"https:\/\/ch.integra-metering.com\/fr\/wp-json\/wp\/v2\/media?parent=6467"}],"wp:term":[{"taxonomy":"product-applications","embeddable":true,"href":"https:\/\/ch.integra-metering.com\/fr\/wp-json\/wp\/v2\/product-applications?post=6467"},{"taxonomy":"product-medium","embeddable":true,"href":"https:\/\/ch.integra-metering.com\/fr\/wp-json\/wp\/v2\/product-medium?post=6467"},{"taxonomy":"product-process","embeddable":true,"href":"https:\/\/ch.integra-metering.com\/fr\/wp-json\/wp\/v2\/product-process?post=6467"}],"curies":[{"name":"wp","href":"https:\/\/api.w.org\/{rel}","templated":true}]}}