{"id":6738,"date":"2020-01-18T08:52:00","date_gmt":"2020-01-18T08:52:00","guid":{"rendered":"https:\/\/ch.integra-metering.com\/?post_type=product&#038;p=6738"},"modified":"2023-07-18T08:53:17","modified_gmt":"2023-07-18T08:53:17","slug":"ambus-is-2","status":"publish","type":"product","link":"https:\/\/ch.integra-metering.com\/fr\/product\/ambus-is-2\/","title":{"rendered":"AMBUS\u00ae IS 2"},"content":{"rendered":"\n<!-- Block container# -->\n<div\n    id=\"air-tabsblock_5e21cccec6ed9\"\n    class=\"air-tabs tabs\"\n>\n\n<div class=\"tab-controls__container\"  airTargetDropdown>\n    <!-- Tabs controls# -->\n        <div class=\"tab-controls\"  airTargetDropdown>\n                                    <button class=\"tab-button js-tab-button--active theme-version-black\"  airTargetDropdown>\n                Caract\u00e9ristiques &amp; Avantages clients            <\/button>\n                                    <button class=\"tab-button  theme-version-black\"  airTargetDropdown>\n                Donn\u00e9es techniques            <\/button>\n                    <\/div>\n    <!-- #Tabs controls# -->\n<\/div>\n\n    <!-- #Tab content -->\n                <div class=\"tab-content active theme-version-black\">\n                <p>\u2022\u00a0 \u00a0Collecteur d\u2019impulsions pour le raccordement d\u2019un compteur avec \u00e9metteur d\u2019impulsions \u00e0 un syst\u00e8me M-Bus ou pour la transmission d\u2019informations sur des syst\u00e8mes M-Bus.<br \/>\n\u2022\u00a0 \u00a0Raccordement de compteurs \u00e9metteurs d\u2019impulsions \u00e0 des syst\u00e8mes M-Bus<br \/>\n\u2022\u00a0 \u00a0Saisie de signaux avec des syst\u00e8mes M-Bus<br \/>\n\u2022\u00a0 \u00a0Sans entretien, car sans pile<br \/>\n\u2022\u00a0 \u00a0Mise en service simple<\/p>\n            <\/div>\n    <!-- #Tab content -->\n                <div class=\"tab-content  theme-version-black\">\n                <p>\u2022\u00a0 \u00a0Tension d&rsquo;alimentation : 12 VAC \u00e0 18 VAC, 50\/60 Hz ou 12 VDC \u00e0 24 VDC<br \/>\n\u2022\u00a0 \u00a0Consommation de courant : &lt;20 mA<br \/>\n\u2022\u00a0 \u00a0Entr\u00e9e d&rsquo;impulsions : pour contact, collecteur ouvert et g\u00e9n\u00e9rateur d&rsquo;impulsions Namur selon DIN 19234, galvaniquement raccord\u00e9 \u00e0 l&rsquo;alimentation Marque : &lt;1 mA \/ Espace : &gt;2,2 mA \/ courant de court-circuit env. 8 mA<br \/>\n\u2022\u00a0 \u00a0Fr\u00e9quence d&rsquo;entr\u00e9e : 0 Hz &#8211; 1000 Hz<br \/>\n\u2022\u00a0 \u00a0Dur\u00e9e d&rsquo;impulsion : &gt;0,5 ms, filtre anti-rebond d\u00e9sactiv\u00e9 &gt;25 ms, filtre anti-rebond activ\u00e9<br \/>\n\u2022\u00a0 \u00a0Longueur du c\u00e2ble d&rsquo;impulsion : max. 30 m<br \/>\n\u2022\u00a0 \u00a0Capacit\u00e9 des bornes : 0,14 mm2 &#8211; 2,5 mm2 rigide ou flexible<br \/>\n\u2022\u00a0 \u00a0Diam\u00e8tre du c\u00e2ble : max. 7,5 mm<br \/>\n\u2022\u00a0 \u00a0Interface de communication : M-Bus selon EN 1434.3, isol\u00e9 galvaniquement<br \/>\n\u2022\u00a0 \u00a0Vitesse de communication : 300, 2400 (standard), 9600 bauds<br \/>\n\u2022\u00a0 \u00a0Temp\u00e9rature ambiante : 5 \u00b0C \u00e0 55 \u00b0C<br \/>\n\u2022\u00a0 \u00a0Indice de protection : IP40<br \/>\n\u2022\u00a0 \u00a0Poids : 0,065 kg<br \/>\n\u2022\u00a0 \u00a0Dimensions : 67 mm x 60 mm x 28 mm<\/p>\n            <\/div>\n    <!-- #Tab content -->\n    <\/div>\n<!-- #Block container -->\n","protected":false},"excerpt":{"rendered":"<p>Collecteur d\u2019impulsions<\/p>\n","protected":false},"featured_media":6726,"parent":0,"comment_status":"open","ping_status":"closed","template":"","product-applications":[192],"product-medium":[67,66,78],"product-process":[166],"class_list":["post-6738","product","type-product","status-publish","has-post-thumbnail","hentry","product-applications-concentrateurs","product-medium-eau","product-medium-energie-thermique","product-medium-systemes-et-logiciels","product-process-lecture-transmission"],"acf":[],"yoast_head":"<!-- This site is optimized with the Yoast SEO plugin v24.5 - https:\/\/yoast.com\/wordpress\/plugins\/seo\/ -->\n<title>AMBUS\u00ae IS 2 | INTEGRA Metering AG<\/title>\n<meta name=\"robots\" content=\"index, follow, max-snippet:-1, max-image-preview:large, max-video-preview:-1\" \/>\n<link rel=\"canonical\" href=\"https:\/\/ch.integra-metering.com\/fr\/product\/ambus-is-2\/\" \/>\n<meta property=\"og:locale\" content=\"fr_FR\" \/>\n<meta property=\"og:type\" content=\"article\" \/>\n<meta property=\"og:title\" content=\"AMBUS\u00ae IS 2 | INTEGRA Metering AG\" \/>\n<meta property=\"og:description\" content=\"Collecteur d\u2019impulsions\" \/>\n<meta property=\"og:url\" content=\"https:\/\/ch.integra-metering.com\/fr\/product\/ambus-is-2\/\" \/>\n<meta property=\"og:site_name\" content=\"INTEGRA Metering AG\" \/>\n<meta property=\"article:modified_time\" content=\"2023-07-18T08:53:17+00:00\" \/>\n<meta property=\"og:image\" content=\"https:\/\/ch.integra-metering.com\/wp-content\/uploads\/sites\/4\/2023\/07\/AMBILL-IS-2.png\" \/>\n\t<meta property=\"og:image:width\" content=\"500\" \/>\n\t<meta property=\"og:image:height\" content=\"500\" \/>\n\t<meta property=\"og:image:type\" content=\"image\/png\" \/>\n<meta name=\"twitter:card\" content=\"summary_large_image\" \/>\n<script type=\"application\/ld+json\" class=\"yoast-schema-graph\">{\"@context\":\"https:\/\/schema.org\",\"@graph\":[{\"@type\":\"WebPage\",\"@id\":\"https:\/\/ch.integra-metering.com\/fr\/product\/ambus-is-2\/\",\"url\":\"https:\/\/ch.integra-metering.com\/fr\/product\/ambus-is-2\/\",\"name\":\"AMBUS\u00ae IS 2 | INTEGRA Metering AG\",\"isPartOf\":{\"@id\":\"https:\/\/ch.integra-metering.com\/#website\"},\"primaryImageOfPage\":{\"@id\":\"https:\/\/ch.integra-metering.com\/fr\/product\/ambus-is-2\/#primaryimage\"},\"image\":{\"@id\":\"https:\/\/ch.integra-metering.com\/fr\/product\/ambus-is-2\/#primaryimage\"},\"thumbnailUrl\":\"https:\/\/ch.integra-metering.com\/wp-content\/uploads\/sites\/4\/2023\/07\/AMBILL-IS-2.png\",\"datePublished\":\"2020-01-18T08:52:00+00:00\",\"dateModified\":\"2023-07-18T08:53:17+00:00\",\"breadcrumb\":{\"@id\":\"https:\/\/ch.integra-metering.com\/fr\/product\/ambus-is-2\/#breadcrumb\"},\"inLanguage\":\"fr-FR\",\"potentialAction\":[{\"@type\":\"ReadAction\",\"target\":[\"https:\/\/ch.integra-metering.com\/fr\/product\/ambus-is-2\/\"]}]},{\"@type\":\"ImageObject\",\"inLanguage\":\"fr-FR\",\"@id\":\"https:\/\/ch.integra-metering.com\/fr\/product\/ambus-is-2\/#primaryimage\",\"url\":\"https:\/\/ch.integra-metering.com\/wp-content\/uploads\/sites\/4\/2023\/07\/AMBILL-IS-2.png\",\"contentUrl\":\"https:\/\/ch.integra-metering.com\/wp-content\/uploads\/sites\/4\/2023\/07\/AMBILL-IS-2.png\",\"width\":500,\"height\":500},{\"@type\":\"BreadcrumbList\",\"@id\":\"https:\/\/ch.integra-metering.com\/fr\/product\/ambus-is-2\/#breadcrumb\",\"itemListElement\":[{\"@type\":\"ListItem\",\"position\":1,\"name\":\"Home\",\"item\":\"https:\/\/ch.integra-metering.com\/fr\/\"},{\"@type\":\"ListItem\",\"position\":2,\"name\":\"Products\",\"item\":\"https:\/\/ch.integra-metering.com\/fr\/catalogue\/\"},{\"@type\":\"ListItem\",\"position\":3,\"name\":\"AMBUS\u00ae IS 2\"}]},{\"@type\":\"WebSite\",\"@id\":\"https:\/\/ch.integra-metering.com\/#website\",\"url\":\"https:\/\/ch.integra-metering.com\/\",\"name\":\"INTEGRA Metering AG\",\"description\":\"Herzlich willkommen auf der neuen Aquametro Homepage | Bienvenue sur le site Aquametro Suisse\",\"publisher\":{\"@id\":\"https:\/\/ch.integra-metering.com\/#organization\"},\"potentialAction\":[{\"@type\":\"SearchAction\",\"target\":{\"@type\":\"EntryPoint\",\"urlTemplate\":\"https:\/\/ch.integra-metering.com\/?s={search_term_string}\"},\"query-input\":{\"@type\":\"PropertyValueSpecification\",\"valueRequired\":true,\"valueName\":\"search_term_string\"}}],\"inLanguage\":\"fr-FR\"},{\"@type\":\"Organization\",\"@id\":\"https:\/\/ch.integra-metering.com\/#organization\",\"name\":\"INTEGRA Metering AG\",\"url\":\"https:\/\/ch.integra-metering.com\/\",\"logo\":{\"@type\":\"ImageObject\",\"inLanguage\":\"fr-FR\",\"@id\":\"https:\/\/ch.integra-metering.com\/#\/schema\/logo\/image\/\",\"url\":\"https:\/\/ch.integra-metering.com\/wp-content\/uploads\/sites\/4\/2019\/11\/integra-logo-dark.svg\",\"contentUrl\":\"https:\/\/ch.integra-metering.com\/wp-content\/uploads\/sites\/4\/2019\/11\/integra-logo-dark.svg\",\"width\":1,\"height\":1,\"caption\":\"INTEGRA Metering AG\"},\"image\":{\"@id\":\"https:\/\/ch.integra-metering.com\/#\/schema\/logo\/image\/\"},\"sameAs\":[\"https:\/\/ch.linkedin.com\/company\/aquametro-ag\"]}]}<\/script>\n<!-- \/ Yoast SEO plugin. -->","yoast_head_json":{"title":"AMBUS\u00ae IS 2 | INTEGRA Metering AG","robots":{"index":"index","follow":"follow","max-snippet":"max-snippet:-1","max-image-preview":"max-image-preview:large","max-video-preview":"max-video-preview:-1"},"canonical":"https:\/\/ch.integra-metering.com\/fr\/product\/ambus-is-2\/","og_locale":"fr_FR","og_type":"article","og_title":"AMBUS\u00ae IS 2 | INTEGRA Metering AG","og_description":"Collecteur d\u2019impulsions","og_url":"https:\/\/ch.integra-metering.com\/fr\/product\/ambus-is-2\/","og_site_name":"INTEGRA Metering AG","article_modified_time":"2023-07-18T08:53:17+00:00","og_image":[{"width":500,"height":500,"url":"https:\/\/ch.integra-metering.com\/wp-content\/uploads\/sites\/4\/2023\/07\/AMBILL-IS-2.png","type":"image\/png"}],"twitter_card":"summary_large_image","schema":{"@context":"https:\/\/schema.org","@graph":[{"@type":"WebPage","@id":"https:\/\/ch.integra-metering.com\/fr\/product\/ambus-is-2\/","url":"https:\/\/ch.integra-metering.com\/fr\/product\/ambus-is-2\/","name":"AMBUS\u00ae IS 2 | INTEGRA Metering AG","isPartOf":{"@id":"https:\/\/ch.integra-metering.com\/#website"},"primaryImageOfPage":{"@id":"https:\/\/ch.integra-metering.com\/fr\/product\/ambus-is-2\/#primaryimage"},"image":{"@id":"https:\/\/ch.integra-metering.com\/fr\/product\/ambus-is-2\/#primaryimage"},"thumbnailUrl":"https:\/\/ch.integra-metering.com\/wp-content\/uploads\/sites\/4\/2023\/07\/AMBILL-IS-2.png","datePublished":"2020-01-18T08:52:00+00:00","dateModified":"2023-07-18T08:53:17+00:00","breadcrumb":{"@id":"https:\/\/ch.integra-metering.com\/fr\/product\/ambus-is-2\/#breadcrumb"},"inLanguage":"fr-FR","potentialAction":[{"@type":"ReadAction","target":["https:\/\/ch.integra-metering.com\/fr\/product\/ambus-is-2\/"]}]},{"@type":"ImageObject","inLanguage":"fr-FR","@id":"https:\/\/ch.integra-metering.com\/fr\/product\/ambus-is-2\/#primaryimage","url":"https:\/\/ch.integra-metering.com\/wp-content\/uploads\/sites\/4\/2023\/07\/AMBILL-IS-2.png","contentUrl":"https:\/\/ch.integra-metering.com\/wp-content\/uploads\/sites\/4\/2023\/07\/AMBILL-IS-2.png","width":500,"height":500},{"@type":"BreadcrumbList","@id":"https:\/\/ch.integra-metering.com\/fr\/product\/ambus-is-2\/#breadcrumb","itemListElement":[{"@type":"ListItem","position":1,"name":"Home","item":"https:\/\/ch.integra-metering.com\/fr\/"},{"@type":"ListItem","position":2,"name":"Products","item":"https:\/\/ch.integra-metering.com\/fr\/catalogue\/"},{"@type":"ListItem","position":3,"name":"AMBUS\u00ae IS 2"}]},{"@type":"WebSite","@id":"https:\/\/ch.integra-metering.com\/#website","url":"https:\/\/ch.integra-metering.com\/","name":"INTEGRA Metering AG","description":"Herzlich willkommen auf der neuen Aquametro Homepage | Bienvenue sur le site Aquametro Suisse","publisher":{"@id":"https:\/\/ch.integra-metering.com\/#organization"},"potentialAction":[{"@type":"SearchAction","target":{"@type":"EntryPoint","urlTemplate":"https:\/\/ch.integra-metering.com\/?s={search_term_string}"},"query-input":{"@type":"PropertyValueSpecification","valueRequired":true,"valueName":"search_term_string"}}],"inLanguage":"fr-FR"},{"@type":"Organization","@id":"https:\/\/ch.integra-metering.com\/#organization","name":"INTEGRA Metering AG","url":"https:\/\/ch.integra-metering.com\/","logo":{"@type":"ImageObject","inLanguage":"fr-FR","@id":"https:\/\/ch.integra-metering.com\/#\/schema\/logo\/image\/","url":"https:\/\/ch.integra-metering.com\/wp-content\/uploads\/sites\/4\/2019\/11\/integra-logo-dark.svg","contentUrl":"https:\/\/ch.integra-metering.com\/wp-content\/uploads\/sites\/4\/2019\/11\/integra-logo-dark.svg","width":1,"height":1,"caption":"INTEGRA Metering AG"},"image":{"@id":"https:\/\/ch.integra-metering.com\/#\/schema\/logo\/image\/"},"sameAs":["https:\/\/ch.linkedin.com\/company\/aquametro-ag"]}]}},"_links":{"self":[{"href":"https:\/\/ch.integra-metering.com\/fr\/wp-json\/wp\/v2\/product\/6738","targetHints":{"allow":["GET"]}}],"collection":[{"href":"https:\/\/ch.integra-metering.com\/fr\/wp-json\/wp\/v2\/product"}],"about":[{"href":"https:\/\/ch.integra-metering.com\/fr\/wp-json\/wp\/v2\/types\/product"}],"replies":[{"embeddable":true,"href":"https:\/\/ch.integra-metering.com\/fr\/wp-json\/wp\/v2\/comments?post=6738"}],"wp:featuredmedia":[{"embeddable":true,"href":"https:\/\/ch.integra-metering.com\/fr\/wp-json\/wp\/v2\/media\/6726"}],"wp:attachment":[{"href":"https:\/\/ch.integra-metering.com\/fr\/wp-json\/wp\/v2\/media?parent=6738"}],"wp:term":[{"taxonomy":"product-applications","embeddable":true,"href":"https:\/\/ch.integra-metering.com\/fr\/wp-json\/wp\/v2\/product-applications?post=6738"},{"taxonomy":"product-medium","embeddable":true,"href":"https:\/\/ch.integra-metering.com\/fr\/wp-json\/wp\/v2\/product-medium?post=6738"},{"taxonomy":"product-process","embeddable":true,"href":"https:\/\/ch.integra-metering.com\/fr\/wp-json\/wp\/v2\/product-process?post=6738"}],"curies":[{"name":"wp","href":"https:\/\/api.w.org\/{rel}","templated":true}]}}