{"id":6740,"date":"2019-11-19T09:01:00","date_gmt":"2019-11-19T09:01:00","guid":{"rendered":"https:\/\/ch.integra-metering.com\/?post_type=product&#038;p=6740"},"modified":"2023-07-18T09:04:09","modified_gmt":"2023-07-18T09:04:09","slug":"ambus-log-serie","status":"publish","type":"product","link":"https:\/\/ch.integra-metering.com\/fr\/product\/ambus-log-serie\/","title":{"rendered":"AMBUS\u00ae Log Serie"},"content":{"rendered":"\n<!-- Block container# -->\n<div\n    id=\"air-tabsblock_5e21c3cfcd10d\"\n    class=\"air-tabs tabs\"\n>\n\n<div class=\"tab-controls__container\"  airTargetDropdown>\n    <!-- Tabs controls# -->\n        <div class=\"tab-controls\"  airTargetDropdown>\n                                    <button class=\"tab-button js-tab-button--active theme-version-black\"  airTargetDropdown>\n                Caract\u00e9ristiques &amp; Avantages clients            <\/button>\n                                    <button class=\"tab-button  theme-version-black\"  airTargetDropdown>\n                Donn\u00e9es techniques            <\/button>\n                    <\/div>\n    <!-- #Tabs controls# -->\n<\/div>\n\n    <!-- #Tab content -->\n                <div class=\"tab-content active theme-version-black\">\n                <p>\u2022\u00a0 \u00a0Lecture centralis\u00e9e de tous les compteurs<br \/>\n\u2022\u00a0 \u00a0Simplifie le comptage intelligent<br \/>\n\u2022\u00a0 \u00a0Gestion pr\u00e9cise des relev\u00e9s de compteurs<br \/>\n\u2022\u00a0 \u00a0Relev\u00e9 par indication \u00e0 distance. Il n\u2019est pas n\u00e9cessaire d\u2019acc\u00e9der aux logements.<br \/>\n\u2022\u00a0 \u00a0Commande sur place via clavier \/ \u00e9cran matriciel \u00e0 cristaux liquides<\/p>\n            <\/div>\n    <!-- #Tab content -->\n                <div class=\"tab-content  theme-version-black\">\n                <p>\u2022\u00a0 \u00a02 Versions: 20 ou 60 compteurs<br \/>\nvTension de service (version 20) 11 VDC &#8211; 28 VDC \/ 13 VAC &#8211; 28 VAC; (Version 60) 230 VAC (en option 110 VAC), 50\/60 Hz<br \/>\n\u2022\u00a0 \u00a0Puissance absorb\u00e9e (Version 20) 5W DC \/ 9W AC &#8211; (Version 60) 12 W<br \/>\n\u2022\u00a0 \u00a0Plage de temp\u00e9ratures : 0 \u00b0C \u00e0 55 \u00b0C<br \/>\n\u2022\u00a0 \u00a0Tension M-Bus (Version 20) 32 V (Mark, sans charge)\u00a0&#8211; (Version 60) 39 V (Mark, sans charge)<br \/>\n\u2022\u00a0 \u00a0Courant de repos M-Bus max. (Version 20) 30 mA (20 charges standard de 1.5 mA) &#8211; (Version 60) max. 90 mA (60 charges standard) de 1.5 mA<br \/>\n\u2022\u00a0 \u00a0Nombre max. d\u2019adresses M-bus\u00a0 240<br \/>\n\u2022\u00a0 \u00a0Seuil de surintensit\u00e9 (Version 20) 60 mA &#8211; (Version 60) 140 mA<br \/>\n\u2022\u00a0 \u00a0R\u00e9sistance interne Bus (Version 20) env. 100 \u03a9 &#8211; (Version 60) env. 15 \u03a9<br \/>\n\u2022\u00a0 \u00a0Taux de transmission 300 bauds &#8211; 9\u2019600 bauds<br \/>\n\u2022\u00a0 \u00a0S\u00e9paration galvanique (Version 20) non &#8211; (Version 60) pr\u00e9sente<br \/>\n\u2022\u00a0 \u00a0Bo\u00eetier en mati\u00e8re synth\u00e9tique gris clair (Version 20) Indice de protection\u00a0IP 40; Dimensions 58 mm x 106 mm x 96 mm<br \/>\n\u2022\u00a0 Bo\u00eetier en mati\u00e8re synth\u00e9tique gris clair \u00a0(Version 60) Indice de protection IP 52; Dimensions 71 mm x 165 mm x 175 mm<br \/>\n\u2022\u00a0 \u00a0\u00c9l\u00e9ments de commande Clavier \u00e0 4 touches, \u00e9cran \u00e0 cristaux liquides avec 2 lignes de 16 caract\u00e8res chacune<br \/>\n\u2022\u00a0 \u00a0Enregistreur de donn\u00e9es (Version 20) Au moins 2000 t\u00e9l\u00e9grammes (r\u00e9partis sur le nombre de compteurs) \u2013 (Version 60) Au moins 4000 t\u00e9l\u00e9grammes (r\u00e9partis sur le nombre de compteurs), standard 1 Mo, en option 2 Mo ou 4 Mo<\/p>\n            <\/div>\n    <!-- #Tab content -->\n    <\/div>\n<!-- #Block container -->\n","protected":false},"excerpt":{"rendered":"<p>Enregistreur de donn\u00e9es M-Bus pour les installations M-Bus jusqu\u2019\u00e0 60 compteurs<\/p>\n","protected":false},"featured_media":1705,"parent":0,"comment_status":"open","ping_status":"closed","template":"","product-applications":[189,192],"product-medium":[67,66,78],"product-process":[166],"class_list":["post-6740","product","type-product","status-publish","has-post-thumbnail","hentry","product-applications-appareils-de-communication","product-applications-concentrateurs","product-medium-eau","product-medium-energie-thermique","product-medium-systemes-et-logiciels","product-process-lecture-transmission"],"acf":[],"yoast_head":"<!-- This site is optimized with the Yoast SEO plugin v24.5 - https:\/\/yoast.com\/wordpress\/plugins\/seo\/ -->\n<title>AMBUS\u00ae Log Serie | INTEGRA Metering AG<\/title>\n<meta name=\"robots\" content=\"index, follow, max-snippet:-1, max-image-preview:large, max-video-preview:-1\" \/>\n<link rel=\"canonical\" href=\"https:\/\/ch.integra-metering.com\/fr\/product\/ambus-log-serie\/\" \/>\n<meta property=\"og:locale\" content=\"fr_FR\" \/>\n<meta property=\"og:type\" content=\"article\" \/>\n<meta property=\"og:title\" content=\"AMBUS\u00ae Log Serie | INTEGRA Metering AG\" \/>\n<meta property=\"og:description\" content=\"Enregistreur de donn\u00e9es M-Bus pour les installations M-Bus jusqu\u2019\u00e0 60 compteurs\" \/>\n<meta property=\"og:url\" content=\"https:\/\/ch.integra-metering.com\/fr\/product\/ambus-log-serie\/\" \/>\n<meta property=\"og:site_name\" content=\"INTEGRA Metering AG\" \/>\n<meta property=\"article:modified_time\" content=\"2023-07-18T09:04:09+00:00\" \/>\n<meta property=\"og:image\" content=\"https:\/\/ch.integra-metering.com\/wp-content\/uploads\/sites\/4\/2020\/02\/AMBUS-Log-Serie.png\" \/>\n\t<meta property=\"og:image:width\" content=\"500\" \/>\n\t<meta property=\"og:image:height\" content=\"500\" \/>\n\t<meta property=\"og:image:type\" content=\"image\/png\" \/>\n<meta name=\"twitter:card\" content=\"summary_large_image\" \/>\n<script type=\"application\/ld+json\" class=\"yoast-schema-graph\">{\"@context\":\"https:\/\/schema.org\",\"@graph\":[{\"@type\":\"WebPage\",\"@id\":\"https:\/\/ch.integra-metering.com\/fr\/product\/ambus-log-serie\/\",\"url\":\"https:\/\/ch.integra-metering.com\/fr\/product\/ambus-log-serie\/\",\"name\":\"AMBUS\u00ae Log Serie | INTEGRA Metering AG\",\"isPartOf\":{\"@id\":\"https:\/\/ch.integra-metering.com\/#website\"},\"primaryImageOfPage\":{\"@id\":\"https:\/\/ch.integra-metering.com\/fr\/product\/ambus-log-serie\/#primaryimage\"},\"image\":{\"@id\":\"https:\/\/ch.integra-metering.com\/fr\/product\/ambus-log-serie\/#primaryimage\"},\"thumbnailUrl\":\"https:\/\/ch.integra-metering.com\/wp-content\/uploads\/sites\/4\/2020\/02\/AMBUS-Log-Serie.png\",\"datePublished\":\"2019-11-19T09:01:00+00:00\",\"dateModified\":\"2023-07-18T09:04:09+00:00\",\"breadcrumb\":{\"@id\":\"https:\/\/ch.integra-metering.com\/fr\/product\/ambus-log-serie\/#breadcrumb\"},\"inLanguage\":\"fr-FR\",\"potentialAction\":[{\"@type\":\"ReadAction\",\"target\":[\"https:\/\/ch.integra-metering.com\/fr\/product\/ambus-log-serie\/\"]}]},{\"@type\":\"ImageObject\",\"inLanguage\":\"fr-FR\",\"@id\":\"https:\/\/ch.integra-metering.com\/fr\/product\/ambus-log-serie\/#primaryimage\",\"url\":\"https:\/\/ch.integra-metering.com\/wp-content\/uploads\/sites\/4\/2020\/02\/AMBUS-Log-Serie.png\",\"contentUrl\":\"https:\/\/ch.integra-metering.com\/wp-content\/uploads\/sites\/4\/2020\/02\/AMBUS-Log-Serie.png\",\"width\":500,\"height\":500},{\"@type\":\"BreadcrumbList\",\"@id\":\"https:\/\/ch.integra-metering.com\/fr\/product\/ambus-log-serie\/#breadcrumb\",\"itemListElement\":[{\"@type\":\"ListItem\",\"position\":1,\"name\":\"Home\",\"item\":\"https:\/\/ch.integra-metering.com\/fr\/\"},{\"@type\":\"ListItem\",\"position\":2,\"name\":\"Products\",\"item\":\"https:\/\/ch.integra-metering.com\/fr\/catalogue\/\"},{\"@type\":\"ListItem\",\"position\":3,\"name\":\"AMBUS\u00ae Log Serie\"}]},{\"@type\":\"WebSite\",\"@id\":\"https:\/\/ch.integra-metering.com\/#website\",\"url\":\"https:\/\/ch.integra-metering.com\/\",\"name\":\"INTEGRA Metering AG\",\"description\":\"Herzlich willkommen auf der neuen Aquametro Homepage | Bienvenue sur le site Aquametro Suisse\",\"publisher\":{\"@id\":\"https:\/\/ch.integra-metering.com\/#organization\"},\"potentialAction\":[{\"@type\":\"SearchAction\",\"target\":{\"@type\":\"EntryPoint\",\"urlTemplate\":\"https:\/\/ch.integra-metering.com\/?s={search_term_string}\"},\"query-input\":{\"@type\":\"PropertyValueSpecification\",\"valueRequired\":true,\"valueName\":\"search_term_string\"}}],\"inLanguage\":\"fr-FR\"},{\"@type\":\"Organization\",\"@id\":\"https:\/\/ch.integra-metering.com\/#organization\",\"name\":\"INTEGRA Metering AG\",\"url\":\"https:\/\/ch.integra-metering.com\/\",\"logo\":{\"@type\":\"ImageObject\",\"inLanguage\":\"fr-FR\",\"@id\":\"https:\/\/ch.integra-metering.com\/#\/schema\/logo\/image\/\",\"url\":\"https:\/\/ch.integra-metering.com\/wp-content\/uploads\/sites\/4\/2019\/11\/integra-logo-dark.svg\",\"contentUrl\":\"https:\/\/ch.integra-metering.com\/wp-content\/uploads\/sites\/4\/2019\/11\/integra-logo-dark.svg\",\"width\":1,\"height\":1,\"caption\":\"INTEGRA Metering AG\"},\"image\":{\"@id\":\"https:\/\/ch.integra-metering.com\/#\/schema\/logo\/image\/\"},\"sameAs\":[\"https:\/\/ch.linkedin.com\/company\/aquametro-ag\"]}]}<\/script>\n<!-- \/ Yoast SEO plugin. -->","yoast_head_json":{"title":"AMBUS\u00ae Log Serie | INTEGRA Metering AG","robots":{"index":"index","follow":"follow","max-snippet":"max-snippet:-1","max-image-preview":"max-image-preview:large","max-video-preview":"max-video-preview:-1"},"canonical":"https:\/\/ch.integra-metering.com\/fr\/product\/ambus-log-serie\/","og_locale":"fr_FR","og_type":"article","og_title":"AMBUS\u00ae Log Serie | INTEGRA Metering AG","og_description":"Enregistreur de donn\u00e9es M-Bus pour les installations M-Bus jusqu\u2019\u00e0 60 compteurs","og_url":"https:\/\/ch.integra-metering.com\/fr\/product\/ambus-log-serie\/","og_site_name":"INTEGRA Metering AG","article_modified_time":"2023-07-18T09:04:09+00:00","og_image":[{"width":500,"height":500,"url":"https:\/\/ch.integra-metering.com\/wp-content\/uploads\/sites\/4\/2020\/02\/AMBUS-Log-Serie.png","type":"image\/png"}],"twitter_card":"summary_large_image","schema":{"@context":"https:\/\/schema.org","@graph":[{"@type":"WebPage","@id":"https:\/\/ch.integra-metering.com\/fr\/product\/ambus-log-serie\/","url":"https:\/\/ch.integra-metering.com\/fr\/product\/ambus-log-serie\/","name":"AMBUS\u00ae Log Serie | INTEGRA Metering AG","isPartOf":{"@id":"https:\/\/ch.integra-metering.com\/#website"},"primaryImageOfPage":{"@id":"https:\/\/ch.integra-metering.com\/fr\/product\/ambus-log-serie\/#primaryimage"},"image":{"@id":"https:\/\/ch.integra-metering.com\/fr\/product\/ambus-log-serie\/#primaryimage"},"thumbnailUrl":"https:\/\/ch.integra-metering.com\/wp-content\/uploads\/sites\/4\/2020\/02\/AMBUS-Log-Serie.png","datePublished":"2019-11-19T09:01:00+00:00","dateModified":"2023-07-18T09:04:09+00:00","breadcrumb":{"@id":"https:\/\/ch.integra-metering.com\/fr\/product\/ambus-log-serie\/#breadcrumb"},"inLanguage":"fr-FR","potentialAction":[{"@type":"ReadAction","target":["https:\/\/ch.integra-metering.com\/fr\/product\/ambus-log-serie\/"]}]},{"@type":"ImageObject","inLanguage":"fr-FR","@id":"https:\/\/ch.integra-metering.com\/fr\/product\/ambus-log-serie\/#primaryimage","url":"https:\/\/ch.integra-metering.com\/wp-content\/uploads\/sites\/4\/2020\/02\/AMBUS-Log-Serie.png","contentUrl":"https:\/\/ch.integra-metering.com\/wp-content\/uploads\/sites\/4\/2020\/02\/AMBUS-Log-Serie.png","width":500,"height":500},{"@type":"BreadcrumbList","@id":"https:\/\/ch.integra-metering.com\/fr\/product\/ambus-log-serie\/#breadcrumb","itemListElement":[{"@type":"ListItem","position":1,"name":"Home","item":"https:\/\/ch.integra-metering.com\/fr\/"},{"@type":"ListItem","position":2,"name":"Products","item":"https:\/\/ch.integra-metering.com\/fr\/catalogue\/"},{"@type":"ListItem","position":3,"name":"AMBUS\u00ae Log Serie"}]},{"@type":"WebSite","@id":"https:\/\/ch.integra-metering.com\/#website","url":"https:\/\/ch.integra-metering.com\/","name":"INTEGRA Metering AG","description":"Herzlich willkommen auf der neuen Aquametro Homepage | Bienvenue sur le site Aquametro Suisse","publisher":{"@id":"https:\/\/ch.integra-metering.com\/#organization"},"potentialAction":[{"@type":"SearchAction","target":{"@type":"EntryPoint","urlTemplate":"https:\/\/ch.integra-metering.com\/?s={search_term_string}"},"query-input":{"@type":"PropertyValueSpecification","valueRequired":true,"valueName":"search_term_string"}}],"inLanguage":"fr-FR"},{"@type":"Organization","@id":"https:\/\/ch.integra-metering.com\/#organization","name":"INTEGRA Metering AG","url":"https:\/\/ch.integra-metering.com\/","logo":{"@type":"ImageObject","inLanguage":"fr-FR","@id":"https:\/\/ch.integra-metering.com\/#\/schema\/logo\/image\/","url":"https:\/\/ch.integra-metering.com\/wp-content\/uploads\/sites\/4\/2019\/11\/integra-logo-dark.svg","contentUrl":"https:\/\/ch.integra-metering.com\/wp-content\/uploads\/sites\/4\/2019\/11\/integra-logo-dark.svg","width":1,"height":1,"caption":"INTEGRA Metering AG"},"image":{"@id":"https:\/\/ch.integra-metering.com\/#\/schema\/logo\/image\/"},"sameAs":["https:\/\/ch.linkedin.com\/company\/aquametro-ag"]}]}},"_links":{"self":[{"href":"https:\/\/ch.integra-metering.com\/fr\/wp-json\/wp\/v2\/product\/6740","targetHints":{"allow":["GET"]}}],"collection":[{"href":"https:\/\/ch.integra-metering.com\/fr\/wp-json\/wp\/v2\/product"}],"about":[{"href":"https:\/\/ch.integra-metering.com\/fr\/wp-json\/wp\/v2\/types\/product"}],"replies":[{"embeddable":true,"href":"https:\/\/ch.integra-metering.com\/fr\/wp-json\/wp\/v2\/comments?post=6740"}],"wp:featuredmedia":[{"embeddable":true,"href":"https:\/\/ch.integra-metering.com\/fr\/wp-json\/wp\/v2\/media\/1705"}],"wp:attachment":[{"href":"https:\/\/ch.integra-metering.com\/fr\/wp-json\/wp\/v2\/media?parent=6740"}],"wp:term":[{"taxonomy":"product-applications","embeddable":true,"href":"https:\/\/ch.integra-metering.com\/fr\/wp-json\/wp\/v2\/product-applications?post=6740"},{"taxonomy":"product-medium","embeddable":true,"href":"https:\/\/ch.integra-metering.com\/fr\/wp-json\/wp\/v2\/product-medium?post=6740"},{"taxonomy":"product-process","embeddable":true,"href":"https:\/\/ch.integra-metering.com\/fr\/wp-json\/wp\/v2\/product-process?post=6740"}],"curies":[{"name":"wp","href":"https:\/\/api.w.org\/{rel}","templated":true}]}}