{"id":6743,"date":"2019-11-25T10:12:00","date_gmt":"2019-11-25T10:12:00","guid":{"rendered":"https:\/\/ch.integra-metering.com\/?post_type=product&#038;p=6743"},"modified":"2023-07-18T14:27:56","modified_gmt":"2023-07-18T14:27:56","slug":"ambus-port","status":"publish","type":"product","link":"https:\/\/ch.integra-metering.com\/fr\/product\/ambus-port\/","title":{"rendered":"AMBUS\u00ae Port"},"content":{"rendered":"\n<!-- Block container# -->\n<div\n    id=\"air-tabsblock_5e21c5ce42bd1\"\n    class=\"air-tabs tabs\"\n>\n\n<div class=\"tab-controls__container\"  airTargetDropdown>\n    <!-- Tabs controls# -->\n        <div class=\"tab-controls\"  airTargetDropdown>\n                                    <button class=\"tab-button js-tab-button--active theme-version-black\"  airTargetDropdown>\n                Caract\u00e9ristiques &amp; Avantages clients            <\/button>\n                                    <button class=\"tab-button  theme-version-black\"  airTargetDropdown>\n                Donn\u00e9es techniques            <\/button>\n                    <\/div>\n    <!-- #Tabs controls# -->\n<\/div>\n\n    <!-- #Tab content -->\n                <div class=\"tab-content active theme-version-black\">\n                <p>\u2022\u00a0 \u00a0Syst\u00e8me \u00e9conomique<br \/>\n\u2022\u00a0 \u00a0Simplifie le comptage intelligent<br \/>\n\u2022\u00a0 \u00a0Bus bifilaire avec alimentation en \u00e9nergie des composants Bus<br \/>\n\u2022\u00a0 \u00a0Grande port\u00e9e (jusqu\u2019\u00e0 plusieurs kilom\u00e8tres)<br \/>\n\u2022\u00a0 \u00a0Pour applications priv\u00e9es et industrielles<br \/>\n\u2022\u00a0 \u00a0Relev\u00e9 \u00e0 distance des donn\u00e9es de consommation (eau, chaleur, gaz, \u00e9lectricit\u00e9, etc.)<br \/>\n\u2022\u00a0 \u00a0Surveillance \u00e9lectronique sans compromis<br \/>\n\u2022\u00a0 \u00a0Saisie des donn\u00e9es en un simple clic<\/p>\n            <\/div>\n    <!-- #Tab content -->\n                <div class=\"tab-content  theme-version-black\">\n                <p>\u2022\u00a0 \u00a02 Versions : AMBUS\u00ae Port 20 \/ AMBUS\u00ae Port 60<br \/>\n\u2022\u00a0 \u00a0Tension de service (Version 20) 10,8 VDC \u00e0 28 VDC; 20 VDC \u00e0 45 VDC &#8211; (Version 60) 10,8 VAC \u00e0 27 VAC; 20 VAC \u00e0 30 VAC<br \/>\n\u2022\u00a0 \u00a0Puissance absorb\u00e9e max. (Version 20) 7 W &#8211; (Version 60) 16 W<br \/>\n\u2022\u00a0 \u00a0Tension M-Bus (sans charge) (Version 20) 32 V &#8211; (Version 60) 38 V<br \/>\n\u2022\u00a0 \u00a0Courant de repos M-Bus max. (Version 20) 30 mA (20 charges standard) &#8211; (Version 60) 90 mA (60 charges standard)<br \/>\n\u2022\u00a0 \u00a0R\u00e9sistance interne Bus env. (Version 20) 100 \u03a9 &#8211; (Version 60) env. 20 \u03a9<br \/>\n\u2022\u00a0 \u00a0Seuil de surintensit\u00e9 (Version 20) 60 mA &#8211; (Version 60) 140 mA<br \/>\n\u2022\u00a0 \u00a0Taux de transmission RS-232 C 300 \u00e0  9600 \/ RS-485 &#8211; 300 \u00e0 9600 bauds \/ optique 2400 bauds<br \/>\n\u2022\u00a0 \u00a0S\u00e9paration galvanique avec M-Bus &#8211; (Version 60) oui<br \/>\n\u2022\u00a0 \u00a0Bit recovery &#8211; (Version 60) oui<br \/>\n\u2022\u00a0 \u00a0Plage de temp\u00e9rature : 0 \u00b0C \u00e0 55 \u00b0C<br \/>\n\u2022\u00a0 \u00a0Dimensions 78 mm x 56 mm x 117 mm<br \/>\n\u2022\u00a0 \u00a0Indice de protection : IP 40<\/p>\n            <\/div>\n    <!-- #Tab content -->\n    <\/div>\n<!-- #Block container -->\n","protected":false},"excerpt":{"rendered":"<p>Convertisseur de niveaux M-Bus<\/p>\n","protected":false},"featured_media":1712,"parent":0,"comment_status":"open","ping_status":"closed","template":"","product-applications":[192],"product-medium":[67,66,78],"product-process":[166],"class_list":["post-6743","product","type-product","status-publish","has-post-thumbnail","hentry","product-applications-concentrateurs","product-medium-eau","product-medium-energie-thermique","product-medium-systemes-et-logiciels","product-process-lecture-transmission"],"acf":[],"yoast_head":"<!-- This site is optimized with the Yoast SEO plugin v24.5 - https:\/\/yoast.com\/wordpress\/plugins\/seo\/ -->\n<title>AMBUS\u00ae Port | INTEGRA Metering AG<\/title>\n<meta name=\"robots\" content=\"index, follow, max-snippet:-1, max-image-preview:large, max-video-preview:-1\" \/>\n<link rel=\"canonical\" href=\"https:\/\/ch.integra-metering.com\/fr\/product\/ambus-port\/\" \/>\n<meta property=\"og:locale\" content=\"fr_FR\" \/>\n<meta property=\"og:type\" content=\"article\" \/>\n<meta property=\"og:title\" content=\"AMBUS\u00ae Port | INTEGRA Metering AG\" \/>\n<meta property=\"og:description\" content=\"Convertisseur de niveaux M-Bus\" \/>\n<meta property=\"og:url\" content=\"https:\/\/ch.integra-metering.com\/fr\/product\/ambus-port\/\" \/>\n<meta property=\"og:site_name\" content=\"INTEGRA Metering AG\" \/>\n<meta property=\"article:modified_time\" content=\"2023-07-18T14:27:56+00:00\" \/>\n<meta property=\"og:image\" content=\"https:\/\/ch.integra-metering.com\/wp-content\/uploads\/sites\/4\/2020\/02\/AMBUS-Port.png\" \/>\n\t<meta property=\"og:image:width\" content=\"500\" \/>\n\t<meta property=\"og:image:height\" content=\"500\" \/>\n\t<meta property=\"og:image:type\" content=\"image\/png\" \/>\n<meta name=\"twitter:card\" content=\"summary_large_image\" \/>\n<script type=\"application\/ld+json\" class=\"yoast-schema-graph\">{\"@context\":\"https:\/\/schema.org\",\"@graph\":[{\"@type\":\"WebPage\",\"@id\":\"https:\/\/ch.integra-metering.com\/fr\/product\/ambus-port\/\",\"url\":\"https:\/\/ch.integra-metering.com\/fr\/product\/ambus-port\/\",\"name\":\"AMBUS\u00ae Port | INTEGRA Metering AG\",\"isPartOf\":{\"@id\":\"https:\/\/ch.integra-metering.com\/#website\"},\"primaryImageOfPage\":{\"@id\":\"https:\/\/ch.integra-metering.com\/fr\/product\/ambus-port\/#primaryimage\"},\"image\":{\"@id\":\"https:\/\/ch.integra-metering.com\/fr\/product\/ambus-port\/#primaryimage\"},\"thumbnailUrl\":\"https:\/\/ch.integra-metering.com\/wp-content\/uploads\/sites\/4\/2020\/02\/AMBUS-Port.png\",\"datePublished\":\"2019-11-25T10:12:00+00:00\",\"dateModified\":\"2023-07-18T14:27:56+00:00\",\"breadcrumb\":{\"@id\":\"https:\/\/ch.integra-metering.com\/fr\/product\/ambus-port\/#breadcrumb\"},\"inLanguage\":\"fr-FR\",\"potentialAction\":[{\"@type\":\"ReadAction\",\"target\":[\"https:\/\/ch.integra-metering.com\/fr\/product\/ambus-port\/\"]}]},{\"@type\":\"ImageObject\",\"inLanguage\":\"fr-FR\",\"@id\":\"https:\/\/ch.integra-metering.com\/fr\/product\/ambus-port\/#primaryimage\",\"url\":\"https:\/\/ch.integra-metering.com\/wp-content\/uploads\/sites\/4\/2020\/02\/AMBUS-Port.png\",\"contentUrl\":\"https:\/\/ch.integra-metering.com\/wp-content\/uploads\/sites\/4\/2020\/02\/AMBUS-Port.png\",\"width\":500,\"height\":500},{\"@type\":\"BreadcrumbList\",\"@id\":\"https:\/\/ch.integra-metering.com\/fr\/product\/ambus-port\/#breadcrumb\",\"itemListElement\":[{\"@type\":\"ListItem\",\"position\":1,\"name\":\"Home\",\"item\":\"https:\/\/ch.integra-metering.com\/fr\/\"},{\"@type\":\"ListItem\",\"position\":2,\"name\":\"Products\",\"item\":\"https:\/\/ch.integra-metering.com\/fr\/catalogue\/\"},{\"@type\":\"ListItem\",\"position\":3,\"name\":\"AMBUS\u00ae Port\"}]},{\"@type\":\"WebSite\",\"@id\":\"https:\/\/ch.integra-metering.com\/#website\",\"url\":\"https:\/\/ch.integra-metering.com\/\",\"name\":\"INTEGRA Metering AG\",\"description\":\"Herzlich willkommen auf der neuen Aquametro Homepage | Bienvenue sur le site Aquametro Suisse\",\"publisher\":{\"@id\":\"https:\/\/ch.integra-metering.com\/#organization\"},\"potentialAction\":[{\"@type\":\"SearchAction\",\"target\":{\"@type\":\"EntryPoint\",\"urlTemplate\":\"https:\/\/ch.integra-metering.com\/?s={search_term_string}\"},\"query-input\":{\"@type\":\"PropertyValueSpecification\",\"valueRequired\":true,\"valueName\":\"search_term_string\"}}],\"inLanguage\":\"fr-FR\"},{\"@type\":\"Organization\",\"@id\":\"https:\/\/ch.integra-metering.com\/#organization\",\"name\":\"INTEGRA Metering AG\",\"url\":\"https:\/\/ch.integra-metering.com\/\",\"logo\":{\"@type\":\"ImageObject\",\"inLanguage\":\"fr-FR\",\"@id\":\"https:\/\/ch.integra-metering.com\/#\/schema\/logo\/image\/\",\"url\":\"https:\/\/ch.integra-metering.com\/wp-content\/uploads\/sites\/4\/2019\/11\/integra-logo-dark.svg\",\"contentUrl\":\"https:\/\/ch.integra-metering.com\/wp-content\/uploads\/sites\/4\/2019\/11\/integra-logo-dark.svg\",\"width\":1,\"height\":1,\"caption\":\"INTEGRA Metering AG\"},\"image\":{\"@id\":\"https:\/\/ch.integra-metering.com\/#\/schema\/logo\/image\/\"},\"sameAs\":[\"https:\/\/ch.linkedin.com\/company\/aquametro-ag\"]}]}<\/script>\n<!-- \/ Yoast SEO plugin. -->","yoast_head_json":{"title":"AMBUS\u00ae Port | INTEGRA Metering AG","robots":{"index":"index","follow":"follow","max-snippet":"max-snippet:-1","max-image-preview":"max-image-preview:large","max-video-preview":"max-video-preview:-1"},"canonical":"https:\/\/ch.integra-metering.com\/fr\/product\/ambus-port\/","og_locale":"fr_FR","og_type":"article","og_title":"AMBUS\u00ae Port | INTEGRA Metering AG","og_description":"Convertisseur de niveaux M-Bus","og_url":"https:\/\/ch.integra-metering.com\/fr\/product\/ambus-port\/","og_site_name":"INTEGRA Metering AG","article_modified_time":"2023-07-18T14:27:56+00:00","og_image":[{"width":500,"height":500,"url":"https:\/\/ch.integra-metering.com\/wp-content\/uploads\/sites\/4\/2020\/02\/AMBUS-Port.png","type":"image\/png"}],"twitter_card":"summary_large_image","schema":{"@context":"https:\/\/schema.org","@graph":[{"@type":"WebPage","@id":"https:\/\/ch.integra-metering.com\/fr\/product\/ambus-port\/","url":"https:\/\/ch.integra-metering.com\/fr\/product\/ambus-port\/","name":"AMBUS\u00ae Port | INTEGRA Metering AG","isPartOf":{"@id":"https:\/\/ch.integra-metering.com\/#website"},"primaryImageOfPage":{"@id":"https:\/\/ch.integra-metering.com\/fr\/product\/ambus-port\/#primaryimage"},"image":{"@id":"https:\/\/ch.integra-metering.com\/fr\/product\/ambus-port\/#primaryimage"},"thumbnailUrl":"https:\/\/ch.integra-metering.com\/wp-content\/uploads\/sites\/4\/2020\/02\/AMBUS-Port.png","datePublished":"2019-11-25T10:12:00+00:00","dateModified":"2023-07-18T14:27:56+00:00","breadcrumb":{"@id":"https:\/\/ch.integra-metering.com\/fr\/product\/ambus-port\/#breadcrumb"},"inLanguage":"fr-FR","potentialAction":[{"@type":"ReadAction","target":["https:\/\/ch.integra-metering.com\/fr\/product\/ambus-port\/"]}]},{"@type":"ImageObject","inLanguage":"fr-FR","@id":"https:\/\/ch.integra-metering.com\/fr\/product\/ambus-port\/#primaryimage","url":"https:\/\/ch.integra-metering.com\/wp-content\/uploads\/sites\/4\/2020\/02\/AMBUS-Port.png","contentUrl":"https:\/\/ch.integra-metering.com\/wp-content\/uploads\/sites\/4\/2020\/02\/AMBUS-Port.png","width":500,"height":500},{"@type":"BreadcrumbList","@id":"https:\/\/ch.integra-metering.com\/fr\/product\/ambus-port\/#breadcrumb","itemListElement":[{"@type":"ListItem","position":1,"name":"Home","item":"https:\/\/ch.integra-metering.com\/fr\/"},{"@type":"ListItem","position":2,"name":"Products","item":"https:\/\/ch.integra-metering.com\/fr\/catalogue\/"},{"@type":"ListItem","position":3,"name":"AMBUS\u00ae Port"}]},{"@type":"WebSite","@id":"https:\/\/ch.integra-metering.com\/#website","url":"https:\/\/ch.integra-metering.com\/","name":"INTEGRA Metering AG","description":"Herzlich willkommen auf der neuen Aquametro Homepage | Bienvenue sur le site Aquametro Suisse","publisher":{"@id":"https:\/\/ch.integra-metering.com\/#organization"},"potentialAction":[{"@type":"SearchAction","target":{"@type":"EntryPoint","urlTemplate":"https:\/\/ch.integra-metering.com\/?s={search_term_string}"},"query-input":{"@type":"PropertyValueSpecification","valueRequired":true,"valueName":"search_term_string"}}],"inLanguage":"fr-FR"},{"@type":"Organization","@id":"https:\/\/ch.integra-metering.com\/#organization","name":"INTEGRA Metering AG","url":"https:\/\/ch.integra-metering.com\/","logo":{"@type":"ImageObject","inLanguage":"fr-FR","@id":"https:\/\/ch.integra-metering.com\/#\/schema\/logo\/image\/","url":"https:\/\/ch.integra-metering.com\/wp-content\/uploads\/sites\/4\/2019\/11\/integra-logo-dark.svg","contentUrl":"https:\/\/ch.integra-metering.com\/wp-content\/uploads\/sites\/4\/2019\/11\/integra-logo-dark.svg","width":1,"height":1,"caption":"INTEGRA Metering AG"},"image":{"@id":"https:\/\/ch.integra-metering.com\/#\/schema\/logo\/image\/"},"sameAs":["https:\/\/ch.linkedin.com\/company\/aquametro-ag"]}]}},"_links":{"self":[{"href":"https:\/\/ch.integra-metering.com\/fr\/wp-json\/wp\/v2\/product\/6743","targetHints":{"allow":["GET"]}}],"collection":[{"href":"https:\/\/ch.integra-metering.com\/fr\/wp-json\/wp\/v2\/product"}],"about":[{"href":"https:\/\/ch.integra-metering.com\/fr\/wp-json\/wp\/v2\/types\/product"}],"replies":[{"embeddable":true,"href":"https:\/\/ch.integra-metering.com\/fr\/wp-json\/wp\/v2\/comments?post=6743"}],"wp:featuredmedia":[{"embeddable":true,"href":"https:\/\/ch.integra-metering.com\/fr\/wp-json\/wp\/v2\/media\/1712"}],"wp:attachment":[{"href":"https:\/\/ch.integra-metering.com\/fr\/wp-json\/wp\/v2\/media?parent=6743"}],"wp:term":[{"taxonomy":"product-applications","embeddable":true,"href":"https:\/\/ch.integra-metering.com\/fr\/wp-json\/wp\/v2\/product-applications?post=6743"},{"taxonomy":"product-medium","embeddable":true,"href":"https:\/\/ch.integra-metering.com\/fr\/wp-json\/wp\/v2\/product-medium?post=6743"},{"taxonomy":"product-process","embeddable":true,"href":"https:\/\/ch.integra-metering.com\/fr\/wp-json\/wp\/v2\/product-process?post=6743"}],"curies":[{"name":"wp","href":"https:\/\/api.w.org\/{rel}","templated":true}]}}