{"id":6781,"date":"2020-04-22T12:32:00","date_gmt":"2020-04-22T12:32:00","guid":{"rendered":"https:\/\/ch.integra-metering.com\/?post_type=product&#038;p=6781"},"modified":"2023-07-24T12:35:25","modified_gmt":"2023-07-24T12:35:25","slug":"ambill-230","status":"publish","type":"product","link":"https:\/\/ch.integra-metering.com\/fr\/product\/ambill-230\/","title":{"rendered":"AMBILL\u00ae 230"},"content":{"rendered":"\n<h3 class=\"wp-block-heading\" style=\"font-size:25px\"><strong><strong>IMPORTANT <\/strong>: ce produit est d\u00e9sormais archiv\u00e9 et n&rsquo;est plus disponible \u00e0 la vente.<\/strong><\/h3>\n\n\n\n<div style=\"height:60px\" aria-hidden=\"true\" class=\"wp-block-spacer\"><\/div>\n\n\n\n<!-- Block container# -->\n<div\n    id=\"air-tabsblock_5e9ffb76271a6\"\n    class=\"air-tabs tabs\"\n>\n\n<div class=\"tab-controls__container\"  airTargetDropdown>\n    <!-- Tabs controls# -->\n        <div class=\"tab-controls\"  airTargetDropdown>\n                                    <button class=\"tab-button js-tab-button--active theme-version-black\"  airTargetDropdown>\n                Caract\u00e9ristiques &amp; Avantages clients            <\/button>\n                                    <button class=\"tab-button  theme-version-black\"  airTargetDropdown>\n                Donn\u00e9es techniques            <\/button>\n                    <\/div>\n    <!-- #Tabs controls# -->\n<\/div>\n\n    <!-- #Tab content -->\n                <div class=\"tab-content active theme-version-black\">\n                <p>\u2022\u00a0 \u00a0Pour appareils de mesure avec sortie Reed, \u00e0 contact, OpenCollector ou Namur<br \/>\n\u2022\u00a0 \u00a0Relev\u00e9 des donn\u00e9es via une interface optique, CS ou M-Bus<br \/>\n\u2022\u00a0 \u00a0Journal de consignation des donn\u00e9es<br \/>\n\u2022\u00a0 \u00a0Fonction de jour de relev\u00e9<br \/>\n\u2022\u00a0 \u00a0Relev\u00e9 des compteurs sans acc\u00e8s aux compteurs<br \/>\n\u2022\u00a0 \u00a0Relev\u00e9 le jour de relev\u00e9 pr\u00e9cis<br \/>\n\u2022\u00a0 \u00a0Relev\u00e9 \u00e9lectronique sans erreur de relev\u00e9<br \/>\n\u2022\u00a0 \u00a0Pour tous les appareils de mesure des valeurs de consommation avec sortie \u00e0 impulsions ou NAMUR<\/p>\n            <\/div>\n    <!-- #Tab content -->\n                <div class=\"tab-content  theme-version-black\">\n                <p>\u2022\u00a0 \u00a0Entr\u00e9es :3 Reed \/ Open Collector \/ aquapuls\u00ae \/ Contact et 1 \u00e9metteur Namur IEC 60947-5-6 (DIN 19234)<br \/>\n\u2022\u00a0 \u00a0Journal de consignation des donn\u00e9es : 60<br \/>\n\u2022\u00a0 \u00a0Sorties : Interface optique IEC 870-5 M-Bus et interface M-Bus<\/p>\n            <\/div>\n    <!-- #Tab content -->\n    <\/div>\n<!-- #Block container -->\n","protected":false},"excerpt":{"rendered":"<p>Avec display<br \/>\n230 V 50\/60 Hz \/ 12&#8230;24 VDC \/<br \/>\n15 VAC<\/p>\n","protected":false},"featured_media":3146,"parent":0,"comment_status":"open","ping_status":"closed","template":"","product-applications":[],"product-medium":[78],"product-process":[249],"class_list":["post-6781","product","type-product","status-publish","has-post-thumbnail","hentry","product-medium-systemes-et-logiciels","product-process-evaluation-traitement"],"acf":[],"yoast_head":"<!-- This site is optimized with the Yoast SEO plugin v24.5 - https:\/\/yoast.com\/wordpress\/plugins\/seo\/ -->\n<title>AMBILL\u00ae 230 | INTEGRA Metering AG<\/title>\n<meta name=\"robots\" content=\"index, follow, max-snippet:-1, max-image-preview:large, max-video-preview:-1\" \/>\n<link rel=\"canonical\" href=\"https:\/\/ch.integra-metering.com\/fr\/product\/ambill-230\/\" \/>\n<meta property=\"og:locale\" content=\"fr_FR\" \/>\n<meta property=\"og:type\" content=\"article\" \/>\n<meta property=\"og:title\" content=\"AMBILL\u00ae 230 | INTEGRA Metering AG\" \/>\n<meta property=\"og:description\" content=\"Avec display 230 V 50\/60 Hz \/ 12...24 VDC \/ 15 VAC\" \/>\n<meta property=\"og:url\" content=\"https:\/\/ch.integra-metering.com\/fr\/product\/ambill-230\/\" \/>\n<meta property=\"og:site_name\" content=\"INTEGRA Metering AG\" \/>\n<meta property=\"article:modified_time\" content=\"2023-07-24T12:35:25+00:00\" \/>\n<meta property=\"og:image\" content=\"https:\/\/ch.integra-metering.com\/wp-content\/uploads\/sites\/4\/2020\/04\/AMBILL-230.png\" \/>\n\t<meta property=\"og:image:width\" content=\"500\" \/>\n\t<meta property=\"og:image:height\" content=\"500\" \/>\n\t<meta property=\"og:image:type\" content=\"image\/png\" \/>\n<meta name=\"twitter:card\" content=\"summary_large_image\" \/>\n<script type=\"application\/ld+json\" class=\"yoast-schema-graph\">{\"@context\":\"https:\/\/schema.org\",\"@graph\":[{\"@type\":\"WebPage\",\"@id\":\"https:\/\/ch.integra-metering.com\/fr\/product\/ambill-230\/\",\"url\":\"https:\/\/ch.integra-metering.com\/fr\/product\/ambill-230\/\",\"name\":\"AMBILL\u00ae 230 | INTEGRA Metering AG\",\"isPartOf\":{\"@id\":\"https:\/\/ch.integra-metering.com\/#website\"},\"primaryImageOfPage\":{\"@id\":\"https:\/\/ch.integra-metering.com\/fr\/product\/ambill-230\/#primaryimage\"},\"image\":{\"@id\":\"https:\/\/ch.integra-metering.com\/fr\/product\/ambill-230\/#primaryimage\"},\"thumbnailUrl\":\"https:\/\/ch.integra-metering.com\/wp-content\/uploads\/sites\/4\/2020\/04\/AMBILL-230.png\",\"datePublished\":\"2020-04-22T12:32:00+00:00\",\"dateModified\":\"2023-07-24T12:35:25+00:00\",\"breadcrumb\":{\"@id\":\"https:\/\/ch.integra-metering.com\/fr\/product\/ambill-230\/#breadcrumb\"},\"inLanguage\":\"fr-FR\",\"potentialAction\":[{\"@type\":\"ReadAction\",\"target\":[\"https:\/\/ch.integra-metering.com\/fr\/product\/ambill-230\/\"]}]},{\"@type\":\"ImageObject\",\"inLanguage\":\"fr-FR\",\"@id\":\"https:\/\/ch.integra-metering.com\/fr\/product\/ambill-230\/#primaryimage\",\"url\":\"https:\/\/ch.integra-metering.com\/wp-content\/uploads\/sites\/4\/2020\/04\/AMBILL-230.png\",\"contentUrl\":\"https:\/\/ch.integra-metering.com\/wp-content\/uploads\/sites\/4\/2020\/04\/AMBILL-230.png\",\"width\":500,\"height\":500},{\"@type\":\"BreadcrumbList\",\"@id\":\"https:\/\/ch.integra-metering.com\/fr\/product\/ambill-230\/#breadcrumb\",\"itemListElement\":[{\"@type\":\"ListItem\",\"position\":1,\"name\":\"Home\",\"item\":\"https:\/\/ch.integra-metering.com\/fr\/\"},{\"@type\":\"ListItem\",\"position\":2,\"name\":\"Products\",\"item\":\"https:\/\/ch.integra-metering.com\/fr\/catalogue\/\"},{\"@type\":\"ListItem\",\"position\":3,\"name\":\"AMBILL\u00ae 230\"}]},{\"@type\":\"WebSite\",\"@id\":\"https:\/\/ch.integra-metering.com\/#website\",\"url\":\"https:\/\/ch.integra-metering.com\/\",\"name\":\"INTEGRA Metering AG\",\"description\":\"Herzlich willkommen auf der neuen Aquametro Homepage | Bienvenue sur le site Aquametro Suisse\",\"publisher\":{\"@id\":\"https:\/\/ch.integra-metering.com\/#organization\"},\"potentialAction\":[{\"@type\":\"SearchAction\",\"target\":{\"@type\":\"EntryPoint\",\"urlTemplate\":\"https:\/\/ch.integra-metering.com\/?s={search_term_string}\"},\"query-input\":{\"@type\":\"PropertyValueSpecification\",\"valueRequired\":true,\"valueName\":\"search_term_string\"}}],\"inLanguage\":\"fr-FR\"},{\"@type\":\"Organization\",\"@id\":\"https:\/\/ch.integra-metering.com\/#organization\",\"name\":\"INTEGRA Metering AG\",\"url\":\"https:\/\/ch.integra-metering.com\/\",\"logo\":{\"@type\":\"ImageObject\",\"inLanguage\":\"fr-FR\",\"@id\":\"https:\/\/ch.integra-metering.com\/#\/schema\/logo\/image\/\",\"url\":\"https:\/\/ch.integra-metering.com\/wp-content\/uploads\/sites\/4\/2019\/11\/integra-logo-dark.svg\",\"contentUrl\":\"https:\/\/ch.integra-metering.com\/wp-content\/uploads\/sites\/4\/2019\/11\/integra-logo-dark.svg\",\"width\":1,\"height\":1,\"caption\":\"INTEGRA Metering AG\"},\"image\":{\"@id\":\"https:\/\/ch.integra-metering.com\/#\/schema\/logo\/image\/\"},\"sameAs\":[\"https:\/\/ch.linkedin.com\/company\/aquametro-ag\"]}]}<\/script>\n<!-- \/ Yoast SEO plugin. -->","yoast_head_json":{"title":"AMBILL\u00ae 230 | INTEGRA Metering AG","robots":{"index":"index","follow":"follow","max-snippet":"max-snippet:-1","max-image-preview":"max-image-preview:large","max-video-preview":"max-video-preview:-1"},"canonical":"https:\/\/ch.integra-metering.com\/fr\/product\/ambill-230\/","og_locale":"fr_FR","og_type":"article","og_title":"AMBILL\u00ae 230 | INTEGRA Metering AG","og_description":"Avec display 230 V 50\/60 Hz \/ 12...24 VDC \/ 15 VAC","og_url":"https:\/\/ch.integra-metering.com\/fr\/product\/ambill-230\/","og_site_name":"INTEGRA Metering AG","article_modified_time":"2023-07-24T12:35:25+00:00","og_image":[{"width":500,"height":500,"url":"https:\/\/ch.integra-metering.com\/wp-content\/uploads\/sites\/4\/2020\/04\/AMBILL-230.png","type":"image\/png"}],"twitter_card":"summary_large_image","schema":{"@context":"https:\/\/schema.org","@graph":[{"@type":"WebPage","@id":"https:\/\/ch.integra-metering.com\/fr\/product\/ambill-230\/","url":"https:\/\/ch.integra-metering.com\/fr\/product\/ambill-230\/","name":"AMBILL\u00ae 230 | INTEGRA Metering AG","isPartOf":{"@id":"https:\/\/ch.integra-metering.com\/#website"},"primaryImageOfPage":{"@id":"https:\/\/ch.integra-metering.com\/fr\/product\/ambill-230\/#primaryimage"},"image":{"@id":"https:\/\/ch.integra-metering.com\/fr\/product\/ambill-230\/#primaryimage"},"thumbnailUrl":"https:\/\/ch.integra-metering.com\/wp-content\/uploads\/sites\/4\/2020\/04\/AMBILL-230.png","datePublished":"2020-04-22T12:32:00+00:00","dateModified":"2023-07-24T12:35:25+00:00","breadcrumb":{"@id":"https:\/\/ch.integra-metering.com\/fr\/product\/ambill-230\/#breadcrumb"},"inLanguage":"fr-FR","potentialAction":[{"@type":"ReadAction","target":["https:\/\/ch.integra-metering.com\/fr\/product\/ambill-230\/"]}]},{"@type":"ImageObject","inLanguage":"fr-FR","@id":"https:\/\/ch.integra-metering.com\/fr\/product\/ambill-230\/#primaryimage","url":"https:\/\/ch.integra-metering.com\/wp-content\/uploads\/sites\/4\/2020\/04\/AMBILL-230.png","contentUrl":"https:\/\/ch.integra-metering.com\/wp-content\/uploads\/sites\/4\/2020\/04\/AMBILL-230.png","width":500,"height":500},{"@type":"BreadcrumbList","@id":"https:\/\/ch.integra-metering.com\/fr\/product\/ambill-230\/#breadcrumb","itemListElement":[{"@type":"ListItem","position":1,"name":"Home","item":"https:\/\/ch.integra-metering.com\/fr\/"},{"@type":"ListItem","position":2,"name":"Products","item":"https:\/\/ch.integra-metering.com\/fr\/catalogue\/"},{"@type":"ListItem","position":3,"name":"AMBILL\u00ae 230"}]},{"@type":"WebSite","@id":"https:\/\/ch.integra-metering.com\/#website","url":"https:\/\/ch.integra-metering.com\/","name":"INTEGRA Metering AG","description":"Herzlich willkommen auf der neuen Aquametro Homepage | Bienvenue sur le site Aquametro Suisse","publisher":{"@id":"https:\/\/ch.integra-metering.com\/#organization"},"potentialAction":[{"@type":"SearchAction","target":{"@type":"EntryPoint","urlTemplate":"https:\/\/ch.integra-metering.com\/?s={search_term_string}"},"query-input":{"@type":"PropertyValueSpecification","valueRequired":true,"valueName":"search_term_string"}}],"inLanguage":"fr-FR"},{"@type":"Organization","@id":"https:\/\/ch.integra-metering.com\/#organization","name":"INTEGRA Metering AG","url":"https:\/\/ch.integra-metering.com\/","logo":{"@type":"ImageObject","inLanguage":"fr-FR","@id":"https:\/\/ch.integra-metering.com\/#\/schema\/logo\/image\/","url":"https:\/\/ch.integra-metering.com\/wp-content\/uploads\/sites\/4\/2019\/11\/integra-logo-dark.svg","contentUrl":"https:\/\/ch.integra-metering.com\/wp-content\/uploads\/sites\/4\/2019\/11\/integra-logo-dark.svg","width":1,"height":1,"caption":"INTEGRA Metering AG"},"image":{"@id":"https:\/\/ch.integra-metering.com\/#\/schema\/logo\/image\/"},"sameAs":["https:\/\/ch.linkedin.com\/company\/aquametro-ag"]}]}},"_links":{"self":[{"href":"https:\/\/ch.integra-metering.com\/fr\/wp-json\/wp\/v2\/product\/6781","targetHints":{"allow":["GET"]}}],"collection":[{"href":"https:\/\/ch.integra-metering.com\/fr\/wp-json\/wp\/v2\/product"}],"about":[{"href":"https:\/\/ch.integra-metering.com\/fr\/wp-json\/wp\/v2\/types\/product"}],"replies":[{"embeddable":true,"href":"https:\/\/ch.integra-metering.com\/fr\/wp-json\/wp\/v2\/comments?post=6781"}],"wp:featuredmedia":[{"embeddable":true,"href":"https:\/\/ch.integra-metering.com\/fr\/wp-json\/wp\/v2\/media\/3146"}],"wp:attachment":[{"href":"https:\/\/ch.integra-metering.com\/fr\/wp-json\/wp\/v2\/media?parent=6781"}],"wp:term":[{"taxonomy":"product-applications","embeddable":true,"href":"https:\/\/ch.integra-metering.com\/fr\/wp-json\/wp\/v2\/product-applications?post=6781"},{"taxonomy":"product-medium","embeddable":true,"href":"https:\/\/ch.integra-metering.com\/fr\/wp-json\/wp\/v2\/product-medium?post=6781"},{"taxonomy":"product-process","embeddable":true,"href":"https:\/\/ch.integra-metering.com\/fr\/wp-json\/wp\/v2\/product-process?post=6781"}],"curies":[{"name":"wp","href":"https:\/\/api.w.org\/{rel}","templated":true}]}}