{"id":6793,"date":"2020-04-22T13:19:00","date_gmt":"2020-04-22T13:19:00","guid":{"rendered":"https:\/\/ch.integra-metering.com\/?post_type=product&#038;p=6793"},"modified":"2023-07-24T13:21:12","modified_gmt":"2023-07-24T13:21:12","slug":"ambill-pocket","status":"publish","type":"product","link":"https:\/\/ch.integra-metering.com\/fr\/product\/ambill-pocket\/","title":{"rendered":"AMBILL\u00ae pocket"},"content":{"rendered":"\n<h3 class=\"wp-block-heading\" style=\"font-size:25px\"><strong><strong>IMPORTANT <\/strong>: ce produit est d\u00e9sormais archiv\u00e9 et n&rsquo;est plus disponible \u00e0 la vente.<\/strong><\/h3>\n\n\n\n<div style=\"height:60px\" aria-hidden=\"true\" class=\"wp-block-spacer\"><\/div>\n\n\n\n<!-- Block container# -->\n<div\n    id=\"air-tabsblock_5ea00c21f92c5\"\n    class=\"air-tabs tabs\"\n>\n\n<div class=\"tab-controls__container\"  airTargetDropdown>\n    <!-- Tabs controls# -->\n        <div class=\"tab-controls\"  airTargetDropdown>\n                                    <button class=\"tab-button js-tab-button--active theme-version-black\"  airTargetDropdown>\n                Caract\u00e9ristiques &amp; Avantages clients            <\/button>\n                    <\/div>\n    <!-- #Tabs controls# -->\n<\/div>\n\n    <!-- #Tab content -->\n                <div class=\"tab-content active theme-version-black\">\n                <p>En plus du param\u00e9trage de diff\u00e9rents compteurs et modules issus de la technique d\u2019approvisionnement en eau, le relev\u00e9 de compteur \u00e0 distance de petits nombres de compteurs de consommation d\u2019eau et de gaz constitue le principal domaine d\u2019application du logiciel AMBILL\u00ae pocket Professional. Le relev\u00e9 des consommations s\u2019effectue sur site, par exemple via la saisie par stylet sur un appareil mobile ou par lecture \u00e9lectronique des compteurs.<\/p>\n<blockquote><p>&nbsp;<\/p><\/blockquote>\n<p><span style=\"text-decoration: underline;\">Param\u00e9trage de :<\/span><\/p>\n<p>\u2022\u00a0 \u00a0AMBILL\u00ae ASM<br \/>\n\u2022\u00a0 \u00a0AMBILL\u00ae FAN<br \/>\n\u2022\u00a0 \u00a0AMBILL\u00ae TAX<br \/>\n\u2022\u00a0 \u00a0aquaonline\u00ae \/ aquaonline\u00ae CS<br \/>\n\u2022\u00a0 \u00a0gasdata\u00ae<br \/>\n\u2022\u00a0 \u00a0aquatarif\u00ae<br \/>\n\u2022\u00a0 \u00a0AMBILL\u00ae 230 CS<br \/>\n\u2022\u00a0 \u00a0aquareader\u00ae<br \/>\n\u2022\u00a0 \u00a0aquaradio\u00ae<\/p>\n<blockquote><p>&nbsp;<\/p><\/blockquote>\n<p>\u2022\u00a0 \u00a0Gains de temps et d\u2019argent<br \/>\n\u2022\u00a0 \u00a0Augmentation des liquidit\u00e9s<br \/>\n\u2022\u00a0 \u00a0Actualit\u00e9 et transparence<br \/>\n\u2022\u00a0 \u00a0Qualit\u00e9 accrue des donn\u00e9es<br \/>\n\u2022\u00a0 \u00a0Grande facilit\u00e9 d\u2019utilisation<br \/>\n\u2022\u00a0 \u00a0Syst\u00e8me flexible et universel<\/p>\n            <\/div>\n    <!-- #Tab content -->\n    <\/div>\n<!-- #Block container -->\n","protected":false},"excerpt":{"rendered":"<p>Param\u00e9trage et relev\u00e9 de compteurs<\/p>\n","protected":false},"featured_media":3154,"parent":0,"comment_status":"open","ping_status":"closed","template":"","product-applications":[],"product-medium":[],"product-process":[],"class_list":["post-6793","product","type-product","status-publish","has-post-thumbnail","hentry"],"acf":[],"yoast_head":"<!-- This site is optimized with the Yoast SEO plugin v24.5 - https:\/\/yoast.com\/wordpress\/plugins\/seo\/ -->\n<title>AMBILL\u00ae pocket | INTEGRA Metering AG<\/title>\n<meta name=\"robots\" content=\"index, follow, max-snippet:-1, max-image-preview:large, max-video-preview:-1\" \/>\n<link rel=\"canonical\" href=\"https:\/\/ch.integra-metering.com\/fr\/product\/ambill-pocket\/\" \/>\n<meta property=\"og:locale\" content=\"fr_FR\" \/>\n<meta property=\"og:type\" content=\"article\" \/>\n<meta property=\"og:title\" content=\"AMBILL\u00ae pocket | INTEGRA Metering AG\" \/>\n<meta property=\"og:description\" content=\"Param\u00e9trage et relev\u00e9 de compteurs\" \/>\n<meta property=\"og:url\" content=\"https:\/\/ch.integra-metering.com\/fr\/product\/ambill-pocket\/\" \/>\n<meta property=\"og:site_name\" content=\"INTEGRA Metering AG\" \/>\n<meta property=\"article:modified_time\" content=\"2023-07-24T13:21:12+00:00\" \/>\n<meta property=\"og:image\" content=\"https:\/\/ch.integra-metering.com\/wp-content\/uploads\/sites\/4\/2020\/04\/AMBILL\u00ae-pocket.png\" \/>\n\t<meta property=\"og:image:width\" content=\"500\" \/>\n\t<meta property=\"og:image:height\" content=\"500\" \/>\n\t<meta property=\"og:image:type\" content=\"image\/png\" \/>\n<meta name=\"twitter:card\" content=\"summary_large_image\" \/>\n<script type=\"application\/ld+json\" class=\"yoast-schema-graph\">{\"@context\":\"https:\/\/schema.org\",\"@graph\":[{\"@type\":\"WebPage\",\"@id\":\"https:\/\/ch.integra-metering.com\/fr\/product\/ambill-pocket\/\",\"url\":\"https:\/\/ch.integra-metering.com\/fr\/product\/ambill-pocket\/\",\"name\":\"AMBILL\u00ae pocket | INTEGRA Metering AG\",\"isPartOf\":{\"@id\":\"https:\/\/ch.integra-metering.com\/#website\"},\"primaryImageOfPage\":{\"@id\":\"https:\/\/ch.integra-metering.com\/fr\/product\/ambill-pocket\/#primaryimage\"},\"image\":{\"@id\":\"https:\/\/ch.integra-metering.com\/fr\/product\/ambill-pocket\/#primaryimage\"},\"thumbnailUrl\":\"https:\/\/ch.integra-metering.com\/wp-content\/uploads\/sites\/4\/2020\/04\/AMBILL\u00ae-pocket.png\",\"datePublished\":\"2020-04-22T13:19:00+00:00\",\"dateModified\":\"2023-07-24T13:21:12+00:00\",\"breadcrumb\":{\"@id\":\"https:\/\/ch.integra-metering.com\/fr\/product\/ambill-pocket\/#breadcrumb\"},\"inLanguage\":\"fr-FR\",\"potentialAction\":[{\"@type\":\"ReadAction\",\"target\":[\"https:\/\/ch.integra-metering.com\/fr\/product\/ambill-pocket\/\"]}]},{\"@type\":\"ImageObject\",\"inLanguage\":\"fr-FR\",\"@id\":\"https:\/\/ch.integra-metering.com\/fr\/product\/ambill-pocket\/#primaryimage\",\"url\":\"https:\/\/ch.integra-metering.com\/wp-content\/uploads\/sites\/4\/2020\/04\/AMBILL\u00ae-pocket.png\",\"contentUrl\":\"https:\/\/ch.integra-metering.com\/wp-content\/uploads\/sites\/4\/2020\/04\/AMBILL\u00ae-pocket.png\",\"width\":500,\"height\":500},{\"@type\":\"BreadcrumbList\",\"@id\":\"https:\/\/ch.integra-metering.com\/fr\/product\/ambill-pocket\/#breadcrumb\",\"itemListElement\":[{\"@type\":\"ListItem\",\"position\":1,\"name\":\"Home\",\"item\":\"https:\/\/ch.integra-metering.com\/fr\/\"},{\"@type\":\"ListItem\",\"position\":2,\"name\":\"Products\",\"item\":\"https:\/\/ch.integra-metering.com\/fr\/catalogue\/\"},{\"@type\":\"ListItem\",\"position\":3,\"name\":\"AMBILL\u00ae pocket\"}]},{\"@type\":\"WebSite\",\"@id\":\"https:\/\/ch.integra-metering.com\/#website\",\"url\":\"https:\/\/ch.integra-metering.com\/\",\"name\":\"INTEGRA Metering AG\",\"description\":\"Herzlich willkommen auf der neuen Aquametro Homepage | Bienvenue sur le site Aquametro Suisse\",\"publisher\":{\"@id\":\"https:\/\/ch.integra-metering.com\/#organization\"},\"potentialAction\":[{\"@type\":\"SearchAction\",\"target\":{\"@type\":\"EntryPoint\",\"urlTemplate\":\"https:\/\/ch.integra-metering.com\/?s={search_term_string}\"},\"query-input\":{\"@type\":\"PropertyValueSpecification\",\"valueRequired\":true,\"valueName\":\"search_term_string\"}}],\"inLanguage\":\"fr-FR\"},{\"@type\":\"Organization\",\"@id\":\"https:\/\/ch.integra-metering.com\/#organization\",\"name\":\"INTEGRA Metering AG\",\"url\":\"https:\/\/ch.integra-metering.com\/\",\"logo\":{\"@type\":\"ImageObject\",\"inLanguage\":\"fr-FR\",\"@id\":\"https:\/\/ch.integra-metering.com\/#\/schema\/logo\/image\/\",\"url\":\"https:\/\/ch.integra-metering.com\/wp-content\/uploads\/sites\/4\/2019\/11\/integra-logo-dark.svg\",\"contentUrl\":\"https:\/\/ch.integra-metering.com\/wp-content\/uploads\/sites\/4\/2019\/11\/integra-logo-dark.svg\",\"width\":1,\"height\":1,\"caption\":\"INTEGRA Metering AG\"},\"image\":{\"@id\":\"https:\/\/ch.integra-metering.com\/#\/schema\/logo\/image\/\"},\"sameAs\":[\"https:\/\/ch.linkedin.com\/company\/aquametro-ag\"]}]}<\/script>\n<!-- \/ Yoast SEO plugin. -->","yoast_head_json":{"title":"AMBILL\u00ae pocket | INTEGRA Metering AG","robots":{"index":"index","follow":"follow","max-snippet":"max-snippet:-1","max-image-preview":"max-image-preview:large","max-video-preview":"max-video-preview:-1"},"canonical":"https:\/\/ch.integra-metering.com\/fr\/product\/ambill-pocket\/","og_locale":"fr_FR","og_type":"article","og_title":"AMBILL\u00ae pocket | INTEGRA Metering AG","og_description":"Param\u00e9trage et relev\u00e9 de compteurs","og_url":"https:\/\/ch.integra-metering.com\/fr\/product\/ambill-pocket\/","og_site_name":"INTEGRA Metering AG","article_modified_time":"2023-07-24T13:21:12+00:00","og_image":[{"width":500,"height":500,"url":"https:\/\/ch.integra-metering.com\/wp-content\/uploads\/sites\/4\/2020\/04\/AMBILL\u00ae-pocket.png","type":"image\/png"}],"twitter_card":"summary_large_image","schema":{"@context":"https:\/\/schema.org","@graph":[{"@type":"WebPage","@id":"https:\/\/ch.integra-metering.com\/fr\/product\/ambill-pocket\/","url":"https:\/\/ch.integra-metering.com\/fr\/product\/ambill-pocket\/","name":"AMBILL\u00ae pocket | INTEGRA Metering AG","isPartOf":{"@id":"https:\/\/ch.integra-metering.com\/#website"},"primaryImageOfPage":{"@id":"https:\/\/ch.integra-metering.com\/fr\/product\/ambill-pocket\/#primaryimage"},"image":{"@id":"https:\/\/ch.integra-metering.com\/fr\/product\/ambill-pocket\/#primaryimage"},"thumbnailUrl":"https:\/\/ch.integra-metering.com\/wp-content\/uploads\/sites\/4\/2020\/04\/AMBILL\u00ae-pocket.png","datePublished":"2020-04-22T13:19:00+00:00","dateModified":"2023-07-24T13:21:12+00:00","breadcrumb":{"@id":"https:\/\/ch.integra-metering.com\/fr\/product\/ambill-pocket\/#breadcrumb"},"inLanguage":"fr-FR","potentialAction":[{"@type":"ReadAction","target":["https:\/\/ch.integra-metering.com\/fr\/product\/ambill-pocket\/"]}]},{"@type":"ImageObject","inLanguage":"fr-FR","@id":"https:\/\/ch.integra-metering.com\/fr\/product\/ambill-pocket\/#primaryimage","url":"https:\/\/ch.integra-metering.com\/wp-content\/uploads\/sites\/4\/2020\/04\/AMBILL\u00ae-pocket.png","contentUrl":"https:\/\/ch.integra-metering.com\/wp-content\/uploads\/sites\/4\/2020\/04\/AMBILL\u00ae-pocket.png","width":500,"height":500},{"@type":"BreadcrumbList","@id":"https:\/\/ch.integra-metering.com\/fr\/product\/ambill-pocket\/#breadcrumb","itemListElement":[{"@type":"ListItem","position":1,"name":"Home","item":"https:\/\/ch.integra-metering.com\/fr\/"},{"@type":"ListItem","position":2,"name":"Products","item":"https:\/\/ch.integra-metering.com\/fr\/catalogue\/"},{"@type":"ListItem","position":3,"name":"AMBILL\u00ae pocket"}]},{"@type":"WebSite","@id":"https:\/\/ch.integra-metering.com\/#website","url":"https:\/\/ch.integra-metering.com\/","name":"INTEGRA Metering AG","description":"Herzlich willkommen auf der neuen Aquametro Homepage | Bienvenue sur le site Aquametro Suisse","publisher":{"@id":"https:\/\/ch.integra-metering.com\/#organization"},"potentialAction":[{"@type":"SearchAction","target":{"@type":"EntryPoint","urlTemplate":"https:\/\/ch.integra-metering.com\/?s={search_term_string}"},"query-input":{"@type":"PropertyValueSpecification","valueRequired":true,"valueName":"search_term_string"}}],"inLanguage":"fr-FR"},{"@type":"Organization","@id":"https:\/\/ch.integra-metering.com\/#organization","name":"INTEGRA Metering AG","url":"https:\/\/ch.integra-metering.com\/","logo":{"@type":"ImageObject","inLanguage":"fr-FR","@id":"https:\/\/ch.integra-metering.com\/#\/schema\/logo\/image\/","url":"https:\/\/ch.integra-metering.com\/wp-content\/uploads\/sites\/4\/2019\/11\/integra-logo-dark.svg","contentUrl":"https:\/\/ch.integra-metering.com\/wp-content\/uploads\/sites\/4\/2019\/11\/integra-logo-dark.svg","width":1,"height":1,"caption":"INTEGRA Metering AG"},"image":{"@id":"https:\/\/ch.integra-metering.com\/#\/schema\/logo\/image\/"},"sameAs":["https:\/\/ch.linkedin.com\/company\/aquametro-ag"]}]}},"_links":{"self":[{"href":"https:\/\/ch.integra-metering.com\/fr\/wp-json\/wp\/v2\/product\/6793","targetHints":{"allow":["GET"]}}],"collection":[{"href":"https:\/\/ch.integra-metering.com\/fr\/wp-json\/wp\/v2\/product"}],"about":[{"href":"https:\/\/ch.integra-metering.com\/fr\/wp-json\/wp\/v2\/types\/product"}],"replies":[{"embeddable":true,"href":"https:\/\/ch.integra-metering.com\/fr\/wp-json\/wp\/v2\/comments?post=6793"}],"wp:featuredmedia":[{"embeddable":true,"href":"https:\/\/ch.integra-metering.com\/fr\/wp-json\/wp\/v2\/media\/3154"}],"wp:attachment":[{"href":"https:\/\/ch.integra-metering.com\/fr\/wp-json\/wp\/v2\/media?parent=6793"}],"wp:term":[{"taxonomy":"product-applications","embeddable":true,"href":"https:\/\/ch.integra-metering.com\/fr\/wp-json\/wp\/v2\/product-applications?post=6793"},{"taxonomy":"product-medium","embeddable":true,"href":"https:\/\/ch.integra-metering.com\/fr\/wp-json\/wp\/v2\/product-medium?post=6793"},{"taxonomy":"product-process","embeddable":true,"href":"https:\/\/ch.integra-metering.com\/fr\/wp-json\/wp\/v2\/product-process?post=6793"}],"curies":[{"name":"wp","href":"https:\/\/api.w.org\/{rel}","templated":true}]}}