{"id":6802,"date":"2020-02-16T13:58:00","date_gmt":"2020-02-16T13:58:00","guid":{"rendered":"https:\/\/ch.integra-metering.com\/?post_type=product&#038;p=6802"},"modified":"2024-09-02T14:08:21","modified_gmt":"2024-09-02T14:08:21","slug":"amflo-mag-pro","status":"publish","type":"product","link":"https:\/\/ch.integra-metering.com\/fr\/product\/amflo-mag-pro\/","title":{"rendered":"AMFLO\u00ae MAG Pro"},"content":{"rendered":"\n<!-- Block container# -->\n<div\n    id=\"air-tabsblock_97a79865b421dcca368840da1213bdcd\"\n    class=\"air-tabs tabs\"\n>\n\n<div class=\"tab-controls__container\"  airTargetDropdown>\n    <!-- Tabs controls# -->\n        <div class=\"tab-controls\"  airTargetDropdown>\n                                    <button class=\"tab-button js-tab-button--active theme-version-black\"  airTargetDropdown>\n                Caract\u00e9ristiques &amp; Avantages clients            <\/button>\n                                    <button class=\"tab-button  theme-version-black\"  airTargetDropdown>\n                Donn\u00e9es techniques            <\/button>\n                    <\/div>\n    <!-- #Tabs controls# -->\n<\/div>\n\n    <!-- #Tab content -->\n                <div class=\"tab-content active theme-version-black\">\n                <p>\u2022\u00a0 \u00a0Un d\u00e9bitm\u00e8tre robuste avec large plage de mesure<br \/>\n\u2022\u00a0 \u00a0Stabilit\u00e9 de mesure de d\u00e9bit \u00e0 long terme<br \/>\n\u2022\u00a0 \u00a0Adapt\u00e9 aux applications dans les r\u00e9seaux d&rsquo;approvisionnement en eau, de refroidissement, de chauffage et dans la climatisation des b\u00e2timents<br \/>\n\u2022\u00a0 \u00a0Sans entretien<br \/>\n\u2022\u00a0 \u00a0Grande pr\u00e9cision pour une optimisation de l\u2019\u00e9nergie<br \/>\n\u2022\u00a0 \u00a0Pas de pi\u00e8ces mobiles<\/p>\n            <\/div>\n    <!-- #Tab content -->\n                <div class=\"tab-content  theme-version-black\">\n                <p>\u2022\u00a0 \u00a0Diam\u00e8tre nominal DN25 \u2013 DN 1200<br \/>\n\u2022\u00a0 \u00a0Pression nominal (Raccord \u00e0 brides) PN16 bar<br \/>\n\u2022\u00a0 \u00a0Principe de mesure \u00e9lectromagn\u00e9tique pour fluide avec conductibilit\u00e9 \u00e9lectrique > 20 uS<br \/>\n\u2022\u00a0 \u00a0Temp\u00e9rature fluide : -20 \u00b0C \u00e0 150\u00b0C (selon type de rev\u00eatement)<br \/>\n\u2022\u00a0 \u00a0Avec affichage LCD 4 lignes r\u00e9tro-\u00e9clair\u00e9<br \/>\n\u2022\u00a0 \u00a0Temp\u00e9rature ambient : 5 \u00b0C \u00e0 55\u00b0C<br \/>\n\u2022\u00a0 \u00a0Rev\u00eatement interne en PP polypropyl\u00e8ne ou PTFE (Teflon)<br \/>\n\u2022\u00a0 \u00a0Pour eau ou m\u00e9lange eau et glycole<br \/>\n\u2022\u00a0 \u00a0Faible perte de pression<br \/>\n\u2022\u00a0 \u00a0Homologation EN 1434 et PTB K7.2<br \/>\n\u2022\u00a0 \u00a0Alimentation 230VAC<br \/>\n\u2022\u00a0 \u00a0Indice de protection IP 67<br \/>\n\u2022\u00a0 \u00a0Plage de mesure 0,04 m\/s \u2013 10 m\/s<br \/>\n\u2022\u00a0 \u00a0Approbation selon MI004 et PTB cold K 7.2<br \/>\n\u2022\u00a0 \u00a0Pr\u00e9cision de la mesure <0.4% v.M (+\/- 0.004 m\/s en dessous de 0,5 m\/s)\n<\/p>\n            <\/div>\n    <!-- #Tab content -->\n    <\/div>\n<!-- #Block container -->\n\n\n\n<div style=\"height:60px\" aria-hidden=\"true\" class=\"wp-block-spacer\"><\/div>\n\n\n\n<p class=\"has-medium-font-size\"><strong><strong>Disponible \u00e9galement comme fichier BIM (IFC) :<\/strong><\/strong><\/p>\n\n\n\n<div style=\"height:40px\" aria-hidden=\"true\" class=\"wp-block-spacer\"><\/div>\n\n\n\n<div class=\"wp-block-buttons is-horizontal is-content-justification-left is-layout-flex wp-container-core-buttons-is-layout-1 wp-block-buttons-is-layout-flex\">\n<div class=\"wp-block-button\"><a class=\"wp-block-button__link wp-element-button\" href=\"https:\/\/ch.buildup.group\/fr\/orga\/INTEGRA_Metering_AG?line=AMFLO%C2%AE%20MAG%20Pro\" style=\"border-radius:3px\" target=\"_blank\" rel=\"noreferrer noopener\">Continuer sur buildup.ch<\/a><\/div>\n<\/div>\n\n\n\n<div style=\"height:20px\" aria-hidden=\"true\" class=\"wp-block-spacer\"><\/div>\n","protected":false},"excerpt":{"rendered":"<p>D\u00e9bitm\u00e8tre \u00e9lectromagn\u00e9tique pour la mesure de l&rsquo;\u00e9nergie<br \/>\ndans les b\u00e2timents industriels et commerciaux<\/p>\n","protected":false},"featured_media":1720,"parent":0,"comment_status":"open","ping_status":"closed","template":"","product-applications":[257,187,255],"product-medium":[67,66],"product-process":[115],"class_list":["post-6802","product","type-product","status-publish","has-post-thumbnail","hentry","product-applications-chauffage-a-distance-et-local","product-applications-debitmetres","product-applications-gestion-technique-centralisee","product-medium-eau","product-medium-energie-thermique","product-process-mesurer"],"acf":[],"yoast_head":"<!-- This site is optimized with the Yoast SEO plugin v24.5 - https:\/\/yoast.com\/wordpress\/plugins\/seo\/ -->\n<title>AMFLO\u00ae MAG Pro | INTEGRA Metering AG<\/title>\n<meta name=\"robots\" content=\"index, follow, max-snippet:-1, max-image-preview:large, max-video-preview:-1\" \/>\n<link rel=\"canonical\" href=\"https:\/\/ch.integra-metering.com\/fr\/product\/amflo-mag-pro\/\" \/>\n<meta property=\"og:locale\" content=\"fr_FR\" \/>\n<meta property=\"og:type\" content=\"article\" \/>\n<meta property=\"og:title\" content=\"AMFLO\u00ae MAG Pro | INTEGRA Metering AG\" \/>\n<meta property=\"og:description\" content=\"D\u00e9bitm\u00e8tre \u00e9lectromagn\u00e9tique pour la mesure de l&#039;\u00e9nergie dans les b\u00e2timents industriels et commerciaux\" \/>\n<meta property=\"og:url\" content=\"https:\/\/ch.integra-metering.com\/fr\/product\/amflo-mag-pro\/\" \/>\n<meta property=\"og:site_name\" content=\"INTEGRA Metering AG\" \/>\n<meta property=\"article:modified_time\" content=\"2024-09-02T14:08:21+00:00\" \/>\n<meta property=\"og:image\" content=\"https:\/\/ch.integra-metering.com\/wp-content\/uploads\/sites\/4\/2020\/02\/AMFLO-MAG-Pro.png\" \/>\n\t<meta property=\"og:image:width\" content=\"500\" \/>\n\t<meta property=\"og:image:height\" content=\"500\" \/>\n\t<meta property=\"og:image:type\" content=\"image\/png\" \/>\n<meta name=\"twitter:card\" content=\"summary_large_image\" \/>\n<script type=\"application\/ld+json\" class=\"yoast-schema-graph\">{\"@context\":\"https:\/\/schema.org\",\"@graph\":[{\"@type\":\"WebPage\",\"@id\":\"https:\/\/ch.integra-metering.com\/fr\/product\/amflo-mag-pro\/\",\"url\":\"https:\/\/ch.integra-metering.com\/fr\/product\/amflo-mag-pro\/\",\"name\":\"AMFLO\u00ae MAG Pro | INTEGRA Metering AG\",\"isPartOf\":{\"@id\":\"https:\/\/ch.integra-metering.com\/#website\"},\"primaryImageOfPage\":{\"@id\":\"https:\/\/ch.integra-metering.com\/fr\/product\/amflo-mag-pro\/#primaryimage\"},\"image\":{\"@id\":\"https:\/\/ch.integra-metering.com\/fr\/product\/amflo-mag-pro\/#primaryimage\"},\"thumbnailUrl\":\"https:\/\/ch.integra-metering.com\/wp-content\/uploads\/sites\/4\/2020\/02\/AMFLO-MAG-Pro.png\",\"datePublished\":\"2020-02-16T13:58:00+00:00\",\"dateModified\":\"2024-09-02T14:08:21+00:00\",\"breadcrumb\":{\"@id\":\"https:\/\/ch.integra-metering.com\/fr\/product\/amflo-mag-pro\/#breadcrumb\"},\"inLanguage\":\"fr-FR\",\"potentialAction\":[{\"@type\":\"ReadAction\",\"target\":[\"https:\/\/ch.integra-metering.com\/fr\/product\/amflo-mag-pro\/\"]}]},{\"@type\":\"ImageObject\",\"inLanguage\":\"fr-FR\",\"@id\":\"https:\/\/ch.integra-metering.com\/fr\/product\/amflo-mag-pro\/#primaryimage\",\"url\":\"https:\/\/ch.integra-metering.com\/wp-content\/uploads\/sites\/4\/2020\/02\/AMFLO-MAG-Pro.png\",\"contentUrl\":\"https:\/\/ch.integra-metering.com\/wp-content\/uploads\/sites\/4\/2020\/02\/AMFLO-MAG-Pro.png\",\"width\":500,\"height\":500},{\"@type\":\"BreadcrumbList\",\"@id\":\"https:\/\/ch.integra-metering.com\/fr\/product\/amflo-mag-pro\/#breadcrumb\",\"itemListElement\":[{\"@type\":\"ListItem\",\"position\":1,\"name\":\"Home\",\"item\":\"https:\/\/ch.integra-metering.com\/fr\/\"},{\"@type\":\"ListItem\",\"position\":2,\"name\":\"Products\",\"item\":\"https:\/\/ch.integra-metering.com\/fr\/catalogue\/\"},{\"@type\":\"ListItem\",\"position\":3,\"name\":\"AMFLO\u00ae MAG Pro\"}]},{\"@type\":\"WebSite\",\"@id\":\"https:\/\/ch.integra-metering.com\/#website\",\"url\":\"https:\/\/ch.integra-metering.com\/\",\"name\":\"INTEGRA Metering AG\",\"description\":\"Herzlich willkommen auf der neuen Aquametro Homepage | Bienvenue sur le site Aquametro Suisse\",\"publisher\":{\"@id\":\"https:\/\/ch.integra-metering.com\/#organization\"},\"potentialAction\":[{\"@type\":\"SearchAction\",\"target\":{\"@type\":\"EntryPoint\",\"urlTemplate\":\"https:\/\/ch.integra-metering.com\/?s={search_term_string}\"},\"query-input\":{\"@type\":\"PropertyValueSpecification\",\"valueRequired\":true,\"valueName\":\"search_term_string\"}}],\"inLanguage\":\"fr-FR\"},{\"@type\":\"Organization\",\"@id\":\"https:\/\/ch.integra-metering.com\/#organization\",\"name\":\"INTEGRA Metering AG\",\"url\":\"https:\/\/ch.integra-metering.com\/\",\"logo\":{\"@type\":\"ImageObject\",\"inLanguage\":\"fr-FR\",\"@id\":\"https:\/\/ch.integra-metering.com\/#\/schema\/logo\/image\/\",\"url\":\"https:\/\/ch.integra-metering.com\/wp-content\/uploads\/sites\/4\/2019\/11\/integra-logo-dark.svg\",\"contentUrl\":\"https:\/\/ch.integra-metering.com\/wp-content\/uploads\/sites\/4\/2019\/11\/integra-logo-dark.svg\",\"width\":1,\"height\":1,\"caption\":\"INTEGRA Metering AG\"},\"image\":{\"@id\":\"https:\/\/ch.integra-metering.com\/#\/schema\/logo\/image\/\"},\"sameAs\":[\"https:\/\/ch.linkedin.com\/company\/aquametro-ag\"]}]}<\/script>\n<!-- \/ Yoast SEO plugin. -->","yoast_head_json":{"title":"AMFLO\u00ae MAG Pro | INTEGRA Metering AG","robots":{"index":"index","follow":"follow","max-snippet":"max-snippet:-1","max-image-preview":"max-image-preview:large","max-video-preview":"max-video-preview:-1"},"canonical":"https:\/\/ch.integra-metering.com\/fr\/product\/amflo-mag-pro\/","og_locale":"fr_FR","og_type":"article","og_title":"AMFLO\u00ae MAG Pro | INTEGRA Metering AG","og_description":"D\u00e9bitm\u00e8tre \u00e9lectromagn\u00e9tique pour la mesure de l'\u00e9nergie dans les b\u00e2timents industriels et commerciaux","og_url":"https:\/\/ch.integra-metering.com\/fr\/product\/amflo-mag-pro\/","og_site_name":"INTEGRA Metering AG","article_modified_time":"2024-09-02T14:08:21+00:00","og_image":[{"width":500,"height":500,"url":"https:\/\/ch.integra-metering.com\/wp-content\/uploads\/sites\/4\/2020\/02\/AMFLO-MAG-Pro.png","type":"image\/png"}],"twitter_card":"summary_large_image","schema":{"@context":"https:\/\/schema.org","@graph":[{"@type":"WebPage","@id":"https:\/\/ch.integra-metering.com\/fr\/product\/amflo-mag-pro\/","url":"https:\/\/ch.integra-metering.com\/fr\/product\/amflo-mag-pro\/","name":"AMFLO\u00ae MAG Pro | INTEGRA Metering AG","isPartOf":{"@id":"https:\/\/ch.integra-metering.com\/#website"},"primaryImageOfPage":{"@id":"https:\/\/ch.integra-metering.com\/fr\/product\/amflo-mag-pro\/#primaryimage"},"image":{"@id":"https:\/\/ch.integra-metering.com\/fr\/product\/amflo-mag-pro\/#primaryimage"},"thumbnailUrl":"https:\/\/ch.integra-metering.com\/wp-content\/uploads\/sites\/4\/2020\/02\/AMFLO-MAG-Pro.png","datePublished":"2020-02-16T13:58:00+00:00","dateModified":"2024-09-02T14:08:21+00:00","breadcrumb":{"@id":"https:\/\/ch.integra-metering.com\/fr\/product\/amflo-mag-pro\/#breadcrumb"},"inLanguage":"fr-FR","potentialAction":[{"@type":"ReadAction","target":["https:\/\/ch.integra-metering.com\/fr\/product\/amflo-mag-pro\/"]}]},{"@type":"ImageObject","inLanguage":"fr-FR","@id":"https:\/\/ch.integra-metering.com\/fr\/product\/amflo-mag-pro\/#primaryimage","url":"https:\/\/ch.integra-metering.com\/wp-content\/uploads\/sites\/4\/2020\/02\/AMFLO-MAG-Pro.png","contentUrl":"https:\/\/ch.integra-metering.com\/wp-content\/uploads\/sites\/4\/2020\/02\/AMFLO-MAG-Pro.png","width":500,"height":500},{"@type":"BreadcrumbList","@id":"https:\/\/ch.integra-metering.com\/fr\/product\/amflo-mag-pro\/#breadcrumb","itemListElement":[{"@type":"ListItem","position":1,"name":"Home","item":"https:\/\/ch.integra-metering.com\/fr\/"},{"@type":"ListItem","position":2,"name":"Products","item":"https:\/\/ch.integra-metering.com\/fr\/catalogue\/"},{"@type":"ListItem","position":3,"name":"AMFLO\u00ae MAG Pro"}]},{"@type":"WebSite","@id":"https:\/\/ch.integra-metering.com\/#website","url":"https:\/\/ch.integra-metering.com\/","name":"INTEGRA Metering AG","description":"Herzlich willkommen auf der neuen Aquametro Homepage | Bienvenue sur le site Aquametro Suisse","publisher":{"@id":"https:\/\/ch.integra-metering.com\/#organization"},"potentialAction":[{"@type":"SearchAction","target":{"@type":"EntryPoint","urlTemplate":"https:\/\/ch.integra-metering.com\/?s={search_term_string}"},"query-input":{"@type":"PropertyValueSpecification","valueRequired":true,"valueName":"search_term_string"}}],"inLanguage":"fr-FR"},{"@type":"Organization","@id":"https:\/\/ch.integra-metering.com\/#organization","name":"INTEGRA Metering AG","url":"https:\/\/ch.integra-metering.com\/","logo":{"@type":"ImageObject","inLanguage":"fr-FR","@id":"https:\/\/ch.integra-metering.com\/#\/schema\/logo\/image\/","url":"https:\/\/ch.integra-metering.com\/wp-content\/uploads\/sites\/4\/2019\/11\/integra-logo-dark.svg","contentUrl":"https:\/\/ch.integra-metering.com\/wp-content\/uploads\/sites\/4\/2019\/11\/integra-logo-dark.svg","width":1,"height":1,"caption":"INTEGRA Metering AG"},"image":{"@id":"https:\/\/ch.integra-metering.com\/#\/schema\/logo\/image\/"},"sameAs":["https:\/\/ch.linkedin.com\/company\/aquametro-ag"]}]}},"_links":{"self":[{"href":"https:\/\/ch.integra-metering.com\/fr\/wp-json\/wp\/v2\/product\/6802","targetHints":{"allow":["GET"]}}],"collection":[{"href":"https:\/\/ch.integra-metering.com\/fr\/wp-json\/wp\/v2\/product"}],"about":[{"href":"https:\/\/ch.integra-metering.com\/fr\/wp-json\/wp\/v2\/types\/product"}],"replies":[{"embeddable":true,"href":"https:\/\/ch.integra-metering.com\/fr\/wp-json\/wp\/v2\/comments?post=6802"}],"wp:featuredmedia":[{"embeddable":true,"href":"https:\/\/ch.integra-metering.com\/fr\/wp-json\/wp\/v2\/media\/1720"}],"wp:attachment":[{"href":"https:\/\/ch.integra-metering.com\/fr\/wp-json\/wp\/v2\/media?parent=6802"}],"wp:term":[{"taxonomy":"product-applications","embeddable":true,"href":"https:\/\/ch.integra-metering.com\/fr\/wp-json\/wp\/v2\/product-applications?post=6802"},{"taxonomy":"product-medium","embeddable":true,"href":"https:\/\/ch.integra-metering.com\/fr\/wp-json\/wp\/v2\/product-medium?post=6802"},{"taxonomy":"product-process","embeddable":true,"href":"https:\/\/ch.integra-metering.com\/fr\/wp-json\/wp\/v2\/product-process?post=6802"}],"curies":[{"name":"wp","href":"https:\/\/api.w.org\/{rel}","templated":true}]}}