{"id":6804,"date":"2020-02-21T14:06:00","date_gmt":"2020-02-21T14:06:00","guid":{"rendered":"https:\/\/ch.integra-metering.com\/?post_type=product&#038;p=6804"},"modified":"2025-08-05T07:23:10","modified_gmt":"2025-08-05T07:23:10","slug":"amflo-sonic-dryx-ii","status":"publish","type":"product","link":"https:\/\/ch.integra-metering.com\/fr\/product\/amflo-sonic-dryx-ii\/","title":{"rendered":"AMFLO\u00ae SONIC Dry-X II"},"content":{"rendered":"\n<!-- Block container# -->\n<div\n    id=\"air-tabsblock_7849f1b5813d810d79844c90d2f94f81\"\n    class=\"air-tabs tabs\"\n>\n\n<div class=\"tab-controls__container\"  airTargetDropdown>\n    <!-- Tabs controls# -->\n        <div class=\"tab-controls\"  airTargetDropdown>\n                                    <button class=\"tab-button js-tab-button--active theme-version-black\"  airTargetDropdown>\n                Caract\u00e9ristiques &amp; Avantages clients            <\/button>\n                                    <button class=\"tab-button  theme-version-black\"  airTargetDropdown>\n                Donn\u00e9es techniques            <\/button>\n                    <\/div>\n    <!-- #Tabs controls# -->\n<\/div>\n\n    <!-- #Tab content -->\n                <div class=\"tab-content active theme-version-black\">\n                <p>\u2022\u00a0 \u00a0D\u00e9bitm\u00e8tre \u00e0 ultrasons sans entretien qui peut \u00e9galement \u00eatre utilis\u00e9 comme compteur de chaleur<br \/>\n\u2022\u00a0 \u00a0Installation ais\u00e9e<br \/>\n\u2022\u00a0 \u00a0Pas de param\u00e9trage n\u00e9cessaire<br \/>\n\u2022\u00a0 \u00a0Ne n\u00e9ccessite pas de tron\u00e7ons rectiligne en amont et en aval<br \/>\n\u2022\u00a0 \u00a0Echange d\u2019\u00e9talonnage en cours d\u2019op\u00e9ration sans intervention dans l\u2019hydraulique<br \/>\n\u2022\u00a0 \u00a0R\u00e9duction des co\u00fbts d\u2019exploitation<br \/>\n\u2022\u00a0 \u00a0Pas de pi\u00e8ces mobiles dans la section de mesure<br \/>\n\u2022\u00a0 \u00a0Mesure par ultrasons pr\u00e9cise<\/p>\n            <\/div>\n    <!-- #Tab content -->\n                <div class=\"tab-content  theme-version-black\">\n                <p>\u2022\u00a0 \u00a0Diam\u00e8tre nominal DN 32 \u2013 DN 250<br \/>\n\u2022\u00a0 \u00a0Pression nominal PN16\/25\/40<br \/>\n\u2022\u00a0 \u00a0Temp\u00e9rature du fluide jusqu\u2019\u00e0 130\u00b0C<br \/>\n\u2022\u00a0 \u00a0Temp\u00e9rature ambiante 5\u00b0C \u00e0 55\u00b0C<br \/>\n\u2022\u00a0 \u00a0Tube de mesure et brides en acier inox<br \/>\n\u2022\u00a0 \u00a0Dynamique de mesure \u00e9lev\u00e9e<br \/>\n\u2022\u00a0 \u00a0Alimentation via le calculateur CALEC EM<br \/>\n\u2022\u00a0 \u00a0Indice de protection IP68<br \/>\n\u2022\u00a0 \u00a0Dynamique de mesure \u00e9lev\u00e9e 1-250<br \/>\n\u2022\u00a0 \u00a0Classe 2 selon EN 1434<br \/>\n\u2022\u00a0 \u00a0Livr\u00e9 avec c\u00e2ble coax. 10 m<br \/>\n\u2022\u00a0 \u00a0Approbation selon MI004 et PTB cold K 7.2<\/p>\n            <\/div>\n    <!-- #Tab content -->\n    <\/div>\n<!-- #Block container -->\n\n\n\n<div style=\"height:50px\" aria-hidden=\"true\" class=\"wp-block-spacer\"><\/div>\n\n\n\n<div style=\"height:0px\" aria-hidden=\"true\" class=\"wp-block-spacer\"><\/div>\n\n\n\n<figure class=\"wp-block-embed is-type-video is-provider-youtube wp-block-embed-youtube wp-embed-aspect-16-9 wp-has-aspect-ratio\"><div class=\"wp-block-embed__wrapper\">\n<iframe loading=\"lazy\" title=\"AMFLO\u00ae SONIC Dry X-II | Vid\u00e9o de pr\u00e9sentation\" width=\"500\" height=\"281\" src=\"https:\/\/www.youtube.com\/embed\/YE7tzhdnuUY?feature=oembed\" frameborder=\"0\" allow=\"accelerometer; autoplay; clipboard-write; encrypted-media; gyroscope; picture-in-picture; web-share\" referrerpolicy=\"strict-origin-when-cross-origin\" allowfullscreen><\/iframe>\n<\/div><\/figure>\n\n\n\n<div style=\"height:60px\" aria-hidden=\"true\" class=\"wp-block-spacer\"><\/div>\n\n\n\n<p class=\"has-medium-font-size\"><strong><strong>Disponible \u00e9galement comme fichier BIM (IFC) :<\/strong><\/strong><\/p>\n\n\n\n<div style=\"height:40px\" aria-hidden=\"true\" class=\"wp-block-spacer\"><\/div>\n\n\n\n<div class=\"wp-block-buttons is-horizontal is-content-justification-left is-layout-flex wp-container-core-buttons-is-layout-1 wp-block-buttons-is-layout-flex\">\n<div class=\"wp-block-button\"><a class=\"wp-block-button__link wp-element-button\" href=\"https:\/\/ch.buildup.group\/fr\/orga\/INTEGRA_Metering_AG?line=AMFLO%C2%AE%20SONIC%20Dry%20X\" style=\"border-radius:3px\" target=\"_blank\" rel=\"noreferrer noopener\">Continuer sur buildup.ch<\/a><\/div>\n<\/div>\n\n\n\n<div style=\"height:20px\" aria-hidden=\"true\" class=\"wp-block-spacer\"><\/div>\n\n\n\n<p><\/p>\n","protected":false},"excerpt":{"rendered":"<p>D\u00e9bitm\u00e8tre \u00e0 ultrasons avec un concept innovatif de remplacement<\/p>\n","protected":false},"featured_media":5758,"parent":0,"comment_status":"open","ping_status":"closed","template":"","product-applications":[257,187,255],"product-medium":[66],"product-process":[115],"class_list":["post-6804","product","type-product","status-publish","has-post-thumbnail","hentry","product-applications-chauffage-a-distance-et-local","product-applications-debitmetres","product-applications-gestion-technique-centralisee","product-medium-energie-thermique","product-process-mesurer"],"acf":[],"yoast_head":"<!-- This site is optimized with the Yoast SEO plugin v24.5 - https:\/\/yoast.com\/wordpress\/plugins\/seo\/ -->\n<title>AMFLO\u00ae SONIC Dry-X II | INTEGRA Metering AG<\/title>\n<meta name=\"robots\" content=\"index, follow, max-snippet:-1, max-image-preview:large, max-video-preview:-1\" \/>\n<link rel=\"canonical\" href=\"https:\/\/ch.integra-metering.com\/fr\/product\/amflo-sonic-dryx-ii\/\" \/>\n<meta property=\"og:locale\" content=\"fr_FR\" \/>\n<meta property=\"og:type\" content=\"article\" \/>\n<meta property=\"og:title\" content=\"AMFLO\u00ae SONIC Dry-X II | INTEGRA Metering AG\" \/>\n<meta property=\"og:description\" content=\"D\u00e9bitm\u00e8tre \u00e0 ultrasons avec un concept innovatif de remplacement\" \/>\n<meta property=\"og:url\" content=\"https:\/\/ch.integra-metering.com\/fr\/product\/amflo-sonic-dryx-ii\/\" \/>\n<meta property=\"og:site_name\" content=\"INTEGRA Metering AG\" \/>\n<meta property=\"article:modified_time\" content=\"2025-08-05T07:23:10+00:00\" \/>\n<meta property=\"og:image\" content=\"https:\/\/ch.integra-metering.com\/wp-content\/uploads\/sites\/4\/2020\/02\/AMFLO_SONIC_Dry_X_II.png\" \/>\n\t<meta property=\"og:image:width\" content=\"500\" \/>\n\t<meta property=\"og:image:height\" content=\"500\" \/>\n\t<meta property=\"og:image:type\" content=\"image\/png\" \/>\n<meta name=\"twitter:card\" content=\"summary_large_image\" \/>\n<script type=\"application\/ld+json\" class=\"yoast-schema-graph\">{\"@context\":\"https:\/\/schema.org\",\"@graph\":[{\"@type\":\"WebPage\",\"@id\":\"https:\/\/ch.integra-metering.com\/fr\/product\/amflo-sonic-dryx-ii\/\",\"url\":\"https:\/\/ch.integra-metering.com\/fr\/product\/amflo-sonic-dryx-ii\/\",\"name\":\"AMFLO\u00ae SONIC Dry-X II | INTEGRA Metering AG\",\"isPartOf\":{\"@id\":\"https:\/\/ch.integra-metering.com\/#website\"},\"primaryImageOfPage\":{\"@id\":\"https:\/\/ch.integra-metering.com\/fr\/product\/amflo-sonic-dryx-ii\/#primaryimage\"},\"image\":{\"@id\":\"https:\/\/ch.integra-metering.com\/fr\/product\/amflo-sonic-dryx-ii\/#primaryimage\"},\"thumbnailUrl\":\"https:\/\/ch.integra-metering.com\/wp-content\/uploads\/sites\/4\/2020\/02\/AMFLO_SONIC_Dry_X_II.png\",\"datePublished\":\"2020-02-21T14:06:00+00:00\",\"dateModified\":\"2025-08-05T07:23:10+00:00\",\"breadcrumb\":{\"@id\":\"https:\/\/ch.integra-metering.com\/fr\/product\/amflo-sonic-dryx-ii\/#breadcrumb\"},\"inLanguage\":\"fr-FR\",\"potentialAction\":[{\"@type\":\"ReadAction\",\"target\":[\"https:\/\/ch.integra-metering.com\/fr\/product\/amflo-sonic-dryx-ii\/\"]}]},{\"@type\":\"ImageObject\",\"inLanguage\":\"fr-FR\",\"@id\":\"https:\/\/ch.integra-metering.com\/fr\/product\/amflo-sonic-dryx-ii\/#primaryimage\",\"url\":\"https:\/\/ch.integra-metering.com\/wp-content\/uploads\/sites\/4\/2020\/02\/AMFLO_SONIC_Dry_X_II.png\",\"contentUrl\":\"https:\/\/ch.integra-metering.com\/wp-content\/uploads\/sites\/4\/2020\/02\/AMFLO_SONIC_Dry_X_II.png\",\"width\":500,\"height\":500},{\"@type\":\"BreadcrumbList\",\"@id\":\"https:\/\/ch.integra-metering.com\/fr\/product\/amflo-sonic-dryx-ii\/#breadcrumb\",\"itemListElement\":[{\"@type\":\"ListItem\",\"position\":1,\"name\":\"Home\",\"item\":\"https:\/\/ch.integra-metering.com\/fr\/\"},{\"@type\":\"ListItem\",\"position\":2,\"name\":\"Products\",\"item\":\"https:\/\/ch.integra-metering.com\/fr\/catalogue\/\"},{\"@type\":\"ListItem\",\"position\":3,\"name\":\"AMFLO\u00ae SONIC Dry-X II\"}]},{\"@type\":\"WebSite\",\"@id\":\"https:\/\/ch.integra-metering.com\/#website\",\"url\":\"https:\/\/ch.integra-metering.com\/\",\"name\":\"INTEGRA Metering AG\",\"description\":\"Herzlich willkommen auf der neuen Aquametro Homepage | Bienvenue sur le site Aquametro Suisse\",\"publisher\":{\"@id\":\"https:\/\/ch.integra-metering.com\/#organization\"},\"potentialAction\":[{\"@type\":\"SearchAction\",\"target\":{\"@type\":\"EntryPoint\",\"urlTemplate\":\"https:\/\/ch.integra-metering.com\/?s={search_term_string}\"},\"query-input\":{\"@type\":\"PropertyValueSpecification\",\"valueRequired\":true,\"valueName\":\"search_term_string\"}}],\"inLanguage\":\"fr-FR\"},{\"@type\":\"Organization\",\"@id\":\"https:\/\/ch.integra-metering.com\/#organization\",\"name\":\"INTEGRA Metering AG\",\"url\":\"https:\/\/ch.integra-metering.com\/\",\"logo\":{\"@type\":\"ImageObject\",\"inLanguage\":\"fr-FR\",\"@id\":\"https:\/\/ch.integra-metering.com\/#\/schema\/logo\/image\/\",\"url\":\"https:\/\/ch.integra-metering.com\/wp-content\/uploads\/sites\/4\/2019\/11\/integra-logo-dark.svg\",\"contentUrl\":\"https:\/\/ch.integra-metering.com\/wp-content\/uploads\/sites\/4\/2019\/11\/integra-logo-dark.svg\",\"width\":1,\"height\":1,\"caption\":\"INTEGRA Metering AG\"},\"image\":{\"@id\":\"https:\/\/ch.integra-metering.com\/#\/schema\/logo\/image\/\"},\"sameAs\":[\"https:\/\/ch.linkedin.com\/company\/aquametro-ag\"]}]}<\/script>\n<!-- \/ Yoast SEO plugin. -->","yoast_head_json":{"title":"AMFLO\u00ae SONIC Dry-X II | INTEGRA Metering AG","robots":{"index":"index","follow":"follow","max-snippet":"max-snippet:-1","max-image-preview":"max-image-preview:large","max-video-preview":"max-video-preview:-1"},"canonical":"https:\/\/ch.integra-metering.com\/fr\/product\/amflo-sonic-dryx-ii\/","og_locale":"fr_FR","og_type":"article","og_title":"AMFLO\u00ae SONIC Dry-X II | INTEGRA Metering AG","og_description":"D\u00e9bitm\u00e8tre \u00e0 ultrasons avec un concept innovatif de remplacement","og_url":"https:\/\/ch.integra-metering.com\/fr\/product\/amflo-sonic-dryx-ii\/","og_site_name":"INTEGRA Metering AG","article_modified_time":"2025-08-05T07:23:10+00:00","og_image":[{"width":500,"height":500,"url":"https:\/\/ch.integra-metering.com\/wp-content\/uploads\/sites\/4\/2020\/02\/AMFLO_SONIC_Dry_X_II.png","type":"image\/png"}],"twitter_card":"summary_large_image","schema":{"@context":"https:\/\/schema.org","@graph":[{"@type":"WebPage","@id":"https:\/\/ch.integra-metering.com\/fr\/product\/amflo-sonic-dryx-ii\/","url":"https:\/\/ch.integra-metering.com\/fr\/product\/amflo-sonic-dryx-ii\/","name":"AMFLO\u00ae SONIC Dry-X II | INTEGRA Metering AG","isPartOf":{"@id":"https:\/\/ch.integra-metering.com\/#website"},"primaryImageOfPage":{"@id":"https:\/\/ch.integra-metering.com\/fr\/product\/amflo-sonic-dryx-ii\/#primaryimage"},"image":{"@id":"https:\/\/ch.integra-metering.com\/fr\/product\/amflo-sonic-dryx-ii\/#primaryimage"},"thumbnailUrl":"https:\/\/ch.integra-metering.com\/wp-content\/uploads\/sites\/4\/2020\/02\/AMFLO_SONIC_Dry_X_II.png","datePublished":"2020-02-21T14:06:00+00:00","dateModified":"2025-08-05T07:23:10+00:00","breadcrumb":{"@id":"https:\/\/ch.integra-metering.com\/fr\/product\/amflo-sonic-dryx-ii\/#breadcrumb"},"inLanguage":"fr-FR","potentialAction":[{"@type":"ReadAction","target":["https:\/\/ch.integra-metering.com\/fr\/product\/amflo-sonic-dryx-ii\/"]}]},{"@type":"ImageObject","inLanguage":"fr-FR","@id":"https:\/\/ch.integra-metering.com\/fr\/product\/amflo-sonic-dryx-ii\/#primaryimage","url":"https:\/\/ch.integra-metering.com\/wp-content\/uploads\/sites\/4\/2020\/02\/AMFLO_SONIC_Dry_X_II.png","contentUrl":"https:\/\/ch.integra-metering.com\/wp-content\/uploads\/sites\/4\/2020\/02\/AMFLO_SONIC_Dry_X_II.png","width":500,"height":500},{"@type":"BreadcrumbList","@id":"https:\/\/ch.integra-metering.com\/fr\/product\/amflo-sonic-dryx-ii\/#breadcrumb","itemListElement":[{"@type":"ListItem","position":1,"name":"Home","item":"https:\/\/ch.integra-metering.com\/fr\/"},{"@type":"ListItem","position":2,"name":"Products","item":"https:\/\/ch.integra-metering.com\/fr\/catalogue\/"},{"@type":"ListItem","position":3,"name":"AMFLO\u00ae SONIC Dry-X II"}]},{"@type":"WebSite","@id":"https:\/\/ch.integra-metering.com\/#website","url":"https:\/\/ch.integra-metering.com\/","name":"INTEGRA Metering AG","description":"Herzlich willkommen auf der neuen Aquametro Homepage | Bienvenue sur le site Aquametro Suisse","publisher":{"@id":"https:\/\/ch.integra-metering.com\/#organization"},"potentialAction":[{"@type":"SearchAction","target":{"@type":"EntryPoint","urlTemplate":"https:\/\/ch.integra-metering.com\/?s={search_term_string}"},"query-input":{"@type":"PropertyValueSpecification","valueRequired":true,"valueName":"search_term_string"}}],"inLanguage":"fr-FR"},{"@type":"Organization","@id":"https:\/\/ch.integra-metering.com\/#organization","name":"INTEGRA Metering AG","url":"https:\/\/ch.integra-metering.com\/","logo":{"@type":"ImageObject","inLanguage":"fr-FR","@id":"https:\/\/ch.integra-metering.com\/#\/schema\/logo\/image\/","url":"https:\/\/ch.integra-metering.com\/wp-content\/uploads\/sites\/4\/2019\/11\/integra-logo-dark.svg","contentUrl":"https:\/\/ch.integra-metering.com\/wp-content\/uploads\/sites\/4\/2019\/11\/integra-logo-dark.svg","width":1,"height":1,"caption":"INTEGRA Metering AG"},"image":{"@id":"https:\/\/ch.integra-metering.com\/#\/schema\/logo\/image\/"},"sameAs":["https:\/\/ch.linkedin.com\/company\/aquametro-ag"]}]}},"_links":{"self":[{"href":"https:\/\/ch.integra-metering.com\/fr\/wp-json\/wp\/v2\/product\/6804","targetHints":{"allow":["GET"]}}],"collection":[{"href":"https:\/\/ch.integra-metering.com\/fr\/wp-json\/wp\/v2\/product"}],"about":[{"href":"https:\/\/ch.integra-metering.com\/fr\/wp-json\/wp\/v2\/types\/product"}],"replies":[{"embeddable":true,"href":"https:\/\/ch.integra-metering.com\/fr\/wp-json\/wp\/v2\/comments?post=6804"}],"wp:featuredmedia":[{"embeddable":true,"href":"https:\/\/ch.integra-metering.com\/fr\/wp-json\/wp\/v2\/media\/5758"}],"wp:attachment":[{"href":"https:\/\/ch.integra-metering.com\/fr\/wp-json\/wp\/v2\/media?parent=6804"}],"wp:term":[{"taxonomy":"product-applications","embeddable":true,"href":"https:\/\/ch.integra-metering.com\/fr\/wp-json\/wp\/v2\/product-applications?post=6804"},{"taxonomy":"product-medium","embeddable":true,"href":"https:\/\/ch.integra-metering.com\/fr\/wp-json\/wp\/v2\/product-medium?post=6804"},{"taxonomy":"product-process","embeddable":true,"href":"https:\/\/ch.integra-metering.com\/fr\/wp-json\/wp\/v2\/product-process?post=6804"}],"curies":[{"name":"wp","href":"https:\/\/api.w.org\/{rel}","templated":true}]}}