{"id":6805,"date":"2020-02-22T14:10:00","date_gmt":"2020-02-22T14:10:00","guid":{"rendered":"https:\/\/ch.integra-metering.com\/?post_type=product&#038;p=6805"},"modified":"2024-09-02T14:09:44","modified_gmt":"2024-09-02T14:09:44","slug":"amflo-sonic-smart","status":"publish","type":"product","link":"https:\/\/ch.integra-metering.com\/fr\/product\/amflo-sonic-smart\/","title":{"rendered":"AMFLO\u00ae SONIC Smart"},"content":{"rendered":"\n<!-- Block container# -->\n<div\n    id=\"air-tabsblock_9ccb1a80dd9f9e4fa285d14d38232ee6\"\n    class=\"air-tabs tabs\"\n>\n\n<div class=\"tab-controls__container\"  airTargetDropdown>\n    <!-- Tabs controls# -->\n        <div class=\"tab-controls\"  airTargetDropdown>\n                                    <button class=\"tab-button js-tab-button--active theme-version-black\"  airTargetDropdown>\n                Caract\u00e9ristiques &amp; Avantages clients            <\/button>\n                                    <button class=\"tab-button  theme-version-black\"  airTargetDropdown>\n                Donn\u00e9es techniques            <\/button>\n                    <\/div>\n    <!-- #Tabs controls# -->\n<\/div>\n\n    <!-- #Tab content -->\n                <div class=\"tab-content active theme-version-black\">\n                <p>\u2022\u00a0 \u00a0D\u00e9bitm\u00e8tre \u00e0 ultrasons sans entretien<br \/>\n\u2022\u00a0 \u00a0Installation ais\u00e9e<br \/>\n\u2022\u00a0 \u00a0Pas de param\u00e9trage n\u00e9cessaire<br \/>\n\u2022\u00a0 \u00a0Ne n\u00e9cessite pas de tron\u00e7ons rectilignes en amont et en aval<br \/>\n\u2022\u00a0 \u00a0Perte de pression tr\u00e8s faible, car pas d\u2019obstruction au niveau du tube de mesure<br \/>\n\u2022\u00a0 \u00a0Hors influence de particules, de substances chimiques ou de la magn\u00e9tite<br \/>\n\u2022\u00a0 \u00a0Mesure par ultrasons pr\u00e9cise<\/p>\n            <\/div>\n    <!-- #Tab content -->\n                <div class=\"tab-content  theme-version-black\">\n                <p>\u2022\u00a0 \u00a0Diam\u00e8tre nominal DN 20 \u2013 40<br \/>\n\u2022\u00a0 \u00a0Pression nominal PN 40 bar (version \u00e0 brides), PN 16 bar (version avec filetage)<br \/>\n\u2022\u00a0 \u00a0Temp\u00e9rature du fluide jusqu\u2019\u00e0 130\u00b0C<br \/>\n\u2022\u00a0 \u00a0Temp\u00e9rature ambiante 5 \u00b0C \u00e0 55\u00b0C<br \/>\n\u2022\u00a0 \u00a0Eau selon la recommandation europ\u00e9enne CEN\/TR 16911 (pH max. 10,5)<br \/>\n\u2022\u00a0 \u00a0Brides en acier inox<br \/>\n\u2022\u00a0 \u00a0Dynamique de mesure \u00e9lev\u00e9e<br \/>\n\u2022\u00a0 \u00a0Electronique int\u00e9gr\u00e9e<br \/>\n\u2022\u00a0 \u00a0Alimentation via le calculateur CALEC\u00ae ST II<br \/>\n\u2022\u00a0 \u00a0Indice de protection IP67<br \/>\n\u2022\u00a0 \u00a0Classe m\u00e9canique M1<br \/>\n\u2022\u00a0 \u00a0Classe CEM E1<br \/>\n\u2022\u00a0 \u00a0Plage de mesure 0.01 \u2013 10 m\/s<br \/>\n\u2022\u00a0 \u00a0Classe 2 selon EN 1434<br \/>\n\u2022\u00a0 \u00a0Alimentation via le calculateur CALEC\u00ae ST II ou CALEC\u00ae EM<br \/>\n\u2022\u00a0 \u00a0Sortie impulsions SSR (solid state relais) de 0.1L\/imp.<br \/>\n\u2022\u00a0 \u00a0Approbation selon MI004 et PTB cold K 7.2<\/p>\n            <\/div>\n    <!-- #Tab content -->\n    <\/div>\n<!-- #Block container -->\n\n\n\n<div style=\"height:60px\" aria-hidden=\"true\" class=\"wp-block-spacer\"><\/div>\n\n\n\n<p class=\"has-medium-font-size\"><strong><strong>Disponible \u00e9galement comme fichier BIM (IFC) :<\/strong><\/strong><\/p>\n\n\n\n<div style=\"height:40px\" aria-hidden=\"true\" class=\"wp-block-spacer\"><\/div>\n\n\n\n<div class=\"wp-block-buttons is-horizontal is-content-justification-left is-layout-flex wp-container-core-buttons-is-layout-1 wp-block-buttons-is-layout-flex\">\n<div class=\"wp-block-button\"><a class=\"wp-block-button__link wp-element-button\" href=\"https:\/\/ch.buildup.group\/fr\/orga\/INTEGRA_Metering_AG?line=AMFLO%C2%AE%20SONIC%20Smart\" style=\"border-radius:3px\" target=\"_blank\" rel=\"noreferrer noopener\">Continuer sur buildup.ch<\/a><\/div>\n<\/div>\n","protected":false},"excerpt":{"rendered":"<p>D\u00e9bitm\u00e8tre \u00e0 ultrasons avec \u00e9lectronique int\u00e9gr\u00e9e<\/p>\n","protected":false},"featured_media":7375,"parent":0,"comment_status":"open","ping_status":"closed","template":"","product-applications":[187,255],"product-medium":[66],"product-process":[115],"class_list":["post-6805","product","type-product","status-publish","has-post-thumbnail","hentry","product-applications-debitmetres","product-applications-gestion-technique-centralisee","product-medium-energie-thermique","product-process-mesurer"],"acf":[],"yoast_head":"<!-- This site is optimized with the Yoast SEO plugin v24.5 - https:\/\/yoast.com\/wordpress\/plugins\/seo\/ -->\n<title>AMFLO\u00ae SONIC Smart | INTEGRA Metering AG<\/title>\n<meta name=\"robots\" content=\"index, follow, max-snippet:-1, max-image-preview:large, max-video-preview:-1\" \/>\n<link rel=\"canonical\" href=\"https:\/\/ch.integra-metering.com\/fr\/product\/amflo-sonic-smart\/\" \/>\n<meta property=\"og:locale\" content=\"fr_FR\" \/>\n<meta property=\"og:type\" content=\"article\" \/>\n<meta property=\"og:title\" content=\"AMFLO\u00ae SONIC Smart | INTEGRA Metering AG\" \/>\n<meta property=\"og:description\" content=\"D\u00e9bitm\u00e8tre \u00e0 ultrasons avec \u00e9lectronique int\u00e9gr\u00e9e\" \/>\n<meta property=\"og:url\" content=\"https:\/\/ch.integra-metering.com\/fr\/product\/amflo-sonic-smart\/\" \/>\n<meta property=\"og:site_name\" content=\"INTEGRA Metering AG\" \/>\n<meta property=\"article:modified_time\" content=\"2024-09-02T14:09:44+00:00\" \/>\n<meta property=\"og:image\" content=\"https:\/\/ch.integra-metering.com\/wp-content\/uploads\/sites\/4\/2020\/02\/AMFLO-SONIC-Smart-1.png\" \/>\n\t<meta property=\"og:image:width\" content=\"500\" \/>\n\t<meta property=\"og:image:height\" content=\"500\" \/>\n\t<meta property=\"og:image:type\" content=\"image\/png\" \/>\n<meta name=\"twitter:card\" content=\"summary_large_image\" \/>\n<script type=\"application\/ld+json\" class=\"yoast-schema-graph\">{\"@context\":\"https:\/\/schema.org\",\"@graph\":[{\"@type\":\"WebPage\",\"@id\":\"https:\/\/ch.integra-metering.com\/fr\/product\/amflo-sonic-smart\/\",\"url\":\"https:\/\/ch.integra-metering.com\/fr\/product\/amflo-sonic-smart\/\",\"name\":\"AMFLO\u00ae SONIC Smart | INTEGRA Metering AG\",\"isPartOf\":{\"@id\":\"https:\/\/ch.integra-metering.com\/#website\"},\"primaryImageOfPage\":{\"@id\":\"https:\/\/ch.integra-metering.com\/fr\/product\/amflo-sonic-smart\/#primaryimage\"},\"image\":{\"@id\":\"https:\/\/ch.integra-metering.com\/fr\/product\/amflo-sonic-smart\/#primaryimage\"},\"thumbnailUrl\":\"https:\/\/ch.integra-metering.com\/wp-content\/uploads\/sites\/4\/2020\/02\/AMFLO-SONIC-Smart-1.png\",\"datePublished\":\"2020-02-22T14:10:00+00:00\",\"dateModified\":\"2024-09-02T14:09:44+00:00\",\"breadcrumb\":{\"@id\":\"https:\/\/ch.integra-metering.com\/fr\/product\/amflo-sonic-smart\/#breadcrumb\"},\"inLanguage\":\"fr-FR\",\"potentialAction\":[{\"@type\":\"ReadAction\",\"target\":[\"https:\/\/ch.integra-metering.com\/fr\/product\/amflo-sonic-smart\/\"]}]},{\"@type\":\"ImageObject\",\"inLanguage\":\"fr-FR\",\"@id\":\"https:\/\/ch.integra-metering.com\/fr\/product\/amflo-sonic-smart\/#primaryimage\",\"url\":\"https:\/\/ch.integra-metering.com\/wp-content\/uploads\/sites\/4\/2020\/02\/AMFLO-SONIC-Smart-1.png\",\"contentUrl\":\"https:\/\/ch.integra-metering.com\/wp-content\/uploads\/sites\/4\/2020\/02\/AMFLO-SONIC-Smart-1.png\",\"width\":500,\"height\":500},{\"@type\":\"BreadcrumbList\",\"@id\":\"https:\/\/ch.integra-metering.com\/fr\/product\/amflo-sonic-smart\/#breadcrumb\",\"itemListElement\":[{\"@type\":\"ListItem\",\"position\":1,\"name\":\"Home\",\"item\":\"https:\/\/ch.integra-metering.com\/fr\/\"},{\"@type\":\"ListItem\",\"position\":2,\"name\":\"Products\",\"item\":\"https:\/\/ch.integra-metering.com\/fr\/catalogue\/\"},{\"@type\":\"ListItem\",\"position\":3,\"name\":\"AMFLO\u00ae SONIC Smart\"}]},{\"@type\":\"WebSite\",\"@id\":\"https:\/\/ch.integra-metering.com\/#website\",\"url\":\"https:\/\/ch.integra-metering.com\/\",\"name\":\"INTEGRA Metering AG\",\"description\":\"Herzlich willkommen auf der neuen Aquametro Homepage | Bienvenue sur le site Aquametro Suisse\",\"publisher\":{\"@id\":\"https:\/\/ch.integra-metering.com\/#organization\"},\"potentialAction\":[{\"@type\":\"SearchAction\",\"target\":{\"@type\":\"EntryPoint\",\"urlTemplate\":\"https:\/\/ch.integra-metering.com\/?s={search_term_string}\"},\"query-input\":{\"@type\":\"PropertyValueSpecification\",\"valueRequired\":true,\"valueName\":\"search_term_string\"}}],\"inLanguage\":\"fr-FR\"},{\"@type\":\"Organization\",\"@id\":\"https:\/\/ch.integra-metering.com\/#organization\",\"name\":\"INTEGRA Metering AG\",\"url\":\"https:\/\/ch.integra-metering.com\/\",\"logo\":{\"@type\":\"ImageObject\",\"inLanguage\":\"fr-FR\",\"@id\":\"https:\/\/ch.integra-metering.com\/#\/schema\/logo\/image\/\",\"url\":\"https:\/\/ch.integra-metering.com\/wp-content\/uploads\/sites\/4\/2019\/11\/integra-logo-dark.svg\",\"contentUrl\":\"https:\/\/ch.integra-metering.com\/wp-content\/uploads\/sites\/4\/2019\/11\/integra-logo-dark.svg\",\"width\":1,\"height\":1,\"caption\":\"INTEGRA Metering AG\"},\"image\":{\"@id\":\"https:\/\/ch.integra-metering.com\/#\/schema\/logo\/image\/\"},\"sameAs\":[\"https:\/\/ch.linkedin.com\/company\/aquametro-ag\"]}]}<\/script>\n<!-- \/ Yoast SEO plugin. -->","yoast_head_json":{"title":"AMFLO\u00ae SONIC Smart | INTEGRA Metering AG","robots":{"index":"index","follow":"follow","max-snippet":"max-snippet:-1","max-image-preview":"max-image-preview:large","max-video-preview":"max-video-preview:-1"},"canonical":"https:\/\/ch.integra-metering.com\/fr\/product\/amflo-sonic-smart\/","og_locale":"fr_FR","og_type":"article","og_title":"AMFLO\u00ae SONIC Smart | INTEGRA Metering AG","og_description":"D\u00e9bitm\u00e8tre \u00e0 ultrasons avec \u00e9lectronique int\u00e9gr\u00e9e","og_url":"https:\/\/ch.integra-metering.com\/fr\/product\/amflo-sonic-smart\/","og_site_name":"INTEGRA Metering AG","article_modified_time":"2024-09-02T14:09:44+00:00","og_image":[{"width":500,"height":500,"url":"https:\/\/ch.integra-metering.com\/wp-content\/uploads\/sites\/4\/2020\/02\/AMFLO-SONIC-Smart-1.png","type":"image\/png"}],"twitter_card":"summary_large_image","schema":{"@context":"https:\/\/schema.org","@graph":[{"@type":"WebPage","@id":"https:\/\/ch.integra-metering.com\/fr\/product\/amflo-sonic-smart\/","url":"https:\/\/ch.integra-metering.com\/fr\/product\/amflo-sonic-smart\/","name":"AMFLO\u00ae SONIC Smart | INTEGRA Metering AG","isPartOf":{"@id":"https:\/\/ch.integra-metering.com\/#website"},"primaryImageOfPage":{"@id":"https:\/\/ch.integra-metering.com\/fr\/product\/amflo-sonic-smart\/#primaryimage"},"image":{"@id":"https:\/\/ch.integra-metering.com\/fr\/product\/amflo-sonic-smart\/#primaryimage"},"thumbnailUrl":"https:\/\/ch.integra-metering.com\/wp-content\/uploads\/sites\/4\/2020\/02\/AMFLO-SONIC-Smart-1.png","datePublished":"2020-02-22T14:10:00+00:00","dateModified":"2024-09-02T14:09:44+00:00","breadcrumb":{"@id":"https:\/\/ch.integra-metering.com\/fr\/product\/amflo-sonic-smart\/#breadcrumb"},"inLanguage":"fr-FR","potentialAction":[{"@type":"ReadAction","target":["https:\/\/ch.integra-metering.com\/fr\/product\/amflo-sonic-smart\/"]}]},{"@type":"ImageObject","inLanguage":"fr-FR","@id":"https:\/\/ch.integra-metering.com\/fr\/product\/amflo-sonic-smart\/#primaryimage","url":"https:\/\/ch.integra-metering.com\/wp-content\/uploads\/sites\/4\/2020\/02\/AMFLO-SONIC-Smart-1.png","contentUrl":"https:\/\/ch.integra-metering.com\/wp-content\/uploads\/sites\/4\/2020\/02\/AMFLO-SONIC-Smart-1.png","width":500,"height":500},{"@type":"BreadcrumbList","@id":"https:\/\/ch.integra-metering.com\/fr\/product\/amflo-sonic-smart\/#breadcrumb","itemListElement":[{"@type":"ListItem","position":1,"name":"Home","item":"https:\/\/ch.integra-metering.com\/fr\/"},{"@type":"ListItem","position":2,"name":"Products","item":"https:\/\/ch.integra-metering.com\/fr\/catalogue\/"},{"@type":"ListItem","position":3,"name":"AMFLO\u00ae SONIC Smart"}]},{"@type":"WebSite","@id":"https:\/\/ch.integra-metering.com\/#website","url":"https:\/\/ch.integra-metering.com\/","name":"INTEGRA Metering AG","description":"Herzlich willkommen auf der neuen Aquametro Homepage | Bienvenue sur le site Aquametro Suisse","publisher":{"@id":"https:\/\/ch.integra-metering.com\/#organization"},"potentialAction":[{"@type":"SearchAction","target":{"@type":"EntryPoint","urlTemplate":"https:\/\/ch.integra-metering.com\/?s={search_term_string}"},"query-input":{"@type":"PropertyValueSpecification","valueRequired":true,"valueName":"search_term_string"}}],"inLanguage":"fr-FR"},{"@type":"Organization","@id":"https:\/\/ch.integra-metering.com\/#organization","name":"INTEGRA Metering AG","url":"https:\/\/ch.integra-metering.com\/","logo":{"@type":"ImageObject","inLanguage":"fr-FR","@id":"https:\/\/ch.integra-metering.com\/#\/schema\/logo\/image\/","url":"https:\/\/ch.integra-metering.com\/wp-content\/uploads\/sites\/4\/2019\/11\/integra-logo-dark.svg","contentUrl":"https:\/\/ch.integra-metering.com\/wp-content\/uploads\/sites\/4\/2019\/11\/integra-logo-dark.svg","width":1,"height":1,"caption":"INTEGRA Metering AG"},"image":{"@id":"https:\/\/ch.integra-metering.com\/#\/schema\/logo\/image\/"},"sameAs":["https:\/\/ch.linkedin.com\/company\/aquametro-ag"]}]}},"_links":{"self":[{"href":"https:\/\/ch.integra-metering.com\/fr\/wp-json\/wp\/v2\/product\/6805","targetHints":{"allow":["GET"]}}],"collection":[{"href":"https:\/\/ch.integra-metering.com\/fr\/wp-json\/wp\/v2\/product"}],"about":[{"href":"https:\/\/ch.integra-metering.com\/fr\/wp-json\/wp\/v2\/types\/product"}],"replies":[{"embeddable":true,"href":"https:\/\/ch.integra-metering.com\/fr\/wp-json\/wp\/v2\/comments?post=6805"}],"wp:featuredmedia":[{"embeddable":true,"href":"https:\/\/ch.integra-metering.com\/fr\/wp-json\/wp\/v2\/media\/7375"}],"wp:attachment":[{"href":"https:\/\/ch.integra-metering.com\/fr\/wp-json\/wp\/v2\/media?parent=6805"}],"wp:term":[{"taxonomy":"product-applications","embeddable":true,"href":"https:\/\/ch.integra-metering.com\/fr\/wp-json\/wp\/v2\/product-applications?post=6805"},{"taxonomy":"product-medium","embeddable":true,"href":"https:\/\/ch.integra-metering.com\/fr\/wp-json\/wp\/v2\/product-medium?post=6805"},{"taxonomy":"product-process","embeddable":true,"href":"https:\/\/ch.integra-metering.com\/fr\/wp-json\/wp\/v2\/product-process?post=6805"}],"curies":[{"name":"wp","href":"https:\/\/api.w.org\/{rel}","templated":true}]}}