{"id":6822,"date":"2020-01-27T14:49:00","date_gmt":"2020-01-27T14:49:00","guid":{"rendered":"https:\/\/ch.integra-metering.com\/?post_type=product&#038;p=6822"},"modified":"2024-09-02T14:11:55","modified_gmt":"2024-09-02T14:11:55","slug":"amtron-sonic-d","status":"publish","type":"product","link":"https:\/\/ch.integra-metering.com\/fr\/product\/amtron-sonic-d\/","title":{"rendered":"AMTRON\u00ae SONIC D"},"content":{"rendered":"\n<!-- Block container# -->\n<div\n    id=\"air-tabsblock_f1e55901c209e2b553bcfe9fec67786f\"\n    class=\"air-tabs tabs\"\n>\n\n<div class=\"tab-controls__container\"  airTargetDropdown>\n    <!-- Tabs controls# -->\n        <div class=\"tab-controls\"  airTargetDropdown>\n                                    <button class=\"tab-button js-tab-button--active theme-version-black\"  airTargetDropdown>\n                Caract\u00e9ristiques &amp; Avantages clients            <\/button>\n                                    <button class=\"tab-button  theme-version-black\"  airTargetDropdown>\n                Donn\u00e9es techniques            <\/button>\n                    <\/div>\n    <!-- #Tabs controls# -->\n<\/div>\n\n    <!-- #Tab content -->\n                <div class=\"tab-content active theme-version-black\">\n                <p>\u2022\u00a0 \u00a0Compteur pour les mesures de froid et de chaleur<br \/>\n\u2022\u00a0 \u00a0Compteurs \u00e0 ultrasons pour la mesure de l&rsquo;\u00e9nergie dans les syst\u00e8mes de chauffage et de refroidissement, des services de construction et de l&rsquo;approvisionnement en chauffage local et urbain<br \/>\n\u2022\u00a0 \u00a0Principe de mesure statique sans pi\u00e8ces mobiles dans le tube de mesure<br \/>\n\u2022\u00a0 \u00a0Pour la mesure d\u2019\u00e9nergie dans les installations de chauffage et de climatisation<br \/>\n\u2022\u00a0 \u00a0Grande plage de mesure 1 \u2013 100 pour une gestion pr\u00e9cise de l&rsquo;\u00e9nergie<br \/>\n\u2022\u00a0 \u00a0Ne n\u00e9ccessite pas de tron\u00e7ons rectiligne en amont et en aval<br \/>\n\u2022\u00a0 \u00a0Sens de montage au choix (horizontal ou vertical, sans section d&rsquo;entr\u00e9e ou de sortie)<br \/>\n\u2022\u00a0 \u00a0Hors influence de particules, de substances chimiques ou de la magn\u00e9tite<\/p>\n            <\/div>\n    <!-- #Tab content -->\n                <div class=\"tab-content  theme-version-black\">\n                <p>\u2022\u00a0 \u00a0Diam\u00e8tre nominal DN 15 \u2013 100<br \/>\n\u2022\u00a0 \u00a0Pression nominal PN 16 bar \/ PN 25bar<br \/>\n\u2022\u00a0 \u00a0Temp\u00e9rature du fluide de 5\u00b0C \u00e0 130\u00b0C \/ 150\u00b0C<br \/>\n\u2022\u00a0 \u00a0Temp\u00e9rature ambiante 2\u00b0C \u00e0 55\u00b0C<br \/>\n\u2022\u00a0 \u00a0Corps en laiton (DN 15 \u2013 DN 40) et en acier gris (DN 50 \u2013 DN 100)<br \/>\n\u2022\u00a0 \u00a0Alimentation par pile, 24 VAC ou 230 VAC<br \/>\n\u2022\u00a0 \u00a0Indice de protection IP 54 (compteur de chaleur) IP 68 (compteur de climatisation)<br \/>\n\u2022\u00a0 \u00a0Pr\u00e9cision sup\u00e8rieur \u00e0 EN 1434 classe 2<br \/>\n\u2022\u00a0 \u00a0Ne n\u00e9ccessite pas de tron\u00e7ons rectiligne en amont et en aval<br \/>\n\u2022\u00a0 \u00a0Carte en option: M-Bus, entr\u00e9es ou sorties impulsions<br \/>\n\u2022\u00a0 \u00a0Version radio OMS pour une lecture mobile ou fixe<br \/>\n\u2022\u00a0 \u00a0M\u00e9moire 24 valeurs mensuelles<br \/>\n\u2022\u00a0 \u00a0Pr\u00e9vu pour fonctionner avec sondes de temp\u00e9rature 2 fils Pt500<br \/>\n\u2022\u00a0 \u00a02 emplacements pour accueillir des cartes de communication (M-Bus, entr\u00e9e d&rsquo;impulsion, sortie d&rsquo;impulsion, signal analogique)<\/p>\n            <\/div>\n    <!-- #Tab content -->\n    <\/div>\n<!-- #Block container -->\n\n\n\n<div style=\"height:50px\" aria-hidden=\"true\" class=\"wp-block-spacer\"><\/div>\n\n\n\n<p> <strong>Disponible \u00e9galement comme fichier BIM (IFC) :<\/strong> <\/p>\n\n\n\n<div style=\"height:30px\" aria-hidden=\"true\" class=\"wp-block-spacer\"><\/div>\n\n\n\n<div class=\"wp-block-buttons is-horizontal is-content-justification-center is-layout-flex wp-container-core-buttons-is-layout-1 wp-block-buttons-is-layout-flex\">\n<div class=\"wp-block-button aligncenter\"><a class=\"wp-block-button__link has-white-color has-text-color wp-element-button\" href=\"https:\/\/ch.buildup.group\/fr\/orga\/INTEGRA_Metering_AG?line=AMTRON%C2%AE%20SONIC%20D\" style=\"border-radius:3px\" target=\"_blank\" rel=\"noreferrer noopener\">Continuer sur buildup.ch<\/a><\/div>\n<\/div>\n","protected":false},"excerpt":{"rendered":"<p>Compteur d&rsquo;\u00e9nergie compact pour l&rsquo;automatisation des b\u00e2timents<\/p>\n","protected":false},"featured_media":3233,"parent":0,"comment_status":"open","ping_status":"closed","template":"","product-applications":[257],"product-medium":[66],"product-process":[115],"class_list":["post-6822","product","type-product","status-publish","has-post-thumbnail","hentry","product-applications-chauffage-a-distance-et-local","product-medium-energie-thermique","product-process-mesurer"],"acf":[],"yoast_head":"<!-- This site is optimized with the Yoast SEO plugin v24.5 - https:\/\/yoast.com\/wordpress\/plugins\/seo\/ -->\n<title>AMTRON\u00ae SONIC D | INTEGRA Metering AG<\/title>\n<meta name=\"robots\" content=\"index, follow, max-snippet:-1, max-image-preview:large, max-video-preview:-1\" \/>\n<link rel=\"canonical\" href=\"https:\/\/ch.integra-metering.com\/fr\/product\/amtron-sonic-d\/\" \/>\n<meta property=\"og:locale\" content=\"fr_FR\" \/>\n<meta property=\"og:type\" content=\"article\" \/>\n<meta property=\"og:title\" content=\"AMTRON\u00ae SONIC D | INTEGRA Metering AG\" \/>\n<meta property=\"og:description\" content=\"Compteur d&#039;\u00e9nergie compact pour l&#039;automatisation des b\u00e2timents\" \/>\n<meta property=\"og:url\" content=\"https:\/\/ch.integra-metering.com\/fr\/product\/amtron-sonic-d\/\" \/>\n<meta property=\"og:site_name\" content=\"INTEGRA Metering AG\" \/>\n<meta property=\"article:modified_time\" content=\"2024-09-02T14:11:55+00:00\" \/>\n<meta property=\"og:image\" content=\"https:\/\/ch.integra-metering.com\/wp-content\/uploads\/sites\/4\/2020\/05\/AMTRON-SONIC-D.png\" \/>\n\t<meta property=\"og:image:width\" content=\"500\" \/>\n\t<meta property=\"og:image:height\" content=\"500\" \/>\n\t<meta property=\"og:image:type\" content=\"image\/png\" \/>\n<meta name=\"twitter:card\" content=\"summary_large_image\" \/>\n<script type=\"application\/ld+json\" class=\"yoast-schema-graph\">{\"@context\":\"https:\/\/schema.org\",\"@graph\":[{\"@type\":\"WebPage\",\"@id\":\"https:\/\/ch.integra-metering.com\/fr\/product\/amtron-sonic-d\/\",\"url\":\"https:\/\/ch.integra-metering.com\/fr\/product\/amtron-sonic-d\/\",\"name\":\"AMTRON\u00ae SONIC D | INTEGRA Metering AG\",\"isPartOf\":{\"@id\":\"https:\/\/ch.integra-metering.com\/#website\"},\"primaryImageOfPage\":{\"@id\":\"https:\/\/ch.integra-metering.com\/fr\/product\/amtron-sonic-d\/#primaryimage\"},\"image\":{\"@id\":\"https:\/\/ch.integra-metering.com\/fr\/product\/amtron-sonic-d\/#primaryimage\"},\"thumbnailUrl\":\"https:\/\/ch.integra-metering.com\/wp-content\/uploads\/sites\/4\/2020\/05\/AMTRON-SONIC-D.png\",\"datePublished\":\"2020-01-27T14:49:00+00:00\",\"dateModified\":\"2024-09-02T14:11:55+00:00\",\"breadcrumb\":{\"@id\":\"https:\/\/ch.integra-metering.com\/fr\/product\/amtron-sonic-d\/#breadcrumb\"},\"inLanguage\":\"fr-FR\",\"potentialAction\":[{\"@type\":\"ReadAction\",\"target\":[\"https:\/\/ch.integra-metering.com\/fr\/product\/amtron-sonic-d\/\"]}]},{\"@type\":\"ImageObject\",\"inLanguage\":\"fr-FR\",\"@id\":\"https:\/\/ch.integra-metering.com\/fr\/product\/amtron-sonic-d\/#primaryimage\",\"url\":\"https:\/\/ch.integra-metering.com\/wp-content\/uploads\/sites\/4\/2020\/05\/AMTRON-SONIC-D.png\",\"contentUrl\":\"https:\/\/ch.integra-metering.com\/wp-content\/uploads\/sites\/4\/2020\/05\/AMTRON-SONIC-D.png\",\"width\":500,\"height\":500},{\"@type\":\"BreadcrumbList\",\"@id\":\"https:\/\/ch.integra-metering.com\/fr\/product\/amtron-sonic-d\/#breadcrumb\",\"itemListElement\":[{\"@type\":\"ListItem\",\"position\":1,\"name\":\"Home\",\"item\":\"https:\/\/ch.integra-metering.com\/fr\/\"},{\"@type\":\"ListItem\",\"position\":2,\"name\":\"Products\",\"item\":\"https:\/\/ch.integra-metering.com\/fr\/catalogue\/\"},{\"@type\":\"ListItem\",\"position\":3,\"name\":\"AMTRON\u00ae SONIC D\"}]},{\"@type\":\"WebSite\",\"@id\":\"https:\/\/ch.integra-metering.com\/#website\",\"url\":\"https:\/\/ch.integra-metering.com\/\",\"name\":\"INTEGRA Metering AG\",\"description\":\"Herzlich willkommen auf der neuen Aquametro Homepage | Bienvenue sur le site Aquametro Suisse\",\"publisher\":{\"@id\":\"https:\/\/ch.integra-metering.com\/#organization\"},\"potentialAction\":[{\"@type\":\"SearchAction\",\"target\":{\"@type\":\"EntryPoint\",\"urlTemplate\":\"https:\/\/ch.integra-metering.com\/?s={search_term_string}\"},\"query-input\":{\"@type\":\"PropertyValueSpecification\",\"valueRequired\":true,\"valueName\":\"search_term_string\"}}],\"inLanguage\":\"fr-FR\"},{\"@type\":\"Organization\",\"@id\":\"https:\/\/ch.integra-metering.com\/#organization\",\"name\":\"INTEGRA Metering AG\",\"url\":\"https:\/\/ch.integra-metering.com\/\",\"logo\":{\"@type\":\"ImageObject\",\"inLanguage\":\"fr-FR\",\"@id\":\"https:\/\/ch.integra-metering.com\/#\/schema\/logo\/image\/\",\"url\":\"https:\/\/ch.integra-metering.com\/wp-content\/uploads\/sites\/4\/2019\/11\/integra-logo-dark.svg\",\"contentUrl\":\"https:\/\/ch.integra-metering.com\/wp-content\/uploads\/sites\/4\/2019\/11\/integra-logo-dark.svg\",\"width\":1,\"height\":1,\"caption\":\"INTEGRA Metering AG\"},\"image\":{\"@id\":\"https:\/\/ch.integra-metering.com\/#\/schema\/logo\/image\/\"},\"sameAs\":[\"https:\/\/ch.linkedin.com\/company\/aquametro-ag\"]}]}<\/script>\n<!-- \/ Yoast SEO plugin. -->","yoast_head_json":{"title":"AMTRON\u00ae SONIC D | INTEGRA Metering AG","robots":{"index":"index","follow":"follow","max-snippet":"max-snippet:-1","max-image-preview":"max-image-preview:large","max-video-preview":"max-video-preview:-1"},"canonical":"https:\/\/ch.integra-metering.com\/fr\/product\/amtron-sonic-d\/","og_locale":"fr_FR","og_type":"article","og_title":"AMTRON\u00ae SONIC D | INTEGRA Metering AG","og_description":"Compteur d'\u00e9nergie compact pour l'automatisation des b\u00e2timents","og_url":"https:\/\/ch.integra-metering.com\/fr\/product\/amtron-sonic-d\/","og_site_name":"INTEGRA Metering AG","article_modified_time":"2024-09-02T14:11:55+00:00","og_image":[{"width":500,"height":500,"url":"https:\/\/ch.integra-metering.com\/wp-content\/uploads\/sites\/4\/2020\/05\/AMTRON-SONIC-D.png","type":"image\/png"}],"twitter_card":"summary_large_image","schema":{"@context":"https:\/\/schema.org","@graph":[{"@type":"WebPage","@id":"https:\/\/ch.integra-metering.com\/fr\/product\/amtron-sonic-d\/","url":"https:\/\/ch.integra-metering.com\/fr\/product\/amtron-sonic-d\/","name":"AMTRON\u00ae SONIC D | INTEGRA Metering AG","isPartOf":{"@id":"https:\/\/ch.integra-metering.com\/#website"},"primaryImageOfPage":{"@id":"https:\/\/ch.integra-metering.com\/fr\/product\/amtron-sonic-d\/#primaryimage"},"image":{"@id":"https:\/\/ch.integra-metering.com\/fr\/product\/amtron-sonic-d\/#primaryimage"},"thumbnailUrl":"https:\/\/ch.integra-metering.com\/wp-content\/uploads\/sites\/4\/2020\/05\/AMTRON-SONIC-D.png","datePublished":"2020-01-27T14:49:00+00:00","dateModified":"2024-09-02T14:11:55+00:00","breadcrumb":{"@id":"https:\/\/ch.integra-metering.com\/fr\/product\/amtron-sonic-d\/#breadcrumb"},"inLanguage":"fr-FR","potentialAction":[{"@type":"ReadAction","target":["https:\/\/ch.integra-metering.com\/fr\/product\/amtron-sonic-d\/"]}]},{"@type":"ImageObject","inLanguage":"fr-FR","@id":"https:\/\/ch.integra-metering.com\/fr\/product\/amtron-sonic-d\/#primaryimage","url":"https:\/\/ch.integra-metering.com\/wp-content\/uploads\/sites\/4\/2020\/05\/AMTRON-SONIC-D.png","contentUrl":"https:\/\/ch.integra-metering.com\/wp-content\/uploads\/sites\/4\/2020\/05\/AMTRON-SONIC-D.png","width":500,"height":500},{"@type":"BreadcrumbList","@id":"https:\/\/ch.integra-metering.com\/fr\/product\/amtron-sonic-d\/#breadcrumb","itemListElement":[{"@type":"ListItem","position":1,"name":"Home","item":"https:\/\/ch.integra-metering.com\/fr\/"},{"@type":"ListItem","position":2,"name":"Products","item":"https:\/\/ch.integra-metering.com\/fr\/catalogue\/"},{"@type":"ListItem","position":3,"name":"AMTRON\u00ae SONIC D"}]},{"@type":"WebSite","@id":"https:\/\/ch.integra-metering.com\/#website","url":"https:\/\/ch.integra-metering.com\/","name":"INTEGRA Metering AG","description":"Herzlich willkommen auf der neuen Aquametro Homepage | Bienvenue sur le site Aquametro Suisse","publisher":{"@id":"https:\/\/ch.integra-metering.com\/#organization"},"potentialAction":[{"@type":"SearchAction","target":{"@type":"EntryPoint","urlTemplate":"https:\/\/ch.integra-metering.com\/?s={search_term_string}"},"query-input":{"@type":"PropertyValueSpecification","valueRequired":true,"valueName":"search_term_string"}}],"inLanguage":"fr-FR"},{"@type":"Organization","@id":"https:\/\/ch.integra-metering.com\/#organization","name":"INTEGRA Metering AG","url":"https:\/\/ch.integra-metering.com\/","logo":{"@type":"ImageObject","inLanguage":"fr-FR","@id":"https:\/\/ch.integra-metering.com\/#\/schema\/logo\/image\/","url":"https:\/\/ch.integra-metering.com\/wp-content\/uploads\/sites\/4\/2019\/11\/integra-logo-dark.svg","contentUrl":"https:\/\/ch.integra-metering.com\/wp-content\/uploads\/sites\/4\/2019\/11\/integra-logo-dark.svg","width":1,"height":1,"caption":"INTEGRA Metering AG"},"image":{"@id":"https:\/\/ch.integra-metering.com\/#\/schema\/logo\/image\/"},"sameAs":["https:\/\/ch.linkedin.com\/company\/aquametro-ag"]}]}},"_links":{"self":[{"href":"https:\/\/ch.integra-metering.com\/fr\/wp-json\/wp\/v2\/product\/6822","targetHints":{"allow":["GET"]}}],"collection":[{"href":"https:\/\/ch.integra-metering.com\/fr\/wp-json\/wp\/v2\/product"}],"about":[{"href":"https:\/\/ch.integra-metering.com\/fr\/wp-json\/wp\/v2\/types\/product"}],"replies":[{"embeddable":true,"href":"https:\/\/ch.integra-metering.com\/fr\/wp-json\/wp\/v2\/comments?post=6822"}],"wp:featuredmedia":[{"embeddable":true,"href":"https:\/\/ch.integra-metering.com\/fr\/wp-json\/wp\/v2\/media\/3233"}],"wp:attachment":[{"href":"https:\/\/ch.integra-metering.com\/fr\/wp-json\/wp\/v2\/media?parent=6822"}],"wp:term":[{"taxonomy":"product-applications","embeddable":true,"href":"https:\/\/ch.integra-metering.com\/fr\/wp-json\/wp\/v2\/product-applications?post=6822"},{"taxonomy":"product-medium","embeddable":true,"href":"https:\/\/ch.integra-metering.com\/fr\/wp-json\/wp\/v2\/product-medium?post=6822"},{"taxonomy":"product-process","embeddable":true,"href":"https:\/\/ch.integra-metering.com\/fr\/wp-json\/wp\/v2\/product-process?post=6822"}],"curies":[{"name":"wp","href":"https:\/\/api.w.org\/{rel}","templated":true}]}}