{"id":6823,"date":"2020-03-27T14:56:00","date_gmt":"2020-03-27T14:56:00","guid":{"rendered":"https:\/\/ch.integra-metering.com\/?post_type=product&#038;p=6823"},"modified":"2024-09-02T14:13:33","modified_gmt":"2024-09-02T14:13:33","slug":"aquabasic-pmkb-basic","status":"publish","type":"product","link":"https:\/\/ch.integra-metering.com\/fr\/product\/aquabasic-pmkb-basic\/","title":{"rendered":"aquabasic\u00ae PMKB-basic"},"content":{"rendered":"\n<!-- Block container# -->\n<div\n    id=\"air-tabsblock_a116019e645b2e25a3ca7fbbe260c148\"\n    class=\"air-tabs tabs\"\n>\n\n<div class=\"tab-controls__container\"  airTargetDropdown>\n    <!-- Tabs controls# -->\n        <div class=\"tab-controls\"  airTargetDropdown>\n                                    <button class=\"tab-button js-tab-button--active theme-version-black\"  airTargetDropdown>\n                Caract\u00e9ristiques &amp; Avantages clients            <\/button>\n                                    <button class=\"tab-button  theme-version-black\"  airTargetDropdown>\n                Donn\u00e9es techniques            <\/button>\n                    <\/div>\n    <!-- #Tabs controls# -->\n<\/div>\n\n    <!-- #Tab content -->\n                <div class=\"tab-content active theme-version-black\">\n                <p>\u2022\u00a0 \u00a0Compteur d&rsquo;eau \u00e0 jets multiples avec rotor sec<br \/>\n\u2022\u00a0 \u00a0\u00c9quipement ult\u00e9rieur \u00e9conomique et rapide avec interface de communication radio ou filaire possible<br \/>\n\u2022\u00a0 \u00a0Flexibilit\u00e9 accrue et planification facilit\u00e9e gr\u00e2ce \u00e0 une technique de syst\u00e8me intelligente et modulaire<br \/>\n\u2022\u00a0 \u00a0Conception \u00e0 ba\u00efonnette (raccord rapide) pour des temps d&rsquo;installation courts et un remplacement facile des compteurs<br \/>\n\u2022\u00a0 \u00a0Aucune section d&rsquo;entr\u00e9e et de sortie requise<br \/>\n\u2022\u00a0 \u00a0Compteur d\u2019eau froide avec une longue dur\u00e9e de vie et stabilit\u00e9 des mesures \u00e0 long terme<br \/>\n\u2022\u00a0 \u00a0Bo\u00eetier et filetage en laiton robuste<\/p>\n            <\/div>\n    <!-- #Tab content -->\n                <div class=\"tab-content  theme-version-black\">\n                <p>\u2022\u00a0 \u00a0Pour un montage horizontal et vertical<br \/>\n\u2022\u00a0 \u00a0D\u00e9bit nominal : DN 20-25<br \/>\n\u2022\u00a0 \u00a0Pression nominal : PN 16 bar<br \/>\n\u2022\u00a0 \u00a0Plage de temp\u00e9rature de 0,1 \u00b0C \u00e0 40 \u00b0C<br \/>\n\u2022\u00a0 \u00a0Indice de protection : IP 66 (version standard) et IP 68<br \/>\n\u2022\u00a0 \u00a0Plage de mesure R160<br \/>\n\u2022\u00a0 \u00a0Classe de pr\u00e9cision 2 (OIML R49)<br \/>\n\u2022\u00a0 \u00a0Compteur \u00e0 turbine \u00e0 jets multiples en version \u00e0 rotor sec<br \/>\n\u2022\u00a0 \u00a0Unit\u00e9 de mesure rotative \u00e0 360\u00b0<br \/>\n\u2022\u00a0 \u00a0Approbation MID 2004\/22\/CE, OIML R49 (Eau)<br \/>\n\u2022\u00a0 \u00a0Agr\u00e9ment pour l&rsquo;eau potable SSIGE<\/p>\n            <\/div>\n    <!-- #Tab content -->\n    <\/div>\n<!-- #Block container -->\n\n\n\n<div style=\"height:60px\" aria-hidden=\"true\" class=\"wp-block-spacer\"><\/div>\n\n\n\n<p class=\"has-medium-font-size\"><strong><strong>Disponible \u00e9galement comme fichier BIM (IFC) :<\/strong><\/strong><\/p>\n\n\n\n<div style=\"height:40px\" aria-hidden=\"true\" class=\"wp-block-spacer\"><\/div>\n\n\n\n<div class=\"wp-block-buttons is-horizontal is-content-justification-left is-layout-flex wp-container-core-buttons-is-layout-1 wp-block-buttons-is-layout-flex\">\n<div class=\"wp-block-button\"><a class=\"wp-block-button__link wp-element-button\" href=\"https:\/\/ch.buildup.group\/fr\/orga\/INTEGRA_Metering_AG?line=aquabasic%C2%AE\" style=\"border-radius:3px\" target=\"_blank\" rel=\"noreferrer noopener\">Continuer sur buildup.ch<\/a><\/div>\n<\/div>\n","protected":false},"excerpt":{"rendered":"<p>Compteur \u00e0 h\u00e9lice \u00e0 jets multiples pour eau froide \/ fermeture \u00e0 ba\u00efonnette pour installation horizontale et verticale<\/p>\n","protected":false},"featured_media":1753,"parent":0,"comment_status":"open","ping_status":"closed","template":"","product-applications":[255,105],"product-medium":[67],"product-process":[115],"class_list":["post-6823","product","type-product","status-publish","has-post-thumbnail","hentry","product-applications-gestion-technique-centralisee","product-applications-residentiel","product-medium-eau","product-process-mesurer"],"acf":[],"yoast_head":"<!-- This site is optimized with the Yoast SEO plugin v24.5 - https:\/\/yoast.com\/wordpress\/plugins\/seo\/ -->\n<title>aquabasic\u00ae PMKB-basic | INTEGRA Metering AG<\/title>\n<meta name=\"robots\" content=\"index, follow, max-snippet:-1, max-image-preview:large, max-video-preview:-1\" \/>\n<link rel=\"canonical\" href=\"https:\/\/ch.integra-metering.com\/fr\/product\/aquabasic-pmkb-basic\/\" \/>\n<meta property=\"og:locale\" content=\"fr_FR\" \/>\n<meta property=\"og:type\" content=\"article\" \/>\n<meta property=\"og:title\" content=\"aquabasic\u00ae PMKB-basic | INTEGRA Metering AG\" \/>\n<meta property=\"og:description\" content=\"Compteur \u00e0 h\u00e9lice \u00e0 jets multiples pour eau froide \/ fermeture \u00e0 ba\u00efonnette pour installation horizontale et verticale\" \/>\n<meta property=\"og:url\" content=\"https:\/\/ch.integra-metering.com\/fr\/product\/aquabasic-pmkb-basic\/\" \/>\n<meta property=\"og:site_name\" content=\"INTEGRA Metering AG\" \/>\n<meta property=\"article:modified_time\" content=\"2024-09-02T14:13:33+00:00\" \/>\n<meta property=\"og:image\" content=\"https:\/\/ch.integra-metering.com\/wp-content\/uploads\/sites\/4\/2020\/02\/aquabasic-PMKB-basic.png\" \/>\n\t<meta property=\"og:image:width\" content=\"500\" \/>\n\t<meta property=\"og:image:height\" content=\"500\" \/>\n\t<meta property=\"og:image:type\" content=\"image\/png\" \/>\n<meta name=\"twitter:card\" content=\"summary_large_image\" \/>\n<script type=\"application\/ld+json\" class=\"yoast-schema-graph\">{\"@context\":\"https:\/\/schema.org\",\"@graph\":[{\"@type\":\"WebPage\",\"@id\":\"https:\/\/ch.integra-metering.com\/fr\/product\/aquabasic-pmkb-basic\/\",\"url\":\"https:\/\/ch.integra-metering.com\/fr\/product\/aquabasic-pmkb-basic\/\",\"name\":\"aquabasic\u00ae PMKB-basic | INTEGRA Metering AG\",\"isPartOf\":{\"@id\":\"https:\/\/ch.integra-metering.com\/#website\"},\"primaryImageOfPage\":{\"@id\":\"https:\/\/ch.integra-metering.com\/fr\/product\/aquabasic-pmkb-basic\/#primaryimage\"},\"image\":{\"@id\":\"https:\/\/ch.integra-metering.com\/fr\/product\/aquabasic-pmkb-basic\/#primaryimage\"},\"thumbnailUrl\":\"https:\/\/ch.integra-metering.com\/wp-content\/uploads\/sites\/4\/2020\/02\/aquabasic-PMKB-basic.png\",\"datePublished\":\"2020-03-27T14:56:00+00:00\",\"dateModified\":\"2024-09-02T14:13:33+00:00\",\"breadcrumb\":{\"@id\":\"https:\/\/ch.integra-metering.com\/fr\/product\/aquabasic-pmkb-basic\/#breadcrumb\"},\"inLanguage\":\"fr-FR\",\"potentialAction\":[{\"@type\":\"ReadAction\",\"target\":[\"https:\/\/ch.integra-metering.com\/fr\/product\/aquabasic-pmkb-basic\/\"]}]},{\"@type\":\"ImageObject\",\"inLanguage\":\"fr-FR\",\"@id\":\"https:\/\/ch.integra-metering.com\/fr\/product\/aquabasic-pmkb-basic\/#primaryimage\",\"url\":\"https:\/\/ch.integra-metering.com\/wp-content\/uploads\/sites\/4\/2020\/02\/aquabasic-PMKB-basic.png\",\"contentUrl\":\"https:\/\/ch.integra-metering.com\/wp-content\/uploads\/sites\/4\/2020\/02\/aquabasic-PMKB-basic.png\",\"width\":500,\"height\":500},{\"@type\":\"BreadcrumbList\",\"@id\":\"https:\/\/ch.integra-metering.com\/fr\/product\/aquabasic-pmkb-basic\/#breadcrumb\",\"itemListElement\":[{\"@type\":\"ListItem\",\"position\":1,\"name\":\"Home\",\"item\":\"https:\/\/ch.integra-metering.com\/fr\/\"},{\"@type\":\"ListItem\",\"position\":2,\"name\":\"Products\",\"item\":\"https:\/\/ch.integra-metering.com\/fr\/catalogue\/\"},{\"@type\":\"ListItem\",\"position\":3,\"name\":\"aquabasic\u00ae PMKB-basic\"}]},{\"@type\":\"WebSite\",\"@id\":\"https:\/\/ch.integra-metering.com\/#website\",\"url\":\"https:\/\/ch.integra-metering.com\/\",\"name\":\"INTEGRA Metering AG\",\"description\":\"Herzlich willkommen auf der neuen Aquametro Homepage | Bienvenue sur le site Aquametro Suisse\",\"publisher\":{\"@id\":\"https:\/\/ch.integra-metering.com\/#organization\"},\"potentialAction\":[{\"@type\":\"SearchAction\",\"target\":{\"@type\":\"EntryPoint\",\"urlTemplate\":\"https:\/\/ch.integra-metering.com\/?s={search_term_string}\"},\"query-input\":{\"@type\":\"PropertyValueSpecification\",\"valueRequired\":true,\"valueName\":\"search_term_string\"}}],\"inLanguage\":\"fr-FR\"},{\"@type\":\"Organization\",\"@id\":\"https:\/\/ch.integra-metering.com\/#organization\",\"name\":\"INTEGRA Metering AG\",\"url\":\"https:\/\/ch.integra-metering.com\/\",\"logo\":{\"@type\":\"ImageObject\",\"inLanguage\":\"fr-FR\",\"@id\":\"https:\/\/ch.integra-metering.com\/#\/schema\/logo\/image\/\",\"url\":\"https:\/\/ch.integra-metering.com\/wp-content\/uploads\/sites\/4\/2019\/11\/integra-logo-dark.svg\",\"contentUrl\":\"https:\/\/ch.integra-metering.com\/wp-content\/uploads\/sites\/4\/2019\/11\/integra-logo-dark.svg\",\"width\":1,\"height\":1,\"caption\":\"INTEGRA Metering AG\"},\"image\":{\"@id\":\"https:\/\/ch.integra-metering.com\/#\/schema\/logo\/image\/\"},\"sameAs\":[\"https:\/\/ch.linkedin.com\/company\/aquametro-ag\"]}]}<\/script>\n<!-- \/ Yoast SEO plugin. -->","yoast_head_json":{"title":"aquabasic\u00ae PMKB-basic | INTEGRA Metering AG","robots":{"index":"index","follow":"follow","max-snippet":"max-snippet:-1","max-image-preview":"max-image-preview:large","max-video-preview":"max-video-preview:-1"},"canonical":"https:\/\/ch.integra-metering.com\/fr\/product\/aquabasic-pmkb-basic\/","og_locale":"fr_FR","og_type":"article","og_title":"aquabasic\u00ae PMKB-basic | INTEGRA Metering AG","og_description":"Compteur \u00e0 h\u00e9lice \u00e0 jets multiples pour eau froide \/ fermeture \u00e0 ba\u00efonnette pour installation horizontale et verticale","og_url":"https:\/\/ch.integra-metering.com\/fr\/product\/aquabasic-pmkb-basic\/","og_site_name":"INTEGRA Metering AG","article_modified_time":"2024-09-02T14:13:33+00:00","og_image":[{"width":500,"height":500,"url":"https:\/\/ch.integra-metering.com\/wp-content\/uploads\/sites\/4\/2020\/02\/aquabasic-PMKB-basic.png","type":"image\/png"}],"twitter_card":"summary_large_image","schema":{"@context":"https:\/\/schema.org","@graph":[{"@type":"WebPage","@id":"https:\/\/ch.integra-metering.com\/fr\/product\/aquabasic-pmkb-basic\/","url":"https:\/\/ch.integra-metering.com\/fr\/product\/aquabasic-pmkb-basic\/","name":"aquabasic\u00ae PMKB-basic | INTEGRA Metering AG","isPartOf":{"@id":"https:\/\/ch.integra-metering.com\/#website"},"primaryImageOfPage":{"@id":"https:\/\/ch.integra-metering.com\/fr\/product\/aquabasic-pmkb-basic\/#primaryimage"},"image":{"@id":"https:\/\/ch.integra-metering.com\/fr\/product\/aquabasic-pmkb-basic\/#primaryimage"},"thumbnailUrl":"https:\/\/ch.integra-metering.com\/wp-content\/uploads\/sites\/4\/2020\/02\/aquabasic-PMKB-basic.png","datePublished":"2020-03-27T14:56:00+00:00","dateModified":"2024-09-02T14:13:33+00:00","breadcrumb":{"@id":"https:\/\/ch.integra-metering.com\/fr\/product\/aquabasic-pmkb-basic\/#breadcrumb"},"inLanguage":"fr-FR","potentialAction":[{"@type":"ReadAction","target":["https:\/\/ch.integra-metering.com\/fr\/product\/aquabasic-pmkb-basic\/"]}]},{"@type":"ImageObject","inLanguage":"fr-FR","@id":"https:\/\/ch.integra-metering.com\/fr\/product\/aquabasic-pmkb-basic\/#primaryimage","url":"https:\/\/ch.integra-metering.com\/wp-content\/uploads\/sites\/4\/2020\/02\/aquabasic-PMKB-basic.png","contentUrl":"https:\/\/ch.integra-metering.com\/wp-content\/uploads\/sites\/4\/2020\/02\/aquabasic-PMKB-basic.png","width":500,"height":500},{"@type":"BreadcrumbList","@id":"https:\/\/ch.integra-metering.com\/fr\/product\/aquabasic-pmkb-basic\/#breadcrumb","itemListElement":[{"@type":"ListItem","position":1,"name":"Home","item":"https:\/\/ch.integra-metering.com\/fr\/"},{"@type":"ListItem","position":2,"name":"Products","item":"https:\/\/ch.integra-metering.com\/fr\/catalogue\/"},{"@type":"ListItem","position":3,"name":"aquabasic\u00ae PMKB-basic"}]},{"@type":"WebSite","@id":"https:\/\/ch.integra-metering.com\/#website","url":"https:\/\/ch.integra-metering.com\/","name":"INTEGRA Metering AG","description":"Herzlich willkommen auf der neuen Aquametro Homepage | Bienvenue sur le site Aquametro Suisse","publisher":{"@id":"https:\/\/ch.integra-metering.com\/#organization"},"potentialAction":[{"@type":"SearchAction","target":{"@type":"EntryPoint","urlTemplate":"https:\/\/ch.integra-metering.com\/?s={search_term_string}"},"query-input":{"@type":"PropertyValueSpecification","valueRequired":true,"valueName":"search_term_string"}}],"inLanguage":"fr-FR"},{"@type":"Organization","@id":"https:\/\/ch.integra-metering.com\/#organization","name":"INTEGRA Metering AG","url":"https:\/\/ch.integra-metering.com\/","logo":{"@type":"ImageObject","inLanguage":"fr-FR","@id":"https:\/\/ch.integra-metering.com\/#\/schema\/logo\/image\/","url":"https:\/\/ch.integra-metering.com\/wp-content\/uploads\/sites\/4\/2019\/11\/integra-logo-dark.svg","contentUrl":"https:\/\/ch.integra-metering.com\/wp-content\/uploads\/sites\/4\/2019\/11\/integra-logo-dark.svg","width":1,"height":1,"caption":"INTEGRA Metering AG"},"image":{"@id":"https:\/\/ch.integra-metering.com\/#\/schema\/logo\/image\/"},"sameAs":["https:\/\/ch.linkedin.com\/company\/aquametro-ag"]}]}},"_links":{"self":[{"href":"https:\/\/ch.integra-metering.com\/fr\/wp-json\/wp\/v2\/product\/6823","targetHints":{"allow":["GET"]}}],"collection":[{"href":"https:\/\/ch.integra-metering.com\/fr\/wp-json\/wp\/v2\/product"}],"about":[{"href":"https:\/\/ch.integra-metering.com\/fr\/wp-json\/wp\/v2\/types\/product"}],"replies":[{"embeddable":true,"href":"https:\/\/ch.integra-metering.com\/fr\/wp-json\/wp\/v2\/comments?post=6823"}],"wp:featuredmedia":[{"embeddable":true,"href":"https:\/\/ch.integra-metering.com\/fr\/wp-json\/wp\/v2\/media\/1753"}],"wp:attachment":[{"href":"https:\/\/ch.integra-metering.com\/fr\/wp-json\/wp\/v2\/media?parent=6823"}],"wp:term":[{"taxonomy":"product-applications","embeddable":true,"href":"https:\/\/ch.integra-metering.com\/fr\/wp-json\/wp\/v2\/product-applications?post=6823"},{"taxonomy":"product-medium","embeddable":true,"href":"https:\/\/ch.integra-metering.com\/fr\/wp-json\/wp\/v2\/product-medium?post=6823"},{"taxonomy":"product-process","embeddable":true,"href":"https:\/\/ch.integra-metering.com\/fr\/wp-json\/wp\/v2\/product-process?post=6823"}],"curies":[{"name":"wp","href":"https:\/\/api.w.org\/{rel}","templated":true}]}}