{"id":6830,"date":"2019-12-19T15:13:00","date_gmt":"2019-12-19T15:13:00","guid":{"rendered":"https:\/\/ch.integra-metering.com\/?post_type=product&#038;p=6830"},"modified":"2024-09-05T06:34:59","modified_gmt":"2024-09-05T06:34:59","slug":"aquaradio-smart-puls","status":"publish","type":"product","link":"https:\/\/ch.integra-metering.com\/fr\/product\/aquaradio-smart-puls\/","title":{"rendered":"aquaradio\u00ae smart Puls"},"content":{"rendered":"\n<h3 class=\"wp-block-heading\" style=\"font-size:25px\"><strong><strong>IMPORTANT <\/strong>: ce produit est d\u00e9sormais archiv\u00e9 et n&rsquo;est plus disponible \u00e0 la vente.<\/strong><\/h3>\n\n\n\n<div style=\"height:60px\" aria-hidden=\"true\" class=\"wp-block-spacer\"><\/div>\n\n\n\n<!-- Block container# -->\n<div\n    id=\"air-tabsblock_30fd9b69bcb379747a7842cfdf6eca66\"\n    class=\"air-tabs tabs\"\n>\n\n<div class=\"tab-controls__container\"  airTargetDropdown>\n    <!-- Tabs controls# -->\n        <div class=\"tab-controls\"  airTargetDropdown>\n                                    <button class=\"tab-button js-tab-button--active theme-version-black\"  airTargetDropdown>\n                Caract\u00e9ristiques &amp; Avantages clients            <\/button>\n                                    <button class=\"tab-button  theme-version-black\"  airTargetDropdown>\n                Donn\u00e9es techniques            <\/button>\n                    <\/div>\n    <!-- #Tabs controls# -->\n<\/div>\n\n    <!-- #Tab content -->\n                <div class=\"tab-content active theme-version-black\">\n                <p>\u2022\u00a0 \u00a0Lecture stationnaire par radio activ\u00e9e par \u00ab\u00a0walk-by\u00a0\u00bb ou \u00ab\u00a0drive-by\u00a0\u00bb dans la bande de fr\u00e9quence 868 MHz sans licence<br \/>\n\u2022\u00a0 \u00a0Aliment\u00e9 par pile<br \/>\n\u2022\u00a0 \u00a0Lecture des compteurs sans devoir acc\u00e9der aux compteurs<br \/>\n\u2022\u00a0 \u00a0Transmission s\u00fbre des donn\u00e9es, pas d\u2019erreurs de relev\u00e9<br \/>\n\u2022\u00a0 \u00a0Transfert simple des donn\u00e9es dans votre logiciel de traitement<br \/>\n\u2022\u00a0 \u00a0Pour tous les compteurs avec g\u00e9n\u00e9rateur d&rsquo;impulsions ou sortie \u00e0 collecteur ouvert<\/p>\n            <\/div>\n    <!-- #Tab content -->\n                <div class=\"tab-content  theme-version-black\">\n                <p>\u2022\u00a0 \u00a0Protocole radio : PRIOS<br \/>\n\u2022\u00a0 \u00a0Versions \/ bande de fr\u00e9quence 868.95 MHz<br \/>\n\u2022\u00a0 \u00a0Modulation FSK<br \/>\n\u2022\u00a0 \u00a0Puissance de transmission 7 mW<br \/>\n\u2022\u00a0 \u00a0Transmission Unidirectionnelle<br \/>\n\u2022\u00a0 \u00a0Humidit\u00e9 ambiante admissible jusqu&rsquo;\u00e0 98 % d&rsquo;humidit\u00e9 relative, condensation admissible<br \/>\n\u2022\u00a0 \u00a0Port\u00e9e radio jusqu&rsquo;\u00e0 400 m en d\u00e9pendant de l&rsquo;environnement<br \/>\n\u2022\u00a0 \u00a0Interface optique IrDa pour la programmation<br \/>\n\u2022\u00a0 \u00a0Conformit\u00e9 \u00e0 la norme\u00a0 EN 60950 \u00c9quipements informatiques &#8211; Normes de s\u00e9curit\u00e9 Partie 1 : Exigences g\u00e9n\u00e9rales, EN13757-4<br \/>\n\u2022\u00a0 \u00a0Alimentation 1 pile au lithium 3,6 V<br \/>\n\u2022\u00a0 \u00a0Dur\u00e9e de vie de la batterie\u00a0 jusqu&rsquo;\u00e0 15 ans<br \/>\n\u2022\u00a0 \u00a0Intervalle de transmission\u00a0 8 s<br \/>\n\u2022\u00a0 \u00a0Alarmes : Fuite, manipulation<br \/>\n\u2022\u00a0 \u00a0D\u00e9viation max. en temps r\u00e9el typiquement 1 h par an<br \/>\n\u2022\u00a0 \u00a0Logiciel de param\u00e9trage IZAR\u00ae MOBILE 2<br \/>\n\u2022\u00a0 \u00a0Temp\u00e9rature ambiante -15 \u00b0C \u00e0 +55 \u00b0C<br \/>\n\u2022\u00a0  Temp\u00e9rature de transport\/stockage -15 \u00b0C \u00e0 +55 \u00b0C<br \/>\n\u2022\u00a0 \u00a0Indice de protection : IP 68<br \/>\n\u2022\u00a0 \u00a0Valeurs programmables : Radio marche\/arr\u00eat, num\u00e9ro de s\u00e9rie, relev\u00e9 de compteur, support, date cl\u00e9<br \/>\n\u2022\u00a0 \u00a0Dimensions : 104 mm x 42 mm x 70 mm<\/p>\n            <\/div>\n    <!-- #Tab content -->\n    <\/div>\n<!-- #Block container -->\n","protected":false},"excerpt":{"rendered":"<p>Lecture stationnaire par module radio<\/p>\n","protected":false},"featured_media":1762,"parent":0,"comment_status":"open","ping_status":"closed","template":"","product-applications":[257],"product-medium":[67,78],"product-process":[166],"class_list":["post-6830","product","type-product","status-publish","has-post-thumbnail","hentry","product-applications-chauffage-a-distance-et-local","product-medium-eau","product-medium-systemes-et-logiciels","product-process-lecture-transmission"],"acf":[],"yoast_head":"<!-- This site is optimized with the Yoast SEO plugin v24.5 - https:\/\/yoast.com\/wordpress\/plugins\/seo\/ -->\n<title>aquaradio\u00ae smart Puls | INTEGRA Metering AG<\/title>\n<meta name=\"robots\" content=\"index, follow, max-snippet:-1, max-image-preview:large, max-video-preview:-1\" \/>\n<link rel=\"canonical\" href=\"https:\/\/ch.integra-metering.com\/fr\/product\/aquaradio-smart-puls\/\" \/>\n<meta property=\"og:locale\" content=\"fr_FR\" \/>\n<meta property=\"og:type\" content=\"article\" \/>\n<meta property=\"og:title\" content=\"aquaradio\u00ae smart Puls | INTEGRA Metering AG\" \/>\n<meta property=\"og:description\" content=\"Lecture stationnaire par module radio\" \/>\n<meta property=\"og:url\" content=\"https:\/\/ch.integra-metering.com\/fr\/product\/aquaradio-smart-puls\/\" \/>\n<meta property=\"og:site_name\" content=\"INTEGRA Metering AG\" \/>\n<meta property=\"article:modified_time\" content=\"2024-09-05T06:34:59+00:00\" \/>\n<meta property=\"og:image\" content=\"https:\/\/ch.integra-metering.com\/wp-content\/uploads\/sites\/4\/2020\/02\/aquaradio-smart-M-Bus.png\" \/>\n\t<meta property=\"og:image:width\" content=\"500\" \/>\n\t<meta property=\"og:image:height\" content=\"500\" \/>\n\t<meta property=\"og:image:type\" content=\"image\/png\" \/>\n<meta name=\"twitter:card\" content=\"summary_large_image\" \/>\n<script type=\"application\/ld+json\" class=\"yoast-schema-graph\">{\"@context\":\"https:\/\/schema.org\",\"@graph\":[{\"@type\":\"WebPage\",\"@id\":\"https:\/\/ch.integra-metering.com\/fr\/product\/aquaradio-smart-puls\/\",\"url\":\"https:\/\/ch.integra-metering.com\/fr\/product\/aquaradio-smart-puls\/\",\"name\":\"aquaradio\u00ae smart Puls | INTEGRA Metering AG\",\"isPartOf\":{\"@id\":\"https:\/\/ch.integra-metering.com\/#website\"},\"primaryImageOfPage\":{\"@id\":\"https:\/\/ch.integra-metering.com\/fr\/product\/aquaradio-smart-puls\/#primaryimage\"},\"image\":{\"@id\":\"https:\/\/ch.integra-metering.com\/fr\/product\/aquaradio-smart-puls\/#primaryimage\"},\"thumbnailUrl\":\"https:\/\/ch.integra-metering.com\/wp-content\/uploads\/sites\/4\/2020\/02\/aquaradio-smart-M-Bus.png\",\"datePublished\":\"2019-12-19T15:13:00+00:00\",\"dateModified\":\"2024-09-05T06:34:59+00:00\",\"breadcrumb\":{\"@id\":\"https:\/\/ch.integra-metering.com\/fr\/product\/aquaradio-smart-puls\/#breadcrumb\"},\"inLanguage\":\"fr-FR\",\"potentialAction\":[{\"@type\":\"ReadAction\",\"target\":[\"https:\/\/ch.integra-metering.com\/fr\/product\/aquaradio-smart-puls\/\"]}]},{\"@type\":\"ImageObject\",\"inLanguage\":\"fr-FR\",\"@id\":\"https:\/\/ch.integra-metering.com\/fr\/product\/aquaradio-smart-puls\/#primaryimage\",\"url\":\"https:\/\/ch.integra-metering.com\/wp-content\/uploads\/sites\/4\/2020\/02\/aquaradio-smart-M-Bus.png\",\"contentUrl\":\"https:\/\/ch.integra-metering.com\/wp-content\/uploads\/sites\/4\/2020\/02\/aquaradio-smart-M-Bus.png\",\"width\":500,\"height\":500},{\"@type\":\"BreadcrumbList\",\"@id\":\"https:\/\/ch.integra-metering.com\/fr\/product\/aquaradio-smart-puls\/#breadcrumb\",\"itemListElement\":[{\"@type\":\"ListItem\",\"position\":1,\"name\":\"Home\",\"item\":\"https:\/\/ch.integra-metering.com\/fr\/\"},{\"@type\":\"ListItem\",\"position\":2,\"name\":\"Products\",\"item\":\"https:\/\/ch.integra-metering.com\/fr\/catalogue\/\"},{\"@type\":\"ListItem\",\"position\":3,\"name\":\"aquaradio\u00ae smart Puls\"}]},{\"@type\":\"WebSite\",\"@id\":\"https:\/\/ch.integra-metering.com\/#website\",\"url\":\"https:\/\/ch.integra-metering.com\/\",\"name\":\"INTEGRA Metering AG\",\"description\":\"Herzlich willkommen auf der neuen Aquametro Homepage | Bienvenue sur le site Aquametro Suisse\",\"publisher\":{\"@id\":\"https:\/\/ch.integra-metering.com\/#organization\"},\"potentialAction\":[{\"@type\":\"SearchAction\",\"target\":{\"@type\":\"EntryPoint\",\"urlTemplate\":\"https:\/\/ch.integra-metering.com\/?s={search_term_string}\"},\"query-input\":{\"@type\":\"PropertyValueSpecification\",\"valueRequired\":true,\"valueName\":\"search_term_string\"}}],\"inLanguage\":\"fr-FR\"},{\"@type\":\"Organization\",\"@id\":\"https:\/\/ch.integra-metering.com\/#organization\",\"name\":\"INTEGRA Metering AG\",\"url\":\"https:\/\/ch.integra-metering.com\/\",\"logo\":{\"@type\":\"ImageObject\",\"inLanguage\":\"fr-FR\",\"@id\":\"https:\/\/ch.integra-metering.com\/#\/schema\/logo\/image\/\",\"url\":\"https:\/\/ch.integra-metering.com\/wp-content\/uploads\/sites\/4\/2019\/11\/integra-logo-dark.svg\",\"contentUrl\":\"https:\/\/ch.integra-metering.com\/wp-content\/uploads\/sites\/4\/2019\/11\/integra-logo-dark.svg\",\"width\":1,\"height\":1,\"caption\":\"INTEGRA Metering AG\"},\"image\":{\"@id\":\"https:\/\/ch.integra-metering.com\/#\/schema\/logo\/image\/\"},\"sameAs\":[\"https:\/\/ch.linkedin.com\/company\/aquametro-ag\"]}]}<\/script>\n<!-- \/ Yoast SEO plugin. -->","yoast_head_json":{"title":"aquaradio\u00ae smart Puls | INTEGRA Metering AG","robots":{"index":"index","follow":"follow","max-snippet":"max-snippet:-1","max-image-preview":"max-image-preview:large","max-video-preview":"max-video-preview:-1"},"canonical":"https:\/\/ch.integra-metering.com\/fr\/product\/aquaradio-smart-puls\/","og_locale":"fr_FR","og_type":"article","og_title":"aquaradio\u00ae smart Puls | INTEGRA Metering AG","og_description":"Lecture stationnaire par module radio","og_url":"https:\/\/ch.integra-metering.com\/fr\/product\/aquaradio-smart-puls\/","og_site_name":"INTEGRA Metering AG","article_modified_time":"2024-09-05T06:34:59+00:00","og_image":[{"width":500,"height":500,"url":"https:\/\/ch.integra-metering.com\/wp-content\/uploads\/sites\/4\/2020\/02\/aquaradio-smart-M-Bus.png","type":"image\/png"}],"twitter_card":"summary_large_image","schema":{"@context":"https:\/\/schema.org","@graph":[{"@type":"WebPage","@id":"https:\/\/ch.integra-metering.com\/fr\/product\/aquaradio-smart-puls\/","url":"https:\/\/ch.integra-metering.com\/fr\/product\/aquaradio-smart-puls\/","name":"aquaradio\u00ae smart Puls | INTEGRA Metering AG","isPartOf":{"@id":"https:\/\/ch.integra-metering.com\/#website"},"primaryImageOfPage":{"@id":"https:\/\/ch.integra-metering.com\/fr\/product\/aquaradio-smart-puls\/#primaryimage"},"image":{"@id":"https:\/\/ch.integra-metering.com\/fr\/product\/aquaradio-smart-puls\/#primaryimage"},"thumbnailUrl":"https:\/\/ch.integra-metering.com\/wp-content\/uploads\/sites\/4\/2020\/02\/aquaradio-smart-M-Bus.png","datePublished":"2019-12-19T15:13:00+00:00","dateModified":"2024-09-05T06:34:59+00:00","breadcrumb":{"@id":"https:\/\/ch.integra-metering.com\/fr\/product\/aquaradio-smart-puls\/#breadcrumb"},"inLanguage":"fr-FR","potentialAction":[{"@type":"ReadAction","target":["https:\/\/ch.integra-metering.com\/fr\/product\/aquaradio-smart-puls\/"]}]},{"@type":"ImageObject","inLanguage":"fr-FR","@id":"https:\/\/ch.integra-metering.com\/fr\/product\/aquaradio-smart-puls\/#primaryimage","url":"https:\/\/ch.integra-metering.com\/wp-content\/uploads\/sites\/4\/2020\/02\/aquaradio-smart-M-Bus.png","contentUrl":"https:\/\/ch.integra-metering.com\/wp-content\/uploads\/sites\/4\/2020\/02\/aquaradio-smart-M-Bus.png","width":500,"height":500},{"@type":"BreadcrumbList","@id":"https:\/\/ch.integra-metering.com\/fr\/product\/aquaradio-smart-puls\/#breadcrumb","itemListElement":[{"@type":"ListItem","position":1,"name":"Home","item":"https:\/\/ch.integra-metering.com\/fr\/"},{"@type":"ListItem","position":2,"name":"Products","item":"https:\/\/ch.integra-metering.com\/fr\/catalogue\/"},{"@type":"ListItem","position":3,"name":"aquaradio\u00ae smart Puls"}]},{"@type":"WebSite","@id":"https:\/\/ch.integra-metering.com\/#website","url":"https:\/\/ch.integra-metering.com\/","name":"INTEGRA Metering AG","description":"Herzlich willkommen auf der neuen Aquametro Homepage | Bienvenue sur le site Aquametro Suisse","publisher":{"@id":"https:\/\/ch.integra-metering.com\/#organization"},"potentialAction":[{"@type":"SearchAction","target":{"@type":"EntryPoint","urlTemplate":"https:\/\/ch.integra-metering.com\/?s={search_term_string}"},"query-input":{"@type":"PropertyValueSpecification","valueRequired":true,"valueName":"search_term_string"}}],"inLanguage":"fr-FR"},{"@type":"Organization","@id":"https:\/\/ch.integra-metering.com\/#organization","name":"INTEGRA Metering AG","url":"https:\/\/ch.integra-metering.com\/","logo":{"@type":"ImageObject","inLanguage":"fr-FR","@id":"https:\/\/ch.integra-metering.com\/#\/schema\/logo\/image\/","url":"https:\/\/ch.integra-metering.com\/wp-content\/uploads\/sites\/4\/2019\/11\/integra-logo-dark.svg","contentUrl":"https:\/\/ch.integra-metering.com\/wp-content\/uploads\/sites\/4\/2019\/11\/integra-logo-dark.svg","width":1,"height":1,"caption":"INTEGRA Metering AG"},"image":{"@id":"https:\/\/ch.integra-metering.com\/#\/schema\/logo\/image\/"},"sameAs":["https:\/\/ch.linkedin.com\/company\/aquametro-ag"]}]}},"_links":{"self":[{"href":"https:\/\/ch.integra-metering.com\/fr\/wp-json\/wp\/v2\/product\/6830","targetHints":{"allow":["GET"]}}],"collection":[{"href":"https:\/\/ch.integra-metering.com\/fr\/wp-json\/wp\/v2\/product"}],"about":[{"href":"https:\/\/ch.integra-metering.com\/fr\/wp-json\/wp\/v2\/types\/product"}],"replies":[{"embeddable":true,"href":"https:\/\/ch.integra-metering.com\/fr\/wp-json\/wp\/v2\/comments?post=6830"}],"wp:featuredmedia":[{"embeddable":true,"href":"https:\/\/ch.integra-metering.com\/fr\/wp-json\/wp\/v2\/media\/1762"}],"wp:attachment":[{"href":"https:\/\/ch.integra-metering.com\/fr\/wp-json\/wp\/v2\/media?parent=6830"}],"wp:term":[{"taxonomy":"product-applications","embeddable":true,"href":"https:\/\/ch.integra-metering.com\/fr\/wp-json\/wp\/v2\/product-applications?post=6830"},{"taxonomy":"product-medium","embeddable":true,"href":"https:\/\/ch.integra-metering.com\/fr\/wp-json\/wp\/v2\/product-medium?post=6830"},{"taxonomy":"product-process","embeddable":true,"href":"https:\/\/ch.integra-metering.com\/fr\/wp-json\/wp\/v2\/product-process?post=6830"}],"curies":[{"name":"wp","href":"https:\/\/api.w.org\/{rel}","templated":true}]}}