{"id":6834,"date":"2019-12-20T15:23:00","date_gmt":"2019-12-20T15:23:00","guid":{"rendered":"https:\/\/ch.integra-metering.com\/?post_type=product&#038;p=6834"},"modified":"2024-09-05T06:34:50","modified_gmt":"2024-09-05T06:34:50","slug":"aquaradio-smart-m-bus","status":"publish","type":"product","link":"https:\/\/ch.integra-metering.com\/fr\/product\/aquaradio-smart-m-bus\/","title":{"rendered":"aquaradio\u00ae smart M-Bus"},"content":{"rendered":"\n<h3 class=\"wp-block-heading\" style=\"font-size:25px\"><strong><strong>IMPORTANT <\/strong>: ce produit est d\u00e9sormais archiv\u00e9 et n&rsquo;est plus disponible \u00e0 la vente.<\/strong><\/h3>\n\n\n\n<div style=\"height:60px\" aria-hidden=\"true\" class=\"wp-block-spacer\"><\/div>\n\n\n\n<!-- Block container# -->\n<div\n    id=\"air-tabsblock_4da4cd51f368d8cbdc405b705c29e099\"\n    class=\"air-tabs tabs\"\n>\n\n<div class=\"tab-controls__container\"  airTargetDropdown>\n    <!-- Tabs controls# -->\n        <div class=\"tab-controls\"  airTargetDropdown>\n                                    <button class=\"tab-button js-tab-button--active theme-version-black\"  airTargetDropdown>\n                Caract\u00e9ristiques &amp; Avantages clients            <\/button>\n                                    <button class=\"tab-button  theme-version-black\"  airTargetDropdown>\n                Donn\u00e9es techniques            <\/button>\n                    <\/div>\n    <!-- #Tabs controls# -->\n<\/div>\n\n    <!-- #Tab content -->\n                <div class=\"tab-content active theme-version-black\">\n                <p>\u2022\u00a0 \u00a0Lecture stationnaire par radio activ\u00e9e par \u00ab\u00a0walk-by\u00a0\u00bb ou \u00ab\u00a0drive-by\u00a0\u00bb dans la bande de fr\u00e9quence 868 MHz sans licence<br \/>\n\u2022\u00a0 \u00a0Aliment\u00e9 par pile<br \/>\n\u2022\u00a0 \u00a0Param\u00e9trage pas n\u00e9cessaire<br \/>\n\u2022\u00a0 \u00a0Emetteur-r\u00e9cepteur de comptage intelligent con\u00e7u pour la mise en \u0153uvre d&rsquo;un r\u00e9seau radio fixe bas\u00e9 sur la sp\u00e9cification du syst\u00e8me de comptage ouvert (OMS-S)<br \/>\n\u2022\u00a0 \u00a0Lecture des compteurs sans devoir acc\u00e9der aux compteurs<br \/>\n\u2022\u00a0 \u00a0Transmission s\u00fbre des donn\u00e9es, pas d\u2019erreurs de relev\u00e9 par Smart Metering : compatible avec wM-Bus et OMS<br \/>\n\u2022\u00a0 \u00a0Transfert simple des donn\u00e9es dans votre logiciel de traitement<br \/>\n\u2022\u00a0 \u00a0Pour tous les compteurs avec g\u00e9n\u00e9rateur d&rsquo;impulsions ou sortie \u00e0 collecteur ouvert<\/p>\n            <\/div>\n    <!-- #Tab content -->\n                <div class=\"tab-content  theme-version-black\">\n                <p>\u2022\u00a0 \u00a0Protocole radio OMS 2.0<br \/>\n\u2022\u00a0 \u00a0Entr\u00e9e M-Bus<br \/>\n\u2022\u00a0 \u00a0Versions \/ bande de fr\u00e9quence 868.95 MHz wM-Bus selon l\u2019OMS<br \/>\n\u2022\u00a0 \u00a0Modulation FSK<br \/>\n\u2022\u00a0 \u00a0Puissance de transmission 7 mW<br \/>\n\u2022\u00a0 \u00a0Transmission Unidirectionnelle<br \/>\n\u2022\u00a0 \u00a0Port\u00e9e radio Jusqu&rsquo;\u00e0 400 m en d\u00e9pendant de l&rsquo;environnement.<br \/>\n\u2022\u00a0 \u00a0Interface optique IrDa pour la programmation<br \/>\n\u2022\u00a0 \u00a0Alimentation 2 piles au lithium 3,6 V<br \/>\n\u2022\u00a0 \u00a0Dur\u00e9e de vie de la batterie jusqu&rsquo;\u00e0 12 ans<br \/>\n\u2022\u00a0 \u00a0Alimentation externe AC 7.5 V \u00e0 24 V, I = 10 mA; DC 5 V \u00e0 24 V; I = 10 mA<br \/>\n\u2022\u00a0 \u00a0Intervalle de transmission : En fonction de la longueur du t\u00e9l\u00e9gramme 8 s \u00e0 16 s<br \/>\n\u2022\u00a0 \u00a0D\u00e9viation max. en temps r\u00e9el Typiquement 1 h par an<br \/>\n\u2022\u00a0 \u00a0Logiciel de param\u00e9trage IZAR\u00ae MOBILE 2<br \/>\n\u2022\u00a0 \u00a0Temp\u00e9rature ambiante -15 \u00b0C \u00e0 +55 \u00b0C<br \/>\n\u2022\u00a0 \u00a0Temp\u00e9rature de transport\/stockage -15 \u00b0C \u00e0 +55 \u00b0C<br \/>\n\u2022\u00a0 \u00a0Indice de protection : IP 68<br \/>\n\u2022\u00a0 \u00a0Valeurs programmables : Radio marche\/arr\u00eat, type de compteur<br \/>\n\u2022\u00a0 \u00a0Dimensions : 104 mm x 42 mm x 70 mm<\/p>\n            <\/div>\n    <!-- #Tab content -->\n    <\/div>\n<!-- #Block container -->\n","protected":false},"excerpt":{"rendered":"<p>Module de communication M-Bus pour compteurs d\u2019eau m\u00e9caniques<\/p>\n","protected":false},"featured_media":1762,"parent":0,"comment_status":"open","ping_status":"closed","template":"","product-applications":[189,257,255],"product-medium":[67,66,78],"product-process":[166],"class_list":["post-6834","product","type-product","status-publish","has-post-thumbnail","hentry","product-applications-appareils-de-communication","product-applications-chauffage-a-distance-et-local","product-applications-gestion-technique-centralisee","product-medium-eau","product-medium-energie-thermique","product-medium-systemes-et-logiciels","product-process-lecture-transmission"],"acf":[],"yoast_head":"<!-- This site is optimized with the Yoast SEO plugin v24.5 - https:\/\/yoast.com\/wordpress\/plugins\/seo\/ -->\n<title>aquaradio\u00ae smart M-Bus | INTEGRA Metering AG<\/title>\n<meta name=\"robots\" content=\"index, follow, max-snippet:-1, max-image-preview:large, max-video-preview:-1\" \/>\n<link rel=\"canonical\" href=\"https:\/\/ch.integra-metering.com\/fr\/product\/aquaradio-smart-m-bus\/\" \/>\n<meta property=\"og:locale\" content=\"fr_FR\" \/>\n<meta property=\"og:type\" content=\"article\" \/>\n<meta property=\"og:title\" content=\"aquaradio\u00ae smart M-Bus | INTEGRA Metering AG\" \/>\n<meta property=\"og:description\" content=\"Module de communication M-Bus pour compteurs d\u2019eau m\u00e9caniques\" \/>\n<meta property=\"og:url\" content=\"https:\/\/ch.integra-metering.com\/fr\/product\/aquaradio-smart-m-bus\/\" \/>\n<meta property=\"og:site_name\" content=\"INTEGRA Metering AG\" \/>\n<meta property=\"article:modified_time\" content=\"2024-09-05T06:34:50+00:00\" \/>\n<meta property=\"og:image\" content=\"https:\/\/ch.integra-metering.com\/wp-content\/uploads\/sites\/4\/2020\/02\/aquaradio-smart-M-Bus.png\" \/>\n\t<meta property=\"og:image:width\" content=\"500\" \/>\n\t<meta property=\"og:image:height\" content=\"500\" \/>\n\t<meta property=\"og:image:type\" content=\"image\/png\" \/>\n<meta name=\"twitter:card\" content=\"summary_large_image\" \/>\n<script type=\"application\/ld+json\" class=\"yoast-schema-graph\">{\"@context\":\"https:\/\/schema.org\",\"@graph\":[{\"@type\":\"WebPage\",\"@id\":\"https:\/\/ch.integra-metering.com\/fr\/product\/aquaradio-smart-m-bus\/\",\"url\":\"https:\/\/ch.integra-metering.com\/fr\/product\/aquaradio-smart-m-bus\/\",\"name\":\"aquaradio\u00ae smart M-Bus | INTEGRA Metering AG\",\"isPartOf\":{\"@id\":\"https:\/\/ch.integra-metering.com\/#website\"},\"primaryImageOfPage\":{\"@id\":\"https:\/\/ch.integra-metering.com\/fr\/product\/aquaradio-smart-m-bus\/#primaryimage\"},\"image\":{\"@id\":\"https:\/\/ch.integra-metering.com\/fr\/product\/aquaradio-smart-m-bus\/#primaryimage\"},\"thumbnailUrl\":\"https:\/\/ch.integra-metering.com\/wp-content\/uploads\/sites\/4\/2020\/02\/aquaradio-smart-M-Bus.png\",\"datePublished\":\"2019-12-20T15:23:00+00:00\",\"dateModified\":\"2024-09-05T06:34:50+00:00\",\"breadcrumb\":{\"@id\":\"https:\/\/ch.integra-metering.com\/fr\/product\/aquaradio-smart-m-bus\/#breadcrumb\"},\"inLanguage\":\"fr-FR\",\"potentialAction\":[{\"@type\":\"ReadAction\",\"target\":[\"https:\/\/ch.integra-metering.com\/fr\/product\/aquaradio-smart-m-bus\/\"]}]},{\"@type\":\"ImageObject\",\"inLanguage\":\"fr-FR\",\"@id\":\"https:\/\/ch.integra-metering.com\/fr\/product\/aquaradio-smart-m-bus\/#primaryimage\",\"url\":\"https:\/\/ch.integra-metering.com\/wp-content\/uploads\/sites\/4\/2020\/02\/aquaradio-smart-M-Bus.png\",\"contentUrl\":\"https:\/\/ch.integra-metering.com\/wp-content\/uploads\/sites\/4\/2020\/02\/aquaradio-smart-M-Bus.png\",\"width\":500,\"height\":500},{\"@type\":\"BreadcrumbList\",\"@id\":\"https:\/\/ch.integra-metering.com\/fr\/product\/aquaradio-smart-m-bus\/#breadcrumb\",\"itemListElement\":[{\"@type\":\"ListItem\",\"position\":1,\"name\":\"Home\",\"item\":\"https:\/\/ch.integra-metering.com\/fr\/\"},{\"@type\":\"ListItem\",\"position\":2,\"name\":\"Products\",\"item\":\"https:\/\/ch.integra-metering.com\/fr\/catalogue\/\"},{\"@type\":\"ListItem\",\"position\":3,\"name\":\"aquaradio\u00ae smart M-Bus\"}]},{\"@type\":\"WebSite\",\"@id\":\"https:\/\/ch.integra-metering.com\/#website\",\"url\":\"https:\/\/ch.integra-metering.com\/\",\"name\":\"INTEGRA Metering AG\",\"description\":\"Herzlich willkommen auf der neuen Aquametro Homepage | Bienvenue sur le site Aquametro Suisse\",\"publisher\":{\"@id\":\"https:\/\/ch.integra-metering.com\/#organization\"},\"potentialAction\":[{\"@type\":\"SearchAction\",\"target\":{\"@type\":\"EntryPoint\",\"urlTemplate\":\"https:\/\/ch.integra-metering.com\/?s={search_term_string}\"},\"query-input\":{\"@type\":\"PropertyValueSpecification\",\"valueRequired\":true,\"valueName\":\"search_term_string\"}}],\"inLanguage\":\"fr-FR\"},{\"@type\":\"Organization\",\"@id\":\"https:\/\/ch.integra-metering.com\/#organization\",\"name\":\"INTEGRA Metering AG\",\"url\":\"https:\/\/ch.integra-metering.com\/\",\"logo\":{\"@type\":\"ImageObject\",\"inLanguage\":\"fr-FR\",\"@id\":\"https:\/\/ch.integra-metering.com\/#\/schema\/logo\/image\/\",\"url\":\"https:\/\/ch.integra-metering.com\/wp-content\/uploads\/sites\/4\/2019\/11\/integra-logo-dark.svg\",\"contentUrl\":\"https:\/\/ch.integra-metering.com\/wp-content\/uploads\/sites\/4\/2019\/11\/integra-logo-dark.svg\",\"width\":1,\"height\":1,\"caption\":\"INTEGRA Metering AG\"},\"image\":{\"@id\":\"https:\/\/ch.integra-metering.com\/#\/schema\/logo\/image\/\"},\"sameAs\":[\"https:\/\/ch.linkedin.com\/company\/aquametro-ag\"]}]}<\/script>\n<!-- \/ Yoast SEO plugin. -->","yoast_head_json":{"title":"aquaradio\u00ae smart M-Bus | INTEGRA Metering AG","robots":{"index":"index","follow":"follow","max-snippet":"max-snippet:-1","max-image-preview":"max-image-preview:large","max-video-preview":"max-video-preview:-1"},"canonical":"https:\/\/ch.integra-metering.com\/fr\/product\/aquaradio-smart-m-bus\/","og_locale":"fr_FR","og_type":"article","og_title":"aquaradio\u00ae smart M-Bus | INTEGRA Metering AG","og_description":"Module de communication M-Bus pour compteurs d\u2019eau m\u00e9caniques","og_url":"https:\/\/ch.integra-metering.com\/fr\/product\/aquaradio-smart-m-bus\/","og_site_name":"INTEGRA Metering AG","article_modified_time":"2024-09-05T06:34:50+00:00","og_image":[{"width":500,"height":500,"url":"https:\/\/ch.integra-metering.com\/wp-content\/uploads\/sites\/4\/2020\/02\/aquaradio-smart-M-Bus.png","type":"image\/png"}],"twitter_card":"summary_large_image","schema":{"@context":"https:\/\/schema.org","@graph":[{"@type":"WebPage","@id":"https:\/\/ch.integra-metering.com\/fr\/product\/aquaradio-smart-m-bus\/","url":"https:\/\/ch.integra-metering.com\/fr\/product\/aquaradio-smart-m-bus\/","name":"aquaradio\u00ae smart M-Bus | INTEGRA Metering AG","isPartOf":{"@id":"https:\/\/ch.integra-metering.com\/#website"},"primaryImageOfPage":{"@id":"https:\/\/ch.integra-metering.com\/fr\/product\/aquaradio-smart-m-bus\/#primaryimage"},"image":{"@id":"https:\/\/ch.integra-metering.com\/fr\/product\/aquaradio-smart-m-bus\/#primaryimage"},"thumbnailUrl":"https:\/\/ch.integra-metering.com\/wp-content\/uploads\/sites\/4\/2020\/02\/aquaradio-smart-M-Bus.png","datePublished":"2019-12-20T15:23:00+00:00","dateModified":"2024-09-05T06:34:50+00:00","breadcrumb":{"@id":"https:\/\/ch.integra-metering.com\/fr\/product\/aquaradio-smart-m-bus\/#breadcrumb"},"inLanguage":"fr-FR","potentialAction":[{"@type":"ReadAction","target":["https:\/\/ch.integra-metering.com\/fr\/product\/aquaradio-smart-m-bus\/"]}]},{"@type":"ImageObject","inLanguage":"fr-FR","@id":"https:\/\/ch.integra-metering.com\/fr\/product\/aquaradio-smart-m-bus\/#primaryimage","url":"https:\/\/ch.integra-metering.com\/wp-content\/uploads\/sites\/4\/2020\/02\/aquaradio-smart-M-Bus.png","contentUrl":"https:\/\/ch.integra-metering.com\/wp-content\/uploads\/sites\/4\/2020\/02\/aquaradio-smart-M-Bus.png","width":500,"height":500},{"@type":"BreadcrumbList","@id":"https:\/\/ch.integra-metering.com\/fr\/product\/aquaradio-smart-m-bus\/#breadcrumb","itemListElement":[{"@type":"ListItem","position":1,"name":"Home","item":"https:\/\/ch.integra-metering.com\/fr\/"},{"@type":"ListItem","position":2,"name":"Products","item":"https:\/\/ch.integra-metering.com\/fr\/catalogue\/"},{"@type":"ListItem","position":3,"name":"aquaradio\u00ae smart M-Bus"}]},{"@type":"WebSite","@id":"https:\/\/ch.integra-metering.com\/#website","url":"https:\/\/ch.integra-metering.com\/","name":"INTEGRA Metering AG","description":"Herzlich willkommen auf der neuen Aquametro Homepage | Bienvenue sur le site Aquametro Suisse","publisher":{"@id":"https:\/\/ch.integra-metering.com\/#organization"},"potentialAction":[{"@type":"SearchAction","target":{"@type":"EntryPoint","urlTemplate":"https:\/\/ch.integra-metering.com\/?s={search_term_string}"},"query-input":{"@type":"PropertyValueSpecification","valueRequired":true,"valueName":"search_term_string"}}],"inLanguage":"fr-FR"},{"@type":"Organization","@id":"https:\/\/ch.integra-metering.com\/#organization","name":"INTEGRA Metering AG","url":"https:\/\/ch.integra-metering.com\/","logo":{"@type":"ImageObject","inLanguage":"fr-FR","@id":"https:\/\/ch.integra-metering.com\/#\/schema\/logo\/image\/","url":"https:\/\/ch.integra-metering.com\/wp-content\/uploads\/sites\/4\/2019\/11\/integra-logo-dark.svg","contentUrl":"https:\/\/ch.integra-metering.com\/wp-content\/uploads\/sites\/4\/2019\/11\/integra-logo-dark.svg","width":1,"height":1,"caption":"INTEGRA Metering AG"},"image":{"@id":"https:\/\/ch.integra-metering.com\/#\/schema\/logo\/image\/"},"sameAs":["https:\/\/ch.linkedin.com\/company\/aquametro-ag"]}]}},"_links":{"self":[{"href":"https:\/\/ch.integra-metering.com\/fr\/wp-json\/wp\/v2\/product\/6834","targetHints":{"allow":["GET"]}}],"collection":[{"href":"https:\/\/ch.integra-metering.com\/fr\/wp-json\/wp\/v2\/product"}],"about":[{"href":"https:\/\/ch.integra-metering.com\/fr\/wp-json\/wp\/v2\/types\/product"}],"replies":[{"embeddable":true,"href":"https:\/\/ch.integra-metering.com\/fr\/wp-json\/wp\/v2\/comments?post=6834"}],"wp:featuredmedia":[{"embeddable":true,"href":"https:\/\/ch.integra-metering.com\/fr\/wp-json\/wp\/v2\/media\/1762"}],"wp:attachment":[{"href":"https:\/\/ch.integra-metering.com\/fr\/wp-json\/wp\/v2\/media?parent=6834"}],"wp:term":[{"taxonomy":"product-applications","embeddable":true,"href":"https:\/\/ch.integra-metering.com\/fr\/wp-json\/wp\/v2\/product-applications?post=6834"},{"taxonomy":"product-medium","embeddable":true,"href":"https:\/\/ch.integra-metering.com\/fr\/wp-json\/wp\/v2\/product-medium?post=6834"},{"taxonomy":"product-process","embeddable":true,"href":"https:\/\/ch.integra-metering.com\/fr\/wp-json\/wp\/v2\/product-process?post=6834"}],"curies":[{"name":"wp","href":"https:\/\/api.w.org\/{rel}","templated":true}]}}