{"id":6835,"date":"2020-01-12T15:28:00","date_gmt":"2020-01-12T15:28:00","guid":{"rendered":"https:\/\/ch.integra-metering.com\/?post_type=product&#038;p=6835"},"modified":"2026-01-14T07:14:57","modified_gmt":"2026-01-14T07:14:57","slug":"aquastream-radio","status":"publish","type":"product","link":"https:\/\/ch.integra-metering.com\/fr\/product\/aquastream-radio\/","title":{"rendered":"aquastream\u00ae Radio"},"content":{"rendered":"\n<!-- Block container# -->\n<div\n    id=\"air-tabsblock_9af5de72d84b6fa1aadfbe9000888d1c\"\n    class=\"air-tabs tabs\"\n>\n\n<div class=\"tab-controls__container\"  airTargetDropdown>\n    <!-- Tabs controls# -->\n        <div class=\"tab-controls\"  airTargetDropdown>\n                                    <button class=\"tab-button js-tab-button--active theme-version-black\"  airTargetDropdown>\n                Caract\u00e9ristiques &amp; Avantages clients            <\/button>\n                                    <button class=\"tab-button  theme-version-black\"  airTargetDropdown>\n                Donn\u00e9es techniques            <\/button>\n                    <\/div>\n    <!-- #Tabs controls# -->\n<\/div>\n\n    <!-- #Tab content -->\n                <div class=\"tab-content active theme-version-black\">\n                <p>\u2022\u00a0 \u00a0Lecture des donn\u00e9es \u00e0 distance en relev\u00e9 radio (walk-by ou drive-by)<br \/>\n\u2022\u00a0 \u00a0Compatible pour les solutions de t\u00e9l\u00e9relev\u00e9 radio<br \/>\n\u2022\u00a0 \u00a0En liaison avec le compteur d&rsquo;eau, il permet le Smart Metering : transmission de mesures pr\u00e9cises de l&rsquo;eau, par wM-Bus et OMS<br \/>\n\u2022\u00a0 \u00a0Programmation facile via un SmartPhone Android<br \/>\n\u2022\u00a0 \u00a0Dur\u00e9e de vie importante aliment\u00e9 par piles<br \/>\n\u2022\u00a0 \u00a0Nombreuses informations, \u00e9venements et Alarmes pour la gestion et la surveillance<br \/>\n\u2022\u00a0 \u00a0Installation facile sur site, disponible \u00e9galement en version pr\u00e9mont\u00e9e sur compteur<\/p>\n            <\/div>\n    <!-- #Tab content -->\n                <div class=\"tab-content  theme-version-black\">\n                <p>\u2022\u00a0 \u00a0Protocole wM-Bus conforme EN 13757-4<br \/>\n\u2022\u00a0 \u00a0OMS 4.0 Fr\u00e9quence 868 MHz (T1 Mode)<br \/>\n\u2022\u00a0 \u00a0Intervalle d\u2019\u00e9mission : Toutes les 16 secondes<br \/>\n\u2022\u00a0 \u00a0Index du compteur : 00000,000 m3 configurable lors de l\u2019installation<br \/>\n\u2022\u00a0 \u00a0Informations wM-Bus : T\u00e9l\u00e9gramme long (T\u00e9l\u00e9gramme long lorsque le module est install\u00e9 sur le compteur)<br \/>\n\u2022\u00a0 \u00a0Valeur actuelle du compteur \/ Volume retour d\u2019eau \/ Date et Heure \/ Volume Historique \/ Date Historique \/ Statut info \/ Autonomie de la batterie \/ Statut info \/ Autonomie de la batterie<br \/>\n\u2022\u00a0 \u00a0Informations wM-Bus : T\u00e9l\u00e9gramme r\u00e9duit (T\u00e9l\u00e9gramme r\u00e9duit lorsque le module n\u2019est pas install\u00e9 sur le compteur)<br \/>\n\u2022\u00a0 \u00a0Adresses conforme 4.0 OMS Fabricant : IMT Version : 0x05 \/ 0x01 Num\u00e9ro de s\u00e9rie: 8-digits<br \/>\n\u2022\u00a0 \u00a0Alimentation : Batterie lithium 3,6 V int\u00e9gr\u00e9e<br \/>\n\u2022\u00a0 \u00a0Dur\u00e9e de vie de la batterie : Jusqu\u2019\u00e0 16 ans<br \/>\n\u2022\u00a0 \u00a0Radio : Bande de fr\u00e9quence 868 MHz (mode T1)<br \/>\n\u2022\u00a0 \u00a0Indice de protection : IP 68<br \/>\n\u2022\u00a0 \u00a0Temp\u00e9rature de fonctionnement : 0 \u00b0C \u00e0 +55 \u00b0C<br \/>\n\u2022\u00a0 \u00a0Temp\u00e9rature de stockage : -20 \u00b0C \u00e0 +70 \u00b0C<br \/>\n\u2022\u00a0 \u00a0Taux d\u2019humidit\u00e9 : Jusqu\u2019\u00e0 98 % humidit\u00e9 relative, avec condensation<br \/>\n\u2022\u00a0 \u00a0Interface de programmation : NFC<br \/>\n\u2022\u00a0 \u00a0Alarmes : Manipulation\/mauvaise installation, Surcharge, D\u00e9tection des Fuites, Batterie faible, Retour d\u2019eau, Burst<br \/>\n\u2022\u00a0 \u00a0Logiciel de programmation : IM Connect+\u00ae \/ Compatible avec Android \/ Disponible sous Google Play<br \/>\n\u2022\u00a0 \u00a0Dimensions : 108 mm x 89 mm x 46 mm<\/p>\n            <\/div>\n    <!-- #Tab content -->\n    <\/div>\n<!-- #Block container -->\n\n\n\n<div style=\"height:60px\" aria-hidden=\"true\" class=\"wp-block-spacer\"><\/div>\n\n\n\n<figure class=\"wp-block-embed is-type-video is-provider-youtube wp-block-embed-youtube wp-embed-aspect-16-9 wp-has-aspect-ratio\"><div class=\"wp-block-embed__wrapper\">\n<iframe loading=\"lazy\" title=\"aquastream\u00ae | Vid\u00e9o de pr\u00e9sentation\" width=\"500\" height=\"281\" src=\"https:\/\/www.youtube.com\/embed\/JSUe2mJW-ws?feature=oembed\" frameborder=\"0\" allow=\"accelerometer; autoplay; clipboard-write; encrypted-media; gyroscope; picture-in-picture; web-share\" referrerpolicy=\"strict-origin-when-cross-origin\" allowfullscreen><\/iframe>\n<\/div><\/figure>\n\n\n\n<div style=\"height:60px\" aria-hidden=\"true\" class=\"wp-block-spacer\"><\/div>\n\n\n\n<div class=\"wp-block-columns is-layout-flex wp-container-core-columns-is-layout-1 wp-block-columns-is-layout-flex\">\n<div class=\"wp-block-column is-layout-flow wp-block-column-is-layout-flow\">\n<h1 class=\"wp-block-heading has-medium-font-size\"><strong><strong><strong>Disponible \u00e9galement comme fichier BIM (IFC) :<\/strong><\/strong><\/strong><\/h1>\n\n\n\n<div style=\"height:20px\" aria-hidden=\"true\" class=\"wp-block-spacer\"><\/div>\n\n\n\n<div class=\"wp-block-buttons wp-embed-aspect-16-9 wp-has-aspect-ratio is-horizontal is-content-justification-left is-layout-flex wp-container-core-buttons-is-layout-1 wp-block-buttons-is-layout-flex\">\n<div class=\"wp-block-button\"><a class=\"wp-block-button__link has-white-color has-text-color has-background has-link-color wp-element-button\" href=\"https:\/\/ch.buildup.group\/fr\/orga\/INTEGRA_Metering_AG?line=PMK-aquabasic%C2%AE\" style=\"border-radius:3px;background-color:#9e1a96\" target=\"_blank\" rel=\"noreferrer noopener\"><strong>Continuer sur buildup.ch<\/strong><\/a><\/div>\n<\/div>\n\n\n\n<p><\/p>\n<\/div>\n\n\n\n<div class=\"wp-block-column is-layout-flow wp-block-column-is-layout-flow\">\n<h1 class=\"wp-block-heading has-text-align-center has-medium-font-size\"><strong>Logiciel de programmation :<\/strong><\/h1>\n\n\n\n<div style=\"height:40px\" aria-hidden=\"true\" class=\"wp-block-spacer\"><\/div>\n\n\n\n<div class=\"wp-block-buttons is-content-justification-center is-layout-flex wp-container-core-buttons-is-layout-2 wp-block-buttons-is-layout-flex\">\n<div class=\"wp-block-button\"><a class=\"wp-block-button__link has-white-color has-text-color has-background has-link-color wp-element-button\" href=\"https:\/\/ch.integra-metering.com\/fr\/product\/im-connect\/\" style=\"border-radius:3px;background-color:#9e1a96\"><strong>IM Connect+\u00ae<\/strong><\/a><\/div>\n<\/div>\n\n\n\n<p><\/p>\n<\/div>\n<\/div>\n\n\n\n<p class=\"wp-embed-aspect-16-9 wp-has-aspect-ratio\"><\/p>\n","protected":false},"excerpt":{"rendered":"<p>Module de communication Radio pour compteurs d\u2019eau m\u00e9caniques <\/p>\n","protected":false},"featured_media":1774,"parent":0,"comment_status":"open","ping_status":"closed","template":"","product-applications":[189],"product-medium":[67,78],"product-process":[166],"class_list":["post-6835","product","type-product","status-publish","has-post-thumbnail","hentry","product-applications-appareils-de-communication","product-medium-eau","product-medium-systemes-et-logiciels","product-process-lecture-transmission"],"acf":[],"yoast_head":"<!-- This site is optimized with the Yoast SEO plugin v24.5 - https:\/\/yoast.com\/wordpress\/plugins\/seo\/ -->\n<title>aquastream\u00ae Radio | INTEGRA Metering AG<\/title>\n<meta name=\"robots\" content=\"index, follow, max-snippet:-1, max-image-preview:large, max-video-preview:-1\" \/>\n<link rel=\"canonical\" href=\"https:\/\/ch.integra-metering.com\/fr\/product\/aquastream-radio\/\" \/>\n<meta property=\"og:locale\" content=\"fr_FR\" \/>\n<meta property=\"og:type\" content=\"article\" \/>\n<meta property=\"og:title\" content=\"aquastream\u00ae Radio | INTEGRA Metering AG\" \/>\n<meta property=\"og:description\" content=\"Module de communication Radio pour compteurs d\u2019eau m\u00e9caniques\" \/>\n<meta property=\"og:url\" content=\"https:\/\/ch.integra-metering.com\/fr\/product\/aquastream-radio\/\" \/>\n<meta property=\"og:site_name\" content=\"INTEGRA Metering AG\" \/>\n<meta property=\"article:modified_time\" content=\"2026-01-14T07:14:57+00:00\" \/>\n<meta property=\"og:image\" content=\"https:\/\/ch.integra-metering.com\/wp-content\/uploads\/sites\/4\/2020\/02\/aquastream-Radio.png\" \/>\n\t<meta property=\"og:image:width\" content=\"500\" \/>\n\t<meta property=\"og:image:height\" content=\"500\" \/>\n\t<meta property=\"og:image:type\" content=\"image\/png\" \/>\n<meta name=\"twitter:card\" content=\"summary_large_image\" \/>\n<script type=\"application\/ld+json\" class=\"yoast-schema-graph\">{\"@context\":\"https:\/\/schema.org\",\"@graph\":[{\"@type\":\"WebPage\",\"@id\":\"https:\/\/ch.integra-metering.com\/fr\/product\/aquastream-radio\/\",\"url\":\"https:\/\/ch.integra-metering.com\/fr\/product\/aquastream-radio\/\",\"name\":\"aquastream\u00ae Radio | INTEGRA Metering AG\",\"isPartOf\":{\"@id\":\"https:\/\/ch.integra-metering.com\/#website\"},\"primaryImageOfPage\":{\"@id\":\"https:\/\/ch.integra-metering.com\/fr\/product\/aquastream-radio\/#primaryimage\"},\"image\":{\"@id\":\"https:\/\/ch.integra-metering.com\/fr\/product\/aquastream-radio\/#primaryimage\"},\"thumbnailUrl\":\"https:\/\/ch.integra-metering.com\/wp-content\/uploads\/sites\/4\/2020\/02\/aquastream-Radio.png\",\"datePublished\":\"2020-01-12T15:28:00+00:00\",\"dateModified\":\"2026-01-14T07:14:57+00:00\",\"breadcrumb\":{\"@id\":\"https:\/\/ch.integra-metering.com\/fr\/product\/aquastream-radio\/#breadcrumb\"},\"inLanguage\":\"fr-FR\",\"potentialAction\":[{\"@type\":\"ReadAction\",\"target\":[\"https:\/\/ch.integra-metering.com\/fr\/product\/aquastream-radio\/\"]}]},{\"@type\":\"ImageObject\",\"inLanguage\":\"fr-FR\",\"@id\":\"https:\/\/ch.integra-metering.com\/fr\/product\/aquastream-radio\/#primaryimage\",\"url\":\"https:\/\/ch.integra-metering.com\/wp-content\/uploads\/sites\/4\/2020\/02\/aquastream-Radio.png\",\"contentUrl\":\"https:\/\/ch.integra-metering.com\/wp-content\/uploads\/sites\/4\/2020\/02\/aquastream-Radio.png\",\"width\":500,\"height\":500},{\"@type\":\"BreadcrumbList\",\"@id\":\"https:\/\/ch.integra-metering.com\/fr\/product\/aquastream-radio\/#breadcrumb\",\"itemListElement\":[{\"@type\":\"ListItem\",\"position\":1,\"name\":\"Home\",\"item\":\"https:\/\/ch.integra-metering.com\/fr\/\"},{\"@type\":\"ListItem\",\"position\":2,\"name\":\"Products\",\"item\":\"https:\/\/ch.integra-metering.com\/fr\/catalogue\/\"},{\"@type\":\"ListItem\",\"position\":3,\"name\":\"aquastream\u00ae Radio\"}]},{\"@type\":\"WebSite\",\"@id\":\"https:\/\/ch.integra-metering.com\/#website\",\"url\":\"https:\/\/ch.integra-metering.com\/\",\"name\":\"INTEGRA Metering AG\",\"description\":\"Herzlich willkommen auf der neuen Aquametro Homepage | Bienvenue sur le site Aquametro Suisse\",\"publisher\":{\"@id\":\"https:\/\/ch.integra-metering.com\/#organization\"},\"potentialAction\":[{\"@type\":\"SearchAction\",\"target\":{\"@type\":\"EntryPoint\",\"urlTemplate\":\"https:\/\/ch.integra-metering.com\/?s={search_term_string}\"},\"query-input\":{\"@type\":\"PropertyValueSpecification\",\"valueRequired\":true,\"valueName\":\"search_term_string\"}}],\"inLanguage\":\"fr-FR\"},{\"@type\":\"Organization\",\"@id\":\"https:\/\/ch.integra-metering.com\/#organization\",\"name\":\"INTEGRA Metering AG\",\"url\":\"https:\/\/ch.integra-metering.com\/\",\"logo\":{\"@type\":\"ImageObject\",\"inLanguage\":\"fr-FR\",\"@id\":\"https:\/\/ch.integra-metering.com\/#\/schema\/logo\/image\/\",\"url\":\"https:\/\/ch.integra-metering.com\/wp-content\/uploads\/sites\/4\/2019\/11\/integra-logo-dark.svg\",\"contentUrl\":\"https:\/\/ch.integra-metering.com\/wp-content\/uploads\/sites\/4\/2019\/11\/integra-logo-dark.svg\",\"width\":1,\"height\":1,\"caption\":\"INTEGRA Metering AG\"},\"image\":{\"@id\":\"https:\/\/ch.integra-metering.com\/#\/schema\/logo\/image\/\"},\"sameAs\":[\"https:\/\/ch.linkedin.com\/company\/aquametro-ag\"]}]}<\/script>\n<!-- \/ Yoast SEO plugin. -->","yoast_head_json":{"title":"aquastream\u00ae Radio | INTEGRA Metering AG","robots":{"index":"index","follow":"follow","max-snippet":"max-snippet:-1","max-image-preview":"max-image-preview:large","max-video-preview":"max-video-preview:-1"},"canonical":"https:\/\/ch.integra-metering.com\/fr\/product\/aquastream-radio\/","og_locale":"fr_FR","og_type":"article","og_title":"aquastream\u00ae Radio | INTEGRA Metering AG","og_description":"Module de communication Radio pour compteurs d\u2019eau m\u00e9caniques","og_url":"https:\/\/ch.integra-metering.com\/fr\/product\/aquastream-radio\/","og_site_name":"INTEGRA Metering AG","article_modified_time":"2026-01-14T07:14:57+00:00","og_image":[{"width":500,"height":500,"url":"https:\/\/ch.integra-metering.com\/wp-content\/uploads\/sites\/4\/2020\/02\/aquastream-Radio.png","type":"image\/png"}],"twitter_card":"summary_large_image","schema":{"@context":"https:\/\/schema.org","@graph":[{"@type":"WebPage","@id":"https:\/\/ch.integra-metering.com\/fr\/product\/aquastream-radio\/","url":"https:\/\/ch.integra-metering.com\/fr\/product\/aquastream-radio\/","name":"aquastream\u00ae Radio | INTEGRA Metering AG","isPartOf":{"@id":"https:\/\/ch.integra-metering.com\/#website"},"primaryImageOfPage":{"@id":"https:\/\/ch.integra-metering.com\/fr\/product\/aquastream-radio\/#primaryimage"},"image":{"@id":"https:\/\/ch.integra-metering.com\/fr\/product\/aquastream-radio\/#primaryimage"},"thumbnailUrl":"https:\/\/ch.integra-metering.com\/wp-content\/uploads\/sites\/4\/2020\/02\/aquastream-Radio.png","datePublished":"2020-01-12T15:28:00+00:00","dateModified":"2026-01-14T07:14:57+00:00","breadcrumb":{"@id":"https:\/\/ch.integra-metering.com\/fr\/product\/aquastream-radio\/#breadcrumb"},"inLanguage":"fr-FR","potentialAction":[{"@type":"ReadAction","target":["https:\/\/ch.integra-metering.com\/fr\/product\/aquastream-radio\/"]}]},{"@type":"ImageObject","inLanguage":"fr-FR","@id":"https:\/\/ch.integra-metering.com\/fr\/product\/aquastream-radio\/#primaryimage","url":"https:\/\/ch.integra-metering.com\/wp-content\/uploads\/sites\/4\/2020\/02\/aquastream-Radio.png","contentUrl":"https:\/\/ch.integra-metering.com\/wp-content\/uploads\/sites\/4\/2020\/02\/aquastream-Radio.png","width":500,"height":500},{"@type":"BreadcrumbList","@id":"https:\/\/ch.integra-metering.com\/fr\/product\/aquastream-radio\/#breadcrumb","itemListElement":[{"@type":"ListItem","position":1,"name":"Home","item":"https:\/\/ch.integra-metering.com\/fr\/"},{"@type":"ListItem","position":2,"name":"Products","item":"https:\/\/ch.integra-metering.com\/fr\/catalogue\/"},{"@type":"ListItem","position":3,"name":"aquastream\u00ae Radio"}]},{"@type":"WebSite","@id":"https:\/\/ch.integra-metering.com\/#website","url":"https:\/\/ch.integra-metering.com\/","name":"INTEGRA Metering AG","description":"Herzlich willkommen auf der neuen Aquametro Homepage | Bienvenue sur le site Aquametro Suisse","publisher":{"@id":"https:\/\/ch.integra-metering.com\/#organization"},"potentialAction":[{"@type":"SearchAction","target":{"@type":"EntryPoint","urlTemplate":"https:\/\/ch.integra-metering.com\/?s={search_term_string}"},"query-input":{"@type":"PropertyValueSpecification","valueRequired":true,"valueName":"search_term_string"}}],"inLanguage":"fr-FR"},{"@type":"Organization","@id":"https:\/\/ch.integra-metering.com\/#organization","name":"INTEGRA Metering AG","url":"https:\/\/ch.integra-metering.com\/","logo":{"@type":"ImageObject","inLanguage":"fr-FR","@id":"https:\/\/ch.integra-metering.com\/#\/schema\/logo\/image\/","url":"https:\/\/ch.integra-metering.com\/wp-content\/uploads\/sites\/4\/2019\/11\/integra-logo-dark.svg","contentUrl":"https:\/\/ch.integra-metering.com\/wp-content\/uploads\/sites\/4\/2019\/11\/integra-logo-dark.svg","width":1,"height":1,"caption":"INTEGRA Metering AG"},"image":{"@id":"https:\/\/ch.integra-metering.com\/#\/schema\/logo\/image\/"},"sameAs":["https:\/\/ch.linkedin.com\/company\/aquametro-ag"]}]}},"_links":{"self":[{"href":"https:\/\/ch.integra-metering.com\/fr\/wp-json\/wp\/v2\/product\/6835","targetHints":{"allow":["GET"]}}],"collection":[{"href":"https:\/\/ch.integra-metering.com\/fr\/wp-json\/wp\/v2\/product"}],"about":[{"href":"https:\/\/ch.integra-metering.com\/fr\/wp-json\/wp\/v2\/types\/product"}],"replies":[{"embeddable":true,"href":"https:\/\/ch.integra-metering.com\/fr\/wp-json\/wp\/v2\/comments?post=6835"}],"wp:featuredmedia":[{"embeddable":true,"href":"https:\/\/ch.integra-metering.com\/fr\/wp-json\/wp\/v2\/media\/1774"}],"wp:attachment":[{"href":"https:\/\/ch.integra-metering.com\/fr\/wp-json\/wp\/v2\/media?parent=6835"}],"wp:term":[{"taxonomy":"product-applications","embeddable":true,"href":"https:\/\/ch.integra-metering.com\/fr\/wp-json\/wp\/v2\/product-applications?post=6835"},{"taxonomy":"product-medium","embeddable":true,"href":"https:\/\/ch.integra-metering.com\/fr\/wp-json\/wp\/v2\/product-medium?post=6835"},{"taxonomy":"product-process","embeddable":true,"href":"https:\/\/ch.integra-metering.com\/fr\/wp-json\/wp\/v2\/product-process?post=6835"}],"curies":[{"name":"wp","href":"https:\/\/api.w.org\/{rel}","templated":true}]}}