{"id":6844,"date":"2020-04-22T10:01:00","date_gmt":"2020-04-22T10:01:00","guid":{"rendered":"https:\/\/ch.integra-metering.com\/?post_type=product&#038;p=6844"},"modified":"2023-07-25T10:04:52","modified_gmt":"2023-07-25T10:04:52","slug":"calec-mb","status":"publish","type":"product","link":"https:\/\/ch.integra-metering.com\/fr\/product\/calec-mb\/","title":{"rendered":"CALEC\u00ae MB"},"content":{"rendered":"\n<h3 class=\"wp-block-heading\" style=\"font-size:25px\"><strong><strong>IMPORTANT <\/strong>: ce produit est d\u00e9sormais archiv\u00e9 et n&rsquo;est plus disponible \u00e0 la vente.<\/strong><\/h3>\n\n\n\n<div style=\"height:60px\" aria-hidden=\"true\" class=\"wp-block-spacer\"><\/div>\n\n\n\n<!-- Block container# -->\n<div\n    id=\"air-tabsblock_5e9ffe8d3550f\"\n    class=\"air-tabs tabs\"\n>\n\n<div class=\"tab-controls__container\"  airTargetDropdown>\n    <!-- Tabs controls# -->\n        <div class=\"tab-controls\"  airTargetDropdown>\n                                    <button class=\"tab-button js-tab-button--active theme-version-black\"  airTargetDropdown>\n                Caract\u00e9ristiques &amp; Avantages clients            <\/button>\n                                    <button class=\"tab-button  theme-version-black\"  airTargetDropdown>\n                Donn\u00e9es techniques            <\/button>\n                    <\/div>\n    <!-- #Tabs controls# -->\n<\/div>\n\n    <!-- #Tab content -->\n                <div class=\"tab-content active theme-version-black\">\n                <p>\u2022\u00a0 \u00a0Mesure pr\u00e9cise de l\u2019\u00e9nergie thermique pour installations de chauffage, de climatisation et combin\u00e9es<br \/>\n\u2022\u00a0 \u00a0Interfaces avec les syst\u00e8mes de gestion d\u2019immeuble: M-Bus, LON, Modbus, N2Open, BACnet MS\/TP<br \/>\n\u2022\u00a0 \u00a0Module de calculateur enfichable<br \/>\n\u2022\u00a0 \u00a0Donn\u00e9es glissantes pour r\u00e9frig\u00e9rants standard<br \/>\n\u2022\u00a0 \u00a0Alimentation \u00e9lectrique int\u00e9gr\u00e9e pour d\u00e9bitm\u00e8tres<br \/>\n\u2022\u00a0 \u00a0Jusqu\u2019\u00e0 2 entr\u00e9es\/sorties d\u2019impulsions ou 2 sorties analogiques<br \/>\n\u2022\u00a0 \u00a0Homologation m\u00e9trologique selon 2004\/22\/CE (MID) et PTB K7.2 (froid, chaud\/froid combin\u00e9s)<br \/>\n\u2022\u00a0 \u00a0Mesure \u00e9nerg\u00e9tique pr\u00e9cise de toutes les applications thermiques de la technique de b\u00e2timent<br \/>\n\u2022\u00a0 \u00a0Mesure du chauffage et du refroidissement dans un m\u00eame appareil<br \/>\n\u2022\u00a0 \u00a0Calculateur de vapeur (seulement CALEC\u00ae energy master)<br \/>\n\u2022\u00a0 \u00a0Alimentation au choix<br \/>\n\u2022\u00a0 \u00a0\u00c9conomie de frais lors du r\u00e9\u00e9talonnage<br \/>\n\u2022\u00a0 \u00a0Aide \u00e0 la surveillance industrielle<br \/>\n\u2022\u00a0 \u00a0Modulairement extensible<br \/>\n\u2022\u00a0 \u00a0Int\u00e9gration syst\u00e8me optimale<\/p>\n            <\/div>\n    <!-- #Tab content -->\n                <div class=\"tab-content  theme-version-black\">\n                <p>\u2022\u00a0 \u00a0Affichage multifonctions avec texte clair et langue au choix (D, E, F, I)<br \/>\n\u2022\u00a0 \u00a0Datalogger enregistrant les donn\u00e9es pour les jours fix\u00e9s et les valeurs de mesure<br \/>\n\u2022\u00a0 \u00a0Zone de mesure de la temp\u00e9rature 0&#8230;180 \u00b0C pour l\u2019eau (max. -50\u2026550 \u00b0C)<br \/>\n\u2022\u00a0 \u00a0Diff\u00e9rence de temp\u00e9rature 2&#8230;175 K<br \/>\n\u2022\u00a0 \u00a0Jusqu\u2019\u00e0 8 entr\u00e9es (puls, fr\u00e9quence, 0\/4-20 mA)<br \/>\n\u2022\u00a0 \u00a0Jusqu\u2019\u00e0 12 sorties (puls, 0\/4-20 mA)<br \/>\n\u2022\u00a0 \u00a0Nombreuses fonctions sp\u00e9ciales y compris les tarifs<br \/>\n\u2022\u00a0 \u00a0Bo\u00eetier de protection robuste pour le montage sur paroi ou sur rail<\/p>\n            <\/div>\n    <!-- #Tab content -->\n    <\/div>\n<!-- #Block container -->\n","protected":false},"excerpt":{"rendered":"<p>Calculateur d&rsquo;\u00e9nergie thermique<\/p>\n","protected":false},"featured_media":3164,"parent":0,"comment_status":"open","ping_status":"closed","template":"","product-applications":[],"product-medium":[],"product-process":[],"class_list":["post-6844","product","type-product","status-publish","has-post-thumbnail","hentry"],"acf":[],"yoast_head":"<!-- This site is optimized with the Yoast SEO plugin v24.5 - https:\/\/yoast.com\/wordpress\/plugins\/seo\/ -->\n<title>CALEC\u00ae MB | INTEGRA Metering AG<\/title>\n<meta name=\"robots\" content=\"index, follow, max-snippet:-1, max-image-preview:large, max-video-preview:-1\" \/>\n<link rel=\"canonical\" href=\"https:\/\/ch.integra-metering.com\/fr\/product\/calec-mb\/\" \/>\n<meta property=\"og:locale\" content=\"fr_FR\" \/>\n<meta property=\"og:type\" content=\"article\" \/>\n<meta property=\"og:title\" content=\"CALEC\u00ae MB | INTEGRA Metering AG\" \/>\n<meta property=\"og:description\" content=\"Calculateur d&#039;\u00e9nergie thermique\" \/>\n<meta property=\"og:url\" content=\"https:\/\/ch.integra-metering.com\/fr\/product\/calec-mb\/\" \/>\n<meta property=\"og:site_name\" content=\"INTEGRA Metering AG\" \/>\n<meta property=\"article:modified_time\" content=\"2023-07-25T10:04:52+00:00\" \/>\n<meta property=\"og:image\" content=\"https:\/\/ch.integra-metering.com\/wp-content\/uploads\/sites\/4\/2020\/04\/CALEC-MB.png\" \/>\n\t<meta property=\"og:image:width\" content=\"500\" \/>\n\t<meta property=\"og:image:height\" content=\"500\" \/>\n\t<meta property=\"og:image:type\" content=\"image\/png\" \/>\n<meta name=\"twitter:card\" content=\"summary_large_image\" \/>\n<script type=\"application\/ld+json\" class=\"yoast-schema-graph\">{\"@context\":\"https:\/\/schema.org\",\"@graph\":[{\"@type\":\"WebPage\",\"@id\":\"https:\/\/ch.integra-metering.com\/fr\/product\/calec-mb\/\",\"url\":\"https:\/\/ch.integra-metering.com\/fr\/product\/calec-mb\/\",\"name\":\"CALEC\u00ae MB | INTEGRA Metering AG\",\"isPartOf\":{\"@id\":\"https:\/\/ch.integra-metering.com\/#website\"},\"primaryImageOfPage\":{\"@id\":\"https:\/\/ch.integra-metering.com\/fr\/product\/calec-mb\/#primaryimage\"},\"image\":{\"@id\":\"https:\/\/ch.integra-metering.com\/fr\/product\/calec-mb\/#primaryimage\"},\"thumbnailUrl\":\"https:\/\/ch.integra-metering.com\/wp-content\/uploads\/sites\/4\/2020\/04\/CALEC-MB.png\",\"datePublished\":\"2020-04-22T10:01:00+00:00\",\"dateModified\":\"2023-07-25T10:04:52+00:00\",\"breadcrumb\":{\"@id\":\"https:\/\/ch.integra-metering.com\/fr\/product\/calec-mb\/#breadcrumb\"},\"inLanguage\":\"fr-FR\",\"potentialAction\":[{\"@type\":\"ReadAction\",\"target\":[\"https:\/\/ch.integra-metering.com\/fr\/product\/calec-mb\/\"]}]},{\"@type\":\"ImageObject\",\"inLanguage\":\"fr-FR\",\"@id\":\"https:\/\/ch.integra-metering.com\/fr\/product\/calec-mb\/#primaryimage\",\"url\":\"https:\/\/ch.integra-metering.com\/wp-content\/uploads\/sites\/4\/2020\/04\/CALEC-MB.png\",\"contentUrl\":\"https:\/\/ch.integra-metering.com\/wp-content\/uploads\/sites\/4\/2020\/04\/CALEC-MB.png\",\"width\":500,\"height\":500},{\"@type\":\"BreadcrumbList\",\"@id\":\"https:\/\/ch.integra-metering.com\/fr\/product\/calec-mb\/#breadcrumb\",\"itemListElement\":[{\"@type\":\"ListItem\",\"position\":1,\"name\":\"Home\",\"item\":\"https:\/\/ch.integra-metering.com\/fr\/\"},{\"@type\":\"ListItem\",\"position\":2,\"name\":\"Products\",\"item\":\"https:\/\/ch.integra-metering.com\/fr\/catalogue\/\"},{\"@type\":\"ListItem\",\"position\":3,\"name\":\"CALEC\u00ae MB\"}]},{\"@type\":\"WebSite\",\"@id\":\"https:\/\/ch.integra-metering.com\/#website\",\"url\":\"https:\/\/ch.integra-metering.com\/\",\"name\":\"INTEGRA Metering AG\",\"description\":\"Herzlich willkommen auf der neuen Aquametro Homepage | Bienvenue sur le site Aquametro Suisse\",\"publisher\":{\"@id\":\"https:\/\/ch.integra-metering.com\/#organization\"},\"potentialAction\":[{\"@type\":\"SearchAction\",\"target\":{\"@type\":\"EntryPoint\",\"urlTemplate\":\"https:\/\/ch.integra-metering.com\/?s={search_term_string}\"},\"query-input\":{\"@type\":\"PropertyValueSpecification\",\"valueRequired\":true,\"valueName\":\"search_term_string\"}}],\"inLanguage\":\"fr-FR\"},{\"@type\":\"Organization\",\"@id\":\"https:\/\/ch.integra-metering.com\/#organization\",\"name\":\"INTEGRA Metering AG\",\"url\":\"https:\/\/ch.integra-metering.com\/\",\"logo\":{\"@type\":\"ImageObject\",\"inLanguage\":\"fr-FR\",\"@id\":\"https:\/\/ch.integra-metering.com\/#\/schema\/logo\/image\/\",\"url\":\"https:\/\/ch.integra-metering.com\/wp-content\/uploads\/sites\/4\/2019\/11\/integra-logo-dark.svg\",\"contentUrl\":\"https:\/\/ch.integra-metering.com\/wp-content\/uploads\/sites\/4\/2019\/11\/integra-logo-dark.svg\",\"width\":1,\"height\":1,\"caption\":\"INTEGRA Metering AG\"},\"image\":{\"@id\":\"https:\/\/ch.integra-metering.com\/#\/schema\/logo\/image\/\"},\"sameAs\":[\"https:\/\/ch.linkedin.com\/company\/aquametro-ag\"]}]}<\/script>\n<!-- \/ Yoast SEO plugin. -->","yoast_head_json":{"title":"CALEC\u00ae MB | INTEGRA Metering AG","robots":{"index":"index","follow":"follow","max-snippet":"max-snippet:-1","max-image-preview":"max-image-preview:large","max-video-preview":"max-video-preview:-1"},"canonical":"https:\/\/ch.integra-metering.com\/fr\/product\/calec-mb\/","og_locale":"fr_FR","og_type":"article","og_title":"CALEC\u00ae MB | INTEGRA Metering AG","og_description":"Calculateur d'\u00e9nergie thermique","og_url":"https:\/\/ch.integra-metering.com\/fr\/product\/calec-mb\/","og_site_name":"INTEGRA Metering AG","article_modified_time":"2023-07-25T10:04:52+00:00","og_image":[{"width":500,"height":500,"url":"https:\/\/ch.integra-metering.com\/wp-content\/uploads\/sites\/4\/2020\/04\/CALEC-MB.png","type":"image\/png"}],"twitter_card":"summary_large_image","schema":{"@context":"https:\/\/schema.org","@graph":[{"@type":"WebPage","@id":"https:\/\/ch.integra-metering.com\/fr\/product\/calec-mb\/","url":"https:\/\/ch.integra-metering.com\/fr\/product\/calec-mb\/","name":"CALEC\u00ae MB | INTEGRA Metering AG","isPartOf":{"@id":"https:\/\/ch.integra-metering.com\/#website"},"primaryImageOfPage":{"@id":"https:\/\/ch.integra-metering.com\/fr\/product\/calec-mb\/#primaryimage"},"image":{"@id":"https:\/\/ch.integra-metering.com\/fr\/product\/calec-mb\/#primaryimage"},"thumbnailUrl":"https:\/\/ch.integra-metering.com\/wp-content\/uploads\/sites\/4\/2020\/04\/CALEC-MB.png","datePublished":"2020-04-22T10:01:00+00:00","dateModified":"2023-07-25T10:04:52+00:00","breadcrumb":{"@id":"https:\/\/ch.integra-metering.com\/fr\/product\/calec-mb\/#breadcrumb"},"inLanguage":"fr-FR","potentialAction":[{"@type":"ReadAction","target":["https:\/\/ch.integra-metering.com\/fr\/product\/calec-mb\/"]}]},{"@type":"ImageObject","inLanguage":"fr-FR","@id":"https:\/\/ch.integra-metering.com\/fr\/product\/calec-mb\/#primaryimage","url":"https:\/\/ch.integra-metering.com\/wp-content\/uploads\/sites\/4\/2020\/04\/CALEC-MB.png","contentUrl":"https:\/\/ch.integra-metering.com\/wp-content\/uploads\/sites\/4\/2020\/04\/CALEC-MB.png","width":500,"height":500},{"@type":"BreadcrumbList","@id":"https:\/\/ch.integra-metering.com\/fr\/product\/calec-mb\/#breadcrumb","itemListElement":[{"@type":"ListItem","position":1,"name":"Home","item":"https:\/\/ch.integra-metering.com\/fr\/"},{"@type":"ListItem","position":2,"name":"Products","item":"https:\/\/ch.integra-metering.com\/fr\/catalogue\/"},{"@type":"ListItem","position":3,"name":"CALEC\u00ae MB"}]},{"@type":"WebSite","@id":"https:\/\/ch.integra-metering.com\/#website","url":"https:\/\/ch.integra-metering.com\/","name":"INTEGRA Metering AG","description":"Herzlich willkommen auf der neuen Aquametro Homepage | Bienvenue sur le site Aquametro Suisse","publisher":{"@id":"https:\/\/ch.integra-metering.com\/#organization"},"potentialAction":[{"@type":"SearchAction","target":{"@type":"EntryPoint","urlTemplate":"https:\/\/ch.integra-metering.com\/?s={search_term_string}"},"query-input":{"@type":"PropertyValueSpecification","valueRequired":true,"valueName":"search_term_string"}}],"inLanguage":"fr-FR"},{"@type":"Organization","@id":"https:\/\/ch.integra-metering.com\/#organization","name":"INTEGRA Metering AG","url":"https:\/\/ch.integra-metering.com\/","logo":{"@type":"ImageObject","inLanguage":"fr-FR","@id":"https:\/\/ch.integra-metering.com\/#\/schema\/logo\/image\/","url":"https:\/\/ch.integra-metering.com\/wp-content\/uploads\/sites\/4\/2019\/11\/integra-logo-dark.svg","contentUrl":"https:\/\/ch.integra-metering.com\/wp-content\/uploads\/sites\/4\/2019\/11\/integra-logo-dark.svg","width":1,"height":1,"caption":"INTEGRA Metering AG"},"image":{"@id":"https:\/\/ch.integra-metering.com\/#\/schema\/logo\/image\/"},"sameAs":["https:\/\/ch.linkedin.com\/company\/aquametro-ag"]}]}},"_links":{"self":[{"href":"https:\/\/ch.integra-metering.com\/fr\/wp-json\/wp\/v2\/product\/6844","targetHints":{"allow":["GET"]}}],"collection":[{"href":"https:\/\/ch.integra-metering.com\/fr\/wp-json\/wp\/v2\/product"}],"about":[{"href":"https:\/\/ch.integra-metering.com\/fr\/wp-json\/wp\/v2\/types\/product"}],"replies":[{"embeddable":true,"href":"https:\/\/ch.integra-metering.com\/fr\/wp-json\/wp\/v2\/comments?post=6844"}],"wp:featuredmedia":[{"embeddable":true,"href":"https:\/\/ch.integra-metering.com\/fr\/wp-json\/wp\/v2\/media\/3164"}],"wp:attachment":[{"href":"https:\/\/ch.integra-metering.com\/fr\/wp-json\/wp\/v2\/media?parent=6844"}],"wp:term":[{"taxonomy":"product-applications","embeddable":true,"href":"https:\/\/ch.integra-metering.com\/fr\/wp-json\/wp\/v2\/product-applications?post=6844"},{"taxonomy":"product-medium","embeddable":true,"href":"https:\/\/ch.integra-metering.com\/fr\/wp-json\/wp\/v2\/product-medium?post=6844"},{"taxonomy":"product-process","embeddable":true,"href":"https:\/\/ch.integra-metering.com\/fr\/wp-json\/wp\/v2\/product-process?post=6844"}],"curies":[{"name":"wp","href":"https:\/\/api.w.org\/{rel}","templated":true}]}}