{"id":6846,"date":"2020-03-03T10:13:00","date_gmt":"2020-03-03T10:13:00","guid":{"rendered":"https:\/\/ch.integra-metering.com\/?post_type=product&#038;p=6846"},"modified":"2024-04-19T06:43:32","modified_gmt":"2024-04-19T06:43:32","slug":"calec-st-ii","status":"publish","type":"product","link":"https:\/\/ch.integra-metering.com\/fr\/product\/calec-st-ii\/","title":{"rendered":"CALEC\u00ae ST II"},"content":{"rendered":"\n<h3 class=\"wp-block-heading\" style=\"font-size:25px\"><strong><strong>IMPORTANT <\/strong>: ce produit est d\u00e9sormais archiv\u00e9 et n&rsquo;est plus disponible \u00e0 la vente.<\/strong><\/h3>\n\n\n\n<div style=\"height:60px\" aria-hidden=\"true\" class=\"wp-block-spacer\"><\/div>\n\n\n\n<!-- Block container# -->\n<div\n    id=\"air-tabsblock_06b1668f49b8046452fe3b345f26aef7\"\n    class=\"air-tabs tabs\"\n>\n\n<div class=\"tab-controls__container\"  airTargetDropdown>\n    <!-- Tabs controls# -->\n        <div class=\"tab-controls\"  airTargetDropdown>\n                                    <button class=\"tab-button js-tab-button--active theme-version-black\"  airTargetDropdown>\n                Caract\u00e9ristiques &amp; Avantages clients            <\/button>\n                                    <button class=\"tab-button  theme-version-black\"  airTargetDropdown>\n                Donn\u00e9es techniques            <\/button>\n                    <\/div>\n    <!-- #Tabs controls# -->\n<\/div>\n\n    <!-- #Tab content -->\n                <div class=\"tab-content active theme-version-black\">\n                <p>\u2022\u00a0 \u00a0Mesure \u00e9nerg\u00e9tique pr\u00e9cise de toutes les applications thermiques dans le chauffage urbain ou dans la technique de b\u00e2timent<br \/>\n\u2022\u00a0 \u00a0Interfaces avec le syst\u00e8me de contr\u00f4le des b\u00e2timents : M-Bus, LON, Modbus, N2Open, BACnet MS\/TP, KNX<br \/>\n\u2022\u00a0 \u00a0Module informatique enfichable<br \/>\n\u2022\u00a0 \u00a0Mesure du chauffage et du refroidissement dans un m\u00eame appareil<br \/>\n\u2022\u00a0 \u00a0Alimentation au choix<br \/>\n\u2022\u00a0 \u00a0Modulairement extensible, \u00e9galement disponible avec LoRaWAN<br \/>\n\u2022\u00a0 \u00a0Int\u00e9gration syst\u00e8me optimale<br \/>\n\u2022\u00a0 \u00a0Bo\u00eetier de protection robuste pour montage mural ou sur rail<\/p>\n            <\/div>\n    <!-- #Tab content -->\n                <div class=\"tab-content  theme-version-black\">\n                <p>\u2022\u00a0 \u00a0Module calculateur enfichable avec affichage LCD<br \/>\n\u2022\u00a0 \u00a0Alimentation 24 VDC \/ 230 VAC<br \/>\n\u2022\u00a0 \u00a0Pour sondes de temp\u00e9rature Pt100 ou Pt500, 2- ou 4-fils, Longueur max. c\u00e2ble 100 m (4-fils)<br \/>\n\u2022\u00a0 \u00a0Temp\u00e9rature fluide 0 \u00b0C \u00e0 200 \u00b0C (-40 \u00b0C \u00e0 180 \u00b0C caloporteurs sp\u00e9ciaux)<br \/>\n\u2022\u00a0 \u00a0Diff\u00e9rence de temp\u00e9rature 0 K \u00e0 190 K (homologation 3 K \u00e0 190 K, 1 K \u00e0 190 K selon prEN1434-4:2014)<br \/>\n\u2022\u00a0 \u00a0R\u00e9solution 20 bits, typique +\/- 0.005 K<br \/>\n\u2022\u00a0 \u00a0Unit\u00e9s d&rsquo;affichage au choix<br \/>\n\u2022\u00a0 \u00a0Enregistreur de donn\u00e9es jusqu&rsquo;\u00e0 500 enregistrements<br \/>\n\u2022\u00a0 \u00a0Cycle de calcul 1 s<br \/>\n\u2022\u00a0 \u00a0Alimentation 24V ou 3.6 V pour d\u00e9bitm\u00e8tre<br \/>\n\u2022\u00a0 \u00a02 sorties\/entr\u00e9es impulsions<br \/>\n\u2022\u00a0 \u00a0\u00c9galement disponible avec LoRaWAN<br \/>\n\u2022\u00a0 \u00a0Interfaces de communication M-Bus, LON, BacNet, ModBus, KNX, N2 Open, sorties analogiques, MS\/TP<br \/>\n\u2022\u00a0 \u00a011 diff\u00e9rents caloporteurs pr\u00e9programm\u00e9s d&rsquo;usine (option)<br \/>\n\u2022\u00a0 \u00a0Homologation m\u00e9trologique selon 2014\/32\/EU (MID) et PTB K 7.2<\/p>\n            <\/div>\n    <!-- #Tab content -->\n    <\/div>\n<!-- #Block container -->\n","protected":false},"excerpt":{"rendered":"<p>Calculateur d\u2019\u00e9nergie thermique multifonctions pour le chauffage urbain et la gestion technique centralis\u00e9e<\/p>\n","protected":false},"featured_media":1784,"parent":0,"comment_status":"open","ping_status":"closed","template":"","product-applications":[257],"product-medium":[66],"product-process":[249,166],"class_list":["post-6846","product","type-product","status-publish","has-post-thumbnail","hentry","product-applications-chauffage-a-distance-et-local","product-medium-energie-thermique","product-process-evaluation-traitement","product-process-lecture-transmission"],"acf":[],"yoast_head":"<!-- This site is optimized with the Yoast SEO plugin v24.5 - https:\/\/yoast.com\/wordpress\/plugins\/seo\/ -->\n<title>CALEC\u00ae ST II | INTEGRA Metering AG<\/title>\n<meta name=\"robots\" content=\"index, follow, max-snippet:-1, max-image-preview:large, max-video-preview:-1\" \/>\n<link rel=\"canonical\" href=\"https:\/\/ch.integra-metering.com\/fr\/product\/calec-st-ii\/\" \/>\n<meta property=\"og:locale\" content=\"fr_FR\" \/>\n<meta property=\"og:type\" content=\"article\" \/>\n<meta property=\"og:title\" content=\"CALEC\u00ae ST II | INTEGRA Metering AG\" \/>\n<meta property=\"og:description\" content=\"Calculateur d\u2019\u00e9nergie thermique multifonctions pour le chauffage urbain et la gestion technique centralis\u00e9e\" \/>\n<meta property=\"og:url\" content=\"https:\/\/ch.integra-metering.com\/fr\/product\/calec-st-ii\/\" \/>\n<meta property=\"og:site_name\" content=\"INTEGRA Metering AG\" \/>\n<meta property=\"article:modified_time\" content=\"2024-04-19T06:43:32+00:00\" \/>\n<meta property=\"og:image\" content=\"https:\/\/ch.integra-metering.com\/wp-content\/uploads\/sites\/4\/2020\/02\/CALEC-ST-II.png\" \/>\n\t<meta property=\"og:image:width\" content=\"500\" \/>\n\t<meta property=\"og:image:height\" content=\"500\" \/>\n\t<meta property=\"og:image:type\" content=\"image\/png\" \/>\n<meta name=\"twitter:card\" content=\"summary_large_image\" \/>\n<script type=\"application\/ld+json\" class=\"yoast-schema-graph\">{\"@context\":\"https:\/\/schema.org\",\"@graph\":[{\"@type\":\"WebPage\",\"@id\":\"https:\/\/ch.integra-metering.com\/fr\/product\/calec-st-ii\/\",\"url\":\"https:\/\/ch.integra-metering.com\/fr\/product\/calec-st-ii\/\",\"name\":\"CALEC\u00ae ST II | INTEGRA Metering AG\",\"isPartOf\":{\"@id\":\"https:\/\/ch.integra-metering.com\/#website\"},\"primaryImageOfPage\":{\"@id\":\"https:\/\/ch.integra-metering.com\/fr\/product\/calec-st-ii\/#primaryimage\"},\"image\":{\"@id\":\"https:\/\/ch.integra-metering.com\/fr\/product\/calec-st-ii\/#primaryimage\"},\"thumbnailUrl\":\"https:\/\/ch.integra-metering.com\/wp-content\/uploads\/sites\/4\/2020\/02\/CALEC-ST-II.png\",\"datePublished\":\"2020-03-03T10:13:00+00:00\",\"dateModified\":\"2024-04-19T06:43:32+00:00\",\"breadcrumb\":{\"@id\":\"https:\/\/ch.integra-metering.com\/fr\/product\/calec-st-ii\/#breadcrumb\"},\"inLanguage\":\"fr-FR\",\"potentialAction\":[{\"@type\":\"ReadAction\",\"target\":[\"https:\/\/ch.integra-metering.com\/fr\/product\/calec-st-ii\/\"]}]},{\"@type\":\"ImageObject\",\"inLanguage\":\"fr-FR\",\"@id\":\"https:\/\/ch.integra-metering.com\/fr\/product\/calec-st-ii\/#primaryimage\",\"url\":\"https:\/\/ch.integra-metering.com\/wp-content\/uploads\/sites\/4\/2020\/02\/CALEC-ST-II.png\",\"contentUrl\":\"https:\/\/ch.integra-metering.com\/wp-content\/uploads\/sites\/4\/2020\/02\/CALEC-ST-II.png\",\"width\":500,\"height\":500},{\"@type\":\"BreadcrumbList\",\"@id\":\"https:\/\/ch.integra-metering.com\/fr\/product\/calec-st-ii\/#breadcrumb\",\"itemListElement\":[{\"@type\":\"ListItem\",\"position\":1,\"name\":\"Home\",\"item\":\"https:\/\/ch.integra-metering.com\/fr\/\"},{\"@type\":\"ListItem\",\"position\":2,\"name\":\"Products\",\"item\":\"https:\/\/ch.integra-metering.com\/fr\/catalogue\/\"},{\"@type\":\"ListItem\",\"position\":3,\"name\":\"CALEC\u00ae ST II\"}]},{\"@type\":\"WebSite\",\"@id\":\"https:\/\/ch.integra-metering.com\/#website\",\"url\":\"https:\/\/ch.integra-metering.com\/\",\"name\":\"INTEGRA Metering AG\",\"description\":\"Herzlich willkommen auf der neuen Aquametro Homepage | Bienvenue sur le site Aquametro Suisse\",\"publisher\":{\"@id\":\"https:\/\/ch.integra-metering.com\/#organization\"},\"potentialAction\":[{\"@type\":\"SearchAction\",\"target\":{\"@type\":\"EntryPoint\",\"urlTemplate\":\"https:\/\/ch.integra-metering.com\/?s={search_term_string}\"},\"query-input\":{\"@type\":\"PropertyValueSpecification\",\"valueRequired\":true,\"valueName\":\"search_term_string\"}}],\"inLanguage\":\"fr-FR\"},{\"@type\":\"Organization\",\"@id\":\"https:\/\/ch.integra-metering.com\/#organization\",\"name\":\"INTEGRA Metering AG\",\"url\":\"https:\/\/ch.integra-metering.com\/\",\"logo\":{\"@type\":\"ImageObject\",\"inLanguage\":\"fr-FR\",\"@id\":\"https:\/\/ch.integra-metering.com\/#\/schema\/logo\/image\/\",\"url\":\"https:\/\/ch.integra-metering.com\/wp-content\/uploads\/sites\/4\/2019\/11\/integra-logo-dark.svg\",\"contentUrl\":\"https:\/\/ch.integra-metering.com\/wp-content\/uploads\/sites\/4\/2019\/11\/integra-logo-dark.svg\",\"width\":1,\"height\":1,\"caption\":\"INTEGRA Metering AG\"},\"image\":{\"@id\":\"https:\/\/ch.integra-metering.com\/#\/schema\/logo\/image\/\"},\"sameAs\":[\"https:\/\/ch.linkedin.com\/company\/aquametro-ag\"]}]}<\/script>\n<!-- \/ Yoast SEO plugin. -->","yoast_head_json":{"title":"CALEC\u00ae ST II | INTEGRA Metering AG","robots":{"index":"index","follow":"follow","max-snippet":"max-snippet:-1","max-image-preview":"max-image-preview:large","max-video-preview":"max-video-preview:-1"},"canonical":"https:\/\/ch.integra-metering.com\/fr\/product\/calec-st-ii\/","og_locale":"fr_FR","og_type":"article","og_title":"CALEC\u00ae ST II | INTEGRA Metering AG","og_description":"Calculateur d\u2019\u00e9nergie thermique multifonctions pour le chauffage urbain et la gestion technique centralis\u00e9e","og_url":"https:\/\/ch.integra-metering.com\/fr\/product\/calec-st-ii\/","og_site_name":"INTEGRA Metering AG","article_modified_time":"2024-04-19T06:43:32+00:00","og_image":[{"width":500,"height":500,"url":"https:\/\/ch.integra-metering.com\/wp-content\/uploads\/sites\/4\/2020\/02\/CALEC-ST-II.png","type":"image\/png"}],"twitter_card":"summary_large_image","schema":{"@context":"https:\/\/schema.org","@graph":[{"@type":"WebPage","@id":"https:\/\/ch.integra-metering.com\/fr\/product\/calec-st-ii\/","url":"https:\/\/ch.integra-metering.com\/fr\/product\/calec-st-ii\/","name":"CALEC\u00ae ST II | INTEGRA Metering AG","isPartOf":{"@id":"https:\/\/ch.integra-metering.com\/#website"},"primaryImageOfPage":{"@id":"https:\/\/ch.integra-metering.com\/fr\/product\/calec-st-ii\/#primaryimage"},"image":{"@id":"https:\/\/ch.integra-metering.com\/fr\/product\/calec-st-ii\/#primaryimage"},"thumbnailUrl":"https:\/\/ch.integra-metering.com\/wp-content\/uploads\/sites\/4\/2020\/02\/CALEC-ST-II.png","datePublished":"2020-03-03T10:13:00+00:00","dateModified":"2024-04-19T06:43:32+00:00","breadcrumb":{"@id":"https:\/\/ch.integra-metering.com\/fr\/product\/calec-st-ii\/#breadcrumb"},"inLanguage":"fr-FR","potentialAction":[{"@type":"ReadAction","target":["https:\/\/ch.integra-metering.com\/fr\/product\/calec-st-ii\/"]}]},{"@type":"ImageObject","inLanguage":"fr-FR","@id":"https:\/\/ch.integra-metering.com\/fr\/product\/calec-st-ii\/#primaryimage","url":"https:\/\/ch.integra-metering.com\/wp-content\/uploads\/sites\/4\/2020\/02\/CALEC-ST-II.png","contentUrl":"https:\/\/ch.integra-metering.com\/wp-content\/uploads\/sites\/4\/2020\/02\/CALEC-ST-II.png","width":500,"height":500},{"@type":"BreadcrumbList","@id":"https:\/\/ch.integra-metering.com\/fr\/product\/calec-st-ii\/#breadcrumb","itemListElement":[{"@type":"ListItem","position":1,"name":"Home","item":"https:\/\/ch.integra-metering.com\/fr\/"},{"@type":"ListItem","position":2,"name":"Products","item":"https:\/\/ch.integra-metering.com\/fr\/catalogue\/"},{"@type":"ListItem","position":3,"name":"CALEC\u00ae ST II"}]},{"@type":"WebSite","@id":"https:\/\/ch.integra-metering.com\/#website","url":"https:\/\/ch.integra-metering.com\/","name":"INTEGRA Metering AG","description":"Herzlich willkommen auf der neuen Aquametro Homepage | Bienvenue sur le site Aquametro Suisse","publisher":{"@id":"https:\/\/ch.integra-metering.com\/#organization"},"potentialAction":[{"@type":"SearchAction","target":{"@type":"EntryPoint","urlTemplate":"https:\/\/ch.integra-metering.com\/?s={search_term_string}"},"query-input":{"@type":"PropertyValueSpecification","valueRequired":true,"valueName":"search_term_string"}}],"inLanguage":"fr-FR"},{"@type":"Organization","@id":"https:\/\/ch.integra-metering.com\/#organization","name":"INTEGRA Metering AG","url":"https:\/\/ch.integra-metering.com\/","logo":{"@type":"ImageObject","inLanguage":"fr-FR","@id":"https:\/\/ch.integra-metering.com\/#\/schema\/logo\/image\/","url":"https:\/\/ch.integra-metering.com\/wp-content\/uploads\/sites\/4\/2019\/11\/integra-logo-dark.svg","contentUrl":"https:\/\/ch.integra-metering.com\/wp-content\/uploads\/sites\/4\/2019\/11\/integra-logo-dark.svg","width":1,"height":1,"caption":"INTEGRA Metering AG"},"image":{"@id":"https:\/\/ch.integra-metering.com\/#\/schema\/logo\/image\/"},"sameAs":["https:\/\/ch.linkedin.com\/company\/aquametro-ag"]}]}},"_links":{"self":[{"href":"https:\/\/ch.integra-metering.com\/fr\/wp-json\/wp\/v2\/product\/6846","targetHints":{"allow":["GET"]}}],"collection":[{"href":"https:\/\/ch.integra-metering.com\/fr\/wp-json\/wp\/v2\/product"}],"about":[{"href":"https:\/\/ch.integra-metering.com\/fr\/wp-json\/wp\/v2\/types\/product"}],"replies":[{"embeddable":true,"href":"https:\/\/ch.integra-metering.com\/fr\/wp-json\/wp\/v2\/comments?post=6846"}],"wp:featuredmedia":[{"embeddable":true,"href":"https:\/\/ch.integra-metering.com\/fr\/wp-json\/wp\/v2\/media\/1784"}],"wp:attachment":[{"href":"https:\/\/ch.integra-metering.com\/fr\/wp-json\/wp\/v2\/media?parent=6846"}],"wp:term":[{"taxonomy":"product-applications","embeddable":true,"href":"https:\/\/ch.integra-metering.com\/fr\/wp-json\/wp\/v2\/product-applications?post=6846"},{"taxonomy":"product-medium","embeddable":true,"href":"https:\/\/ch.integra-metering.com\/fr\/wp-json\/wp\/v2\/product-medium?post=6846"},{"taxonomy":"product-process","embeddable":true,"href":"https:\/\/ch.integra-metering.com\/fr\/wp-json\/wp\/v2\/product-process?post=6846"}],"curies":[{"name":"wp","href":"https:\/\/api.w.org\/{rel}","templated":true}]}}