{"id":6855,"date":"2019-11-17T11:15:00","date_gmt":"2019-11-17T11:15:00","guid":{"rendered":"https:\/\/ch.integra-metering.com\/?post_type=product&#038;p=6855"},"modified":"2024-04-16T11:29:51","modified_gmt":"2024-04-16T11:29:51","slug":"m-bus-mini-master","status":"publish","type":"product","link":"https:\/\/ch.integra-metering.com\/fr\/product\/m-bus-mini-master\/","title":{"rendered":"M-Bus Mini-Master"},"content":{"rendered":"\n<!-- Block container# -->\n<div\n    id=\"air-tabsblock_f05f273a59967d5c524860fe92d220ac\"\n    class=\"air-tabs tabs\"\n>\n\n<div class=\"tab-controls__container\"  airTargetDropdown>\n    <!-- Tabs controls# -->\n        <div class=\"tab-controls\"  airTargetDropdown>\n                                    <button class=\"tab-button js-tab-button--active theme-version-black\"  airTargetDropdown>\n                Caract\u00e9ristiques &amp; Avantages clients            <\/button>\n                                    <button class=\"tab-button  theme-version-black\"  airTargetDropdown>\n                Donn\u00e9es techniques            <\/button>\n                    <\/div>\n    <!-- #Tabs controls# -->\n<\/div>\n\n    <!-- #Tab content -->\n                <div class=\"tab-content active theme-version-black\">\n                <p>\u2022\u00a0 \u00a0Planification simple gr\u00e2ce \u00e0 un appareil compact<br \/>\n\u2022\u00a0 \u00a0Convertisseur de niveau M-Bus avec interface USB<br \/>\n\u2022\u00a0 \u00a0Communication via un modem. Il n\u2019est pas n\u00e9cessaire d\u2019acc\u00e9der au logement.<br \/>\n\u2022\u00a0 \u00a0S\u00e9curit\u00e9 garantie gr\u00e2ce \u00e0 des composants \u00e9prouv\u00e9s<br \/>\n\u2022\u00a0 \u00a0Permet le comptage intelligent : Relev\u00e9 \u00e0 distance des donn\u00e9es de consommation<br \/>\n\u2022\u00a0 \u00a0Pour des interventions de maintenance mobiles<\/p>\n            <\/div>\n    <!-- #Tab content -->\n                <div class=\"tab-content  theme-version-black\">\n                <p>\u2022\u00a0 \u00a0Deux LED pour l&rsquo;affichage du trafic de donn\u00e9es dans le sens d&rsquo;\u00e9mission et de r\u00e9ception<br \/>\n\u2022\u00a0 \u00a0Protection contre les surintensit\u00e9s et les courts-circuits sur l&rsquo;annuleur d&rsquo;\u00e9cho M-Bus<br \/>\n\u2022\u00a0 \u00a0Alimentation par l&rsquo;interface USB, aucune alimentation externe n&rsquo;est n\u00e9cessaire<br \/>\n\u2022\u00a0 \u00a0Syst\u00e8me de bus M-Bus (EN 13757-2)<br \/>\n\u2022\u00a0 \u00a0Nombre de compteurs 32<br \/>\n\u2022\u00a0 \u00a0Vitesse Baud 300 &#8211; 19200<br \/>\n\u2022\u00a0 \u00a0Bloc d&rsquo;alimentation Interface USB<br \/>\n\u2022\u00a0 \u00a0Temp\u00e9rature : -0 \u00b0C \u00e0 +55 \u00b0C<br \/>\n\u2022\u00a0 \u00a0Indice de protection : IP 40<br \/>\n\u2022\u00a0 \u00a0Poids : 0,1 Kg<br \/>\n\u2022\u00a0 \u00a0Dimensions : 40 mm x 52 mm x 14 mm<\/p>\n            <\/div>\n    <!-- #Tab content -->\n    <\/div>\n<!-- #Block container -->\n","protected":false},"excerpt":{"rendered":"<p>Convertisseur de niveau M-Bus<\/p>\n","protected":false},"featured_media":1789,"parent":0,"comment_status":"open","ping_status":"closed","template":"","product-applications":[257],"product-medium":[66,78],"product-process":[166],"class_list":["post-6855","product","type-product","status-publish","has-post-thumbnail","hentry","product-applications-chauffage-a-distance-et-local","product-medium-energie-thermique","product-medium-systemes-et-logiciels","product-process-lecture-transmission"],"acf":[],"yoast_head":"<!-- This site is optimized with the Yoast SEO plugin v24.5 - https:\/\/yoast.com\/wordpress\/plugins\/seo\/ -->\n<title>M-Bus Mini-Master | INTEGRA Metering AG<\/title>\n<meta name=\"robots\" content=\"index, follow, max-snippet:-1, max-image-preview:large, max-video-preview:-1\" \/>\n<link rel=\"canonical\" href=\"https:\/\/ch.integra-metering.com\/fr\/product\/m-bus-mini-master\/\" \/>\n<meta property=\"og:locale\" content=\"fr_FR\" \/>\n<meta property=\"og:type\" content=\"article\" \/>\n<meta property=\"og:title\" content=\"M-Bus Mini-Master | INTEGRA Metering AG\" \/>\n<meta property=\"og:description\" content=\"Convertisseur de niveau M-Bus\" \/>\n<meta property=\"og:url\" content=\"https:\/\/ch.integra-metering.com\/fr\/product\/m-bus-mini-master\/\" \/>\n<meta property=\"og:site_name\" content=\"INTEGRA Metering AG\" \/>\n<meta property=\"article:modified_time\" content=\"2024-04-16T11:29:51+00:00\" \/>\n<meta property=\"og:image\" content=\"https:\/\/ch.integra-metering.com\/wp-content\/uploads\/sites\/4\/2020\/02\/M-Bus-Mini-Master.png\" \/>\n\t<meta property=\"og:image:width\" content=\"500\" \/>\n\t<meta property=\"og:image:height\" content=\"500\" \/>\n\t<meta property=\"og:image:type\" content=\"image\/png\" \/>\n<meta name=\"twitter:card\" content=\"summary_large_image\" \/>\n<script type=\"application\/ld+json\" class=\"yoast-schema-graph\">{\"@context\":\"https:\/\/schema.org\",\"@graph\":[{\"@type\":\"WebPage\",\"@id\":\"https:\/\/ch.integra-metering.com\/fr\/product\/m-bus-mini-master\/\",\"url\":\"https:\/\/ch.integra-metering.com\/fr\/product\/m-bus-mini-master\/\",\"name\":\"M-Bus Mini-Master | INTEGRA Metering AG\",\"isPartOf\":{\"@id\":\"https:\/\/ch.integra-metering.com\/#website\"},\"primaryImageOfPage\":{\"@id\":\"https:\/\/ch.integra-metering.com\/fr\/product\/m-bus-mini-master\/#primaryimage\"},\"image\":{\"@id\":\"https:\/\/ch.integra-metering.com\/fr\/product\/m-bus-mini-master\/#primaryimage\"},\"thumbnailUrl\":\"https:\/\/ch.integra-metering.com\/wp-content\/uploads\/sites\/4\/2020\/02\/M-Bus-Mini-Master.png\",\"datePublished\":\"2019-11-17T11:15:00+00:00\",\"dateModified\":\"2024-04-16T11:29:51+00:00\",\"breadcrumb\":{\"@id\":\"https:\/\/ch.integra-metering.com\/fr\/product\/m-bus-mini-master\/#breadcrumb\"},\"inLanguage\":\"fr-FR\",\"potentialAction\":[{\"@type\":\"ReadAction\",\"target\":[\"https:\/\/ch.integra-metering.com\/fr\/product\/m-bus-mini-master\/\"]}]},{\"@type\":\"ImageObject\",\"inLanguage\":\"fr-FR\",\"@id\":\"https:\/\/ch.integra-metering.com\/fr\/product\/m-bus-mini-master\/#primaryimage\",\"url\":\"https:\/\/ch.integra-metering.com\/wp-content\/uploads\/sites\/4\/2020\/02\/M-Bus-Mini-Master.png\",\"contentUrl\":\"https:\/\/ch.integra-metering.com\/wp-content\/uploads\/sites\/4\/2020\/02\/M-Bus-Mini-Master.png\",\"width\":500,\"height\":500},{\"@type\":\"BreadcrumbList\",\"@id\":\"https:\/\/ch.integra-metering.com\/fr\/product\/m-bus-mini-master\/#breadcrumb\",\"itemListElement\":[{\"@type\":\"ListItem\",\"position\":1,\"name\":\"Home\",\"item\":\"https:\/\/ch.integra-metering.com\/fr\/\"},{\"@type\":\"ListItem\",\"position\":2,\"name\":\"Products\",\"item\":\"https:\/\/ch.integra-metering.com\/fr\/catalogue\/\"},{\"@type\":\"ListItem\",\"position\":3,\"name\":\"M-Bus Mini-Master\"}]},{\"@type\":\"WebSite\",\"@id\":\"https:\/\/ch.integra-metering.com\/#website\",\"url\":\"https:\/\/ch.integra-metering.com\/\",\"name\":\"INTEGRA Metering AG\",\"description\":\"Herzlich willkommen auf der neuen Aquametro Homepage | Bienvenue sur le site Aquametro Suisse\",\"publisher\":{\"@id\":\"https:\/\/ch.integra-metering.com\/#organization\"},\"potentialAction\":[{\"@type\":\"SearchAction\",\"target\":{\"@type\":\"EntryPoint\",\"urlTemplate\":\"https:\/\/ch.integra-metering.com\/?s={search_term_string}\"},\"query-input\":{\"@type\":\"PropertyValueSpecification\",\"valueRequired\":true,\"valueName\":\"search_term_string\"}}],\"inLanguage\":\"fr-FR\"},{\"@type\":\"Organization\",\"@id\":\"https:\/\/ch.integra-metering.com\/#organization\",\"name\":\"INTEGRA Metering AG\",\"url\":\"https:\/\/ch.integra-metering.com\/\",\"logo\":{\"@type\":\"ImageObject\",\"inLanguage\":\"fr-FR\",\"@id\":\"https:\/\/ch.integra-metering.com\/#\/schema\/logo\/image\/\",\"url\":\"https:\/\/ch.integra-metering.com\/wp-content\/uploads\/sites\/4\/2019\/11\/integra-logo-dark.svg\",\"contentUrl\":\"https:\/\/ch.integra-metering.com\/wp-content\/uploads\/sites\/4\/2019\/11\/integra-logo-dark.svg\",\"width\":1,\"height\":1,\"caption\":\"INTEGRA Metering AG\"},\"image\":{\"@id\":\"https:\/\/ch.integra-metering.com\/#\/schema\/logo\/image\/\"},\"sameAs\":[\"https:\/\/ch.linkedin.com\/company\/aquametro-ag\"]}]}<\/script>\n<!-- \/ Yoast SEO plugin. -->","yoast_head_json":{"title":"M-Bus Mini-Master | INTEGRA Metering AG","robots":{"index":"index","follow":"follow","max-snippet":"max-snippet:-1","max-image-preview":"max-image-preview:large","max-video-preview":"max-video-preview:-1"},"canonical":"https:\/\/ch.integra-metering.com\/fr\/product\/m-bus-mini-master\/","og_locale":"fr_FR","og_type":"article","og_title":"M-Bus Mini-Master | INTEGRA Metering AG","og_description":"Convertisseur de niveau M-Bus","og_url":"https:\/\/ch.integra-metering.com\/fr\/product\/m-bus-mini-master\/","og_site_name":"INTEGRA Metering AG","article_modified_time":"2024-04-16T11:29:51+00:00","og_image":[{"width":500,"height":500,"url":"https:\/\/ch.integra-metering.com\/wp-content\/uploads\/sites\/4\/2020\/02\/M-Bus-Mini-Master.png","type":"image\/png"}],"twitter_card":"summary_large_image","schema":{"@context":"https:\/\/schema.org","@graph":[{"@type":"WebPage","@id":"https:\/\/ch.integra-metering.com\/fr\/product\/m-bus-mini-master\/","url":"https:\/\/ch.integra-metering.com\/fr\/product\/m-bus-mini-master\/","name":"M-Bus Mini-Master | INTEGRA Metering AG","isPartOf":{"@id":"https:\/\/ch.integra-metering.com\/#website"},"primaryImageOfPage":{"@id":"https:\/\/ch.integra-metering.com\/fr\/product\/m-bus-mini-master\/#primaryimage"},"image":{"@id":"https:\/\/ch.integra-metering.com\/fr\/product\/m-bus-mini-master\/#primaryimage"},"thumbnailUrl":"https:\/\/ch.integra-metering.com\/wp-content\/uploads\/sites\/4\/2020\/02\/M-Bus-Mini-Master.png","datePublished":"2019-11-17T11:15:00+00:00","dateModified":"2024-04-16T11:29:51+00:00","breadcrumb":{"@id":"https:\/\/ch.integra-metering.com\/fr\/product\/m-bus-mini-master\/#breadcrumb"},"inLanguage":"fr-FR","potentialAction":[{"@type":"ReadAction","target":["https:\/\/ch.integra-metering.com\/fr\/product\/m-bus-mini-master\/"]}]},{"@type":"ImageObject","inLanguage":"fr-FR","@id":"https:\/\/ch.integra-metering.com\/fr\/product\/m-bus-mini-master\/#primaryimage","url":"https:\/\/ch.integra-metering.com\/wp-content\/uploads\/sites\/4\/2020\/02\/M-Bus-Mini-Master.png","contentUrl":"https:\/\/ch.integra-metering.com\/wp-content\/uploads\/sites\/4\/2020\/02\/M-Bus-Mini-Master.png","width":500,"height":500},{"@type":"BreadcrumbList","@id":"https:\/\/ch.integra-metering.com\/fr\/product\/m-bus-mini-master\/#breadcrumb","itemListElement":[{"@type":"ListItem","position":1,"name":"Home","item":"https:\/\/ch.integra-metering.com\/fr\/"},{"@type":"ListItem","position":2,"name":"Products","item":"https:\/\/ch.integra-metering.com\/fr\/catalogue\/"},{"@type":"ListItem","position":3,"name":"M-Bus Mini-Master"}]},{"@type":"WebSite","@id":"https:\/\/ch.integra-metering.com\/#website","url":"https:\/\/ch.integra-metering.com\/","name":"INTEGRA Metering AG","description":"Herzlich willkommen auf der neuen Aquametro Homepage | Bienvenue sur le site Aquametro Suisse","publisher":{"@id":"https:\/\/ch.integra-metering.com\/#organization"},"potentialAction":[{"@type":"SearchAction","target":{"@type":"EntryPoint","urlTemplate":"https:\/\/ch.integra-metering.com\/?s={search_term_string}"},"query-input":{"@type":"PropertyValueSpecification","valueRequired":true,"valueName":"search_term_string"}}],"inLanguage":"fr-FR"},{"@type":"Organization","@id":"https:\/\/ch.integra-metering.com\/#organization","name":"INTEGRA Metering AG","url":"https:\/\/ch.integra-metering.com\/","logo":{"@type":"ImageObject","inLanguage":"fr-FR","@id":"https:\/\/ch.integra-metering.com\/#\/schema\/logo\/image\/","url":"https:\/\/ch.integra-metering.com\/wp-content\/uploads\/sites\/4\/2019\/11\/integra-logo-dark.svg","contentUrl":"https:\/\/ch.integra-metering.com\/wp-content\/uploads\/sites\/4\/2019\/11\/integra-logo-dark.svg","width":1,"height":1,"caption":"INTEGRA Metering AG"},"image":{"@id":"https:\/\/ch.integra-metering.com\/#\/schema\/logo\/image\/"},"sameAs":["https:\/\/ch.linkedin.com\/company\/aquametro-ag"]}]}},"_links":{"self":[{"href":"https:\/\/ch.integra-metering.com\/fr\/wp-json\/wp\/v2\/product\/6855","targetHints":{"allow":["GET"]}}],"collection":[{"href":"https:\/\/ch.integra-metering.com\/fr\/wp-json\/wp\/v2\/product"}],"about":[{"href":"https:\/\/ch.integra-metering.com\/fr\/wp-json\/wp\/v2\/types\/product"}],"replies":[{"embeddable":true,"href":"https:\/\/ch.integra-metering.com\/fr\/wp-json\/wp\/v2\/comments?post=6855"}],"wp:featuredmedia":[{"embeddable":true,"href":"https:\/\/ch.integra-metering.com\/fr\/wp-json\/wp\/v2\/media\/1789"}],"wp:attachment":[{"href":"https:\/\/ch.integra-metering.com\/fr\/wp-json\/wp\/v2\/media?parent=6855"}],"wp:term":[{"taxonomy":"product-applications","embeddable":true,"href":"https:\/\/ch.integra-metering.com\/fr\/wp-json\/wp\/v2\/product-applications?post=6855"},{"taxonomy":"product-medium","embeddable":true,"href":"https:\/\/ch.integra-metering.com\/fr\/wp-json\/wp\/v2\/product-medium?post=6855"},{"taxonomy":"product-process","embeddable":true,"href":"https:\/\/ch.integra-metering.com\/fr\/wp-json\/wp\/v2\/product-process?post=6855"}],"curies":[{"name":"wp","href":"https:\/\/api.w.org\/{rel}","templated":true}]}}