{"id":6856,"date":"2020-01-19T11:22:00","date_gmt":"2020-01-19T11:22:00","guid":{"rendered":"https:\/\/ch.integra-metering.com\/?post_type=product&#038;p=6856"},"modified":"2024-09-02T14:20:49","modified_gmt":"2024-09-02T14:20:49","slug":"rubin-emetteur-dimpulsion-od-am-04-pour-rubin-wpdh-ou-wms","status":"publish","type":"product","link":"https:\/\/ch.integra-metering.com\/fr\/product\/rubin-emetteur-dimpulsion-od-am-04-pour-rubin-wpdh-ou-wms\/","title":{"rendered":"RUBIN Emetteur d&rsquo;impulsion OD AM\/04 pour RUBIN WPDH ou WMS"},"content":{"rendered":"\n<!-- Block container# -->\n<div\n    id=\"air-tabsblock_b441167d0a4a57e74f3f6d60a973e647\"\n    class=\"air-tabs tabs\"\n>\n\n<div class=\"tab-controls__container\"  airTargetDropdown>\n    <!-- Tabs controls# -->\n        <div class=\"tab-controls\"  airTargetDropdown>\n                                    <button class=\"tab-button js-tab-button--active theme-version-black\"  airTargetDropdown>\n                Caract\u00e9ristiques &amp; Avantages clients:            <\/button>\n                                    <button class=\"tab-button  theme-version-black\"  airTargetDropdown>\n                Donn\u00e9es techniques:            <\/button>\n                    <\/div>\n    <!-- #Tabs controls# -->\n<\/div>\n\n    <!-- #Tab content -->\n                <div class=\"tab-content active theme-version-black\">\n                <p>\u2022\u00a0 \u00a0Emetteur d&rsquo;impulsions pour les compteurs d&rsquo;eau m\u00e9caniques<br \/>\n\u2022\u00a0 \u00a0Utilisation en combinaison avec un compteur d&rsquo;eau froide \/ d&rsquo;eau chaude RUBIN<br \/>\n\u2022\u00a0 \u00a0Fiabilit\u00e9 de la planification : peut \u00eatre modernis\u00e9e\/am\u00e9lior\u00e9e \u00e0 tout moment<\/p>\n            <\/div>\n    <!-- #Tab content -->\n                <div class=\"tab-content  theme-version-black\">\n                <p>\u2022\u00a0 \u00a0\u00c9l\u00e9ment de commutation Barri\u00e8re lumineuse IR-r\u00e9flexe selon la norme DIN 19234 en version enfichable<br \/>\n\u2022\u00a0 \u00a0tension de commutation 8,2 VDC<br \/>\n\u2022\u00a0 \u00a0courant de commutation <1,2 mA\n\u2022\u00a0 \u00a0Courant de repos >2,1 mA<br \/>\n\u2022\u00a0 \u00a0Temp\u00e9rature ambiante -10\u00b0C \u00e0 +70\u00b0C<br \/>\n\u2022\u00a0 \u00a0Indice de protection IP 68<br \/>\n\u2022\u00a0 \u00a0Longueur de c\u00e2ble 3 m<br \/>\n\u2022\u00a0 \u00a0D\u00e9tection avant\/arri\u00e8re<br \/>\n\u2022\u00a0 \u00a0Balancement OD AM, uniquement des impulsions vers l&rsquo;avant<br \/>\n\u2022\u00a0 \u00a0OD 04 via un seuil de courant suppl\u00e9mentaire \u00e0 1,5 mA <\/p>\n            <\/div>\n    <!-- #Tab content -->\n    <\/div>\n<!-- #Block container -->\n\n\n\n<div style=\"height:50px\" aria-hidden=\"true\" class=\"wp-block-spacer\"><\/div>\n\n\n\n<p><strong>Disponible \u00e9galement comme fichier BIM (IFC) :<\/strong> <\/p>\n\n\n\n<div style=\"height:30px\" aria-hidden=\"true\" class=\"wp-block-spacer\"><\/div>\n\n\n\n<div class=\"wp-block-buttons is-layout-flex wp-block-buttons-is-layout-flex\">\n<div class=\"wp-block-button has-custom-font-size has-medium-font-size\"><a class=\"wp-block-button__link wp-element-button\" href=\"https:\/\/ch.buildup.group\/fr\/orga\/INTEGRA_Metering_AG?line=RUBIN%C2%AE%20WPD%20FS\" style=\"border-radius:3px\" target=\"_blank\" rel=\"noreferrer noopener\">Continuer sur buildup.ch<\/a><\/div>\n<\/div>\n\n\n\n<p><\/p>\n","protected":false},"excerpt":{"rendered":"<p>G\u00e9n\u00e9rateur d&rsquo;impulsions opto\u00e9lectronique NAMUR selon DIN 19234<\/p>\n","protected":false},"featured_media":1816,"parent":0,"comment_status":"open","ping_status":"closed","template":"","product-applications":[],"product-medium":[67],"product-process":[166],"class_list":["post-6856","product","type-product","status-publish","has-post-thumbnail","hentry","product-medium-eau","product-process-lecture-transmission"],"acf":[],"yoast_head":"<!-- This site is optimized with the Yoast SEO plugin v24.5 - https:\/\/yoast.com\/wordpress\/plugins\/seo\/ -->\n<title>RUBIN Emetteur d&#039;impulsion OD AM\/04 pour RUBIN WPDH ou WMS | INTEGRA Metering AG<\/title>\n<meta name=\"robots\" content=\"index, follow, max-snippet:-1, max-image-preview:large, max-video-preview:-1\" \/>\n<link rel=\"canonical\" href=\"https:\/\/ch.integra-metering.com\/fr\/product\/rubin-emetteur-dimpulsion-od-am-04-pour-rubin-wpdh-ou-wms\/\" \/>\n<meta property=\"og:locale\" content=\"fr_FR\" \/>\n<meta property=\"og:type\" content=\"article\" \/>\n<meta property=\"og:title\" content=\"RUBIN Emetteur d&#039;impulsion OD AM\/04 pour RUBIN WPDH ou WMS | INTEGRA Metering AG\" \/>\n<meta property=\"og:description\" content=\"G\u00e9n\u00e9rateur d&#039;impulsions opto\u00e9lectronique NAMUR selon DIN 19234\" \/>\n<meta property=\"og:url\" content=\"https:\/\/ch.integra-metering.com\/fr\/product\/rubin-emetteur-dimpulsion-od-am-04-pour-rubin-wpdh-ou-wms\/\" \/>\n<meta property=\"og:site_name\" content=\"INTEGRA Metering AG\" \/>\n<meta property=\"article:modified_time\" content=\"2024-09-02T14:20:49+00:00\" \/>\n<meta property=\"og:image\" content=\"https:\/\/ch.integra-metering.com\/wp-content\/uploads\/sites\/4\/2020\/02\/RUBIN-OD-AM04.png\" \/>\n\t<meta property=\"og:image:width\" content=\"500\" \/>\n\t<meta property=\"og:image:height\" content=\"500\" \/>\n\t<meta property=\"og:image:type\" content=\"image\/png\" \/>\n<meta name=\"twitter:card\" content=\"summary_large_image\" \/>\n<script type=\"application\/ld+json\" class=\"yoast-schema-graph\">{\"@context\":\"https:\/\/schema.org\",\"@graph\":[{\"@type\":\"WebPage\",\"@id\":\"https:\/\/ch.integra-metering.com\/fr\/product\/rubin-emetteur-dimpulsion-od-am-04-pour-rubin-wpdh-ou-wms\/\",\"url\":\"https:\/\/ch.integra-metering.com\/fr\/product\/rubin-emetteur-dimpulsion-od-am-04-pour-rubin-wpdh-ou-wms\/\",\"name\":\"RUBIN Emetteur d'impulsion OD AM\/04 pour RUBIN WPDH ou WMS | INTEGRA Metering AG\",\"isPartOf\":{\"@id\":\"https:\/\/ch.integra-metering.com\/#website\"},\"primaryImageOfPage\":{\"@id\":\"https:\/\/ch.integra-metering.com\/fr\/product\/rubin-emetteur-dimpulsion-od-am-04-pour-rubin-wpdh-ou-wms\/#primaryimage\"},\"image\":{\"@id\":\"https:\/\/ch.integra-metering.com\/fr\/product\/rubin-emetteur-dimpulsion-od-am-04-pour-rubin-wpdh-ou-wms\/#primaryimage\"},\"thumbnailUrl\":\"https:\/\/ch.integra-metering.com\/wp-content\/uploads\/sites\/4\/2020\/02\/RUBIN-OD-AM04.png\",\"datePublished\":\"2020-01-19T11:22:00+00:00\",\"dateModified\":\"2024-09-02T14:20:49+00:00\",\"breadcrumb\":{\"@id\":\"https:\/\/ch.integra-metering.com\/fr\/product\/rubin-emetteur-dimpulsion-od-am-04-pour-rubin-wpdh-ou-wms\/#breadcrumb\"},\"inLanguage\":\"fr-FR\",\"potentialAction\":[{\"@type\":\"ReadAction\",\"target\":[\"https:\/\/ch.integra-metering.com\/fr\/product\/rubin-emetteur-dimpulsion-od-am-04-pour-rubin-wpdh-ou-wms\/\"]}]},{\"@type\":\"ImageObject\",\"inLanguage\":\"fr-FR\",\"@id\":\"https:\/\/ch.integra-metering.com\/fr\/product\/rubin-emetteur-dimpulsion-od-am-04-pour-rubin-wpdh-ou-wms\/#primaryimage\",\"url\":\"https:\/\/ch.integra-metering.com\/wp-content\/uploads\/sites\/4\/2020\/02\/RUBIN-OD-AM04.png\",\"contentUrl\":\"https:\/\/ch.integra-metering.com\/wp-content\/uploads\/sites\/4\/2020\/02\/RUBIN-OD-AM04.png\",\"width\":500,\"height\":500},{\"@type\":\"BreadcrumbList\",\"@id\":\"https:\/\/ch.integra-metering.com\/fr\/product\/rubin-emetteur-dimpulsion-od-am-04-pour-rubin-wpdh-ou-wms\/#breadcrumb\",\"itemListElement\":[{\"@type\":\"ListItem\",\"position\":1,\"name\":\"Home\",\"item\":\"https:\/\/ch.integra-metering.com\/fr\/\"},{\"@type\":\"ListItem\",\"position\":2,\"name\":\"Products\",\"item\":\"https:\/\/ch.integra-metering.com\/fr\/catalogue\/\"},{\"@type\":\"ListItem\",\"position\":3,\"name\":\"RUBIN Emetteur d&#8217;impulsion OD AM\/04 pour RUBIN WPDH ou WMS\"}]},{\"@type\":\"WebSite\",\"@id\":\"https:\/\/ch.integra-metering.com\/#website\",\"url\":\"https:\/\/ch.integra-metering.com\/\",\"name\":\"INTEGRA Metering AG\",\"description\":\"Herzlich willkommen auf der neuen Aquametro Homepage | Bienvenue sur le site Aquametro Suisse\",\"publisher\":{\"@id\":\"https:\/\/ch.integra-metering.com\/#organization\"},\"potentialAction\":[{\"@type\":\"SearchAction\",\"target\":{\"@type\":\"EntryPoint\",\"urlTemplate\":\"https:\/\/ch.integra-metering.com\/?s={search_term_string}\"},\"query-input\":{\"@type\":\"PropertyValueSpecification\",\"valueRequired\":true,\"valueName\":\"search_term_string\"}}],\"inLanguage\":\"fr-FR\"},{\"@type\":\"Organization\",\"@id\":\"https:\/\/ch.integra-metering.com\/#organization\",\"name\":\"INTEGRA Metering AG\",\"url\":\"https:\/\/ch.integra-metering.com\/\",\"logo\":{\"@type\":\"ImageObject\",\"inLanguage\":\"fr-FR\",\"@id\":\"https:\/\/ch.integra-metering.com\/#\/schema\/logo\/image\/\",\"url\":\"https:\/\/ch.integra-metering.com\/wp-content\/uploads\/sites\/4\/2019\/11\/integra-logo-dark.svg\",\"contentUrl\":\"https:\/\/ch.integra-metering.com\/wp-content\/uploads\/sites\/4\/2019\/11\/integra-logo-dark.svg\",\"width\":1,\"height\":1,\"caption\":\"INTEGRA Metering AG\"},\"image\":{\"@id\":\"https:\/\/ch.integra-metering.com\/#\/schema\/logo\/image\/\"},\"sameAs\":[\"https:\/\/ch.linkedin.com\/company\/aquametro-ag\"]}]}<\/script>\n<!-- \/ Yoast SEO plugin. -->","yoast_head_json":{"title":"RUBIN Emetteur d'impulsion OD AM\/04 pour RUBIN WPDH ou WMS | INTEGRA Metering AG","robots":{"index":"index","follow":"follow","max-snippet":"max-snippet:-1","max-image-preview":"max-image-preview:large","max-video-preview":"max-video-preview:-1"},"canonical":"https:\/\/ch.integra-metering.com\/fr\/product\/rubin-emetteur-dimpulsion-od-am-04-pour-rubin-wpdh-ou-wms\/","og_locale":"fr_FR","og_type":"article","og_title":"RUBIN Emetteur d'impulsion OD AM\/04 pour RUBIN WPDH ou WMS | INTEGRA Metering AG","og_description":"G\u00e9n\u00e9rateur d'impulsions opto\u00e9lectronique NAMUR selon DIN 19234","og_url":"https:\/\/ch.integra-metering.com\/fr\/product\/rubin-emetteur-dimpulsion-od-am-04-pour-rubin-wpdh-ou-wms\/","og_site_name":"INTEGRA Metering AG","article_modified_time":"2024-09-02T14:20:49+00:00","og_image":[{"width":500,"height":500,"url":"https:\/\/ch.integra-metering.com\/wp-content\/uploads\/sites\/4\/2020\/02\/RUBIN-OD-AM04.png","type":"image\/png"}],"twitter_card":"summary_large_image","schema":{"@context":"https:\/\/schema.org","@graph":[{"@type":"WebPage","@id":"https:\/\/ch.integra-metering.com\/fr\/product\/rubin-emetteur-dimpulsion-od-am-04-pour-rubin-wpdh-ou-wms\/","url":"https:\/\/ch.integra-metering.com\/fr\/product\/rubin-emetteur-dimpulsion-od-am-04-pour-rubin-wpdh-ou-wms\/","name":"RUBIN Emetteur d'impulsion OD AM\/04 pour RUBIN WPDH ou WMS | INTEGRA Metering AG","isPartOf":{"@id":"https:\/\/ch.integra-metering.com\/#website"},"primaryImageOfPage":{"@id":"https:\/\/ch.integra-metering.com\/fr\/product\/rubin-emetteur-dimpulsion-od-am-04-pour-rubin-wpdh-ou-wms\/#primaryimage"},"image":{"@id":"https:\/\/ch.integra-metering.com\/fr\/product\/rubin-emetteur-dimpulsion-od-am-04-pour-rubin-wpdh-ou-wms\/#primaryimage"},"thumbnailUrl":"https:\/\/ch.integra-metering.com\/wp-content\/uploads\/sites\/4\/2020\/02\/RUBIN-OD-AM04.png","datePublished":"2020-01-19T11:22:00+00:00","dateModified":"2024-09-02T14:20:49+00:00","breadcrumb":{"@id":"https:\/\/ch.integra-metering.com\/fr\/product\/rubin-emetteur-dimpulsion-od-am-04-pour-rubin-wpdh-ou-wms\/#breadcrumb"},"inLanguage":"fr-FR","potentialAction":[{"@type":"ReadAction","target":["https:\/\/ch.integra-metering.com\/fr\/product\/rubin-emetteur-dimpulsion-od-am-04-pour-rubin-wpdh-ou-wms\/"]}]},{"@type":"ImageObject","inLanguage":"fr-FR","@id":"https:\/\/ch.integra-metering.com\/fr\/product\/rubin-emetteur-dimpulsion-od-am-04-pour-rubin-wpdh-ou-wms\/#primaryimage","url":"https:\/\/ch.integra-metering.com\/wp-content\/uploads\/sites\/4\/2020\/02\/RUBIN-OD-AM04.png","contentUrl":"https:\/\/ch.integra-metering.com\/wp-content\/uploads\/sites\/4\/2020\/02\/RUBIN-OD-AM04.png","width":500,"height":500},{"@type":"BreadcrumbList","@id":"https:\/\/ch.integra-metering.com\/fr\/product\/rubin-emetteur-dimpulsion-od-am-04-pour-rubin-wpdh-ou-wms\/#breadcrumb","itemListElement":[{"@type":"ListItem","position":1,"name":"Home","item":"https:\/\/ch.integra-metering.com\/fr\/"},{"@type":"ListItem","position":2,"name":"Products","item":"https:\/\/ch.integra-metering.com\/fr\/catalogue\/"},{"@type":"ListItem","position":3,"name":"RUBIN Emetteur d&#8217;impulsion OD AM\/04 pour RUBIN WPDH ou WMS"}]},{"@type":"WebSite","@id":"https:\/\/ch.integra-metering.com\/#website","url":"https:\/\/ch.integra-metering.com\/","name":"INTEGRA Metering AG","description":"Herzlich willkommen auf der neuen Aquametro Homepage | Bienvenue sur le site Aquametro Suisse","publisher":{"@id":"https:\/\/ch.integra-metering.com\/#organization"},"potentialAction":[{"@type":"SearchAction","target":{"@type":"EntryPoint","urlTemplate":"https:\/\/ch.integra-metering.com\/?s={search_term_string}"},"query-input":{"@type":"PropertyValueSpecification","valueRequired":true,"valueName":"search_term_string"}}],"inLanguage":"fr-FR"},{"@type":"Organization","@id":"https:\/\/ch.integra-metering.com\/#organization","name":"INTEGRA Metering AG","url":"https:\/\/ch.integra-metering.com\/","logo":{"@type":"ImageObject","inLanguage":"fr-FR","@id":"https:\/\/ch.integra-metering.com\/#\/schema\/logo\/image\/","url":"https:\/\/ch.integra-metering.com\/wp-content\/uploads\/sites\/4\/2019\/11\/integra-logo-dark.svg","contentUrl":"https:\/\/ch.integra-metering.com\/wp-content\/uploads\/sites\/4\/2019\/11\/integra-logo-dark.svg","width":1,"height":1,"caption":"INTEGRA Metering AG"},"image":{"@id":"https:\/\/ch.integra-metering.com\/#\/schema\/logo\/image\/"},"sameAs":["https:\/\/ch.linkedin.com\/company\/aquametro-ag"]}]}},"_links":{"self":[{"href":"https:\/\/ch.integra-metering.com\/fr\/wp-json\/wp\/v2\/product\/6856","targetHints":{"allow":["GET"]}}],"collection":[{"href":"https:\/\/ch.integra-metering.com\/fr\/wp-json\/wp\/v2\/product"}],"about":[{"href":"https:\/\/ch.integra-metering.com\/fr\/wp-json\/wp\/v2\/types\/product"}],"replies":[{"embeddable":true,"href":"https:\/\/ch.integra-metering.com\/fr\/wp-json\/wp\/v2\/comments?post=6856"}],"wp:featuredmedia":[{"embeddable":true,"href":"https:\/\/ch.integra-metering.com\/fr\/wp-json\/wp\/v2\/media\/1816"}],"wp:attachment":[{"href":"https:\/\/ch.integra-metering.com\/fr\/wp-json\/wp\/v2\/media?parent=6856"}],"wp:term":[{"taxonomy":"product-applications","embeddable":true,"href":"https:\/\/ch.integra-metering.com\/fr\/wp-json\/wp\/v2\/product-applications?post=6856"},{"taxonomy":"product-medium","embeddable":true,"href":"https:\/\/ch.integra-metering.com\/fr\/wp-json\/wp\/v2\/product-medium?post=6856"},{"taxonomy":"product-process","embeddable":true,"href":"https:\/\/ch.integra-metering.com\/fr\/wp-json\/wp\/v2\/product-process?post=6856"}],"curies":[{"name":"wp","href":"https:\/\/api.w.org\/{rel}","templated":true}]}}