{"id":6867,"date":"2020-03-13T12:22:00","date_gmt":"2020-03-13T12:22:00","guid":{"rendered":"https:\/\/ch.integra-metering.com\/?post_type=product&#038;p=6867"},"modified":"2024-09-02T14:15:56","modified_gmt":"2024-09-02T14:15:56","slug":"rubin-kms-kms-2","status":"publish","type":"product","link":"https:\/\/ch.integra-metering.com\/fr\/product\/rubin-kms-kms-2\/","title":{"rendered":"RUBIN KMS \/ KMS+"},"content":{"rendered":"\n<!-- Block container# -->\n<div\n    id=\"air-tabsblock_bcb19f2806e3ae6c92197f0664789854\"\n    class=\"air-tabs tabs\"\n>\n\n<div class=\"tab-controls__container\"  airTargetDropdown>\n    <!-- Tabs controls# -->\n        <div class=\"tab-controls\"  airTargetDropdown>\n                                    <button class=\"tab-button js-tab-button--active theme-version-black\"  airTargetDropdown>\n                Caract\u00e9ristiques &amp; Avantages clients            <\/button>\n                                    <button class=\"tab-button  theme-version-black\"  airTargetDropdown>\n                Donn\u00e9es techniques            <\/button>\n                    <\/div>\n    <!-- #Tabs controls# -->\n<\/div>\n\n    <!-- #Tab content -->\n                <div class=\"tab-content active theme-version-black\">\n                <p>\u2022\u00a0 \u00a0Compteur d\u2019eau pour la mesure de petits et grands d\u00e9bits avec un seul appareil de mesure<br \/>\n\u2022\u00a0 \u00a0Redresseur d\u2019\u00e9coulement int\u00e9gr\u00e9, principe de mesure bidirectionnelle<br \/>\n\u2022\u00a0 \u00a0Equipement ult\u00e9rieur rapide et \u00e9conomique de modules de syst\u00e8me pour la lecture de donn\u00e9es<br \/>\n\u2022\u00a0 \u00a0Enregistrement pr\u00e9cis des mesures de d\u00e9bit<br \/>\n\u2022\u00a0 \u00a0Remplacement rapide et \u00e9conomique des inserts de mesure<br \/>\n\u2022\u00a0 \u00a0Aucune section d\u2019entr\u00e9e et de sortie requise<br \/>\n\u2022\u00a0 \u00a0Convient pour la surveillance des r\u00e9seaux de canalisations et la d\u00e9tection des fuites<\/p>\n            <\/div>\n    <!-- #Tab content -->\n                <div class=\"tab-content  theme-version-black\">\n                <p>\u2022\u00a0 \u00a0Installation horizontale et verticale<br \/>\n\u2022\u00a0 \u00a0Diam\u00e8tre nominal DN 40 \u00e0 DN 300 (KMS+ \u00e0 DN 150)<br \/>\n\u2022\u00a0 \u00a0Pression nominale PN 16 bar (PN 40 bar sur demande)<br \/>\n\u2022\u00a0 \u00a0Plage de temp\u00e9rature de 0 \u00b0C \u00e0 50 \u00b0C<br \/>\n\u2022\u00a0 \u00a0Indice de protection IP 68<br \/>\n\u2022\u00a0 \u00a0Classe de pr\u00e9cision 2 \/ T30<br \/>\n\u2022\u00a0 \u00a0Approbation de l\u2019eau potable<br \/>\n\u2022\u00a0 \u00a0Approbation selon MI004 et PTB cold K 7.2<br \/>\n\u2022\u00a0 \u00a0KMS : Installation dans des conduites horizontales et verticales Alignement de la t\u00eate de compteur vers le haut ou sur le c\u00f4t\u00e9, ne n\u00e9cessite pas de section d\u2019entr\u00e9e<br \/>\n\u2022\u00a0 \u00a0KMS+ : Version avec dynamique de mesure accrue, exclusivement pour le montage horizontal<\/p>\n            <\/div>\n    <!-- #Tab content -->\n    <\/div>\n<!-- #Block container -->\n\n\n\n<div style=\"height:50px\" aria-hidden=\"true\" class=\"wp-block-spacer\"><\/div>\n\n\n\n<p><strong>Disponible \u00e9galement comme fichier BIM (IFC) :<\/strong> <\/p>\n\n\n\n<div style=\"height:30px\" aria-hidden=\"true\" class=\"wp-block-spacer\"><\/div>\n\n\n\n<div class=\"wp-block-buttons is-layout-flex wp-block-buttons-is-layout-flex\">\n<div class=\"wp-block-button has-custom-font-size has-medium-font-size\"><a class=\"wp-block-button__link wp-element-button\" href=\"https:\/\/ch.buildup.group\/fr\/orga\/INTEGRA_Metering_AG?line=RUBIN%C2%AE\" style=\"border-radius:3px\" target=\"_blank\" rel=\"noreferrer noopener\">Continuer sur buildup.ch<\/a><\/div>\n<\/div>\n","protected":false},"excerpt":{"rendered":"<p>Compteur d&rsquo;eau froide Woltman pour gros d\u00e9bit<\/p>\n","protected":false},"featured_media":1810,"parent":0,"comment_status":"open","ping_status":"closed","template":"","product-applications":[255,106],"product-medium":[67],"product-process":[115],"class_list":["post-6867","product","type-product","status-publish","has-post-thumbnail","hentry","product-applications-gestion-technique-centralisee","product-applications-reseau","product-medium-eau","product-process-mesurer"],"acf":[],"yoast_head":"<!-- This site is optimized with the Yoast SEO plugin v24.5 - https:\/\/yoast.com\/wordpress\/plugins\/seo\/ -->\n<title>RUBIN KMS \/ KMS+ | INTEGRA Metering AG<\/title>\n<meta name=\"robots\" content=\"index, follow, max-snippet:-1, max-image-preview:large, max-video-preview:-1\" \/>\n<link rel=\"canonical\" href=\"https:\/\/ch.integra-metering.com\/fr\/product\/rubin-kms-kms-2\/\" \/>\n<meta property=\"og:locale\" content=\"fr_FR\" \/>\n<meta property=\"og:type\" content=\"article\" \/>\n<meta property=\"og:title\" content=\"RUBIN KMS \/ KMS+ | INTEGRA Metering AG\" \/>\n<meta property=\"og:description\" content=\"Compteur d&#039;eau froide Woltman pour gros d\u00e9bit\" \/>\n<meta property=\"og:url\" content=\"https:\/\/ch.integra-metering.com\/fr\/product\/rubin-kms-kms-2\/\" \/>\n<meta property=\"og:site_name\" content=\"INTEGRA Metering AG\" \/>\n<meta property=\"article:modified_time\" content=\"2024-09-02T14:15:56+00:00\" \/>\n<meta property=\"og:image\" content=\"https:\/\/ch.integra-metering.com\/wp-content\/uploads\/sites\/4\/2020\/02\/RUBIN-KMS-KMS.png\" \/>\n\t<meta property=\"og:image:width\" content=\"500\" \/>\n\t<meta property=\"og:image:height\" content=\"500\" \/>\n\t<meta property=\"og:image:type\" content=\"image\/png\" \/>\n<meta name=\"twitter:card\" content=\"summary_large_image\" \/>\n<script type=\"application\/ld+json\" class=\"yoast-schema-graph\">{\"@context\":\"https:\/\/schema.org\",\"@graph\":[{\"@type\":\"WebPage\",\"@id\":\"https:\/\/ch.integra-metering.com\/fr\/product\/rubin-kms-kms-2\/\",\"url\":\"https:\/\/ch.integra-metering.com\/fr\/product\/rubin-kms-kms-2\/\",\"name\":\"RUBIN KMS \/ KMS+ | INTEGRA Metering AG\",\"isPartOf\":{\"@id\":\"https:\/\/ch.integra-metering.com\/#website\"},\"primaryImageOfPage\":{\"@id\":\"https:\/\/ch.integra-metering.com\/fr\/product\/rubin-kms-kms-2\/#primaryimage\"},\"image\":{\"@id\":\"https:\/\/ch.integra-metering.com\/fr\/product\/rubin-kms-kms-2\/#primaryimage\"},\"thumbnailUrl\":\"https:\/\/ch.integra-metering.com\/wp-content\/uploads\/sites\/4\/2020\/02\/RUBIN-KMS-KMS.png\",\"datePublished\":\"2020-03-13T12:22:00+00:00\",\"dateModified\":\"2024-09-02T14:15:56+00:00\",\"breadcrumb\":{\"@id\":\"https:\/\/ch.integra-metering.com\/fr\/product\/rubin-kms-kms-2\/#breadcrumb\"},\"inLanguage\":\"fr-FR\",\"potentialAction\":[{\"@type\":\"ReadAction\",\"target\":[\"https:\/\/ch.integra-metering.com\/fr\/product\/rubin-kms-kms-2\/\"]}]},{\"@type\":\"ImageObject\",\"inLanguage\":\"fr-FR\",\"@id\":\"https:\/\/ch.integra-metering.com\/fr\/product\/rubin-kms-kms-2\/#primaryimage\",\"url\":\"https:\/\/ch.integra-metering.com\/wp-content\/uploads\/sites\/4\/2020\/02\/RUBIN-KMS-KMS.png\",\"contentUrl\":\"https:\/\/ch.integra-metering.com\/wp-content\/uploads\/sites\/4\/2020\/02\/RUBIN-KMS-KMS.png\",\"width\":500,\"height\":500},{\"@type\":\"BreadcrumbList\",\"@id\":\"https:\/\/ch.integra-metering.com\/fr\/product\/rubin-kms-kms-2\/#breadcrumb\",\"itemListElement\":[{\"@type\":\"ListItem\",\"position\":1,\"name\":\"Home\",\"item\":\"https:\/\/ch.integra-metering.com\/fr\/\"},{\"@type\":\"ListItem\",\"position\":2,\"name\":\"Products\",\"item\":\"https:\/\/ch.integra-metering.com\/fr\/catalogue\/\"},{\"@type\":\"ListItem\",\"position\":3,\"name\":\"RUBIN KMS \/ KMS+\"}]},{\"@type\":\"WebSite\",\"@id\":\"https:\/\/ch.integra-metering.com\/#website\",\"url\":\"https:\/\/ch.integra-metering.com\/\",\"name\":\"INTEGRA Metering AG\",\"description\":\"Herzlich willkommen auf der neuen Aquametro Homepage | Bienvenue sur le site Aquametro Suisse\",\"publisher\":{\"@id\":\"https:\/\/ch.integra-metering.com\/#organization\"},\"potentialAction\":[{\"@type\":\"SearchAction\",\"target\":{\"@type\":\"EntryPoint\",\"urlTemplate\":\"https:\/\/ch.integra-metering.com\/?s={search_term_string}\"},\"query-input\":{\"@type\":\"PropertyValueSpecification\",\"valueRequired\":true,\"valueName\":\"search_term_string\"}}],\"inLanguage\":\"fr-FR\"},{\"@type\":\"Organization\",\"@id\":\"https:\/\/ch.integra-metering.com\/#organization\",\"name\":\"INTEGRA Metering AG\",\"url\":\"https:\/\/ch.integra-metering.com\/\",\"logo\":{\"@type\":\"ImageObject\",\"inLanguage\":\"fr-FR\",\"@id\":\"https:\/\/ch.integra-metering.com\/#\/schema\/logo\/image\/\",\"url\":\"https:\/\/ch.integra-metering.com\/wp-content\/uploads\/sites\/4\/2019\/11\/integra-logo-dark.svg\",\"contentUrl\":\"https:\/\/ch.integra-metering.com\/wp-content\/uploads\/sites\/4\/2019\/11\/integra-logo-dark.svg\",\"width\":1,\"height\":1,\"caption\":\"INTEGRA Metering AG\"},\"image\":{\"@id\":\"https:\/\/ch.integra-metering.com\/#\/schema\/logo\/image\/\"},\"sameAs\":[\"https:\/\/ch.linkedin.com\/company\/aquametro-ag\"]}]}<\/script>\n<!-- \/ Yoast SEO plugin. -->","yoast_head_json":{"title":"RUBIN KMS \/ KMS+ | INTEGRA Metering AG","robots":{"index":"index","follow":"follow","max-snippet":"max-snippet:-1","max-image-preview":"max-image-preview:large","max-video-preview":"max-video-preview:-1"},"canonical":"https:\/\/ch.integra-metering.com\/fr\/product\/rubin-kms-kms-2\/","og_locale":"fr_FR","og_type":"article","og_title":"RUBIN KMS \/ KMS+ | INTEGRA Metering AG","og_description":"Compteur d'eau froide Woltman pour gros d\u00e9bit","og_url":"https:\/\/ch.integra-metering.com\/fr\/product\/rubin-kms-kms-2\/","og_site_name":"INTEGRA Metering AG","article_modified_time":"2024-09-02T14:15:56+00:00","og_image":[{"width":500,"height":500,"url":"https:\/\/ch.integra-metering.com\/wp-content\/uploads\/sites\/4\/2020\/02\/RUBIN-KMS-KMS.png","type":"image\/png"}],"twitter_card":"summary_large_image","schema":{"@context":"https:\/\/schema.org","@graph":[{"@type":"WebPage","@id":"https:\/\/ch.integra-metering.com\/fr\/product\/rubin-kms-kms-2\/","url":"https:\/\/ch.integra-metering.com\/fr\/product\/rubin-kms-kms-2\/","name":"RUBIN KMS \/ KMS+ | INTEGRA Metering AG","isPartOf":{"@id":"https:\/\/ch.integra-metering.com\/#website"},"primaryImageOfPage":{"@id":"https:\/\/ch.integra-metering.com\/fr\/product\/rubin-kms-kms-2\/#primaryimage"},"image":{"@id":"https:\/\/ch.integra-metering.com\/fr\/product\/rubin-kms-kms-2\/#primaryimage"},"thumbnailUrl":"https:\/\/ch.integra-metering.com\/wp-content\/uploads\/sites\/4\/2020\/02\/RUBIN-KMS-KMS.png","datePublished":"2020-03-13T12:22:00+00:00","dateModified":"2024-09-02T14:15:56+00:00","breadcrumb":{"@id":"https:\/\/ch.integra-metering.com\/fr\/product\/rubin-kms-kms-2\/#breadcrumb"},"inLanguage":"fr-FR","potentialAction":[{"@type":"ReadAction","target":["https:\/\/ch.integra-metering.com\/fr\/product\/rubin-kms-kms-2\/"]}]},{"@type":"ImageObject","inLanguage":"fr-FR","@id":"https:\/\/ch.integra-metering.com\/fr\/product\/rubin-kms-kms-2\/#primaryimage","url":"https:\/\/ch.integra-metering.com\/wp-content\/uploads\/sites\/4\/2020\/02\/RUBIN-KMS-KMS.png","contentUrl":"https:\/\/ch.integra-metering.com\/wp-content\/uploads\/sites\/4\/2020\/02\/RUBIN-KMS-KMS.png","width":500,"height":500},{"@type":"BreadcrumbList","@id":"https:\/\/ch.integra-metering.com\/fr\/product\/rubin-kms-kms-2\/#breadcrumb","itemListElement":[{"@type":"ListItem","position":1,"name":"Home","item":"https:\/\/ch.integra-metering.com\/fr\/"},{"@type":"ListItem","position":2,"name":"Products","item":"https:\/\/ch.integra-metering.com\/fr\/catalogue\/"},{"@type":"ListItem","position":3,"name":"RUBIN KMS \/ KMS+"}]},{"@type":"WebSite","@id":"https:\/\/ch.integra-metering.com\/#website","url":"https:\/\/ch.integra-metering.com\/","name":"INTEGRA Metering AG","description":"Herzlich willkommen auf der neuen Aquametro Homepage | Bienvenue sur le site Aquametro Suisse","publisher":{"@id":"https:\/\/ch.integra-metering.com\/#organization"},"potentialAction":[{"@type":"SearchAction","target":{"@type":"EntryPoint","urlTemplate":"https:\/\/ch.integra-metering.com\/?s={search_term_string}"},"query-input":{"@type":"PropertyValueSpecification","valueRequired":true,"valueName":"search_term_string"}}],"inLanguage":"fr-FR"},{"@type":"Organization","@id":"https:\/\/ch.integra-metering.com\/#organization","name":"INTEGRA Metering AG","url":"https:\/\/ch.integra-metering.com\/","logo":{"@type":"ImageObject","inLanguage":"fr-FR","@id":"https:\/\/ch.integra-metering.com\/#\/schema\/logo\/image\/","url":"https:\/\/ch.integra-metering.com\/wp-content\/uploads\/sites\/4\/2019\/11\/integra-logo-dark.svg","contentUrl":"https:\/\/ch.integra-metering.com\/wp-content\/uploads\/sites\/4\/2019\/11\/integra-logo-dark.svg","width":1,"height":1,"caption":"INTEGRA Metering AG"},"image":{"@id":"https:\/\/ch.integra-metering.com\/#\/schema\/logo\/image\/"},"sameAs":["https:\/\/ch.linkedin.com\/company\/aquametro-ag"]}]}},"_links":{"self":[{"href":"https:\/\/ch.integra-metering.com\/fr\/wp-json\/wp\/v2\/product\/6867","targetHints":{"allow":["GET"]}}],"collection":[{"href":"https:\/\/ch.integra-metering.com\/fr\/wp-json\/wp\/v2\/product"}],"about":[{"href":"https:\/\/ch.integra-metering.com\/fr\/wp-json\/wp\/v2\/types\/product"}],"replies":[{"embeddable":true,"href":"https:\/\/ch.integra-metering.com\/fr\/wp-json\/wp\/v2\/comments?post=6867"}],"wp:featuredmedia":[{"embeddable":true,"href":"https:\/\/ch.integra-metering.com\/fr\/wp-json\/wp\/v2\/media\/1810"}],"wp:attachment":[{"href":"https:\/\/ch.integra-metering.com\/fr\/wp-json\/wp\/v2\/media?parent=6867"}],"wp:term":[{"taxonomy":"product-applications","embeddable":true,"href":"https:\/\/ch.integra-metering.com\/fr\/wp-json\/wp\/v2\/product-applications?post=6867"},{"taxonomy":"product-medium","embeddable":true,"href":"https:\/\/ch.integra-metering.com\/fr\/wp-json\/wp\/v2\/product-medium?post=6867"},{"taxonomy":"product-process","embeddable":true,"href":"https:\/\/ch.integra-metering.com\/fr\/wp-json\/wp\/v2\/product-process?post=6867"}],"curies":[{"name":"wp","href":"https:\/\/api.w.org\/{rel}","templated":true}]}}