{"id":6871,"date":"2020-02-04T12:51:00","date_gmt":"2020-02-04T12:51:00","guid":{"rendered":"https:\/\/ch.integra-metering.com\/?post_type=product&#038;p=6871"},"modified":"2026-02-10T14:19:25","modified_gmt":"2026-02-10T14:19:25","slug":"rubin-wpd-fs","status":"publish","type":"product","link":"https:\/\/ch.integra-metering.com\/fr\/product\/rubin-wpd-fs\/","title":{"rendered":"RUBIN WPD FS"},"content":{"rendered":"\n<!-- Block container# -->\n<div\n    id=\"air-tabsblock_4ac6cfcf522f9276b9b64fea107d38f7\"\n    class=\"air-tabs tabs\"\n>\n\n<div class=\"tab-controls__container\"  airTargetDropdown>\n    <!-- Tabs controls# -->\n        <div class=\"tab-controls\"  airTargetDropdown>\n                                    <button class=\"tab-button js-tab-button--active theme-version-black\"  airTargetDropdown>\n                Caract\u00e9ristiques &amp; Avantages clients            <\/button>\n                                    <button class=\"tab-button  theme-version-black\"  airTargetDropdown>\n                Donn\u00e9es techniques            <\/button>\n                    <\/div>\n    <!-- #Tabs controls# -->\n<\/div>\n\n    <!-- #Tab content -->\n                <div class=\"tab-content active theme-version-black\">\n                <p>\u2022\u00a0 \u00a0Compteur thermique ou compteur d\u2019eau \u00e0 forte capacit\u00e9 de surcharge<br \/>\n\u2022\u00a0 \u00a0Faible perte de pression<br \/>\n\u2022\u00a0 \u00a0Compteur \u00e0 turbine Woltman en version \u00e0 presse-\u00e9toupe<br \/>\n\u2022\u00a0 \u00a0Rotation du totalisateur sur 360\u00b0 pour en faciliter la lecture<br \/>\n\u2022\u00a0 \u00a0Construction robuste<br \/>\n\u2022\u00a0 \u00a0Un d\u00e9bitm\u00e8tre pour une gestion efficace de l&rsquo;\u00e9nergie<br \/>\n\u2022\u00a0 \u00a0La pr\u00e9cision des paliers garantit une grande pr\u00e9cision de mesure et une stabilit\u00e9 \u00e0 long terme<br \/>\n\u2022\u00a0 \u00a0Peut \u00eatre \u00e9quip\u00e9 de deux g\u00e9n\u00e9rateurs d&rsquo;impulsions au maximum<br \/>\n\u2022\u00a0 \u00a0Inserts de mesure interchangeables<\/p>\n            <\/div>\n    <!-- #Tab content -->\n                <div class=\"tab-content  theme-version-black\">\n                <p>\u2022\u00a0 \u00a0Diam\u00e8tre nominal DN 40 \u2013 DN 300<br \/>\n\u2022\u00a0 \u00a0Pression nominal PN 16<br \/>\n\u2022\u00a0 \u00a0Corps en fonte recouvert de peinture \u00e9poxy<br \/>\n\u2022\u00a0 \u00a0Pour le montage en conduite verticale ou horizontale<br \/>\n\u2022\u00a0 \u00a0Temp\u00e9rature du fluide max. 130\u00b0C<br \/>\n\u2022\u00a0 \u00a0Peut \u00eatre \u00e9quip\u00e9 d\u2019\u00e9metteur Reed ou opto-\u00e9lectronique<br \/>\n\u2022\u00a0 \u00a0Indice de protection IP 68<br \/>\n\u2022\u00a0 \u00a0Approbation selon MI004 et PTB cold K 7.2 Tron\u00e7ons d\u2019entr\u00e9e droit de 3 x DN recommand\u00e9s<\/p>\n            <\/div>\n    <!-- #Tab content -->\n    <\/div>\n<!-- #Block container -->\n\n\n\n<div style=\"height:50px\" aria-hidden=\"true\" class=\"wp-block-spacer\"><\/div>\n\n\n\n<p class=\"has-medium-font-size\"><strong>Disponible \u00e9galement comme fichier BIM (IFC) :<\/strong> <\/p>\n\n\n\n<div style=\"height:30px\" aria-hidden=\"true\" class=\"wp-block-spacer\"><\/div>\n\n\n\n<div class=\"wp-block-buttons is-layout-flex wp-block-buttons-is-layout-flex\">\n<div class=\"wp-block-button\"><a class=\"wp-block-button__link has-white-color has-text-color wp-element-button\" href=\"https:\/\/ch.buildup.group\/fr\/orga\/INTEGRA_Metering_AG?line=RUBIN%C2%AE%20WPD%20FS\" target=\"_blank\" rel=\"noreferrer noopener\">Continuer \u00e0 buildup.ch<\/a><\/div>\n<\/div>\n\n\n\n<p><\/p>\n","protected":false},"excerpt":{"rendered":"<p>D\u00e9bitm\u00e8tre Woltman pour la mesure de l\u2019\u00e9nergie pour le chauffage urbain et pour l\u2019automatisation des b\u00e2timents<\/p>\n","protected":false},"featured_media":1831,"parent":0,"comment_status":"open","ping_status":"closed","template":"","product-applications":[257,187,255],"product-medium":[67,66],"product-process":[115],"class_list":["post-6871","product","type-product","status-publish","has-post-thumbnail","hentry","product-applications-chauffage-a-distance-et-local","product-applications-debitmetres","product-applications-gestion-technique-centralisee","product-medium-eau","product-medium-energie-thermique","product-process-mesurer"],"acf":[],"yoast_head":"<!-- This site is optimized with the Yoast SEO plugin v24.5 - https:\/\/yoast.com\/wordpress\/plugins\/seo\/ -->\n<title>RUBIN WPD FS | INTEGRA Metering AG<\/title>\n<meta name=\"robots\" content=\"index, follow, max-snippet:-1, max-image-preview:large, max-video-preview:-1\" \/>\n<link rel=\"canonical\" href=\"https:\/\/ch.integra-metering.com\/fr\/product\/rubin-wpd-fs\/\" \/>\n<meta property=\"og:locale\" content=\"fr_FR\" \/>\n<meta property=\"og:type\" content=\"article\" \/>\n<meta property=\"og:title\" content=\"RUBIN WPD FS | INTEGRA Metering AG\" \/>\n<meta property=\"og:description\" content=\"D\u00e9bitm\u00e8tre Woltman pour la mesure de l\u2019\u00e9nergie pour le chauffage urbain et pour l\u2019automatisation des b\u00e2timents\" \/>\n<meta property=\"og:url\" content=\"https:\/\/ch.integra-metering.com\/fr\/product\/rubin-wpd-fs\/\" \/>\n<meta property=\"og:site_name\" content=\"INTEGRA Metering AG\" \/>\n<meta property=\"article:modified_time\" content=\"2026-02-10T14:19:25+00:00\" \/>\n<meta property=\"og:image\" content=\"https:\/\/ch.integra-metering.com\/wp-content\/uploads\/sites\/4\/2020\/02\/RUBIN-WP-FS-WMS.png\" \/>\n\t<meta property=\"og:image:width\" content=\"500\" \/>\n\t<meta property=\"og:image:height\" content=\"500\" \/>\n\t<meta property=\"og:image:type\" content=\"image\/png\" \/>\n<meta name=\"twitter:card\" content=\"summary_large_image\" \/>\n<script type=\"application\/ld+json\" class=\"yoast-schema-graph\">{\"@context\":\"https:\/\/schema.org\",\"@graph\":[{\"@type\":\"WebPage\",\"@id\":\"https:\/\/ch.integra-metering.com\/fr\/product\/rubin-wpd-fs\/\",\"url\":\"https:\/\/ch.integra-metering.com\/fr\/product\/rubin-wpd-fs\/\",\"name\":\"RUBIN WPD FS | INTEGRA Metering AG\",\"isPartOf\":{\"@id\":\"https:\/\/ch.integra-metering.com\/#website\"},\"primaryImageOfPage\":{\"@id\":\"https:\/\/ch.integra-metering.com\/fr\/product\/rubin-wpd-fs\/#primaryimage\"},\"image\":{\"@id\":\"https:\/\/ch.integra-metering.com\/fr\/product\/rubin-wpd-fs\/#primaryimage\"},\"thumbnailUrl\":\"https:\/\/ch.integra-metering.com\/wp-content\/uploads\/sites\/4\/2020\/02\/RUBIN-WP-FS-WMS.png\",\"datePublished\":\"2020-02-04T12:51:00+00:00\",\"dateModified\":\"2026-02-10T14:19:25+00:00\",\"breadcrumb\":{\"@id\":\"https:\/\/ch.integra-metering.com\/fr\/product\/rubin-wpd-fs\/#breadcrumb\"},\"inLanguage\":\"fr-FR\",\"potentialAction\":[{\"@type\":\"ReadAction\",\"target\":[\"https:\/\/ch.integra-metering.com\/fr\/product\/rubin-wpd-fs\/\"]}]},{\"@type\":\"ImageObject\",\"inLanguage\":\"fr-FR\",\"@id\":\"https:\/\/ch.integra-metering.com\/fr\/product\/rubin-wpd-fs\/#primaryimage\",\"url\":\"https:\/\/ch.integra-metering.com\/wp-content\/uploads\/sites\/4\/2020\/02\/RUBIN-WP-FS-WMS.png\",\"contentUrl\":\"https:\/\/ch.integra-metering.com\/wp-content\/uploads\/sites\/4\/2020\/02\/RUBIN-WP-FS-WMS.png\",\"width\":500,\"height\":500},{\"@type\":\"BreadcrumbList\",\"@id\":\"https:\/\/ch.integra-metering.com\/fr\/product\/rubin-wpd-fs\/#breadcrumb\",\"itemListElement\":[{\"@type\":\"ListItem\",\"position\":1,\"name\":\"Home\",\"item\":\"https:\/\/ch.integra-metering.com\/fr\/\"},{\"@type\":\"ListItem\",\"position\":2,\"name\":\"Products\",\"item\":\"https:\/\/ch.integra-metering.com\/fr\/catalogue\/\"},{\"@type\":\"ListItem\",\"position\":3,\"name\":\"RUBIN WPD FS\"}]},{\"@type\":\"WebSite\",\"@id\":\"https:\/\/ch.integra-metering.com\/#website\",\"url\":\"https:\/\/ch.integra-metering.com\/\",\"name\":\"INTEGRA Metering AG\",\"description\":\"Herzlich willkommen auf der neuen Aquametro Homepage | Bienvenue sur le site Aquametro Suisse\",\"publisher\":{\"@id\":\"https:\/\/ch.integra-metering.com\/#organization\"},\"potentialAction\":[{\"@type\":\"SearchAction\",\"target\":{\"@type\":\"EntryPoint\",\"urlTemplate\":\"https:\/\/ch.integra-metering.com\/?s={search_term_string}\"},\"query-input\":{\"@type\":\"PropertyValueSpecification\",\"valueRequired\":true,\"valueName\":\"search_term_string\"}}],\"inLanguage\":\"fr-FR\"},{\"@type\":\"Organization\",\"@id\":\"https:\/\/ch.integra-metering.com\/#organization\",\"name\":\"INTEGRA Metering AG\",\"url\":\"https:\/\/ch.integra-metering.com\/\",\"logo\":{\"@type\":\"ImageObject\",\"inLanguage\":\"fr-FR\",\"@id\":\"https:\/\/ch.integra-metering.com\/#\/schema\/logo\/image\/\",\"url\":\"https:\/\/ch.integra-metering.com\/wp-content\/uploads\/sites\/4\/2019\/11\/integra-logo-dark.svg\",\"contentUrl\":\"https:\/\/ch.integra-metering.com\/wp-content\/uploads\/sites\/4\/2019\/11\/integra-logo-dark.svg\",\"width\":1,\"height\":1,\"caption\":\"INTEGRA Metering AG\"},\"image\":{\"@id\":\"https:\/\/ch.integra-metering.com\/#\/schema\/logo\/image\/\"},\"sameAs\":[\"https:\/\/ch.linkedin.com\/company\/aquametro-ag\"]}]}<\/script>\n<!-- \/ Yoast SEO plugin. -->","yoast_head_json":{"title":"RUBIN WPD FS | INTEGRA Metering AG","robots":{"index":"index","follow":"follow","max-snippet":"max-snippet:-1","max-image-preview":"max-image-preview:large","max-video-preview":"max-video-preview:-1"},"canonical":"https:\/\/ch.integra-metering.com\/fr\/product\/rubin-wpd-fs\/","og_locale":"fr_FR","og_type":"article","og_title":"RUBIN WPD FS | INTEGRA Metering AG","og_description":"D\u00e9bitm\u00e8tre Woltman pour la mesure de l\u2019\u00e9nergie pour le chauffage urbain et pour l\u2019automatisation des b\u00e2timents","og_url":"https:\/\/ch.integra-metering.com\/fr\/product\/rubin-wpd-fs\/","og_site_name":"INTEGRA Metering AG","article_modified_time":"2026-02-10T14:19:25+00:00","og_image":[{"width":500,"height":500,"url":"https:\/\/ch.integra-metering.com\/wp-content\/uploads\/sites\/4\/2020\/02\/RUBIN-WP-FS-WMS.png","type":"image\/png"}],"twitter_card":"summary_large_image","schema":{"@context":"https:\/\/schema.org","@graph":[{"@type":"WebPage","@id":"https:\/\/ch.integra-metering.com\/fr\/product\/rubin-wpd-fs\/","url":"https:\/\/ch.integra-metering.com\/fr\/product\/rubin-wpd-fs\/","name":"RUBIN WPD FS | INTEGRA Metering AG","isPartOf":{"@id":"https:\/\/ch.integra-metering.com\/#website"},"primaryImageOfPage":{"@id":"https:\/\/ch.integra-metering.com\/fr\/product\/rubin-wpd-fs\/#primaryimage"},"image":{"@id":"https:\/\/ch.integra-metering.com\/fr\/product\/rubin-wpd-fs\/#primaryimage"},"thumbnailUrl":"https:\/\/ch.integra-metering.com\/wp-content\/uploads\/sites\/4\/2020\/02\/RUBIN-WP-FS-WMS.png","datePublished":"2020-02-04T12:51:00+00:00","dateModified":"2026-02-10T14:19:25+00:00","breadcrumb":{"@id":"https:\/\/ch.integra-metering.com\/fr\/product\/rubin-wpd-fs\/#breadcrumb"},"inLanguage":"fr-FR","potentialAction":[{"@type":"ReadAction","target":["https:\/\/ch.integra-metering.com\/fr\/product\/rubin-wpd-fs\/"]}]},{"@type":"ImageObject","inLanguage":"fr-FR","@id":"https:\/\/ch.integra-metering.com\/fr\/product\/rubin-wpd-fs\/#primaryimage","url":"https:\/\/ch.integra-metering.com\/wp-content\/uploads\/sites\/4\/2020\/02\/RUBIN-WP-FS-WMS.png","contentUrl":"https:\/\/ch.integra-metering.com\/wp-content\/uploads\/sites\/4\/2020\/02\/RUBIN-WP-FS-WMS.png","width":500,"height":500},{"@type":"BreadcrumbList","@id":"https:\/\/ch.integra-metering.com\/fr\/product\/rubin-wpd-fs\/#breadcrumb","itemListElement":[{"@type":"ListItem","position":1,"name":"Home","item":"https:\/\/ch.integra-metering.com\/fr\/"},{"@type":"ListItem","position":2,"name":"Products","item":"https:\/\/ch.integra-metering.com\/fr\/catalogue\/"},{"@type":"ListItem","position":3,"name":"RUBIN WPD FS"}]},{"@type":"WebSite","@id":"https:\/\/ch.integra-metering.com\/#website","url":"https:\/\/ch.integra-metering.com\/","name":"INTEGRA Metering AG","description":"Herzlich willkommen auf der neuen Aquametro Homepage | Bienvenue sur le site Aquametro Suisse","publisher":{"@id":"https:\/\/ch.integra-metering.com\/#organization"},"potentialAction":[{"@type":"SearchAction","target":{"@type":"EntryPoint","urlTemplate":"https:\/\/ch.integra-metering.com\/?s={search_term_string}"},"query-input":{"@type":"PropertyValueSpecification","valueRequired":true,"valueName":"search_term_string"}}],"inLanguage":"fr-FR"},{"@type":"Organization","@id":"https:\/\/ch.integra-metering.com\/#organization","name":"INTEGRA Metering AG","url":"https:\/\/ch.integra-metering.com\/","logo":{"@type":"ImageObject","inLanguage":"fr-FR","@id":"https:\/\/ch.integra-metering.com\/#\/schema\/logo\/image\/","url":"https:\/\/ch.integra-metering.com\/wp-content\/uploads\/sites\/4\/2019\/11\/integra-logo-dark.svg","contentUrl":"https:\/\/ch.integra-metering.com\/wp-content\/uploads\/sites\/4\/2019\/11\/integra-logo-dark.svg","width":1,"height":1,"caption":"INTEGRA Metering AG"},"image":{"@id":"https:\/\/ch.integra-metering.com\/#\/schema\/logo\/image\/"},"sameAs":["https:\/\/ch.linkedin.com\/company\/aquametro-ag"]}]}},"_links":{"self":[{"href":"https:\/\/ch.integra-metering.com\/fr\/wp-json\/wp\/v2\/product\/6871","targetHints":{"allow":["GET"]}}],"collection":[{"href":"https:\/\/ch.integra-metering.com\/fr\/wp-json\/wp\/v2\/product"}],"about":[{"href":"https:\/\/ch.integra-metering.com\/fr\/wp-json\/wp\/v2\/types\/product"}],"replies":[{"embeddable":true,"href":"https:\/\/ch.integra-metering.com\/fr\/wp-json\/wp\/v2\/comments?post=6871"}],"wp:featuredmedia":[{"embeddable":true,"href":"https:\/\/ch.integra-metering.com\/fr\/wp-json\/wp\/v2\/media\/1831"}],"wp:attachment":[{"href":"https:\/\/ch.integra-metering.com\/fr\/wp-json\/wp\/v2\/media?parent=6871"}],"wp:term":[{"taxonomy":"product-applications","embeddable":true,"href":"https:\/\/ch.integra-metering.com\/fr\/wp-json\/wp\/v2\/product-applications?post=6871"},{"taxonomy":"product-medium","embeddable":true,"href":"https:\/\/ch.integra-metering.com\/fr\/wp-json\/wp\/v2\/product-medium?post=6871"},{"taxonomy":"product-process","embeddable":true,"href":"https:\/\/ch.integra-metering.com\/fr\/wp-json\/wp\/v2\/product-process?post=6871"}],"curies":[{"name":"wp","href":"https:\/\/api.w.org\/{rel}","templated":true}]}}