{"id":6884,"date":"2020-03-26T13:46:00","date_gmt":"2020-03-26T13:46:00","guid":{"rendered":"https:\/\/ch.integra-metering.com\/?post_type=product&#038;p=6884"},"modified":"2024-08-21T09:25:55","modified_gmt":"2024-08-21T09:25:55","slug":"topas-eskr","status":"publish","type":"product","link":"https:\/\/ch.integra-metering.com\/fr\/product\/topas-eskr\/","title":{"rendered":"TOPAS ESKR"},"content":{"rendered":"\n<!-- Block container# -->\n<div\n    id=\"air-tabsblock_b0692ab38cc3750365ba45601f3a0b07\"\n    class=\"air-tabs tabs\"\n>\n\n<div class=\"tab-controls__container\"  airTargetDropdown>\n    <!-- Tabs controls# -->\n        <div class=\"tab-controls\"  airTargetDropdown>\n                                    <button class=\"tab-button js-tab-button--active theme-version-black\"  airTargetDropdown>\n                Caract\u00e9ristiques &amp; Avantages clients            <\/button>\n                                    <button class=\"tab-button  theme-version-black\"  airTargetDropdown>\n                Donn\u00e9es techniques            <\/button>\n                    <\/div>\n    <!-- #Tabs controls# -->\n<\/div>\n\n    <!-- #Tab content -->\n                <div class=\"tab-content active theme-version-black\">\n                <p>\u2022\u00a0 \u00a0Compteur d&rsquo;eau froide pour des mesures pr\u00e9cises par ultrasons<br \/>\n\u2022\u00a0 \u00a0Transmission de donn\u00e9es en temps r\u00e9el selon des standards ouverts<br \/>\n\u2022\u00a0 \u00a0Affichage num\u00e9rique des valeurs de consommation, des alarmes et des valeurs limites<br \/>\n\u2022\u00a0 \u00a0Options de diagnostic optimales en cas d\u2019erreur<br \/>\n\u2022\u00a0 \u00a0D\u00e9tection des fuites et des manipulations<br \/>\n\u2022\u00a0 \u00a0Tube de mesure et filetage en laiton robuste<br \/>\n\u2022\u00a0 \u00a0Insensible aux d\u00e9p\u00f4ts et aux mati\u00e8res en suspension dans l\u2019eau<br \/>\n\u2022\u00a0 \u00a0Toute position de montage : pour une installation horizontale et verticale (colonne montante et tuyau de descente)<br \/>\n\u2022\u00a0 \u00a0Smart Metering : compatible avec le wM-Bus, l&rsquo;OMS et la communication de donn\u00e9es r\u00e9elles<br \/>\n\u2022\u00a0 \u00a0Aucune section d\u2019entr\u00e9e et de sortie requise<\/p>\n            <\/div>\n    <!-- #Tab content -->\n                <div class=\"tab-content  theme-version-black\">\n                <p>\u2022\u00a0 \u00a0Diam\u00e8tre nominal DN 15 \u00e0 DN 50<br \/>\n\u2022\u00a0 \u00a0Pression nominal PN 16<br \/>\n\u2022\u00a0 \u00a0Plage de temp\u00e9rature de 0,1 \u00b0C \u00e0 50 \u00b0C<br \/>\n\u2022\u00a0 \u00a0Temp\u00e9rature ambiante : 1 \u00b0C \u00e0 70 \u00b0C<br \/>\n\u2022\u00a0 \u00a0Temp\u00e9rature de transport et de stockage :-20 \u00b0C \u00e0 70 \u00b0C<br \/>\n\u2022\u00a0 \u00a0Classe de pr\u00e9cision 2 (OIML 49)<br \/>\n\u2022\u00a0 \u00a0Dynamique de mesure \u00e9lev\u00e9e R 250<br \/>\n\u2022\u00a0 \u00a0Indice de protection IP 68<br \/>\n\u2022\u00a0 \u00a0Dur\u00e9e de vie de la batterie 16 ans<br \/>\n\u2022\u00a0 \u00a0M\u00e9moire de donn\u00e9es avec valeurs de jour de r\u00e9f\u00e9rence<br \/>\n\u2022\u00a0 \u00a0Approbation selon MI004, PTB cold K 7.2  et agr\u00e9ment pour l\u2019eau potable<\/p>\n            <\/div>\n    <!-- #Tab content -->\n    <\/div>\n<!-- #Block container -->\n","protected":false},"excerpt":{"rendered":"<p>Compteur d&rsquo;eau froide \u00e0 ultrasons avec radio int\u00e9gr\u00e9e<\/p>\n","protected":false},"featured_media":1660,"parent":0,"comment_status":"open","ping_status":"closed","template":"","product-applications":[255,105],"product-medium":[67],"product-process":[115],"class_list":["post-6884","product","type-product","status-publish","has-post-thumbnail","hentry","product-applications-gestion-technique-centralisee","product-applications-residentiel","product-medium-eau","product-process-mesurer"],"acf":[],"yoast_head":"<!-- This site is optimized with the Yoast SEO plugin v24.5 - https:\/\/yoast.com\/wordpress\/plugins\/seo\/ -->\n<title>TOPAS ESKR | INTEGRA Metering AG<\/title>\n<meta name=\"robots\" content=\"index, follow, max-snippet:-1, max-image-preview:large, max-video-preview:-1\" \/>\n<link rel=\"canonical\" href=\"https:\/\/ch.integra-metering.com\/fr\/product\/topas-eskr\/\" \/>\n<meta property=\"og:locale\" content=\"fr_FR\" \/>\n<meta property=\"og:type\" content=\"article\" \/>\n<meta property=\"og:title\" content=\"TOPAS ESKR | INTEGRA Metering AG\" \/>\n<meta property=\"og:description\" content=\"Compteur d&#039;eau froide \u00e0 ultrasons avec radio int\u00e9gr\u00e9e\" \/>\n<meta property=\"og:url\" content=\"https:\/\/ch.integra-metering.com\/fr\/product\/topas-eskr\/\" \/>\n<meta property=\"og:site_name\" content=\"INTEGRA Metering AG\" \/>\n<meta property=\"article:modified_time\" content=\"2024-08-21T09:25:55+00:00\" \/>\n<meta property=\"og:image\" content=\"https:\/\/ch.integra-metering.com\/wp-content\/uploads\/sites\/4\/2020\/02\/TOPAS-ESKR.png\" \/>\n\t<meta property=\"og:image:width\" content=\"500\" \/>\n\t<meta property=\"og:image:height\" content=\"500\" \/>\n\t<meta property=\"og:image:type\" content=\"image\/png\" \/>\n<meta name=\"twitter:card\" content=\"summary_large_image\" \/>\n<script type=\"application\/ld+json\" class=\"yoast-schema-graph\">{\"@context\":\"https:\/\/schema.org\",\"@graph\":[{\"@type\":\"WebPage\",\"@id\":\"https:\/\/ch.integra-metering.com\/fr\/product\/topas-eskr\/\",\"url\":\"https:\/\/ch.integra-metering.com\/fr\/product\/topas-eskr\/\",\"name\":\"TOPAS ESKR | INTEGRA Metering AG\",\"isPartOf\":{\"@id\":\"https:\/\/ch.integra-metering.com\/#website\"},\"primaryImageOfPage\":{\"@id\":\"https:\/\/ch.integra-metering.com\/fr\/product\/topas-eskr\/#primaryimage\"},\"image\":{\"@id\":\"https:\/\/ch.integra-metering.com\/fr\/product\/topas-eskr\/#primaryimage\"},\"thumbnailUrl\":\"https:\/\/ch.integra-metering.com\/wp-content\/uploads\/sites\/4\/2020\/02\/TOPAS-ESKR.png\",\"datePublished\":\"2020-03-26T13:46:00+00:00\",\"dateModified\":\"2024-08-21T09:25:55+00:00\",\"breadcrumb\":{\"@id\":\"https:\/\/ch.integra-metering.com\/fr\/product\/topas-eskr\/#breadcrumb\"},\"inLanguage\":\"fr-FR\",\"potentialAction\":[{\"@type\":\"ReadAction\",\"target\":[\"https:\/\/ch.integra-metering.com\/fr\/product\/topas-eskr\/\"]}]},{\"@type\":\"ImageObject\",\"inLanguage\":\"fr-FR\",\"@id\":\"https:\/\/ch.integra-metering.com\/fr\/product\/topas-eskr\/#primaryimage\",\"url\":\"https:\/\/ch.integra-metering.com\/wp-content\/uploads\/sites\/4\/2020\/02\/TOPAS-ESKR.png\",\"contentUrl\":\"https:\/\/ch.integra-metering.com\/wp-content\/uploads\/sites\/4\/2020\/02\/TOPAS-ESKR.png\",\"width\":500,\"height\":500},{\"@type\":\"BreadcrumbList\",\"@id\":\"https:\/\/ch.integra-metering.com\/fr\/product\/topas-eskr\/#breadcrumb\",\"itemListElement\":[{\"@type\":\"ListItem\",\"position\":1,\"name\":\"Home\",\"item\":\"https:\/\/ch.integra-metering.com\/fr\/\"},{\"@type\":\"ListItem\",\"position\":2,\"name\":\"Products\",\"item\":\"https:\/\/ch.integra-metering.com\/fr\/catalogue\/\"},{\"@type\":\"ListItem\",\"position\":3,\"name\":\"TOPAS ESKR\"}]},{\"@type\":\"WebSite\",\"@id\":\"https:\/\/ch.integra-metering.com\/#website\",\"url\":\"https:\/\/ch.integra-metering.com\/\",\"name\":\"INTEGRA Metering AG\",\"description\":\"Herzlich willkommen auf der neuen Aquametro Homepage | Bienvenue sur le site Aquametro Suisse\",\"publisher\":{\"@id\":\"https:\/\/ch.integra-metering.com\/#organization\"},\"potentialAction\":[{\"@type\":\"SearchAction\",\"target\":{\"@type\":\"EntryPoint\",\"urlTemplate\":\"https:\/\/ch.integra-metering.com\/?s={search_term_string}\"},\"query-input\":{\"@type\":\"PropertyValueSpecification\",\"valueRequired\":true,\"valueName\":\"search_term_string\"}}],\"inLanguage\":\"fr-FR\"},{\"@type\":\"Organization\",\"@id\":\"https:\/\/ch.integra-metering.com\/#organization\",\"name\":\"INTEGRA Metering AG\",\"url\":\"https:\/\/ch.integra-metering.com\/\",\"logo\":{\"@type\":\"ImageObject\",\"inLanguage\":\"fr-FR\",\"@id\":\"https:\/\/ch.integra-metering.com\/#\/schema\/logo\/image\/\",\"url\":\"https:\/\/ch.integra-metering.com\/wp-content\/uploads\/sites\/4\/2019\/11\/integra-logo-dark.svg\",\"contentUrl\":\"https:\/\/ch.integra-metering.com\/wp-content\/uploads\/sites\/4\/2019\/11\/integra-logo-dark.svg\",\"width\":1,\"height\":1,\"caption\":\"INTEGRA Metering AG\"},\"image\":{\"@id\":\"https:\/\/ch.integra-metering.com\/#\/schema\/logo\/image\/\"},\"sameAs\":[\"https:\/\/ch.linkedin.com\/company\/aquametro-ag\"]}]}<\/script>\n<!-- \/ Yoast SEO plugin. -->","yoast_head_json":{"title":"TOPAS ESKR | INTEGRA Metering AG","robots":{"index":"index","follow":"follow","max-snippet":"max-snippet:-1","max-image-preview":"max-image-preview:large","max-video-preview":"max-video-preview:-1"},"canonical":"https:\/\/ch.integra-metering.com\/fr\/product\/topas-eskr\/","og_locale":"fr_FR","og_type":"article","og_title":"TOPAS ESKR | INTEGRA Metering AG","og_description":"Compteur d'eau froide \u00e0 ultrasons avec radio int\u00e9gr\u00e9e","og_url":"https:\/\/ch.integra-metering.com\/fr\/product\/topas-eskr\/","og_site_name":"INTEGRA Metering AG","article_modified_time":"2024-08-21T09:25:55+00:00","og_image":[{"width":500,"height":500,"url":"https:\/\/ch.integra-metering.com\/wp-content\/uploads\/sites\/4\/2020\/02\/TOPAS-ESKR.png","type":"image\/png"}],"twitter_card":"summary_large_image","schema":{"@context":"https:\/\/schema.org","@graph":[{"@type":"WebPage","@id":"https:\/\/ch.integra-metering.com\/fr\/product\/topas-eskr\/","url":"https:\/\/ch.integra-metering.com\/fr\/product\/topas-eskr\/","name":"TOPAS ESKR | INTEGRA Metering AG","isPartOf":{"@id":"https:\/\/ch.integra-metering.com\/#website"},"primaryImageOfPage":{"@id":"https:\/\/ch.integra-metering.com\/fr\/product\/topas-eskr\/#primaryimage"},"image":{"@id":"https:\/\/ch.integra-metering.com\/fr\/product\/topas-eskr\/#primaryimage"},"thumbnailUrl":"https:\/\/ch.integra-metering.com\/wp-content\/uploads\/sites\/4\/2020\/02\/TOPAS-ESKR.png","datePublished":"2020-03-26T13:46:00+00:00","dateModified":"2024-08-21T09:25:55+00:00","breadcrumb":{"@id":"https:\/\/ch.integra-metering.com\/fr\/product\/topas-eskr\/#breadcrumb"},"inLanguage":"fr-FR","potentialAction":[{"@type":"ReadAction","target":["https:\/\/ch.integra-metering.com\/fr\/product\/topas-eskr\/"]}]},{"@type":"ImageObject","inLanguage":"fr-FR","@id":"https:\/\/ch.integra-metering.com\/fr\/product\/topas-eskr\/#primaryimage","url":"https:\/\/ch.integra-metering.com\/wp-content\/uploads\/sites\/4\/2020\/02\/TOPAS-ESKR.png","contentUrl":"https:\/\/ch.integra-metering.com\/wp-content\/uploads\/sites\/4\/2020\/02\/TOPAS-ESKR.png","width":500,"height":500},{"@type":"BreadcrumbList","@id":"https:\/\/ch.integra-metering.com\/fr\/product\/topas-eskr\/#breadcrumb","itemListElement":[{"@type":"ListItem","position":1,"name":"Home","item":"https:\/\/ch.integra-metering.com\/fr\/"},{"@type":"ListItem","position":2,"name":"Products","item":"https:\/\/ch.integra-metering.com\/fr\/catalogue\/"},{"@type":"ListItem","position":3,"name":"TOPAS ESKR"}]},{"@type":"WebSite","@id":"https:\/\/ch.integra-metering.com\/#website","url":"https:\/\/ch.integra-metering.com\/","name":"INTEGRA Metering AG","description":"Herzlich willkommen auf der neuen Aquametro Homepage | Bienvenue sur le site Aquametro Suisse","publisher":{"@id":"https:\/\/ch.integra-metering.com\/#organization"},"potentialAction":[{"@type":"SearchAction","target":{"@type":"EntryPoint","urlTemplate":"https:\/\/ch.integra-metering.com\/?s={search_term_string}"},"query-input":{"@type":"PropertyValueSpecification","valueRequired":true,"valueName":"search_term_string"}}],"inLanguage":"fr-FR"},{"@type":"Organization","@id":"https:\/\/ch.integra-metering.com\/#organization","name":"INTEGRA Metering AG","url":"https:\/\/ch.integra-metering.com\/","logo":{"@type":"ImageObject","inLanguage":"fr-FR","@id":"https:\/\/ch.integra-metering.com\/#\/schema\/logo\/image\/","url":"https:\/\/ch.integra-metering.com\/wp-content\/uploads\/sites\/4\/2019\/11\/integra-logo-dark.svg","contentUrl":"https:\/\/ch.integra-metering.com\/wp-content\/uploads\/sites\/4\/2019\/11\/integra-logo-dark.svg","width":1,"height":1,"caption":"INTEGRA Metering AG"},"image":{"@id":"https:\/\/ch.integra-metering.com\/#\/schema\/logo\/image\/"},"sameAs":["https:\/\/ch.linkedin.com\/company\/aquametro-ag"]}]}},"_links":{"self":[{"href":"https:\/\/ch.integra-metering.com\/fr\/wp-json\/wp\/v2\/product\/6884","targetHints":{"allow":["GET"]}}],"collection":[{"href":"https:\/\/ch.integra-metering.com\/fr\/wp-json\/wp\/v2\/product"}],"about":[{"href":"https:\/\/ch.integra-metering.com\/fr\/wp-json\/wp\/v2\/types\/product"}],"replies":[{"embeddable":true,"href":"https:\/\/ch.integra-metering.com\/fr\/wp-json\/wp\/v2\/comments?post=6884"}],"wp:featuredmedia":[{"embeddable":true,"href":"https:\/\/ch.integra-metering.com\/fr\/wp-json\/wp\/v2\/media\/1660"}],"wp:attachment":[{"href":"https:\/\/ch.integra-metering.com\/fr\/wp-json\/wp\/v2\/media?parent=6884"}],"wp:term":[{"taxonomy":"product-applications","embeddable":true,"href":"https:\/\/ch.integra-metering.com\/fr\/wp-json\/wp\/v2\/product-applications?post=6884"},{"taxonomy":"product-medium","embeddable":true,"href":"https:\/\/ch.integra-metering.com\/fr\/wp-json\/wp\/v2\/product-medium?post=6884"},{"taxonomy":"product-process","embeddable":true,"href":"https:\/\/ch.integra-metering.com\/fr\/wp-json\/wp\/v2\/product-process?post=6884"}],"curies":[{"name":"wp","href":"https:\/\/api.w.org\/{rel}","templated":true}]}}