{"id":6894,"date":"2024-11-26T15:09:35","date_gmt":"2024-11-26T15:09:35","guid":{"rendered":"https:\/\/ch.integra-metering.com\/?post_type=product&#038;p=6894"},"modified":"2026-01-29T12:29:36","modified_gmt":"2026-01-29T12:29:36","slug":"calec-st-iii-advanced","status":"publish","type":"product","link":"https:\/\/ch.integra-metering.com\/fr\/product\/calec-st-iii-advanced\/","title":{"rendered":"CALEC\u00ae ST III Advanced"},"content":{"rendered":"\n<!-- Block container# -->\n<div\n    id=\"air-tabsblock_4d66cc8cf5757a06d635c8d6ecb750af\"\n    class=\"air-tabs tabs\"\n>\n\n<div class=\"tab-controls__container\"  airTargetDropdown>\n    <!-- Tabs controls# -->\n        <div class=\"tab-controls\"  airTargetDropdown>\n                                    <button class=\"tab-button js-tab-button--active theme-version-black\"  airTargetDropdown>\n                Caract\u00e9ristiques &amp; Avantages clients            <\/button>\n                                    <button class=\"tab-button  theme-version-black\"  airTargetDropdown>\n                Donn\u00e9es techniques            <\/button>\n                    <\/div>\n    <!-- #Tabs controls# -->\n<\/div>\n\n    <!-- #Tab content -->\n                <div class=\"tab-content active theme-version-black\">\n                <p>\u2022\u00a0 \u00a0Calculateur multifonctionnel haut de gamme<br \/>\n\u2022\u00a0 \u00a0Mesure pr\u00e9cise de l&rsquo;\u00e9nergie pour toutes les applications thermiques dans le domaine du chauffage urbain ou de la technique du b\u00e2timent<br \/>\n\u2022\u00a0 \u00a0Permet le comptage intelligent : fournit des mesures pr\u00e9cises \u00e0 distance<br \/>\n\u2022\u00a0 \u00a0Mesure bidirectionnelle de l&rsquo;\u00e9nergie : mesures de refroidissement et de chauffage dans le m\u00eame appareil<br \/>\n\u2022\u00a0 \u00a0Module de calcul enfichable<br \/>\n\u2022\u00a0 \u00a0Interfaces multiples pour les syst\u00e8mes de gestion des b\u00e2timents : M-Bus, LON, Modbus, N2Open, BACnet MS\/TP, KNX<br \/>\n\u2022\u00a0 \u00a0Interfaces multiples pour solution IoT ou lecture radio : WM-Bus (OMS) ou LoRaWAN<br \/>\n\u2022\u00a0 \u00a0Enti\u00e8rement extensible de mani\u00e8re modulaire en usine ou sur site.<br \/>\n\u2022\u00a0 \u00a0Donn\u00e9es sur les substances fluides pour les m\u00e9langes eau-glycol (pr\u00e9d\u00e9finies ou \u00e0 la demande)<br \/>\n\u2022\u00a0 \u00a0Alimentation \u00e9lectrique int\u00e9gr\u00e9e pour les d\u00e9bitm\u00e8tres<br \/>\n\u2022\u00a0 \u00a0Approbation m\u00e9trologique selon 2014\/32\/EU (MID) et PTB K7.2 (froid, chaud\/froid combin\u00e9)<br \/>\n\u2022\u00a0 \u00a0Installation facile : plug and play<\/p>\n            <\/div>\n    <!-- #Tab content -->\n                <div class=\"tab-content  theme-version-black\">\n                <p>\u2022\u00a0 \u00a0Compatible avec tous les d\u00e9bitm\u00e8tres standard utilisant une sortie impulsionnelle<br \/>\n\u2022\u00a0 \u00a0Module informatique enfichable avec \u00e9cran LCD<br \/>\n\u2022\u00a0 \u00a0Alimentation 110 \/ 240 VAC &#8211; 12W<br \/>\n\u2022\u00a0 \u00a0Pour sondes de temp\u00e9rature Pt100, Pt500, Pt1000, 2 ou 4 fils, longueur de c\u00e2ble max. 100 m (4 fils)<br \/>\n\u2022\u00a0 \u00a0Temp\u00e9rature du fluide : 0\u00b0C \u00e0 200\u00b0C (-40\u00b0C \u00e0 180\u00b0C fluides caloporteurs sp\u00e9ciaux)<br \/>\n\u2022\u00a0 \u00a0Diff\u00e9rence de temp\u00e9rature 0K \u00e0 190K (homologation 3K \u00e0 190K, 1K \u00e0 190K selon EN1434-4:2014)<br \/>\n\u2022\u00a0 \u00a0R\u00e9solution 20 bits, typique +\/- 0,005 K<br \/>\n\u2022\u00a0 \u00a0Choix des unit\u00e9s d&rsquo;affichage<br \/>\n\u2022\u00a0 \u00a0Enregistreur de donn\u00e9es jusqu&rsquo;\u00e0 500 enregistrements<br \/>\n\u2022\u00a0 \u00a0Cycle de calcul 1 s<br \/>\n\u2022\u00a0 \u00a0Alimentation 24V ou 3.6V pour le d\u00e9bitm\u00e8tre<br \/>\n\u2022\u00a0 \u00a02 entr\u00e9es d&rsquo;impulsions \/ Plusieurs sorties num\u00e9riques possibles<br \/>\n\u2022\u00a0 \u00a0Jusqu&rsquo;\u00e0 12 sorties analogiques<br \/>\n\u2022\u00a0 \u00a0Jusqu&rsquo;\u00e0 6 interfaces de communication simultan\u00e9es : M-Bus, LON, BACnet, ModBus, KNX, N2 Open, M-Bus sans fil (OMS), LoRaWAN<br \/>\n\u2022\u00a0 \u00a0Diff\u00e9rents fluides caloporteurs pr\u00e9programm\u00e9s en usine (option).<br \/>\n\u2022\u00a0 \u00a0Homologation m\u00e9trologique selon 2014\/32\/EU (MID) et PTB K 7.2<\/p>\n            <\/div>\n    <!-- #Tab content -->\n    <\/div>\n<!-- #Block container -->\n\n\n\n<div style=\"height:50px\" aria-hidden=\"true\" class=\"wp-block-spacer\"><\/div>\n\n\n\n<figure class=\"wp-block-embed is-type-video is-provider-youtube wp-block-embed-youtube wp-embed-aspect-16-9 wp-has-aspect-ratio\"><div class=\"wp-block-embed__wrapper\">\n<iframe loading=\"lazy\" title=\"CALEC\u00ae ST III Advanced | Vid\u00e9o de pr\u00e9sentation\" width=\"500\" height=\"281\" src=\"https:\/\/www.youtube.com\/embed\/rFlNdbGu5IQ?feature=oembed\" frameborder=\"0\" allow=\"accelerometer; autoplay; clipboard-write; encrypted-media; gyroscope; picture-in-picture; web-share\" referrerpolicy=\"strict-origin-when-cross-origin\" allowfullscreen><\/iframe>\n<\/div><\/figure>\n","protected":false},"excerpt":{"rendered":"<p>Calculateur multifonctionnel pour les applications de chauffage, de refroidissement et la technologie du b\u00e2timent<\/p>\n","protected":false},"featured_media":6893,"parent":0,"comment_status":"closed","ping_status":"closed","template":"","product-applications":[186,257,255],"product-medium":[66],"product-process":[166],"class_list":["post-6894","product","type-product","status-publish","has-post-thumbnail","hentry","product-applications-calculateurs","product-applications-chauffage-a-distance-et-local","product-applications-gestion-technique-centralisee","product-medium-energie-thermique","product-process-lecture-transmission"],"acf":[],"yoast_head":"<!-- This site is optimized with the Yoast SEO plugin v24.5 - https:\/\/yoast.com\/wordpress\/plugins\/seo\/ -->\n<title>CALEC\u00ae ST III Advanced | INTEGRA Metering AG<\/title>\n<meta name=\"robots\" content=\"index, follow, max-snippet:-1, max-image-preview:large, max-video-preview:-1\" \/>\n<link rel=\"canonical\" href=\"https:\/\/ch.integra-metering.com\/fr\/product\/calec-st-iii-advanced\/\" \/>\n<meta property=\"og:locale\" content=\"fr_FR\" \/>\n<meta property=\"og:type\" content=\"article\" \/>\n<meta property=\"og:title\" content=\"CALEC\u00ae ST III Advanced | INTEGRA Metering AG\" \/>\n<meta property=\"og:description\" content=\"Calculateur multifonctionnel pour les applications de chauffage, de refroidissement et la technologie du b\u00e2timent\" \/>\n<meta property=\"og:url\" content=\"https:\/\/ch.integra-metering.com\/fr\/product\/calec-st-iii-advanced\/\" \/>\n<meta property=\"og:site_name\" content=\"INTEGRA Metering AG\" \/>\n<meta property=\"article:modified_time\" content=\"2026-01-29T12:29:36+00:00\" \/>\n<meta property=\"og:image\" content=\"https:\/\/ch.integra-metering.com\/wp-content\/uploads\/sites\/4\/2023\/07\/CALEC_STIII_Advanced.png\" \/>\n\t<meta property=\"og:image:width\" content=\"500\" \/>\n\t<meta property=\"og:image:height\" content=\"500\" \/>\n\t<meta property=\"og:image:type\" content=\"image\/png\" \/>\n<meta name=\"twitter:card\" content=\"summary_large_image\" \/>\n<script type=\"application\/ld+json\" class=\"yoast-schema-graph\">{\"@context\":\"https:\/\/schema.org\",\"@graph\":[{\"@type\":\"WebPage\",\"@id\":\"https:\/\/ch.integra-metering.com\/fr\/product\/calec-st-iii-advanced\/\",\"url\":\"https:\/\/ch.integra-metering.com\/fr\/product\/calec-st-iii-advanced\/\",\"name\":\"CALEC\u00ae ST III Advanced | INTEGRA Metering AG\",\"isPartOf\":{\"@id\":\"https:\/\/ch.integra-metering.com\/#website\"},\"primaryImageOfPage\":{\"@id\":\"https:\/\/ch.integra-metering.com\/fr\/product\/calec-st-iii-advanced\/#primaryimage\"},\"image\":{\"@id\":\"https:\/\/ch.integra-metering.com\/fr\/product\/calec-st-iii-advanced\/#primaryimage\"},\"thumbnailUrl\":\"https:\/\/ch.integra-metering.com\/wp-content\/uploads\/sites\/4\/2023\/07\/CALEC_STIII_Advanced.png\",\"datePublished\":\"2024-11-26T15:09:35+00:00\",\"dateModified\":\"2026-01-29T12:29:36+00:00\",\"breadcrumb\":{\"@id\":\"https:\/\/ch.integra-metering.com\/fr\/product\/calec-st-iii-advanced\/#breadcrumb\"},\"inLanguage\":\"fr-FR\",\"potentialAction\":[{\"@type\":\"ReadAction\",\"target\":[\"https:\/\/ch.integra-metering.com\/fr\/product\/calec-st-iii-advanced\/\"]}]},{\"@type\":\"ImageObject\",\"inLanguage\":\"fr-FR\",\"@id\":\"https:\/\/ch.integra-metering.com\/fr\/product\/calec-st-iii-advanced\/#primaryimage\",\"url\":\"https:\/\/ch.integra-metering.com\/wp-content\/uploads\/sites\/4\/2023\/07\/CALEC_STIII_Advanced.png\",\"contentUrl\":\"https:\/\/ch.integra-metering.com\/wp-content\/uploads\/sites\/4\/2023\/07\/CALEC_STIII_Advanced.png\",\"width\":500,\"height\":500},{\"@type\":\"BreadcrumbList\",\"@id\":\"https:\/\/ch.integra-metering.com\/fr\/product\/calec-st-iii-advanced\/#breadcrumb\",\"itemListElement\":[{\"@type\":\"ListItem\",\"position\":1,\"name\":\"Home\",\"item\":\"https:\/\/ch.integra-metering.com\/fr\/\"},{\"@type\":\"ListItem\",\"position\":2,\"name\":\"Products\",\"item\":\"https:\/\/ch.integra-metering.com\/fr\/catalogue\/\"},{\"@type\":\"ListItem\",\"position\":3,\"name\":\"CALEC\u00ae ST III Advanced\"}]},{\"@type\":\"WebSite\",\"@id\":\"https:\/\/ch.integra-metering.com\/#website\",\"url\":\"https:\/\/ch.integra-metering.com\/\",\"name\":\"INTEGRA Metering AG\",\"description\":\"Herzlich willkommen auf der neuen Aquametro Homepage | Bienvenue sur le site Aquametro Suisse\",\"publisher\":{\"@id\":\"https:\/\/ch.integra-metering.com\/#organization\"},\"potentialAction\":[{\"@type\":\"SearchAction\",\"target\":{\"@type\":\"EntryPoint\",\"urlTemplate\":\"https:\/\/ch.integra-metering.com\/?s={search_term_string}\"},\"query-input\":{\"@type\":\"PropertyValueSpecification\",\"valueRequired\":true,\"valueName\":\"search_term_string\"}}],\"inLanguage\":\"fr-FR\"},{\"@type\":\"Organization\",\"@id\":\"https:\/\/ch.integra-metering.com\/#organization\",\"name\":\"INTEGRA Metering AG\",\"url\":\"https:\/\/ch.integra-metering.com\/\",\"logo\":{\"@type\":\"ImageObject\",\"inLanguage\":\"fr-FR\",\"@id\":\"https:\/\/ch.integra-metering.com\/#\/schema\/logo\/image\/\",\"url\":\"https:\/\/ch.integra-metering.com\/wp-content\/uploads\/sites\/4\/2019\/11\/integra-logo-dark.svg\",\"contentUrl\":\"https:\/\/ch.integra-metering.com\/wp-content\/uploads\/sites\/4\/2019\/11\/integra-logo-dark.svg\",\"width\":1,\"height\":1,\"caption\":\"INTEGRA Metering AG\"},\"image\":{\"@id\":\"https:\/\/ch.integra-metering.com\/#\/schema\/logo\/image\/\"},\"sameAs\":[\"https:\/\/ch.linkedin.com\/company\/aquametro-ag\"]}]}<\/script>\n<!-- \/ Yoast SEO plugin. -->","yoast_head_json":{"title":"CALEC\u00ae ST III Advanced | INTEGRA Metering AG","robots":{"index":"index","follow":"follow","max-snippet":"max-snippet:-1","max-image-preview":"max-image-preview:large","max-video-preview":"max-video-preview:-1"},"canonical":"https:\/\/ch.integra-metering.com\/fr\/product\/calec-st-iii-advanced\/","og_locale":"fr_FR","og_type":"article","og_title":"CALEC\u00ae ST III Advanced | INTEGRA Metering AG","og_description":"Calculateur multifonctionnel pour les applications de chauffage, de refroidissement et la technologie du b\u00e2timent","og_url":"https:\/\/ch.integra-metering.com\/fr\/product\/calec-st-iii-advanced\/","og_site_name":"INTEGRA Metering AG","article_modified_time":"2026-01-29T12:29:36+00:00","og_image":[{"width":500,"height":500,"url":"https:\/\/ch.integra-metering.com\/wp-content\/uploads\/sites\/4\/2023\/07\/CALEC_STIII_Advanced.png","type":"image\/png"}],"twitter_card":"summary_large_image","schema":{"@context":"https:\/\/schema.org","@graph":[{"@type":"WebPage","@id":"https:\/\/ch.integra-metering.com\/fr\/product\/calec-st-iii-advanced\/","url":"https:\/\/ch.integra-metering.com\/fr\/product\/calec-st-iii-advanced\/","name":"CALEC\u00ae ST III Advanced | INTEGRA Metering AG","isPartOf":{"@id":"https:\/\/ch.integra-metering.com\/#website"},"primaryImageOfPage":{"@id":"https:\/\/ch.integra-metering.com\/fr\/product\/calec-st-iii-advanced\/#primaryimage"},"image":{"@id":"https:\/\/ch.integra-metering.com\/fr\/product\/calec-st-iii-advanced\/#primaryimage"},"thumbnailUrl":"https:\/\/ch.integra-metering.com\/wp-content\/uploads\/sites\/4\/2023\/07\/CALEC_STIII_Advanced.png","datePublished":"2024-11-26T15:09:35+00:00","dateModified":"2026-01-29T12:29:36+00:00","breadcrumb":{"@id":"https:\/\/ch.integra-metering.com\/fr\/product\/calec-st-iii-advanced\/#breadcrumb"},"inLanguage":"fr-FR","potentialAction":[{"@type":"ReadAction","target":["https:\/\/ch.integra-metering.com\/fr\/product\/calec-st-iii-advanced\/"]}]},{"@type":"ImageObject","inLanguage":"fr-FR","@id":"https:\/\/ch.integra-metering.com\/fr\/product\/calec-st-iii-advanced\/#primaryimage","url":"https:\/\/ch.integra-metering.com\/wp-content\/uploads\/sites\/4\/2023\/07\/CALEC_STIII_Advanced.png","contentUrl":"https:\/\/ch.integra-metering.com\/wp-content\/uploads\/sites\/4\/2023\/07\/CALEC_STIII_Advanced.png","width":500,"height":500},{"@type":"BreadcrumbList","@id":"https:\/\/ch.integra-metering.com\/fr\/product\/calec-st-iii-advanced\/#breadcrumb","itemListElement":[{"@type":"ListItem","position":1,"name":"Home","item":"https:\/\/ch.integra-metering.com\/fr\/"},{"@type":"ListItem","position":2,"name":"Products","item":"https:\/\/ch.integra-metering.com\/fr\/catalogue\/"},{"@type":"ListItem","position":3,"name":"CALEC\u00ae ST III Advanced"}]},{"@type":"WebSite","@id":"https:\/\/ch.integra-metering.com\/#website","url":"https:\/\/ch.integra-metering.com\/","name":"INTEGRA Metering AG","description":"Herzlich willkommen auf der neuen Aquametro Homepage | Bienvenue sur le site Aquametro Suisse","publisher":{"@id":"https:\/\/ch.integra-metering.com\/#organization"},"potentialAction":[{"@type":"SearchAction","target":{"@type":"EntryPoint","urlTemplate":"https:\/\/ch.integra-metering.com\/?s={search_term_string}"},"query-input":{"@type":"PropertyValueSpecification","valueRequired":true,"valueName":"search_term_string"}}],"inLanguage":"fr-FR"},{"@type":"Organization","@id":"https:\/\/ch.integra-metering.com\/#organization","name":"INTEGRA Metering AG","url":"https:\/\/ch.integra-metering.com\/","logo":{"@type":"ImageObject","inLanguage":"fr-FR","@id":"https:\/\/ch.integra-metering.com\/#\/schema\/logo\/image\/","url":"https:\/\/ch.integra-metering.com\/wp-content\/uploads\/sites\/4\/2019\/11\/integra-logo-dark.svg","contentUrl":"https:\/\/ch.integra-metering.com\/wp-content\/uploads\/sites\/4\/2019\/11\/integra-logo-dark.svg","width":1,"height":1,"caption":"INTEGRA Metering AG"},"image":{"@id":"https:\/\/ch.integra-metering.com\/#\/schema\/logo\/image\/"},"sameAs":["https:\/\/ch.linkedin.com\/company\/aquametro-ag"]}]}},"_links":{"self":[{"href":"https:\/\/ch.integra-metering.com\/fr\/wp-json\/wp\/v2\/product\/6894","targetHints":{"allow":["GET"]}}],"collection":[{"href":"https:\/\/ch.integra-metering.com\/fr\/wp-json\/wp\/v2\/product"}],"about":[{"href":"https:\/\/ch.integra-metering.com\/fr\/wp-json\/wp\/v2\/types\/product"}],"replies":[{"embeddable":true,"href":"https:\/\/ch.integra-metering.com\/fr\/wp-json\/wp\/v2\/comments?post=6894"}],"wp:featuredmedia":[{"embeddable":true,"href":"https:\/\/ch.integra-metering.com\/fr\/wp-json\/wp\/v2\/media\/6893"}],"wp:attachment":[{"href":"https:\/\/ch.integra-metering.com\/fr\/wp-json\/wp\/v2\/media?parent=6894"}],"wp:term":[{"taxonomy":"product-applications","embeddable":true,"href":"https:\/\/ch.integra-metering.com\/fr\/wp-json\/wp\/v2\/product-applications?post=6894"},{"taxonomy":"product-medium","embeddable":true,"href":"https:\/\/ch.integra-metering.com\/fr\/wp-json\/wp\/v2\/product-medium?post=6894"},{"taxonomy":"product-process","embeddable":true,"href":"https:\/\/ch.integra-metering.com\/fr\/wp-json\/wp\/v2\/product-process?post=6894"}],"curies":[{"name":"wp","href":"https:\/\/api.w.org\/{rel}","templated":true}]}}