{"id":7283,"date":"2019-12-14T16:14:00","date_gmt":"2019-12-14T16:14:00","guid":{"rendered":"https:\/\/ch.integra-metering.com\/?post_type=product&#038;p=7283"},"modified":"2024-04-16T12:29:02","modified_gmt":"2024-04-16T12:29:02","slug":"aquaradio-mobile-receiver","status":"publish","type":"product","link":"https:\/\/ch.integra-metering.com\/fr\/product\/aquaradio-mobile-receiver\/","title":{"rendered":"aquaradio\u00ae Mobile Receiver"},"content":{"rendered":"\n<!-- Block container# -->\n<div\n    id=\"air-tabsblock_98788b55009ba72576d6a0f4e8e22c17\"\n    class=\"air-tabs tabs\"\n>\n\n<div class=\"tab-controls__container\"  airTargetDropdown>\n    <!-- Tabs controls# -->\n        <div class=\"tab-controls\"  airTargetDropdown>\n                                    <button class=\"tab-button js-tab-button--active theme-version-black\"  airTargetDropdown>\n                Features &amp; Benefits            <\/button>\n                                    <button class=\"tab-button  theme-version-black\"  airTargetDropdown>\n                Technical data            <\/button>\n                    <\/div>\n    <!-- #Tabs controls# -->\n<\/div>\n\n    <!-- #Tab content -->\n                <div class=\"tab-content active theme-version-black\">\n                <p>En combinaison avec un terminal mobile et un logiciel de lecture, le r\u00e9cepteur radio devient un syst\u00e8me de lecture radio complet par \u00ab\u00a0walk-by\u00a0\u00bb ou \u00ab\u00a0drive-by\u00a0\u00bb<br \/>\n\u2022\u00a0 \u00a0Relev\u00e9 des compteurs mobiles sans c\u00e2ble avec une port\u00e9e de jusqu\u2019\u00e0 400 m<br \/>\n\u2022\u00a0 \u00a0Transmission de donn\u00e9es \u00e0 haut d\u00e9bit via Bluetooth \u00e0 l\u2019ordinateur portable ou smartphone<br \/>\n\u2022\u00a0 \u00a0Accumulateur puissant int\u00e9gr\u00e9 pour une dur\u00e9e de fonctionnement maximale interrompue jusqu\u2019\u00e0 20 heures<br \/>\n\u2022\u00a0 \u00a0Charge rapide en quatre heures avec le bloc d\u2019alimentation fourni<br \/>\n\u2022\u00a0 \u00a0Affichages LED pour : bloc d\u2019alimentation raccord\u00e9, charge rapide de l\u2019accumulateur, appareil allum\u00e9, r\u00e9ception radiot\u00e9l\u00e9gramme valide\/invalide<br \/>\n\u2022\u00a0 \u00a0Bo\u00eetier en plastique avec c\u00f4t\u00e9s en caoutchouc et clip de ceinture<\/p>\n            <\/div>\n    <!-- #Tab content -->\n                <div class=\"tab-content  theme-version-black\">\n                <p>\u2022\u00a0 \u00a0R\u00e9cepteur radio pour les modes sans fil M-Bus (EN13757-4) T1 \/ T2, C1 \/ C2 et S1 \/ S2, en particulier pour le comptage (OMS)<br \/>\n\u2022\u00a0 \u00a0Versions\/Bande de fr\u00e9quences : 868,95 MHz ou 434,475 MHz<br \/>\n\u2022\u00a0 \u00a0Port\u00e9e radio : En fonction de l\u2019environnement jusqu\u2019\u00e0 400 m<br \/>\n\u2022\u00a0 \u00a0Connecteur d&rsquo;antenne SMA externe pour antenne haute performance<br \/>\n\u2022\u00a0 \u00a0Bluetooth : 2,4 GHz, Version 4.1, Classe 2<br \/>\n\u2022\u00a0 \u00a0Port\u00e9e Bluetooth : Jusqu\u2019\u00e0 10 m<br \/>\n\u2022\u00a0 \u00a0Batterie lithium-ion int\u00e9gr\u00e9e avec circuit de charge<br \/>\n\u2022\u00a0 \u00a0Environ 20 heures d&rsquo;autonomie \u00e0 pleine charge<br \/>\n\u2022\u00a0 \u00a0Classe de protection du bo\u00eetier IP64<br \/>\n\u2022\u00a0 \u00a0Conception m\u00e9canique robuste avec protection du bo\u00eetier contre les chocs<br \/>\n\u2022\u00a0 \u00a0Dimensions d&rsquo;environ 160 x 85 x 40 mm sans antenne tige, longueur de l&rsquo;antenne d&rsquo;environ 180 mm<br \/>\n\u2022\u00a0 \u00a0Biblioth\u00e8ques de fonctions logicielles pour Windows 10 et Android pour la lecture des compteurs de consommation sans fil OMS disponibles gratuitement<\/p>\n            <\/div>\n    <!-- #Tab content -->\n    <\/div>\n<!-- #Block container -->\n","protected":false},"excerpt":{"rendered":"<p>Lecture radio mobile avec transfert de donn\u00e9es Bluetooth vers un ordinateur portable (Windows) ou un smartphone (Android)<\/p>\n","protected":false},"featured_media":7282,"parent":0,"comment_status":"open","ping_status":"closed","template":"","product-applications":[189],"product-medium":[78],"product-process":[166],"class_list":["post-7283","product","type-product","status-publish","has-post-thumbnail","hentry","product-applications-appareils-de-communication","product-medium-systemes-et-logiciels","product-process-lecture-transmission"],"acf":[],"yoast_head":"<!-- This site is optimized with the Yoast SEO plugin v24.5 - https:\/\/yoast.com\/wordpress\/plugins\/seo\/ -->\n<title>aquaradio\u00ae Mobile Receiver | INTEGRA Metering AG<\/title>\n<meta name=\"robots\" content=\"index, follow, max-snippet:-1, max-image-preview:large, max-video-preview:-1\" \/>\n<link rel=\"canonical\" href=\"https:\/\/ch.integra-metering.com\/fr\/product\/aquaradio-mobile-receiver\/\" \/>\n<meta property=\"og:locale\" content=\"fr_FR\" \/>\n<meta property=\"og:type\" content=\"article\" \/>\n<meta property=\"og:title\" content=\"aquaradio\u00ae Mobile Receiver | INTEGRA Metering AG\" \/>\n<meta property=\"og:description\" content=\"Lecture radio mobile avec transfert de donn\u00e9es Bluetooth vers un ordinateur portable (Windows) ou un smartphone (Android)\" \/>\n<meta property=\"og:url\" content=\"https:\/\/ch.integra-metering.com\/fr\/product\/aquaradio-mobile-receiver\/\" \/>\n<meta property=\"og:site_name\" content=\"INTEGRA Metering AG\" \/>\n<meta property=\"article:modified_time\" content=\"2024-04-16T12:29:02+00:00\" \/>\n<meta property=\"og:image\" content=\"https:\/\/ch.integra-metering.com\/wp-content\/uploads\/sites\/4\/2024\/02\/aquaradio-Mobile-Receiver.png\" \/>\n\t<meta property=\"og:image:width\" content=\"500\" \/>\n\t<meta property=\"og:image:height\" content=\"500\" \/>\n\t<meta property=\"og:image:type\" content=\"image\/png\" \/>\n<meta name=\"twitter:card\" content=\"summary_large_image\" \/>\n<script type=\"application\/ld+json\" class=\"yoast-schema-graph\">{\"@context\":\"https:\/\/schema.org\",\"@graph\":[{\"@type\":\"WebPage\",\"@id\":\"https:\/\/ch.integra-metering.com\/fr\/product\/aquaradio-mobile-receiver\/\",\"url\":\"https:\/\/ch.integra-metering.com\/fr\/product\/aquaradio-mobile-receiver\/\",\"name\":\"aquaradio\u00ae Mobile Receiver | INTEGRA Metering AG\",\"isPartOf\":{\"@id\":\"https:\/\/ch.integra-metering.com\/#website\"},\"primaryImageOfPage\":{\"@id\":\"https:\/\/ch.integra-metering.com\/fr\/product\/aquaradio-mobile-receiver\/#primaryimage\"},\"image\":{\"@id\":\"https:\/\/ch.integra-metering.com\/fr\/product\/aquaradio-mobile-receiver\/#primaryimage\"},\"thumbnailUrl\":\"https:\/\/ch.integra-metering.com\/wp-content\/uploads\/sites\/4\/2024\/02\/aquaradio-Mobile-Receiver.png\",\"datePublished\":\"2019-12-14T16:14:00+00:00\",\"dateModified\":\"2024-04-16T12:29:02+00:00\",\"breadcrumb\":{\"@id\":\"https:\/\/ch.integra-metering.com\/fr\/product\/aquaradio-mobile-receiver\/#breadcrumb\"},\"inLanguage\":\"fr-FR\",\"potentialAction\":[{\"@type\":\"ReadAction\",\"target\":[\"https:\/\/ch.integra-metering.com\/fr\/product\/aquaradio-mobile-receiver\/\"]}]},{\"@type\":\"ImageObject\",\"inLanguage\":\"fr-FR\",\"@id\":\"https:\/\/ch.integra-metering.com\/fr\/product\/aquaradio-mobile-receiver\/#primaryimage\",\"url\":\"https:\/\/ch.integra-metering.com\/wp-content\/uploads\/sites\/4\/2024\/02\/aquaradio-Mobile-Receiver.png\",\"contentUrl\":\"https:\/\/ch.integra-metering.com\/wp-content\/uploads\/sites\/4\/2024\/02\/aquaradio-Mobile-Receiver.png\",\"width\":500,\"height\":500},{\"@type\":\"BreadcrumbList\",\"@id\":\"https:\/\/ch.integra-metering.com\/fr\/product\/aquaradio-mobile-receiver\/#breadcrumb\",\"itemListElement\":[{\"@type\":\"ListItem\",\"position\":1,\"name\":\"Home\",\"item\":\"https:\/\/ch.integra-metering.com\/fr\/\"},{\"@type\":\"ListItem\",\"position\":2,\"name\":\"Products\",\"item\":\"https:\/\/ch.integra-metering.com\/fr\/catalogue\/\"},{\"@type\":\"ListItem\",\"position\":3,\"name\":\"aquaradio\u00ae Mobile Receiver\"}]},{\"@type\":\"WebSite\",\"@id\":\"https:\/\/ch.integra-metering.com\/#website\",\"url\":\"https:\/\/ch.integra-metering.com\/\",\"name\":\"INTEGRA Metering AG\",\"description\":\"Herzlich willkommen auf der neuen Aquametro Homepage | Bienvenue sur le site Aquametro Suisse\",\"publisher\":{\"@id\":\"https:\/\/ch.integra-metering.com\/#organization\"},\"potentialAction\":[{\"@type\":\"SearchAction\",\"target\":{\"@type\":\"EntryPoint\",\"urlTemplate\":\"https:\/\/ch.integra-metering.com\/?s={search_term_string}\"},\"query-input\":{\"@type\":\"PropertyValueSpecification\",\"valueRequired\":true,\"valueName\":\"search_term_string\"}}],\"inLanguage\":\"fr-FR\"},{\"@type\":\"Organization\",\"@id\":\"https:\/\/ch.integra-metering.com\/#organization\",\"name\":\"INTEGRA Metering AG\",\"url\":\"https:\/\/ch.integra-metering.com\/\",\"logo\":{\"@type\":\"ImageObject\",\"inLanguage\":\"fr-FR\",\"@id\":\"https:\/\/ch.integra-metering.com\/#\/schema\/logo\/image\/\",\"url\":\"https:\/\/ch.integra-metering.com\/wp-content\/uploads\/sites\/4\/2019\/11\/integra-logo-dark.svg\",\"contentUrl\":\"https:\/\/ch.integra-metering.com\/wp-content\/uploads\/sites\/4\/2019\/11\/integra-logo-dark.svg\",\"width\":1,\"height\":1,\"caption\":\"INTEGRA Metering AG\"},\"image\":{\"@id\":\"https:\/\/ch.integra-metering.com\/#\/schema\/logo\/image\/\"},\"sameAs\":[\"https:\/\/ch.linkedin.com\/company\/aquametro-ag\"]}]}<\/script>\n<!-- \/ Yoast SEO plugin. -->","yoast_head_json":{"title":"aquaradio\u00ae Mobile Receiver | INTEGRA Metering AG","robots":{"index":"index","follow":"follow","max-snippet":"max-snippet:-1","max-image-preview":"max-image-preview:large","max-video-preview":"max-video-preview:-1"},"canonical":"https:\/\/ch.integra-metering.com\/fr\/product\/aquaradio-mobile-receiver\/","og_locale":"fr_FR","og_type":"article","og_title":"aquaradio\u00ae Mobile Receiver | INTEGRA Metering AG","og_description":"Lecture radio mobile avec transfert de donn\u00e9es Bluetooth vers un ordinateur portable (Windows) ou un smartphone (Android)","og_url":"https:\/\/ch.integra-metering.com\/fr\/product\/aquaradio-mobile-receiver\/","og_site_name":"INTEGRA Metering AG","article_modified_time":"2024-04-16T12:29:02+00:00","og_image":[{"width":500,"height":500,"url":"https:\/\/ch.integra-metering.com\/wp-content\/uploads\/sites\/4\/2024\/02\/aquaradio-Mobile-Receiver.png","type":"image\/png"}],"twitter_card":"summary_large_image","schema":{"@context":"https:\/\/schema.org","@graph":[{"@type":"WebPage","@id":"https:\/\/ch.integra-metering.com\/fr\/product\/aquaradio-mobile-receiver\/","url":"https:\/\/ch.integra-metering.com\/fr\/product\/aquaradio-mobile-receiver\/","name":"aquaradio\u00ae Mobile Receiver | INTEGRA Metering AG","isPartOf":{"@id":"https:\/\/ch.integra-metering.com\/#website"},"primaryImageOfPage":{"@id":"https:\/\/ch.integra-metering.com\/fr\/product\/aquaradio-mobile-receiver\/#primaryimage"},"image":{"@id":"https:\/\/ch.integra-metering.com\/fr\/product\/aquaradio-mobile-receiver\/#primaryimage"},"thumbnailUrl":"https:\/\/ch.integra-metering.com\/wp-content\/uploads\/sites\/4\/2024\/02\/aquaradio-Mobile-Receiver.png","datePublished":"2019-12-14T16:14:00+00:00","dateModified":"2024-04-16T12:29:02+00:00","breadcrumb":{"@id":"https:\/\/ch.integra-metering.com\/fr\/product\/aquaradio-mobile-receiver\/#breadcrumb"},"inLanguage":"fr-FR","potentialAction":[{"@type":"ReadAction","target":["https:\/\/ch.integra-metering.com\/fr\/product\/aquaradio-mobile-receiver\/"]}]},{"@type":"ImageObject","inLanguage":"fr-FR","@id":"https:\/\/ch.integra-metering.com\/fr\/product\/aquaradio-mobile-receiver\/#primaryimage","url":"https:\/\/ch.integra-metering.com\/wp-content\/uploads\/sites\/4\/2024\/02\/aquaradio-Mobile-Receiver.png","contentUrl":"https:\/\/ch.integra-metering.com\/wp-content\/uploads\/sites\/4\/2024\/02\/aquaradio-Mobile-Receiver.png","width":500,"height":500},{"@type":"BreadcrumbList","@id":"https:\/\/ch.integra-metering.com\/fr\/product\/aquaradio-mobile-receiver\/#breadcrumb","itemListElement":[{"@type":"ListItem","position":1,"name":"Home","item":"https:\/\/ch.integra-metering.com\/fr\/"},{"@type":"ListItem","position":2,"name":"Products","item":"https:\/\/ch.integra-metering.com\/fr\/catalogue\/"},{"@type":"ListItem","position":3,"name":"aquaradio\u00ae Mobile Receiver"}]},{"@type":"WebSite","@id":"https:\/\/ch.integra-metering.com\/#website","url":"https:\/\/ch.integra-metering.com\/","name":"INTEGRA Metering AG","description":"Herzlich willkommen auf der neuen Aquametro Homepage | Bienvenue sur le site Aquametro Suisse","publisher":{"@id":"https:\/\/ch.integra-metering.com\/#organization"},"potentialAction":[{"@type":"SearchAction","target":{"@type":"EntryPoint","urlTemplate":"https:\/\/ch.integra-metering.com\/?s={search_term_string}"},"query-input":{"@type":"PropertyValueSpecification","valueRequired":true,"valueName":"search_term_string"}}],"inLanguage":"fr-FR"},{"@type":"Organization","@id":"https:\/\/ch.integra-metering.com\/#organization","name":"INTEGRA Metering AG","url":"https:\/\/ch.integra-metering.com\/","logo":{"@type":"ImageObject","inLanguage":"fr-FR","@id":"https:\/\/ch.integra-metering.com\/#\/schema\/logo\/image\/","url":"https:\/\/ch.integra-metering.com\/wp-content\/uploads\/sites\/4\/2019\/11\/integra-logo-dark.svg","contentUrl":"https:\/\/ch.integra-metering.com\/wp-content\/uploads\/sites\/4\/2019\/11\/integra-logo-dark.svg","width":1,"height":1,"caption":"INTEGRA Metering AG"},"image":{"@id":"https:\/\/ch.integra-metering.com\/#\/schema\/logo\/image\/"},"sameAs":["https:\/\/ch.linkedin.com\/company\/aquametro-ag"]}]}},"_links":{"self":[{"href":"https:\/\/ch.integra-metering.com\/fr\/wp-json\/wp\/v2\/product\/7283","targetHints":{"allow":["GET"]}}],"collection":[{"href":"https:\/\/ch.integra-metering.com\/fr\/wp-json\/wp\/v2\/product"}],"about":[{"href":"https:\/\/ch.integra-metering.com\/fr\/wp-json\/wp\/v2\/types\/product"}],"replies":[{"embeddable":true,"href":"https:\/\/ch.integra-metering.com\/fr\/wp-json\/wp\/v2\/comments?post=7283"}],"wp:featuredmedia":[{"embeddable":true,"href":"https:\/\/ch.integra-metering.com\/fr\/wp-json\/wp\/v2\/media\/7282"}],"wp:attachment":[{"href":"https:\/\/ch.integra-metering.com\/fr\/wp-json\/wp\/v2\/media?parent=7283"}],"wp:term":[{"taxonomy":"product-applications","embeddable":true,"href":"https:\/\/ch.integra-metering.com\/fr\/wp-json\/wp\/v2\/product-applications?post=7283"},{"taxonomy":"product-medium","embeddable":true,"href":"https:\/\/ch.integra-metering.com\/fr\/wp-json\/wp\/v2\/product-medium?post=7283"},{"taxonomy":"product-process","embeddable":true,"href":"https:\/\/ch.integra-metering.com\/fr\/wp-json\/wp\/v2\/product-process?post=7283"}],"curies":[{"name":"wp","href":"https:\/\/api.w.org\/{rel}","templated":true}]}}