{"id":7907,"date":"2025-05-14T10:23:20","date_gmt":"2025-05-14T10:23:20","guid":{"rendered":"https:\/\/ch.integra-metering.com\/?post_type=product&#038;p=7907"},"modified":"2025-06-04T05:37:07","modified_gmt":"2025-06-04T05:37:07","slug":"im-connect","status":"publish","type":"product","link":"https:\/\/ch.integra-metering.com\/fr\/product\/im-connect\/","title":{"rendered":"IM Connect+\u00ae"},"content":{"rendered":"\n<!-- Block container# -->\n<div\n    id=\"air-tabsblock_d125c937194b6be6e764981092e60f3d\"\n    class=\"air-tabs tabs\"\n>\n\n<div class=\"tab-controls__container\"  airTargetDropdown>\n    <!-- Tabs controls# -->\n        <div class=\"tab-controls\"  airTargetDropdown>\n                                    <button class=\"tab-button js-tab-button--active theme-version-black\"  airTargetDropdown>\n                Caract\u00e9ristiques &amp; Avantages clients            <\/button>\n                                    <button class=\"tab-button  theme-version-black\"  airTargetDropdown>\n                Donn\u00e9es techniques            <\/button>\n                    <\/div>\n    <!-- #Tabs controls# -->\n<\/div>\n\n    <!-- #Tab content -->\n                <div class=\"tab-content active theme-version-black\">\n                <p>IM Connect+\u00ae est un outil logiciel puissant et convivial d\u00e9velopp\u00e9 par INTEGRA Metering d\u00e9di\u00e9 \u00e0 la mise en service, l&rsquo;installation et la configuration de dispositifs intelligents ou de compteurs intelligents directement sur site.<\/p>\n<p>&nbsp;<\/p>\n<p>Produits compatibles :<br \/>\n\u2022\u00a0 modules aquastream\u00ae<br \/>\n\u2022\u00a0 aquaradio\u00ae MultiCom<br \/>\n\u2022\u00a0 CALEC\u00ae ST III Standard \/ Smart \/ Advanced<\/p>\n<p>&nbsp;<\/p>\n<p>Gamme compl\u00e8te de possibilit\u00e9s pour la configuration de vos appareils :<br \/>\n\u2022\u00a0 \u00a0Activation\/d\u00e9sactivation des modules radio<br \/>\n\u2022\u00a0 \u00a0Modification des param\u00e8tres M-Bus, Wireless M-Bus &amp; LoRaWAN<br \/>\n\u2022\u00a0 \u00a0Modification des param\u00e8tres (poids d&rsquo;impulsion, num\u00e9ros de s\u00e9rie)<br \/>\n\u2022\u00a0 \u00a0Lecture des \u00e9v\u00e9nements pour des inspections d\u00e9taill\u00e9es sur site<br \/>\n\u2022\u00a0 \u00a0Acc\u00e8s aux informations de l&rsquo;enregistreur de donn\u00e9es pour une analyse plus approfondie<br \/>\n\u2022\u00a0 \u00a0Configuration de la d\u00e9tection des alarmes (param\u00e8tres de seuil, dur\u00e9e, etc.)<br \/>\n\u2022\u00a0 \u00a0Exportation des donn\u00e9es pour d&rsquo;autres op\u00e9rations<\/p>\n<p>&nbsp;<\/p>\n<p><img loading=\"lazy\" decoding=\"async\" class=\"alignnone wp-image-4907 size-full\" src=\"https:\/\/de.integra-metering.com\/wp-content\/uploads\/sites\/5\/2025\/04\/IM-Connect-qr-code.png\" alt=\"\" width=\"190\" height=\"190\" \/><\/p>\n<p>&nbsp;<\/p>\n<p>Scannez le QR code pour t\u00e9l\u00e9charger sur Google PlayStore, ou utilisez ce <span style=\"text-decoration: underline;\"><strong><a href=\"https:\/\/play.google.com\/store\/apps\/details?id=com.integrametering.imconnectplus\">lien.<\/a><\/strong><\/span><\/p>\n            <\/div>\n    <!-- #Tab content -->\n                <div class=\"tab-content  theme-version-black\">\n                <p>\u2022\u00a0 \u00a0Compatible avec : modules aquastream\u00ae, aquaradio\u00ae MultiCom, CALEC\u00ae ST III Standard \/ Smart \/ Advanced<br \/>\n\u2022\u00a0 \u00a0Lecture NFC &amp; Bluetooth<br \/>\n\u2022\u00a0 \u00a0Param\u00e9trage<br \/>\n\u2022\u00a0 \u00a0Visualisation des \u00e9v\u00e9nements et anomalies<br \/>\n\u2022\u00a0 \u00a0Acc\u00e8s aux donn\u00e9es du module\/m\u00e8tre Datalogger<br \/>\n\u2022\u00a0 \u00a0Licence d&rsquo;activation avec diff\u00e9rents niveaux d&rsquo;acc\u00e8s<br \/>\n\u2022\u00a0 \u00a0Sauvegarde locale des donn\u00e9es de configuration<br \/>\n\u2022\u00a0 \u00a0Exportation locale ou par email dans diff\u00e9rents formats<br \/>\n\u2022\u00a0 \u00a0Diagnostic de l&rsquo;application<br \/>\n\u2022\u00a0 \u00a0Gestion des cl\u00e9s de cryptage (wM-Bus\/OMS)<br \/>\n\u2022\u00a0 \u00a0Fonctionne sur Android<br \/>\n\u2022\u00a0 \u00a0Compatible avec Android &gt; 9.0<br \/>\n\u2022\u00a0 \u00a0Disponible avec Google Play<\/p>\n            <\/div>\n    <!-- #Tab content -->\n    <\/div>\n<!-- #Block container -->\n","protected":false},"excerpt":{"rendered":"<p>Application Smart Phone pour les compteurs<\/p>\n","protected":false},"featured_media":8057,"parent":0,"comment_status":"closed","ping_status":"closed","template":"","product-applications":[189],"product-medium":[67,66,78],"product-process":[166],"class_list":["post-7907","product","type-product","status-publish","has-post-thumbnail","hentry","product-applications-appareils-de-communication","product-medium-eau","product-medium-energie-thermique","product-medium-systemes-et-logiciels","product-process-lecture-transmission"],"acf":[],"yoast_head":"<!-- This site is optimized with the Yoast SEO plugin v24.5 - https:\/\/yoast.com\/wordpress\/plugins\/seo\/ -->\n<title>IM Connect+\u00ae | INTEGRA Metering AG<\/title>\n<meta name=\"robots\" content=\"index, follow, max-snippet:-1, max-image-preview:large, max-video-preview:-1\" \/>\n<link rel=\"canonical\" href=\"https:\/\/ch.integra-metering.com\/fr\/product\/im-connect\/\" \/>\n<meta property=\"og:locale\" content=\"fr_FR\" \/>\n<meta property=\"og:type\" content=\"article\" \/>\n<meta property=\"og:title\" content=\"IM Connect+\u00ae | INTEGRA Metering AG\" \/>\n<meta property=\"og:description\" content=\"Application Smart Phone pour les compteurs\" \/>\n<meta property=\"og:url\" content=\"https:\/\/ch.integra-metering.com\/fr\/product\/im-connect\/\" \/>\n<meta property=\"og:site_name\" content=\"INTEGRA Metering AG\" \/>\n<meta property=\"article:modified_time\" content=\"2025-06-04T05:37:07+00:00\" \/>\n<meta property=\"og:image\" content=\"https:\/\/ch.integra-metering.com\/wp-content\/uploads\/sites\/4\/2025\/04\/IM-Connect.png\" \/>\n\t<meta property=\"og:image:width\" content=\"500\" \/>\n\t<meta property=\"og:image:height\" content=\"500\" \/>\n\t<meta property=\"og:image:type\" content=\"image\/png\" \/>\n<meta name=\"twitter:card\" content=\"summary_large_image\" \/>\n<script type=\"application\/ld+json\" class=\"yoast-schema-graph\">{\"@context\":\"https:\/\/schema.org\",\"@graph\":[{\"@type\":\"WebPage\",\"@id\":\"https:\/\/ch.integra-metering.com\/fr\/product\/im-connect\/\",\"url\":\"https:\/\/ch.integra-metering.com\/fr\/product\/im-connect\/\",\"name\":\"IM Connect+\u00ae | INTEGRA Metering AG\",\"isPartOf\":{\"@id\":\"https:\/\/ch.integra-metering.com\/#website\"},\"primaryImageOfPage\":{\"@id\":\"https:\/\/ch.integra-metering.com\/fr\/product\/im-connect\/#primaryimage\"},\"image\":{\"@id\":\"https:\/\/ch.integra-metering.com\/fr\/product\/im-connect\/#primaryimage\"},\"thumbnailUrl\":\"https:\/\/ch.integra-metering.com\/wp-content\/uploads\/sites\/4\/2025\/04\/IM-Connect.png\",\"datePublished\":\"2025-05-14T10:23:20+00:00\",\"dateModified\":\"2025-06-04T05:37:07+00:00\",\"breadcrumb\":{\"@id\":\"https:\/\/ch.integra-metering.com\/fr\/product\/im-connect\/#breadcrumb\"},\"inLanguage\":\"fr-FR\",\"potentialAction\":[{\"@type\":\"ReadAction\",\"target\":[\"https:\/\/ch.integra-metering.com\/fr\/product\/im-connect\/\"]}]},{\"@type\":\"ImageObject\",\"inLanguage\":\"fr-FR\",\"@id\":\"https:\/\/ch.integra-metering.com\/fr\/product\/im-connect\/#primaryimage\",\"url\":\"https:\/\/ch.integra-metering.com\/wp-content\/uploads\/sites\/4\/2025\/04\/IM-Connect.png\",\"contentUrl\":\"https:\/\/ch.integra-metering.com\/wp-content\/uploads\/sites\/4\/2025\/04\/IM-Connect.png\",\"width\":500,\"height\":500},{\"@type\":\"BreadcrumbList\",\"@id\":\"https:\/\/ch.integra-metering.com\/fr\/product\/im-connect\/#breadcrumb\",\"itemListElement\":[{\"@type\":\"ListItem\",\"position\":1,\"name\":\"Home\",\"item\":\"https:\/\/ch.integra-metering.com\/fr\/\"},{\"@type\":\"ListItem\",\"position\":2,\"name\":\"Products\",\"item\":\"https:\/\/ch.integra-metering.com\/fr\/catalogue\/\"},{\"@type\":\"ListItem\",\"position\":3,\"name\":\"IM Connect+\u00ae\"}]},{\"@type\":\"WebSite\",\"@id\":\"https:\/\/ch.integra-metering.com\/#website\",\"url\":\"https:\/\/ch.integra-metering.com\/\",\"name\":\"INTEGRA Metering AG\",\"description\":\"Herzlich willkommen auf der neuen Aquametro Homepage | Bienvenue sur le site Aquametro Suisse\",\"publisher\":{\"@id\":\"https:\/\/ch.integra-metering.com\/#organization\"},\"potentialAction\":[{\"@type\":\"SearchAction\",\"target\":{\"@type\":\"EntryPoint\",\"urlTemplate\":\"https:\/\/ch.integra-metering.com\/?s={search_term_string}\"},\"query-input\":{\"@type\":\"PropertyValueSpecification\",\"valueRequired\":true,\"valueName\":\"search_term_string\"}}],\"inLanguage\":\"fr-FR\"},{\"@type\":\"Organization\",\"@id\":\"https:\/\/ch.integra-metering.com\/#organization\",\"name\":\"INTEGRA Metering AG\",\"url\":\"https:\/\/ch.integra-metering.com\/\",\"logo\":{\"@type\":\"ImageObject\",\"inLanguage\":\"fr-FR\",\"@id\":\"https:\/\/ch.integra-metering.com\/#\/schema\/logo\/image\/\",\"url\":\"https:\/\/ch.integra-metering.com\/wp-content\/uploads\/sites\/4\/2019\/11\/integra-logo-dark.svg\",\"contentUrl\":\"https:\/\/ch.integra-metering.com\/wp-content\/uploads\/sites\/4\/2019\/11\/integra-logo-dark.svg\",\"width\":1,\"height\":1,\"caption\":\"INTEGRA Metering AG\"},\"image\":{\"@id\":\"https:\/\/ch.integra-metering.com\/#\/schema\/logo\/image\/\"},\"sameAs\":[\"https:\/\/ch.linkedin.com\/company\/aquametro-ag\"]}]}<\/script>\n<!-- \/ Yoast SEO plugin. -->","yoast_head_json":{"title":"IM Connect+\u00ae | INTEGRA Metering AG","robots":{"index":"index","follow":"follow","max-snippet":"max-snippet:-1","max-image-preview":"max-image-preview:large","max-video-preview":"max-video-preview:-1"},"canonical":"https:\/\/ch.integra-metering.com\/fr\/product\/im-connect\/","og_locale":"fr_FR","og_type":"article","og_title":"IM Connect+\u00ae | INTEGRA Metering AG","og_description":"Application Smart Phone pour les compteurs","og_url":"https:\/\/ch.integra-metering.com\/fr\/product\/im-connect\/","og_site_name":"INTEGRA Metering AG","article_modified_time":"2025-06-04T05:37:07+00:00","og_image":[{"width":500,"height":500,"url":"https:\/\/ch.integra-metering.com\/wp-content\/uploads\/sites\/4\/2025\/04\/IM-Connect.png","type":"image\/png"}],"twitter_card":"summary_large_image","schema":{"@context":"https:\/\/schema.org","@graph":[{"@type":"WebPage","@id":"https:\/\/ch.integra-metering.com\/fr\/product\/im-connect\/","url":"https:\/\/ch.integra-metering.com\/fr\/product\/im-connect\/","name":"IM Connect+\u00ae | INTEGRA Metering AG","isPartOf":{"@id":"https:\/\/ch.integra-metering.com\/#website"},"primaryImageOfPage":{"@id":"https:\/\/ch.integra-metering.com\/fr\/product\/im-connect\/#primaryimage"},"image":{"@id":"https:\/\/ch.integra-metering.com\/fr\/product\/im-connect\/#primaryimage"},"thumbnailUrl":"https:\/\/ch.integra-metering.com\/wp-content\/uploads\/sites\/4\/2025\/04\/IM-Connect.png","datePublished":"2025-05-14T10:23:20+00:00","dateModified":"2025-06-04T05:37:07+00:00","breadcrumb":{"@id":"https:\/\/ch.integra-metering.com\/fr\/product\/im-connect\/#breadcrumb"},"inLanguage":"fr-FR","potentialAction":[{"@type":"ReadAction","target":["https:\/\/ch.integra-metering.com\/fr\/product\/im-connect\/"]}]},{"@type":"ImageObject","inLanguage":"fr-FR","@id":"https:\/\/ch.integra-metering.com\/fr\/product\/im-connect\/#primaryimage","url":"https:\/\/ch.integra-metering.com\/wp-content\/uploads\/sites\/4\/2025\/04\/IM-Connect.png","contentUrl":"https:\/\/ch.integra-metering.com\/wp-content\/uploads\/sites\/4\/2025\/04\/IM-Connect.png","width":500,"height":500},{"@type":"BreadcrumbList","@id":"https:\/\/ch.integra-metering.com\/fr\/product\/im-connect\/#breadcrumb","itemListElement":[{"@type":"ListItem","position":1,"name":"Home","item":"https:\/\/ch.integra-metering.com\/fr\/"},{"@type":"ListItem","position":2,"name":"Products","item":"https:\/\/ch.integra-metering.com\/fr\/catalogue\/"},{"@type":"ListItem","position":3,"name":"IM Connect+\u00ae"}]},{"@type":"WebSite","@id":"https:\/\/ch.integra-metering.com\/#website","url":"https:\/\/ch.integra-metering.com\/","name":"INTEGRA Metering AG","description":"Herzlich willkommen auf der neuen Aquametro Homepage | Bienvenue sur le site Aquametro Suisse","publisher":{"@id":"https:\/\/ch.integra-metering.com\/#organization"},"potentialAction":[{"@type":"SearchAction","target":{"@type":"EntryPoint","urlTemplate":"https:\/\/ch.integra-metering.com\/?s={search_term_string}"},"query-input":{"@type":"PropertyValueSpecification","valueRequired":true,"valueName":"search_term_string"}}],"inLanguage":"fr-FR"},{"@type":"Organization","@id":"https:\/\/ch.integra-metering.com\/#organization","name":"INTEGRA Metering AG","url":"https:\/\/ch.integra-metering.com\/","logo":{"@type":"ImageObject","inLanguage":"fr-FR","@id":"https:\/\/ch.integra-metering.com\/#\/schema\/logo\/image\/","url":"https:\/\/ch.integra-metering.com\/wp-content\/uploads\/sites\/4\/2019\/11\/integra-logo-dark.svg","contentUrl":"https:\/\/ch.integra-metering.com\/wp-content\/uploads\/sites\/4\/2019\/11\/integra-logo-dark.svg","width":1,"height":1,"caption":"INTEGRA Metering AG"},"image":{"@id":"https:\/\/ch.integra-metering.com\/#\/schema\/logo\/image\/"},"sameAs":["https:\/\/ch.linkedin.com\/company\/aquametro-ag"]}]}},"_links":{"self":[{"href":"https:\/\/ch.integra-metering.com\/fr\/wp-json\/wp\/v2\/product\/7907","targetHints":{"allow":["GET"]}}],"collection":[{"href":"https:\/\/ch.integra-metering.com\/fr\/wp-json\/wp\/v2\/product"}],"about":[{"href":"https:\/\/ch.integra-metering.com\/fr\/wp-json\/wp\/v2\/types\/product"}],"replies":[{"embeddable":true,"href":"https:\/\/ch.integra-metering.com\/fr\/wp-json\/wp\/v2\/comments?post=7907"}],"wp:featuredmedia":[{"embeddable":true,"href":"https:\/\/ch.integra-metering.com\/fr\/wp-json\/wp\/v2\/media\/8057"}],"wp:attachment":[{"href":"https:\/\/ch.integra-metering.com\/fr\/wp-json\/wp\/v2\/media?parent=7907"}],"wp:term":[{"taxonomy":"product-applications","embeddable":true,"href":"https:\/\/ch.integra-metering.com\/fr\/wp-json\/wp\/v2\/product-applications?post=7907"},{"taxonomy":"product-medium","embeddable":true,"href":"https:\/\/ch.integra-metering.com\/fr\/wp-json\/wp\/v2\/product-medium?post=7907"},{"taxonomy":"product-process","embeddable":true,"href":"https:\/\/ch.integra-metering.com\/fr\/wp-json\/wp\/v2\/product-process?post=7907"}],"curies":[{"name":"wp","href":"https:\/\/api.w.org\/{rel}","templated":true}]}}