{"id":8094,"date":"2020-03-07T13:37:00","date_gmt":"2020-03-07T13:37:00","guid":{"rendered":"https:\/\/ch.integra-metering.com\/?post_type=product&#038;p=8094"},"modified":"2026-02-26T10:51:38","modified_gmt":"2026-02-26T10:51:38","slug":"mth-130","status":"publish","type":"product","link":"https:\/\/ch.integra-metering.com\/fr\/product\/mth-130\/","title":{"rendered":"MTH\u00ae 130"},"content":{"rendered":"\n<!-- Block container# -->\n<div\n    id=\"air-tabsblock_b39b1d254e207da3feed17a7b91c6ad9\"\n    class=\"air-tabs tabs\"\n>\n\n<div class=\"tab-controls__container\"  airTargetDropdown>\n    <!-- Tabs controls# -->\n        <div class=\"tab-controls\"  airTargetDropdown>\n                                    <button class=\"tab-button js-tab-button--active theme-version-black\"  airTargetDropdown>\n                Caract\u00e9ristiques &amp; Avantages clients            <\/button>\n                                    <button class=\"tab-button  theme-version-black\"  airTargetDropdown>\n                Donn\u00e9es techniques            <\/button>\n                    <\/div>\n    <!-- #Tabs controls# -->\n<\/div>\n\n    <!-- #Tab content -->\n                <div class=\"tab-content active theme-version-black\">\n                <p>\u2022\u00a0 \u00a0D\u00e9bitm\u00e8tre pour une gestion efficace de l&rsquo;\u00e9nergie<br \/>\n\u2022\u00a0 \u00a0MTH\u00ae-HWK (Horizontal)<br \/>\n\u2022\u00a0 \u00a0MTH\u00ae-SWK (Vertical montant)<br \/>\n\u2022\u00a0 \u00a0MTH\u00ae-FWK (Vertical descendant)<br \/>\n\u2022\u00a0 \u00a0Compteurs \u00e0 rotors secs \u00e0 jets multiples de mesure de volume pour une mesure exacte du d\u00e9bit<br \/>\n\u2022\u00a0 \u00a0Gr\u00e2ce \u00e0 leur grande pr\u00e9cision et \u00e0 leur fiabilit\u00e9, ils constituent un \u00e9l\u00e9ment important de la domotique moderne<\/p>\n            <\/div>\n    <!-- #Tab content -->\n                <div class=\"tab-content  theme-version-black\">\n                <p>\u2022\u00a0 \u00a0Compatible pour l\u2019int\u00e9gration dans les divers syst\u00e8mes de lecture \u00e0 distance<br \/>\n\u2022\u00a0 \u00a0Plage de temp\u00e9rature jusqu\u2019\u00e0 130\u00b0C<br \/>\n\u2022\u00a0 \u00a0D\u00e9bit nominal Qp 1,5 \u00e0 Qp 10<br \/>\n\u2022\u00a0 \u00a0Diam\u00e8tre nominal DN 15 \u00e0 DN 40<br \/>\n\u2022\u00a0 \u00a0Longueurs totales de 105 mm \u00e0 300 mm<br \/>\n\u2022\u00a0 \u00a0Valeur d\u2019impulsion 10 litres<br \/>\n\u2022\u00a0 \u00a0Approbation MID de la plage de mesure (classe de pr\u00e9cision 2)<br \/>\n\u2022\u00a0 \u00a0Longueur de c\u00e2ble 2m<br \/>\n\u2022\u00a0 \u00a0Protection contre les manipulations gr\u00e2ce \u00e0 un couvercle m\u00e9tallique<br \/>\n\u2022\u00a0 \u00a0Indice de protection IP65<br \/>\n\u2022\u00a0 \u00a0Tension continue de commutation 28 V max<br \/>\n\u2022\u00a0 \u00a0Courant de commutation 100 mA<br \/>\n\u2022\u00a0 \u00a0Temps de commutation 0,6 ms<br \/>\n\u2022\u00a0 \u00a0Courant 100 mA max<br \/>\n\u2022\u00a0 \u00a0R\u00e9sistance de contact 105 mOhm<br \/>\n\u2022\u00a0 \u00a0Capacit\u00e9 0,2 pF<\/p>\n            <\/div>\n    <!-- #Tab content -->\n    <\/div>\n<!-- #Block container -->\n\n\n\n<p><\/p>\n","protected":false},"excerpt":{"rendered":"<p>D\u00e9bitm\u00e8tre \u00e0 h\u00e9lice \u00e0 jets multiples avec capteur Reed<\/p>\n","protected":false},"featured_media":8093,"parent":0,"comment_status":"open","ping_status":"closed","template":"","product-applications":[257,255],"product-medium":[66],"product-process":[115],"class_list":["post-8094","product","type-product","status-publish","has-post-thumbnail","hentry","product-applications-chauffage-a-distance-et-local","product-applications-gestion-technique-centralisee","product-medium-energie-thermique","product-process-mesurer"],"acf":[],"yoast_head":"<!-- This site is optimized with the Yoast SEO plugin v24.5 - https:\/\/yoast.com\/wordpress\/plugins\/seo\/ -->\n<title>MTH\u00ae 130 | INTEGRA Metering AG<\/title>\n<meta name=\"robots\" content=\"index, follow, max-snippet:-1, max-image-preview:large, max-video-preview:-1\" \/>\n<link rel=\"canonical\" href=\"https:\/\/ch.integra-metering.com\/fr\/product\/mth-130\/\" \/>\n<meta property=\"og:locale\" content=\"fr_FR\" \/>\n<meta property=\"og:type\" content=\"article\" \/>\n<meta property=\"og:title\" content=\"MTH\u00ae 130 | INTEGRA Metering AG\" \/>\n<meta property=\"og:description\" content=\"D\u00e9bitm\u00e8tre \u00e0 h\u00e9lice \u00e0 jets multiples avec capteur Reed\" \/>\n<meta property=\"og:url\" content=\"https:\/\/ch.integra-metering.com\/fr\/product\/mth-130\/\" \/>\n<meta property=\"og:site_name\" content=\"INTEGRA Metering AG\" \/>\n<meta property=\"article:modified_time\" content=\"2026-02-26T10:51:38+00:00\" \/>\n<meta property=\"og:image\" content=\"https:\/\/ch.integra-metering.com\/wp-content\/uploads\/sites\/4\/2025\/06\/MTH\u00ae-130.png\" \/>\n\t<meta property=\"og:image:width\" content=\"1250\" \/>\n\t<meta property=\"og:image:height\" content=\"1250\" \/>\n\t<meta property=\"og:image:type\" content=\"image\/png\" \/>\n<meta name=\"twitter:card\" content=\"summary_large_image\" \/>\n<script type=\"application\/ld+json\" class=\"yoast-schema-graph\">{\"@context\":\"https:\/\/schema.org\",\"@graph\":[{\"@type\":\"WebPage\",\"@id\":\"https:\/\/ch.integra-metering.com\/fr\/product\/mth-130\/\",\"url\":\"https:\/\/ch.integra-metering.com\/fr\/product\/mth-130\/\",\"name\":\"MTH\u00ae 130 | INTEGRA Metering AG\",\"isPartOf\":{\"@id\":\"https:\/\/ch.integra-metering.com\/#website\"},\"primaryImageOfPage\":{\"@id\":\"https:\/\/ch.integra-metering.com\/fr\/product\/mth-130\/#primaryimage\"},\"image\":{\"@id\":\"https:\/\/ch.integra-metering.com\/fr\/product\/mth-130\/#primaryimage\"},\"thumbnailUrl\":\"https:\/\/ch.integra-metering.com\/wp-content\/uploads\/sites\/4\/2025\/06\/MTH\u00ae-130.png\",\"datePublished\":\"2020-03-07T13:37:00+00:00\",\"dateModified\":\"2026-02-26T10:51:38+00:00\",\"breadcrumb\":{\"@id\":\"https:\/\/ch.integra-metering.com\/fr\/product\/mth-130\/#breadcrumb\"},\"inLanguage\":\"fr-FR\",\"potentialAction\":[{\"@type\":\"ReadAction\",\"target\":[\"https:\/\/ch.integra-metering.com\/fr\/product\/mth-130\/\"]}]},{\"@type\":\"ImageObject\",\"inLanguage\":\"fr-FR\",\"@id\":\"https:\/\/ch.integra-metering.com\/fr\/product\/mth-130\/#primaryimage\",\"url\":\"https:\/\/ch.integra-metering.com\/wp-content\/uploads\/sites\/4\/2025\/06\/MTH\u00ae-130.png\",\"contentUrl\":\"https:\/\/ch.integra-metering.com\/wp-content\/uploads\/sites\/4\/2025\/06\/MTH\u00ae-130.png\",\"width\":1250,\"height\":1250},{\"@type\":\"BreadcrumbList\",\"@id\":\"https:\/\/ch.integra-metering.com\/fr\/product\/mth-130\/#breadcrumb\",\"itemListElement\":[{\"@type\":\"ListItem\",\"position\":1,\"name\":\"Home\",\"item\":\"https:\/\/ch.integra-metering.com\/fr\/\"},{\"@type\":\"ListItem\",\"position\":2,\"name\":\"Products\",\"item\":\"https:\/\/ch.integra-metering.com\/fr\/catalogue\/\"},{\"@type\":\"ListItem\",\"position\":3,\"name\":\"MTH\u00ae 130\"}]},{\"@type\":\"WebSite\",\"@id\":\"https:\/\/ch.integra-metering.com\/#website\",\"url\":\"https:\/\/ch.integra-metering.com\/\",\"name\":\"INTEGRA Metering AG\",\"description\":\"Herzlich willkommen auf der neuen Aquametro Homepage | Bienvenue sur le site Aquametro Suisse\",\"publisher\":{\"@id\":\"https:\/\/ch.integra-metering.com\/#organization\"},\"potentialAction\":[{\"@type\":\"SearchAction\",\"target\":{\"@type\":\"EntryPoint\",\"urlTemplate\":\"https:\/\/ch.integra-metering.com\/?s={search_term_string}\"},\"query-input\":{\"@type\":\"PropertyValueSpecification\",\"valueRequired\":true,\"valueName\":\"search_term_string\"}}],\"inLanguage\":\"fr-FR\"},{\"@type\":\"Organization\",\"@id\":\"https:\/\/ch.integra-metering.com\/#organization\",\"name\":\"INTEGRA Metering AG\",\"url\":\"https:\/\/ch.integra-metering.com\/\",\"logo\":{\"@type\":\"ImageObject\",\"inLanguage\":\"fr-FR\",\"@id\":\"https:\/\/ch.integra-metering.com\/#\/schema\/logo\/image\/\",\"url\":\"https:\/\/ch.integra-metering.com\/wp-content\/uploads\/sites\/4\/2019\/11\/integra-logo-dark.svg\",\"contentUrl\":\"https:\/\/ch.integra-metering.com\/wp-content\/uploads\/sites\/4\/2019\/11\/integra-logo-dark.svg\",\"width\":1,\"height\":1,\"caption\":\"INTEGRA Metering AG\"},\"image\":{\"@id\":\"https:\/\/ch.integra-metering.com\/#\/schema\/logo\/image\/\"},\"sameAs\":[\"https:\/\/ch.linkedin.com\/company\/aquametro-ag\"]}]}<\/script>\n<!-- \/ Yoast SEO plugin. -->","yoast_head_json":{"title":"MTH\u00ae 130 | INTEGRA Metering AG","robots":{"index":"index","follow":"follow","max-snippet":"max-snippet:-1","max-image-preview":"max-image-preview:large","max-video-preview":"max-video-preview:-1"},"canonical":"https:\/\/ch.integra-metering.com\/fr\/product\/mth-130\/","og_locale":"fr_FR","og_type":"article","og_title":"MTH\u00ae 130 | INTEGRA Metering AG","og_description":"D\u00e9bitm\u00e8tre \u00e0 h\u00e9lice \u00e0 jets multiples avec capteur Reed","og_url":"https:\/\/ch.integra-metering.com\/fr\/product\/mth-130\/","og_site_name":"INTEGRA Metering AG","article_modified_time":"2026-02-26T10:51:38+00:00","og_image":[{"width":1250,"height":1250,"url":"https:\/\/ch.integra-metering.com\/wp-content\/uploads\/sites\/4\/2025\/06\/MTH\u00ae-130.png","type":"image\/png"}],"twitter_card":"summary_large_image","schema":{"@context":"https:\/\/schema.org","@graph":[{"@type":"WebPage","@id":"https:\/\/ch.integra-metering.com\/fr\/product\/mth-130\/","url":"https:\/\/ch.integra-metering.com\/fr\/product\/mth-130\/","name":"MTH\u00ae 130 | INTEGRA Metering AG","isPartOf":{"@id":"https:\/\/ch.integra-metering.com\/#website"},"primaryImageOfPage":{"@id":"https:\/\/ch.integra-metering.com\/fr\/product\/mth-130\/#primaryimage"},"image":{"@id":"https:\/\/ch.integra-metering.com\/fr\/product\/mth-130\/#primaryimage"},"thumbnailUrl":"https:\/\/ch.integra-metering.com\/wp-content\/uploads\/sites\/4\/2025\/06\/MTH\u00ae-130.png","datePublished":"2020-03-07T13:37:00+00:00","dateModified":"2026-02-26T10:51:38+00:00","breadcrumb":{"@id":"https:\/\/ch.integra-metering.com\/fr\/product\/mth-130\/#breadcrumb"},"inLanguage":"fr-FR","potentialAction":[{"@type":"ReadAction","target":["https:\/\/ch.integra-metering.com\/fr\/product\/mth-130\/"]}]},{"@type":"ImageObject","inLanguage":"fr-FR","@id":"https:\/\/ch.integra-metering.com\/fr\/product\/mth-130\/#primaryimage","url":"https:\/\/ch.integra-metering.com\/wp-content\/uploads\/sites\/4\/2025\/06\/MTH\u00ae-130.png","contentUrl":"https:\/\/ch.integra-metering.com\/wp-content\/uploads\/sites\/4\/2025\/06\/MTH\u00ae-130.png","width":1250,"height":1250},{"@type":"BreadcrumbList","@id":"https:\/\/ch.integra-metering.com\/fr\/product\/mth-130\/#breadcrumb","itemListElement":[{"@type":"ListItem","position":1,"name":"Home","item":"https:\/\/ch.integra-metering.com\/fr\/"},{"@type":"ListItem","position":2,"name":"Products","item":"https:\/\/ch.integra-metering.com\/fr\/catalogue\/"},{"@type":"ListItem","position":3,"name":"MTH\u00ae 130"}]},{"@type":"WebSite","@id":"https:\/\/ch.integra-metering.com\/#website","url":"https:\/\/ch.integra-metering.com\/","name":"INTEGRA Metering AG","description":"Herzlich willkommen auf der neuen Aquametro Homepage | Bienvenue sur le site Aquametro Suisse","publisher":{"@id":"https:\/\/ch.integra-metering.com\/#organization"},"potentialAction":[{"@type":"SearchAction","target":{"@type":"EntryPoint","urlTemplate":"https:\/\/ch.integra-metering.com\/?s={search_term_string}"},"query-input":{"@type":"PropertyValueSpecification","valueRequired":true,"valueName":"search_term_string"}}],"inLanguage":"fr-FR"},{"@type":"Organization","@id":"https:\/\/ch.integra-metering.com\/#organization","name":"INTEGRA Metering AG","url":"https:\/\/ch.integra-metering.com\/","logo":{"@type":"ImageObject","inLanguage":"fr-FR","@id":"https:\/\/ch.integra-metering.com\/#\/schema\/logo\/image\/","url":"https:\/\/ch.integra-metering.com\/wp-content\/uploads\/sites\/4\/2019\/11\/integra-logo-dark.svg","contentUrl":"https:\/\/ch.integra-metering.com\/wp-content\/uploads\/sites\/4\/2019\/11\/integra-logo-dark.svg","width":1,"height":1,"caption":"INTEGRA Metering AG"},"image":{"@id":"https:\/\/ch.integra-metering.com\/#\/schema\/logo\/image\/"},"sameAs":["https:\/\/ch.linkedin.com\/company\/aquametro-ag"]}]}},"_links":{"self":[{"href":"https:\/\/ch.integra-metering.com\/fr\/wp-json\/wp\/v2\/product\/8094","targetHints":{"allow":["GET"]}}],"collection":[{"href":"https:\/\/ch.integra-metering.com\/fr\/wp-json\/wp\/v2\/product"}],"about":[{"href":"https:\/\/ch.integra-metering.com\/fr\/wp-json\/wp\/v2\/types\/product"}],"replies":[{"embeddable":true,"href":"https:\/\/ch.integra-metering.com\/fr\/wp-json\/wp\/v2\/comments?post=8094"}],"wp:featuredmedia":[{"embeddable":true,"href":"https:\/\/ch.integra-metering.com\/fr\/wp-json\/wp\/v2\/media\/8093"}],"wp:attachment":[{"href":"https:\/\/ch.integra-metering.com\/fr\/wp-json\/wp\/v2\/media?parent=8094"}],"wp:term":[{"taxonomy":"product-applications","embeddable":true,"href":"https:\/\/ch.integra-metering.com\/fr\/wp-json\/wp\/v2\/product-applications?post=8094"},{"taxonomy":"product-medium","embeddable":true,"href":"https:\/\/ch.integra-metering.com\/fr\/wp-json\/wp\/v2\/product-medium?post=8094"},{"taxonomy":"product-process","embeddable":true,"href":"https:\/\/ch.integra-metering.com\/fr\/wp-json\/wp\/v2\/product-process?post=8094"}],"curies":[{"name":"wp","href":"https:\/\/api.w.org\/{rel}","templated":true}]}}