{"id":8114,"date":"2025-06-30T08:44:10","date_gmt":"2025-06-30T08:44:10","guid":{"rendered":"https:\/\/ch.integra-metering.com\/?post_type=product&#038;p=8114"},"modified":"2026-04-20T08:23:12","modified_gmt":"2026-04-20T08:23:12","slug":"amflo-sonic-dry-x-iii","status":"publish","type":"product","link":"https:\/\/ch.integra-metering.com\/fr\/product\/amflo-sonic-dry-x-iii\/","title":{"rendered":"AMFLO\u00ae SONIC Dry-X III"},"content":{"rendered":"\n<!-- Block container# -->\n<div\n    id=\"air-tabsblock_4555a9ac3d9a2c569f5aa15fd96f5f64\"\n    class=\"air-tabs tabs\"\n>\n\n<div class=\"tab-controls__container\"  airTargetDropdown>\n    <!-- Tabs controls# -->\n        <div class=\"tab-controls\"  airTargetDropdown>\n                                    <button class=\"tab-button js-tab-button--active theme-version-black\"  airTargetDropdown>\n                Caract\u00e9ristiques &amp; Avantages clients            <\/button>\n                                    <button class=\"tab-button  theme-version-black\"  airTargetDropdown>\n                Donn\u00e9es techniques            <\/button>\n                    <\/div>\n    <!-- #Tabs controls# -->\n<\/div>\n\n    <!-- #Tab content -->\n                <div class=\"tab-content active theme-version-black\">\n                <p>\u2022\u00a0 \u00a0D\u00e9bitm\u00e8tre \u00e0 ultrasons sans entretien<br \/>\n\u2022\u00a0 \u00a0Installation simple et mesure pr\u00e9cise par ultrasons<br \/>\n\u2022\u00a0 \u00a0R\u00e9\u00e9talonnage en cours de fonctionnement sans intervention sur le syst\u00e8me hydraulique<br \/>\n\u2022\u00a0 \u00a0Electronique de mesure avec bo\u00eetier en aluminium avec une bonne protection CEM<br \/>\n\u2022\u00a0 \u00a0\u00c9lectronique de mesure avec \u00e9cran indiquant le d\u00e9bit et la vitesse du fluide<br \/>\n\u2022\u00a0 \u00a0Contr\u00f4le d&rsquo;installation de l&rsquo;intensit\u00e9 et de la qualit\u00e9 du signal<br \/>\n\u2022\u00a0 \u00a0Pas de pi\u00e8ces mobiles<br \/>\n\u2022\u00a0 \u00a0Aucune distance d&rsquo;entr\u00e9e et de sortie n\u00e9cessaire<br \/>\n\u2022\u00a0 \u00a0Section de tube libre, pas de composants dans le fluide<br \/>\n\u2022\u00a0 \u00a0Mesure du d\u00e9bit ind\u00e9pendante du fluide<br \/>\n\u2022\u00a0 \u00a0Position de montage au choix<\/p>\n            <\/div>\n    <!-- #Tab content -->\n                <div class=\"tab-content  theme-version-black\">\n                <p>\u2022\u00a0 \u00a0Diam\u00e8tre nominal DN 32 \u2013 DN 250<br \/>\n\u2022\u00a0 \u00a0Pression nominal PN16\/25\/40<br \/>\n\u2022\u00a0 \u00a0Temp\u00e9rature (TFluid) : 0\u00b0C jusqu&rsquo;\u00e0 130\u00b0C<br \/>\n\u2022\u00a0 \u00a0Temp\u00e9rature ambiante (TAmb) : 5\u00b0C jusqu&rsquo;\u00e0 55\u00b0C<br \/>\n\u2022\u00a0 \u00a0Brides et tube de mesure en acier inoxydable AISI 316L (1.4404)<br \/>\n\u2022\u00a0 \u00a0Alimentation par calculateur CALEC\u00ae ST III Smart \/ Advanced<br \/>\n\u2022\u00a0 \u00a0Classe de protection t\u00eate de capteur IP 68, \u00e9lectronique de mesure IP 54<br \/>\n\u2022\u00a0 \u00a0Dynamique de mesure \u00e9lev\u00e9e jusqu&rsquo;\u00e0 1:250<br \/>\n\u2022\u00a0 \u00a0Classe 2 selon EN 1434<br \/>\n\u2022\u00a0 \u00a0Livr\u00e9 avec 10 m de c\u00e2ble coaxial<br \/>\n\u2022\u00a0 \u00a0Homologation selon MID\/2014\/32\/UE et PTB K\u00e4lte K 7.2<\/p>\n            <\/div>\n    <!-- #Tab content -->\n    <\/div>\n<!-- #Block container -->\n\n\n\n<div style=\"height:50px\" aria-hidden=\"true\" class=\"wp-block-spacer\"><\/div>\n\n\n\n<figure class=\"wp-block-embed is-type-video is-provider-youtube wp-block-embed-youtube wp-embed-aspect-16-9 wp-has-aspect-ratio\"><div class=\"wp-block-embed__wrapper\">\n<iframe loading=\"lazy\" title=\"AMFLO\u00ae SONIC Dry-X III | Vid\u00e9o de pr\u00e9sentation\" width=\"500\" height=\"281\" src=\"https:\/\/www.youtube.com\/embed\/cAf1mzpae74?feature=oembed\" frameborder=\"0\" allow=\"accelerometer; autoplay; clipboard-write; encrypted-media; gyroscope; picture-in-picture; web-share\" referrerpolicy=\"strict-origin-when-cross-origin\" allowfullscreen><\/iframe>\n<\/div><\/figure>\n","protected":false},"excerpt":{"rendered":"<p>D\u00e9bitm\u00e8tre \u00e0 ultrasons avec un concept innovatif de remplacement<\/p>\n","protected":false},"featured_media":8113,"parent":0,"comment_status":"open","ping_status":"closed","template":"","product-applications":[257,187,255],"product-medium":[66],"product-process":[115],"class_list":["post-8114","product","type-product","status-publish","has-post-thumbnail","hentry","product-applications-chauffage-a-distance-et-local","product-applications-debitmetres","product-applications-gestion-technique-centralisee","product-medium-energie-thermique","product-process-mesurer"],"acf":[],"yoast_head":"<!-- This site is optimized with the Yoast SEO plugin v24.5 - https:\/\/yoast.com\/wordpress\/plugins\/seo\/ -->\n<title>AMFLO\u00ae SONIC Dry-X III | INTEGRA Metering AG<\/title>\n<meta name=\"robots\" content=\"index, follow, max-snippet:-1, max-image-preview:large, max-video-preview:-1\" \/>\n<link rel=\"canonical\" href=\"https:\/\/ch.integra-metering.com\/fr\/product\/amflo-sonic-dry-x-iii\/\" \/>\n<meta property=\"og:locale\" content=\"fr_FR\" \/>\n<meta property=\"og:type\" content=\"article\" \/>\n<meta property=\"og:title\" content=\"AMFLO\u00ae SONIC Dry-X III | INTEGRA Metering AG\" \/>\n<meta property=\"og:description\" content=\"D\u00e9bitm\u00e8tre \u00e0 ultrasons avec un concept innovatif de remplacement\" \/>\n<meta property=\"og:url\" content=\"https:\/\/ch.integra-metering.com\/fr\/product\/amflo-sonic-dry-x-iii\/\" \/>\n<meta property=\"og:site_name\" content=\"INTEGRA Metering AG\" \/>\n<meta property=\"article:modified_time\" content=\"2026-04-20T08:23:12+00:00\" \/>\n<meta property=\"og:image\" content=\"https:\/\/ch.integra-metering.com\/wp-content\/uploads\/sites\/4\/2025\/06\/AMFLO-SONIC-Dry-X-III.png\" \/>\n\t<meta property=\"og:image:width\" content=\"500\" \/>\n\t<meta property=\"og:image:height\" content=\"500\" \/>\n\t<meta property=\"og:image:type\" content=\"image\/png\" \/>\n<meta name=\"twitter:card\" content=\"summary_large_image\" \/>\n<script type=\"application\/ld+json\" class=\"yoast-schema-graph\">{\"@context\":\"https:\/\/schema.org\",\"@graph\":[{\"@type\":\"WebPage\",\"@id\":\"https:\/\/ch.integra-metering.com\/fr\/product\/amflo-sonic-dry-x-iii\/\",\"url\":\"https:\/\/ch.integra-metering.com\/fr\/product\/amflo-sonic-dry-x-iii\/\",\"name\":\"AMFLO\u00ae SONIC Dry-X III | INTEGRA Metering AG\",\"isPartOf\":{\"@id\":\"https:\/\/ch.integra-metering.com\/#website\"},\"primaryImageOfPage\":{\"@id\":\"https:\/\/ch.integra-metering.com\/fr\/product\/amflo-sonic-dry-x-iii\/#primaryimage\"},\"image\":{\"@id\":\"https:\/\/ch.integra-metering.com\/fr\/product\/amflo-sonic-dry-x-iii\/#primaryimage\"},\"thumbnailUrl\":\"https:\/\/ch.integra-metering.com\/wp-content\/uploads\/sites\/4\/2025\/06\/AMFLO-SONIC-Dry-X-III.png\",\"datePublished\":\"2025-06-30T08:44:10+00:00\",\"dateModified\":\"2026-04-20T08:23:12+00:00\",\"breadcrumb\":{\"@id\":\"https:\/\/ch.integra-metering.com\/fr\/product\/amflo-sonic-dry-x-iii\/#breadcrumb\"},\"inLanguage\":\"fr-FR\",\"potentialAction\":[{\"@type\":\"ReadAction\",\"target\":[\"https:\/\/ch.integra-metering.com\/fr\/product\/amflo-sonic-dry-x-iii\/\"]}]},{\"@type\":\"ImageObject\",\"inLanguage\":\"fr-FR\",\"@id\":\"https:\/\/ch.integra-metering.com\/fr\/product\/amflo-sonic-dry-x-iii\/#primaryimage\",\"url\":\"https:\/\/ch.integra-metering.com\/wp-content\/uploads\/sites\/4\/2025\/06\/AMFLO-SONIC-Dry-X-III.png\",\"contentUrl\":\"https:\/\/ch.integra-metering.com\/wp-content\/uploads\/sites\/4\/2025\/06\/AMFLO-SONIC-Dry-X-III.png\",\"width\":500,\"height\":500},{\"@type\":\"BreadcrumbList\",\"@id\":\"https:\/\/ch.integra-metering.com\/fr\/product\/amflo-sonic-dry-x-iii\/#breadcrumb\",\"itemListElement\":[{\"@type\":\"ListItem\",\"position\":1,\"name\":\"Home\",\"item\":\"https:\/\/ch.integra-metering.com\/fr\/\"},{\"@type\":\"ListItem\",\"position\":2,\"name\":\"Products\",\"item\":\"https:\/\/ch.integra-metering.com\/fr\/catalogue\/\"},{\"@type\":\"ListItem\",\"position\":3,\"name\":\"AMFLO\u00ae SONIC Dry-X III\"}]},{\"@type\":\"WebSite\",\"@id\":\"https:\/\/ch.integra-metering.com\/#website\",\"url\":\"https:\/\/ch.integra-metering.com\/\",\"name\":\"INTEGRA Metering AG\",\"description\":\"Herzlich willkommen auf der neuen Aquametro Homepage | Bienvenue sur le site Aquametro Suisse\",\"publisher\":{\"@id\":\"https:\/\/ch.integra-metering.com\/#organization\"},\"potentialAction\":[{\"@type\":\"SearchAction\",\"target\":{\"@type\":\"EntryPoint\",\"urlTemplate\":\"https:\/\/ch.integra-metering.com\/?s={search_term_string}\"},\"query-input\":{\"@type\":\"PropertyValueSpecification\",\"valueRequired\":true,\"valueName\":\"search_term_string\"}}],\"inLanguage\":\"fr-FR\"},{\"@type\":\"Organization\",\"@id\":\"https:\/\/ch.integra-metering.com\/#organization\",\"name\":\"INTEGRA Metering AG\",\"url\":\"https:\/\/ch.integra-metering.com\/\",\"logo\":{\"@type\":\"ImageObject\",\"inLanguage\":\"fr-FR\",\"@id\":\"https:\/\/ch.integra-metering.com\/#\/schema\/logo\/image\/\",\"url\":\"https:\/\/ch.integra-metering.com\/wp-content\/uploads\/sites\/4\/2019\/11\/integra-logo-dark.svg\",\"contentUrl\":\"https:\/\/ch.integra-metering.com\/wp-content\/uploads\/sites\/4\/2019\/11\/integra-logo-dark.svg\",\"width\":1,\"height\":1,\"caption\":\"INTEGRA Metering AG\"},\"image\":{\"@id\":\"https:\/\/ch.integra-metering.com\/#\/schema\/logo\/image\/\"},\"sameAs\":[\"https:\/\/ch.linkedin.com\/company\/aquametro-ag\"]}]}<\/script>\n<!-- \/ Yoast SEO plugin. -->","yoast_head_json":{"title":"AMFLO\u00ae SONIC Dry-X III | INTEGRA Metering AG","robots":{"index":"index","follow":"follow","max-snippet":"max-snippet:-1","max-image-preview":"max-image-preview:large","max-video-preview":"max-video-preview:-1"},"canonical":"https:\/\/ch.integra-metering.com\/fr\/product\/amflo-sonic-dry-x-iii\/","og_locale":"fr_FR","og_type":"article","og_title":"AMFLO\u00ae SONIC Dry-X III | INTEGRA Metering AG","og_description":"D\u00e9bitm\u00e8tre \u00e0 ultrasons avec un concept innovatif de remplacement","og_url":"https:\/\/ch.integra-metering.com\/fr\/product\/amflo-sonic-dry-x-iii\/","og_site_name":"INTEGRA Metering AG","article_modified_time":"2026-04-20T08:23:12+00:00","og_image":[{"width":500,"height":500,"url":"https:\/\/ch.integra-metering.com\/wp-content\/uploads\/sites\/4\/2025\/06\/AMFLO-SONIC-Dry-X-III.png","type":"image\/png"}],"twitter_card":"summary_large_image","schema":{"@context":"https:\/\/schema.org","@graph":[{"@type":"WebPage","@id":"https:\/\/ch.integra-metering.com\/fr\/product\/amflo-sonic-dry-x-iii\/","url":"https:\/\/ch.integra-metering.com\/fr\/product\/amflo-sonic-dry-x-iii\/","name":"AMFLO\u00ae SONIC Dry-X III | INTEGRA Metering AG","isPartOf":{"@id":"https:\/\/ch.integra-metering.com\/#website"},"primaryImageOfPage":{"@id":"https:\/\/ch.integra-metering.com\/fr\/product\/amflo-sonic-dry-x-iii\/#primaryimage"},"image":{"@id":"https:\/\/ch.integra-metering.com\/fr\/product\/amflo-sonic-dry-x-iii\/#primaryimage"},"thumbnailUrl":"https:\/\/ch.integra-metering.com\/wp-content\/uploads\/sites\/4\/2025\/06\/AMFLO-SONIC-Dry-X-III.png","datePublished":"2025-06-30T08:44:10+00:00","dateModified":"2026-04-20T08:23:12+00:00","breadcrumb":{"@id":"https:\/\/ch.integra-metering.com\/fr\/product\/amflo-sonic-dry-x-iii\/#breadcrumb"},"inLanguage":"fr-FR","potentialAction":[{"@type":"ReadAction","target":["https:\/\/ch.integra-metering.com\/fr\/product\/amflo-sonic-dry-x-iii\/"]}]},{"@type":"ImageObject","inLanguage":"fr-FR","@id":"https:\/\/ch.integra-metering.com\/fr\/product\/amflo-sonic-dry-x-iii\/#primaryimage","url":"https:\/\/ch.integra-metering.com\/wp-content\/uploads\/sites\/4\/2025\/06\/AMFLO-SONIC-Dry-X-III.png","contentUrl":"https:\/\/ch.integra-metering.com\/wp-content\/uploads\/sites\/4\/2025\/06\/AMFLO-SONIC-Dry-X-III.png","width":500,"height":500},{"@type":"BreadcrumbList","@id":"https:\/\/ch.integra-metering.com\/fr\/product\/amflo-sonic-dry-x-iii\/#breadcrumb","itemListElement":[{"@type":"ListItem","position":1,"name":"Home","item":"https:\/\/ch.integra-metering.com\/fr\/"},{"@type":"ListItem","position":2,"name":"Products","item":"https:\/\/ch.integra-metering.com\/fr\/catalogue\/"},{"@type":"ListItem","position":3,"name":"AMFLO\u00ae SONIC Dry-X III"}]},{"@type":"WebSite","@id":"https:\/\/ch.integra-metering.com\/#website","url":"https:\/\/ch.integra-metering.com\/","name":"INTEGRA Metering AG","description":"Herzlich willkommen auf der neuen Aquametro Homepage | Bienvenue sur le site Aquametro Suisse","publisher":{"@id":"https:\/\/ch.integra-metering.com\/#organization"},"potentialAction":[{"@type":"SearchAction","target":{"@type":"EntryPoint","urlTemplate":"https:\/\/ch.integra-metering.com\/?s={search_term_string}"},"query-input":{"@type":"PropertyValueSpecification","valueRequired":true,"valueName":"search_term_string"}}],"inLanguage":"fr-FR"},{"@type":"Organization","@id":"https:\/\/ch.integra-metering.com\/#organization","name":"INTEGRA Metering AG","url":"https:\/\/ch.integra-metering.com\/","logo":{"@type":"ImageObject","inLanguage":"fr-FR","@id":"https:\/\/ch.integra-metering.com\/#\/schema\/logo\/image\/","url":"https:\/\/ch.integra-metering.com\/wp-content\/uploads\/sites\/4\/2019\/11\/integra-logo-dark.svg","contentUrl":"https:\/\/ch.integra-metering.com\/wp-content\/uploads\/sites\/4\/2019\/11\/integra-logo-dark.svg","width":1,"height":1,"caption":"INTEGRA Metering AG"},"image":{"@id":"https:\/\/ch.integra-metering.com\/#\/schema\/logo\/image\/"},"sameAs":["https:\/\/ch.linkedin.com\/company\/aquametro-ag"]}]}},"_links":{"self":[{"href":"https:\/\/ch.integra-metering.com\/fr\/wp-json\/wp\/v2\/product\/8114","targetHints":{"allow":["GET"]}}],"collection":[{"href":"https:\/\/ch.integra-metering.com\/fr\/wp-json\/wp\/v2\/product"}],"about":[{"href":"https:\/\/ch.integra-metering.com\/fr\/wp-json\/wp\/v2\/types\/product"}],"replies":[{"embeddable":true,"href":"https:\/\/ch.integra-metering.com\/fr\/wp-json\/wp\/v2\/comments?post=8114"}],"wp:featuredmedia":[{"embeddable":true,"href":"https:\/\/ch.integra-metering.com\/fr\/wp-json\/wp\/v2\/media\/8113"}],"wp:attachment":[{"href":"https:\/\/ch.integra-metering.com\/fr\/wp-json\/wp\/v2\/media?parent=8114"}],"wp:term":[{"taxonomy":"product-applications","embeddable":true,"href":"https:\/\/ch.integra-metering.com\/fr\/wp-json\/wp\/v2\/product-applications?post=8114"},{"taxonomy":"product-medium","embeddable":true,"href":"https:\/\/ch.integra-metering.com\/fr\/wp-json\/wp\/v2\/product-medium?post=8114"},{"taxonomy":"product-process","embeddable":true,"href":"https:\/\/ch.integra-metering.com\/fr\/wp-json\/wp\/v2\/product-process?post=8114"}],"curies":[{"name":"wp","href":"https:\/\/api.w.org\/{rel}","templated":true}]}}